{"id":9941,"date":"2024-09-11T08:34:36","date_gmt":"2024-09-11T06:34:36","guid":{"rendered":"https:\/\/greencoolschools.eu\/initiativen-2\/"},"modified":"2025-12-15T16:08:19","modified_gmt":"2025-12-15T15:08:19","slug":"initiativen-2","status":"publish","type":"page","link":"https:\/\/greencoolschools.eu\/hy\/initiativen-2\/","title":{"rendered":"Netzwerk"},"content":{"rendered":"\n<h1 class=\"wp-block-heading\">Werden Sie Teil des Green Cool School Netzwerks!<\/h1>\n\n<p>Green Cool Schools ist ein europ&auml;isches Netzwerk, das Schulen zusammenbringt, die ihre Lernumgebung gr&uuml;ner gestalten und Bildung f&uuml;r nachhaltige Entwicklung f&ouml;rdern.<br>Mit dieser Plattform unterst&uuml;tzen wir den Austausch und die Zusammenarbeit, zeigen inspirierende Beispiele aus Schulen und stellen Lehr- und Arbeitsmaterialien zur Verf&uuml;gung. <\/p>\n\n<p>Treten Sie unserem Netzwerk bei und lassen Sie sich inspirieren, Ihre Schule gemeinsam mit anderen in Europa gr&uuml;ner, cooler und klimaresilienter zu gestalten!<\/p>\n\n<h2 class=\"wp-block-heading\">Abonnieren Sie unseren Newsletter!<\/h2>\n\n<p>Das ist der einfachste Weg, um mit uns in Kontakt zu bleiben. Etwa <strong>viermal im Jahr<\/strong> informieren wir &uuml;ber aktuelle Entwicklungen, neue Lehrmaterialien und anstehende Webinare. <br><br>Der Newsletter erscheint in den <strong>Sprachversionen der am Projekt beteiligten L&auml;nder.<\/strong><br>Geben Sie einfach Ihren <strong>Namen, Ihre E-Mail-Adresse<\/strong> und die <strong>gew&uuml;nschte Sprachversion(en)<\/strong> an.<\/p>\n\n<div class=\"tb-button\" data-toolset-blocks-button=\"2901686c5ec379f6de5ba4d1823a3206\"><a class=\"tb-button__link\" href=\"https:\/\/greencoolschools.eu\/hy\/newsletter\/\"><i class=\"tb-button__icon\"><\/i><span class=\"tb-button__content\">Newsletter jetzt abonnieren<\/span><\/a><\/div>\n\n<h2 class=\"wp-block-heading\">Jetzt registrieren<\/h2>\n\n<p>Wenn Sie sich als Nutzer*in auf unserer Plattform registrieren, erhalten Sie erwiterte Rechte und Funktionen. <br>Sie ben&ouml;tigen Ihren pers&ouml;nlichen Account auch, um<strong> Ihre Schule im Green Cool Schools Netzwerk anzumelden<\/strong> (siehe unten).<br>Selbstverst&auml;ndlich erhalten registrierte Nutzer*innen automatisch auch den Newsletter.<\/p>\n\n<div class=\"tb-button\" data-toolset-blocks-button=\"e9877a421f1a787b9b83a3124ae8cc99\"><a class=\"tb-button__link\" href=\"https:\/\/greencoolschools.eu\/hy\/registrierung\/\"><i class=\"tb-button__icon\"><\/i><span class=\"tb-button__content\">Jetzt registrieren<\/span><\/a><\/div>\n\n<h2 class=\"wp-block-heading\">Werden Sie Mitglied im Green Cool Schools Netzwerk und bewerben Sie sich um den Green Cool Schools Award!<\/h2>\n\n<p>Wie der Name schon sagt, unterst&uuml;tzt <strong>Green Cool Schools<\/strong> Schulen dabei, sich zu gr&uuml;nen, coolen und nachhaltigen Lernorten weiterzuentwickeln. Wir laden Schulen in ganz Europa ein, Teil unseres Netzwerks zu werden.<\/p>\n\n<p>Um Mitglied zu werden, sollte Ihre Schule:<\/p>\n\n<ul class=\"wp-block-list\">\n<li>ihre Unterst&uuml;tzung zur <strong>Green Cool Schools-Idee<\/strong> erkl&auml;ren (<a href=\"https:\/\/greencoolschools.eu\/hy\/initiativen-2\/kriterien-fuer-gruene-coole-schulen\/\">siehe Kriterien<\/a>)<\/li>\n\n\n\n<li>eine g<strong>r&uuml;ne Initiative &ndash; oder zumindest eine Idee daf&uuml;r<\/strong> &ndash; haben und diese &uuml;ber unsere Plattform einreichen (<em>siehe <a href=\"https:\/\/greencoolschools.eu\/hy\/category\/initiativen-ueberblick-at\/\">&Uuml;bersicht der Initiativen<\/a><\/em>)<\/li>\n\n\n\n<li>eine <strong>Lehrperson <\/strong>haben, die sich als Nutzer*in auf unserer Plattform registriert hat und die entsprechenden Daten f&uuml;r die Schule hier in der Plattform eintr&auml;gt.<\/li>\n<\/ul>\n\n<h3 class=\"wp-block-heading\">Was hat Ihre Schule davon?<\/h3>\n\n<ul class=\"wp-block-list\">\n<li><strong>Sichtbarkeit<\/strong>: Alle Mitgliedsschulen werden &ouml;ffentlich auf unserer Karte dargestellt. Das bietet die M&ouml;glichkeit, mit anderen aktiven Schulen im In- und Ausland in Kontakt zu treten und sich gegenseitig zu inspirieren.<\/li>\n\n\n\n<li><strong>Anerkennung<\/strong>: Mit Ihrer eingereichten Begr&uuml;nungsinitiative nehmen Sie automatisch am <strong>Green Cool Schools Award<\/strong> teil. Jedes Jahr wird in jedem teilnehmenden Land eine herausragende Initiative ausgezeichnet und auf unserer Website vorgestellt <em>(Siehe <a href=\"https:\/\/greencoolschools.eu\/initiatives2024\/initiatives-get-started\/\">Informationen zur Ausschreibung 2025\/26<\/a> und <a href=\"https:\/\/greencoolschools.eu\/initiatives2024\/green-cool-schools-award-2024\/\">Gewinnerprojekte 2024<\/a>.)<\/em> <\/li>\n\n\n\n<li><strong>Beteiligung<\/strong>: Der Award wird durch ein<strong> &ouml;ffentliches Voting <\/strong>entschieden &ndash; eine gro&szlig;artige Gelegenheit, Ihre Schulgemeinschaft einzubeziehen und f&uuml;r Ihr Engagement zu begeistern.<\/li>\n\n\n\n<li>Verpflichtung: Mit dem Beitritt erkennt Ihre Schule die <strong>Green Cool Schools Kriterien <\/strong>an. Diese k&ouml;nnen als Qualit&auml;tsversprechen dienen, um Unterst&uuml;tzung f&uuml;r Ihre Arbeit zu gewinnen &ndash; etwa bei Schultr&auml;gern, Sponsoren oder F&ouml;rderstellen.<\/li>\n<\/ul>\n\n<div class=\"wp-block-group is-content-justification-center is-nowrap is-layout-flex wp-container-core-group-is-layout-23441af8 wp-block-group-is-layout-flex\">\n<div class=\"tb-button\" data-toolset-blocks-button=\"aee5ddfb83438546dcbb5aa051417664\"><a class=\"tb-button__link\" href=\"https:\/\/greencoolschools.eu\/hy\/listing-hinzufuegen\/\"><i class=\"tb-button__icon\"><\/i><span class=\"tb-button__content\">Reichen Sie Ihr Projekt ein<\/span><\/a><\/div>\n<\/div>\n","protected":false},"excerpt":{"rendered":"<p>Werden Sie Teil des Green Cool School Netzwerks! Green Cool Schools ist ein europ\u00e4isches Netzwerk, das Schulen zusammenbringt, die ihre Lernumgebung gr\u00fcner gestalten und Bildung f\u00fcr nachhaltige Entwicklung f\u00f6rdern.Mit dieser Plattform unterst\u00fctzen wir den Austausch und die Zusammenarbeit, zeigen inspirierende Beispiele aus Schulen und stellen Lehr- und Arbeitsmaterialien zur Verf\u00fcgung. Treten Sie unserem Netzwerk bei [&hellip;]<\/p>\n","protected":false},"author":5,"featured_media":0,"parent":0,"menu_order":0,"comment_status":"closed","ping_status":"closed","template":"","meta":{"site-sidebar-layout":null,"site-content-layout":null,"ast-site-content-layout":null,"site-content-style":null,"site-sidebar-style":null,"ast-global-header-display":"","ast-banner-title-visibility":"","ast-main-header-display":null,"ast-hfb-above-header-display":null,"ast-hfb-below-header-display":null,"ast-hfb-mobile-header-display":null,"site-post-title":null,"ast-breadcrumbs-content":null,"ast-featured-img":null,"footer-sml-layout":null,"ast-disable-related-posts":"","theme-transparent-header-meta":null,"adv-header-id-meta":null,"stick-header-meta":null,"header-above-stick-meta":null,"header-main-stick-meta":null,"header-below-stick-meta":null,"astra-migrate-meta-layouts":"set","ast-page-background-enabled":"default","ast-page-background-meta":{"desktop":{"background-color":"var(--ast-global-color-4)","background-image":"","background-repeat":"repeat","background-position":"center center","background-size":"auto","background-attachment":"scroll","background-type":"","background-media":"","overlay-type":"","overlay-color":"","overlay-opacity":"","overlay-gradient":""},"tablet":{"background-color":"","background-image":"","background-repeat":"repeat","background-position":"center center","background-size":"auto","background-attachment":"scroll","background-type":"","background-media":"","overlay-type":"","overlay-color":"","overlay-opacity":"","overlay-gradient":""},"mobile":{"background-color":"","background-image":"","background-repeat":"repeat","background-position":"center center","background-size":"auto","background-attachment":"scroll","background-type":"","background-media":"","overlay-type":"","overlay-color":"","overlay-opacity":"","overlay-gradient":""}},"ast-content-background-meta":{"desktop":{"background-color":"var(--ast-global-color-5)","background-image":"","background-repeat":"repeat","background-position":"center center","background-size":"auto","background-attachment":"scroll","background-type":"","background-media":"","overlay-type":"","overlay-color":"","overlay-opacity":"","overlay-gradient":""},"tablet":{"background-color":"var(--ast-global-color-5)","background-image":"","background-repeat":"repeat","background-position":"center center","background-size":"auto","background-attachment":"scroll","background-type":"","background-media":"","overlay-type":"","overlay-color":"","overlay-opacity":"","overlay-gradient":""},"mobile":{"background-color":"var(--ast-global-color-5)","background-image":"","background-repeat":"repeat","background-position":"center center","background-size":"auto","background-attachment":"scroll","background-type":"","background-media":"","overlay-type":"","overlay-color":"","overlay-opacity":"","overlay-gradient":""}},"footnotes":""},"categories":[222],"tags":[],"language":[64],"agegroup":[],"material":[],"topic":[],"folder":[],"class_list":["post-9941","page","type-page","status-publish","hentry","category-initiativen-at","language-english"],"_links":{"self":[{"href":"https:\/\/greencoolschools.eu\/hy\/wp-json\/wp\/v2\/pages\/9941","targetHints":{"allow":["GET"]}}],"collection":[{"href":"https:\/\/greencoolschools.eu\/hy\/wp-json\/wp\/v2\/pages"}],"about":[{"href":"https:\/\/greencoolschools.eu\/hy\/wp-json\/wp\/v2\/types\/page"}],"author":[{"embeddable":true,"href":"https:\/\/greencoolschools.eu\/hy\/wp-json\/wp\/v2\/users\/5"}],"replies":[{"embeddable":true,"href":"https:\/\/greencoolschools.eu\/hy\/wp-json\/wp\/v2\/comments?post=9941"}],"version-history":[{"count":0,"href":"https:\/\/greencoolschools.eu\/hy\/wp-json\/wp\/v2\/pages\/9941\/revisions"}],"wp:attachment":[{"href":"https:\/\/greencoolschools.eu\/hy\/wp-json\/wp\/v2\/media?parent=9941"}],"wp:term":[{"taxonomy":"category","embeddable":true,"href":"https:\/\/greencoolschools.eu\/hy\/wp-json\/wp\/v2\/categories?post=9941"},{"taxonomy":"post_tag","embeddable":true,"href":"https:\/\/greencoolschools.eu\/hy\/wp-json\/wp\/v2\/tags?post=9941"},{"taxonomy":"language","embeddable":true,"href":"https:\/\/greencoolschools.eu\/hy\/wp-json\/wp\/v2\/language?post=9941"},{"taxonomy":"agegroup","embeddable":true,"href":"https:\/\/greencoolschools.eu\/hy\/wp-json\/wp\/v2\/agegroup?post=9941"},{"taxonomy":"material","embeddable":true,"href":"https:\/\/greencoolschools.eu\/hy\/wp-json\/wp\/v2\/material?post=9941"},{"taxonomy":"topic","embeddable":true,"href":"https:\/\/greencoolschools.eu\/hy\/wp-json\/wp\/v2\/topic?post=9941"},{"taxonomy":"folder","embeddable":true,"href":"https:\/\/greencoolschools.eu\/hy\/wp-json\/wp\/v2\/folder?post=9941"}],"curies":[{"name":"wp","href":"https:\/\/api.w.org\/{rel}","templated":true}]}}