{"id":8799,"date":"2023-04-14T12:38:40","date_gmt":"2023-04-14T10:38:40","guid":{"rendered":"https:\/\/greencoolschools.eu\/ueber-das-projekt-das-team-2\/ueber-dieses-projekt\/"},"modified":"2025-01-09T15:22:26","modified_gmt":"2025-01-09T14:22:26","slug":"ueber-dieses-projekt","status":"publish","type":"page","link":"https:\/\/greencoolschools.eu\/hy\/ueber-das-projekt-das-team\/ueber-dieses-projekt\/","title":{"rendered":"Gef\u00f6rderte Projekte, die diese Website unterst\u00fctzen"},"content":{"rendered":"\n<h1 class=\"wp-block-heading\">Gef&ouml;rderte Projekte, welche unsere Website unterst&uuml;tzen<\/h1>\n\n<p>Diese Website wird durch EU-Mittel unterst&uuml;tzt, die es uns erm&ouml;glichen, diese Website zu erstellen und die Inhalte und Materialien zu entwickeln. Die Finanzierung tr&auml;gt dazu bei, unser Projekt zu unterst&uuml;tzen, die Zusammenarbeit zu f&ouml;rdern und die kontinuierliche Entwicklung und Verbesserung unserer Angebote zu gew&auml;hrleisten. Wir sind dankbar f&uuml;r die Unterst&uuml;tzung, die eine entscheidende Rolle bei der Umsetzung unseres Auftrags spielt, Klimaschutz und Nachhaltigkeit in den Unterricht zu integrieren und gr&uuml;ne Projekte in Schulen zu unterst&uuml;tzen.<\/p>\n\n<h1 class=\"wp-block-heading\">Aktuelles Projekt<\/h1>\n\n<h2 class=\"wp-block-heading\">&bdquo;Green Cool Schools GROW Europe&ldquo;, ein Erasmus+ gef&ouml;rdertes Projekt<\/h2>\n\n<p>Mit diesem Projekt m&ouml;chten wir Schulen dabei unterst&uuml;tzen, Begr&uuml;nungsprojekte einfach und effektiv umzusetzen. Daf&uuml;r entwickeln wir <strong>15 Bauanleitungen<\/strong>&nbsp;f&uuml;r Innen- und Au&szlig;enbegr&uuml;nungen, die von teilnehmenden Partnerschulen direkt umgesetzt werden. Zus&auml;tzlich stellen wir&nbsp;<strong>hochwertige Unterrichtsmaterialien<\/strong>&nbsp;und fundierte Informationen auf unserer Website bereit, die in&nbsp;<strong>6 Sprachen<\/strong>&nbsp;&ndash; Deutsch, Englisch, Spanisch, Baskisch, Ungarisch und Irisch &ndash; zug&auml;nglich sein werden.<\/p>\n\n<div class=\"wp-block-buttons is-content-justification-center is-layout-flex wp-container-core-buttons-is-layout-a89b3969 wp-block-buttons-is-layout-flex\">\n<div class=\"wp-block-button\"><a class=\"wp-block-button__link has-text-align-center wp-element-button\" href=\"https:\/\/greencoolschools.eu\/hy\/ueber-das-projekt-das-team\/ueber-dieses-projekt\/green-cool-schools-grow-europe\/\">Weiterlesen&hellip;<\/a><\/div>\n<\/div>\n\n<h1 class=\"wp-block-heading\">Vorherige Projekte<\/h1>\n\n<h2 class=\"wp-block-heading\">&bdquo;GreenCoolSchools Network&ldquo;, ein Erasmus+ gef&ouml;rdertes Projekt<\/h2>\n\n<p>Das &bdquo;GreenCoolSchools Network&ldquo; zielt darauf ab, ein umfassendes Netzwerk f&uuml;r &bdquo;Green Cool Schools&ldquo; aufzubauen. Aufbauend auf den Ergebnissen des vorangegangenen Erasmus+ Projekts &bdquo;L4GS&ldquo; (Learning4Greens@Schools, Lern- und Unterrichtsmaterialien f&uuml;r Begr&uuml;nung an Schulen) soll dieses Netzwerk die internationale Zusammenarbeit zwischen Schulen, die Begr&uuml;nungsprojekte durchf&uuml;hren oder planen, verbessern.<\/p>\n\n<div class=\"wp-block-buttons is-content-justification-center is-layout-flex wp-container-core-buttons-is-layout-a89b3969 wp-block-buttons-is-layout-flex\">\n<div class=\"wp-block-button\"><a class=\"wp-block-button__link wp-element-button\" href=\"https:\/\/greencoolschools.eu\/hy\/ueber-das-projekt-das-team\/ueber-dieses-projekt\/green-cool-school-network\/\">Weiterlesen&hellip;<\/a><\/div>\n<\/div>\n\n<h2 class=\"wp-block-heading\">&bdquo;Learning4Greens@Schools (L4GS): Lern- und Unterrichtsmaterialien f&uuml;r Begr&uuml;nung an Schulen&ldquo;, ein Erasmus+ Projekt<\/h2>\n\n<p>Ziel des Projekts war es, &bdquo;gr&uuml;nes Wissen&ldquo; an Schulen international zu vermitteln, indem didaktische Materialien einschlie&szlig;lich praktischer Experimente f&uuml;r gr&uuml;ne coole Schulen in ganz Europa entwickelt wurden: gut aufbereitetes, digital zug&auml;ngliches praktisches Lehr- und Lernmaterial in englischer, deutscher, &bdquo;&ouml;sterreichischer&ldquo;, spanischer und baskischer Sprache. Durch die Kooperation von Deutschland, &Ouml;sterreich und Spanien wurden im Projekt drei unterschiedliche &ndash; aber f&uuml;r Europa repr&auml;sentative &ndash; Klima- und Bodenzonen adressiert. Dabei ging es nicht um Begr&uuml;nung als reines Hobby, sondern um Begr&uuml;nung als professionellen Beitrag zum Klimaschutz bzw. zur Anpassung an den Klimawandel und aktive B&uuml;rger*- bzw. B&uuml;rgerinnen*schaft:<\/p>\n\n<ul class=\"wp-block-list\"><\/ul>\n<div class=\"wp-block-buttons is-content-justification-center is-layout-flex wp-container-core-buttons-is-layout-a89b3969 wp-block-buttons-is-layout-flex\">\n<div class=\"wp-block-button\"><a class=\"wp-block-button__link wp-element-button\" href=\"https:\/\/greencoolschools.eu\/hy\/ueber-das-projekt-das-team\/ueber-dieses-projekt\/learning4greensschools\/\">Weiterlesen&hellip;<\/a><\/div>\n<\/div>\n\n<figure class=\"wp-block-image size-large is-resized\"><img decoding=\"async\" src=\"https:\/\/greencoolschools.eu\/wp-content\/uploads\/2025\/01\/EN-Co-funded-by-the-EU-1024x215.jpg\" alt=\"\" class=\"wp-image-11323\" style=\"width:400px\"><\/figure>\n<p><\/p>\n","protected":false},"excerpt":{"rendered":"<p>Ziel des Projekts war es, \u201egr\u00fcnes Wissen\u201c an Schulen international zu vermitteln, indem didaktische Materialien einschlie\u00dflich praktischer Experimente f\u00fcr gr\u00fcne coole Schulen in ganz Europa entwickelt wurden.<\/p>\n","protected":false},"author":1,"featured_media":0,"parent":2868,"menu_order":900,"comment_status":"closed","ping_status":"closed","template":"","meta":{"site-sidebar-layout":"default","site-content-layout":"","ast-site-content-layout":"default","site-content-style":"default","site-sidebar-style":"default","ast-global-header-display":"","ast-banner-title-visibility":"","ast-main-header-display":"","ast-hfb-above-header-display":"","ast-hfb-below-header-display":"","ast-hfb-mobile-header-display":"","site-post-title":"disabled","ast-breadcrumbs-content":"","ast-featured-img":"","footer-sml-layout":"","ast-disable-related-posts":"","theme-transparent-header-meta":"","adv-header-id-meta":"","stick-header-meta":"","header-above-stick-meta":"","header-main-stick-meta":"","header-below-stick-meta":"","astra-migrate-meta-layouts":"default","ast-page-background-enabled":"default","ast-page-background-meta":{"desktop":{"background-color":"var(--ast-global-color-4)","background-image":"","background-repeat":"repeat","background-position":"center center","background-size":"auto","background-attachment":"scroll","background-type":"","background-media":"","overlay-type":"","overlay-color":"","overlay-opacity":"","overlay-gradient":""},"tablet":{"background-color":"","background-image":"","background-repeat":"repeat","background-position":"center center","background-size":"auto","background-attachment":"scroll","background-type":"","background-media":"","overlay-type":"","overlay-color":"","overlay-opacity":"","overlay-gradient":""},"mobile":{"background-color":"","background-image":"","background-repeat":"repeat","background-position":"center center","background-size":"auto","background-attachment":"scroll","background-type":"","background-media":"","overlay-type":"","overlay-color":"","overlay-opacity":"","overlay-gradient":""}},"ast-content-background-meta":{"desktop":{"background-color":"var(--ast-global-color-5)","background-image":"","background-repeat":"repeat","background-position":"center center","background-size":"auto","background-attachment":"scroll","background-type":"","background-media":"","overlay-type":"","overlay-color":"","overlay-opacity":"","overlay-gradient":""},"tablet":{"background-color":"var(--ast-global-color-5)","background-image":"","background-repeat":"repeat","background-position":"center center","background-size":"auto","background-attachment":"scroll","background-type":"","background-media":"","overlay-type":"","overlay-color":"","overlay-opacity":"","overlay-gradient":""},"mobile":{"background-color":"var(--ast-global-color-5)","background-image":"","background-repeat":"repeat","background-position":"center center","background-size":"auto","background-attachment":"scroll","background-type":"","background-media":"","overlay-type":"","overlay-color":"","overlay-opacity":"","overlay-gradient":""}},"footnotes":""},"categories":[135],"tags":[],"language":[64],"agegroup":[],"material":[],"topic":[],"folder":[40],"class_list":["post-8799","page","type-page","status-publish","hentry","category-about-hy","language-english"],"_links":{"self":[{"href":"https:\/\/greencoolschools.eu\/hy\/wp-json\/wp\/v2\/pages\/8799","targetHints":{"allow":["GET"]}}],"collection":[{"href":"https:\/\/greencoolschools.eu\/hy\/wp-json\/wp\/v2\/pages"}],"about":[{"href":"https:\/\/greencoolschools.eu\/hy\/wp-json\/wp\/v2\/types\/page"}],"author":[{"embeddable":true,"href":"https:\/\/greencoolschools.eu\/hy\/wp-json\/wp\/v2\/users\/1"}],"replies":[{"embeddable":true,"href":"https:\/\/greencoolschools.eu\/hy\/wp-json\/wp\/v2\/comments?post=8799"}],"version-history":[{"count":0,"href":"https:\/\/greencoolschools.eu\/hy\/wp-json\/wp\/v2\/pages\/8799\/revisions"}],"up":[{"embeddable":true,"href":"https:\/\/greencoolschools.eu\/hy\/wp-json\/wp\/v2\/pages\/2868"}],"wp:attachment":[{"href":"https:\/\/greencoolschools.eu\/hy\/wp-json\/wp\/v2\/media?parent=8799"}],"wp:term":[{"taxonomy":"category","embeddable":true,"href":"https:\/\/greencoolschools.eu\/hy\/wp-json\/wp\/v2\/categories?post=8799"},{"taxonomy":"post_tag","embeddable":true,"href":"https:\/\/greencoolschools.eu\/hy\/wp-json\/wp\/v2\/tags?post=8799"},{"taxonomy":"language","embeddable":true,"href":"https:\/\/greencoolschools.eu\/hy\/wp-json\/wp\/v2\/language?post=8799"},{"taxonomy":"agegroup","embeddable":true,"href":"https:\/\/greencoolschools.eu\/hy\/wp-json\/wp\/v2\/agegroup?post=8799"},{"taxonomy":"material","embeddable":true,"href":"https:\/\/greencoolschools.eu\/hy\/wp-json\/wp\/v2\/material?post=8799"},{"taxonomy":"topic","embeddable":true,"href":"https:\/\/greencoolschools.eu\/hy\/wp-json\/wp\/v2\/topic?post=8799"},{"taxonomy":"folder","embeddable":true,"href":"https:\/\/greencoolschools.eu\/hy\/wp-json\/wp\/v2\/folder?post=8799"}],"curies":[{"name":"wp","href":"https:\/\/api.w.org\/{rel}","templated":true}]}}