{"id":3963,"date":"2022-08-06T16:21:43","date_gmt":"2022-08-06T14:21:43","guid":{"rendered":"https:\/\/greencoolschools.eu\/startseite\/datenschutzerklaerung\/"},"modified":"2025-07-17T13:25:28","modified_gmt":"2025-07-17T11:25:28","slug":"datenschutzerklaerung","status":"publish","type":"page","link":"https:\/\/greencoolschools.eu\/hy\/startseite\/datenschutzerklaerung\/","title":{"rendered":"Datenschutzerkl\u00e4rung"},"content":{"rendered":"\n<h1 class=\"wp-block-heading\">Datenschutzerkl&auml;rung<\/h1>\n\n\n\n<p>Wir freuen uns &uuml;ber Ihren Besuch auf unserer Webseite. Der Schutz Ihrer personenbezogenen Daten ist uns ein wichtiges Anliegen.<\/p>\n\n\n\n<p>Wir halten uns an die gesetzlichen Bestimmungen der EU-Datenschutz-Grundverordnung, des &ouml;sterreichischen Datenschutzgesetzes und der sonstigen anwendbaren Rechtsvorschriften zum Schutz, dem rechtm&auml;&szlig;igen Umgang und zur Geheimhaltung von personenbezogenen Daten. Wir verarbeiten Ihre Daten daher ausschlie&szlig;lich auf Grundlage der geltenden gesetzlichen Bestimmungen.<\/p>\n\n\n\n<p>Diese Datenschutzerkl&auml;rung bezieht sich auf alle von uns im Unternehmen verarbeiteten personenbezogenen Daten sowie auf alle Daten, die von uns beauftragte Firmen (Auftragsverarbeiter) verarbeiten. Personenbezogene Daten umfassen gem&auml;&szlig; Art. 4 Nr. 1 DSGVO Informationen wie Name, E-Mail-Adresse oder die postalische Anschrift einer Person. Die Verarbeitung dieser Daten erm&ouml;glicht es uns, unsere Dienstleistungen und Produkte sowohl online als auch offline bereitzustellen und abzurechnen.<\/p>\n\n\n\n<p>Der Geltungsbereich dieser Datenschutzerkl&auml;rung umfasst:<\/p>\n\n\n\n<ul class=\"wp-block-list\">\n<li>alle von uns betriebenen Onlineauftritte (Webseiten)<\/li>\n\n\n\n<li>unsere Social-Media-Auftritte sowie die E-Mail-Kommunikation<\/li>\n<\/ul>\n\n\n\n<p>Die Datenschutzerkl&auml;rung gilt f&uuml;r alle Bereiche, in denen personenbezogene Daten innerhalb unseres Unternehmens &uuml;ber die genannten Kan&auml;le systematisch verarbeitet werden. Sollten wir au&szlig;erhalb dieser Kan&auml;le mit Ihnen in Rechtsbeziehungen treten, werden wir Sie gegebenenfalls gesondert &uuml;ber die Datenverarbeitung informieren.<\/p>\n\n\n\n<h2 class=\"wp-block-heading\" id=\"kontaktdaten-verantwortliche\">Name und Kontaktdaten der Verantwortlichen<\/h2>\n\n\n\n<p>Verantwortlich f&uuml;r die Verarbeitung Ihrer personenbezogenen Daten auf dieser Webseite ist:<br>B-NK GmbH<br>Diepoldplatz 6\/18, 1170 Wien<br>E-Mail: <a href=\"mailto:office@b-nk.at\" target=\"_blank\" rel=\"noreferrer noopener\">office@b-nk.at<\/a><br>Telefon:&nbsp;+43 1 9908996<br>Impressum:&nbsp;<a href=\"https:\/\/www.b-nk.at\/impressum\" target=\"_blank\" rel=\"noreferrer noopener\">https:\/\/www.b-nk.at\/impressum<\/a><\/p>\n\n\n\n<h2 class=\"wp-block-heading\" id=\"kontaktdaten-verantwortliche\">Kontaktdaten der Datenschutzbeauftragten<\/h2>\n\n\n\n<p><br>B-NK GmbH hat eine Datenschutzbeauftragte benannt:<br>Dipl.-Ing.in Dr.in Bente Knoll<br>E-Mail:&nbsp;<a href=\"mailto:datenschutz@b-nk.at\" target=\"_blank\" rel=\"noreferrer noopener\">datenschutz@b-nk.at<\/a><br>Telefon:&nbsp;+43 1 9908996<br><\/p>\n\n\n\n<h2 class=\"wp-block-heading\" id=\"zwecke-der-dv\">Zwecke der Datenverarbeitung<\/h2>\n\n\n\n<p>Wir verarbeiten Ihre personenbezogenen Daten zu folgenden Zwecken:<\/p>\n\n\n\n<ul class=\"wp-block-list\">\n<li>Zur Bereitstellung unserer Webseite und der Funktionen (z.B. Kontaktformular, Newsletter-Anmeldung)<\/li>\n\n\n\n<li>Zur Bearbeitung Ihrer Anfragen, die Sie &uuml;ber das Kontaktformular oder per E-Mail an uns richten<\/li>\n\n\n\n<li>Zur Abwicklung von Vertr&auml;gen und der Erbringung unserer Dienstleistungen<\/li>\n\n\n\n<li>Zur Analyse der Nutzung unserer Webseite, um diese weiter zu verbessern<\/li>\n<\/ul>\n\n\n\n<h2 class=\"wp-block-heading\" id=\"rechte-dsgvo\">Rechtsgrundlage der Datenverarbeitung<\/h2>\n\n\n\n<p>Die Verarbeitung Ihrer personenbezogenen Daten erfolgt auf folgender Rechtsgrundlage der Datenschutz-Grundverordnung (DSGVO):<\/p>\n\n\n\n<ul class=\"wp-block-list\">\n<li>Verarbeitung auf Grundlage Ihrer Einwilligung &ndash; Art. 6 Abs. 1 lit. a DSGVO: Wenn Sie uns Ihre Zustimmung zur Verarbeitung personenbezogener Daten f&uuml;r einen klar definierten Zweck erteilen &ndash; etwa indem Sie Ihre Informationen in ein Kontaktformular eingeben &ndash; erfolgt diese Verarbeitung auf Basis von Art. 6 Abs. 1 lit. a DSGVO.<\/li>\n<\/ul>\n\n\n\n<ul class=\"wp-block-list\">\n<li>Erforderlichkeit zur Vertragserf&uuml;llung oder vorvertraglichen Ma&szlig;nahmen &ndash; Art. 6 Abs. 1 lit. b DSGVO: Ihre Daten werden verarbeitet, sofern dies zur Erf&uuml;llung eines Vertrags oder zur Durchf&uuml;hrung vorvertraglicher Schritte notwendig ist. Ein Beispiel hierf&uuml;r ist die Bereitstellung Ihrer personenbezogenen Angaben im Zuge eines Kaufabschlusses, um diesen ordnungsgem&auml;&szlig; abwickeln zu k&ouml;nnen.<\/li>\n<\/ul>\n\n\n\n<ul class=\"wp-block-list\">\n<li>Gesetzliche Verpflichtung als Grundlage &ndash; Art. 6 Abs. 1 lit. c DSGVO: Sobald wir gesetzlich dazu verpflichtet sind, bestimmte Daten zu verarbeiten &ndash; etwa zur Aufbewahrungspflicht von Rechnungen f&uuml;r steuerliche oder buchhalterische Zwecke &ndash; geschieht dies gem&auml;&szlig; Art. 6 Abs. 1 lit. c DSGVO. Solche Dokumente beinhalten regelm&auml;&szlig;ig personenbezogene Informationen.<\/li>\n<\/ul>\n\n\n\n<ul class=\"wp-block-list\">\n<li>Verarbeitung aufgrund berechtigter Interessen &ndash; Art. 6 Abs. 1 lit. f DSGVO: Sofern unsere legitimen Interessen nicht durch Ihre Grundrechte oder -freiheiten &uuml;berwiegt werden, d&uuml;rfen personenbezogene Daten auch ohne Einwilligung verarbeitet werden. Ein solches berechtigtes Interesse kann beispielsweise die Gew&auml;hrleistung von Sicherheit und Funktionsf&auml;higkeit unserer Website darstellen.<\/li>\n<\/ul>\n\n\n\n<h2 class=\"wp-block-heading\" id=\"dauer-speicherung\">Dauer der Speicherung<\/h2>\n\n\n\n<p>Wir speichern Ihre personenbezogenen Daten nur so lange, als dies technisch und organisatorisch zur Erreichung der dargelegten Zwecke sowie zur Erf&uuml;llung der uns treffenden gesetzlichen Verpflichtungen erforderlich ist. Bei der Festlegung der Zeitr&auml;ume achten wir darauf, Ihre Rechte und Freiheiten nicht zu verletzen. Nach Wegfall des Verarbeitungszwecks oder Ablauf der gesetzlichen Aufbewahrungsfristen werden die Daten gel&ouml;scht.<\/p>\n\n\n\n<h2 class=\"wp-block-heading\" id=\"server-protokolle\">Server Protokolle<\/h2>\n\n\n\n<p>Bei Ihrem Besuch auf unserer Webseite erheben und speichern wir Zugriffsdaten in Protokolldateien (sogenannten Logfiles bzw. Access-Logs), um die dauerhafte Funktionsf&auml;higkeit und Erreichbarkeit der Webseite zu gew&auml;hrleisten. Wir verarbeiten in diesem Zusammenhang folgende Daten bzw. Informationen:<\/p>\n\n\n\n<ul class=\"wp-block-list\">\n<li>IP-Adresse des zugreifenden Computers<\/li>\n\n\n\n<li>Datum und Uhrzeit des Zugriffs<\/li>\n\n\n\n<li>Webseiten, von denen Sie auf unsere Seite gelangen (Referrer-URL)<\/li>\n\n\n\n<li>Betriebssystem<\/li>\n\n\n\n<li>Name des Internet-Service-Providers<\/li>\n\n\n\n<li>Produkt und Versionsinformationen des genutzten Browsers<\/li>\n\n\n\n<li>&Uuml;bertragene Datenmenge, Ladezeit<\/li>\n<\/ul>\n\n\n\n<p>Diese Daten dienen ausschlie&szlig;lich der technischen &Uuml;berwachung des Webservers (Auslastung, Optimierung, Fehlererkennung, Sicherheit) und sind dazu unbedingt notwendig. Sie werden nicht mit anderen Datenquellen verbunden, so dass sie sich nicht einzelnen Personen zuordnen lassen. Sie werden nach sechs Monaten gel&ouml;scht.<\/p>\n\n\n\n<h2 class=\"wp-block-heading\" id=\"datensicherheit\">Datensicherheit<\/h2>\n\n\n\n<p>Wir verwenden geeignete technische und organisatorische Ma&szlig;nahmen, um Ihre personenbezogenen Daten vor unbefugtem Zugriff, Verlust oder Missbrauch zu sch&uuml;tzen. Ihre Daten werden in einer sicheren, dem Stand der Technik entsprechenden Betriebsumgebung gespeichert. Der Zugang zu unserer Webseite wird &uuml;ber HTTPS gesichert. Die Kommunikation zwischen Ihrem Endger&auml;t und unseren Servern erfolgt verschl&uuml;sselt. So wird verhindert, dass Dritte die von Ihnen eingegebenen Daten auf dem &Uuml;bertragungsweg abfangen und lesen k&ouml;nnen. Sie erkennen die aktive Verschl&uuml;sselung an dem kleinen Schlosssymbol oder &auml;hnlichen Symbolen in der Adresszeile Ihres Browsers sowie an der Verwendung des Schemas https (anstatt http) als Teil unserer Internetadresse. Weitere Ma&szlig;nahmen sind beispielsweise Firewalls und regelm&auml;&szlig;ige Sicherheitsupdates.<\/p>\n\n\n\n<h2 class=\"wp-block-heading\" id=\"ihre-rechte\">Ihre Rechte<\/h2>\n\n\n\n<p>Ihnen stehen grunds&auml;tzlich die Rechte auf Auskunft, Berichtigung, L&ouml;schung, Einschr&auml;nkung, Daten&uuml;bertragbarkeit, Widerruf und Widerspruch zu. Alle diese Rechte k&ouml;nnen Sie kosten- und formlos (per E-Mail, telefonisch oder postalisch), gegebenenfalls nach Nachweis Ihrer Identit&auml;t, unter den angegebenen Kontaktdaten geltend machen. Alternativ zur Verwendung des Kontaktformulars ist eine Kontaktaufnahme &uuml;ber die bereitgestellte E-Mail-Adresse, Anruf bzw. Postanschreiben m&ouml;glich. Sie haben folgende Rechte in Bezug auf Ihre personenbezogenen Daten:<\/p>\n\n\n\n<ul class=\"wp-block-list\">\n<li>Auskunftsrecht (Art. 15 DSGVO): Sie haben das Recht, eine Best&auml;tigung dar&uuml;ber zu erhalten, ob wir personenbezogene Daten &uuml;ber Sie verarbeiten, und Zugang zu diesen Daten zu verlangen. Alle diese Rechte k&ouml;nnen Sie kosten- und formlos (per E-Mail, telefonisch oder postalisch), gegebenenfalls nach Nachweis Ihrer Identit&auml;t, unter den angegebenen Kontaktdaten geltend machen.<\/li>\n\n\n\n<li>Recht auf Berichtigung (Art. 16 DSGVO): Sie k&ouml;nnen die Berichtigung unrichtiger oder die Vervollst&auml;ndigung unvollst&auml;ndiger Daten verlangen. Sie haben das Recht, jederzeit formlos die L&ouml;schung Ihrer von uns verarbeiteten Daten zu begehren. Diesem Ansuchen kommen wir nach, sofern Ihre Daten f&uuml;r den Erhebungszweck nicht mehr notwendig sind, Sie eine allenfalls bestehende Einwilligung widerrufen, bei unrechtm&auml;&szlig;igen Datenverarbeitungen oder wenn die L&ouml;schung zur Erf&uuml;llung einer rechtlichen Verpflichtung erforderlich ist.<\/li>\n\n\n\n<li>Recht auf L&ouml;schung (Art. 17 DSGVO): Sie k&ouml;nnen unter bestimmten Umst&auml;nden die L&ouml;schung Ihrer Daten verlangen (&bdquo;Recht auf Vergessenwerden&ldquo;). Sie haben das Recht, jederzeit formlos die L&ouml;schung Ihrer von uns verarbeiteten Daten zu begehren. Diesem Ansuchen kommen wir nach, sofern Ihre Daten f&uuml;r den Erhebungszweck nicht mehr notwendig sind, Sie eine allenfalls bestehende Einwilligung widerrufen, bei unrechtm&auml;&szlig;igen Datenverarbeitungen oder wenn die L&ouml;schung zur Erf&uuml;llung einer rechtlichen Verpflichtung erforderlich ist.<\/li>\n\n\n\n<li>Recht auf Einschr&auml;nkung der Verarbeitung (Art. 18 DSGVO): Sie haben das Recht, die Einschr&auml;nkung der Verarbeitung zu verlangen, wenn bestimmte Voraussetzungen vorliegen. Wenn zwar die L&ouml;schung Ihrer Daten nicht m&ouml;glich ist bzw. dies von Ihnen nicht gew&uuml;nscht wird, Sie aber einer &uuml;ber die Speicherung der Daten hinausgehenden Nutzung nicht zustimmen, haben wir die Pflicht, auf Ihren Antrag hin die weitere Verarbeitung Ihrer personenbezogenen Daten einzuschr&auml;nken.<\/li>\n\n\n\n<li>Recht auf Daten&uuml;bertragbarkeit (Art. 20 DSGVO): Sie k&ouml;nnen verlangen, dass wir Ihre Daten in einem strukturierten, g&auml;ngigen und maschinenlesbaren Format bereitstellen oder an einen Dritten &uuml;bertragen. Wir stellen Ihnen die von uns &uuml;ber Sie gespeicherten Daten, die wir aufgrund eines Vertrages oder aufgrund Ihrer Einwilligung erhalten haben, auf Ihren formlosen Antrag hin kostenlos in einem gebr&auml;uchlichen Dateiformat zur Verf&uuml;gung. Sie k&ouml;nnen diese Daten f&uuml;r eigene Zwecke verwenden und sie an zuk&uuml;nftige Vertragspartner weitergeben. Wir &uuml;bernehmen &ndash; sofern Sie dies w&uuml;nschen und es technisch machbar ist &ndash; auch direkt die &Uuml;bertragung Ihrer Daten an einen von Ihnen namhaft gemachten Adressaten. In diesem Fall informieren wir Sie nach erfolgter &Uuml;bertragung. Ihrem Antrag kommen wir unverz&uuml;glich, sp&auml;testens jedoch innerhalb eines Monats nach.<\/li>\n\n\n\n<li>Widerspruchsrecht (Art. 21 DSGVO): Sie k&ouml;nnen der Verarbeitung Ihrer Daten widersprechen, wenn sich diese auf berechtigte Interessen st&uuml;tzt. Die Rechtm&auml;&szlig;igkeit der bis zu diesem Zeitpunkt get&auml;tigten Datenverarbeitungen wird durch einen Widerruf der Einwilligung nicht ber&uuml;hrt.<\/li>\n\n\n\n<li>Recht auf Widerruf der Einwilligung (Art. 7 Abs. 3 DSGVO): Sie k&ouml;nnen eine erteilte Einwilligung jederzeit mit Wirkung f&uuml;r die Zukunft widerrufen. Wenn wir Ihre Daten aufgrund unseres berechtigten Interesses verarbeiten, haben Sie nach der Datenschutz-Grundverordnung das Recht auf Widerspruch zur weiteren Verarbeitung Ihrer Daten. &Uuml;ben Sie dieses aus, werden wir Ihre Daten nicht mehr zu dem Zweck, dem Sie widersprochen haben, verarbeiten &ndash; es sei denn es bestehen schutzw&uuml;rdige Gr&uuml;nde auf unserer Seite f&uuml;r die weitere Verarbeitung, die Ihre Interessen, Rechte und Freiheiten &uuml;berwiegen, oder die Verarbeitung dient der Geltendmachung, Aus&uuml;bung oder Verteidigung von Rechtsanspr&uuml;chen.<\/li>\n<\/ul>\n\n\n\n<h4 class=\"wp-block-heading\">Beschwerderecht<\/h4>\n\n\n\n<p>Die EU-Datenschutz-Grundverordnung und das &ouml;sterreichische Datenschutzgesetz gew&auml;hrleisten Ihnen die oben genannten Rechte im Bereich Datenschutz. Wenn Sie der Ansicht sind in einem dieser Rechte durch uns verletzt worden zu sein, haben Sie die M&ouml;glichkeit, sich bei einer Datenschutz-Aufsichtsbeh&ouml;rde zu beschweren.<\/p>\n\n\n\n<p>Die Aufsichtsbeh&ouml;rde in &Ouml;sterreich ist die &Ouml;sterreichische Datenschutzbeh&ouml;rde, Barichgasse <a>40-42, 1030 <\/a>Wien, Telefon: +43 1 52152-0, E-Mail: <a href=\"mailto:dsb@dsb.gv.at\" target=\"_blank\" rel=\"noreferrer noopener\">dsb@dsb.gv.at<\/a><\/p>\n\n\n\n<h2 class=\"wp-block-heading\" id=\"cookies\">Cookies und Tracking-Technologien<\/h2>\n\n\n\n<p>Unsere Webseite verwendet Cookies, um die Nutzung der Webseite zu erleichtern und zu verbessern. Cookies sind kleine Textdateien, die mit Hilfe des Browsers auf Ihrem Endger&auml;t gespeichert werden. Sie richten keinen Schaden an. Einige dieser Cookies sind notwendig, um die Webseite ordnungsgem&auml;&szlig; zu betreiben. Einige Cookies bleiben auf Ihrem Endger&auml;t gespeichert, bis Sie diese l&ouml;schen. Sie erm&ouml;glichen es unserer Webseite, Ihren Browser beim n&auml;chsten Besuch wiederzuerkennen.<\/p>\n\n\n\n<p>Mit Ihrer Einwilligung verwenden wir Analyse-Cookies, um die Nutzung unserer Webseite zu analysieren. Weitere Informationen zu diesen Diensten finden Sie in unseren Cookie-Richtlinien bzw. im Plugin &bdquo;Real Cookie Banner&ldquo;. Details zur Funktionsweise von &bdquo;Real Cookie Banner&ldquo; findet sich hier <a href=\"https:\/\/devowl.io\/de\/rcb\/datenverarbeitung\/\">https:\/\/devowl.io\/de\/rcb\/datenverarbeitung\/<\/a>.<\/p>\n\n\n\n<p>Sie k&ouml;nnen die Verwendung von Cookies &uuml;ber die Einstellungen Ihres Browsers steuern und Ihren Browser so einrichten, dass er Sie &uuml;ber das Setzen von Cookies informiert und Sie dies nur im Einzelfall erlauben. Sie k&ouml;nnen Cookies auch jederzeit l&ouml;schen. Bei der Deaktivierung von Cookies kann die Funktionalit&auml;t unserer Webseite eingeschr&auml;nkt sein.<\/p>\n\n\n\n<h2 class=\"wp-block-heading\" id=\"web-analyse\">Web-Analyse<\/h2>\n\n\n\n<p>Unsere Webseite verwendet Funktionen des Webanalysedienstes Matomo. Dieses Tool ist direkt auf unserem Server eingerichtet, es werden keine Daten an Dritte &uuml;bertragen. Es werden Cookies verwendet, die eine Analyse der Benutzung der Webseite erm&ouml;glicht.<\/p>\n\n\n\n<h2 class=\"wp-block-heading\" id=\"profiling\">Automatisierte Entscheidungsfindung\/Profiling<\/h2>\n\n\n\n<p>Eine automatisierte Entscheidungsfindung oder Profiling gem&auml;&szlig; Art. 22 DSGVO findet nicht statt.<\/p>\n\n\n\n<h2 class=\"wp-block-heading\" id=\"kommunikation-mit-uns\">Kommunikation mit uns<\/h2>\n\n\n\n<p>Wenn Sie uns anrufen, werden die Anrufdaten auf dem jeweiligen Endger&auml;t und beim eingesetzten Telekommunikationsanbieter pseudonymisiert gespeichert. Au&szlig;erdem k&ouml;nnen Daten wie Name und Telefonnummer im Anschluss per E-Mail versendet und zur Anfragebeantwortung gespeichert werden. Die Daten werden gel&ouml;scht, sobald der Gesch&auml;ftsfall beendet wurde und es gesetzliche Vorgaben erlauben.<\/p>\n\n\n\n<p>Wenn Sie mit uns per E-Mail kommunizieren, werden Daten gegebenenfalls auf dem jeweiligen Endger&auml;t (Computer, Smartphone, &hellip;) gespeichert und es kommt zur Speicherung von Daten auf dem E-Mail-Server. Die Daten werden gel&ouml;scht, sobald der Gesch&auml;ftsfall beendet wurde und es gesetzliche Vorgaben erlauben.<\/p>\n\n\n\n<p>Wenn Sie mit uns mittels Online-Formular kommunizieren, werden Daten auf unserem Webserver gespeichert und gegebenenfalls an eine E-Mail-Adresse von uns weitergeleitet. Die Daten werden gel&ouml;scht, sobald der Gesch&auml;ftsfall beendet wurde und es gesetzliche Vorgaben erlauben.<\/p>\n\n\n\n<p>Sie haben die M&ouml;glichkeit, &uuml;ber unsere Webseite unseren <strong>Newsletter <\/strong>zu abonnieren. Hierf&uuml;r ben&ouml;tigen wir Ihre E-Mail-Adresse und ihre Erkl&auml;rung, dass Sie mit dem Bezug des Newsletters einverstanden sind. Sobald Sie sich f&uuml;r den Newsletter angemeldet haben, senden wir Ihnen eine Best&auml;tigungs-E-Mail mit einem Link zur Best&auml;tigung der Anmeldung.&nbsp; Die Datenverarbeitung erfolgt demnach auf Basis der gesetzlichen Bestimmungen des &sect; 96 Abs 3 TKG sowie des Art 6 Abs 1 lit a (Einwilligung) der DSGVO. Das Abo des Newsletters k&ouml;nnen Sie jederzeit stornieren. Benutzen Sie daf&uuml;r die E-Mail-Adresse <a href=\"mailto:newsletter@greencoolschools.eu\" target=\"_blank\" rel=\"noreferrer noopener\">newsletter@greencoolschools.eu<\/a> oder den entsprechenden Link am Ende des Newsletters. Wir nutzen kein externes Newsletter-Tool, die Daten werden auf unserem Server gespeichert und nicht an Dritte weitergegeben.<\/p>\n\n\n\n<p>Wenn Sie sich auf unserer Webseite registrieren, kommt es zur Verarbeitung personenbezogener Daten, sofern Sie Daten mit Personenbezug eingeben bzw. Daten wie die IP-Adresse im Zuge der Verarbeitung erfasst werden. Bitte geben Sie nur solche Daten ein, die wir f&uuml;r die Registrierung ben&ouml;tigen und f&uuml;r die Sie die Freigabe eines Dritten haben, falls Sie die Registrierung im Namen eines Dritten durchf&uuml;hren. Verwenden Sie nach M&ouml;glichkeit ein sicheres Passwort und eine E-Mail-Adresse, die Sie regelm&auml;&szlig;ig abrufen.<\/p>\n\n\n\n<h2 class=\"wp-block-heading\" id=\"weitergabe-von-daten-an-dritte\">Weitergabe von Daten an Dritte<\/h2>\n\n\n\n<p>Wir geben Ihre personenbezogenen Daten nur dann an Dritte weiter, wenn dies f&uuml;r die Erf&uuml;llung des Vertrags oder aufgrund gesetzlicher Pflichten notwendig ist. M&ouml;gliche Empf&auml;nger:innen sind:<\/p>\n\n\n\n<ul class=\"wp-block-list\">\n<li>Hosting-Provider: <a href=\"https:\/\/www.hetzner.com\" target=\"_blank\" rel=\"noreferrer noopener\">Hetzner<\/a>, der unsere Webseite hostet<\/li>\n\n\n\n<li>Newsletter-Versanddienstleister: Mailjet zum Versand unseres Newsletters<\/li>\n<\/ul>\n\n\n\n<p>Wir k&ouml;nnen dar&uuml;ber hinaus jedoch auch gesetzlich bzw. beh&ouml;rdlich verpflichtet sein, Daten an Dritte weiterzugeben (z.B. Datenweitergabe an Strafverfolgungsbeh&ouml;rden).<\/p>\n\n\n\n<p>Bei allen Datenweitergaben achten wir darauf, nur die absolut erforderlichen Informationen zu &uuml;bermitteln und erf&uuml;llen die datenschutzrechtlichen Vorgaben f&uuml;r die Datenweitergabe (z.B. strenge Weisungsbindung bei Auftragsverarbeitern, Verpflichtung zur Verschwiegenheit und Vertraulichkeit, Verpflichtung zur l&uuml;ckenlosen Einhaltung eines ausreichenden Schutzniveaus in der Verarbeitung personenbezogener Daten).<\/p>\n\n\n\n<h2 class=\"wp-block-heading\" id=\"&auml;nderungen-datenschutzerkl&auml;rung\">&Auml;nderungen der Datenschutzerkl&auml;rung<\/h2>\n\n\n\n<p>Wir behalten uns vor, diese Datenschutzerkl&auml;rung anzupassen, um sie an ge&auml;nderte rechtliche Anforderungen oder an neue Funktionen auf unserer Webseite anzupassen. Die jeweils aktuelle Version der Datenschutzerkl&auml;rung finden Sie auf unserer Webseite.<\/p>\n\n\n\n<p>Bei Fragen oder Anregungen kontaktieren Sie uns bitte unter den angegebenen Kontaktdaten.<\/p>\n\n\n\n<p>Stand der Datenschutzerkl&auml;rung: 12\/2024<\/p>\n","protected":false},"excerpt":{"rendered":"<p>Datenschutzerkl\u00e4rung Wir freuen uns \u00fcber Ihren Besuch auf unserer Webseite. Der Schutz Ihrer personenbezogenen Daten ist uns ein wichtiges Anliegen. Wir halten uns an die gesetzlichen Bestimmungen der EU-Datenschutz-Grundverordnung, des \u00f6sterreichischen Datenschutzgesetzes und der sonstigen anwendbaren Rechtsvorschriften zum Schutz, dem rechtm\u00e4\u00dfigen Umgang und zur Geheimhaltung von personenbezogenen Daten. Wir verarbeiten Ihre Daten daher ausschlie\u00dflich auf [&hellip;]<\/p>\n","protected":false},"author":1,"featured_media":0,"parent":3811,"menu_order":50,"comment_status":"closed","ping_status":"closed","template":"","meta":{"site-sidebar-layout":"default","site-content-layout":"","ast-site-content-layout":"default","site-content-style":"default","site-sidebar-style":"default","ast-global-header-display":"","ast-banner-title-visibility":"","ast-main-header-display":"","ast-hfb-above-header-display":"","ast-hfb-below-header-display":"","ast-hfb-mobile-header-display":"","site-post-title":"","ast-breadcrumbs-content":"","ast-featured-img":"","footer-sml-layout":"","ast-disable-related-posts":"","theme-transparent-header-meta":"","adv-header-id-meta":"","stick-header-meta":"","header-above-stick-meta":"","header-main-stick-meta":"","header-below-stick-meta":"","astra-migrate-meta-layouts":"set","ast-page-background-enabled":"default","ast-page-background-meta":{"desktop":{"background-color":"var(--ast-global-color-4)","background-image":"","background-repeat":"repeat","background-position":"center center","background-size":"auto","background-attachment":"scroll","background-type":"","background-media":"","overlay-type":"","overlay-color":"","overlay-opacity":"","overlay-gradient":""},"tablet":{"background-color":"","background-image":"","background-repeat":"repeat","background-position":"center center","background-size":"auto","background-attachment":"scroll","background-type":"","background-media":"","overlay-type":"","overlay-color":"","overlay-opacity":"","overlay-gradient":""},"mobile":{"background-color":"","background-image":"","background-repeat":"repeat","background-position":"center center","background-size":"auto","background-attachment":"scroll","background-type":"","background-media":"","overlay-type":"","overlay-color":"","overlay-opacity":"","overlay-gradient":""}},"ast-content-background-meta":{"desktop":{"background-color":"var(--ast-global-color-5)","background-image":"","background-repeat":"repeat","background-position":"center center","background-size":"auto","background-attachment":"scroll","background-type":"","background-media":"","overlay-type":"","overlay-color":"","overlay-opacity":"","overlay-gradient":""},"tablet":{"background-color":"var(--ast-global-color-5)","background-image":"","background-repeat":"repeat","background-position":"center center","background-size":"auto","background-attachment":"scroll","background-type":"","background-media":"","overlay-type":"","overlay-color":"","overlay-opacity":"","overlay-gradient":""},"mobile":{"background-color":"var(--ast-global-color-5)","background-image":"","background-repeat":"repeat","background-position":"center center","background-size":"auto","background-attachment":"scroll","background-type":"","background-media":"","overlay-type":"","overlay-color":"","overlay-opacity":"","overlay-gradient":""}},"footnotes":""},"categories":[],"tags":[],"language":[],"agegroup":[],"material":[],"topic":[],"folder":[],"class_list":["post-3963","page","type-page","status-publish","hentry"],"_links":{"self":[{"href":"https:\/\/greencoolschools.eu\/hy\/wp-json\/wp\/v2\/pages\/3963","targetHints":{"allow":["GET"]}}],"collection":[{"href":"https:\/\/greencoolschools.eu\/hy\/wp-json\/wp\/v2\/pages"}],"about":[{"href":"https:\/\/greencoolschools.eu\/hy\/wp-json\/wp\/v2\/types\/page"}],"author":[{"embeddable":true,"href":"https:\/\/greencoolschools.eu\/hy\/wp-json\/wp\/v2\/users\/1"}],"replies":[{"embeddable":true,"href":"https:\/\/greencoolschools.eu\/hy\/wp-json\/wp\/v2\/comments?post=3963"}],"version-history":[{"count":0,"href":"https:\/\/greencoolschools.eu\/hy\/wp-json\/wp\/v2\/pages\/3963\/revisions"}],"up":[{"embeddable":true,"href":"https:\/\/greencoolschools.eu\/hy\/wp-json\/wp\/v2\/pages\/3811"}],"wp:attachment":[{"href":"https:\/\/greencoolschools.eu\/hy\/wp-json\/wp\/v2\/media?parent=3963"}],"wp:term":[{"taxonomy":"category","embeddable":true,"href":"https:\/\/greencoolschools.eu\/hy\/wp-json\/wp\/v2\/categories?post=3963"},{"taxonomy":"post_tag","embeddable":true,"href":"https:\/\/greencoolschools.eu\/hy\/wp-json\/wp\/v2\/tags?post=3963"},{"taxonomy":"language","embeddable":true,"href":"https:\/\/greencoolschools.eu\/hy\/wp-json\/wp\/v2\/language?post=3963"},{"taxonomy":"agegroup","embeddable":true,"href":"https:\/\/greencoolschools.eu\/hy\/wp-json\/wp\/v2\/agegroup?post=3963"},{"taxonomy":"material","embeddable":true,"href":"https:\/\/greencoolschools.eu\/hy\/wp-json\/wp\/v2\/material?post=3963"},{"taxonomy":"topic","embeddable":true,"href":"https:\/\/greencoolschools.eu\/hy\/wp-json\/wp\/v2\/topic?post=3963"},{"taxonomy":"folder","embeddable":true,"href":"https:\/\/greencoolschools.eu\/hy\/wp-json\/wp\/v2\/folder?post=3963"}],"curies":[{"name":"wp","href":"https:\/\/api.w.org\/{rel}","templated":true}]}}