{"id":3962,"date":"2022-08-06T16:19:55","date_gmt":"2022-08-06T14:19:55","guid":{"rendered":"https:\/\/greencoolschools.eu\/startseite\/impressum\/"},"modified":"2023-04-26T09:23:21","modified_gmt":"2023-04-26T07:23:21","slug":"impressum","status":"publish","type":"page","link":"https:\/\/greencoolschools.eu\/hy\/startseite\/impressum\/","title":{"rendered":"Impressum"},"content":{"rendered":"\n<p>Informationspflicht laut &sect;5 E-Commerce Gesetz, &sect;14 Unternehmensgesetzbuch, &sect;63 Gewerbeordnung und Offenlegungspflicht laut &sect;25 Mediengesetz.<\/p>\n\n\n\n<p>B-NK GmbH Diepoldplatz 6\/18 A-1170 Wien, &Ouml;sterreich Tel.:<a href=\"tel:+4319908996\">+43 1 9908996<\/a> E-Mail:&nbsp;<a href=\"mailto:office@b-nk.at\">office@b-nk.at<\/a><\/p>\n\n\n\n<p>Rechtsform: GmbH\r\nGesch&auml;ftsf&uuml;hrerin: Dipl.-Ing.in Dr.in Bente Knoll<\/p>\n\n\n\n<p>Unternehmensgegenstand: Ingenieurb&uuml;ro f&uuml;r Landschaftsplanung und Landschaftsarchitektur, Verkehrswesen und Verkehrswirtschaft, Unternehmensberatung<\/p>\n\n\n\n<p>Aufsichtsbeh&ouml;rde\/Gewerbebeh&ouml;rde: Magistratisches Bezirksamt des XVII. Bezirkes und BH Mistelbach\r\nVerleihungsstaat:&nbsp;&Ouml;sterreich\r\nUID-Nummer:&nbsp;ATU 67746308\r\nFirmenbuchnummer:&nbsp;391008 m\r\nFirmenbuchgericht:&nbsp;HG Wien\r\nFirmensitz:&nbsp;Wien<\/p>\n\n\n\n<p>Mitglied bei: WK Wien Fachgruppe Ingenieurb&uuml;ros (Beratende Ingenieure) WK Wien Fachgruppe Unternehmensberatung und Informationstechnologien\r\nBerufsrecht: Gewerbeordnung: www.ris.bka.gv.at<\/p>\n\n\n\n<p>B-NK GmbH ist beim Auftragnehmer Kataster (ANK&Ouml;) mit der Nummer 46436 gelistet.<\/p>\n","protected":false},"excerpt":{"rendered":"<p>Informationspflicht laut \u00a75 E-Commerce Gesetz, \u00a714 Unternehmensgesetzbuch, \u00a763 Gewerbeordnung und Offenlegungspflicht laut \u00a725 Mediengesetz. B-NK GmbH Diepoldplatz 6\/18 A-1170 Wien, \u00d6sterreich Tel.:+43 1 9908996 E-Mail:&nbsp;office@b-nk.at Rechtsform: GmbH Gesch\u00e4ftsf\u00fchrerin: Dipl.-Ing.in Dr.in Bente Knoll Unternehmensgegenstand: Ingenieurb\u00fcro f\u00fcr Landschaftsplanung und Landschaftsarchitektur, Verkehrswesen und Verkehrswirtschaft, Unternehmensberatung Aufsichtsbeh\u00f6rde\/Gewerbebeh\u00f6rde: Magistratisches Bezirksamt des XVII. Bezirkes und BH Mistelbach Verleihungsstaat:&nbsp;\u00d6sterreich UID-Nummer:&nbsp;ATU 67746308 Firmenbuchnummer:&nbsp;391008 [&hellip;]<\/p>\n","protected":false},"author":1,"featured_media":0,"parent":3811,"menu_order":0,"comment_status":"closed","ping_status":"closed","template":"","meta":{"site-sidebar-layout":"default","site-content-layout":"","ast-site-content-layout":"default","site-content-style":"default","site-sidebar-style":"default","ast-global-header-display":"","ast-banner-title-visibility":"","ast-main-header-display":"","ast-hfb-above-header-display":"","ast-hfb-below-header-display":"","ast-hfb-mobile-header-display":"","site-post-title":"","ast-breadcrumbs-content":"","ast-featured-img":"","footer-sml-layout":"","ast-disable-related-posts":"","theme-transparent-header-meta":"","adv-header-id-meta":"","stick-header-meta":"","header-above-stick-meta":"","header-main-stick-meta":"","header-below-stick-meta":"","astra-migrate-meta-layouts":"default","ast-page-background-enabled":"default","ast-page-background-meta":{"desktop":{"background-color":"var(--ast-global-color-4)","background-image":"","background-repeat":"repeat","background-position":"center center","background-size":"auto","background-attachment":"scroll","background-type":"","background-media":"","overlay-type":"","overlay-color":"","overlay-opacity":"","overlay-gradient":""},"tablet":{"background-color":"","background-image":"","background-repeat":"repeat","background-position":"center center","background-size":"auto","background-attachment":"scroll","background-type":"","background-media":"","overlay-type":"","overlay-color":"","overlay-opacity":"","overlay-gradient":""},"mobile":{"background-color":"","background-image":"","background-repeat":"repeat","background-position":"center center","background-size":"auto","background-attachment":"scroll","background-type":"","background-media":"","overlay-type":"","overlay-color":"","overlay-opacity":"","overlay-gradient":""}},"ast-content-background-meta":{"desktop":{"background-color":"var(--ast-global-color-5)","background-image":"","background-repeat":"repeat","background-position":"center center","background-size":"auto","background-attachment":"scroll","background-type":"","background-media":"","overlay-type":"","overlay-color":"","overlay-opacity":"","overlay-gradient":""},"tablet":{"background-color":"var(--ast-global-color-5)","background-image":"","background-repeat":"repeat","background-position":"center center","background-size":"auto","background-attachment":"scroll","background-type":"","background-media":"","overlay-type":"","overlay-color":"","overlay-opacity":"","overlay-gradient":""},"mobile":{"background-color":"var(--ast-global-color-5)","background-image":"","background-repeat":"repeat","background-position":"center center","background-size":"auto","background-attachment":"scroll","background-type":"","background-media":"","overlay-type":"","overlay-color":"","overlay-opacity":"","overlay-gradient":""}},"footnotes":""},"categories":[],"tags":[],"language":[],"agegroup":[],"material":[],"topic":[],"folder":[],"class_list":["post-3962","page","type-page","status-publish","hentry"],"_links":{"self":[{"href":"https:\/\/greencoolschools.eu\/hy\/wp-json\/wp\/v2\/pages\/3962","targetHints":{"allow":["GET"]}}],"collection":[{"href":"https:\/\/greencoolschools.eu\/hy\/wp-json\/wp\/v2\/pages"}],"about":[{"href":"https:\/\/greencoolschools.eu\/hy\/wp-json\/wp\/v2\/types\/page"}],"author":[{"embeddable":true,"href":"https:\/\/greencoolschools.eu\/hy\/wp-json\/wp\/v2\/users\/1"}],"replies":[{"embeddable":true,"href":"https:\/\/greencoolschools.eu\/hy\/wp-json\/wp\/v2\/comments?post=3962"}],"version-history":[{"count":0,"href":"https:\/\/greencoolschools.eu\/hy\/wp-json\/wp\/v2\/pages\/3962\/revisions"}],"up":[{"embeddable":true,"href":"https:\/\/greencoolschools.eu\/hy\/wp-json\/wp\/v2\/pages\/3811"}],"wp:attachment":[{"href":"https:\/\/greencoolschools.eu\/hy\/wp-json\/wp\/v2\/media?parent=3962"}],"wp:term":[{"taxonomy":"category","embeddable":true,"href":"https:\/\/greencoolschools.eu\/hy\/wp-json\/wp\/v2\/categories?post=3962"},{"taxonomy":"post_tag","embeddable":true,"href":"https:\/\/greencoolschools.eu\/hy\/wp-json\/wp\/v2\/tags?post=3962"},{"taxonomy":"language","embeddable":true,"href":"https:\/\/greencoolschools.eu\/hy\/wp-json\/wp\/v2\/language?post=3962"},{"taxonomy":"agegroup","embeddable":true,"href":"https:\/\/greencoolschools.eu\/hy\/wp-json\/wp\/v2\/agegroup?post=3962"},{"taxonomy":"material","embeddable":true,"href":"https:\/\/greencoolschools.eu\/hy\/wp-json\/wp\/v2\/material?post=3962"},{"taxonomy":"topic","embeddable":true,"href":"https:\/\/greencoolschools.eu\/hy\/wp-json\/wp\/v2\/topic?post=3962"},{"taxonomy":"folder","embeddable":true,"href":"https:\/\/greencoolschools.eu\/hy\/wp-json\/wp\/v2\/folder?post=3962"}],"curies":[{"name":"wp","href":"https:\/\/api.w.org\/{rel}","templated":true}]}}