{"id":3899,"date":"2022-10-04T05:57:22","date_gmt":"2022-10-04T03:57:22","guid":{"rendered":"https:\/\/greencoolschools.eu\/themen\/hitzeinseln\/regionale-informationen-hitzeinseln\/"},"modified":"2023-03-14T09:02:42","modified_gmt":"2023-03-14T08:02:42","slug":"regionale-informationen-hitzeinseln","status":"publish","type":"page","link":"https:\/\/greencoolschools.eu\/hy\/themen\/hitzeinseln\/regionale-informationen-hitzeinseln\/","title":{"rendered":"Regionale Informationen: Hitzeinseln"},"content":{"rendered":"\n<div class=\"inherit-container-width wp-block-group content-box-intro-outer content-type-regional is-layout-constrained wp-block-group-is-layout-constrained\"><div class=\"wp-block-group__inner-container\">\n<h1 class=\"wp-block-heading\">Regionale Informationen: Hitzeinseln<\/h1>\n<\/div><\/div>\n\n<h2 class=\"wp-block-heading\">Verwandte Aspekte in anderen L&auml;ndern<\/h2>\n\n<h3 class=\"wp-block-heading\">St&auml;dtische Hitzeinseln &ndash; ein Vergleich<\/h3>\n\n<p>Von st&auml;dtischen Hitzeinseln spricht man, wenn die Stadt h&ouml;here Temperaturen aufweist und sich auch in der Nacht weniger abk&uuml;hlt als das Umland. Dies liegt an dem hohen Anteil an versiegelten Fl&auml;chen, dichter Bebauung und begrenzten Gr&uuml;nfl&auml;chen und Vegetation. Daher stellen Hitzewellen insbesondere f&uuml;r St&auml;dte ein gro&szlig;es Problem dar (siehe auch: Hitzeinseln). Wo sind die w&auml;rmsten Regionen und urbanen Hitzeinseln in verschiedenen L&auml;ndern zu finden? Wir stellen hier die Hitzepunkte einiger L&auml;nder vor. Tipp: Vergleichen Sie gemeinsam mit Ihrer Klasse die aufgef&uuml;hrten Beispiele und lassen Sie sie einen Bezug zur eigenen Region und zu St&auml;dten in der Region herstellen. Haben sich die Temperaturen in der Heimatstadt oder Region in den letzten Jahrzehnten ver&auml;ndert? Lassen Sie die Klasse recherchieren.<\/p>\n\n<div class=\"inherit-container-width wp-block-group content-box-outer is-layout-constrained wp-block-group-is-layout-constrained\"><div class=\"wp-block-group__inner-container\">\n<div class=\"wp-block-columns content-box-header content-box-header-austria is-layout-flex wp-container-core-columns-is-layout-28f84493 wp-block-columns-is-layout-flex\">\n<div class=\"wp-block-column content-box-header-cols content-box-header-text content-box-header-text-austria is-layout-flow wp-block-column-is-layout-flow\" style=\"flex-basis:75%\">\n<p>&Ouml;STERREICH<\/p>\n<\/div>\n\n\n\n<div class=\"wp-block-column content-box-header-cols is-layout-flow wp-block-column-is-layout-flow\" style=\"flex-basis:66.66%\"><\/div>\n<\/div>\n\n\n\n<div class=\"wp-block-columns content-box-body content-box-body-spain is-layout-flex wp-container-core-columns-is-layout-28f84493 wp-block-columns-is-layout-flex\">\n<div class=\"wp-block-column content-box-body-cols content-box-body-image country-box-body-image is-layout-flow wp-block-column-is-layout-flow\" style=\"flex-basis:15%\">\n<figure class=\"wp-block-image aligncenter size-full\"><img loading=\"lazy\" decoding=\"async\" width=\"1000\" height=\"1000\" src=\"https:\/\/greencoolschools.eu\/wp-content\/uploads\/2022\/10\/flag_round_austria.png\" alt=\"\" class=\"wp-image-2381\" srcset=\"https:\/\/greencoolschools.eu\/wp-content\/uploads\/2022\/10\/flag_round_austria.png 1000w, https:\/\/greencoolschools.eu\/wp-content\/uploads\/2022\/10\/flag_round_austria-300x300.png 300w, https:\/\/greencoolschools.eu\/wp-content\/uploads\/2022\/10\/flag_round_austria-150x150.png 150w, https:\/\/greencoolschools.eu\/wp-content\/uploads\/2022\/10\/flag_round_austria-768x768.png 768w\" sizes=\"auto, (max-width: 1000px) 100vw, 1000px\" \/><\/figure><\/div>\n\n\n\n<div class=\"wp-block-column content-box-body-cols content-box-body-text content-box-body-text-austria is-layout-flow wp-block-column-is-layout-flow\" style=\"flex-basis:80%\">\n<p>In &Ouml;sterreich werden die hei&szlig;esten Temperaturen meist im &auml;u&szlig;ersten Osten gemessen, am &Uuml;bergang zu Ungarn und der Pannonischen Tiefebene. Zu den w&auml;rmsten St&auml;dten in &Ouml;sterreich z&auml;hlen Eisenstadt und Wien. In diesen St&auml;dten werden zusammen mit Graz auch die meisten Sommertage und Tropentage verzeichnet. Als Sommertage gelten Tage an denen die H&ouml;chsttemperatur mindestens 25 &deg;C betr&auml;gt, ab mindestens 30 &deg;C gelten diese als Tropentage. So wurden im Jahr 2021 in den St&auml;dten Eisenstadt, Wien und Graz &uuml;ber 80 Sommertage und 24 Tropentage verzeichnet. Das Jahresmittel, das bedeutete die durchschnittliche Temperatur &uuml;ber das ganze Jahr gerechnet, lag 2021 in Eisenstadt bei 11,2 &deg;C und in Wien bei 11,1 &deg;C, wobei dies im Zentrum von Wien &uuml;ber 12 &deg;C betrug. Damit waren diese beiden St&auml;dte die w&auml;rmsten &Ouml;sterrreichs. Die bisherige Rekordtemeratur in &Ouml;sterreich wurde &uuml;brigens 2013 mit 40,5 &deg;C im &ouml;stlichen Nieder&ouml;sterreich (Bad Deutsch-Altenburg) aufgezeichnet.<\/p>\n<\/div>\n<\/div>\n<\/div><\/div>\n\n<div class=\"inherit-container-width wp-block-group content-box-outer is-layout-constrained wp-block-group-is-layout-constrained\"><div class=\"wp-block-group__inner-container\">\n<div class=\"wp-block-columns content-box-header content-box-header-spain is-layout-flex wp-container-core-columns-is-layout-28f84493 wp-block-columns-is-layout-flex\">\n<div class=\"wp-block-column content-box-header-cols content-box-header-text content-box-header-text-germany is-layout-flow wp-block-column-is-layout-flow\" style=\"flex-basis:75%\">\n<p>DEUTSCHLAND<\/p>\n<\/div>\n\n\n\n<div class=\"wp-block-column content-box-header-cols is-layout-flow wp-block-column-is-layout-flow\" style=\"flex-basis:66.66%\"><\/div>\n<\/div>\n\n\n\n<div class=\"wp-block-columns content-box-body content-box-body-germany is-layout-flex wp-container-core-columns-is-layout-28f84493 wp-block-columns-is-layout-flex\">\n<div class=\"wp-block-column content-box-body-cols content-box-body-image country-box-body-image is-layout-flow wp-block-column-is-layout-flow\" style=\"flex-basis:15%\">\n<figure class=\"wp-block-image aligncenter size-full\"><img loading=\"lazy\" decoding=\"async\" width=\"1000\" height=\"1000\" src=\"https:\/\/greencoolschools.eu\/wp-content\/uploads\/2022\/10\/flag_round_germany.png\" alt=\"\" class=\"wp-image-2391\" srcset=\"https:\/\/greencoolschools.eu\/wp-content\/uploads\/2022\/10\/flag_round_germany.png 1000w, https:\/\/greencoolschools.eu\/wp-content\/uploads\/2022\/10\/flag_round_germany-300x300.png 300w, https:\/\/greencoolschools.eu\/wp-content\/uploads\/2022\/10\/flag_round_germany-150x150.png 150w, https:\/\/greencoolschools.eu\/wp-content\/uploads\/2022\/10\/flag_round_germany-768x768.png 768w\" sizes=\"auto, (max-width: 1000px) 100vw, 1000px\" \/><\/figure><\/div>\n\n\n\n<div class=\"wp-block-column content-box-body-cols content-box-body-text content-box-body-text-germany is-layout-flow wp-block-column-is-layout-flow\" style=\"flex-basis:80%\">\n<p>Die Frage nach dem hei&szlig;esten Ort kann auf unterschiedliche Weise verstanden &ndash; und beantwortet werden. Einerseits k&ouml;nnen kurzzeitige Hitzeextreme angesehen werden. So gesehen, wurden u. a. in Karlsruhe, Freiburg, Kitzingen, Geilenkirchen, Duisburg-Baerl, K&ouml;ln-Stammheim, Kleve und Lingen\/Ems bereits Temperaturen &uuml;ber 40&deg;C gemessen. Mit jedem hei&szlig;en Sommer k&ouml;nnen neue Orte hinzukommen. Andererseits k&ouml;nnen die mittleren Temperaturen eines Jahres &ndash; oder auch &uuml;ber mehrere Jahre hinweg &ndash; betrachtet werden. Die h&ouml;chste mittlere Temperatur im Jahr 2021 wurde mit 11,4 &deg;C in K&ouml;ln-Stammheim ermittelt &ndash; das waren 2,3 &deg;C mehr als der bundesweite Mittelwert im selben Jahr.\r\n\r\n<strong>Weitere Quellen:<\/strong><\/p>\n\n\n\n<ul class=\"wp-block-list\">\n<li><a href=\"https:\/\/home.meinestadt.de\/deutschland\/magazin\/wissenswertes-ueber-deutschland\/rankings\/hitzerekorde-in-deutschland\" target=\"_blank\" rel=\"noreferrer noopener\">https:\/\/home.meinestadt.de\/deutschland\/magazin\/wissenswertes-ueber-deutschland\/rankings\/hitzerekorde-in-deutschland<\/a><\/li>\n\n\n\n<li><a href=\"https:\/\/www.morgenpost.de\/vermischtes\/article235869213\/hitze-rekorde-sommer-heisseste-orte-deutschland.html\" target=\"_blank\" rel=\"noreferrer noopener\">https:\/\/www.morgenpost.de\/vermischtes\/article235869213\/hitze-rekorde-sommer-heisseste-orte-deutschland.html<\/a><\/li>\n\n\n\n<li><a href=\"https:\/\/de.statista.com\/statistik\/daten\/studie\/1070875\/umfrage\/waermste-orte-in-deutschland-nach-durchschnittstemperatur\/\">https:\/\/de.statista.com\/statistik\/daten\/studie\/1070875\/umfrage\/waermste-orte-in-deutschland-nach-durchschnittstemperatur\/<\/a><\/li>\n<\/ul>\n<\/div>\n<\/div>\n<\/div><\/div>\n\n<div class=\"inherit-container-width wp-block-group content-box-outer is-layout-constrained wp-block-group-is-layout-constrained\"><div class=\"wp-block-group__inner-container\">\n<div class=\"wp-block-columns content-box-header content-box-header-spain is-layout-flex wp-container-core-columns-is-layout-28f84493 wp-block-columns-is-layout-flex\">\n<div class=\"wp-block-column content-box-header-cols content-box-header-text content-box-header-text-spain is-layout-flow wp-block-column-is-layout-flow\" style=\"flex-basis:75%\">\n<p>SPANIEN<\/p>\n<\/div>\n\n\n\n<div class=\"wp-block-column content-box-header-cols is-layout-flow wp-block-column-is-layout-flow\" style=\"flex-basis:66.66%\"><\/div>\n<\/div>\n\n\n\n<div class=\"wp-block-columns content-box-body content-box-body-spain is-layout-flex wp-container-core-columns-is-layout-28f84493 wp-block-columns-is-layout-flex\">\n<div class=\"wp-block-column content-box-body-cols content-box-body-image country-box-body-image is-layout-flow wp-block-column-is-layout-flow\" style=\"flex-basis:15%\">\n<figure class=\"wp-block-image aligncenter size-full\"><img loading=\"lazy\" decoding=\"async\" width=\"1000\" height=\"1000\" src=\"https:\/\/greencoolschools.eu\/wp-content\/uploads\/2022\/10\/flag_round_spain.png\" alt=\"\" class=\"wp-image-2396\" srcset=\"https:\/\/greencoolschools.eu\/wp-content\/uploads\/2022\/10\/flag_round_spain.png 1000w, https:\/\/greencoolschools.eu\/wp-content\/uploads\/2022\/10\/flag_round_spain-300x300.png 300w, https:\/\/greencoolschools.eu\/wp-content\/uploads\/2022\/10\/flag_round_spain-150x150.png 150w, https:\/\/greencoolschools.eu\/wp-content\/uploads\/2022\/10\/flag_round_spain-768x768.png 768w\" sizes=\"auto, (max-width: 1000px) 100vw, 1000px\" \/><\/figure><\/div>\n\n\n\n<div class=\"wp-block-column content-box-body-cols content-box-body-text content-box-body-text-spain is-layout-flow wp-block-column-is-layout-flow\" style=\"flex-basis:80%\">\n<p>Die Temperaturverteilung in Spanien ist aufgrund der unterschiedlichen Topographie und geografischen Lage sehr ungleichm&auml;&szlig;ig. Die Durchschnittstemperatur in Spanien im Jahr 2021 betrug 14,2 &deg;C mit Schwankungen zwischen 0 &deg;C und 22 &deg;C. Erstere kommen in den Pyren&auml;en, den kantabrischen und iberischen Gebirgsz&uuml;gen und der Sierra Nevada vor, w&auml;hrend letztere im &auml;u&szlig;ersten S&uuml;den des Landes an den K&uuml;sten der &ouml;stlichen Kanarischen Inseln vorkommen.<\/p>\n\n\n\n<p>Juli und August sind die w&auml;rmsten Monate des Jahres, w&auml;hrend der Januar der k&auml;lteste ist. Die Durchschnittstemperaturen im Juli &uuml;bersteigen im gesamten Gebiet 25 &deg;C, au&szlig;er an der kantabrischen K&uuml;ste, die aufgrund des mildernden Einflusses des Meeres und der Brise niedriger ist, und in den h&ouml;chsten Lagen der Hauptgebirge.<\/p>\n\n\n\n<p>Den Temperaturrekord in Spanien h&auml;lt die Gemeinde Montoro (C&oacute;rdoba) mit 47,4 &deg;C am 14. August 2021 (Quelle: Aemet). Sevilla ist jedoch die Stadt mit der h&ouml;chsten durchschnittlichen Jahrestemperatur von 19,2 &deg;C sowie dem h&ouml;chsten Durchschnitt im Sommer mit 28,2 &deg;C im Juli. Gleichzeitig verzeichnete das Baskenland im Juni 2022 mit 42,7 &deg;C den h&ouml;chsten Temperaturrekord in Hondarribia (Gipuzkoa).<\/p>\n\n\n\n<p>Quellen:<\/p>\n\n\n\n<p><a href=\"http:\/\/atlasnacional.ign.es\/wane\/Clima\">http:\/\/atlasnacional.ign.es\/wane\/Clima<\/a><\/p>\n\n\n\n<p><a href=\"https:\/\/www.aemet.es\/en\/noticias\/2022\/01\/2021_resumen_climatico\">https:\/\/www.aemet.es\/en\/noticias\/2022\/01\/2021_resumen_climatico<\/a><\/p>\n\n\n\n<p><a href=\"https:\/\/es.wikipedia.org\/wiki\/Clima_de_Espa%C3%B1a#:~:text=La%20temperatura%20media%20anual%20ronda,y%20los%2018%20%C2%B0C\">https:\/\/es.wikipedia.org\/wiki\/Clima_de_Espa%C3%B1a#:~:text=La%20temperatura%20media%20anual%20ronda,y%20los%2018%20%C2%B0C<\/a><\/p>\n<\/div>\n<\/div>\n<\/div><\/div>\n\n<h2 class=\"wp-block-heading\">Landesspezifische informationen<\/h2>\n\n<div class=\"inherit-container-width wp-block-group content-box-outer is-layout-constrained wp-block-group-is-layout-constrained\"><div class=\"wp-block-group__inner-container\">\n<div class=\"wp-block-columns content-box-header content-box-header-related is-layout-flex wp-container-core-columns-is-layout-28f84493 wp-block-columns-is-layout-flex\">\n<div class=\"wp-block-column content-box-header-cols content-box-header-text content-box-header-text-related is-layout-flow wp-block-column-is-layout-flow\" style=\"flex-basis:95%\">\n<p>REGIONALE INFORMATIONEN<\/p>\n<\/div>\n\n\n\n<div class=\"wp-block-column content-box-header-cols is-layout-flow wp-block-column-is-layout-flow\" style=\"flex-basis:5%\"><\/div>\n<\/div>\n\n\n\n<div class=\"wp-block-columns content-box-body content-box-body-related is-layout-flex wp-container-core-columns-is-layout-28f84493 wp-block-columns-is-layout-flex\">\n<div class=\"wp-block-column content-box-body-cols content-box-body-image is-layout-flow wp-block-column-is-layout-flow\" style=\"flex-basis:25%\">\n<figure class=\"wp-block-image size-full\"><img loading=\"lazy\" decoding=\"async\" width=\"133\" height=\"133\" src=\"https:\/\/greencoolschools.eu\/wp-content\/uploads\/2022\/08\/img_info.png\" alt=\"\" class=\"wp-image-437\"><\/figure><\/div>\n\n\n\n<div class=\"wp-block-column content-box-body-cols content-box-body-text content-box-body-text-related is-layout-flow wp-block-column-is-layout-flow\" style=\"flex-basis:66.66%\"><div class=\"ultp-post-grid-block wp-block-ultimate-post-post-list-3 ultp-block-44da02 regional-information-post-list\"><div class=\"ultp-block-wrapper\"><div class=\"ultp-loading\"><div class=\"ultp-loading-blocks\" style=\"width:100%;height:100%;\"><div style=\"left: 0;top: 0;animation-delay:0s;\"><\/div><div style=\"left: 21px;top: 0;animation-delay:0.125s;\"><\/div><div style=\"left: 42px;top: 0;animation-delay:0.25s;\"><\/div><div style=\"left: 0;top: 21px;animation-delay:0.875s;\"><\/div><div style=\"left: 42px;top: 21px;animation-delay:0.375s;\"><\/div><div style=\"left: 0;top: 42px;animation-delay:0.75s;\"><\/div><div style=\"left: 42px;top: 42px;animation-delay:0.625s;\"><\/div><div style=\"left: 21px;top: 42px;animation-delay:0.5s;\"><\/div><\/div><\/div><div class=\"ultp-block-items-wrap ultp-block-row ultp-block-column-1 ultp-block-content-middle ultp-layout1\"><section class=\"ultp-block-item ultp-block-media post-id-6505\"><div class=\"ultp-block-content-wrap\"><div class=\"ultp-block-content\"><h3 class=\"ultp-block-title \"><a href=\"https:\/\/greencoolschools.eu\/hy\/weiterfuehrende-unterrichtsmaterialien-zu-klima-und-klimawandel\/\">Weiterf&uuml;hrende Unterrichtsmaterialien zu Klima und Klimawandel<\/a><\/h3><div class=\"ultp-block-excerpt\"><p>https:\/\/www.klimabuendnis.at\/images\/doku\/Klimafakten_Klimawandel_fin_2019.pdf<\/p>\n<\/div><\/div><\/div><\/section><section class=\"ultp-block-item ultp-block-media post-id-6502\"><div class=\"ultp-block-content-wrap\"><div class=\"ultp-block-content\"><h3 class=\"ultp-block-title \"><a href=\"https:\/\/greencoolschools.eu\/hy\/hintergruende-zum-klima-in-oesterreich\/\">Hintergr&uuml;nde zum Klima in &Ouml;sterreich<\/a><\/h3><div class=\"ultp-block-excerpt\"><p>https:\/\/www.zamg.ac.at\/cms\/de\/klima<\/p>\n<\/div><\/div><\/div><\/section><section class=\"ultp-block-item ultp-block-media post-id-6499\"><div class=\"ultp-block-content-wrap\"><div class=\"ultp-block-content\"><h3 class=\"ultp-block-title \"><a href=\"https:\/\/greencoolschools.eu\/hy\/information-und-strategien-zu-urbanen-hitzeinseln-inklusive-kurzvideo\/\">Information und Strategien zu urbanen Hitzeinseln inklusive Kurzvideo<\/a><\/h3><div class=\"ultp-block-excerpt\"><p>(Dauer: ca. 3 Minuten) https:\/\/www.wien.gv.at\/umweltschutz\/uhi.html<\/p>\n<\/div><\/div><\/div><\/section><section class=\"ultp-block-item ultp-block-media post-id-6496\"><div class=\"ultp-block-content-wrap\"><div class=\"ultp-block-content\"><h3 class=\"ultp-block-title \"><a href=\"https:\/\/greencoolschools.eu\/hy\/ursachen-und-hintergruende-zum-klimawandel\/\">Ursachen und Hintergr&uuml;nde zum Klimawandel<\/a><\/h3><div class=\"ultp-block-excerpt\"><p>https:\/\/www.umweltbildung.at\/praxismaterial\/ursachen-und-hintergruende-zum-klimawandel\/<\/p>\n<\/div><\/div><\/div><\/section><section class=\"ultp-block-item ultp-block-media post-id-6493\"><div class=\"ultp-block-content-wrap\"><div class=\"ultp-block-content\"><h3 class=\"ultp-block-title \"><a href=\"https:\/\/greencoolschools.eu\/hy\/kurzvideo-in-dem-der-treibhauseffekt-erklaert-wird\/\">Kurzvideo, in dem der Treibhauseffekt erkl&auml;rt wird<\/a><\/h3><div class=\"ultp-block-excerpt\"><p>Was ist eigentlich ein <a href=\"https:\/\/greencoolschools.eu\/hy\/glossary\/treibhauseffekt\/\" target=\"_self\" title=\"In Form von ultravioletter Strahlung treffen die Sonnenstrahlen auf die Erde. Ein Teil wird reflektiert. Auf dem Weg in die Atmosph&auml;re werden wiederum Gase wie Kohlenstoffdioxid (CO2), Ozon und Wasserdampf in Form von infraroter Strahlung zur Erde reflektiert. Dieser Effekt w&auml;rmt die Erde auf wie ein Treibhaus und sorgt f&uuml;r eine Mitteltemperatur von 15 &deg;C (anstatt von -18 &deg;C). Dieses nat&uuml;rliche Gleichgewicht wird vom Menschen durch hohe Gasausst&ouml;&szlig;e, die immer mehr Strahlung zur Erde reflektieren, gest&ouml;rt, wodurch die Temperatur ansteigt. Dies ist der anthropogene Treibhauseffekt, der am aktuellen Klimawandel mitwirkt.\" class=\"encyclopedia\">Treibhauseffekt<\/a>, Klimawandel oder eine Erderw&auml;rmung? https:\/\/www.youtube.com\/watch?v=5ijfVTLZFVE (Dauer: ca. 4 Minuten)<\/p>\n<\/div><\/div><\/div><\/section><\/div><\/div><div class=\"pagination-block-html\" aria-hidden=\"true\" style=\"display: none;\"><\/div><\/div><\/div>\n<\/div>\n<\/div><\/div>\n","protected":false},"excerpt":{"rendered":"<p>Regionale Informationen: Hitzeinseln Verwandte Aspekte in anderen L\u00e4ndern St\u00e4dtische Hitzeinseln &#8211; ein Vergleich Von st\u00e4dtischen Hitzeinseln spricht man, wenn die Stadt h\u00f6here Temperaturen aufweist und sich auch in der Nacht weniger abk\u00fchlt als das Umland. Dies liegt an dem hohen Anteil an versiegelten Fl\u00e4chen, dichter Bebauung und begrenzten Gr\u00fcnfl\u00e4chen und Vegetation. Daher stellen Hitzewellen insbesondere [&hellip;]<\/p>\n","protected":false},"author":1,"featured_media":0,"parent":2860,"menu_order":990,"comment_status":"closed","ping_status":"closed","template":"","meta":{"site-sidebar-layout":"default","site-content-layout":"","ast-site-content-layout":"default","site-content-style":"default","site-sidebar-style":"default","ast-global-header-display":"","ast-banner-title-visibility":"","ast-main-header-display":"","ast-hfb-above-header-display":"","ast-hfb-below-header-display":"","ast-hfb-mobile-header-display":"","site-post-title":"","ast-breadcrumbs-content":"","ast-featured-img":"","footer-sml-layout":"","ast-disable-related-posts":"","theme-transparent-header-meta":"","adv-header-id-meta":"","stick-header-meta":"","header-above-stick-meta":"","header-main-stick-meta":"","header-below-stick-meta":"","astra-migrate-meta-layouts":"default","ast-page-background-enabled":"default","ast-page-background-meta":{"desktop":{"background-color":"var(--ast-global-color-4)","background-image":"","background-repeat":"repeat","background-position":"center center","background-size":"auto","background-attachment":"scroll","background-type":"","background-media":"","overlay-type":"","overlay-color":"","overlay-opacity":"","overlay-gradient":""},"tablet":{"background-color":"","background-image":"","background-repeat":"repeat","background-position":"center center","background-size":"auto","background-attachment":"scroll","background-type":"","background-media":"","overlay-type":"","overlay-color":"","overlay-opacity":"","overlay-gradient":""},"mobile":{"background-color":"","background-image":"","background-repeat":"repeat","background-position":"center center","background-size":"auto","background-attachment":"scroll","background-type":"","background-media":"","overlay-type":"","overlay-color":"","overlay-opacity":"","overlay-gradient":""}},"ast-content-background-meta":{"desktop":{"background-color":"var(--ast-global-color-5)","background-image":"","background-repeat":"repeat","background-position":"center center","background-size":"auto","background-attachment":"scroll","background-type":"","background-media":"","overlay-type":"","overlay-color":"","overlay-opacity":"","overlay-gradient":""},"tablet":{"background-color":"var(--ast-global-color-5)","background-image":"","background-repeat":"repeat","background-position":"center center","background-size":"auto","background-attachment":"scroll","background-type":"","background-media":"","overlay-type":"","overlay-color":"","overlay-opacity":"","overlay-gradient":""},"mobile":{"background-color":"var(--ast-global-color-5)","background-image":"","background-repeat":"repeat","background-position":"center center","background-size":"auto","background-attachment":"scroll","background-type":"","background-media":"","overlay-type":"","overlay-color":"","overlay-opacity":"","overlay-gradient":""}},"footnotes":""},"categories":[112],"tags":[69],"language":[64],"agegroup":[],"material":[],"topic":[],"folder":[37],"class_list":["post-3899","page","type-page","status-publish","hentry","category-regional-information-hy-2","tag-heat-islands","language-english"],"_links":{"self":[{"href":"https:\/\/greencoolschools.eu\/hy\/wp-json\/wp\/v2\/pages\/3899","targetHints":{"allow":["GET"]}}],"collection":[{"href":"https:\/\/greencoolschools.eu\/hy\/wp-json\/wp\/v2\/pages"}],"about":[{"href":"https:\/\/greencoolschools.eu\/hy\/wp-json\/wp\/v2\/types\/page"}],"author":[{"embeddable":true,"href":"https:\/\/greencoolschools.eu\/hy\/wp-json\/wp\/v2\/users\/1"}],"replies":[{"embeddable":true,"href":"https:\/\/greencoolschools.eu\/hy\/wp-json\/wp\/v2\/comments?post=3899"}],"version-history":[{"count":0,"href":"https:\/\/greencoolschools.eu\/hy\/wp-json\/wp\/v2\/pages\/3899\/revisions"}],"up":[{"embeddable":true,"href":"https:\/\/greencoolschools.eu\/hy\/wp-json\/wp\/v2\/pages\/2860"}],"wp:attachment":[{"href":"https:\/\/greencoolschools.eu\/hy\/wp-json\/wp\/v2\/media?parent=3899"}],"wp:term":[{"taxonomy":"category","embeddable":true,"href":"https:\/\/greencoolschools.eu\/hy\/wp-json\/wp\/v2\/categories?post=3899"},{"taxonomy":"post_tag","embeddable":true,"href":"https:\/\/greencoolschools.eu\/hy\/wp-json\/wp\/v2\/tags?post=3899"},{"taxonomy":"language","embeddable":true,"href":"https:\/\/greencoolschools.eu\/hy\/wp-json\/wp\/v2\/language?post=3899"},{"taxonomy":"agegroup","embeddable":true,"href":"https:\/\/greencoolschools.eu\/hy\/wp-json\/wp\/v2\/agegroup?post=3899"},{"taxonomy":"material","embeddable":true,"href":"https:\/\/greencoolschools.eu\/hy\/wp-json\/wp\/v2\/material?post=3899"},{"taxonomy":"topic","embeddable":true,"href":"https:\/\/greencoolschools.eu\/hy\/wp-json\/wp\/v2\/topic?post=3899"},{"taxonomy":"folder","embeddable":true,"href":"https:\/\/greencoolschools.eu\/hy\/wp-json\/wp\/v2\/folder?post=3899"}],"curies":[{"name":"wp","href":"https:\/\/api.w.org\/{rel}","templated":true}]}}