{"id":3632,"date":"2022-11-17T11:33:22","date_gmt":"2022-11-17T10:33:22","guid":{"rendered":"https:\/\/greencoolschools.eu\/ueber-das-projekt-das-team-2\/ueber-das-team\/"},"modified":"2024-09-02T10:13:45","modified_gmt":"2024-09-02T08:13:45","slug":"ueber-das-team","status":"publish","type":"page","link":"https:\/\/greencoolschools.eu\/hy\/ueber-das-projekt-das-team\/ueber-das-team\/","title":{"rendered":"\u00dcber das Team"},"content":{"rendered":"\n<h1 class=\"wp-block-heading\">&Uuml;ber das Team<\/h1>\n\n<p>Das internationale Projektteam teilt einen gro&szlig;en Erfahrungsschatz in der Zusammenarbeit mit Schulen zu den Themen Begr&uuml;nung, Nachhaltigkeit und Klima, einschlie&szlig;lich der Umsetzung von Begr&uuml;nungen in Schulen und der Entwicklung von didaktischen Materialien. Das Projekt baute auf der langj&auml;hrigen Besch&auml;ftigung der Projektleitung (dem &ouml;sterreichischen KMU B-NK) mit gr&uuml;ner Schularchitektur sowie vertikaler Fassadenbegr&uuml;nung und der daraus abgeleiteten inklusiven Nachhaltigkeitsbildung auf.<\/p>\n\n<div class=\"wp-block-columns is-layout-flex wp-container-core-columns-is-layout-28f84493 wp-block-columns-is-layout-flex\">\n<div class=\"wp-block-column is-layout-flow wp-block-column-is-layout-flow\" style=\"flex-basis:30%\">\n<figure class=\"wp-block-image aligncenter size-large\"><img loading=\"lazy\" decoding=\"async\" width=\"1024\" height=\"724\" src=\"https:\/\/greencoolschools.eu\/wp-content\/uploads\/2024\/08\/Logo_B-NK_mit-Text-2zeilig_transparent-1024x724.png\" alt=\"\" class=\"wp-image-9813\"><\/figure><\/div>\n\n\n\n<div class=\"wp-block-column is-layout-flow wp-block-column-is-layout-flow\" style=\"flex-basis:70%\">\n<p><strong>B-NK GmbH<\/strong><strong>:<\/strong> Gr&uuml;n ist das Ergebnis von Wachstum. Das B-NK B&uuml;ro f&uuml;r nachhaltige Kompetenz begleitet und ber&auml;t daher seit 2004 in Prozessen der Landschaftsplanung, der Begr&uuml;nung (insbesondere klima-, boden- und pflanzenbezogene Gutachten) sowie der Planung und Pflege von begr&uuml;nten Geb&auml;uden und Freifl&auml;chen. B-NK ist darauf spezialisiert, scheinbar geschlechtsneutrale Bereiche wie Stadt-, Landschafts- und Verkehrsplanung, Mobilit&auml;tsforschung, Technik und Ingenieurwesen, Umwelt- und Nachhaltigkeitsforschung sowie Planungs- und Kommunikationsprozesse und technologieorientierte Forschungs und Entwicklungsprojekte aus einer gendersensiblen Perspektive zu betrachten. Das Unternehmen f&ouml;rdert den Dialog, st&auml;rkt Bewusstsein und soziale Nachhaltigkeit und vermittelt Know-how in Kommunen, St&auml;dten, Gemeinden und Organisationen, darunter auch Bildungseinrichtungen &ndash; vor, w&auml;hrend und nach der Begr&uuml;nung.<\/p>\n<\/div>\n<\/div>\n\n<div class=\"wp-block-columns is-layout-flex wp-container-core-columns-is-layout-28f84493 wp-block-columns-is-layout-flex\">\n<div class=\"wp-block-column is-layout-flow wp-block-column-is-layout-flow\" style=\"flex-basis:30%\">\n<figure class=\"wp-block-image aligncenter size-full\"><img loading=\"lazy\" decoding=\"async\" width=\"720\" height=\"468\" src=\"https:\/\/greencoolschools.eu\/wp-content\/uploads\/2022\/04\/prospektiker_logo.png\" alt=\"\" class=\"wp-image-58\" srcset=\"https:\/\/greencoolschools.eu\/wp-content\/uploads\/2022\/04\/prospektiker_logo.png 720w, https:\/\/greencoolschools.eu\/wp-content\/uploads\/2022\/04\/prospektiker_logo-300x195.png 300w\" sizes=\"auto, (max-width: 720px) 100vw, 720px\" \/><\/figure><\/div>\n\n\n\n<div class=\"wp-block-column is-layout-flow wp-block-column-is-layout-flow\" style=\"flex-basis:70%\">\n<p><strong>Prospektiker<\/strong> ist ein spanisches Privatunternehmen, das sich auf vorausschauende und prospektiv &ndash; strategische Studien f&uuml;r den &ouml;ffentlichen und privaten Sektor spezialisiert hat. Das Hauptziel des Unternehmens besteht darin, Organisationen bei der Erforschung von Zukunftsszenarien und der Untersuchung m&ouml;glicher Strategien zu unterst&uuml;tzen, um auf die vielen wirtschaftlichen, &ouml;kologischen, technologischen, sozialen und kulturellen Faktoren, die die Welt beeinflussen zu reagieren. Prospektiker z&auml;hlt auf ein professionelles Team, das auf verschiedene Disziplinen spezialisiert ist. Dieses Expert:innen-Team verf&uuml;gt &uuml;ber einen gro&szlig;en Erfahrungsschatz in der Durchf&uuml;hrung von Beratungsprojekten f&uuml;r strategische und vorausschauende Planungsbereiche sowie f&uuml;r andere Arten von Unternehmens-\/ Organisationsberatungsprojekten. Energie, Umwelt und Stadtplanung ist eines der Hauptgesch&auml;ftsfelder.<\/p>\n<\/div>\n<\/div>\n\n<div class=\"wp-block-columns is-layout-flex wp-container-core-columns-is-layout-28f84493 wp-block-columns-is-layout-flex\">\n<div class=\"wp-block-column is-layout-flow wp-block-column-is-layout-flow\" style=\"flex-basis:30%\">\n<figure class=\"wp-block-image aligncenter size-full\"><img loading=\"lazy\" decoding=\"async\" width=\"600\" height=\"528\" src=\"https:\/\/greencoolschools.eu\/wp-content\/uploads\/2024\/08\/Neu-Logo-UBN_041_kl_transparent.png\" alt=\"\" class=\"wp-image-9818\" srcset=\"https:\/\/greencoolschools.eu\/wp-content\/uploads\/2024\/08\/Neu-Logo-UBN_041_kl_transparent.png 600w, https:\/\/greencoolschools.eu\/wp-content\/uploads\/2024\/08\/Neu-Logo-UBN_041_kl_transparent-300x264.png 300w\" sizes=\"auto, (max-width: 600px) 100vw, 600px\" \/><\/figure><\/div>\n\n\n\n<div class=\"wp-block-column is-layout-flow wp-block-column-is-layout-flow\" style=\"flex-basis:70%\">\n<p><strong>Umweltbuero Nord e.V.<\/strong> ist ein kleiner gemeinn&uuml;tziger Verein aus Deutschland, der 1997 in der Hansestadt Stralsund gegr&uuml;ndet wurde. Die Organisation engagiert sich &uuml;berwiegend im Bereich Umweltinformation &amp; -bildung und arbeitet auf regionaler und nationaler Ebene mit einem Interesse an internationalem Austausch und Kooperation. Das Partner Umweltb&uuml;ro hat sich mit seinem Programm &bdquo;Klima Detektive&ldquo; auf die Klimabildung an Schulen spezialisiert.<\/p>\n<\/div>\n<\/div>\n\n<div class=\"inherit-container-width wp-block-group footer-eu-disclaimer-outer is-layout-constrained wp-block-group-is-layout-constrained\"><div class=\"wp-block-group__inner-container\">\n<div class=\"wp-block-columns footer-eu-disclaimer-columns is-layout-flex wp-container-core-columns-is-layout-28f84493 wp-block-columns-is-layout-flex\">\n<div class=\"wp-block-column footer-eu-disclaimer-col-image is-layout-flow wp-block-column-is-layout-flow\" style=\"flex-basis:20%\">\n<figure class=\"wp-block-image size-full\"><img loading=\"lazy\" decoding=\"async\" width=\"400\" height=\"268\" src=\"https:\/\/greencoolschools.eu\/wp-content\/uploads\/2022\/08\/eu-flag.png\" alt=\"\" class=\"wp-image-1154\" srcset=\"https:\/\/greencoolschools.eu\/wp-content\/uploads\/2022\/08\/eu-flag.png 400w, https:\/\/greencoolschools.eu\/wp-content\/uploads\/2022\/08\/eu-flag-300x201.png 300w\" sizes=\"auto, (max-width: 400px) 100vw, 400px\" \/><\/figure><\/div>\n\n\n\n<div class=\"wp-block-column footer-eu-disclaimer-col-text is-layout-flow wp-block-column-is-layout-flow\" style=\"flex-basis:80%\">\n<p class=\"footer-eu-disclaimer-text\"><em>Dieses Projekt wurde mit Unterst&uuml;tzung der Europ&auml;ischen Kommission finanziert. Die Verantwortung f&uuml;r den Inhalt dieser Ver&ouml;ffentlichung tr&auml;gt allein der Verfasser; die Kommission haftet nicht f&uuml;r die weitere Verwendung der darin enthaltenen Angaben.<\/em><\/p>\n<\/div>\n<\/div>\n<\/div><\/div>\n","protected":false},"excerpt":{"rendered":"<p>Das internationale Projektteam teilt einen gro\u00dfen Erfahrungsschatz in der Zusammenarbeit mit Schulen zu den Themen Begr\u00fcnung, Nachhaltigkeit und Klima, einschlie\u00dflich der Umsetzung von Begr\u00fcnungen in Schulen und der Entwicklung von didaktischen Materialien.<\/p>\n","protected":false},"author":1,"featured_media":0,"parent":2868,"menu_order":950,"comment_status":"closed","ping_status":"closed","template":"","meta":{"site-sidebar-layout":"default","site-content-layout":"","ast-site-content-layout":"default","site-content-style":"default","site-sidebar-style":"default","ast-global-header-display":"","ast-banner-title-visibility":"","ast-main-header-display":"","ast-hfb-above-header-display":"","ast-hfb-below-header-display":"","ast-hfb-mobile-header-display":"","site-post-title":"","ast-breadcrumbs-content":"","ast-featured-img":"","footer-sml-layout":"","ast-disable-related-posts":"","theme-transparent-header-meta":"","adv-header-id-meta":"","stick-header-meta":"","header-above-stick-meta":"","header-main-stick-meta":"","header-below-stick-meta":"","astra-migrate-meta-layouts":"default","ast-page-background-enabled":"default","ast-page-background-meta":{"desktop":{"background-color":"var(--ast-global-color-4)","background-image":"","background-repeat":"repeat","background-position":"center center","background-size":"auto","background-attachment":"scroll","background-type":"","background-media":"","overlay-type":"","overlay-color":"","overlay-opacity":"","overlay-gradient":""},"tablet":{"background-color":"","background-image":"","background-repeat":"repeat","background-position":"center center","background-size":"auto","background-attachment":"scroll","background-type":"","background-media":"","overlay-type":"","overlay-color":"","overlay-opacity":"","overlay-gradient":""},"mobile":{"background-color":"","background-image":"","background-repeat":"repeat","background-position":"center center","background-size":"auto","background-attachment":"scroll","background-type":"","background-media":"","overlay-type":"","overlay-color":"","overlay-opacity":"","overlay-gradient":""}},"ast-content-background-meta":{"desktop":{"background-color":"var(--ast-global-color-5)","background-image":"","background-repeat":"repeat","background-position":"center center","background-size":"auto","background-attachment":"scroll","background-type":"","background-media":"","overlay-type":"","overlay-color":"","overlay-opacity":"","overlay-gradient":""},"tablet":{"background-color":"var(--ast-global-color-5)","background-image":"","background-repeat":"repeat","background-position":"center center","background-size":"auto","background-attachment":"scroll","background-type":"","background-media":"","overlay-type":"","overlay-color":"","overlay-opacity":"","overlay-gradient":""},"mobile":{"background-color":"var(--ast-global-color-5)","background-image":"","background-repeat":"repeat","background-position":"center center","background-size":"auto","background-attachment":"scroll","background-type":"","background-media":"","overlay-type":"","overlay-color":"","overlay-opacity":"","overlay-gradient":""}},"footnotes":""},"categories":[73],"tags":[],"language":[64],"agegroup":[],"material":[],"topic":[],"folder":[40],"class_list":["post-3632","page","type-page","status-publish","hentry","category-about","language-english"],"_links":{"self":[{"href":"https:\/\/greencoolschools.eu\/hy\/wp-json\/wp\/v2\/pages\/3632","targetHints":{"allow":["GET"]}}],"collection":[{"href":"https:\/\/greencoolschools.eu\/hy\/wp-json\/wp\/v2\/pages"}],"about":[{"href":"https:\/\/greencoolschools.eu\/hy\/wp-json\/wp\/v2\/types\/page"}],"author":[{"embeddable":true,"href":"https:\/\/greencoolschools.eu\/hy\/wp-json\/wp\/v2\/users\/1"}],"replies":[{"embeddable":true,"href":"https:\/\/greencoolschools.eu\/hy\/wp-json\/wp\/v2\/comments?post=3632"}],"version-history":[{"count":0,"href":"https:\/\/greencoolschools.eu\/hy\/wp-json\/wp\/v2\/pages\/3632\/revisions"}],"up":[{"embeddable":true,"href":"https:\/\/greencoolschools.eu\/hy\/wp-json\/wp\/v2\/pages\/2868"}],"wp:attachment":[{"href":"https:\/\/greencoolschools.eu\/hy\/wp-json\/wp\/v2\/media?parent=3632"}],"wp:term":[{"taxonomy":"category","embeddable":true,"href":"https:\/\/greencoolschools.eu\/hy\/wp-json\/wp\/v2\/categories?post=3632"},{"taxonomy":"post_tag","embeddable":true,"href":"https:\/\/greencoolschools.eu\/hy\/wp-json\/wp\/v2\/tags?post=3632"},{"taxonomy":"language","embeddable":true,"href":"https:\/\/greencoolschools.eu\/hy\/wp-json\/wp\/v2\/language?post=3632"},{"taxonomy":"agegroup","embeddable":true,"href":"https:\/\/greencoolschools.eu\/hy\/wp-json\/wp\/v2\/agegroup?post=3632"},{"taxonomy":"material","embeddable":true,"href":"https:\/\/greencoolschools.eu\/hy\/wp-json\/wp\/v2\/material?post=3632"},{"taxonomy":"topic","embeddable":true,"href":"https:\/\/greencoolschools.eu\/hy\/wp-json\/wp\/v2\/topic?post=3632"},{"taxonomy":"folder","embeddable":true,"href":"https:\/\/greencoolschools.eu\/hy\/wp-json\/wp\/v2\/folder?post=3632"}],"curies":[{"name":"wp","href":"https:\/\/api.w.org\/{rel}","templated":true}]}}