{"id":2884,"date":"2022-10-06T15:13:45","date_gmt":"2022-10-06T13:13:45","guid":{"rendered":"https:\/\/greencoolschools.eu\/ueber-das-projekt-das-team\/so-verwenden-sie-die-green-cool-schools-website\/"},"modified":"2023-05-25T13:43:45","modified_gmt":"2023-05-25T11:43:45","slug":"so-verwenden-sie-die-green-cool-schools-website","status":"publish","type":"page","link":"https:\/\/greencoolschools.eu\/hy\/ueber-das-projekt-das-team\/so-verwenden-sie-die-green-cool-schools-website\/","title":{"rendered":"So verwenden Sie die Green Cool Schools-Website"},"content":{"rendered":"\n<h1 class=\"wp-block-heading\">So verwenden Sie die Green Cool Schools-Website<a id=\"_msocom_1\"><\/a><\/h1>\n\n<p>Die Website enth&auml;lt Lehr- und Lernmaterialien f&uuml;r die 1. Sekundarstufe als Wissensbasis zur Schulbegr&uuml;nung. Diese k&ouml;nnen von Lehrkr&auml;ften f&uuml;r unterschiedliche Unterrichtseinheiten genutzt werden.<\/p>\n\n<p>Die Website ist auf Englisch, Spanisch, Baskisch, Deutsch und &bdquo;&Ouml;sterreichisch&ldquo; verf&uuml;gbar. Die Sprache kann in der oben bzw. unten vorhandenen Men&uuml;zeile ausgew&auml;hlt werden.<\/p>\n\n<p>Das Material besteht aus folgenden Teilen:<\/p>\n\n<ul class=\"wp-block-list\">\n<li>Hintergrundwissen zu jedem Thema<\/li>\n\n\n\n<li>Erkl&auml;rungen f&uuml;r angeleitete Experimente zum jeweiligen Thema unterst&uuml;tzen praktische Lernerfahrungen. Die Experimente sind in 1 bis 3 Unterrichtseinheiten durchf&uuml;hrbar und f&uuml;r ganze Klassen oder f&uuml;r kleinere Lerngruppen ab 6 Personen gedacht.<\/li>\n<\/ul>\n\n<p>8 verschiedene <a href=\"https:\/\/greencoolschools.eu\/hy\/themen\/\" data-type=\"page\" data-id=\"1136\">THEMEN<\/a> wurden in der Material-Sammlung aufgenommen:<\/p>\n\n<ul class=\"wp-block-list\">\n<li><a href=\"https:\/\/greencoolschools.eu\/hy\/themen\/boden\/\" data-type=\"page\" data-id=\"1819\">Boden<\/a><\/li>\n\n\n\n<li><a href=\"https:\/\/greencoolschools.eu\/hy\/themen\/bodenarten\/\" data-type=\"page\" data-id=\"1138\">Bodenarten<\/a><\/li>\n\n\n\n<li><a href=\"https:\/\/greencoolschools.eu\/hy\/themen\/der-boden-und-seine-funktionen\/\" data-type=\"page\" data-id=\"1233\">Der Boden und seine Funktionen<\/a><\/li>\n\n\n\n<li><a href=\"https:\/\/greencoolschools.eu\/hy\/themen\/hitzeinseln\/\" data-type=\"page\" data-id=\"1125\">Hitzeinseln<\/a><\/li>\n\n\n\n<li><a href=\"https:\/\/greencoolschools.eu\/hy\/themen\/pflanzenpflege\/\" data-type=\"page\" data-id=\"1885\">Pflanzenpflege<\/a><\/li>\n\n\n\n<li><a href=\"https:\/\/greencoolschools.eu\/hy\/themen\/pflanzen-und-ihre-positiven-eigenschaften\/\" data-type=\"page\" data-id=\"1850\">Pflanzen und ihre positiven Eigenschaften<\/a><\/li>\n\n\n\n<li><a href=\"https:\/\/greencoolschools.eu\/hy\/themen\/vertikale-begruenung\/\" data-type=\"page\" data-id=\"1793\">Vertikale Begr&uuml;nung<\/a><\/li>\n\n\n\n<li><a href=\"https:\/\/greencoolschools.eu\/hy\/themen\/innenraumbegruenung\/\" data-type=\"page\" data-id=\"1817\">Innenraumbegr&uuml;nung<\/a><\/li>\n<\/ul>\n\n<p>THEMEN: Zu jedem Thema wird unter THEMEN Hintergrundwissen bereitgestellt.<\/p>\n\n<p>EXPERIMENTE: Jedes Thema wird durch ein EXPERIMENT zum Thema erg&auml;nzt, um praktische Lernerfahrungen zu sammeln, das Wissen zu vertiefen und das Thema mit der Situation der Schule selbst zu verbinden.<\/p>\n\n<p>REGIONALE INFORMATIONEN enth&auml;lt spezifische regionale Informationen zu jedem Thema aus &Ouml;sterreich, Deutschland und Spanien (l&auml;nderspezifische Informationen).<\/p>\n\n<h2 class=\"wp-block-heading\">Wie benutzt man&hellip;<\/h2>\n\n<p>Unter <strong>&bdquo;Themen&ldquo;<\/strong> k&ouml;nnen Lehrkr&auml;fte das Thema ausw&auml;hlen, das sie in ihre Schuleinheiten integrieren m&ouml;chten. Zu jedem Thema wird Hintergrundwissen vermittelt, das als Material f&uuml;r Unterrichtseinheiten genutzt werden kann und beinhaltet:<\/p>\n\n<ul class=\"wp-block-list\">\n<li><strong>&bdquo;Nutzen f&uuml;r gr&uuml;ne coole Schulen&ldquo;<\/strong> um von jedem Thema einen Bezug zur Schule selbst herzustellen: Was kann getan werden, um eine Gr&uuml;ne Coole Schule zu werden?<\/li>\n\n\n\n<li>Wissenswertes zu jedem Thema unter <strong>&bdquo;Wusstest du schon?&ldquo;<\/strong><\/li>\n\n\n\n<li><strong>&bdquo;Tipp&ldquo;<\/strong> beinhaltet Ideen, wie man das Thema in der Schule mithilfe verschiedener Methoden integrieren kann, z. B. wie man auf die Sch&uuml;lerinnen* bzw. Sch&uuml;ler* zugeht usw.<\/li>\n\n\n\n<li><strong>&ldquo;M&ouml;glichkeiten das Thema f&auml;cher&uuml;bergreifend zu vertiefen&rdquo;<\/strong>: Es werden Wege aufgezeigt, wie das Thema mit anderen Disziplinen verkn&uuml;pft und vertieft werden kann.<\/li>\n<\/ul>\n\n<p>Zu jedem Thema geh&ouml;rt mindestens ein thematisches <strong>&bdquo;Experiment&ldquo;<\/strong>, das zur Vertiefung des Wissens genutzt werden kann. Die Experimente finden Sie am Ende jeder &bdquo;Themen&ldquo;-Seite oder im rechten Seitenmen&uuml; unter &bdquo;Experimente \/ Regional&ldquo;.<\/p>\n\n<p>Jedes Experiment legt die <strong>Lernziele<\/strong> fest und gibt eine detaillierte Erkl&auml;rung und Anleitung zur <strong>&bdquo;Vorbereitung&ldquo;<\/strong> und den <strong>&bdquo;Arbeitsschritten im Unterricht&ldquo;<\/strong>. Wenn relevant, sind dort auch <strong>&bdquo;Tipps&ldquo;<\/strong> und <strong>&bdquo;Wusstest du schon?&ldquo;<\/strong>-Fakten enthalten.<\/p>\n\n<p><span class=\"Y2IQFc\" lang=\"de\"><strong>Regionale Informationen<\/strong> umfassen &bdquo;verwandte Aspekte in anderen L&auml;ndern&ldquo; und &bdquo;l&auml;nderspezifische Informationen&ldquo;. Dieser Abschnitt enth&auml;lt detaillierte l&auml;nderspezifische Informationen zu einem ausgew&auml;hlten Sachverhalt im Zusammenhang mit dem jeweiligen Gesamtthema. Dies kann genutzt werden, um das Thema mit der regionalen Situation zu verkn&uuml;pfen und mit der Situation in anderen L&auml;ndern zu vergleichen. Diese Informationen sind f&uuml;r alle Projektl&auml;nder &ndash; &Ouml;sterreich, Deutschland und Spanien &ndash; und in allen Sprachen verf&uuml;gbar. Dar&uuml;ber hinaus wird eine l&auml;nderspezifische Liste mit Links zu weiterem didaktischen Material, Videos, Literatur, Beispielen guter Praxis usw. bereitgestellt.<\/span><\/p>\n\n<div class=\"inherit-container-width wp-block-group footer-eu-disclaimer-outer is-layout-constrained wp-block-group-is-layout-constrained\"><div class=\"wp-block-group__inner-container\">\n<div class=\"wp-block-columns footer-eu-disclaimer-columns is-layout-flex wp-container-core-columns-is-layout-28f84493 wp-block-columns-is-layout-flex\">\n<div class=\"wp-block-column footer-eu-disclaimer-col-image is-layout-flow wp-block-column-is-layout-flow\" style=\"flex-basis:20%\">\n<figure class=\"wp-block-image size-full\"><img loading=\"lazy\" decoding=\"async\" width=\"400\" height=\"268\" src=\"https:\/\/greencoolschools.eu\/wp-content\/uploads\/2022\/08\/eu-flag.png\" alt=\"\" class=\"wp-image-1154\" srcset=\"https:\/\/greencoolschools.eu\/wp-content\/uploads\/2022\/08\/eu-flag.png 400w, https:\/\/greencoolschools.eu\/wp-content\/uploads\/2022\/08\/eu-flag-300x201.png 300w\" sizes=\"auto, (max-width: 400px) 100vw, 400px\" \/><\/figure><\/div>\n\n\n\n<div class=\"wp-block-column footer-eu-disclaimer-col-text is-layout-flow wp-block-column-is-layout-flow\" style=\"flex-basis:80%\">\n<p class=\"footer-eu-disclaimer-text\"><em>Dieses Projekt wurde mit Unterst&uuml;tzung der Europ&auml;ischen Kommission finanziert. Die Verantwortung f&uuml;r den Inhalt dieser Ver&ouml;ffentlichung tr&auml;gt allein der Verfasser; die Kommission haftet nicht f&uuml;r die weitere Verwendung der darin enthaltenen Angaben.<\/em><\/p>\n<\/div>\n<\/div>\n<\/div><\/div>\n","protected":false},"excerpt":{"rendered":"<p>Die Website enth\u00e4lt Lehr- und Lernmaterialien f\u00fcr die 1. Sekundarstufe als Wissensbasis zur Schulbegr\u00fcnung. Diese k\u00f6nnen von Lehrkr\u00e4ften f\u00fcr unterschiedliche Unterrichtseinheiten genutzt werden.<\/p>\n","protected":false},"author":4,"featured_media":0,"parent":2868,"menu_order":50,"comment_status":"closed","ping_status":"closed","template":"","meta":{"site-sidebar-layout":"default","site-content-layout":"","ast-site-content-layout":"default","site-content-style":"default","site-sidebar-style":"default","ast-global-header-display":"","ast-banner-title-visibility":"","ast-main-header-display":"","ast-hfb-above-header-display":"","ast-hfb-below-header-display":"","ast-hfb-mobile-header-display":"","site-post-title":"disabled","ast-breadcrumbs-content":"","ast-featured-img":"","footer-sml-layout":"","ast-disable-related-posts":"","theme-transparent-header-meta":"","adv-header-id-meta":"","stick-header-meta":"","header-above-stick-meta":"","header-main-stick-meta":"","header-below-stick-meta":"","astra-migrate-meta-layouts":"default","ast-page-background-enabled":"default","ast-page-background-meta":{"desktop":{"background-color":"var(--ast-global-color-4)","background-image":"","background-repeat":"repeat","background-position":"center center","background-size":"auto","background-attachment":"scroll","background-type":"","background-media":"","overlay-type":"","overlay-color":"","overlay-opacity":"","overlay-gradient":""},"tablet":{"background-color":"","background-image":"","background-repeat":"repeat","background-position":"center center","background-size":"auto","background-attachment":"scroll","background-type":"","background-media":"","overlay-type":"","overlay-color":"","overlay-opacity":"","overlay-gradient":""},"mobile":{"background-color":"","background-image":"","background-repeat":"repeat","background-position":"center center","background-size":"auto","background-attachment":"scroll","background-type":"","background-media":"","overlay-type":"","overlay-color":"","overlay-opacity":"","overlay-gradient":""}},"ast-content-background-meta":{"desktop":{"background-color":"var(--ast-global-color-5)","background-image":"","background-repeat":"repeat","background-position":"center center","background-size":"auto","background-attachment":"scroll","background-type":"","background-media":"","overlay-type":"","overlay-color":"","overlay-opacity":"","overlay-gradient":""},"tablet":{"background-color":"var(--ast-global-color-5)","background-image":"","background-repeat":"repeat","background-position":"center center","background-size":"auto","background-attachment":"scroll","background-type":"","background-media":"","overlay-type":"","overlay-color":"","overlay-opacity":"","overlay-gradient":""},"mobile":{"background-color":"var(--ast-global-color-5)","background-image":"","background-repeat":"repeat","background-position":"center center","background-size":"auto","background-attachment":"scroll","background-type":"","background-media":"","overlay-type":"","overlay-color":"","overlay-opacity":"","overlay-gradient":""}},"footnotes":""},"categories":[135],"tags":[],"language":[],"agegroup":[],"material":[],"topic":[],"folder":[],"class_list":["post-2884","page","type-page","status-publish","hentry","category-about-hy"],"_links":{"self":[{"href":"https:\/\/greencoolschools.eu\/hy\/wp-json\/wp\/v2\/pages\/2884","targetHints":{"allow":["GET"]}}],"collection":[{"href":"https:\/\/greencoolschools.eu\/hy\/wp-json\/wp\/v2\/pages"}],"about":[{"href":"https:\/\/greencoolschools.eu\/hy\/wp-json\/wp\/v2\/types\/page"}],"author":[{"embeddable":true,"href":"https:\/\/greencoolschools.eu\/hy\/wp-json\/wp\/v2\/users\/4"}],"replies":[{"embeddable":true,"href":"https:\/\/greencoolschools.eu\/hy\/wp-json\/wp\/v2\/comments?post=2884"}],"version-history":[{"count":0,"href":"https:\/\/greencoolschools.eu\/hy\/wp-json\/wp\/v2\/pages\/2884\/revisions"}],"up":[{"embeddable":true,"href":"https:\/\/greencoolschools.eu\/hy\/wp-json\/wp\/v2\/pages\/2868"}],"wp:attachment":[{"href":"https:\/\/greencoolschools.eu\/hy\/wp-json\/wp\/v2\/media?parent=2884"}],"wp:term":[{"taxonomy":"category","embeddable":true,"href":"https:\/\/greencoolschools.eu\/hy\/wp-json\/wp\/v2\/categories?post=2884"},{"taxonomy":"post_tag","embeddable":true,"href":"https:\/\/greencoolschools.eu\/hy\/wp-json\/wp\/v2\/tags?post=2884"},{"taxonomy":"language","embeddable":true,"href":"https:\/\/greencoolschools.eu\/hy\/wp-json\/wp\/v2\/language?post=2884"},{"taxonomy":"agegroup","embeddable":true,"href":"https:\/\/greencoolschools.eu\/hy\/wp-json\/wp\/v2\/agegroup?post=2884"},{"taxonomy":"material","embeddable":true,"href":"https:\/\/greencoolschools.eu\/hy\/wp-json\/wp\/v2\/material?post=2884"},{"taxonomy":"topic","embeddable":true,"href":"https:\/\/greencoolschools.eu\/hy\/wp-json\/wp\/v2\/topic?post=2884"},{"taxonomy":"folder","embeddable":true,"href":"https:\/\/greencoolschools.eu\/hy\/wp-json\/wp\/v2\/folder?post=2884"}],"curies":[{"name":"wp","href":"https:\/\/api.w.org\/{rel}","templated":true}]}}