{"id":2868,"date":"2022-10-06T15:16:54","date_gmt":"2022-10-06T13:16:54","guid":{"rendered":"https:\/\/greencoolschools.eu\/ueber-das-projekt-das-team\/"},"modified":"2023-04-16T23:35:52","modified_gmt":"2023-04-16T21:35:52","slug":"ueber-das-projekt-das-team","status":"publish","type":"page","link":"https:\/\/greencoolschools.eu\/hy\/ueber-das-projekt-das-team\/","title":{"rendered":"\u00dcber diese Website"},"content":{"rendered":"\n<h1 class=\"wp-block-heading\">&Uuml;ber diese Website<\/h1>\n\n\n<div class=\"ultp-post-grid-block wp-block-ultimate-post-post-list-3 ultp-block-d74a5d\"><div class=\"ultp-block-wrapper\"><div class=\"ultp-loading\"><div class=\"ultp-loading-blocks\" style=\"width:100%;height:100%;\"><div style=\"left: 0;top: 0;animation-delay:0s;\"><\/div><div style=\"left: 21px;top: 0;animation-delay:0.125s;\"><\/div><div style=\"left: 42px;top: 0;animation-delay:0.25s;\"><\/div><div style=\"left: 0;top: 21px;animation-delay:0.875s;\"><\/div><div style=\"left: 42px;top: 21px;animation-delay:0.375s;\"><\/div><div style=\"left: 0;top: 42px;animation-delay:0.75s;\"><\/div><div style=\"left: 42px;top: 42px;animation-delay:0.625s;\"><\/div><div style=\"left: 21px;top: 42px;animation-delay:0.5s;\"><\/div><\/div><\/div><div class=\"ultp-block-items-wrap ultp-block-row ultp-block-column-1 ultp-block-content-middle ultp-layout1\"><div class=\"ultp-block-item ultp-block-media post-id-2882\"><div class=\"ultp-block-content-wrap\"><div class=\"ultp-block-content\"><h2 class=\"ultp-block-title \"><a href=\"https:\/\/greencoolschools.eu\/hy\/ueber-das-projekt-das-team\/zweck-der-green-cool-schools-website\/\">Zweck der Green Cool Schools-Website<\/a><\/h2><div class=\"ultp-block-excerpt\">Die Website &bdquo;Green Cool Schools&ldquo; stellt Lehrkr&auml;ften der 1. Sekundarstufe fundierte &bdquo;Self-Service&ldquo;-Hands-on Lehr- und Lernmaterialien als Wissensbasis zur Schulbegr&uuml;nung zur Verf&uuml;gung.<\/div><\/div><\/div><\/div><div class=\"ultp-block-item ultp-block-media post-id-9930\"><div class=\"ultp-block-content-wrap\"><div class=\"ultp-block-content\"><h2 class=\"ultp-block-title \"><a href=\"https:\/\/greencoolschools.eu\/hy\/ueber-das-projekt-das-team\/ueber-dieses-projekt\/green-cool-school-network\/\">Green Cool Schools Network<\/a><\/h2><div class=\"ultp-block-excerpt\">Green Cool Schools Network Das &bdquo;GreenCoolSchools Network&ldquo; zielt darauf ab, ein umfassendes Netzwerk f&uuml;r &bdquo;Green Cool Schools&ldquo; aufzubauen. Aufbauend auf den Ergebnissen des vorangegangenen Erasmus+ Projekts &bdquo;L4GS&ldquo; (Learning4Greens@Schools, Lern- und Unterrichtsmaterialien f&uuml;r Begr&uuml;nung an Schulen) soll dieses Netzwerk die internationale Zusammenarbeit zwischen Schulen, die Begr&uuml;nungsprojekte durchf&uuml;hren oder planen, verbessern. Das Netzwerk wird zun&auml;chst zwischen Partnerschulen [&hellip;]<\/div><\/div><\/div><\/div><div class=\"ultp-block-item ultp-block-media post-id-7096\"><div class=\"ultp-block-content-wrap\"><div class=\"ultp-block-content\"><h2 class=\"ultp-block-title \"><a href=\"https:\/\/greencoolschools.eu\/hy\/ueber-das-projekt-das-team\/bildung-fuer-nachhaltige-entwicklung\/\">Bildung f&uuml;r nachhaltige Entwicklung<\/a><\/h2><div class=\"ultp-block-excerpt\">Eine hochwertige Bildung f&uuml;r alle Menschen zu erm&ouml;glichen, ist einerseits ein zentrales Ziel der Vereinten Nationen (Ziel 4 der Agenda 2030 f&uuml;r nachhaltige Entwicklung).<\/div><\/div><\/div><\/div><div class=\"ultp-block-item ultp-block-media post-id-9922\"><div class=\"ultp-block-content-wrap\"><div class=\"ultp-block-content\"><h2 class=\"ultp-block-title \"><a href=\"https:\/\/greencoolschools.eu\/hy\/ueber-das-projekt-das-team\/ueber-dieses-projekt\/learning4greensschools\/\">Learning4Greens@Schools<\/a><\/h2><div class=\"ultp-block-excerpt\">&bdquo;Learning4Greens@Schools (L4GS): Lern- und Unterrichtsmaterialien f&uuml;r Begr&uuml;nung an Schulen&ldquo;, ein Erasmus+ Projekt Ziel des Projekts war es, &bdquo;gr&uuml;nes Wissen&ldquo; an Schulen international zu vermitteln, indem didaktische Materialien einschlie&szlig;lich praktischer Experimente f&uuml;r gr&uuml;ne coole Schulen in ganz Europa entwickelt wurden: gut aufbereitetes, digital zug&auml;ngliches praktisches Lehr- und Lernmaterial in englischer, deutscher, &bdquo;&ouml;sterreichischer&ldquo;, spanischer und baskischer Sprache. [&hellip;]<\/div><\/div><\/div><\/div><div class=\"ultp-block-item ultp-block-media post-id-2884\"><div class=\"ultp-block-content-wrap\"><div class=\"ultp-block-content\"><h2 class=\"ultp-block-title \"><a href=\"https:\/\/greencoolschools.eu\/hy\/ueber-das-projekt-das-team\/so-verwenden-sie-die-green-cool-schools-website\/\">So verwenden Sie die Green Cool Schools-Website<\/a><\/h2><div class=\"ultp-block-excerpt\">Die Website enth&auml;lt Lehr- und Lernmaterialien f&uuml;r die 1. Sekundarstufe als Wissensbasis zur Schulbegr&uuml;nung. Diese k&ouml;nnen von Lehrkr&auml;ften f&uuml;r unterschiedliche Unterrichtseinheiten genutzt werden.<\/div><\/div><\/div><\/div><div class=\"ultp-block-item ultp-block-media post-id-7146\"><div class=\"ultp-block-content-wrap\"><div class=\"ultp-block-content\"><h2 class=\"ultp-block-title \"><a href=\"https:\/\/greencoolschools.eu\/hy\/ueber-das-projekt-das-team\/leitfaden-fuer-die-green-cool-schools-materialien\/\">Leitfaden f&uuml;r die Green Cool Schools Materialien<\/a><\/h2><div class=\"ultp-block-excerpt\">Der Leitfaden soll dazu beitragen, dass die Inhalte der Website &bdquo;Green Cool Schools&ldquo; in die Unterrichtspraxis der Sekundarstufe I integriert werden.<\/div><\/div><\/div><\/div><div class=\"ultp-block-item ultp-block-media post-id-8799\"><div class=\"ultp-block-content-wrap\"><div class=\"ultp-block-content\"><h2 class=\"ultp-block-title \"><a href=\"https:\/\/greencoolschools.eu\/hy\/ueber-das-projekt-das-team\/ueber-dieses-projekt\/\">Gef&ouml;rderte Projekte, die diese Website unterst&uuml;tzen<\/a><\/h2><div class=\"ultp-block-excerpt\">Ziel des Projekts war es, &bdquo;gr&uuml;nes Wissen&ldquo; an Schulen international zu vermitteln, indem didaktische Materialien einschlie&szlig;lich praktischer Experimente f&uuml;r gr&uuml;ne coole Schulen in ganz Europa entwickelt wurden.<\/div><\/div><\/div><\/div><\/div><\/div><div class=\"pagination-block-html\" aria-hidden=\"true\" style=\"display: none;\"><\/div><\/div>\n\n\n<div class=\"inherit-container-width wp-block-group footer-eu-disclaimer-outer is-layout-constrained wp-block-group-is-layout-constrained\"><div class=\"wp-block-group__inner-container\">\n<div class=\"wp-block-columns footer-eu-disclaimer-columns is-layout-flex wp-container-core-columns-is-layout-28f84493 wp-block-columns-is-layout-flex\">\n<div class=\"wp-block-column footer-eu-disclaimer-col-image is-layout-flow wp-block-column-is-layout-flow\" style=\"flex-basis:20%\">\n<figure class=\"wp-block-image size-full\"><img loading=\"lazy\" decoding=\"async\" width=\"400\" height=\"268\" src=\"https:\/\/greencoolschools.eu\/wp-content\/uploads\/2022\/08\/eu-flag.png\" alt=\"\" class=\"wp-image-1154\" srcset=\"https:\/\/greencoolschools.eu\/wp-content\/uploads\/2022\/08\/eu-flag.png 400w, https:\/\/greencoolschools.eu\/wp-content\/uploads\/2022\/08\/eu-flag-300x201.png 300w\" sizes=\"auto, (max-width: 400px) 100vw, 400px\" \/><\/figure>\n<\/div>\n\n\n\n<div class=\"wp-block-column footer-eu-disclaimer-col-text is-layout-flow wp-block-column-is-layout-flow\" style=\"flex-basis:80%\">\n<p class=\"footer-eu-disclaimer-text\"><em>Dieses Projekt wurde mit Unterst&uuml;tzung der Europ&auml;ischen Kommission finanziert. Die Verantwortung f&uuml;r den Inhalt dieser Ver&ouml;ffentlichung tr&auml;gt allein der Verfasser; die Kommission haftet nicht f&uuml;r die weitere Verwendung der darin enthaltenen Angaben.<\/em><\/p>\n<\/div>\n<\/div>\n<\/div><\/div>\n","protected":false},"excerpt":{"rendered":"<p>\u00dcber diese Website Dieses Projekt wurde mit Unterst\u00fctzung der Europ\u00e4ischen Kommission finanziert. Die Verantwortung f\u00fcr den Inhalt dieser Ver\u00f6ffentlichung tr\u00e4gt allein der Verfasser; die Kommission haftet nicht f\u00fcr die weitere Verwendung der darin enthaltenen Angaben.<\/p>\n","protected":false},"author":4,"featured_media":0,"parent":0,"menu_order":90,"comment_status":"closed","ping_status":"closed","template":"","meta":{"site-sidebar-layout":"default","site-content-layout":"","ast-site-content-layout":"default","site-content-style":"default","site-sidebar-style":"default","ast-global-header-display":"","ast-banner-title-visibility":"","ast-main-header-display":"","ast-hfb-above-header-display":"","ast-hfb-below-header-display":"","ast-hfb-mobile-header-display":"","site-post-title":"disabled","ast-breadcrumbs-content":"","ast-featured-img":"","footer-sml-layout":"","ast-disable-related-posts":"","theme-transparent-header-meta":"","adv-header-id-meta":"","stick-header-meta":"","header-above-stick-meta":"","header-main-stick-meta":"","header-below-stick-meta":"","astra-migrate-meta-layouts":"default","ast-page-background-enabled":"default","ast-page-background-meta":{"desktop":{"background-color":"var(--ast-global-color-4)","background-image":"","background-repeat":"repeat","background-position":"center center","background-size":"auto","background-attachment":"scroll","background-type":"","background-media":"","overlay-type":"","overlay-color":"","overlay-opacity":"","overlay-gradient":""},"tablet":{"background-color":"","background-image":"","background-repeat":"repeat","background-position":"center center","background-size":"auto","background-attachment":"scroll","background-type":"","background-media":"","overlay-type":"","overlay-color":"","overlay-opacity":"","overlay-gradient":""},"mobile":{"background-color":"","background-image":"","background-repeat":"repeat","background-position":"center center","background-size":"auto","background-attachment":"scroll","background-type":"","background-media":"","overlay-type":"","overlay-color":"","overlay-opacity":"","overlay-gradient":""}},"ast-content-background-meta":{"desktop":{"background-color":"var(--ast-global-color-5)","background-image":"","background-repeat":"repeat","background-position":"center center","background-size":"auto","background-attachment":"scroll","background-type":"","background-media":"","overlay-type":"","overlay-color":"","overlay-opacity":"","overlay-gradient":""},"tablet":{"background-color":"var(--ast-global-color-5)","background-image":"","background-repeat":"repeat","background-position":"center center","background-size":"auto","background-attachment":"scroll","background-type":"","background-media":"","overlay-type":"","overlay-color":"","overlay-opacity":"","overlay-gradient":""},"mobile":{"background-color":"var(--ast-global-color-5)","background-image":"","background-repeat":"repeat","background-position":"center center","background-size":"auto","background-attachment":"scroll","background-type":"","background-media":"","overlay-type":"","overlay-color":"","overlay-opacity":"","overlay-gradient":""}},"footnotes":""},"categories":[133],"tags":[],"language":[],"agegroup":[],"material":[],"topic":[],"folder":[],"class_list":["post-2868","page","type-page","status-publish","hentry","category-about-main-hy"],"_links":{"self":[{"href":"https:\/\/greencoolschools.eu\/hy\/wp-json\/wp\/v2\/pages\/2868","targetHints":{"allow":["GET"]}}],"collection":[{"href":"https:\/\/greencoolschools.eu\/hy\/wp-json\/wp\/v2\/pages"}],"about":[{"href":"https:\/\/greencoolschools.eu\/hy\/wp-json\/wp\/v2\/types\/page"}],"author":[{"embeddable":true,"href":"https:\/\/greencoolschools.eu\/hy\/wp-json\/wp\/v2\/users\/4"}],"replies":[{"embeddable":true,"href":"https:\/\/greencoolschools.eu\/hy\/wp-json\/wp\/v2\/comments?post=2868"}],"version-history":[{"count":0,"href":"https:\/\/greencoolschools.eu\/hy\/wp-json\/wp\/v2\/pages\/2868\/revisions"}],"wp:attachment":[{"href":"https:\/\/greencoolschools.eu\/hy\/wp-json\/wp\/v2\/media?parent=2868"}],"wp:term":[{"taxonomy":"category","embeddable":true,"href":"https:\/\/greencoolschools.eu\/hy\/wp-json\/wp\/v2\/categories?post=2868"},{"taxonomy":"post_tag","embeddable":true,"href":"https:\/\/greencoolschools.eu\/hy\/wp-json\/wp\/v2\/tags?post=2868"},{"taxonomy":"language","embeddable":true,"href":"https:\/\/greencoolschools.eu\/hy\/wp-json\/wp\/v2\/language?post=2868"},{"taxonomy":"agegroup","embeddable":true,"href":"https:\/\/greencoolschools.eu\/hy\/wp-json\/wp\/v2\/agegroup?post=2868"},{"taxonomy":"material","embeddable":true,"href":"https:\/\/greencoolschools.eu\/hy\/wp-json\/wp\/v2\/material?post=2868"},{"taxonomy":"topic","embeddable":true,"href":"https:\/\/greencoolschools.eu\/hy\/wp-json\/wp\/v2\/topic?post=2868"},{"taxonomy":"folder","embeddable":true,"href":"https:\/\/greencoolschools.eu\/hy\/wp-json\/wp\/v2\/folder?post=2868"}],"curies":[{"name":"wp","href":"https:\/\/api.w.org\/{rel}","templated":true}]}}