{"id":13749,"date":"2026-03-05T11:30:19","date_gmt":"2026-03-05T10:30:19","guid":{"rendered":"https:\/\/greencoolschools.eu\/good-practices\/green-cool-schools-award-2025-26\/"},"modified":"2026-03-18T16:48:03","modified_gmt":"2026-03-18T15:48:03","slug":"green-cool-schools-award-2025-26","status":"publish","type":"page","link":"https:\/\/greencoolschools.eu\/hy\/good-practices\/green-cool-schools-award-2025-26\/","title":{"rendered":"Green Cool Schools &#8211; Award 2025\/26"},"content":{"rendered":"\n<h2 class=\"wp-block-heading\">Gewinnerprojekte &ndash; 2025\/26<\/h2>\n\n<p>Wir freuen uns, Ihnen die <strong>Gewinnerprojekte 2025\/26<\/strong> vorstellen zu d&uuml;rfen! Diese Projekte zeigen die Kreativit&auml;t, das Engagement und die Vision von Schulen, die sich f&uuml;r eine gr&uuml;nere Zukunft einsetzen. Lassen Sie sich von diesen Projekten inspirieren, um mehr gr&uuml;ne Initiativen an Ihrer Schule umzusetzen!  <\/p>\n\n<div style=\"height:100px\" aria-hidden=\"true\" class=\"wp-block-spacer\"><\/div>\n\n<div class=\"wp-block-columns is-layout-flex wp-container-core-columns-is-layout-28f84493 wp-block-columns-is-layout-flex\">\n<div class=\"wp-block-column is-layout-flow wp-block-column-is-layout-flow\" style=\"flex-basis:33.33%\">\n<figure class=\"wp-block-image size-full has-custom-border\" style=\"margin-top:var(--wp--preset--spacing--20);margin-right:0;margin-bottom:var(--wp--preset--spacing--20);margin-left:0\"><img loading=\"lazy\" decoding=\"async\" width=\"621\" height=\"414\" src=\"https:\/\/greencoolschools.eu\/wp-content\/uploads\/2026\/03\/Austria_Weiz-1.png\" alt=\"\" class=\"wp-image-13624\" style=\"border-style:none;border-width:0px;border-radius:8px\" srcset=\"https:\/\/greencoolschools.eu\/wp-content\/uploads\/2026\/03\/Austria_Weiz-1.png 621w, https:\/\/greencoolschools.eu\/wp-content\/uploads\/2026\/03\/Austria_Weiz-1-300x200.png 300w\" sizes=\"auto, (max-width: 621px) 100vw, 621px\" \/><figcaption class=\"wp-element-caption\">Quelle: HLW FSB Weiz<\/figcaption><\/figure>\n<\/div>\n\n\n\n<div class=\"wp-block-column is-layout-flow wp-block-column-is-layout-flow\" style=\"flex-basis:66.66%\">\n<h2 class=\"wp-block-heading has-text-align-left has-black-color has-text-color has-link-color wp-elements-f76017f9acd8ef23ec435167513be76d\" id=\"austria\"><strong><strong><strong><strong><strong><strong><strong><strong>Umgestaltung einer Kiesfl&auml;che in eine artenreiche Gr&uuml;nfl&auml;che<\/strong><\/strong><\/strong><\/strong><\/strong><\/strong><\/strong><\/strong><\/h2>\n\n\n\n<p><strong>Schule:<\/strong> <a href=\"https:\/\/hlw-weiz.at\/\">HLW FSB Weiz<\/a><br><strong>Ort:<\/strong> &Ouml;sterreich, Weiz<\/p>\n\n\n\n<p><strong>Projekt&uuml;bersicht<\/strong><br>Im Rahmen dieses Projekts wird eine ungenutzte Kiesfl&auml;che im Schulgarten in einen lebendigen Lebensraum mit gro&szlig;er Artenvielfalt verwandelt. Bislang bestand der Garten haupts&auml;chlich aus Rasen- und Kiesfl&auml;chen mit geringem &ouml;kologischen Wert. Daher hatten die Sch&uuml;lerinnen und Sch&uuml;ler die Idee, den Bereich neu zu gestalten und kleine Lebensr&auml;ume zu schaffen, die Insekten und einheimische Pflanzen aktiv f&ouml;rdern.  <\/p>\n\n\n\n<p><strong>Was entsteht<\/strong><br>Die Sch&uuml;ler entwarfen mehrere kleine <strong>&ouml;kologische Mikrohabitate<\/strong>, darunter:<\/p>\n\n\n\n<ul class=\"wp-block-list\">\n<li>Sandfl&auml;chen f&uuml;r bodenbr&uuml;tende Wildbienen<\/li>\n\n\n\n<li>Totholz und Asthaufen f&uuml;r Insekten<\/li>\n\n\n\n<li>Steinkonstruktionen, die Schutz bieten<\/li>\n\n\n\n<li>kleine, ungem&auml;hte Wiesenabschnitte f&uuml;r Best&auml;uber<\/li>\n<\/ul>\n\n\n\n<p>Zudem wird die Kiesfl&auml;che mithilfe einheimischer Samen und standortgerechter Pflanzen in eine mit <strong>Wildblumen bewachsene Gr&uuml;nfl&auml;che<\/strong> umgewandelt.<\/p>\n\n\n\n<p><strong>Lernerfahrung<\/strong><br>Das Projekt verbindet <strong>praktisches Umweltengagement mit wissenschaftlicher Beobachtung<\/strong>. Die Sch&uuml;lerinnen und Sch&uuml;ler beteiligen sich an der Planung, Umsetzung und langfristigen Pflege des Gel&auml;ndes. Durch die Beobachtung von Insekten und &ouml;kologischen Ver&auml;nderungen im Laufe der Zeit wird der Garten zu einem <strong>lebendigen Freiluftlabor<\/strong>.  <\/p>\n\n\n\n<p><strong>Auswirkungen<\/strong><\/p>\n\n\n\n<ul class=\"wp-block-list\">\n<li>eine gr&ouml;&szlig;ere Artenvielfalt auf dem Schulgel&auml;nde<\/li>\n\n\n\n<li>verbessertes <a href=\"https:\/\/greencoolschools.eu\/hy\/glossary\/mikroklima\/\" target=\"_self\" title=\"Ein Mikroklima bezeichnet lokale atmosph&auml;rische Bedingungen, die sich von denen in den umliegenden Gebieten unterscheiden. H&auml;ufig unterscheidet es sich nur geringf&uuml;gig, aber manchmal besteht ein erheblicher Unterschied. Der Begriff kann sich auf Fl&auml;chen beziehen, die nur wenige Quadratmeter (z. B. ein Gartenbeet oder eine H&ouml;hle) oder viele Quadratkilometer oder Quadratmeilen gro&szlig; sind.\" class=\"encyclopedia\">Mikroklima<\/a> und &ouml;kologischer Wert<\/li>\n\n\n\n<li>ein von den Sch&uuml;lerinnen und Sch&uuml;lern gepflegter, langfristig angelegter Lernort im Freien<\/li>\n<\/ul>\n<\/div>\n<\/div>\n\n<hr class=\"wp-block-separator has-alpha-channel-opacity is-style-dots\" style=\"margin-top:var(--wp--preset--spacing--70);margin-bottom:var(--wp--preset--spacing--70)\">\n\n<div class=\"wp-block-columns is-layout-flex wp-container-core-columns-is-layout-28f84493 wp-block-columns-is-layout-flex\">\n<div class=\"wp-block-column is-layout-flow wp-block-column-is-layout-flow\" style=\"flex-basis:33.33%\">\n<figure class=\"wp-block-image size-large has-custom-border\"><img loading=\"lazy\" decoding=\"async\" width=\"1024\" height=\"769\" src=\"https:\/\/greencoolschools.eu\/wp-content\/uploads\/2026\/01\/Pergola-Titelbild-1024x769.jpeg\" alt=\"\" class=\"wp-image-13317\" style=\"border-radius:8px\" srcset=\"https:\/\/greencoolschools.eu\/wp-content\/uploads\/2026\/01\/Pergola-Titelbild-1024x769.jpeg 1024w, https:\/\/greencoolschools.eu\/wp-content\/uploads\/2026\/01\/Pergola-Titelbild-300x225.jpeg 300w, https:\/\/greencoolschools.eu\/wp-content\/uploads\/2026\/01\/Pergola-Titelbild-768x576.jpeg 768w, https:\/\/greencoolschools.eu\/wp-content\/uploads\/2026\/01\/Pergola-Titelbild-1536x1153.jpeg 1536w, https:\/\/greencoolschools.eu\/wp-content\/uploads\/2026\/01\/Pergola-Titelbild.jpeg 2048w\" sizes=\"auto, (max-width: 1024px) 100vw, 1024px\" \/><figcaption class=\"wp-element-caption\">Quelle: Friedrich-Wilhelm-Gymnasium<\/figcaption><\/figure>\n<\/div>\n\n\n\n<div class=\"wp-block-column is-layout-flow wp-block-column-is-layout-flow\" style=\"flex-basis:66.66%\">\n<h2 class=\"wp-block-heading has-text-align-left has-black-color has-text-color has-link-color wp-elements-255f8827790685cb296714d53a9a882a\" id=\"germany\"><strong><strong><strong><strong><strong><strong>Gr&uuml;ner Klassenraum<\/strong><\/strong><\/strong><\/strong><\/strong><\/strong><\/h2>\n\n\n\n<p><strong>Schule:<\/strong> <a href=\"https:\/\/www.fwg-koeln.de\/\" data-type=\"link\" data-id=\"https:\/\/www.fwg-koeln.de\/\">Friedrich-Wilhelm-Gymnasium<\/a><br><strong>Ort:<\/strong> Deutschland, K&ouml;ln <\/p>\n\n\n\n<p><strong>Projekt&uuml;bersicht<\/strong><br>Das &bdquo;<strong>Gr&uuml;ne Klassenzimmer<\/strong>&ldquo; schafft einen Lernraum im Freien, in dem der Unterricht direkt in der Natur stattfinden kann. Anstatt ausschlie&szlig;lich in Innenr&auml;umen zu lernen, k&ouml;nnen Sch&uuml;lerinnen und Sch&uuml;ler sowie Lehrkr&auml;fte eine speziell gestaltete Gr&uuml;nfl&auml;che auf dem Schulgel&auml;nde f&uuml;r Unterricht, Diskussionen und kreatives Arbeiten nutzen. <\/p>\n\n\n\n<p><strong>Was entstanden ist<\/strong><br>Im Rahmen des Projekts wurde eine nat&uuml;rliche Lernumgebung mit Sitzbereichen geschaffen, die von Pflanzen umgeben sind und schattige Pl&auml;tze bieten. Dieser Unterrichtsraum im Freien bietet eine ruhige und inspirierende <a href=\"https:\/\/greencoolschools.eu\/hy\/glossary\/atmosphaere\/\" target=\"_self\" title=\"Die Atmosph&auml;re ist die gasf&ouml;rmige H&uuml;lle um einen Himmelsk&ouml;rper.\" class=\"encyclopedia\">Atmosph&auml;re<\/a>, die Konzentration und Kreativit&auml;t f&ouml;rdert. <\/p>\n\n\n\n<p><strong>Lernerfahrung<\/strong><br>Das &bdquo;Gr&uuml;ne Klassenzimmer&ldquo; wird f&auml;cher&uuml;bergreifend genutzt und f&ouml;rdert das interdisziplin&auml;re Lernen. Die Sch&uuml;lerinnen und Sch&uuml;ler erleben Umweltthemen direkt in der Natur und k&ouml;nnen theoretisches Wissen mit praktischen Beobachtungen verkn&uuml;pfen. <\/p>\n\n\n\n<p><strong>Auswirkungen<\/strong><\/p>\n\n\n\n<ul class=\"wp-block-list\">\n<li>ein gr&uuml;neres und attraktiveres Schulumfeld<\/li>\n<\/ul>\n\n\n\n<ul class=\"wp-block-list\">\n<li>verbessertes <a href=\"https:\/\/greencoolschools.eu\/hy\/glossary\/mikroklima\/\" target=\"_self\" title=\"Ein Mikroklima bezeichnet lokale atmosph&auml;rische Bedingungen, die sich von denen in den umliegenden Gebieten unterscheiden. H&auml;ufig unterscheidet es sich nur geringf&uuml;gig, aber manchmal besteht ein erheblicher Unterschied. Der Begriff kann sich auf Fl&auml;chen beziehen, die nur wenige Quadratmeter (z. B. ein Gartenbeet oder eine H&ouml;hle) oder viele Quadratkilometer oder Quadratmeilen gro&szlig; sind.\" class=\"encyclopedia\">Mikroklima<\/a> und nat&uuml;rlicher Schatten<\/li>\n<\/ul>\n\n\n\n<ul class=\"wp-block-list\">\n<li>neue M&ouml;glichkeiten f&uuml;r das Lernen im Freien<\/li>\n<\/ul>\n<\/div>\n<\/div>\n\n<hr class=\"wp-block-separator has-alpha-channel-opacity is-style-dots\" style=\"margin-top:var(--wp--preset--spacing--70);margin-bottom:var(--wp--preset--spacing--70)\">\n\n<div class=\"wp-block-columns is-layout-flex wp-container-core-columns-is-layout-28f84493 wp-block-columns-is-layout-flex\">\n<div class=\"wp-block-column is-layout-flow wp-block-column-is-layout-flow\" style=\"flex-basis:33.33%\">\n<figure class=\"wp-block-image size-full is-resized has-custom-border\"><img loading=\"lazy\" decoding=\"async\" width=\"942\" height=\"530\" src=\"https:\/\/greencoolschools.eu\/wp-content\/uploads\/2026\/03\/Spain_Cervantes.jpg\" alt=\"\" class=\"wp-image-13621\" style=\"border-radius:8px;width:295px;height:auto\" srcset=\"https:\/\/greencoolschools.eu\/wp-content\/uploads\/2026\/03\/Spain_Cervantes.jpg 942w, https:\/\/greencoolschools.eu\/wp-content\/uploads\/2026\/03\/Spain_Cervantes-300x169.jpg 300w, https:\/\/greencoolschools.eu\/wp-content\/uploads\/2026\/03\/Spain_Cervantes-768x432.jpg 768w\" sizes=\"auto, (max-width: 942px) 100vw, 942px\" \/><figcaption class=\"wp-element-caption\">Quelle: CEIP MIGUEL DE CERVANTES<\/figcaption><\/figure>\n<\/div>\n\n\n\n<div class=\"wp-block-column is-layout-flow wp-block-column-is-layout-flow\" style=\"flex-basis:66.66%\">\n<h2 class=\"wp-block-heading has-text-align-left has-black-color has-text-color has-link-color wp-elements-47c5601af8915525f97fcfe80c52ed71\" id=\"spain\"><strong><strong>Cervantes Schmetterlingsoase<\/strong><\/strong><\/h2>\n\n\n\n<p><strong>Schule:<\/strong> <a href=\"https:\/\/www.educa2.madrid.org\/web\/centro.cp.cervantes.colladovillalba\" target=\"_blank\" rel=\"noreferrer noopener\">CEIP MIGUEL DE CERVANTES<\/a><br><strong>Ort:<\/strong> Spanien, Collado Villalba<\/p>\n\n\n\n<p><strong>Projekt&uuml;bersicht<\/strong><br>Die &bdquo;<strong>Cervantes Schmetterlingsoase<\/strong>&ldquo; ist eine von Sch&uuml;lerinnen und Sch&uuml;lern geleitete Initiative zur Schaffung eines sicheren Lebensraums f&uuml;r Schmetterlinge und andere Best&auml;uber. Ein Teil des Schulgel&auml;ndes wurde in einen farbenfrohen Garten voller nektarreicher Pflanzen verwandelt. <\/p>\n\n\n\n<p><strong>Was entstanden ist<\/strong><br>Die Sch&uuml;lerinnen und Sch&uuml;ler pflanzten <strong>einheimische Bl&uuml;tenpflanzen<\/strong>, die Schmetterlingen und anderen Insekten das ganze Jahr &uuml;ber Nahrung und Unterschlupf bieten. Die vielf&auml;ltige Bepflanzung f&ouml;rdert die lokale Artenvielfalt und schafft eine optisch ansprechende Gr&uuml;nfl&auml;che. <\/p>\n\n\n\n<p><strong>Lernerfahrung<\/strong><br>Die Sch&uuml;lerinnen und Sch&uuml;ler waren in den gesamten Prozess eingebunden, von der Planung der Gartengestaltung &uuml;ber das Pflanzen bis hin zur Beobachtung der Insektenaktivit&auml;t. Durch diese Arbeit erlangten sie ein tieferes Verst&auml;ndnis f&uuml;r <strong><a href=\"https:\/\/greencoolschools.eu\/hy\/glossary\/oekosystem\/\" target=\"_self\" title=\"Als &Ouml;kosystem werden der Lebensraum und die darin lebenden Organismen bezeichnet. Die Pflanzen, Tiere, Mikroorganismen und die nicht lebende Umwelt stehen in Wechselwirkung.\" class=\"encyclopedia\">&Ouml;kosystem<\/a>e, Best&auml;ubung und Biodiversit&auml;t<\/strong>. <\/p>\n\n\n\n<p><strong>Auswirkungen<\/strong><\/p>\n\n\n\n<ul class=\"wp-block-list\">\n<li>Lern- und Beobachtungsbereich im Freien<\/li>\n\n\n\n<li>verbesserte Lebensr&auml;ume f&uuml;r Schmetterlinge und Best&auml;uber<\/li>\n\n\n\n<li>stronger environmental awareness among students<\/li>\n<\/ul>\n<\/div>\n<\/div>\n\n<hr class=\"wp-block-separator has-alpha-channel-opacity is-style-dots\" style=\"margin-top:var(--wp--preset--spacing--70);margin-bottom:var(--wp--preset--spacing--70)\">\n\n<p><\/p>\n","protected":false},"excerpt":{"rendered":"<p>Gewinnerprojekte &#8211; 2025\/26 Wir freuen uns, Ihnen die Gewinnerprojekte 2025\/26 vorstellen zu d\u00fcrfen! Diese Projekte zeigen die Kreativit\u00e4t, das Engagement und die Vision von Schulen, die sich f\u00fcr eine gr\u00fcnere Zukunft einsetzen. Lassen Sie sich von diesen Projekten inspirieren, um mehr gr\u00fcne Initiativen an Ihrer Schule umzusetzen! Umgestaltung einer Kiesfl\u00e4che in eine artenreiche Gr\u00fcnfl\u00e4che Schule: [&hellip;]<\/p>\n","protected":false},"author":14,"featured_media":0,"parent":13359,"menu_order":0,"comment_status":"closed","ping_status":"closed","template":"","meta":{"site-sidebar-layout":null,"site-content-layout":null,"ast-site-content-layout":null,"site-content-style":null,"site-sidebar-style":null,"ast-global-header-display":"","ast-banner-title-visibility":"","ast-main-header-display":null,"ast-hfb-above-header-display":null,"ast-hfb-below-header-display":null,"ast-hfb-mobile-header-display":null,"site-post-title":null,"ast-breadcrumbs-content":null,"ast-featured-img":null,"footer-sml-layout":null,"ast-disable-related-posts":"","theme-transparent-header-meta":null,"adv-header-id-meta":null,"stick-header-meta":null,"header-above-stick-meta":null,"header-main-stick-meta":null,"header-below-stick-meta":null,"astra-migrate-meta-layouts":"default","ast-page-background-enabled":"default","ast-page-background-meta":{"desktop":{"background-color":"var(--ast-global-color-4)","background-image":"","background-repeat":"repeat","background-position":"center center","background-size":"auto","background-attachment":"scroll","background-type":"","background-media":"","overlay-type":"","overlay-color":"","overlay-opacity":"","overlay-gradient":""},"tablet":{"background-color":"","background-image":"","background-repeat":"repeat","background-position":"center center","background-size":"auto","background-attachment":"scroll","background-type":"","background-media":"","overlay-type":"","overlay-color":"","overlay-opacity":"","overlay-gradient":""},"mobile":{"background-color":"","background-image":"","background-repeat":"repeat","background-position":"center center","background-size":"auto","background-attachment":"scroll","background-type":"","background-media":"","overlay-type":"","overlay-color":"","overlay-opacity":"","overlay-gradient":""}},"ast-content-background-meta":{"desktop":{"background-color":"var(--ast-global-color-5)","background-image":"","background-repeat":"repeat","background-position":"center center","background-size":"auto","background-attachment":"scroll","background-type":"","background-media":"","overlay-type":"","overlay-color":"","overlay-opacity":"","overlay-gradient":""},"tablet":{"background-color":"var(--ast-global-color-5)","background-image":"","background-repeat":"repeat","background-position":"center center","background-size":"auto","background-attachment":"scroll","background-type":"","background-media":"","overlay-type":"","overlay-color":"","overlay-opacity":"","overlay-gradient":""},"mobile":{"background-color":"var(--ast-global-color-5)","background-image":"","background-repeat":"repeat","background-position":"center center","background-size":"auto","background-attachment":"scroll","background-type":"","background-media":"","overlay-type":"","overlay-color":"","overlay-opacity":"","overlay-gradient":""}},"footnotes":""},"categories":[],"tags":[],"language":[],"agegroup":[],"material":[],"topic":[],"folder":[],"class_list":["post-13749","page","type-page","status-publish","hentry"],"_links":{"self":[{"href":"https:\/\/greencoolschools.eu\/hy\/wp-json\/wp\/v2\/pages\/13749","targetHints":{"allow":["GET"]}}],"collection":[{"href":"https:\/\/greencoolschools.eu\/hy\/wp-json\/wp\/v2\/pages"}],"about":[{"href":"https:\/\/greencoolschools.eu\/hy\/wp-json\/wp\/v2\/types\/page"}],"author":[{"embeddable":true,"href":"https:\/\/greencoolschools.eu\/hy\/wp-json\/wp\/v2\/users\/14"}],"replies":[{"embeddable":true,"href":"https:\/\/greencoolschools.eu\/hy\/wp-json\/wp\/v2\/comments?post=13749"}],"version-history":[{"count":0,"href":"https:\/\/greencoolschools.eu\/hy\/wp-json\/wp\/v2\/pages\/13749\/revisions"}],"up":[{"embeddable":true,"href":"https:\/\/greencoolschools.eu\/hy\/wp-json\/wp\/v2\/pages\/13359"}],"wp:attachment":[{"href":"https:\/\/greencoolschools.eu\/hy\/wp-json\/wp\/v2\/media?parent=13749"}],"wp:term":[{"taxonomy":"category","embeddable":true,"href":"https:\/\/greencoolschools.eu\/hy\/wp-json\/wp\/v2\/categories?post=13749"},{"taxonomy":"post_tag","embeddable":true,"href":"https:\/\/greencoolschools.eu\/hy\/wp-json\/wp\/v2\/tags?post=13749"},{"taxonomy":"language","embeddable":true,"href":"https:\/\/greencoolschools.eu\/hy\/wp-json\/wp\/v2\/language?post=13749"},{"taxonomy":"agegroup","embeddable":true,"href":"https:\/\/greencoolschools.eu\/hy\/wp-json\/wp\/v2\/agegroup?post=13749"},{"taxonomy":"material","embeddable":true,"href":"https:\/\/greencoolschools.eu\/hy\/wp-json\/wp\/v2\/material?post=13749"},{"taxonomy":"topic","embeddable":true,"href":"https:\/\/greencoolschools.eu\/hy\/wp-json\/wp\/v2\/topic?post=13749"},{"taxonomy":"folder","embeddable":true,"href":"https:\/\/greencoolschools.eu\/hy\/wp-json\/wp\/v2\/folder?post=13749"}],"curies":[{"name":"wp","href":"https:\/\/api.w.org\/{rel}","templated":true}]}}