{"id":13359,"date":"2026-01-20T08:51:51","date_gmt":"2026-01-20T07:51:51","guid":{"rendered":"https:\/\/greencoolschools.eu\/good-practices\/"},"modified":"2026-03-18T16:56:21","modified_gmt":"2026-03-18T15:56:21","slug":"good-practices","status":"publish","type":"page","link":"https:\/\/greencoolschools.eu\/hy\/good-practices\/","title":{"rendered":"Praxisbeispiele"},"content":{"rendered":"\n<h1 class=\"wp-block-heading\">Praxisbeispiele<\/h1>\n\n<h2 class=\"wp-block-heading\">Als Teil des Green Cool Schools-Netzwerks k&ouml;nnen Sie sich f&uuml;r den <strong>Green Cool Schools Award <\/strong>bewerben!<\/h2>\n\n<p>Wir laden Schulen aus ganz Europa ein, sich u<a href=\"https:\/\/greencoolschools.eu\/hy\/initiativen-2\/\" data-type=\"page\" data-id=\"9879\">nserem Netzwerk anzuschlie&szlig;en<\/a> und ihre Projekte und Initiativen einzureichen.<\/p>\n\n<div class=\"wp-block-columns is-layout-flex wp-container-core-columns-is-layout-28f84493 wp-block-columns-is-layout-flex\">\n<div class=\"wp-block-column is-vertically-aligned-stretch has-border-color has-ast-global-color-0-border-color is-layout-flow wp-block-column-is-layout-flow\" style=\"padding-top:0;padding-right:0;padding-bottom:0;padding-left:0;flex-basis:600px\">\n<p class=\"has-white-background-color has-background has-medium-font-size\" style=\"border-style:none;border-width:0px;font-style:normal;font-weight:700\"><a href=\"https:\/\/greencoolschools.eu\/initiatives-2025-2026\/\" data-type=\"page\" data-id=\"13736\">Entdecken Sie die eingereichten Projekte 2025\/26!<\/a><\/p>\n\n\n\n<figure class=\"wp-block-image alignfull size-full\"><a href=\"%5D%5D&amp;gt;\"><img loading=\"lazy\" decoding=\"async\" width=\"631\" height=\"117\" src=\"https:\/\/greencoolschools.eu\/wp-content\/uploads\/2022\/08\/bg_blumenwiese.png\" alt=\"\" class=\"wp-image-176\" srcset=\"https:\/\/greencoolschools.eu\/wp-content\/uploads\/2022\/08\/bg_blumenwiese.png 631w, https:\/\/greencoolschools.eu\/wp-content\/uploads\/2022\/08\/bg_blumenwiese-300x56.png 300w\" sizes=\"auto, (max-width: 631px) 100vw, 631px\" \/><\/a><\/figure>\n<\/div>\n\n\n\n<div class=\"wp-block-column has-border-color has-ast-global-color-0-border-color has-white-background-color has-background is-layout-flow wp-block-column-is-layout-flow\" style=\"padding-right:0;padding-left:0;flex-basis:300px\">\n<figure class=\"wp-block-image size-full\"><a href=\"https:\/\/greencoolschools.eu\/hy\/good-practices\/green-cool-schools-award-2025-26\/\"><img loading=\"lazy\" decoding=\"async\" width=\"657\" height=\"243\" src=\"https:\/\/greencoolschools.eu\/wp-content\/uploads\/2026\/03\/Screenshot-2026-03-12-155434.png\" alt=\"\" class=\"wp-image-13740\" srcset=\"https:\/\/greencoolschools.eu\/wp-content\/uploads\/2026\/03\/Screenshot-2026-03-12-155434.png 657w, https:\/\/greencoolschools.eu\/wp-content\/uploads\/2026\/03\/Screenshot-2026-03-12-155434-300x111.png 300w\" sizes=\"auto, (max-width: 657px) 100vw, 657px\" \/><\/a><\/figure>\n\n\n\n<p class=\"has-text-align-center has-medium-font-size\" style=\"font-style:normal;font-weight:700\"><a href=\"https:\/\/greencoolschools.eu\/hy\/good-practices\/green-cool-schools-award-2025-26\/\">Gewinnerprojekte 2025\/26<\/a><\/p>\n<\/div>\n<\/div>\n\n<div style=\"height:20px\" aria-hidden=\"true\" class=\"wp-block-spacer\"><\/div>\n\n<div class=\"wp-block-columns is-layout-flex wp-container-core-columns-is-layout-28f84493 wp-block-columns-is-layout-flex\">\n<div class=\"wp-block-column is-vertically-aligned-stretch has-border-color has-ast-global-color-0-border-color is-layout-flow wp-block-column-is-layout-flow\" style=\"padding-top:0;padding-right:0;padding-bottom:0;padding-left:0;flex-basis:600px\">\n<p class=\"has-white-background-color has-background has-medium-font-size\" style=\"border-style:none;border-width:0px;font-style:normal;font-weight:700\"><a href=\"https:\/\/greencoolschools.eu\/hy\/category\/initiativen-ueberblick-at\/\" data-type=\"category\" data-id=\"259\">Entdecken Sie die eingereichten Projekte 2024!<\/a><\/p>\n\n\n\n<figure class=\"wp-block-image alignfull size-full\"><img loading=\"lazy\" decoding=\"async\" width=\"631\" height=\"117\" src=\"https:\/\/greencoolschools.eu\/wp-content\/uploads\/2022\/08\/bg_blumenwiese.png\" alt=\"\" class=\"wp-image-176\" srcset=\"https:\/\/greencoolschools.eu\/wp-content\/uploads\/2022\/08\/bg_blumenwiese.png 631w, https:\/\/greencoolschools.eu\/wp-content\/uploads\/2022\/08\/bg_blumenwiese-300x56.png 300w\" sizes=\"auto, (max-width: 631px) 100vw, 631px\" \/><\/figure>\n<\/div>\n\n\n\n<div class=\"wp-block-column has-border-color has-ast-global-color-0-border-color has-white-background-color has-background is-layout-flow wp-block-column-is-layout-flow\" style=\"padding-right:var(--wp--preset--spacing--20);padding-left:var(--wp--preset--spacing--20);flex-basis:300px\">\n<figure class=\"wp-block-image size-full\"><a href=\"<!--%5BCDATA%5Bhttps:\/\/greencoolschools.eu\/good-practices\/green-cool-schools-award-2024\/%5D%5D-->\"><img loading=\"lazy\" decoding=\"async\" width=\"657\" height=\"243\" src=\"https:\/\/greencoolschools.eu\/wp-content\/uploads\/2026\/03\/Screenshot-2026-03-12-155434.png\" alt=\"\" class=\"wp-image-13740\" srcset=\"https:\/\/greencoolschools.eu\/wp-content\/uploads\/2026\/03\/Screenshot-2026-03-12-155434.png 657w, https:\/\/greencoolschools.eu\/wp-content\/uploads\/2026\/03\/Screenshot-2026-03-12-155434-300x111.png 300w\" sizes=\"auto, (max-width: 657px) 100vw, 657px\" \/><\/a><\/figure>\n\n\n\n<p class=\"has-text-align-center has-medium-font-size\" style=\"font-style:normal;font-weight:700\"><a href=\"https:\/\/greencoolschools.eu\/hy\/good-practices\/unsere-gewinnerprojekte-2024\/\">Gewinnerprojekte 2024<\/a><\/p>\n<\/div>\n<\/div>\n\n<p><\/p>\n\n<div style=\"height:20px\" aria-hidden=\"true\" class=\"wp-block-spacer\"><\/div>\n","protected":false},"excerpt":{"rendered":"<p>Praxisbeispiele Als Teil des Green Cool Schools-Netzwerks k\u00f6nnen Sie sich f\u00fcr den Green Cool Schools Award bewerben! Wir laden Schulen aus ganz Europa ein, sich unserem Netzwerk anzuschlie\u00dfen und ihre Projekte und Initiativen einzureichen. Entdecken Sie die eingereichten Projekte 2025\/26! Gewinnerprojekte 2025\/26 Entdecken Sie die eingereichten Projekte 2024! Gewinnerprojekte 2024<\/p>\n","protected":false},"author":1,"featured_media":13358,"parent":0,"menu_order":0,"comment_status":"closed","ping_status":"closed","template":"","meta":{"site-sidebar-layout":"default","site-content-layout":"","ast-site-content-layout":"default","site-content-style":"default","site-sidebar-style":"default","ast-global-header-display":"","ast-banner-title-visibility":"","ast-main-header-display":"","ast-hfb-above-header-display":"","ast-hfb-below-header-display":"","ast-hfb-mobile-header-display":"","site-post-title":"","ast-breadcrumbs-content":"","ast-featured-img":"disabled","footer-sml-layout":"","ast-disable-related-posts":"","theme-transparent-header-meta":"","adv-header-id-meta":"","stick-header-meta":"","header-above-stick-meta":"","header-main-stick-meta":"","header-below-stick-meta":"","astra-migrate-meta-layouts":"default","ast-page-background-enabled":"default","ast-page-background-meta":{"desktop":{"background-color":"var(--ast-global-color-4)","background-image":"","background-repeat":"repeat","background-position":"center center","background-size":"auto","background-attachment":"scroll","background-type":"","background-media":"","overlay-type":"","overlay-color":"","overlay-opacity":"","overlay-gradient":""},"tablet":{"background-color":"","background-image":"","background-repeat":"repeat","background-position":"center center","background-size":"auto","background-attachment":"scroll","background-type":"","background-media":"","overlay-type":"","overlay-color":"","overlay-opacity":"","overlay-gradient":""},"mobile":{"background-color":"","background-image":"","background-repeat":"repeat","background-position":"center center","background-size":"auto","background-attachment":"scroll","background-type":"","background-media":"","overlay-type":"","overlay-color":"","overlay-opacity":"","overlay-gradient":""}},"ast-content-background-meta":{"desktop":{"background-color":"var(--ast-global-color-5)","background-image":"","background-repeat":"repeat","background-position":"center center","background-size":"auto","background-attachment":"scroll","background-type":"","background-media":"","overlay-type":"","overlay-color":"","overlay-opacity":"","overlay-gradient":""},"tablet":{"background-color":"var(--ast-global-color-5)","background-image":"","background-repeat":"repeat","background-position":"center center","background-size":"auto","background-attachment":"scroll","background-type":"","background-media":"","overlay-type":"","overlay-color":"","overlay-opacity":"","overlay-gradient":""},"mobile":{"background-color":"var(--ast-global-color-5)","background-image":"","background-repeat":"repeat","background-position":"center center","background-size":"auto","background-attachment":"scroll","background-type":"","background-media":"","overlay-type":"","overlay-color":"","overlay-opacity":"","overlay-gradient":""}},"footnotes":""},"categories":[],"tags":[],"language":[],"agegroup":[],"material":[],"topic":[],"folder":[],"class_list":["post-13359","page","type-page","status-publish","has-post-thumbnail","hentry"],"_links":{"self":[{"href":"https:\/\/greencoolschools.eu\/hy\/wp-json\/wp\/v2\/pages\/13359","targetHints":{"allow":["GET"]}}],"collection":[{"href":"https:\/\/greencoolschools.eu\/hy\/wp-json\/wp\/v2\/pages"}],"about":[{"href":"https:\/\/greencoolschools.eu\/hy\/wp-json\/wp\/v2\/types\/page"}],"author":[{"embeddable":true,"href":"https:\/\/greencoolschools.eu\/hy\/wp-json\/wp\/v2\/users\/1"}],"replies":[{"embeddable":true,"href":"https:\/\/greencoolschools.eu\/hy\/wp-json\/wp\/v2\/comments?post=13359"}],"version-history":[{"count":0,"href":"https:\/\/greencoolschools.eu\/hy\/wp-json\/wp\/v2\/pages\/13359\/revisions"}],"wp:featuredmedia":[{"embeddable":true,"href":"https:\/\/greencoolschools.eu\/hy\/wp-json\/wp\/v2\/media\/13358"}],"wp:attachment":[{"href":"https:\/\/greencoolschools.eu\/hy\/wp-json\/wp\/v2\/media?parent=13359"}],"wp:term":[{"taxonomy":"category","embeddable":true,"href":"https:\/\/greencoolschools.eu\/hy\/wp-json\/wp\/v2\/categories?post=13359"},{"taxonomy":"post_tag","embeddable":true,"href":"https:\/\/greencoolschools.eu\/hy\/wp-json\/wp\/v2\/tags?post=13359"},{"taxonomy":"language","embeddable":true,"href":"https:\/\/greencoolschools.eu\/hy\/wp-json\/wp\/v2\/language?post=13359"},{"taxonomy":"agegroup","embeddable":true,"href":"https:\/\/greencoolschools.eu\/hy\/wp-json\/wp\/v2\/agegroup?post=13359"},{"taxonomy":"material","embeddable":true,"href":"https:\/\/greencoolschools.eu\/hy\/wp-json\/wp\/v2\/material?post=13359"},{"taxonomy":"topic","embeddable":true,"href":"https:\/\/greencoolschools.eu\/hy\/wp-json\/wp\/v2\/topic?post=13359"},{"taxonomy":"folder","embeddable":true,"href":"https:\/\/greencoolschools.eu\/hy\/wp-json\/wp\/v2\/folder?post=13359"}],"curies":[{"name":"wp","href":"https:\/\/api.w.org\/{rel}","templated":true}]}}