{"id":11860,"date":"2025-01-30T09:28:37","date_gmt":"2025-01-30T08:28:37","guid":{"rendered":"https:\/\/greencoolschools.eu\/unsere-gewinnerprojekte-2024\/"},"modified":"2025-02-03T10:23:22","modified_gmt":"2025-02-03T09:23:22","slug":"unsere-gewinnerprojekte-2024","status":"publish","type":"page","link":"https:\/\/greencoolschools.eu\/hy\/good-practices\/unsere-gewinnerprojekte-2024\/","title":{"rendered":"Green Cool Schools &#8211; Award 2024"},"content":{"rendered":"\n<h2 class=\"wp-block-heading\">Unsere Gewinnerprojekte &ndash; 2024<\/h2>\n\n<p>Wir freuen uns, Ihnen die <strong>Gewinnerprojekte 2024<\/strong> vorzustellen! Diese Projekte zeigen die Kreativit&auml;t, das Engagement und die Vision von Schulen, die sich f&uuml;r eine gr&uuml;nere Zukunft einsetzen. Lassen Sie sich inspirieren, mehr gr&uuml;ne Innovationen an Ihrer Schule umzusetzen!<\/p>\n\n<div style=\"height:100px\" aria-hidden=\"true\" class=\"wp-block-spacer\"><\/div>\n\n<div class=\"wp-block-columns is-layout-flex wp-container-core-columns-is-layout-28f84493 wp-block-columns-is-layout-flex\">\n<div class=\"wp-block-column is-layout-flow wp-block-column-is-layout-flow\" style=\"flex-basis:33.33%\">\n<figure class=\"wp-block-image has-custom-border\"><img loading=\"lazy\" decoding=\"async\" width=\"864\" height=\"1110\" src=\"https:\/\/greencoolschools.eu\/wp-content\/uploads\/2025\/01\/DE_zeichnung.jpg\" alt=\"\" class=\"wp-image-11818\" style=\"border-radius:8px\" srcset=\"https:\/\/greencoolschools.eu\/wp-content\/uploads\/2025\/01\/DE_zeichnung.jpg 864w, https:\/\/greencoolschools.eu\/wp-content\/uploads\/2025\/01\/DE_zeichnung-234x300.jpg 234w, https:\/\/greencoolschools.eu\/wp-content\/uploads\/2025\/01\/DE_zeichnung-797x1024.jpg 797w, https:\/\/greencoolschools.eu\/wp-content\/uploads\/2025\/01\/DE_zeichnung-768x987.jpg 768w\" sizes=\"auto, (max-width: 864px) 100vw, 864px\" \/><figcaption class=\"wp-element-caption\">Credits: Jari Hoven, 4. Aachener Gesamtschule<\/figcaption><\/figure><\/div>\n\n\n\n<div class=\"wp-block-column is-layout-flow wp-block-column-is-layout-flow\" style=\"flex-basis:66.66%\">\n<h2 class=\"wp-block-heading has-text-align-left has-black-color has-text-color has-link-color wp-elements-602913e66e4d2a7afa62223534380317\" id=\"germany\"><strong>Schulen, b&auml;umt euch auf!<\/strong><\/h2>\n\n\n\n<p><strong>Schule:<\/strong> Aachener Gesamtschule\r\n<strong>Ort:<\/strong> Deutschland, Aachen<\/p>\n\n\n\n<p>Bereits beim &bdquo;Global Goals-Sternmarsch Aachener Schulen&ldquo; 2024 forderten die Jugendlichen der 4. Ac GE u.a. <strong>mehr Schulbegr&uuml;nung!<\/strong> Da die Stadt Aachen diesbez&uuml;glich grunds&auml;tzlich offen ist (s.a. Klimastadtvertrag 2030), aber die finanziellen Mittel begrenzt sind, nutzt unsere Schule insbesondere das regionale (aber auch deutschlandweite) Netzwerk, um selber den erforderlichen Support strukturell aufzubauen. Dazu geh&ouml;ren Universit&auml;t, Eltern, lokalen Unternehmen, Stiftungen, Sponsoren und weiteren Partnerorganisationen.<\/p>\n\n\n\n<p>Schritt f&uuml;r Schritt gibt es bereits Ver&auml;nderungen: In diesem Schuljahr wurden mehrere Projekte umgesetzt, darunter die Pflanzung eines mobilen Baumes auf R&auml;dern (eines &bdquo;<strong>Wanderbaums<\/strong>&ldquo;), der flexibel auf dem Schulgel&auml;nde bewegt werden kann. Au&szlig;erdem wurden <strong>Hochbeete repariert<\/strong>, <strong>Topfpflanzen gerettet<\/strong> und VOR ALLEM ein &bdquo;<strong>Begr&uuml;nungsrat<\/strong>&ldquo; gegr&uuml;ndet. In diesem sollen alle am Schulleben beteiligten sich einbringen k&ouml;nnen, vor allem die Jugendlichen, damit sie IHRE Ideen zur Schulhofgestaltung einbringen k&ouml;nnen.\r\n\r\nWir haben bereits ein Unterrichtsformat und entwickeln freiere Projektkonzepte, in denen &bdquo;Podcast Profis&ldquo; bzw. &bdquo;Klimareporter:innen&ldquo; ausgebildet werden. Denn: &bdquo;<strong>Gute Geschichten m&uuml;ssen erz&auml;hlt werden!<\/strong>&ldquo;<\/p>\n\n\n\n<p>In Zukunft wird der Schulhof mit nachhaltigen Elementen weiter umgestaltet. Angedacht sind Fassadenbegr&uuml;nung, Hecken, B&auml;ume, Sitzgelegenheiten, gr&uuml;ne Terrassen, evtl. ein Freiluftklassenzimmer und ein Trinkbrunnen. Parallel dazu soll auch didaktisches Material von Green cool Schools genutzt werden. Das ist zwar zun&auml;chst nur im Denkstadium, aber als Global Goals-Schule, d&uuml;rfte die schulinterne Lobby daf&uuml;r gro&szlig; genug sein.\r\n\r\nMittelfristig ist der Plan, Wissen und(!) Kontakte auch an andere Schulen zu bringen (&bdquo;Wanderbaum-Symbolik&ldquo;); also: &bdquo;abgucken erlaubt!&ldquo;<\/p>\n\n\n\n<p>Eine bereits erfolgte Reaktion der lokalen Stadtbetriebe auf unser Begr&uuml;nungsprojekt ist sehr sch&ouml;n. Von diesen kam die Anfrage: &bdquo;Seid ihr nicht die Schule, die Begr&uuml;nungen macht? Wir wollen unsere Azubis ein Entsiegelungsprojekt durchf&uuml;hren lassen. Geht das bei euch?&ldquo;<\/p>\n\n\n\n<p>In Summe: schulintern und in der regionalen &Ouml;ffentlichkeit bekommt &bdquo;<strong>Schulen, B&Auml;UMT euch auf!<\/strong>&ldquo; eine sp&uuml;rbare Eigendynamik. Ist das nicht herrlich!<\/p>\n<\/div>\n<\/div>\n\n<hr class=\"wp-block-separator has-alpha-channel-opacity is-style-dots\" style=\"margin-top:var(--wp--preset--spacing--70);margin-bottom:var(--wp--preset--spacing--70)\">\n\n<div class=\"wp-block-columns is-layout-flex wp-container-core-columns-is-layout-28f84493 wp-block-columns-is-layout-flex\">\n<div class=\"wp-block-column is-layout-flow wp-block-column-is-layout-flow\" style=\"flex-basis:33.33%\">\n<figure class=\"wp-block-image size-full has-custom-border\" style=\"margin-top:var(--wp--preset--spacing--20);margin-right:0;margin-bottom:var(--wp--preset--spacing--20);margin-left:0\"><img decoding=\"async\" src=\"https:\/\/greencoolschools.eu\/wp-content\/uploads\/2025\/01\/AT.jpg\" alt=\"\" class=\"wp-image-11741\" style=\"border-style:none;border-width:0px;border-radius:8px\"><figcaption class=\"wp-element-caption\">Credits: PMS PH K&auml;rnten<\/figcaption><\/figure><\/div>\n\n\n\n<div class=\"wp-block-column is-layout-flow wp-block-column-is-layout-flow\" style=\"flex-basis:66.66%\">\n<h2 class=\"wp-block-heading has-text-align-left has-black-color has-text-color has-link-color wp-elements-4cbeca748c0d2b23f7c58baa33bb28d4\" id=\"austria\"><strong><strong><strong>Mobile Pflanztr&ouml;ge f&uuml;r Innenraum<\/strong><\/strong><\/strong><\/h2>\n\n\n\n<p><strong>School:<\/strong> PMS PH K&auml;rnten\r\n<strong>Location:<\/strong> Austria, Klagenfurt<\/p>\n\n\n\n<p>Nach der erfolgreichen <strong>Begr&uuml;nung des Schulhofs<\/strong> wollte die Schulgemeinschaft die Vorteile der Natur auch ins Geb&auml;ude holen. Ziel war es, die <strong>Lern<a href=\"https:\/\/greencoolschools.eu\/hy\/glossary\/atmosphaere\/\" target=\"_self\" title=\"Die Atmosph&auml;re ist die gasf&ouml;rmige H&uuml;lle um einen Himmelsk&ouml;rper.\" class=\"encyclopedia\">atmosph&auml;re<\/a><\/strong> durch die Integration von Pflanzen in den Schulalltag zu verbessern. Sch&uuml;ler:innen und Lehrkr&auml;fte arbeiteten gemeinsam an der Gestaltung und Dekoration von Pflanztr&ouml;gen, um eine inspirierende Umgebung zu schaffen. Ein engagiertes &bdquo;<strong>Green Team<\/strong>&ldquo; k&uuml;mmert sich nun um die Pflanzen und sorgt f&uuml;r deren kontinuierliches Wachstum und Wohlbefinden.<\/p>\n\n\n\n<p>Das Projekt zielte darauf ab, das <strong>Lernumfeld zu begr&uuml;nen<\/strong> und die positiven Effekte von Pflanzen auf das Wohlbefinden und die Konzentration hervorzuheben. Finanziert wurde die Initiative durch das &bdquo;Gr&uuml;ne Coole Schulen&ldquo;-Projekt sowie den Elternverein, wodurch die Umsetzung m&ouml;glich wurde.<\/p>\n\n\n\n<p>Dank dieses Projekts sind die Lerninseln in den Schulg&auml;ngen nun von &uuml;ppigem Gr&uuml;n eingerahmt, wodurch diese Bereiche einladender und angenehmer f&uuml;r alle geworden sind. Die Sch&uuml;ler:innen spielten eine aktive Rolle bei der Gestaltung &ndash; sie konnten die visuelle Umsetzung und die Auswahl der Pflanzen selbst bestimmen. Ihre Ideen, W&uuml;nsche und Bed&uuml;rfnisse wurden direkt in den Prozess integriert, sodass das Projekt ihre Vision eines gr&uuml;nen Lernraums widerspiegelt.<\/p>\n<\/div>\n<\/div>\n\n<hr class=\"wp-block-separator has-alpha-channel-opacity is-style-dots\" style=\"margin-top:var(--wp--preset--spacing--70);margin-bottom:var(--wp--preset--spacing--70)\">\n\n<div class=\"wp-block-columns is-layout-flex wp-container-core-columns-is-layout-28f84493 wp-block-columns-is-layout-flex\">\n<div class=\"wp-block-column is-layout-flow wp-block-column-is-layout-flow\" style=\"flex-basis:33.33%\">\n<figure class=\"wp-block-image size-full is-resized has-custom-border\"><img decoding=\"async\" src=\"https:\/\/greencoolschools.eu\/wp-content\/uploads\/2025\/01\/ES_01.jpg\" alt=\"\" class=\"wp-image-11603\" style=\"border-radius:8px;width:295px;height:auto\"><figcaption class=\"wp-element-caption\">Credits: School CEIP Emperador Carlos V<\/figcaption><\/figure><\/div>\n\n\n\n<div class=\"wp-block-column is-layout-flow wp-block-column-is-layout-flow\" style=\"flex-basis:66.66%\">\n<h2 class=\"wp-block-heading has-text-align-left has-black-color has-text-color has-link-color wp-elements-6300f0ef7473f427ada027600e455138\" id=\"spain\"><strong>Unser gr&uuml;ner Schulhof<\/strong><\/h2>\n\n\n\n<p><strong>Schule:<\/strong> CEIP Emperador Carlos V\r\n<strong>Ort:<\/strong> Spanien, Getafa<\/p>\n\n\n\n<p>Vor zwei Jahren wurde ein <strong>Schulgarten<\/strong> angelegt, um den Sch&uuml;ler:innen praktische Lernerfahrungen im Naturwissenschaftsunterricht zu erm&ouml;glichen. Im Laufe der Zeit wurde deutlich, dass der Garten weit mehr als nur eine akademische Lernm&ouml;glichkeit bieten kann &ndash; er kann auch ein <strong>Ort der Begegnung, des Wohlbefindens und des Umweltbewusstseins <\/strong>sein.<\/p>\n\n\n\n<p>Einige Kinder bevorzugen eine ruhige Umgebung w&auml;hrend der Pausen, und eine Gruppe engagierter Lehrkr&auml;fte erkannte das Potenzial, die Gartenpflege in die Freizeitaktivit&auml;ten zu integrieren. Nun k&ouml;nnen die Sch&uuml;ler:innen in den Pausen mit der Natur interagieren, sich um Pflanzen k&uuml;mmern und in einer friedlichen Umgebung zur Ruhe kommen. Das Projekt legt gro&szlig;en Wert auf umweltfreundliche Materialien sowie auf Pflanzenableger, die die Sch&uuml;ler:innen selbst sammeln und kultivieren.<\/p>\n\n\n\n<p>Neben der Gartenarbeit f&ouml;rdert das Projekt die Zusammenarbeit und das Gemeinschaftsgef&uuml;hl. Besondere Aktionen, wie die <strong>Umwelt- und Gesundheitswoche<\/strong>, erm&ouml;glichen es &auml;lteren Sch&uuml;ler:innen, j&uuml;ngeren die Pflanzenpflege beizubringen und so Werte wie Teamarbeit und Verantwortung zu vermitteln.<\/p>\n\n\n\n<p>Die Sch&uuml;ler:innen spielen eine entscheidende Rolle bei der Gestaltung des Projekts. Ihre Ideen und Beitr&auml;ge beeinflussen die Aktivit&auml;ten, sodass der Garten ein dynamischer, sich st&auml;ndig weiterentwickelnder Raum bleibt, der sich an ihre Interessen anpasst. Die Initiative w&auml;chst weiter und erweitert ihren Einfluss &uuml;ber die Nachhaltigkeit hinaus, um eine eng verbundene und engagierte Schulgemeinschaft zu schaffen.<\/p>\n<\/div>\n<\/div>\n\n<hr class=\"wp-block-separator has-alpha-channel-opacity is-style-dots\" style=\"margin-top:var(--wp--preset--spacing--70);margin-bottom:var(--wp--preset--spacing--70)\">\n\n<p><\/p>\n","protected":false},"excerpt":{"rendered":"<p>Unsere Gewinnerprojekte &#8211; 2024 Wir freuen uns, Ihnen die Gewinnerprojekte 2024 vorzustellen! Diese Projekte zeigen die Kreativit\u00e4t, das Engagement und die Vision von Schulen, die sich f\u00fcr eine gr\u00fcnere Zukunft einsetzen. Lassen Sie sich inspirieren, mehr gr\u00fcne Innovationen an Ihrer Schule umzusetzen! Schulen, b\u00e4umt euch auf! Schule: Aachener Gesamtschule&#13; Ort: Deutschland, Aachen Bereits beim \u201eGlobal [&hellip;]<\/p>\n","protected":false},"author":14,"featured_media":0,"parent":13359,"menu_order":0,"comment_status":"closed","ping_status":"closed","template":"","meta":{"site-sidebar-layout":null,"site-content-layout":null,"ast-site-content-layout":null,"site-content-style":null,"site-sidebar-style":null,"ast-global-header-display":"","ast-banner-title-visibility":"","ast-main-header-display":null,"ast-hfb-above-header-display":null,"ast-hfb-below-header-display":null,"ast-hfb-mobile-header-display":null,"site-post-title":null,"ast-breadcrumbs-content":null,"ast-featured-img":null,"footer-sml-layout":null,"ast-disable-related-posts":"","theme-transparent-header-meta":null,"adv-header-id-meta":null,"stick-header-meta":null,"header-above-stick-meta":null,"header-main-stick-meta":null,"header-below-stick-meta":null,"astra-migrate-meta-layouts":"default","ast-page-background-enabled":"default","ast-page-background-meta":{"desktop":{"background-color":"var(--ast-global-color-4)","background-image":"","background-repeat":"repeat","background-position":"center center","background-size":"auto","background-attachment":"scroll","background-type":"","background-media":"","overlay-type":"","overlay-color":"","overlay-opacity":"","overlay-gradient":""},"tablet":{"background-color":"","background-image":"","background-repeat":"repeat","background-position":"center center","background-size":"auto","background-attachment":"scroll","background-type":"","background-media":"","overlay-type":"","overlay-color":"","overlay-opacity":"","overlay-gradient":""},"mobile":{"background-color":"","background-image":"","background-repeat":"repeat","background-position":"center center","background-size":"auto","background-attachment":"scroll","background-type":"","background-media":"","overlay-type":"","overlay-color":"","overlay-opacity":"","overlay-gradient":""}},"ast-content-background-meta":{"desktop":{"background-color":"var(--ast-global-color-5)","background-image":"","background-repeat":"repeat","background-position":"center center","background-size":"auto","background-attachment":"scroll","background-type":"","background-media":"","overlay-type":"","overlay-color":"","overlay-opacity":"","overlay-gradient":""},"tablet":{"background-color":"var(--ast-global-color-5)","background-image":"","background-repeat":"repeat","background-position":"center center","background-size":"auto","background-attachment":"scroll","background-type":"","background-media":"","overlay-type":"","overlay-color":"","overlay-opacity":"","overlay-gradient":""},"mobile":{"background-color":"var(--ast-global-color-5)","background-image":"","background-repeat":"repeat","background-position":"center center","background-size":"auto","background-attachment":"scroll","background-type":"","background-media":"","overlay-type":"","overlay-color":"","overlay-opacity":"","overlay-gradient":""}},"footnotes":""},"categories":[],"tags":[],"language":[],"agegroup":[],"material":[],"topic":[],"folder":[],"class_list":["post-11860","page","type-page","status-publish","hentry"],"_links":{"self":[{"href":"https:\/\/greencoolschools.eu\/hy\/wp-json\/wp\/v2\/pages\/11860","targetHints":{"allow":["GET"]}}],"collection":[{"href":"https:\/\/greencoolschools.eu\/hy\/wp-json\/wp\/v2\/pages"}],"about":[{"href":"https:\/\/greencoolschools.eu\/hy\/wp-json\/wp\/v2\/types\/page"}],"author":[{"embeddable":true,"href":"https:\/\/greencoolschools.eu\/hy\/wp-json\/wp\/v2\/users\/14"}],"replies":[{"embeddable":true,"href":"https:\/\/greencoolschools.eu\/hy\/wp-json\/wp\/v2\/comments?post=11860"}],"version-history":[{"count":0,"href":"https:\/\/greencoolschools.eu\/hy\/wp-json\/wp\/v2\/pages\/11860\/revisions"}],"up":[{"embeddable":true,"href":"https:\/\/greencoolschools.eu\/hy\/wp-json\/wp\/v2\/pages\/13359"}],"wp:attachment":[{"href":"https:\/\/greencoolschools.eu\/hy\/wp-json\/wp\/v2\/media?parent=11860"}],"wp:term":[{"taxonomy":"category","embeddable":true,"href":"https:\/\/greencoolschools.eu\/hy\/wp-json\/wp\/v2\/categories?post=11860"},{"taxonomy":"post_tag","embeddable":true,"href":"https:\/\/greencoolschools.eu\/hy\/wp-json\/wp\/v2\/tags?post=11860"},{"taxonomy":"language","embeddable":true,"href":"https:\/\/greencoolschools.eu\/hy\/wp-json\/wp\/v2\/language?post=11860"},{"taxonomy":"agegroup","embeddable":true,"href":"https:\/\/greencoolschools.eu\/hy\/wp-json\/wp\/v2\/agegroup?post=11860"},{"taxonomy":"material","embeddable":true,"href":"https:\/\/greencoolschools.eu\/hy\/wp-json\/wp\/v2\/material?post=11860"},{"taxonomy":"topic","embeddable":true,"href":"https:\/\/greencoolschools.eu\/hy\/wp-json\/wp\/v2\/topic?post=11860"},{"taxonomy":"folder","embeddable":true,"href":"https:\/\/greencoolschools.eu\/hy\/wp-json\/wp\/v2\/folder?post=11860"}],"curies":[{"name":"wp","href":"https:\/\/api.w.org\/{rel}","templated":true}]}}