{"id":11702,"date":"2025-01-30T08:45:47","date_gmt":"2025-01-30T07:45:47","guid":{"rendered":"https:\/\/greencoolschools.eu\/kriterien-fuer-gruene-coole-schulen\/"},"modified":"2026-03-04T10:50:22","modified_gmt":"2026-03-04T09:50:22","slug":"kriterien-fuer-gruene-coole-schulen","status":"publish","type":"page","link":"https:\/\/greencoolschools.eu\/hy\/initiativen-2\/kriterien-fuer-gruene-coole-schulen\/","title":{"rendered":"Green Cool Schools &#8211; Kriterien"},"content":{"rendered":"\n<h2 class=\"wp-block-heading\">Green Cool Schools &ndash; Kriterien<\/h2>\n\n<p>Stellen Sie sich eine Schule vor, in der Gr&uuml;nfl&auml;chen das Lernen inspirieren, in der die Artenvielfalt gedeiht und in der Sch&uuml;ler aktiv eine nachhaltigere Zukunft gestalten. <strong>Green Cool Schools<\/strong> ist ein europ&auml;isches Netzwerk, das sich daf&uuml;r einsetzt, Schulen gr&uuml;ner, klimafreundlicher und zu lebendigen Orten der Bildung zu machen.<\/p>\n\n<p>Mit dem Beitritt zum Netzwerk verpflichten sich die Schulen zu langfristigen Entwicklungszielen, zur Umsetzung gr&uuml;ner Initiativen und zur F&ouml;rderung der Bildung f&uuml;r nachhaltige Entwicklung. Von der Schaffung bl&uuml;hender Gr&uuml;nfl&auml;chen bis zur Integration von Umweltthemen in den Lehrplan &ndash; Green Cool Schools st&auml;rken Sch&uuml;ler und Lehrer gleicherma&szlig;en. <\/p>\n\n<div style=\"height:30px\" aria-hidden=\"true\" class=\"wp-block-spacer\"><\/div>\n\n<div class=\"wp-block-columns is-layout-flex wp-container-core-columns-is-layout-28f84493 wp-block-columns-is-layout-flex\">\n<div class=\"wp-block-column is-layout-flow wp-block-column-is-layout-flow\" style=\"flex-basis:50px\">\n<h1 class=\"wp-block-heading alignfull\">1.<\/h1>\n<\/div>\n\n\n\n<div class=\"wp-block-column is-layout-flow wp-block-column-is-layout-flow\" style=\"flex-basis:700px\">\n<p>Die Schule hat ihren Beitritt zum Netzwerk erkl&auml;rt und sich gleichzeitig<br>dem Entwicklungsziel einer Green Cool School verpflichtet.<\/p>\n<\/div>\n\n\n\n<div class=\"wp-block-column is-layout-flow wp-block-column-is-layout-flow\">\n<figure class=\"wp-block-image aligncenter size-full is-resized\"><img decoding=\"async\" src=\"https:\/\/greencoolschools.eu\/wp-content\/uploads\/2025\/01\/Icon_GCSchools_01.png\" alt=\"\" class=\"wp-image-11623\" style=\"width:auto;height:50px\"><\/figure>\n<\/div>\n<\/div>\n\n<div style=\"height:30px\" aria-hidden=\"true\" class=\"wp-block-spacer\"><\/div>\n\n<div class=\"wp-block-columns is-layout-flex wp-container-core-columns-is-layout-28f84493 wp-block-columns-is-layout-flex\">\n<div class=\"wp-block-column is-layout-flow wp-block-column-is-layout-flow\" style=\"flex-basis:50px\">\n<h1 class=\"wp-block-heading alignfull\">2.<\/h1>\n<\/div>\n\n\n\n<div class=\"wp-block-column is-layout-flow wp-block-column-is-layout-flow\" style=\"flex-basis:700px\">\n<p>Die Schule hat eine formelle Entscheidung getroffen, in der sie ihre eigenen Ziele f&uuml;r eine Green Cool<br>Schule festlegt.<\/p>\n<\/div>\n\n\n\n<div class=\"wp-block-column is-layout-flow wp-block-column-is-layout-flow\">\n<figure class=\"wp-block-image aligncenter size-full is-resized\"><img loading=\"lazy\" decoding=\"async\" width=\"800\" height=\"1167\" src=\"https:\/\/greencoolschools.eu\/wp-content\/uploads\/2025\/01\/Icon_GCSchools_02.png\" alt=\"\" class=\"wp-image-11579\" style=\"width:auto;height:50px\" srcset=\"https:\/\/greencoolschools.eu\/wp-content\/uploads\/2025\/01\/Icon_GCSchools_02.png 800w, https:\/\/greencoolschools.eu\/wp-content\/uploads\/2025\/01\/Icon_GCSchools_02-206x300.png 206w, https:\/\/greencoolschools.eu\/wp-content\/uploads\/2025\/01\/Icon_GCSchools_02-702x1024.png 702w, https:\/\/greencoolschools.eu\/wp-content\/uploads\/2025\/01\/Icon_GCSchools_02-768x1120.png 768w\" sizes=\"auto, (max-width: 800px) 100vw, 800px\" \/><\/figure>\n<\/div>\n<\/div>\n\n<div style=\"height:30px\" aria-hidden=\"true\" class=\"wp-block-spacer\"><\/div>\n\n<div class=\"wp-block-columns is-layout-flex wp-container-core-columns-is-layout-28f84493 wp-block-columns-is-layout-flex\">\n<div class=\"wp-block-column is-layout-flow wp-block-column-is-layout-flow\" style=\"flex-basis:50px\">\n<h1 class=\"wp-block-heading alignfull\">3.<\/h1>\n<\/div>\n\n\n\n<div class=\"wp-block-column is-layout-flow wp-block-column-is-layout-flow\" style=\"flex-basis:700px\">\n<p>Die Schule hat ein Green Team eingerichtet, das den Entwicklungsprozess<br>zur Green Cool School koordiniert und bei Bedarf auch einzelne<br>Initiativen betreut.<\/p>\n<\/div>\n\n\n\n<div class=\"wp-block-column is-layout-flow wp-block-column-is-layout-flow\">\n<figure class=\"wp-block-image aligncenter size-full is-resized\"><img decoding=\"async\" src=\"https:\/\/greencoolschools.eu\/wp-content\/uploads\/2025\/01\/Icon_GCSchools_03.png\" alt=\"\" class=\"wp-image-11630\" style=\"width:auto;height:50px\"><\/figure>\n<\/div>\n<\/div>\n\n<div style=\"height:30px\" aria-hidden=\"true\" class=\"wp-block-spacer\"><\/div>\n\n<div class=\"wp-block-columns is-layout-flex wp-container-core-columns-is-layout-28f84493 wp-block-columns-is-layout-flex\">\n<div class=\"wp-block-column is-layout-flow wp-block-column-is-layout-flow\" style=\"flex-basis:50px\">\n<h1 class=\"wp-block-heading alignfull\">4.<\/h1>\n<\/div>\n\n\n\n<div class=\"wp-block-column is-layout-flow wp-block-column-is-layout-flow\" style=\"flex-basis:700px\">\n<p>Die Schule hat eine Bestandsaufnahme der &bdquo;gr&uuml;nen&ldquo; Themen durchgef&uuml;hrt &ndash; insbesondere des<br>Schulgel&auml;ndes, seiner Nutzung sowie der Tier- und Pflanzenarten und Biotope.<\/p>\n<\/div>\n\n\n\n<div class=\"wp-block-column is-layout-flow wp-block-column-is-layout-flow\">\n<figure class=\"wp-block-image aligncenter size-full is-resized\"><img decoding=\"async\" src=\"https:\/\/greencoolschools.eu\/wp-content\/uploads\/2025\/01\/Icon_GCSchools_04.png\" alt=\"\" class=\"wp-image-11641\" style=\"width:auto;height:50px\"><\/figure>\n<\/div>\n<\/div>\n\n<div style=\"height:30px\" aria-hidden=\"true\" class=\"wp-block-spacer\"><\/div>\n\n<div class=\"wp-block-columns is-layout-flex wp-container-core-columns-is-layout-28f84493 wp-block-columns-is-layout-flex\">\n<div class=\"wp-block-column is-layout-flow wp-block-column-is-layout-flow\" style=\"flex-basis:50px\">\n<h1 class=\"wp-block-heading alignfull\">5.<\/h1>\n<\/div>\n\n\n\n<div class=\"wp-block-column is-layout-flow wp-block-column-is-layout-flow\" style=\"flex-basis:700px\">\n<p>Die Schule hat Ma&szlig;nahmen ergriffen, um Gr&uuml;nfl&auml;chen zu erhalten oder zu erweitern &ndash; im Au&szlig;enbereich<br>, auf oder im Schulgeb&auml;ude. Damit hat die Schule <\/p>\n\n\n\n<ul class=\"wp-block-list\">\n<li>Ideen, W&uuml;nsche und Forderungen der Sch&uuml;ler &ndash; auch alters- und geschlechtsspezifisch &ndash; mit einbezogen,<\/li>\n\n\n\n<li>die Natur und die biologische Vielfalt gef&ouml;rdert,<\/li>\n\n\n\n<li>die einschl&auml;gigen Grunds&auml;tze der nachhaltigen Beschaffung angewandt.<\/li>\n<\/ul>\n<\/div>\n\n\n\n<div class=\"wp-block-column is-layout-flow wp-block-column-is-layout-flow\">\n<figure class=\"wp-block-image aligncenter size-full is-resized\"><img decoding=\"async\" src=\"https:\/\/greencoolschools.eu\/wp-content\/uploads\/2025\/01\/Icon_GCSchools_05.png\" alt=\"\" class=\"wp-image-11634\" style=\"width:auto;height:50px\"><\/figure>\n<\/div>\n<\/div>\n\n<div style=\"height:30px\" aria-hidden=\"true\" class=\"wp-block-spacer\"><\/div>\n\n<div class=\"wp-block-columns is-layout-flex wp-container-core-columns-is-layout-28f84493 wp-block-columns-is-layout-flex\">\n<div class=\"wp-block-column is-layout-flow wp-block-column-is-layout-flow\" style=\"flex-basis:50px\">\n<h1 class=\"wp-block-heading alignfull\">6.<\/h1>\n<\/div>\n\n\n\n<div class=\"wp-block-column is-layout-flow wp-block-column-is-layout-flow\" style=\"flex-basis:700px\">\n<p>Das Schulgr&uuml;n wird f&uuml;r Unterrichtszwecke genutzt. Dazu geh&ouml;rt die Schule: <\/p>\n\n\n\n<ul class=\"wp-block-list\">\n<li>technische und interdisziplin&auml;re Perspektiven,<\/li>\n\n\n\n<li>Aspekte der Nachhaltigkeit (SDGs usw.).<\/li>\n<\/ul>\n<\/div>\n\n\n\n<div class=\"wp-block-column is-layout-flow wp-block-column-is-layout-flow\">\n<figure class=\"wp-block-image aligncenter size-full is-resized\"><img decoding=\"async\" src=\"https:\/\/greencoolschools.eu\/wp-content\/uploads\/2025\/01\/Icon_GCSchools_06.png\" alt=\"\" class=\"wp-image-11635\" style=\"width:auto;height:50px\"><\/figure>\n<\/div>\n<\/div>\n\n<div style=\"height:30px\" aria-hidden=\"true\" class=\"wp-block-spacer\"><\/div>\n\n<div class=\"wp-block-columns is-layout-flex wp-container-core-columns-is-layout-28f84493 wp-block-columns-is-layout-flex\">\n<div class=\"wp-block-column is-layout-flow wp-block-column-is-layout-flow\" style=\"flex-basis:50px\">\n<h1 class=\"wp-block-heading alignfull\">7.<\/h1>\n<\/div>\n\n\n\n<div class=\"wp-block-column is-layout-flow wp-block-column-is-layout-flow\" style=\"flex-basis:700px\">\n<p>Die Schule pflegt die Vernetzung und den Austausch mit anderen Schulen zum Thema Green<br>Cool Schools.<\/p>\n<\/div>\n\n\n\n<div class=\"wp-block-column is-layout-flow wp-block-column-is-layout-flow\">\n<figure class=\"wp-block-image aligncenter size-full is-resized\"><img loading=\"lazy\" decoding=\"async\" width=\"1024\" height=\"1059\" src=\"https:\/\/greencoolschools.eu\/wp-content\/uploads\/2025\/01\/Icon_GCSchools_07.png\" alt=\"\" class=\"wp-image-11614\" style=\"width:auto;height:50px\" srcset=\"https:\/\/greencoolschools.eu\/wp-content\/uploads\/2025\/01\/Icon_GCSchools_07.png 1024w, https:\/\/greencoolschools.eu\/wp-content\/uploads\/2025\/01\/Icon_GCSchools_07-290x300.png 290w, https:\/\/greencoolschools.eu\/wp-content\/uploads\/2025\/01\/Icon_GCSchools_07-990x1024.png 990w, https:\/\/greencoolschools.eu\/wp-content\/uploads\/2025\/01\/Icon_GCSchools_07-768x794.png 768w\" sizes=\"auto, (max-width: 1024px) 100vw, 1024px\" \/><\/figure>\n<\/div>\n<\/div>\n\n<div style=\"height:30px\" aria-hidden=\"true\" class=\"wp-block-spacer\"><\/div>\n\n<div class=\"wp-block-columns is-layout-flex wp-container-core-columns-is-layout-28f84493 wp-block-columns-is-layout-flex\">\n<div class=\"wp-block-column is-layout-flow wp-block-column-is-layout-flow\" style=\"flex-basis:50px\">\n<h1 class=\"wp-block-heading alignfull\">8.<\/h1>\n<\/div>\n\n\n\n<div class=\"wp-block-column is-layout-flow wp-block-column-is-layout-flow\" style=\"flex-basis:700px\">\n<p>Die Schule betreibt &Ouml;ffentlichkeitsarbeit f&uuml;r ihre Entwicklung zu einer Green<br>Cool School.<\/p>\n<\/div>\n\n\n\n<div class=\"wp-block-column is-layout-flow wp-block-column-is-layout-flow\">\n<figure class=\"wp-block-image aligncenter size-full is-resized\"><img decoding=\"async\" src=\"https:\/\/greencoolschools.eu\/wp-content\/uploads\/2025\/01\/Icon_GCSchools_08.png\" alt=\"\" class=\"wp-image-11637\" style=\"width:auto;height:50px\"><\/figure>\n<\/div>\n<\/div>\n\n<div style=\"height:30px\" aria-hidden=\"true\" class=\"wp-block-spacer\"><\/div>\n\n<div class=\"wp-block-columns is-layout-flex wp-container-core-columns-is-layout-28f84493 wp-block-columns-is-layout-flex\">\n<div class=\"wp-block-column is-layout-flow wp-block-column-is-layout-flow\" style=\"flex-basis:50px\">\n<h1 class=\"wp-block-heading alignfull\">9.<\/h1>\n<\/div>\n\n\n\n<div class=\"wp-block-column is-layout-flow wp-block-column-is-layout-flow\" style=\"flex-basis:700px\">\n<p>Die Schule, die Schulbeh&ouml;rde, das Bildungssystem oder andere Unterst&uuml;tzer<br>stellen angemessene Ressourcen f&uuml;r die Entwicklung einer Green Cool School zur Verf&uuml;gung.<\/p>\n<\/div>\n\n\n\n<div class=\"wp-block-column is-layout-flow wp-block-column-is-layout-flow\">\n<figure class=\"wp-block-image size-full is-resized\"><img decoding=\"async\" src=\"https:\/\/greencoolschools.eu\/wp-content\/uploads\/2025\/01\/Icon_GCSchools_09.png\" alt=\"\" class=\"wp-image-11636\" style=\"width:auto;height:50px\"><\/figure>\n<\/div>\n<\/div>\n\n<div style=\"height:30px\" aria-hidden=\"true\" class=\"wp-block-spacer\"><\/div>\n\n<div class=\"wp-block-columns is-layout-flex wp-container-core-columns-is-layout-28f84493 wp-block-columns-is-layout-flex\">\n<div class=\"wp-block-column is-layout-flow wp-block-column-is-layout-flow\" style=\"flex-basis:50px\">\n<h1 class=\"wp-block-heading alignfull\">10.<\/h1>\n<\/div>\n\n\n\n<div class=\"wp-block-column is-layout-flow wp-block-column-is-layout-flow\" style=\"flex-basis:700px\">\n<p>Langfristige Entwicklung mit kontinuierlicher Verbesserung wird auf sinnvolle Weise<br>gew&auml;hrleistet.<\/p>\n<\/div>\n\n\n\n<div class=\"wp-block-column is-layout-flow wp-block-column-is-layout-flow\">\n<figure class=\"wp-block-image aligncenter size-full is-resized\"><img decoding=\"async\" src=\"https:\/\/greencoolschools.eu\/wp-content\/uploads\/2025\/01\/Icon_GCSchools_10.png\" alt=\"\" class=\"wp-image-11642\" style=\"width:auto;height:50px\"><\/figure>\n<\/div>\n<\/div>\n\n<div style=\"height:30px\" aria-hidden=\"true\" class=\"wp-block-spacer\"><\/div>\n\n<p>Sind Sie neugierig auf die <strong>Kriterien, um eine Green Cool School zu werden<\/strong>?<\/p>\n\n<p> <a href=\"https:\/\/greencoolschools.eu\/wp-content\/uploads\/2025\/04\/Green_Cool_Schools_Criteria_EN.pdf\" target=\"_blank\" rel=\"noreferrer noopener\"> Laden Sie das vollst&auml;ndige Dokument herunter<\/a> und machen Sie den ersten Schritt in eine gr&uuml;nere Zukunft!<\/p>\n\n<p><\/p>\n","protected":false},"excerpt":{"rendered":"<p>Green Cool Schools &#8211; Kriterien Stellen Sie sich eine Schule vor, in der Gr\u00fcnfl\u00e4chen das Lernen inspirieren, in der die Artenvielfalt gedeiht und in der Sch\u00fcler aktiv eine nachhaltigere Zukunft gestalten. Green Cool Schools ist ein europ\u00e4isches Netzwerk, das sich daf\u00fcr einsetzt, Schulen gr\u00fcner, klimafreundlicher und zu lebendigen Orten der Bildung zu machen. Mit dem [&hellip;]<\/p>\n","protected":false},"author":14,"featured_media":0,"parent":9941,"menu_order":0,"comment_status":"closed","ping_status":"closed","template":"","meta":{"site-sidebar-layout":null,"site-content-layout":null,"ast-site-content-layout":null,"site-content-style":null,"site-sidebar-style":null,"ast-global-header-display":"","ast-banner-title-visibility":"","ast-main-header-display":null,"ast-hfb-above-header-display":null,"ast-hfb-below-header-display":null,"ast-hfb-mobile-header-display":null,"site-post-title":null,"ast-breadcrumbs-content":null,"ast-featured-img":null,"footer-sml-layout":null,"ast-disable-related-posts":"","theme-transparent-header-meta":null,"adv-header-id-meta":null,"stick-header-meta":null,"header-above-stick-meta":null,"header-main-stick-meta":null,"header-below-stick-meta":null,"astra-migrate-meta-layouts":"set","ast-page-background-enabled":"default","ast-page-background-meta":{"desktop":{"background-color":"var(--ast-global-color-4)","background-image":"","background-repeat":"repeat","background-position":"center center","background-size":"auto","background-attachment":"scroll","background-type":"","background-media":"","overlay-type":"","overlay-color":"","overlay-opacity":"","overlay-gradient":""},"tablet":{"background-color":"","background-image":"","background-repeat":"repeat","background-position":"center center","background-size":"auto","background-attachment":"scroll","background-type":"","background-media":"","overlay-type":"","overlay-color":"","overlay-opacity":"","overlay-gradient":""},"mobile":{"background-color":"","background-image":"","background-repeat":"repeat","background-position":"center center","background-size":"auto","background-attachment":"scroll","background-type":"","background-media":"","overlay-type":"","overlay-color":"","overlay-opacity":"","overlay-gradient":""}},"ast-content-background-meta":{"desktop":{"background-color":"var(--ast-global-color-5)","background-image":"","background-repeat":"repeat","background-position":"center center","background-size":"auto","background-attachment":"scroll","background-type":"","background-media":"","overlay-type":"","overlay-color":"","overlay-opacity":"","overlay-gradient":""},"tablet":{"background-color":"var(--ast-global-color-5)","background-image":"","background-repeat":"repeat","background-position":"center center","background-size":"auto","background-attachment":"scroll","background-type":"","background-media":"","overlay-type":"","overlay-color":"","overlay-opacity":"","overlay-gradient":""},"mobile":{"background-color":"var(--ast-global-color-5)","background-image":"","background-repeat":"repeat","background-position":"center center","background-size":"auto","background-attachment":"scroll","background-type":"","background-media":"","overlay-type":"","overlay-color":"","overlay-opacity":"","overlay-gradient":""}},"footnotes":""},"categories":[],"tags":[],"language":[],"agegroup":[],"material":[],"topic":[],"folder":[],"class_list":["post-11702","page","type-page","status-publish","hentry"],"_links":{"self":[{"href":"https:\/\/greencoolschools.eu\/hy\/wp-json\/wp\/v2\/pages\/11702","targetHints":{"allow":["GET"]}}],"collection":[{"href":"https:\/\/greencoolschools.eu\/hy\/wp-json\/wp\/v2\/pages"}],"about":[{"href":"https:\/\/greencoolschools.eu\/hy\/wp-json\/wp\/v2\/types\/page"}],"author":[{"embeddable":true,"href":"https:\/\/greencoolschools.eu\/hy\/wp-json\/wp\/v2\/users\/14"}],"replies":[{"embeddable":true,"href":"https:\/\/greencoolschools.eu\/hy\/wp-json\/wp\/v2\/comments?post=11702"}],"version-history":[{"count":0,"href":"https:\/\/greencoolschools.eu\/hy\/wp-json\/wp\/v2\/pages\/11702\/revisions"}],"up":[{"embeddable":true,"href":"https:\/\/greencoolschools.eu\/hy\/wp-json\/wp\/v2\/pages\/9941"}],"wp:attachment":[{"href":"https:\/\/greencoolschools.eu\/hy\/wp-json\/wp\/v2\/media?parent=11702"}],"wp:term":[{"taxonomy":"category","embeddable":true,"href":"https:\/\/greencoolschools.eu\/hy\/wp-json\/wp\/v2\/categories?post=11702"},{"taxonomy":"post_tag","embeddable":true,"href":"https:\/\/greencoolschools.eu\/hy\/wp-json\/wp\/v2\/tags?post=11702"},{"taxonomy":"language","embeddable":true,"href":"https:\/\/greencoolschools.eu\/hy\/wp-json\/wp\/v2\/language?post=11702"},{"taxonomy":"agegroup","embeddable":true,"href":"https:\/\/greencoolschools.eu\/hy\/wp-json\/wp\/v2\/agegroup?post=11702"},{"taxonomy":"material","embeddable":true,"href":"https:\/\/greencoolschools.eu\/hy\/wp-json\/wp\/v2\/material?post=11702"},{"taxonomy":"topic","embeddable":true,"href":"https:\/\/greencoolschools.eu\/hy\/wp-json\/wp\/v2\/topic?post=11702"},{"taxonomy":"folder","embeddable":true,"href":"https:\/\/greencoolschools.eu\/hy\/wp-json\/wp\/v2\/folder?post=11702"}],"curies":[{"name":"wp","href":"https:\/\/api.w.org\/{rel}","templated":true}]}}