{"id":11318,"date":"2025-01-09T10:35:23","date_gmt":"2025-01-09T09:35:23","guid":{"rendered":"https:\/\/greencoolschools.eu\/green-cool-schools-grow-europe\/"},"modified":"2025-11-06T14:22:08","modified_gmt":"2025-11-06T13:22:08","slug":"green-cool-schools-grow-europe","status":"publish","type":"page","link":"https:\/\/greencoolschools.eu\/hy\/ueber-das-projekt-das-team\/ueber-dieses-projekt\/green-cool-schools-grow-europe\/","title":{"rendered":"Green Cool Schools GROW Europe"},"content":{"rendered":"\n<h2 class=\"wp-block-heading\">Green Cool Schools GROW Europe<\/h2>\n\n\n\n<p class=\"has-text-align-left\">Das <strong>Green Cool Schools GROW Europe<\/strong> Projekt ist der n&auml;chste Schritt auf unserer Reise zu nachhaltigeren und gr&uuml;neren Schulen in Europa. Gef&ouml;rdert durch <a href=\"https:\/\/erasmus-plus.ec.europa.eu\/\">Erasmus+<\/a>, baut dieses spannende Folgeprojekt auf den Erfolgen von <a href=\"https:\/\/greencoolschools.eu\/hy\/ueber-das-projekt-das-team\/ueber-dieses-projekt\/learning4greensschools\/\">Learning4Greens@Schools<\/a> und <a href=\"https:\/\/greencoolschools.eu\/hy\/ueber-das-projekt-das-team\/ueber-dieses-projekt\/green-cool-school-network\/\">Green Cool Schools Network<\/a>&nbsp;auf und setzt neue Schwerpunkte, um Begr&uuml;nung an Schulen noch zug&auml;nglicher zu machen.<\/p>\n\n\n\n<p>Wir m&ouml;chten Schulen dabei unterst&uuml;tzen, Begr&uuml;nungsprojekte einfach und effektiv umzusetzen. Daf&uuml;r entwickeln wir <strong>15 Bauanleitungen<\/strong> f&uuml;r Innen- und Au&szlig;enbegr&uuml;nungen, die von teilnehmenden Partnerschulen direkt umgesetzt werden. Zus&auml;tzlich stellen wir <strong>hochwertige Unterrichtsmaterialien<\/strong> und fundierte Informationen auf unserer Website bereit, die in <strong>6 Sprachen<\/strong> &ndash; Deutsch, Englisch, Spanisch, Baskisch, Ungarisch und Irisch &ndash; zug&auml;nglich sein werden. Alle Materialen werden auf unserer Website kostenlos zur Verf&uuml;gung stehen.<\/p>\n\n\n\n<p>Ein zentraler Aspekt des Projekts ist die Erweiterung unseres <strong>Green Cool Schools Netzwerks<\/strong>, in dem Lehrkr&auml;fte aus ganz Europa ihre Erfahrungen und Ideen teilen k&ouml;nnen. Webinare, Seminare und internationale Austauschformate in den Projektsprache erleichtern die Vernetzung und f&ouml;rdern die Zusammenarbeit.<\/p>\n\n\n\n<p>Wir sammeln und pr&auml;sentieren <strong>Best Practices<\/strong> aus verschiedenen L&auml;ndern, um andere Schulen zu inspirieren. Lehrkr&auml;fte und Schulen sind herzlich eingeladen, an unseren Umfragen teilzunehmen und ihre eigenen Initiativen vorzustellen. Schulg&auml;rten, gr&uuml;ne Klassenzimmer, Hochbeete oder kreative Workshops &ndash; jede Idee z&auml;hlt und bereichert unser gemeinsames Ziel.<\/p>\n\n\n\n<p><strong>Green Cool Schools GROW Europe<\/strong> ist mehr als ein Projekt &ndash; es ist eine Bewegung, die Bildung und Nachhaltigkeit verbindet, um unsere Schulen gr&uuml;ner und zukunftsf&auml;higer zu machen. Machen Sie mit und werden Sie Teil dieser Transformation!<\/p>\n\n\n\n<div class=\"wp-block-buttons is-content-justification-center is-layout-flex wp-container-core-buttons-is-layout-a89b3969 wp-block-buttons-is-layout-flex\">\n<div class=\"wp-block-button is-style-fill\"><a class=\"wp-block-button__link has-text-align-center wp-element-button\" href=\"https:\/\/greencoolschools.eu\/hy\/newsletter\/\">Bleiben Sie auf dem Laufenden und melden Sie sich f&uuml;r den Newsletter an!<\/a><\/div>\n<\/div>\n\n\n\n<div style=\"height:25px\" aria-hidden=\"true\" class=\"wp-block-spacer\"><\/div>\n\n\n\n<figure class=\"wp-block-image size-large is-resized\"><img decoding=\"async\" src=\"https:\/\/greencoolschools.eu\/wp-content\/uploads\/2025\/01\/EN-Co-funded-by-the-EU-1024x215.jpg\" alt=\"\" class=\"wp-image-11323\" style=\"width:343px;height:auto\"><\/figure>\n\n\n\n<div style=\"height:50px\" aria-hidden=\"true\" class=\"wp-block-spacer\"><\/div>\n\n\n<div class=\"ultp-post-grid-block wp-block-ultimate-post-post-list-3 ultp-block-390423\"><div class=\"ultp-block-wrapper\"><div class=\"ultp-loading\"><div class=\"ultp-loading-blocks\" style=\"width:100%;height:100%;\"><div style=\"left: 0;top: 0;animation-delay:0s;\"><\/div><div style=\"left: 21px;top: 0;animation-delay:0.125s;\"><\/div><div style=\"left: 42px;top: 0;animation-delay:0.25s;\"><\/div><div style=\"left: 0;top: 21px;animation-delay:0.875s;\"><\/div><div style=\"left: 42px;top: 21px;animation-delay:0.375s;\"><\/div><div style=\"left: 0;top: 42px;animation-delay:0.75s;\"><\/div><div style=\"left: 42px;top: 42px;animation-delay:0.625s;\"><\/div><div style=\"left: 21px;top: 42px;animation-delay:0.5s;\"><\/div><\/div><\/div><div class=\"ultp-heading-filter\"><div class=\"ultp-heading-filter-in\"><div class=\"ultp-heading-wrap ultp-heading-style21 ultp-heading-left\"><h1 class=\"ultp-heading-inner\"><span>News<\/span><\/h1><\/div><\/div><\/div><div class=\"ultp-block-items-wrap ultp-block-row ultp-block-column-2 ultp-block-content-middle ultp-block-content-true ultp-layout1\"><div class=\"ultp-block-item ultp-block-media post-id-13152\"><div class=\"ultp-block-content-wrap\"><div class=\"ultp-block-image ultp-block-image-opacity\"><a href=\"https:\/\/greencoolschools.eu\/hy\/einladung-zu-unseren-nationalen-webinaren-2025\/\"><img decoding=\"async\" alt=\"Einladung zu unseren nationalen Webinaren 2025\" src=\"https:\/\/greencoolschools.eu\/wp-content\/uploads\/2025\/11\/gcs_grow_web_1125-300x300.png\"><\/a><\/div><div class=\"ultp-block-content\"><h3 class=\"ultp-block-title \"><a href=\"https:\/\/greencoolschools.eu\/hy\/einladung-zu-unseren-nationalen-webinaren-2025\/\">Einladung zu unseren nationalen Webinaren 2025<\/a><\/h3><div class=\"ultp-block-readmore\"><a aria-label=\"Einladung zu unseren nationalen Webinaren 2025\" href=\"https:\/\/greencoolschools.eu\/hy\/einladung-zu-unseren-nationalen-webinaren-2025\/\">Read More<\/a><\/div><\/div><\/div><\/div><div class=\"ultp-block-item ultp-block-media post-id-12937\"><div class=\"ultp-block-content-wrap\"><div class=\"ultp-block-image ultp-block-image-opacity\"><a href=\"https:\/\/greencoolschools.eu\/hy\/ein-gruener-cooler-schulhof-an-der-europaschule-langerwehe-in-deutschland\/\"><img decoding=\"async\" alt=\"Ein gr&uuml;ner cooler Schulhof an der Europaschule Langerwehe in Deutschland\" src=\"https:\/\/greencoolschools.eu\/wp-content\/uploads\/2025\/10\/Workshop-Langerwehe_IMG_4845-300x228.jpeg\"><\/a><\/div><div class=\"ultp-block-content\"><h3 class=\"ultp-block-title \"><a href=\"https:\/\/greencoolschools.eu\/hy\/ein-gruener-cooler-schulhof-an-der-europaschule-langerwehe-in-deutschland\/\">Ein gr&uuml;ner cooler Schulhof an der Europaschule Langerwehe in Deutschland<\/a><\/h3><div class=\"ultp-block-readmore\"><a aria-label=\"Ein gr&uuml;ner cooler Schulhof an der Europaschule Langerwehe in Deutschland\" href=\"https:\/\/greencoolschools.eu\/hy\/ein-gruener-cooler-schulhof-an-der-europaschule-langerwehe-in-deutschland\/\">Read More<\/a><\/div><\/div><\/div><\/div><div class=\"ultp-block-item ultp-block-media post-id-12682\"><div class=\"ultp-block-content-wrap\"><div class=\"ultp-block-image ultp-block-image-opacity\"><a href=\"https:\/\/greencoolschools.eu\/hy\/kick-off-meeting-an-der-ems-strasshof\/\"><img decoding=\"async\" alt=\"Kick-off Meeting an der EMS Strasshof in &Ouml;sterreich\" src=\"https:\/\/greencoolschools.eu\/wp-content\/uploads\/2025\/09\/2025_09_03_Meeting_Strasshof_B-NK_13-300x225.jpeg\"><\/a><\/div><div class=\"ultp-block-content\"><h3 class=\"ultp-block-title \"><a href=\"https:\/\/greencoolschools.eu\/hy\/kick-off-meeting-an-der-ems-strasshof\/\">Kick-off Meeting an der EMS Strasshof in &Ouml;sterreich<\/a><\/h3><div class=\"ultp-block-readmore\"><a aria-label=\"Kick-off Meeting an der EMS Strasshof in &Ouml;sterreich\" href=\"https:\/\/greencoolschools.eu\/hy\/kick-off-meeting-an-der-ems-strasshof\/\">Read More<\/a><\/div><\/div><\/div><\/div><div class=\"ultp-block-item ultp-block-media post-id-12684\"><div class=\"ultp-block-content-wrap\"><div class=\"ultp-block-image ultp-block-image-opacity\"><a href=\"https:\/\/greencoolschools.eu\/hy\/projekttreffen-im-brg6-marchettigasse\/\"><img decoding=\"async\" alt=\"Projekttreffen im BRG6 Marchettigasse in Wien, &Ouml;sterreich\" src=\"https:\/\/greencoolschools.eu\/wp-content\/uploads\/2025\/09\/IMG_1309-300x225.jpeg\"><\/a><\/div><div class=\"ultp-block-content\"><h3 class=\"ultp-block-title \"><a href=\"https:\/\/greencoolschools.eu\/hy\/projekttreffen-im-brg6-marchettigasse\/\">Projekttreffen im BRG6 Marchettigasse in Wien, &Ouml;sterreich<\/a><\/h3><div class=\"ultp-block-readmore\"><a aria-label=\"Projekttreffen im BRG6 Marchettigasse in Wien, &Ouml;sterreich\" href=\"https:\/\/greencoolschools.eu\/hy\/projekttreffen-im-brg6-marchettigasse\/\">Read More<\/a><\/div><\/div><\/div><\/div><\/div><\/div><div class=\"pagination-block-html\" aria-hidden=\"true\" style=\"display: none;\"><\/div><\/div>\n\n\n<p><\/p>\n","protected":false},"excerpt":{"rendered":"<p>Green Cool Schools GROW Europe Das Green Cool Schools GROW Europe Projekt ist der n\u00e4chste Schritt auf unserer Reise zu nachhaltigeren und gr\u00fcneren Schulen in Europa. Gef\u00f6rdert durch Erasmus+, baut dieses spannende Folgeprojekt auf den Erfolgen von Learning4Greens@Schools und Green Cool Schools Network&nbsp;auf und setzt neue Schwerpunkte, um Begr\u00fcnung an Schulen noch zug\u00e4nglicher zu machen. [&hellip;]<\/p>\n","protected":false},"author":14,"featured_media":0,"parent":8799,"menu_order":0,"comment_status":"closed","ping_status":"closed","template":"","meta":{"site-sidebar-layout":null,"site-content-layout":null,"ast-site-content-layout":null,"site-content-style":null,"site-sidebar-style":null,"ast-global-header-display":"","ast-banner-title-visibility":"","ast-main-header-display":null,"ast-hfb-above-header-display":null,"ast-hfb-below-header-display":null,"ast-hfb-mobile-header-display":null,"site-post-title":null,"ast-breadcrumbs-content":null,"ast-featured-img":null,"footer-sml-layout":null,"ast-disable-related-posts":"","theme-transparent-header-meta":null,"adv-header-id-meta":null,"stick-header-meta":null,"header-above-stick-meta":null,"header-main-stick-meta":null,"header-below-stick-meta":null,"astra-migrate-meta-layouts":"set","ast-page-background-enabled":"default","ast-page-background-meta":{"desktop":{"background-color":"var(--ast-global-color-4)","background-image":"","background-repeat":"repeat","background-position":"center center","background-size":"auto","background-attachment":"scroll","background-type":"","background-media":"","overlay-type":"","overlay-color":"","overlay-opacity":"","overlay-gradient":""},"tablet":{"background-color":"","background-image":"","background-repeat":"repeat","background-position":"center center","background-size":"auto","background-attachment":"scroll","background-type":"","background-media":"","overlay-type":"","overlay-color":"","overlay-opacity":"","overlay-gradient":""},"mobile":{"background-color":"","background-image":"","background-repeat":"repeat","background-position":"center center","background-size":"auto","background-attachment":"scroll","background-type":"","background-media":"","overlay-type":"","overlay-color":"","overlay-opacity":"","overlay-gradient":""}},"ast-content-background-meta":{"desktop":{"background-color":"var(--ast-global-color-5)","background-image":"","background-repeat":"repeat","background-position":"center center","background-size":"auto","background-attachment":"scroll","background-type":"","background-media":"","overlay-type":"","overlay-color":"","overlay-opacity":"","overlay-gradient":""},"tablet":{"background-color":"var(--ast-global-color-5)","background-image":"","background-repeat":"repeat","background-position":"center center","background-size":"auto","background-attachment":"scroll","background-type":"","background-media":"","overlay-type":"","overlay-color":"","overlay-opacity":"","overlay-gradient":""},"mobile":{"background-color":"var(--ast-global-color-5)","background-image":"","background-repeat":"repeat","background-position":"center center","background-size":"auto","background-attachment":"scroll","background-type":"","background-media":"","overlay-type":"","overlay-color":"","overlay-opacity":"","overlay-gradient":""}},"footnotes":""},"categories":[],"tags":[],"language":[],"agegroup":[],"material":[],"topic":[],"folder":[],"class_list":["post-11318","page","type-page","status-publish","hentry"],"_links":{"self":[{"href":"https:\/\/greencoolschools.eu\/hy\/wp-json\/wp\/v2\/pages\/11318","targetHints":{"allow":["GET"]}}],"collection":[{"href":"https:\/\/greencoolschools.eu\/hy\/wp-json\/wp\/v2\/pages"}],"about":[{"href":"https:\/\/greencoolschools.eu\/hy\/wp-json\/wp\/v2\/types\/page"}],"author":[{"embeddable":true,"href":"https:\/\/greencoolschools.eu\/hy\/wp-json\/wp\/v2\/users\/14"}],"replies":[{"embeddable":true,"href":"https:\/\/greencoolschools.eu\/hy\/wp-json\/wp\/v2\/comments?post=11318"}],"version-history":[{"count":0,"href":"https:\/\/greencoolschools.eu\/hy\/wp-json\/wp\/v2\/pages\/11318\/revisions"}],"up":[{"embeddable":true,"href":"https:\/\/greencoolschools.eu\/hy\/wp-json\/wp\/v2\/pages\/8799"}],"wp:attachment":[{"href":"https:\/\/greencoolschools.eu\/hy\/wp-json\/wp\/v2\/media?parent=11318"}],"wp:term":[{"taxonomy":"category","embeddable":true,"href":"https:\/\/greencoolschools.eu\/hy\/wp-json\/wp\/v2\/categories?post=11318"},{"taxonomy":"post_tag","embeddable":true,"href":"https:\/\/greencoolschools.eu\/hy\/wp-json\/wp\/v2\/tags?post=11318"},{"taxonomy":"language","embeddable":true,"href":"https:\/\/greencoolschools.eu\/hy\/wp-json\/wp\/v2\/language?post=11318"},{"taxonomy":"agegroup","embeddable":true,"href":"https:\/\/greencoolschools.eu\/hy\/wp-json\/wp\/v2\/agegroup?post=11318"},{"taxonomy":"material","embeddable":true,"href":"https:\/\/greencoolschools.eu\/hy\/wp-json\/wp\/v2\/material?post=11318"},{"taxonomy":"topic","embeddable":true,"href":"https:\/\/greencoolschools.eu\/hy\/wp-json\/wp\/v2\/topic?post=11318"},{"taxonomy":"folder","embeddable":true,"href":"https:\/\/greencoolschools.eu\/hy\/wp-json\/wp\/v2\/folder?post=11318"}],"curies":[{"name":"wp","href":"https:\/\/api.w.org\/{rel}","templated":true}]}}