{"id":13120,"date":"2024-06-03T12:04:08","date_gmt":"2024-06-03T10:04:08","guid":{"rendered":"https:\/\/greencoolschools.eu\/kezdemenyezesek\/kezdemenyezesek-csatlakozz-most\/"},"modified":"2025-11-07T15:40:44","modified_gmt":"2025-11-07T14:40:44","slug":"kezdemenyezesek-csatlakozz-most","status":"publish","type":"page","link":"https:\/\/greencoolschools.eu\/hu\/kezdemenyezesek\/kezdemenyezesek-csatlakozz-most\/","title":{"rendered":"Kezdem\u00e9nyez\u00e9sek \u2013 Csatlakozz most!"},"content":{"rendered":"\n<h2 class=\"wp-block-heading\">L&eacute;gy te is a projekt&uuml;nk r&eacute;sze!<\/h2>\n\n<p>&Ouml;r&ouml;mmel h&iacute;vunk meg, hogy r&eacute;szt vegy&eacute;l a Green Cool Schools Network programban, amely azokat az iskol&aacute;kat ismeri el, amelyek z&ouml;ld kezdem&eacute;nyez&eacute;seikkel pozit&iacute;v hat&aacute;st gyakorolnak!<\/p>\n\n<div class=\"wp-block-ultimate-post-wrapper ultp-block-6e44ea\"><div class=\"ultp-wrapper-block\">\n<h2 class=\"wp-block-heading\">Hogyan kezdheted el?<\/h2>\n\n\n\n<p>Szeretn&eacute;l csatlakozni a h&aacute;l&oacute;zathoz, &eacute;s megosztani innovat&iacute;v z&ouml;ld projektedet vel&uuml;nk?<br>&Iacute;gy vehetsz r&eacute;szt: <\/p>\n\n\n\n<p>I. Hozz l&eacute;tre egy fi&oacute;kot!<br>Hozz l&eacute;tre egy fi&oacute;kot a weboldalunkon, hogy beny&uacute;jthasd az iskol&aacute;d z&ouml;ld projektj&eacute;t, &eacute;s p&aacute;ly&aacute;zhass a &bdquo;Green Cool School&rdquo; c&iacute;mre. <\/p>\n\n\n\n<div class=\"wp-block-buttons is-content-justification-center is-layout-flex wp-container-core-buttons-is-layout-a89b3969 wp-block-buttons-is-layout-flex\">\n<div class=\"wp-block-button\"><a class=\"wp-block-button__link wp-element-button\" href=\"https:\/\/greencoolschools.eu\/hu\/regisztracio\/\">Fi&oacute;k l&eacute;trehoz&aacute;sa!<\/a><\/div>\n<\/div>\n\n\n\n<p><strong>II.\nK&uuml;ldje be kezdem&eacute;nyez&eacute;s&eacute;t! <\/strong><br>Az online k&eacute;rd&#337;&iacute;v az iskol&aacute;dr&oacute;l &eacute;s a z&ouml;ld kezdem&eacute;nyez&eacute;sedr&#337;l k&eacute;rdez. K&eacute;r&uuml;nk, adj r&eacute;szletes le&iacute;r&aacute;st, hogy m&aacute;sok is tanulhassanak a projektedb&#337;l. F&eacute;nyk&eacute;peket vagy vide&oacute;kat is felt&ouml;lthetsz a bemutat&aacute;shoz.<\/p>\n\n\n\n<p>Ha iskol&aacute;dban t&ouml;bb z&ouml;ld projekt is fut, mindegyiket k&uuml;l&ouml;n &#369;rlapon k&uuml;ldheted be.<br>K&eacute;r&uuml;nk, hogy a k&eacute;rd&#337;&iacute;vet angol nyelven t&ouml;ltsd ki, hogy minden r&eacute;sztvev&#337; meg&eacute;rthesse.<\/p>\n\n\n\n<p>Ne feledd, hogy a v&aacute;laszaid nyilv&aacute;nosan l&aacute;that&oacute;k lesznek.<br>Beny&uacute;jt&aacute;si hat&aacute;rid&#337;: 2026. janu&aacute;r 31.<\/p>\n\n\n\n<div class=\"wp-block-buttons is-content-justification-center is-layout-flex wp-container-core-buttons-is-layout-a89b3969 wp-block-buttons-is-layout-flex\">\n<div class=\"wp-block-button\"><a class=\"wp-block-button__link wp-element-button\" href=\"https:\/\/greencoolschools.eu\/hu\/add-listing\/\">K&uuml;ldje be kezdem&eacute;nyez&eacute;s&eacute;t!<\/a><\/div>\n<\/div>\n\n\n\n<p><strong>III. Green Cool Schools D&iacute;j! <\/strong><br>A projekt bek&uuml;ld&eacute;s&eacute;vel automatikusan r&eacute;szt veszel a Green Cool Schools D&iacute;j szavaz&aacute;s&aacute;ban.<br>A nyilv&aacute;nos szavaz&aacute;s 2026 febru&aacute;rj&aacute;ban zajlik &ndash; minden szavazat sz&aacute;m&iacute;t!<br>Orsz&aacute;gonk&eacute;nt a legt&ouml;bb szavazatot kap&oacute; projekt lesz a nemzeti gy&#337;ztes.<\/p>\n\n\n\n<p>A gy&#337;ztes projekteket 2026. m&aacute;rcius 3-&aacute;n hirdetj&uuml;k ki a nemzetk&ouml;zi Green Cool Schools webin&aacute;riumon.<\/p>\n<\/div><\/div>\n","protected":false},"excerpt":{"rendered":"<p>L\u00e9gy te is a projekt\u00fcnk r\u00e9sze! \u00d6r\u00f6mmel h\u00edvunk meg, hogy r\u00e9szt vegy\u00e9l a Green Cool Schools Network programban, amely azokat az iskol\u00e1kat ismeri el, amelyek z\u00f6ld kezdem\u00e9nyez\u00e9seikkel pozit\u00edv hat\u00e1st gyakorolnak!<\/p>\n","protected":false},"author":5,"featured_media":0,"parent":13060,"menu_order":0,"comment_status":"closed","ping_status":"closed","template":"","meta":{"site-sidebar-layout":null,"site-content-layout":null,"ast-site-content-layout":null,"site-content-style":null,"site-sidebar-style":null,"ast-global-header-display":"","ast-banner-title-visibility":"","ast-main-header-display":null,"ast-hfb-above-header-display":null,"ast-hfb-below-header-display":null,"ast-hfb-mobile-header-display":null,"site-post-title":null,"ast-breadcrumbs-content":null,"ast-featured-img":null,"footer-sml-layout":null,"ast-disable-related-posts":"","theme-transparent-header-meta":null,"adv-header-id-meta":null,"stick-header-meta":null,"header-above-stick-meta":null,"header-main-stick-meta":null,"header-below-stick-meta":null,"astra-migrate-meta-layouts":"default","ast-page-background-enabled":"default","ast-page-background-meta":{"desktop":{"background-color":"var(--ast-global-color-4)","background-image":"","background-repeat":"repeat","background-position":"center center","background-size":"auto","background-attachment":"scroll","background-type":"","background-media":"","overlay-type":"","overlay-color":"","overlay-opacity":"","overlay-gradient":""},"tablet":{"background-color":"","background-image":"","background-repeat":"repeat","background-position":"center center","background-size":"auto","background-attachment":"scroll","background-type":"","background-media":"","overlay-type":"","overlay-color":"","overlay-opacity":"","overlay-gradient":""},"mobile":{"background-color":"","background-image":"","background-repeat":"repeat","background-position":"center center","background-size":"auto","background-attachment":"scroll","background-type":"","background-media":"","overlay-type":"","overlay-color":"","overlay-opacity":"","overlay-gradient":""}},"ast-content-background-meta":{"desktop":{"background-color":"var(--ast-global-color-5)","background-image":"","background-repeat":"repeat","background-position":"center center","background-size":"auto","background-attachment":"scroll","background-type":"","background-media":"","overlay-type":"","overlay-color":"","overlay-opacity":"","overlay-gradient":""},"tablet":{"background-color":"var(--ast-global-color-5)","background-image":"","background-repeat":"repeat","background-position":"center center","background-size":"auto","background-attachment":"scroll","background-type":"","background-media":"","overlay-type":"","overlay-color":"","overlay-opacity":"","overlay-gradient":""},"mobile":{"background-color":"var(--ast-global-color-5)","background-image":"","background-repeat":"repeat","background-position":"center center","background-size":"auto","background-attachment":"scroll","background-type":"","background-media":"","overlay-type":"","overlay-color":"","overlay-opacity":"","overlay-gradient":""}},"footnotes":""},"categories":[335],"tags":[],"language":[64],"agegroup":[],"material":[],"topic":[],"folder":[],"class_list":["post-13120","page","type-page","status-publish","hentry","category-kezdemenyezesek-hu","language-english"],"_links":{"self":[{"href":"https:\/\/greencoolschools.eu\/hu\/wp-json\/wp\/v2\/pages\/13120","targetHints":{"allow":["GET"]}}],"collection":[{"href":"https:\/\/greencoolschools.eu\/hu\/wp-json\/wp\/v2\/pages"}],"about":[{"href":"https:\/\/greencoolschools.eu\/hu\/wp-json\/wp\/v2\/types\/page"}],"author":[{"embeddable":true,"href":"https:\/\/greencoolschools.eu\/hu\/wp-json\/wp\/v2\/users\/5"}],"replies":[{"embeddable":true,"href":"https:\/\/greencoolschools.eu\/hu\/wp-json\/wp\/v2\/comments?post=13120"}],"version-history":[{"count":0,"href":"https:\/\/greencoolschools.eu\/hu\/wp-json\/wp\/v2\/pages\/13120\/revisions"}],"up":[{"embeddable":true,"href":"https:\/\/greencoolschools.eu\/hu\/wp-json\/wp\/v2\/pages\/13060"}],"wp:attachment":[{"href":"https:\/\/greencoolschools.eu\/hu\/wp-json\/wp\/v2\/media?parent=13120"}],"wp:term":[{"taxonomy":"category","embeddable":true,"href":"https:\/\/greencoolschools.eu\/hu\/wp-json\/wp\/v2\/categories?post=13120"},{"taxonomy":"post_tag","embeddable":true,"href":"https:\/\/greencoolschools.eu\/hu\/wp-json\/wp\/v2\/tags?post=13120"},{"taxonomy":"language","embeddable":true,"href":"https:\/\/greencoolschools.eu\/hu\/wp-json\/wp\/v2\/language?post=13120"},{"taxonomy":"agegroup","embeddable":true,"href":"https:\/\/greencoolschools.eu\/hu\/wp-json\/wp\/v2\/agegroup?post=13120"},{"taxonomy":"material","embeddable":true,"href":"https:\/\/greencoolschools.eu\/hu\/wp-json\/wp\/v2\/material?post=13120"},{"taxonomy":"topic","embeddable":true,"href":"https:\/\/greencoolschools.eu\/hu\/wp-json\/wp\/v2\/topic?post=13120"},{"taxonomy":"folder","embeddable":true,"href":"https:\/\/greencoolschools.eu\/hu\/wp-json\/wp\/v2\/folder?post=13120"}],"curies":[{"name":"wp","href":"https:\/\/api.w.org\/{rel}","templated":true}]}}