{"id":13098,"date":"2025-10-28T09:18:22","date_gmt":"2025-10-28T08:18:22","guid":{"rendered":"https:\/\/greencoolschools.eu\/tanari-segedanyagok\/"},"modified":"2025-11-13T11:30:55","modified_gmt":"2025-11-13T10:30:55","slug":"tanari-segedanyagok","status":"publish","type":"page","link":"https:\/\/greencoolschools.eu\/hu\/tanari-segedanyagok\/","title":{"rendered":"Tan\u00e1ri seg\u00e9danyagok"},"content":{"rendered":"\n<h2 class=\"wp-block-heading\">Fedezd fel tanul&aacute;si anyagainkat<\/h2>\n\n<p>Fedezz fel sz&aacute;mos izgalmas tananyagot a Talaj, N&ouml;v&eacute;nyek, Komposzt&aacute;l&aacute;s &eacute;s Kl&iacute;mav&aacute;ltoz&aacute;s t&eacute;mak&ouml;reiben. Ak&aacute;r gyakorlati k&iacute;s&eacute;rleteket, t&aacute;j&eacute;koztat&oacute; anyagokat vagy kreat&iacute;v feladatlapokat keresel, forr&aacute;saink k&eacute;zzelfoghat&oacute;v&aacute; &eacute;s inspir&aacute;l&oacute;v&aacute; teszik a k&ouml;rnyezeti t&eacute;m&aacute;kat.<br>Haszn&aacute;ld a sz&#369;r&#337;ket a t&eacute;ma, t&iacute;pus vagy aj&aacute;nlott koroszt&aacute;ly szerint, &eacute;s tal&aacute;ld meg pontosan azt, ami legjobban illik az oszt&aacute;lyodhoz vagy projektedhez. <\/p>\n<div class=\"wp-block-search-filter-reusable-field search-filter-base search-filter-field search-filter-field--id-6 search-filter-field--type-choice search-filter-field--input-type-button search-filter-style--id-2 search-filter-style--choice-button teachers_resources_search\" data-search-filter-id=\"6\"><\/div>\n<div style=\"height:25px\" aria-hidden=\"true\" class=\"wp-block-spacer\"><\/div>\n<div class=\"wp-block-search-filter-reusable-field search-filter-base search-filter-field search-filter-field--id-7 search-filter-field--type-choice search-filter-field--input-type-button search-filter-style--id-2 search-filter-style--choice-button teachers_resources_search\" data-search-filter-id=\"7\"><\/div>\n<div style=\"height:25px\" aria-hidden=\"true\" class=\"wp-block-spacer\"><\/div>\n<div class=\"wp-block-search-filter-reusable-field search-filter-base search-filter-field search-filter-field--id-5 search-filter-field--type-choice search-filter-field--input-type-button search-filter-style--id-2 search-filter-style--choice-button teachers_resources_search\" data-search-filter-id=\"5\"><\/div>\n<div style=\"height:25px\" aria-hidden=\"true\" class=\"wp-block-spacer\"><\/div>\n\n<div class=\"wp-block-query is-layout-flow wp-block-query-is-layout-flow search-filter-query search-filter-query--id-1\"><\/div>\n","protected":false},"excerpt":{"rendered":"<p>Fedezd fel tanul\u00e1si anyagainkat Fedezz fel sz\u00e1mos izgalmas tananyagot a Talaj, N\u00f6v\u00e9nyek, Komposzt\u00e1l\u00e1s \u00e9s Kl\u00edmav\u00e1ltoz\u00e1s t\u00e9mak\u00f6reiben. Ak\u00e1r gyakorlati k\u00eds\u00e9rleteket, t\u00e1j\u00e9koztat\u00f3 anyagokat vagy kreat\u00edv feladatlapokat keresel, forr\u00e1saink k\u00e9zzelfoghat\u00f3v\u00e1 \u00e9s inspir\u00e1l\u00f3v\u00e1 teszik a k\u00f6rnyezeti t\u00e9m\u00e1kat.Haszn\u00e1ld a sz\u0171r\u0151ket a t\u00e9ma, t\u00edpus vagy aj\u00e1nlott koroszt\u00e1ly szerint, \u00e9s tal\u00e1ld meg pontosan azt, ami legjobban illik az oszt\u00e1lyodhoz vagy projektedhez.<\/p>\n","protected":false},"author":1,"featured_media":0,"parent":0,"menu_order":0,"comment_status":"closed","ping_status":"closed","template":"","meta":{"site-sidebar-layout":"default","site-content-layout":"","ast-site-content-layout":"default","site-content-style":"default","site-sidebar-style":"default","ast-global-header-display":"","ast-banner-title-visibility":"","ast-main-header-display":"","ast-hfb-above-header-display":"","ast-hfb-below-header-display":"","ast-hfb-mobile-header-display":"","site-post-title":"","ast-breadcrumbs-content":"","ast-featured-img":"","footer-sml-layout":"","ast-disable-related-posts":"","theme-transparent-header-meta":"","adv-header-id-meta":"","stick-header-meta":"","header-above-stick-meta":"","header-main-stick-meta":"","header-below-stick-meta":"","astra-migrate-meta-layouts":"default","ast-page-background-enabled":"default","ast-page-background-meta":{"desktop":{"background-color":"var(--ast-global-color-4)","background-image":"","background-repeat":"repeat","background-position":"center center","background-size":"auto","background-attachment":"scroll","background-type":"","background-media":"","overlay-type":"","overlay-color":"","overlay-opacity":"","overlay-gradient":""},"tablet":{"background-color":"","background-image":"","background-repeat":"repeat","background-position":"center center","background-size":"auto","background-attachment":"scroll","background-type":"","background-media":"","overlay-type":"","overlay-color":"","overlay-opacity":"","overlay-gradient":""},"mobile":{"background-color":"","background-image":"","background-repeat":"repeat","background-position":"center center","background-size":"auto","background-attachment":"scroll","background-type":"","background-media":"","overlay-type":"","overlay-color":"","overlay-opacity":"","overlay-gradient":""}},"ast-content-background-meta":{"desktop":{"background-color":"var(--ast-global-color-5)","background-image":"","background-repeat":"repeat","background-position":"center center","background-size":"auto","background-attachment":"scroll","background-type":"","background-media":"","overlay-type":"","overlay-color":"","overlay-opacity":"","overlay-gradient":""},"tablet":{"background-color":"var(--ast-global-color-5)","background-image":"","background-repeat":"repeat","background-position":"center center","background-size":"auto","background-attachment":"scroll","background-type":"","background-media":"","overlay-type":"","overlay-color":"","overlay-opacity":"","overlay-gradient":""},"mobile":{"background-color":"var(--ast-global-color-5)","background-image":"","background-repeat":"repeat","background-position":"center center","background-size":"auto","background-attachment":"scroll","background-type":"","background-media":"","overlay-type":"","overlay-color":"","overlay-opacity":"","overlay-gradient":""}},"footnotes":""},"categories":[],"tags":[],"language":[],"agegroup":[],"material":[],"topic":[],"folder":[],"class_list":["post-13098","page","type-page","status-publish","hentry"],"_links":{"self":[{"href":"https:\/\/greencoolschools.eu\/hu\/wp-json\/wp\/v2\/pages\/13098","targetHints":{"allow":["GET"]}}],"collection":[{"href":"https:\/\/greencoolschools.eu\/hu\/wp-json\/wp\/v2\/pages"}],"about":[{"href":"https:\/\/greencoolschools.eu\/hu\/wp-json\/wp\/v2\/types\/page"}],"author":[{"embeddable":true,"href":"https:\/\/greencoolschools.eu\/hu\/wp-json\/wp\/v2\/users\/1"}],"replies":[{"embeddable":true,"href":"https:\/\/greencoolschools.eu\/hu\/wp-json\/wp\/v2\/comments?post=13098"}],"version-history":[{"count":0,"href":"https:\/\/greencoolschools.eu\/hu\/wp-json\/wp\/v2\/pages\/13098\/revisions"}],"wp:attachment":[{"href":"https:\/\/greencoolschools.eu\/hu\/wp-json\/wp\/v2\/media?parent=13098"}],"wp:term":[{"taxonomy":"category","embeddable":true,"href":"https:\/\/greencoolschools.eu\/hu\/wp-json\/wp\/v2\/categories?post=13098"},{"taxonomy":"post_tag","embeddable":true,"href":"https:\/\/greencoolschools.eu\/hu\/wp-json\/wp\/v2\/tags?post=13098"},{"taxonomy":"language","embeddable":true,"href":"https:\/\/greencoolschools.eu\/hu\/wp-json\/wp\/v2\/language?post=13098"},{"taxonomy":"agegroup","embeddable":true,"href":"https:\/\/greencoolschools.eu\/hu\/wp-json\/wp\/v2\/agegroup?post=13098"},{"taxonomy":"material","embeddable":true,"href":"https:\/\/greencoolschools.eu\/hu\/wp-json\/wp\/v2\/material?post=13098"},{"taxonomy":"topic","embeddable":true,"href":"https:\/\/greencoolschools.eu\/hu\/wp-json\/wp\/v2\/topic?post=13098"},{"taxonomy":"folder","embeddable":true,"href":"https:\/\/greencoolschools.eu\/hu\/wp-json\/wp\/v2\/folder?post=13098"}],"curies":[{"name":"wp","href":"https:\/\/api.w.org\/{rel}","templated":true}]}}