{"id":13121,"date":"2024-06-03T12:04:08","date_gmt":"2024-06-03T10:04:08","guid":{"rendered":"https:\/\/greencoolschools.eu\/tionscnaimh\/tionscnaimh-tosaigh-anois\/"},"modified":"2025-11-07T15:47:25","modified_gmt":"2025-11-07T14:47:25","slug":"tionscnaimh-tosaigh-anois","status":"publish","type":"page","link":"https:\/\/greencoolschools.eu\/ga\/tionscnaimh\/tionscnaimh-tosaigh-anois\/","title":{"rendered":"Tionscnaimh \u2013 Tosaigh anois"},"content":{"rendered":"\n<h2 class=\"wp-block-heading\">B&iacute; mar chuid d&aacute;r dtionscadal!<\/h2>\n\n<p>T&aacute;imid ag tabhairt cuireadh duit p&aacute;irt a ghlacadh sa L&iacute;onra Green Cool Schools, a aithn&iacute;onn scoileanna at&aacute; ag d&eacute;anamh difr&iacute;ocht dhearfach tr&iacute; thionscnaimh ghlasa.<\/p>\n\n<div class=\"wp-block-ultimate-post-wrapper ultp-block-6e44ea\"><div class=\"ultp-wrapper-block\">\n<h2 class=\"wp-block-heading\">Conas tos&uacute;?<\/h2>\n\n\n\n<p>Ar mhaith leat a bheith mar chuid den l&iacute;onra agus do thionscnamh glas nu&aacute;lach a roinnt linn?<br>Seo mar a oibr&iacute;onn s&eacute;: <\/p>\n\n\n\n<p>I. Cruthaigh cuntas!<br>Cruthaigh cuntas ar &aacute;r su&iacute;omh gr&eacute;as&aacute;in chun tionscadal glas do scoile a chur isteach agus iarratas a dh&eacute;anamh ar an teideal &ldquo;Green Cool School.&rdquo; <\/p>\n\n\n\n<div class=\"wp-block-buttons is-content-justification-center is-layout-flex wp-container-core-buttons-is-layout-a89b3969 wp-block-buttons-is-layout-flex\">\n<div class=\"wp-block-button\"><a class=\"wp-block-button__link wp-element-button\" href=\"https:\/\/greencoolschools.eu\/ga\/registration\/\">Cruthaigh cuntas!<\/a><\/div>\n<\/div>\n\n\n\n<p><strong>II. Cuir isteach do thionscnamh! <\/strong><br>Iarrann an ceistneoir ar l&iacute;ne sonra&iacute; faoi do scoil agus do thionscnamh glas.<br>Tabhair cur s&iacute;os soil&eacute;ir agus mionsonraithe le go mbeidh daoine eile in ann foghlaim &oacute; do thionscadal.<br>Is f&eacute;idir leat grianghraif n&oacute; f&iacute;se&aacute;in a uasl&oacute;d&aacute;il freisin.<\/p>\n\n\n\n<p>M&aacute; t&aacute; roinnt tionscadal glasa ag do scoil, is f&eacute;idir leat foirm ar leith a chur isteach do gach ceann acu.<br>Iarraimid ort an ceistneoir a l&iacute;onadh amach i mB&eacute;arla, ionas go dtuigfidh gach duine sa l&iacute;onra &eacute;.<\/p>\n\n\n\n<p>Tabhair faoi deara go mbeidh do chuid freagra&iacute; le feice&aacute;il go poibl&iacute;.<br>Spriocdh&aacute;ta: 31 Ean&aacute;ir 2026.<\/p>\n\n\n\n<div class=\"wp-block-buttons is-content-justification-center is-layout-flex wp-container-core-buttons-is-layout-a89b3969 wp-block-buttons-is-layout-flex\">\n<div class=\"wp-block-button\"><a class=\"wp-block-button__link wp-element-button\" href=\"https:\/\/greencoolschools.eu\/ga\/add-listing\/\">Submit your initiative!<\/a><\/div>\n<\/div>\n\n\n\n<p><strong>III. D&aacute;mhachtain Green Cool Schools! <\/strong><br>Tr&iacute; do thionscadal a chur isteach, glacfaidh t&uacute; p&aacute;irt go huathoibr&iacute;och sa D&aacute;mhachtain Green Cool Schools.<br>Beidh an v&oacute;ta poibl&iacute; ar si&uacute;l i m&iacute; Feabhra 2026 &ndash; t&aacute; gach v&oacute;ta t&aacute;bhachtach!<br>Beidh an tionscadal leis na v&oacute;ta&iacute; is m&oacute; i ngach t&iacute;r ina bhuaiteoir n&aacute;isi&uacute;nta.<\/p>\n\n\n\n<p>F&oacute;gr&oacute;far na buaiteoir&iacute; le linn an Green Cool Schools Webinar idirn&aacute;isi&uacute;nta ar an 3 M&aacute;rta 2026.<\/p>\n<\/div><\/div>\n","protected":false},"excerpt":{"rendered":"<p>B\u00ed mar chuid d\u00e1r dtionscadal! T\u00e1imid ag tabhairt cuireadh duit p\u00e1irt a ghlacadh sa L\u00edonra Green Cool Schools, a aithn\u00edonn scoileanna at\u00e1 ag d\u00e9anamh difr\u00edocht dhearfach tr\u00ed thionscnaimh ghlasa.<\/p>\n","protected":false},"author":5,"featured_media":0,"parent":13061,"menu_order":0,"comment_status":"closed","ping_status":"closed","template":"","meta":{"site-sidebar-layout":null,"site-content-layout":null,"ast-site-content-layout":null,"site-content-style":null,"site-sidebar-style":null,"ast-global-header-display":"","ast-banner-title-visibility":"","ast-main-header-display":null,"ast-hfb-above-header-display":null,"ast-hfb-below-header-display":null,"ast-hfb-mobile-header-display":null,"site-post-title":null,"ast-breadcrumbs-content":null,"ast-featured-img":null,"footer-sml-layout":null,"ast-disable-related-posts":"","theme-transparent-header-meta":null,"adv-header-id-meta":null,"stick-header-meta":null,"header-above-stick-meta":null,"header-main-stick-meta":null,"header-below-stick-meta":null,"astra-migrate-meta-layouts":"default","ast-page-background-enabled":"default","ast-page-background-meta":{"desktop":{"background-color":"var(--ast-global-color-4)","background-image":"","background-repeat":"repeat","background-position":"center center","background-size":"auto","background-attachment":"scroll","background-type":"","background-media":"","overlay-type":"","overlay-color":"","overlay-opacity":"","overlay-gradient":""},"tablet":{"background-color":"","background-image":"","background-repeat":"repeat","background-position":"center center","background-size":"auto","background-attachment":"scroll","background-type":"","background-media":"","overlay-type":"","overlay-color":"","overlay-opacity":"","overlay-gradient":""},"mobile":{"background-color":"","background-image":"","background-repeat":"repeat","background-position":"center center","background-size":"auto","background-attachment":"scroll","background-type":"","background-media":"","overlay-type":"","overlay-color":"","overlay-opacity":"","overlay-gradient":""}},"ast-content-background-meta":{"desktop":{"background-color":"var(--ast-global-color-5)","background-image":"","background-repeat":"repeat","background-position":"center center","background-size":"auto","background-attachment":"scroll","background-type":"","background-media":"","overlay-type":"","overlay-color":"","overlay-opacity":"","overlay-gradient":""},"tablet":{"background-color":"var(--ast-global-color-5)","background-image":"","background-repeat":"repeat","background-position":"center center","background-size":"auto","background-attachment":"scroll","background-type":"","background-media":"","overlay-type":"","overlay-color":"","overlay-opacity":"","overlay-gradient":""},"mobile":{"background-color":"var(--ast-global-color-5)","background-image":"","background-repeat":"repeat","background-position":"center center","background-size":"auto","background-attachment":"scroll","background-type":"","background-media":"","overlay-type":"","overlay-color":"","overlay-opacity":"","overlay-gradient":""}},"footnotes":""},"categories":[336],"tags":[],"language":[64],"agegroup":[],"material":[],"topic":[],"folder":[],"class_list":["post-13121","page","type-page","status-publish","hentry","category-tionscnaimh-en","language-english"],"_links":{"self":[{"href":"https:\/\/greencoolschools.eu\/ga\/wp-json\/wp\/v2\/pages\/13121","targetHints":{"allow":["GET"]}}],"collection":[{"href":"https:\/\/greencoolschools.eu\/ga\/wp-json\/wp\/v2\/pages"}],"about":[{"href":"https:\/\/greencoolschools.eu\/ga\/wp-json\/wp\/v2\/types\/page"}],"author":[{"embeddable":true,"href":"https:\/\/greencoolschools.eu\/ga\/wp-json\/wp\/v2\/users\/5"}],"replies":[{"embeddable":true,"href":"https:\/\/greencoolschools.eu\/ga\/wp-json\/wp\/v2\/comments?post=13121"}],"version-history":[{"count":0,"href":"https:\/\/greencoolschools.eu\/ga\/wp-json\/wp\/v2\/pages\/13121\/revisions"}],"up":[{"embeddable":true,"href":"https:\/\/greencoolschools.eu\/ga\/wp-json\/wp\/v2\/pages\/13061"}],"wp:attachment":[{"href":"https:\/\/greencoolschools.eu\/ga\/wp-json\/wp\/v2\/media?parent=13121"}],"wp:term":[{"taxonomy":"category","embeddable":true,"href":"https:\/\/greencoolschools.eu\/ga\/wp-json\/wp\/v2\/categories?post=13121"},{"taxonomy":"post_tag","embeddable":true,"href":"https:\/\/greencoolschools.eu\/ga\/wp-json\/wp\/v2\/tags?post=13121"},{"taxonomy":"language","embeddable":true,"href":"https:\/\/greencoolschools.eu\/ga\/wp-json\/wp\/v2\/language?post=13121"},{"taxonomy":"agegroup","embeddable":true,"href":"https:\/\/greencoolschools.eu\/ga\/wp-json\/wp\/v2\/agegroup?post=13121"},{"taxonomy":"material","embeddable":true,"href":"https:\/\/greencoolschools.eu\/ga\/wp-json\/wp\/v2\/material?post=13121"},{"taxonomy":"topic","embeddable":true,"href":"https:\/\/greencoolschools.eu\/ga\/wp-json\/wp\/v2\/topic?post=13121"},{"taxonomy":"folder","embeddable":true,"href":"https:\/\/greencoolschools.eu\/ga\/wp-json\/wp\/v2\/folder?post=13121"}],"curies":[{"name":"wp","href":"https:\/\/api.w.org\/{rel}","templated":true}]}}