{"id":13053,"date":"2025-06-16T13:37:29","date_gmt":"2025-06-16T11:37:29","guid":{"rendered":"https:\/\/greencoolschools.eu\/blag\/"},"modified":"2026-04-01T12:22:27","modified_gmt":"2026-04-01T10:22:27","slug":"blag","status":"publish","type":"page","link":"https:\/\/greencoolschools.eu\/ga\/blag\/","title":{"rendered":"Blag"},"content":{"rendered":"\n<h2 class=\"wp-block-heading\">Gn&iacute;omha&iacute;ochta&iacute; agus imeachta&iacute; tionscadail<\/h2>\n\n<div class=\"wp-block-ultimate-post-post-grid-parent ultp-post-grid-parent\" data-postid=\"12150\" data-grids='[{\"blockId\":\"45237e\",\"name\":\"ultimate-post_post-list-3\"}]' data-pagi='[\"ultp-block-1885a7\"]'><div class=\"ultp-post-grid-block wp-block-ultimate-post-post-list-3 ultp-block-45237e\"><div class=\"ultp-block-wrapper\"><div class=\"ultp-loading\"><div class=\"ultp-loading-blocks\" style=\"width:100%;height:100%;\"><div style=\"left: 0;top: 0;animation-delay:0s;\"><\/div><div style=\"left: 21px;top: 0;animation-delay:0.125s;\"><\/div><div style=\"left: 42px;top: 0;animation-delay:0.25s;\"><\/div><div style=\"left: 0;top: 21px;animation-delay:0.875s;\"><\/div><div style=\"left: 42px;top: 21px;animation-delay:0.375s;\"><\/div><div style=\"left: 0;top: 42px;animation-delay:0.75s;\"><\/div><div style=\"left: 42px;top: 42px;animation-delay:0.625s;\"><\/div><div style=\"left: 21px;top: 42px;animation-delay:0.5s;\"><\/div><\/div><\/div><div class=\"ultp-heading-filter\"><div class=\"ultp-heading-filter-in\"><div class=\"ultp-heading-wrap ultp-heading-style1 ultp-heading-left\"><h2 class=\"ultp-heading-inner\"><span><\/span><\/h2><\/div><\/div><\/div><div class=\"ultp-block-items-wrap ultp-block-row ultp-block-column-1 ultp-block-content-middle ultp-layout1\"><div class=\"ultp-block-item ultp-block-media post-id-11507\"><div class=\"ultp-block-content-wrap\"><div class=\"ultp-block-image ultp-block-image-opacity\"><a href=\"https:\/\/greencoolschools.eu\/ga\/kick-off-meetings-december-2024\/\"><img decoding=\"async\" alt=\"Kick-off meetings, December 2024\" src=\"https:\/\/greencoolschools.eu\/wp-content\/uploads\/2025\/01\/2024_12_11_GCS-grow_Kick-off_teachers_Groupphoto4-600x600.png\"><\/a><\/div><div class=\"ultp-block-content\"><div class=\"ultp-category-grid ultp-category-classic ultp-category-aboveTitle\"><div class=\"ultp-category-in\"><a class=\"ultp-cat-blog\" href=\"https:\/\/greencoolschools.eu\/ga\/category\/blog\/\">blog<\/a><\/div><\/div><h3 class=\"ultp-block-title \"><a href=\"https:\/\/greencoolschools.eu\/ga\/kick-off-meetings-december-2024\/\">Kick-off meetings, December 2024<\/a><\/h3><div class=\"ultp-block-meta ultp-block-meta-dot ultp-block-meta-icon\"><span class=\"ultp-post-read ultp-block-meta-element\"><svg xmlns=\"http:\/\/www.w3.org\/2000\/svg\" fill=\"none\" viewbox=\"0 0 24 24\">\n  <path stroke=\"currentColor\" stroke-linecap=\"round\" stroke-linejoin=\"round\" stroke-width=\"1.5\" d=\"M4 5v14a3 3 0 0 0 3 3h13V8H7a3 3 0 0 1-3-3Zm0 0a3 3 0 0 1 3-3h13M7 5h10\"><\/path>\n  <path stroke=\"currentColor\" stroke-linecap=\"round\" stroke-linejoin=\"round\" stroke-width=\"1.5\" d=\"M9.5 18.5v-3.092a3 3 0 0 1 .504-1.664l1.219-1.828a.934.934 0 0 1 1.554 0l1.22 1.828a3 3 0 0 1 .503 1.664V18.5m-5-2.5h5\"><\/path>\n<\/svg>\n1 min read<\/span><\/div><div class=\"ultp-block-excerpt\"><p>In December 2024, we launched the Green Cool Schools GROW Europe (Erasmus+) project, which aims to create greener and more sustainable schools in Europe.<\/p>\n<\/div><div class=\"ultp-block-readmore\"><a aria-label=\"Kick-off meetings, December 2024\" href=\"https:\/\/greencoolschools.eu\/ga\/kick-off-meetings-december-2024\/\">Read More<\/a><\/div><\/div><\/div><\/div><\/div><\/div><div class=\"pagination-block-html\" aria-hidden=\"true\" style=\"display: none;\"><div class=\"ultp-pagination-wrap ultp-pagination-ajax-action\" data-for=\"ultp-block-45237e\" data-blockid=\"45237e\" data-expost=\"\" data-paged=\"1\" data-pages=\"1\" data-blockname=\"ultimate-post_post-list-3\" data-postid=\"12150\" data-selfpostid=\"yes\"><\/div><\/div><\/div>\n\n\n<div class=\"wp-block-ultimate-post-post-pagination ultp-block-1885a7 ultp-pagination-block ultp-pagination-wrap\"><div class=\"ultp-pagination-wrap ultp-disable-editor-click ultp-pagination-ajax-action\"><ul class=\"ultp-pagination\"><li><a href=\"#\" class=\"ultp-prev-page-numbers\"><svg xmlns=\"http:\/\/www.w3.org\/2000\/svg\" fill=\"none\" viewbox=\"0 0 24 24\"><path stroke=\"currentColor\" stroke-linecap=\"round\" stroke-linejoin=\"round\" stroke-width=\"1.5\" d=\"m15 18-6-6 6-6\"><\/path><\/svg> anonn<\/a><\/li><li><a href=\"#\">1<\/a><\/li><li><a href=\"#\">2<\/a><\/li><li><a href=\"#\">3<\/a><\/li><li><a href=\"#\" class=\"ultp-next-page-numbers\">anall <svg xmlns=\"http:\/\/www.w3.org\/2000\/svg\" fill=\"none\" viewbox=\"0 0 24 24\"><path stroke=\"currentColor\" stroke-linecap=\"round\" stroke-linejoin=\"round\" stroke-width=\"1.5\" d=\"m9 18 6-6-6-6\"><\/path><\/svg><\/a><\/li><\/ul><\/div><\/div>\n<\/div>\n","protected":false},"excerpt":{"rendered":"<p>Gn\u00edomha\u00edochta\u00ed agus imeachta\u00ed tionscadail<\/p>\n","protected":false},"author":5,"featured_media":0,"parent":0,"menu_order":0,"comment_status":"closed","ping_status":"closed","template":"","meta":{"site-sidebar-layout":"default","site-content-layout":"","ast-site-content-layout":"default","site-content-style":"default","site-sidebar-style":"default","ast-global-header-display":"","ast-banner-title-visibility":"","ast-main-header-display":"","ast-hfb-above-header-display":"","ast-hfb-below-header-display":"","ast-hfb-mobile-header-display":"","site-post-title":"","ast-breadcrumbs-content":"","ast-featured-img":"disabled","footer-sml-layout":"","ast-disable-related-posts":"","theme-transparent-header-meta":"","adv-header-id-meta":"","stick-header-meta":"","header-above-stick-meta":"","header-main-stick-meta":"","header-below-stick-meta":"","astra-migrate-meta-layouts":"default","ast-page-background-enabled":"default","ast-page-background-meta":{"desktop":{"background-color":"var(--ast-global-color-4)","background-image":"","background-repeat":"repeat","background-position":"center center","background-size":"auto","background-attachment":"scroll","background-type":"","background-media":"","overlay-type":"","overlay-color":"","overlay-opacity":"","overlay-gradient":""},"tablet":{"background-color":"","background-image":"","background-repeat":"repeat","background-position":"center center","background-size":"auto","background-attachment":"scroll","background-type":"","background-media":"","overlay-type":"","overlay-color":"","overlay-opacity":"","overlay-gradient":""},"mobile":{"background-color":"","background-image":"","background-repeat":"repeat","background-position":"center center","background-size":"auto","background-attachment":"scroll","background-type":"","background-media":"","overlay-type":"","overlay-color":"","overlay-opacity":"","overlay-gradient":""}},"ast-content-background-meta":{"desktop":{"background-color":"var(--ast-global-color-5)","background-image":"","background-repeat":"repeat","background-position":"center center","background-size":"auto","background-attachment":"scroll","background-type":"","background-media":"","overlay-type":"","overlay-color":"","overlay-opacity":"","overlay-gradient":""},"tablet":{"background-color":"var(--ast-global-color-5)","background-image":"","background-repeat":"repeat","background-position":"center center","background-size":"auto","background-attachment":"scroll","background-type":"","background-media":"","overlay-type":"","overlay-color":"","overlay-opacity":"","overlay-gradient":""},"mobile":{"background-color":"var(--ast-global-color-5)","background-image":"","background-repeat":"repeat","background-position":"center center","background-size":"auto","background-attachment":"scroll","background-type":"","background-media":"","overlay-type":"","overlay-color":"","overlay-opacity":"","overlay-gradient":""}},"footnotes":""},"categories":[],"tags":[],"language":[],"agegroup":[],"material":[],"topic":[],"folder":[],"class_list":["post-13053","page","type-page","status-publish","hentry"],"_links":{"self":[{"href":"https:\/\/greencoolschools.eu\/ga\/wp-json\/wp\/v2\/pages\/13053","targetHints":{"allow":["GET"]}}],"collection":[{"href":"https:\/\/greencoolschools.eu\/ga\/wp-json\/wp\/v2\/pages"}],"about":[{"href":"https:\/\/greencoolschools.eu\/ga\/wp-json\/wp\/v2\/types\/page"}],"author":[{"embeddable":true,"href":"https:\/\/greencoolschools.eu\/ga\/wp-json\/wp\/v2\/users\/5"}],"replies":[{"embeddable":true,"href":"https:\/\/greencoolschools.eu\/ga\/wp-json\/wp\/v2\/comments?post=13053"}],"version-history":[{"count":0,"href":"https:\/\/greencoolschools.eu\/ga\/wp-json\/wp\/v2\/pages\/13053\/revisions"}],"wp:attachment":[{"href":"https:\/\/greencoolschools.eu\/ga\/wp-json\/wp\/v2\/media?parent=13053"}],"wp:term":[{"taxonomy":"category","embeddable":true,"href":"https:\/\/greencoolschools.eu\/ga\/wp-json\/wp\/v2\/categories?post=13053"},{"taxonomy":"post_tag","embeddable":true,"href":"https:\/\/greencoolschools.eu\/ga\/wp-json\/wp\/v2\/tags?post=13053"},{"taxonomy":"language","embeddable":true,"href":"https:\/\/greencoolschools.eu\/ga\/wp-json\/wp\/v2\/language?post=13053"},{"taxonomy":"agegroup","embeddable":true,"href":"https:\/\/greencoolschools.eu\/ga\/wp-json\/wp\/v2\/agegroup?post=13053"},{"taxonomy":"material","embeddable":true,"href":"https:\/\/greencoolschools.eu\/ga\/wp-json\/wp\/v2\/material?post=13053"},{"taxonomy":"topic","embeddable":true,"href":"https:\/\/greencoolschools.eu\/ga\/wp-json\/wp\/v2\/topic?post=13053"},{"taxonomy":"folder","embeddable":true,"href":"https:\/\/greencoolschools.eu\/ga\/wp-json\/wp\/v2\/folder?post=13053"}],"curies":[{"name":"wp","href":"https:\/\/api.w.org\/{rel}","templated":true}]}}