{"id":9996,"date":"2024-06-03T12:04:08","date_gmt":"2024-06-03T10:04:08","guid":{"rendered":"https:\/\/greencoolschools.eu\/iniciativas\/iniciativas-empecemos\/"},"modified":"2026-02-02T11:27:11","modified_gmt":"2026-02-02T10:27:11","slug":"iniciativas-empecemos","status":"publish","type":"page","link":"https:\/\/greencoolschools.eu\/es\/iniciativas\/iniciativas-empecemos\/","title":{"rendered":"Iniciativas: \u00a1Empecemos!"},"content":{"rendered":"\n<h1 class=\"wp-block-heading\"><strong>Premio Green Cool Schools 2025\/26<\/strong><\/h1>\n\n<h2 class=\"wp-block-heading\">&iexcl;S&eacute; parte de nuestro proyecto!<\/h2>\n\n<p>&iexcl;Estamos emocionados de invitarte a participar en nuestra red de Green Cool Schools, cuyo objetivo es reconocer a las escuelas que est&aacute;n generando un impacto positivo a trav&eacute;s de iniciativas ecol&oacute;gicas!<\/p>\n\n<div class=\"wp-block-ultimate-post-wrapper ultp-block-04158e\"><div class=\"ultp-wrapper-block\">\n<h2 class=\"wp-block-heading\">&iquest;C&oacute;mo empezar?<\/h2>\n\n\n\n<p>&iquest;Quieres formar parte de nuestra red Green Cool Schools y compartir con nosotros tu innovadora iniciativa ecol&oacute;gica? As&iacute; es como puedes participar: <\/p>\n\n\n\n<p>I. &iexcl;Crea una cuenta!<br>Crea una cuenta en nuestra p&aacute;gina web para poder enviar el proyecto verde de tu escuela y optar al t&iacute;tulo de &ldquo;Green Cool School.&rdquo; <\/p>\n\n\n\n<div class=\"wp-block-buttons is-content-justification-center is-layout-flex wp-container-core-buttons-is-layout-a89b3969 wp-block-buttons-is-layout-flex\">\n<div class=\"wp-block-button\"><a class=\"wp-block-button__link wp-element-button\" href=\"https:\/\/greencoolschools.eu\/es\/registro\/\">&iexcl;Crea una cuenta!<\/a><\/div>\n<\/div>\n\n\n\n<p><strong>II. &iexcl;Env&iacute;a tu iniciativa! <\/strong><br>El cuestionario en l&iacute;nea pregunta sobre tu escuela y tu proyecto verde. Proporciona descripciones claras y detalladas para que otros puedan comprender y aprender de tu experiencia. Tambi&eacute;n puedes subir fotos o v&iacute;deos que acompa&ntilde;en tu proyecto.<\/p>\n\n\n\n<p>Si tu escuela tiene varios proyectos verdes, puedes enviar un formulario separado para cada uno.<br>Te pedimos que completes el cuestionario en ingl&eacute;s, para que todos los participantes puedan entenderlo.<\/p>\n\n\n\n<p>Ten en cuenta que tus respuestas ser&aacute;n visibles p&uacute;blicamente.<br>Fecha l&iacute;mite de env&iacute;o: 15 de febrero de 2026.<\/p>\n\n\n\n<div class=\"wp-block-buttons is-content-justification-center is-layout-flex wp-container-core-buttons-is-layout-a89b3969 wp-block-buttons-is-layout-flex\">\n<div class=\"wp-block-button\"><a class=\"wp-block-button__link wp-element-button\" href=\"https:\/\/greencoolschools.eu\/es\/add-listing\/\">&iexcl;Env&iacute;a tu iniciativa!<\/a><\/div>\n<\/div>\n\n\n\n<p><strong>III. &iexcl;Premio Green Cool Schools! <\/strong><br>Al enviar tu proyecto, participar&aacute;s autom&aacute;ticamente en el Premio Green Cool Schools.<br>La votaci&oacute;n p&uacute;blica se celebrar&aacute; en febrero de 2026, &iexcl;y cada voto cuenta!<br>El proyecto con m&aacute;s votos en cada pa&iacute;s ser&aacute; declarado ganador nacional.<\/p>\n\n\n\n<p>Los proyectos ganadores se anunciar&aacute;n durante el webinario internacional Green Cool Schools el 3 de marzo de 2026.<\/p>\n<\/div><\/div>\n","protected":false},"excerpt":{"rendered":"<p>Premio Green Cool Schools 2025\/26 \u00a1S\u00e9 parte de nuestro proyecto! \u00a1Estamos emocionados de invitarte a participar en nuestra red de Green Cool Schools, cuyo objetivo es reconocer a las escuelas que est\u00e1n generando un impacto positivo a trav\u00e9s de iniciativas ecol\u00f3gicas!<\/p>\n","protected":false},"author":5,"featured_media":0,"parent":9984,"menu_order":0,"comment_status":"closed","ping_status":"closed","template":"","meta":{"site-sidebar-layout":null,"site-content-layout":null,"ast-site-content-layout":null,"site-content-style":null,"site-sidebar-style":null,"ast-global-header-display":"","ast-banner-title-visibility":"","ast-main-header-display":null,"ast-hfb-above-header-display":null,"ast-hfb-below-header-display":null,"ast-hfb-mobile-header-display":null,"site-post-title":null,"ast-breadcrumbs-content":null,"ast-featured-img":null,"footer-sml-layout":null,"ast-disable-related-posts":"","theme-transparent-header-meta":null,"adv-header-id-meta":null,"stick-header-meta":null,"header-above-stick-meta":null,"header-main-stick-meta":null,"header-below-stick-meta":null,"astra-migrate-meta-layouts":"default","ast-page-background-enabled":"default","ast-page-background-meta":{"desktop":{"background-color":"var(--ast-global-color-4)","background-image":"","background-repeat":"repeat","background-position":"center center","background-size":"auto","background-attachment":"scroll","background-type":"","background-media":"","overlay-type":"","overlay-color":"","overlay-opacity":"","overlay-gradient":""},"tablet":{"background-color":"","background-image":"","background-repeat":"repeat","background-position":"center center","background-size":"auto","background-attachment":"scroll","background-type":"","background-media":"","overlay-type":"","overlay-color":"","overlay-opacity":"","overlay-gradient":""},"mobile":{"background-color":"","background-image":"","background-repeat":"repeat","background-position":"center center","background-size":"auto","background-attachment":"scroll","background-type":"","background-media":"","overlay-type":"","overlay-color":"","overlay-opacity":"","overlay-gradient":""}},"ast-content-background-meta":{"desktop":{"background-color":"var(--ast-global-color-5)","background-image":"","background-repeat":"repeat","background-position":"center center","background-size":"auto","background-attachment":"scroll","background-type":"","background-media":"","overlay-type":"","overlay-color":"","overlay-opacity":"","overlay-gradient":""},"tablet":{"background-color":"var(--ast-global-color-5)","background-image":"","background-repeat":"repeat","background-position":"center center","background-size":"auto","background-attachment":"scroll","background-type":"","background-media":"","overlay-type":"","overlay-color":"","overlay-opacity":"","overlay-gradient":""},"mobile":{"background-color":"var(--ast-global-color-5)","background-image":"","background-repeat":"repeat","background-position":"center center","background-size":"auto","background-attachment":"scroll","background-type":"","background-media":"","overlay-type":"","overlay-color":"","overlay-opacity":"","overlay-gradient":""}},"footnotes":""},"categories":[225],"tags":[],"language":[64],"agegroup":[],"material":[],"topic":[],"folder":[],"class_list":["post-9996","page","type-page","status-publish","hentry","category-initiativas-es","language-english"],"_links":{"self":[{"href":"https:\/\/greencoolschools.eu\/es\/wp-json\/wp\/v2\/pages\/9996","targetHints":{"allow":["GET"]}}],"collection":[{"href":"https:\/\/greencoolschools.eu\/es\/wp-json\/wp\/v2\/pages"}],"about":[{"href":"https:\/\/greencoolschools.eu\/es\/wp-json\/wp\/v2\/types\/page"}],"author":[{"embeddable":true,"href":"https:\/\/greencoolschools.eu\/es\/wp-json\/wp\/v2\/users\/5"}],"replies":[{"embeddable":true,"href":"https:\/\/greencoolschools.eu\/es\/wp-json\/wp\/v2\/comments?post=9996"}],"version-history":[{"count":0,"href":"https:\/\/greencoolschools.eu\/es\/wp-json\/wp\/v2\/pages\/9996\/revisions"}],"up":[{"embeddable":true,"href":"https:\/\/greencoolschools.eu\/es\/wp-json\/wp\/v2\/pages\/9984"}],"wp:attachment":[{"href":"https:\/\/greencoolschools.eu\/es\/wp-json\/wp\/v2\/media?parent=9996"}],"wp:term":[{"taxonomy":"category","embeddable":true,"href":"https:\/\/greencoolschools.eu\/es\/wp-json\/wp\/v2\/categories?post=9996"},{"taxonomy":"post_tag","embeddable":true,"href":"https:\/\/greencoolschools.eu\/es\/wp-json\/wp\/v2\/tags?post=9996"},{"taxonomy":"language","embeddable":true,"href":"https:\/\/greencoolschools.eu\/es\/wp-json\/wp\/v2\/language?post=9996"},{"taxonomy":"agegroup","embeddable":true,"href":"https:\/\/greencoolschools.eu\/es\/wp-json\/wp\/v2\/agegroup?post=9996"},{"taxonomy":"material","embeddable":true,"href":"https:\/\/greencoolschools.eu\/es\/wp-json\/wp\/v2\/material?post=9996"},{"taxonomy":"topic","embeddable":true,"href":"https:\/\/greencoolschools.eu\/es\/wp-json\/wp\/v2\/topic?post=9996"},{"taxonomy":"folder","embeddable":true,"href":"https:\/\/greencoolschools.eu\/es\/wp-json\/wp\/v2\/folder?post=9996"}],"curies":[{"name":"wp","href":"https:\/\/api.w.org\/{rel}","templated":true}]}}