{"id":9984,"date":"2024-09-11T08:34:36","date_gmt":"2024-09-11T06:34:36","guid":{"rendered":"https:\/\/greencoolschools.eu\/iniciativas\/"},"modified":"2026-01-19T11:56:05","modified_gmt":"2026-01-19T10:56:05","slug":"iniciativas","status":"publish","type":"page","link":"https:\/\/greencoolschools.eu\/es\/iniciativas\/","title":{"rendered":"\u00danete a la red"},"content":{"rendered":"\n<h1 class=\"wp-block-heading\">&iexcl;&Uacute;nete a la Red Green Cool Schools!<\/h1>\n\n<p><strong>Green Cool Schools<\/strong> es una red europea que re&uacute;ne a escuelas que est&aacute;n haciendo sus entornos m&aacute;s verdes y promoviendo la educaci&oacute;n para el desarrollo sostenible.<br>A trav&eacute;s de esta plataforma fomentamos el intercambio y la colaboraci&oacute;n, mostramos ejemplos inspiradores de diferentes escuelas y compartimos materiales educativos y did&aacute;cticos. <\/p>\n\n<p>&iexcl;&Uacute;nete a nuestra red y d&eacute;jate inspirar para hacer tu escuela m&aacute;s verde, m&aacute;s fresca y m&aacute;s resiliente al clima, junto con otras escuelas de toda Europa!<\/p>\n\n<h2 class=\"wp-block-heading\">Suscr&iacute;bete a nuestro bolet&iacute;n<\/h2>\n\n<p>Esta es la forma m&aacute;s sencilla de mantenerte en contacto con nosotros. Enviamos informaci&oacute;n unas <strong>cuatro veces al a&ntilde;o<\/strong>, con las &uacute;ltimas novedades, nuevos materiales educativos y pr&oacute;ximos seminarios web. <br><br>El bolet&iacute;n se publica en los <strong>idiomas de los pa&iacute;ses socios<\/strong> que participan en el proyecto.<br>Solo tienes que indicar tu <strong>nombre, correo electr&oacute;nico<\/strong> y <strong>la(s) versi&oacute;n(es) ling&uuml;&iacute;stica(s)<\/strong> que prefieras.<\/p>\n\n<div class=\"tb-button\" data-toolset-blocks-button=\"22a3ee87ce926635799d18c41f6c7ca7\"><a class=\"tb-button__link\" href=\"https:\/\/greencoolschools.eu\/es\/newsletter\/\"><i class=\"tb-button__icon\"><\/i><span class=\"tb-button__content\">Suscribirse ahora<\/span><\/a><\/div>\n\n<h2 class=\"wp-block-heading\">Reg&iacute;strate en nuestra plataforma<\/h2>\n\n<p>Si te registras como usuario\/a en nuestra plataforma, tendr&aacute;s acceso a m&aacute;s funciones y oportunidades.<br>Tambi&eacute;n necesitar&aacute;s una cuenta personal para <strong>registrar tu escuela<\/strong> como parte de la <strong>Red Green Cool Schools <\/strong>(ver m&aacute;s abajo).<br>Por supuesto, los usuarios registrados reciben autom&aacute;ticamente el bolet&iacute;n.<\/p>\n\n<div class=\"tb-button\" data-toolset-blocks-button=\"5aec448d7a7a1c684d03d9ccfa863191\"><a class=\"tb-button__link\" href=\"https:\/\/greencoolschools.eu\/es\/registro\/\"><i class=\"tb-button__icon\"><\/i><span class=\"tb-button__content\">Crear una cuenta ahora<\/span><\/a><\/div>\n\n<h2 class=\"wp-block-heading\">&iexcl;Hazte miembro de la Red Green Cool Schools y presenta tu candidatura al Green Cool Schools Award!<\/h2>\n\n<p>Como su nombre indica, <strong>Green Cool Schools<\/strong> apoya a las escuelas en su camino hacia entornos de aprendizaje m&aacute;s verdes, m&aacute;s frescos y m&aacute;s sostenibles.<br>Invitamos a las escuelas de toda Europa a unirse a nuestra red.<\/p>\n\n<p>Para ser miembro, tu escuela debe:<\/p>\n\n<ul class=\"wp-block-list\">\n<li>apoyar la visi&oacute;n de Green Cool Schools <a href=\"https:\/\/greencoolschools.eu\/es\/iniciativas\/criterios-para-green-cool-schools\/\">(ver criterios)<\/a>,<\/li>\n\n\n\n<li>tener <strong>una iniciativa verde &ndash; o al menos una idea de ella<\/strong> &ndash; y presentarla a trav&eacute;s de nuestra plataforma <em>(ver <a href=\"https:\/\/greencoolschools.eu\/es\/category\/resumen-de-iniciativas-es\/\">Resumen de iniciativas<\/a>)<\/em><\/li>\n\n\n\n<li>apoyar la visi&oacute;n de Green Cool Schools (ver criterios),<\/li>\n<\/ul>\n\n<h3 class=\"wp-block-heading\">&iquest;Por qu&eacute; unirse?<\/h3>\n\n<ul class=\"wp-block-list\">\n<li><strong>Visibilidad:<\/strong> Todas las escuelas miembros se muestran p&uacute;blicamente en nuestro mapa de escuelas, lo que te permitir&aacute; conectar con otras escuelas activas de tu pa&iacute;s y del extranjero.<\/li>\n\n\n\n<li><strong>Reconocimiento:<\/strong> Al presentar tu iniciativa verde, participas autom&aacute;ticamente en el <strong>Green Cool Schools Award<\/strong>.<br>Cada a&ntilde;o se reconoce una iniciativa destacada por pa&iacute;s participante, y se muestra en nuestra web. <em>(<a href=\"https:\/\/greencoolschools.eu\/es\/iniciativas\/iniciativas-empecemos\/\">Consulta la convocatoria 2025\/26<\/a> y los proyectos <a href=\"https:\/\/greencoolschools.eu\/es\/iniciativas\/iniciativas-ganadoras-2024\/\">ganadores de 2024<\/a>.)<\/em> <\/li>\n\n\n\n<li><strong>Participaci&oacute;n<\/strong>: El premio se decide mediante <strong>votaci&oacute;n p&uacute;blica<\/strong>, una excelente oportunidad para involucrar a la comunidad educativa y celebrar vuestro trabajo.<\/li>\n\n\n\n<li><strong>Compromiso<\/strong>: Al unirse, tu escuela adopta los <strong>criterios de Green Cool Schools<\/strong>, un sello de calidad que puede ayudarte a ganar visibilidad, obtener apoyo y solicitar financiaci&oacute;n o patrocinios.<\/li>\n<\/ul>\n\n<div class=\"wp-block-group is-content-justification-center is-nowrap is-layout-flex wp-container-core-group-is-layout-23441af8 wp-block-group-is-layout-flex\">\n<div class=\"tb-button\" data-toolset-blocks-button=\"85b19ae4de68a1b897acbb951f9b7fca\"><a class=\"tb-button__link\" href=\"https:\/\/greencoolschools.eu\/es\/add-listing\/\"><i class=\"tb-button__icon\"><\/i><span class=\"tb-button__content\">Env&iacute;a tu proyecto<\/span><\/a><\/div>\n<\/div>\n","protected":false},"excerpt":{"rendered":"<p>\u00a1\u00danete a la Red Green Cool Schools! Green Cool Schools es una red europea que re\u00fane a escuelas que est\u00e1n haciendo sus entornos m\u00e1s verdes y promoviendo la educaci\u00f3n para el desarrollo sostenible.A trav\u00e9s de esta plataforma fomentamos el intercambio y la colaboraci\u00f3n, mostramos ejemplos inspiradores de diferentes escuelas y compartimos materiales educativos y did\u00e1cticos. [&hellip;]<\/p>\n","protected":false},"author":5,"featured_media":0,"parent":0,"menu_order":0,"comment_status":"closed","ping_status":"closed","template":"","meta":{"site-sidebar-layout":null,"site-content-layout":null,"ast-site-content-layout":null,"site-content-style":null,"site-sidebar-style":null,"ast-global-header-display":"","ast-banner-title-visibility":"","ast-main-header-display":null,"ast-hfb-above-header-display":null,"ast-hfb-below-header-display":null,"ast-hfb-mobile-header-display":null,"site-post-title":null,"ast-breadcrumbs-content":null,"ast-featured-img":null,"footer-sml-layout":null,"ast-disable-related-posts":"","theme-transparent-header-meta":null,"adv-header-id-meta":null,"stick-header-meta":null,"header-above-stick-meta":null,"header-main-stick-meta":null,"header-below-stick-meta":null,"astra-migrate-meta-layouts":"default","ast-page-background-enabled":"default","ast-page-background-meta":{"desktop":{"background-color":"var(--ast-global-color-4)","background-image":"","background-repeat":"repeat","background-position":"center center","background-size":"auto","background-attachment":"scroll","background-type":"","background-media":"","overlay-type":"","overlay-color":"","overlay-opacity":"","overlay-gradient":""},"tablet":{"background-color":"","background-image":"","background-repeat":"repeat","background-position":"center center","background-size":"auto","background-attachment":"scroll","background-type":"","background-media":"","overlay-type":"","overlay-color":"","overlay-opacity":"","overlay-gradient":""},"mobile":{"background-color":"","background-image":"","background-repeat":"repeat","background-position":"center center","background-size":"auto","background-attachment":"scroll","background-type":"","background-media":"","overlay-type":"","overlay-color":"","overlay-opacity":"","overlay-gradient":""}},"ast-content-background-meta":{"desktop":{"background-color":"var(--ast-global-color-5)","background-image":"","background-repeat":"repeat","background-position":"center center","background-size":"auto","background-attachment":"scroll","background-type":"","background-media":"","overlay-type":"","overlay-color":"","overlay-opacity":"","overlay-gradient":""},"tablet":{"background-color":"var(--ast-global-color-5)","background-image":"","background-repeat":"repeat","background-position":"center center","background-size":"auto","background-attachment":"scroll","background-type":"","background-media":"","overlay-type":"","overlay-color":"","overlay-opacity":"","overlay-gradient":""},"mobile":{"background-color":"var(--ast-global-color-5)","background-image":"","background-repeat":"repeat","background-position":"center center","background-size":"auto","background-attachment":"scroll","background-type":"","background-media":"","overlay-type":"","overlay-color":"","overlay-opacity":"","overlay-gradient":""}},"footnotes":""},"categories":[225],"tags":[],"language":[64],"agegroup":[],"material":[],"topic":[],"folder":[],"class_list":["post-9984","page","type-page","status-publish","hentry","category-initiativas-es","language-english"],"_links":{"self":[{"href":"https:\/\/greencoolschools.eu\/es\/wp-json\/wp\/v2\/pages\/9984","targetHints":{"allow":["GET"]}}],"collection":[{"href":"https:\/\/greencoolschools.eu\/es\/wp-json\/wp\/v2\/pages"}],"about":[{"href":"https:\/\/greencoolschools.eu\/es\/wp-json\/wp\/v2\/types\/page"}],"author":[{"embeddable":true,"href":"https:\/\/greencoolschools.eu\/es\/wp-json\/wp\/v2\/users\/5"}],"replies":[{"embeddable":true,"href":"https:\/\/greencoolschools.eu\/es\/wp-json\/wp\/v2\/comments?post=9984"}],"version-history":[{"count":0,"href":"https:\/\/greencoolschools.eu\/es\/wp-json\/wp\/v2\/pages\/9984\/revisions"}],"wp:attachment":[{"href":"https:\/\/greencoolschools.eu\/es\/wp-json\/wp\/v2\/media?parent=9984"}],"wp:term":[{"taxonomy":"category","embeddable":true,"href":"https:\/\/greencoolschools.eu\/es\/wp-json\/wp\/v2\/categories?post=9984"},{"taxonomy":"post_tag","embeddable":true,"href":"https:\/\/greencoolschools.eu\/es\/wp-json\/wp\/v2\/tags?post=9984"},{"taxonomy":"language","embeddable":true,"href":"https:\/\/greencoolschools.eu\/es\/wp-json\/wp\/v2\/language?post=9984"},{"taxonomy":"agegroup","embeddable":true,"href":"https:\/\/greencoolschools.eu\/es\/wp-json\/wp\/v2\/agegroup?post=9984"},{"taxonomy":"material","embeddable":true,"href":"https:\/\/greencoolschools.eu\/es\/wp-json\/wp\/v2\/material?post=9984"},{"taxonomy":"topic","embeddable":true,"href":"https:\/\/greencoolschools.eu\/es\/wp-json\/wp\/v2\/topic?post=9984"},{"taxonomy":"folder","embeddable":true,"href":"https:\/\/greencoolschools.eu\/es\/wp-json\/wp\/v2\/folder?post=9984"}],"curies":[{"name":"wp","href":"https:\/\/api.w.org\/{rel}","templated":true}]}}