{"id":9308,"date":"2024-04-05T08:39:35","date_gmt":"2024-04-05T06:39:35","guid":{"rendered":"https:\/\/greencoolschools.eu\/newsletter\/"},"modified":"2026-01-19T11:56:17","modified_gmt":"2026-01-19T10:56:17","slug":"newsletter","status":"publish","type":"page","link":"https:\/\/greencoolschools.eu\/es\/newsletter\/","title":{"rendered":"Bolet\u00edn"},"content":{"rendered":"<p>Despu\u00e9s de registrar su direcci\u00f3n de correo electr\u00f3nico, recibir\u00e1 un correo electr\u00f3nico nuestro con un enlace. (El correo electr\u00f3nico puede llegar con retraso, revise su carpeta de correo no deseado si es necesario).<\/p>\r\n<p>Por favor, haga clic en este enlace. Este proceso protege contra el uso indebido de su direcci\u00f3n de correo electr\u00f3nico.<\/p>\r\n<p><div class=\"tnp tnp-subscription \">\n<form method=\"post\" action=\"https:\/\/greencoolschools.eu\/wp-admin\/admin-ajax.php?action=tnp&amp;na=s\">\n<input type=\"hidden\" name=\"nlang\" value=\"es\">\n<div class=\"tnp-field tnp-field-firstname\"><label for=\"tnp-1\">Nombre<\/label>\n<input class=\"tnp-name\" type=\"text\" name=\"nn\" id=\"tnp-1\" value=\"\" placeholder=\"\" required><\/div>\n<div class=\"tnp-field tnp-field-surname\"><label for=\"tnp-2\">Apellidos<\/label>\n<input class=\"tnp-surname\" type=\"text\" name=\"ns\" id=\"tnp-2\" value=\"\" placeholder=\"\" required><\/div><div class=\"tnp-field tnp-field-email\"><label for=\"tnp-3\">Correo electr\u00f3nico<\/label>\n<input class=\"tnp-email\" type=\"email\" name=\"ne\" id=\"tnp-3\" value=\"\" placeholder=\"\" required><\/div>\n<div class=\"tnp-field tnp-lists\"><div class=\"tnp-field tnp-field-checkbox tnp-field-list\"><label for=\"nl5\"><input type=\"checkbox\" id=\"nl5\" name=\"nl[]\" value=\"1\"> English<\/label><\/div>\n<div class=\"tnp-field tnp-field-checkbox tnp-field-list\"><label for=\"nl6\"><input type=\"checkbox\" id=\"nl6\" name=\"nl[]\" value=\"5\"> \u00d6sterreichisch<\/label><\/div>\n<div class=\"tnp-field tnp-field-checkbox tnp-field-list\"><label for=\"nl7\"><input type=\"checkbox\" id=\"nl7\" name=\"nl[]\" value=\"8\"> Deutsch<\/label><\/div>\n<div class=\"tnp-field tnp-field-checkbox tnp-field-list\"><label for=\"nl8\"><input type=\"checkbox\" id=\"nl8\" name=\"nl[]\" value=\"11\"> Spanish<\/label><\/div>\n<div class=\"tnp-field tnp-field-checkbox tnp-field-list\"><label for=\"nl9\"><input type=\"checkbox\" id=\"nl9\" name=\"nl[]\" value=\"14\"> Basque<\/label><\/div>\n<div class=\"tnp-field tnp-field-checkbox tnp-field-list\"><label for=\"nl10\"><input type=\"checkbox\" id=\"nl10\" name=\"nl[]\" value=\"19\"> Hungarian<\/label><\/div>\n<\/div><div class=\"tnp-field tnp-privacy-field\"><label><input type=\"checkbox\" name=\"ny\" required class=\"tnp-privacy\"> <a target=\"_blank\" href=\"https:\/\/greencoolschools.eu\/home\/privacy-policy\/\">Acepto la pol\u00edtica de privacidad<\/a><\/label><\/div><div class=\"tnp-field tnp-field-button\" style=\"text-align: left\"><input class=\"tnp-submit\" type=\"submit\" value=\"Suscribirse\" style=\"\">\n<\/div>\n<\/form>\n<\/div>\n<\/p>\n","protected":false},"excerpt":{"rendered":"","protected":false},"author":1,"featured_media":0,"parent":0,"menu_order":0,"comment_status":"closed","ping_status":"closed","template":"","meta":{"site-sidebar-layout":"default","site-content-layout":"","ast-site-content-layout":"default","site-content-style":"default","site-sidebar-style":"default","ast-global-header-display":"","ast-banner-title-visibility":"","ast-main-header-display":"","ast-hfb-above-header-display":"","ast-hfb-below-header-display":"","ast-hfb-mobile-header-display":"","site-post-title":"","ast-breadcrumbs-content":"","ast-featured-img":"","footer-sml-layout":"","ast-disable-related-posts":"","theme-transparent-header-meta":"","adv-header-id-meta":"","stick-header-meta":"","header-above-stick-meta":"","header-main-stick-meta":"","header-below-stick-meta":"","astra-migrate-meta-layouts":"default","ast-page-background-enabled":"default","ast-page-background-meta":{"desktop":{"background-color":"var(--ast-global-color-4)","background-image":"","background-repeat":"repeat","background-position":"center center","background-size":"auto","background-attachment":"scroll","background-type":"","background-media":"","overlay-type":"","overlay-color":"","overlay-opacity":"","overlay-gradient":""},"tablet":{"background-color":"","background-image":"","background-repeat":"repeat","background-position":"center center","background-size":"auto","background-attachment":"scroll","background-type":"","background-media":"","overlay-type":"","overlay-color":"","overlay-opacity":"","overlay-gradient":""},"mobile":{"background-color":"","background-image":"","background-repeat":"repeat","background-position":"center center","background-size":"auto","background-attachment":"scroll","background-type":"","background-media":"","overlay-type":"","overlay-color":"","overlay-opacity":"","overlay-gradient":""}},"ast-content-background-meta":{"desktop":{"background-color":"var(--ast-global-color-5)","background-image":"","background-repeat":"repeat","background-position":"center center","background-size":"auto","background-attachment":"scroll","background-type":"","background-media":"","overlay-type":"","overlay-color":"","overlay-opacity":"","overlay-gradient":""},"tablet":{"background-color":"var(--ast-global-color-5)","background-image":"","background-repeat":"repeat","background-position":"center center","background-size":"auto","background-attachment":"scroll","background-type":"","background-media":"","overlay-type":"","overlay-color":"","overlay-opacity":"","overlay-gradient":""},"mobile":{"background-color":"var(--ast-global-color-5)","background-image":"","background-repeat":"repeat","background-position":"center center","background-size":"auto","background-attachment":"scroll","background-type":"","background-media":"","overlay-type":"","overlay-color":"","overlay-opacity":"","overlay-gradient":""}},"footnotes":""},"categories":[],"tags":[],"language":[],"agegroup":[],"material":[],"topic":[],"folder":[],"class_list":["post-9308","page","type-page","status-publish","hentry"],"_links":{"self":[{"href":"https:\/\/greencoolschools.eu\/es\/wp-json\/wp\/v2\/pages\/9308","targetHints":{"allow":["GET"]}}],"collection":[{"href":"https:\/\/greencoolschools.eu\/es\/wp-json\/wp\/v2\/pages"}],"about":[{"href":"https:\/\/greencoolschools.eu\/es\/wp-json\/wp\/v2\/types\/page"}],"author":[{"embeddable":true,"href":"https:\/\/greencoolschools.eu\/es\/wp-json\/wp\/v2\/users\/1"}],"replies":[{"embeddable":true,"href":"https:\/\/greencoolschools.eu\/es\/wp-json\/wp\/v2\/comments?post=9308"}],"version-history":[{"count":0,"href":"https:\/\/greencoolschools.eu\/es\/wp-json\/wp\/v2\/pages\/9308\/revisions"}],"wp:attachment":[{"href":"https:\/\/greencoolschools.eu\/es\/wp-json\/wp\/v2\/media?parent=9308"}],"wp:term":[{"taxonomy":"category","embeddable":true,"href":"https:\/\/greencoolschools.eu\/es\/wp-json\/wp\/v2\/categories?post=9308"},{"taxonomy":"post_tag","embeddable":true,"href":"https:\/\/greencoolschools.eu\/es\/wp-json\/wp\/v2\/tags?post=9308"},{"taxonomy":"language","embeddable":true,"href":"https:\/\/greencoolschools.eu\/es\/wp-json\/wp\/v2\/language?post=9308"},{"taxonomy":"agegroup","embeddable":true,"href":"https:\/\/greencoolschools.eu\/es\/wp-json\/wp\/v2\/agegroup?post=9308"},{"taxonomy":"material","embeddable":true,"href":"https:\/\/greencoolschools.eu\/es\/wp-json\/wp\/v2\/material?post=9308"},{"taxonomy":"topic","embeddable":true,"href":"https:\/\/greencoolschools.eu\/es\/wp-json\/wp\/v2\/topic?post=9308"},{"taxonomy":"folder","embeddable":true,"href":"https:\/\/greencoolschools.eu\/es\/wp-json\/wp\/v2\/folder?post=9308"}],"curies":[{"name":"wp","href":"https:\/\/api.w.org\/{rel}","templated":true}]}}