{"id":3883,"date":"2022-10-04T06:04:09","date_gmt":"2022-10-04T04:04:09","guid":{"rendered":"https:\/\/greencoolschools.eu\/temas\/reverdecimiento-de-interior\/informacion-regional-reverdecimiento-de-interiores\/"},"modified":"2026-01-19T12:40:26","modified_gmt":"2026-01-19T11:40:26","slug":"informacion-regional-reverdecimiento-de-interiores","status":"publish","type":"page","link":"https:\/\/greencoolschools.eu\/es\/temas\/reverdecimiento-de-interior\/informacion-regional-reverdecimiento-de-interiores\/","title":{"rendered":"Informaci\u00f3n regional: Reverdecimiento de interiores"},"content":{"rendered":"\n<div class=\"inherit-container-width wp-block-group content-box-intro-outer content-type-regional is-layout-constrained wp-block-group-is-layout-constrained\"><div class=\"wp-block-group__inner-container\">\n<h1 class=\"wp-block-heading\">Informaci&oacute;n regional: Reverdecimiento de interiores<\/h1>\n<\/div><\/div>\n\n<h2 class=\"wp-block-heading\">Asuntos relacionados en otros pa&iacute;ses<\/h2>\n\n<h3 class=\"wp-block-heading\"><strong>Plantas de interior y su origen<\/strong><\/h3>\n\n<p>Las especies conocidas como plantas de interior t&iacute;picas y populares en una regi&oacute;n se encuentran en su forma silvestre en la naturaleza, y al aire libre en otras regiones. Siguiendo con el tema de la jardiner&iacute;a de interior, aqu&iacute; trazamos los or&iacute;genes y las caracter&iacute;sticas de algunas de nuestras conocidas plantas de interior.<\/p>\n\n<div class=\"inherit-container-width wp-block-group content-box-outer is-layout-constrained wp-block-group-is-layout-constrained\"><div class=\"wp-block-group__inner-container\">\n<div class=\"wp-block-columns content-box-header content-box-header-austria is-layout-flex wp-container-core-columns-is-layout-28f84493 wp-block-columns-is-layout-flex\">\n<div class=\"wp-block-column content-box-header-cols content-box-header-text content-box-header-text-austria is-layout-flow wp-block-column-is-layout-flow\" style=\"flex-basis:75%\">\n<p>AUSTRIA<\/p>\n<\/div>\n\n\n\n<div class=\"wp-block-column content-box-header-cols is-layout-flow wp-block-column-is-layout-flow\" style=\"flex-basis:66.66%\"><\/div>\n<\/div>\n\n\n\n<div class=\"wp-block-columns content-box-body content-box-body-spain is-layout-flex wp-container-core-columns-is-layout-28f84493 wp-block-columns-is-layout-flex\">\n<div class=\"wp-block-column content-box-body-cols content-box-body-image country-box-body-image is-layout-flow wp-block-column-is-layout-flow\" style=\"flex-basis:15%\">\n<figure class=\"wp-block-image aligncenter size-full\"><img loading=\"lazy\" decoding=\"async\" width=\"1000\" height=\"1000\" src=\"https:\/\/greencoolschools.eu\/wp-content\/uploads\/2022\/10\/flag_round_austria.png\" alt=\"\" class=\"wp-image-2381\" srcset=\"https:\/\/greencoolschools.eu\/wp-content\/uploads\/2022\/10\/flag_round_austria.png 1000w, https:\/\/greencoolschools.eu\/wp-content\/uploads\/2022\/10\/flag_round_austria-300x300.png 300w, https:\/\/greencoolschools.eu\/wp-content\/uploads\/2022\/10\/flag_round_austria-150x150.png 150w, https:\/\/greencoolschools.eu\/wp-content\/uploads\/2022\/10\/flag_round_austria-768x768.png 768w\" sizes=\"auto, (max-width: 1000px) 100vw, 1000px\" \/><\/figure>\n<\/div>\n\n\n\n<div class=\"wp-block-column content-box-body-cols content-box-body-text content-box-body-text-austria is-layout-flow wp-block-column-is-layout-flow\" style=\"flex-basis:80%\">\n<p>El lirio verde<em>(Chlorophytum comosum<\/em>) es probablemente una de las plantas de interior m&aacute;s cultivadas del mundo. Es una planta perenne, parecida al lirio, con hojas alargadas que crecen en una densa roseta basal, con ra&iacute;ces tuberosas y peque&ntilde;as flores blancas. Las razones de la popularidad del lirio verde son probablemente muchas. No s&oacute;lo es atractiva, sino tambi&eacute;n f&aacute;cil de cuidar y propagar. Adem&aacute;s, los cient&iacute;ficos han descubierto que esta planta puede mejorar la calidad del aire en las habitaciones cerradas. El lirio verde no es &laquo;s&oacute;lo&raquo; una planta de interior en todas partes. La planta es originaria de Sud&aacute;frica, donde crece en grandes grupos, sobre todo en valles fluviales boscosos y h&uacute;medos. En la actualidad, se pueden encontrar ejemplares silvestres del lirio verde en todo el este tropical hasta el sur de &Aacute;frica, as&iacute; como en Australia y el sureste de Estados Unidos. Las formas silvestres tienen hojas de color verde puro, las formas cultivadas suelen tener una franja blanca en el centro. El lirio verde lleg&oacute; a Europa a mediados del siglo XIX como planta de interior.<\/p>\n<\/div>\n<\/div>\n<\/div><\/div>\n\n<div class=\"inherit-container-width wp-block-group content-box-outer is-layout-constrained wp-block-group-is-layout-constrained\"><div class=\"wp-block-group__inner-container\">\n<div class=\"wp-block-columns content-box-header content-box-header-spain is-layout-flex wp-container-core-columns-is-layout-28f84493 wp-block-columns-is-layout-flex\">\n<div class=\"wp-block-column content-box-header-cols content-box-header-text content-box-header-text-germany is-layout-flow wp-block-column-is-layout-flow\" style=\"flex-basis:75%\">\n<p>ALEMANIA<\/p>\n<\/div>\n\n\n\n<div class=\"wp-block-column content-box-header-cols is-layout-flow wp-block-column-is-layout-flow\" style=\"flex-basis:66.66%\"><\/div>\n<\/div>\n\n\n\n<div class=\"wp-block-columns content-box-body content-box-body-germany is-layout-flex wp-container-core-columns-is-layout-28f84493 wp-block-columns-is-layout-flex\">\n<div class=\"wp-block-column content-box-body-cols content-box-body-image country-box-body-image is-layout-flow wp-block-column-is-layout-flow\" style=\"flex-basis:15%\">\n<figure class=\"wp-block-image aligncenter size-full\"><img loading=\"lazy\" decoding=\"async\" width=\"1000\" height=\"1000\" src=\"https:\/\/greencoolschools.eu\/wp-content\/uploads\/2022\/10\/flag_round_germany.png\" alt=\"\" class=\"wp-image-2391\" srcset=\"https:\/\/greencoolschools.eu\/wp-content\/uploads\/2022\/10\/flag_round_germany.png 1000w, https:\/\/greencoolschools.eu\/wp-content\/uploads\/2022\/10\/flag_round_germany-300x300.png 300w, https:\/\/greencoolschools.eu\/wp-content\/uploads\/2022\/10\/flag_round_germany-150x150.png 150w, https:\/\/greencoolschools.eu\/wp-content\/uploads\/2022\/10\/flag_round_germany-768x768.png 768w\" sizes=\"auto, (max-width: 1000px) 100vw, 1000px\" \/><\/figure>\n<\/div>\n\n\n\n<div class=\"wp-block-column content-box-body-cols content-box-body-text content-box-body-text-germany is-layout-flow wp-block-column-is-layout-flow\" style=\"flex-basis:80%\">\n<p>El <a rel=\"noreferrer noopener\" href=\"https:\/\/de.wikipedia.org\/wiki\/Gummibaum\" target=\"_blank\">&aacute;rbol del caucho (<em>Ficus elastica<\/em>, &aacute;rbol del caucho indio)<\/a>ha sido una planta de interior muy popular durante d&eacute;cadas. Es perenne, relativamente poco exigente, crece hasta alturas de aprox.  2m en una maceta- y luego decora, por ejemplo, las zonas de entrada de los edificios p&uacute;blicos. Tambi&eacute;n se puede propagar f&aacute;cilmente por esquejes. Debe su nombre a la savia lechosa (l&aacute;tex) que segrega cuando se lesiona.<br>Pero, &iquest;qui&eacute;n ha visto un &aacute;rbol del caucho de vida libre? En una zona que va desde el noreste de la India hasta Indonesia, esto es posible. All&iacute; el &aacute;rbol del caucho vive como una higuera estranguladora en otros &aacute;rboles &ndash; puede alcanzar una altura de 20 a 40 metros (raramente incluso 60 metros) y un di&aacute;metro de tronco de hasta 2 metros. El &aacute;rbol del caucho tambi&eacute;n produce peque&ntilde;as flores, pero las semillas f&eacute;rtiles s&oacute;lo se desarrollan cuando las flores son polinizadas por la avispa del higo.<\/p>\n<\/div>\n<\/div>\n<\/div><\/div>\n\n<div class=\"inherit-container-width wp-block-group content-box-outer is-layout-constrained wp-block-group-is-layout-constrained\"><div class=\"wp-block-group__inner-container\">\n<div class=\"wp-block-columns content-box-header content-box-header-spain is-layout-flex wp-container-core-columns-is-layout-28f84493 wp-block-columns-is-layout-flex\">\n<div class=\"wp-block-column content-box-header-cols content-box-header-text content-box-header-text-spain is-layout-flow wp-block-column-is-layout-flow\" style=\"flex-basis:75%\">\n<p>ESPA&Ntilde;A<\/p>\n<\/div>\n\n\n\n<div class=\"wp-block-column content-box-header-cols is-layout-flow wp-block-column-is-layout-flow\" style=\"flex-basis:66.66%\"><\/div>\n<\/div>\n\n\n\n<div class=\"wp-block-columns content-box-body content-box-body-spain is-layout-flex wp-container-core-columns-is-layout-28f84493 wp-block-columns-is-layout-flex\">\n<div class=\"wp-block-column content-box-body-cols content-box-body-image country-box-body-image is-layout-flow wp-block-column-is-layout-flow\" style=\"flex-basis:15%\">\n<figure class=\"wp-block-image aligncenter size-full\"><img loading=\"lazy\" decoding=\"async\" width=\"1000\" height=\"1000\" src=\"https:\/\/greencoolschools.eu\/wp-content\/uploads\/2022\/10\/flag_round_spain.png\" alt=\"\" class=\"wp-image-2396\" srcset=\"https:\/\/greencoolschools.eu\/wp-content\/uploads\/2022\/10\/flag_round_spain.png 1000w, https:\/\/greencoolschools.eu\/wp-content\/uploads\/2022\/10\/flag_round_spain-300x300.png 300w, https:\/\/greencoolschools.eu\/wp-content\/uploads\/2022\/10\/flag_round_spain-150x150.png 150w, https:\/\/greencoolschools.eu\/wp-content\/uploads\/2022\/10\/flag_round_spain-768x768.png 768w\" sizes=\"auto, (max-width: 1000px) 100vw, 1000px\" \/><\/figure>\n<\/div>\n\n\n\n<div class=\"wp-block-column content-box-body-cols content-box-body-text content-box-body-text-spain is-layout-flow wp-block-column-is-layout-flow\" style=\"flex-basis:80%\">\n<p>Algunos ejemplos de plantas que son tanto de interior como de exterior, seg&uacute;n la regi&oacute;n del mundo en que vivan, son las orqu&iacute;deas, los ficus, el aloe vera, la planta ara&ntilde;a (= lirio verde) o la clivia.<br>Las orqu&iacute;deas son plantas que pertenecen a la familia Orchidaceae, un grupo diverso y extendido de plantas con flores que suelen ser coloridas y fragantes. Junto con las Asteraceae, son una de las dos familias m&aacute;s grandes de plantas con flores. Las Orchidaceae cuentan con unas 28.000 especies actualmente aceptadas, distribuidas en unos 763 g&eacute;neros. El n&uacute;mero de especies de orqu&iacute;deas es casi igual al n&uacute;mero de peces &oacute;seos, m&aacute;s del doble del n&uacute;mero de especies de aves y unas cuatro veces el n&uacute;mero de especies de mam&iacute;feros.<br>Aunque es frecuente ver orqu&iacute;deas como plantas de interior en los hogares europeos, crecen de forma silvestre en muchas partes del mundo, ya que son capaces de crecer en climas muy diferentes. De hecho, desde las primeras evidencias de orqu&iacute;deas fosilizadas datadas hace unos 15-20 millones de a&ntilde;os, las orqu&iacute;deas se encuentran en casi todos los h&aacute;bitats, aparte de los glaciares. La mayor diversidad de especies de orqu&iacute;deas del mundo se encuentra en los tr&oacute;picos, pero tambi&eacute;n se encuentran por encima del C&iacute;rculo Polar &Aacute;rtico, en el sur de la Patagonia o en el suroeste del oc&eacute;ano Pac&iacute;fico.<br>Los principales usos de las orqu&iacute;deas son hort&iacute;colas, se cultivan por sus flores o se utilizan en perfumer&iacute;a o alimentaci&oacute;n. &iquest;Sab&iacute;as que el aroma de vainilla, utilizado en reposter&iacute;a, perfumes y aromaterapia, proviene de las vainas secas de la planta del g&eacute;nero Orchidaceae (Vanilla planifolia)?<\/p>\n\n\n\n<figure class=\"wp-block-embed is-type-wp-embed is-provider-educar-info wp-block-embed-educar-info\"><div class=\"wp-block-embed__wrapper\">\nhttps:\/\/educarinfo.com\/distintas-clases-de-orquideas\/\n<\/div><\/figure>\n\n\n\n<p>Fuente: <a href=\"https:\/\/educarinfo.com\/distintas-clases-de-orquideas\/\">https:\/\/educarinfo.com\/distintas-clases-de-orquideas\/<\/a><\/p>\n<\/div>\n<\/div>\n<\/div><\/div>\n\n<h2 class=\"wp-block-heading\">Informaci&oacute;n espec&iacute;fica del pa&iacute;s<\/h2>\n\n<div class=\"inherit-container-width wp-block-group content-box-outer is-layout-constrained wp-block-group-is-layout-constrained\"><div class=\"wp-block-group__inner-container\">\n<div class=\"wp-block-columns content-box-header content-box-header-related is-layout-flex wp-container-core-columns-is-layout-28f84493 wp-block-columns-is-layout-flex\">\n<div class=\"wp-block-column content-box-header-cols content-box-header-text content-box-header-text-related is-layout-flow wp-block-column-is-layout-flow\" style=\"flex-basis:95%\">\n<p>INFORMACI&Oacute;N REGIONAL<\/p>\n<\/div>\n\n\n\n<div class=\"wp-block-column content-box-header-cols is-layout-flow wp-block-column-is-layout-flow\" style=\"flex-basis:5%\"><\/div>\n<\/div>\n\n\n\n<div class=\"wp-block-columns content-box-body content-box-body-related is-layout-flex wp-container-core-columns-is-layout-28f84493 wp-block-columns-is-layout-flex\">\n<div class=\"wp-block-column content-box-body-cols content-box-body-image is-layout-flow wp-block-column-is-layout-flow\" style=\"flex-basis:25%\">\n<figure class=\"wp-block-image size-full\"><img loading=\"lazy\" decoding=\"async\" width=\"133\" height=\"133\" src=\"https:\/\/greencoolschools.eu\/wp-content\/uploads\/2022\/08\/img_info.png\" alt=\"\" class=\"wp-image-437\"><\/figure>\n<\/div>\n\n\n\n<div class=\"wp-block-column content-box-body-cols content-box-body-text content-box-body-text-related is-layout-flow wp-block-column-is-layout-flow\" style=\"flex-basis:66.66%\"><div class=\"ultp-post-grid-block wp-block-ultimate-post-post-list-3 ultp-block-8ddb88 regional-information-post-list\"><div class=\"ultp-block-wrapper\"><div class=\"ultp-loading\"><div class=\"ultp-loading-blocks\" style=\"width:100%;height:100%;\"><div style=\"left: 0;top: 0;animation-delay:0s;\"><\/div><div style=\"left: 21px;top: 0;animation-delay:0.125s;\"><\/div><div style=\"left: 42px;top: 0;animation-delay:0.25s;\"><\/div><div style=\"left: 0;top: 21px;animation-delay:0.875s;\"><\/div><div style=\"left: 42px;top: 21px;animation-delay:0.375s;\"><\/div><div style=\"left: 0;top: 42px;animation-delay:0.75s;\"><\/div><div style=\"left: 42px;top: 42px;animation-delay:0.625s;\"><\/div><div style=\"left: 21px;top: 42px;animation-delay:0.5s;\"><\/div><\/div><\/div><div class=\"ultp-block-items-wrap ultp-block-row ultp-block-column-1 ultp-block-content-middle ultp-layout1\"><section class=\"ultp-block-item ultp-block-media post-id-6645\"><div class=\"ultp-block-content-wrap\"><div class=\"ultp-block-content\"><h3 class=\"ultp-block-title \"><a href=\"https:\/\/greencoolschools.eu\/es\/unidad-didactica-de-las-plantas-cuaderno-de-trabajo\/\">Unidad did&aacute;ctica de las Plantas &ndash; Cuaderno de trabajo<\/a><\/h3><div class=\"ultp-block-excerpt\"><p>https:\/\/www3.gobiernodecanarias.org\/medusa\/proyecto\/38011546-0002\/wp-content\/uploads\/sites\/299\/2017\/11\/cuadernillo-sobre-plantas.pdf Fichas para hacer actividades. El Proyecto Medusa es un macroproyecto de innovaci&oacute;n educativa Fuente: Gobierno de Canarias<\/p>\n<\/div><\/div><\/div><\/section><\/div><\/div><div class=\"pagination-block-html\" aria-hidden=\"true\" style=\"display: none;\"><\/div><\/div><\/div>\n<\/div>\n<\/div><\/div>\n","protected":false},"excerpt":{"rendered":"<p>Informaci\u00f3n regional: Reverdecimiento de interiores Asuntos relacionados en otros pa\u00edses Plantas de interior y su origen Las especies conocidas como plantas de interior t\u00edpicas y populares en una regi\u00f3n se encuentran en su forma silvestre en la naturaleza, y al aire libre en otras regiones. Siguiendo con el tema de la jardiner\u00eda de interior, aqu\u00ed [&hellip;]<\/p>\n","protected":false},"author":1,"featured_media":0,"parent":2740,"menu_order":990,"comment_status":"closed","ping_status":"closed","template":"","meta":{"site-sidebar-layout":"default","site-content-layout":"","ast-site-content-layout":"default","site-content-style":"default","site-sidebar-style":"default","ast-global-header-display":"","ast-banner-title-visibility":"","ast-main-header-display":"","ast-hfb-above-header-display":"","ast-hfb-below-header-display":"","ast-hfb-mobile-header-display":"","site-post-title":"","ast-breadcrumbs-content":"","ast-featured-img":"","footer-sml-layout":"","ast-disable-related-posts":"","theme-transparent-header-meta":"","adv-header-id-meta":"","stick-header-meta":"","header-above-stick-meta":"","header-main-stick-meta":"","header-below-stick-meta":"","astra-migrate-meta-layouts":"default","ast-page-background-enabled":"default","ast-page-background-meta":{"desktop":{"background-color":"var(--ast-global-color-4)","background-image":"","background-repeat":"repeat","background-position":"center center","background-size":"auto","background-attachment":"scroll","background-type":"","background-media":"","overlay-type":"","overlay-color":"","overlay-opacity":"","overlay-gradient":""},"tablet":{"background-color":"","background-image":"","background-repeat":"repeat","background-position":"center center","background-size":"auto","background-attachment":"scroll","background-type":"","background-media":"","overlay-type":"","overlay-color":"","overlay-opacity":"","overlay-gradient":""},"mobile":{"background-color":"","background-image":"","background-repeat":"repeat","background-position":"center center","background-size":"auto","background-attachment":"scroll","background-type":"","background-media":"","overlay-type":"","overlay-color":"","overlay-opacity":"","overlay-gradient":""}},"ast-content-background-meta":{"desktop":{"background-color":"var(--ast-global-color-5)","background-image":"","background-repeat":"repeat","background-position":"center center","background-size":"auto","background-attachment":"scroll","background-type":"","background-media":"","overlay-type":"","overlay-color":"","overlay-opacity":"","overlay-gradient":""},"tablet":{"background-color":"var(--ast-global-color-5)","background-image":"","background-repeat":"repeat","background-position":"center center","background-size":"auto","background-attachment":"scroll","background-type":"","background-media":"","overlay-type":"","overlay-color":"","overlay-opacity":"","overlay-gradient":""},"mobile":{"background-color":"var(--ast-global-color-5)","background-image":"","background-repeat":"repeat","background-position":"center center","background-size":"auto","background-attachment":"scroll","background-type":"","background-media":"","overlay-type":"","overlay-color":"","overlay-opacity":"","overlay-gradient":""}},"footnotes":""},"categories":[113],"tags":[72],"language":[64],"agegroup":[],"material":[],"topic":[],"folder":[59],"class_list":["post-3883","page","type-page","status-publish","hentry","category-regional-information-es-2","tag-indoor-greening","language-english"],"_links":{"self":[{"href":"https:\/\/greencoolschools.eu\/es\/wp-json\/wp\/v2\/pages\/3883","targetHints":{"allow":["GET"]}}],"collection":[{"href":"https:\/\/greencoolschools.eu\/es\/wp-json\/wp\/v2\/pages"}],"about":[{"href":"https:\/\/greencoolschools.eu\/es\/wp-json\/wp\/v2\/types\/page"}],"author":[{"embeddable":true,"href":"https:\/\/greencoolschools.eu\/es\/wp-json\/wp\/v2\/users\/1"}],"replies":[{"embeddable":true,"href":"https:\/\/greencoolschools.eu\/es\/wp-json\/wp\/v2\/comments?post=3883"}],"version-history":[{"count":0,"href":"https:\/\/greencoolschools.eu\/es\/wp-json\/wp\/v2\/pages\/3883\/revisions"}],"up":[{"embeddable":true,"href":"https:\/\/greencoolschools.eu\/es\/wp-json\/wp\/v2\/pages\/2740"}],"wp:attachment":[{"href":"https:\/\/greencoolschools.eu\/es\/wp-json\/wp\/v2\/media?parent=3883"}],"wp:term":[{"taxonomy":"category","embeddable":true,"href":"https:\/\/greencoolschools.eu\/es\/wp-json\/wp\/v2\/categories?post=3883"},{"taxonomy":"post_tag","embeddable":true,"href":"https:\/\/greencoolschools.eu\/es\/wp-json\/wp\/v2\/tags?post=3883"},{"taxonomy":"language","embeddable":true,"href":"https:\/\/greencoolschools.eu\/es\/wp-json\/wp\/v2\/language?post=3883"},{"taxonomy":"agegroup","embeddable":true,"href":"https:\/\/greencoolschools.eu\/es\/wp-json\/wp\/v2\/agegroup?post=3883"},{"taxonomy":"material","embeddable":true,"href":"https:\/\/greencoolschools.eu\/es\/wp-json\/wp\/v2\/material?post=3883"},{"taxonomy":"topic","embeddable":true,"href":"https:\/\/greencoolschools.eu\/es\/wp-json\/wp\/v2\/topic?post=3883"},{"taxonomy":"folder","embeddable":true,"href":"https:\/\/greencoolschools.eu\/es\/wp-json\/wp\/v2\/folder?post=3883"}],"curies":[{"name":"wp","href":"https:\/\/api.w.org\/{rel}","templated":true}]}}