{"id":3881,"date":"2022-10-04T06:03:04","date_gmt":"2022-10-04T04:03:04","guid":{"rendered":"https:\/\/greencoolschools.eu\/temas\/reverdecimiento-vertical\/informacion-regional-reverdecimiento-vertical\/"},"modified":"2026-01-19T12:46:37","modified_gmt":"2026-01-19T11:46:37","slug":"informacion-regional-reverdecimiento-vertical","status":"publish","type":"page","link":"https:\/\/greencoolschools.eu\/es\/temas\/reverdecimiento-vertical\/informacion-regional-reverdecimiento-vertical\/","title":{"rendered":"Informaci\u00f3n regional: Reverdecimiento vertical"},"content":{"rendered":"\n<div class=\"inherit-container-width wp-block-group content-box-intro-outer content-type-regional is-layout-constrained wp-block-group-is-layout-constrained\"><div class=\"wp-block-group__inner-container\">\n<h1 class=\"wp-block-heading\">Informaci&oacute;n regional: Reverdecimiento vertical<\/h1>\n<\/div><\/div>\n\n<h2 class=\"wp-block-heading\">Asuntos relacionados en otros pa&iacute;ses<\/h2>\n\n<h3 class=\"wp-block-heading\"><strong>Plantas trepadoras aut&oacute;ctonas<\/strong><\/h3>\n\n<p>El uso de plantas aut&oacute;ctonas tiene muchas ventajas. Por su evoluci&oacute;n ligada al lugar, se adaptan muy bien a las condiciones clim&aacute;ticas locales y a las caracter&iacute;sticas del suelo. Como resultado, suelen ser m&aacute;s robustas, m&aacute;s f&aacute;ciles de cuidar y m&aacute;s resistentes a las plagas y enfermedades. Al mismo tiempo, las plantas y los animales viven en simbiosis, por lo que est&aacute;n perfectamente adaptados entre s&iacute;. Por ello, las plantas aut&oacute;ctonas constituyen un importante h&aacute;bitat y fuente de alimento para innumerables animales. Adem&aacute;s, las plantas j&oacute;venes o las semillas no suelen tener que recorrer largas distancias para su transporte. En la siguiente secci&oacute;n presentamos con m&aacute;s detalle algunos representantes aut&oacute;ctonos de plantas trepadoras de los pa&iacute;ses del proyecto.<\/p>\n\n<div class=\"inherit-container-width wp-block-group content-box-outer is-layout-constrained wp-block-group-is-layout-constrained\"><div class=\"wp-block-group__inner-container\">\n<div class=\"wp-block-columns content-box-header content-box-header-austria is-layout-flex wp-container-core-columns-is-layout-28f84493 wp-block-columns-is-layout-flex\">\n<div class=\"wp-block-column content-box-header-cols content-box-header-text content-box-header-text-austria is-layout-flow wp-block-column-is-layout-flow\" style=\"flex-basis:75%\">\n<p>AUSTRIA<\/p>\n<\/div>\n\n\n\n<div class=\"wp-block-column content-box-header-cols is-layout-flow wp-block-column-is-layout-flow\" style=\"flex-basis:66.66%\"><\/div>\n<\/div>\n\n\n\n<div class=\"wp-block-columns content-box-body content-box-body-spain is-layout-flex wp-container-core-columns-is-layout-28f84493 wp-block-columns-is-layout-flex\">\n<div class=\"wp-block-column content-box-body-cols content-box-body-image country-box-body-image is-layout-flow wp-block-column-is-layout-flow\" style=\"flex-basis:15%\">\n<figure class=\"wp-block-image aligncenter size-full\"><img loading=\"lazy\" decoding=\"async\" width=\"1000\" height=\"1000\" src=\"https:\/\/greencoolschools.eu\/wp-content\/uploads\/2022\/10\/flag_round_austria.png\" alt=\"\" class=\"wp-image-2381\" srcset=\"https:\/\/greencoolschools.eu\/wp-content\/uploads\/2022\/10\/flag_round_austria.png 1000w, https:\/\/greencoolschools.eu\/wp-content\/uploads\/2022\/10\/flag_round_austria-300x300.png 300w, https:\/\/greencoolschools.eu\/wp-content\/uploads\/2022\/10\/flag_round_austria-150x150.png 150w, https:\/\/greencoolschools.eu\/wp-content\/uploads\/2022\/10\/flag_round_austria-768x768.png 768w\" sizes=\"auto, (max-width: 1000px) 100vw, 1000px\" \/><\/figure>\n<\/div>\n\n\n\n<div class=\"wp-block-column content-box-body-cols content-box-body-text content-box-body-text-austria is-layout-flow wp-block-column-is-layout-flow\" style=\"flex-basis:80%\">\n<p>La madreselva europea<em>(Lonicera periclymenum<\/em>) es una planta trepadora decorativa, perfumada y f&aacute;cil de cuidar. Es especialmente adecuado para trepar por vallas y muros, as&iacute; como para reverdecer fachadas. Esta planta trepadora parecida a la liana se conoce como &laquo;madreselva&raquo;. Crece hasta 1,5 m al a&ntilde;o y alcanza una altura de 3 a 6 m. La madreselva com&uacute;n florece durante todo el verano, de junio a agosto, y es intensamente arom&aacute;tica, sobre todo en las horas de la tarde. Esto hace que la planta trepadora resulte atractiva para muchas polillas, pero tambi&eacute;n para los abejorros y las abejas de lengua larga. A partir de agosto, la planta se adorna con brillantes bayas rojas que son un importante alimento para las aves. Sin embargo, las bayas son ligeramente venenosas para los humanos. Esta especie de madreselva no s&oacute;lo es originaria de Austria, sino que se encuentra en muchos pa&iacute;ses europeos, desde el centro hasta el sur de Europa, pero tambi&eacute;n en el norte, como los pa&iacute;ses escandinavos y las Islas Brit&aacute;nicas.<\/p>\n\n\n\n<p>Algunos ejemplos de otras plantas trepadoras aut&oacute;ctonas de Austria:<\/p>\n\n\n\n<ul class=\"wp-block-list\">\n<li><em>Clematis vitalba:<\/em> barba de viejo \/ alegr&iacute;a del viajero<\/li>\n\n\n\n<li><em>Hedera helix:<\/em> hiedra com&uacute;n<\/li>\n\n\n\n<li><em>Rosa canina<\/em>: rosa canina \/ zarza silvestre<\/li>\n<\/ul>\n<\/div>\n<\/div>\n<\/div><\/div>\n\n<div class=\"inherit-container-width wp-block-group content-box-outer is-layout-constrained wp-block-group-is-layout-constrained\"><div class=\"wp-block-group__inner-container\">\n<div class=\"wp-block-columns content-box-header content-box-header-spain is-layout-flex wp-container-core-columns-is-layout-28f84493 wp-block-columns-is-layout-flex\">\n<div class=\"wp-block-column content-box-header-cols content-box-header-text content-box-header-text-germany is-layout-flow wp-block-column-is-layout-flow\" style=\"flex-basis:75%\">\n<p>ALEMANIA<\/p>\n<\/div>\n\n\n\n<div class=\"wp-block-column content-box-header-cols is-layout-flow wp-block-column-is-layout-flow\" style=\"flex-basis:66.66%\"><\/div>\n<\/div>\n\n\n\n<div class=\"wp-block-columns content-box-body content-box-body-germany is-layout-flex wp-container-core-columns-is-layout-28f84493 wp-block-columns-is-layout-flex\">\n<div class=\"wp-block-column content-box-body-cols content-box-body-image country-box-body-image is-layout-flow wp-block-column-is-layout-flow\" style=\"flex-basis:15%\">\n<figure class=\"wp-block-image aligncenter size-full\"><img loading=\"lazy\" decoding=\"async\" width=\"1000\" height=\"1000\" src=\"https:\/\/greencoolschools.eu\/wp-content\/uploads\/2022\/10\/flag_round_germany.png\" alt=\"\" class=\"wp-image-2391\" srcset=\"https:\/\/greencoolschools.eu\/wp-content\/uploads\/2022\/10\/flag_round_germany.png 1000w, https:\/\/greencoolschools.eu\/wp-content\/uploads\/2022\/10\/flag_round_germany-300x300.png 300w, https:\/\/greencoolschools.eu\/wp-content\/uploads\/2022\/10\/flag_round_germany-150x150.png 150w, https:\/\/greencoolschools.eu\/wp-content\/uploads\/2022\/10\/flag_round_germany-768x768.png 768w\" sizes=\"auto, (max-width: 1000px) 100vw, 1000px\" \/><\/figure>\n<\/div>\n\n\n\n<div class=\"wp-block-column content-box-body-cols content-box-body-text content-box-body-text-germany is-layout-flow wp-block-column-is-layout-flow\" style=\"flex-basis:80%\">\n<p>La <a rel=\"noreferrer noopener\" href=\"https:\/\/de.wikipedia.org\/wiki\/Hundsrose\" target=\"_blank\">rosa canina<\/a> est&aacute; presente en casi toda Europa, pero no en el extremo norte. Con sus flores y frutos de colores, es una aut&eacute;ntica decoraci&oacute;n para las paredes desnudas, y al mismo tiempo una valiosa fuente de alimento, sobre todo para insectos y p&aacute;jaros. La planta es relativamente poco exigente y muy resistente. Crece de 2 a 3 metros de altura; a la sombra tambi&eacute;n puede trepar m&aacute;s alto, como esparcidor. La rosa canina tambi&eacute;n crece vigorosamente en anchura: si no quieres un seto como la Bella Durmiente, hay que recortarla en consecuencia.<\/p>\n<\/div>\n<\/div>\n<\/div><\/div>\n\n<div class=\"inherit-container-width wp-block-group content-box-outer is-layout-constrained wp-block-group-is-layout-constrained\"><div class=\"wp-block-group__inner-container\">\n<div class=\"wp-block-columns content-box-header content-box-header-spain is-layout-flex wp-container-core-columns-is-layout-28f84493 wp-block-columns-is-layout-flex\">\n<div class=\"wp-block-column content-box-header-cols content-box-header-text content-box-header-text-spain is-layout-flow wp-block-column-is-layout-flow\" style=\"flex-basis:75%\">\n<p>ESPA&Ntilde;A<\/p>\n<\/div>\n\n\n\n<div class=\"wp-block-column content-box-header-cols is-layout-flow wp-block-column-is-layout-flow\" style=\"flex-basis:66.66%\"><\/div>\n<\/div>\n\n\n\n<div class=\"wp-block-columns content-box-body content-box-body-spain is-layout-flex wp-container-core-columns-is-layout-28f84493 wp-block-columns-is-layout-flex\">\n<div class=\"wp-block-column content-box-body-cols content-box-body-image country-box-body-image is-layout-flow wp-block-column-is-layout-flow\" style=\"flex-basis:15%\">\n<figure class=\"wp-block-image aligncenter size-full\"><img loading=\"lazy\" decoding=\"async\" width=\"1000\" height=\"1000\" src=\"https:\/\/greencoolschools.eu\/wp-content\/uploads\/2022\/10\/flag_round_spain.png\" alt=\"\" class=\"wp-image-2396\" srcset=\"https:\/\/greencoolschools.eu\/wp-content\/uploads\/2022\/10\/flag_round_spain.png 1000w, https:\/\/greencoolschools.eu\/wp-content\/uploads\/2022\/10\/flag_round_spain-300x300.png 300w, https:\/\/greencoolschools.eu\/wp-content\/uploads\/2022\/10\/flag_round_spain-150x150.png 150w, https:\/\/greencoolschools.eu\/wp-content\/uploads\/2022\/10\/flag_round_spain-768x768.png 768w\" sizes=\"auto, (max-width: 1000px) 100vw, 1000px\" \/><\/figure>\n<\/div>\n\n\n\n<div class=\"wp-block-column content-box-body-cols content-box-body-text content-box-body-text-spain is-layout-flow wp-block-column-is-layout-flow\" style=\"flex-basis:80%\">\n<p>La <em>Rubia peregrina<\/em>, la rubia silvestre com&uacute;n, es una especie de planta herb&aacute;cea liana perenne perteneciente a la familia de las Rubi&aacute;ceas. Es una mala hierba resistente al estr&eacute;s que crece en el bosque y en matorrales, arbustos, setos y a lo largo de las carreteras y caminos, en todo tipo de sustratos, incluso en suelos pedregosos. Prefiere los suelos secos, a una altitud de entre 0 y 1.000 metros sobre el nivel del mar.<\/p>\n\n\n\n<p>El tallo es le&ntilde;oso, sin pelos, cuadrado y trepador y alcanza una media de 50-250 cent&iacute;metros de longitud. Las hojas perennes son s&eacute;siles, brillantes, cori&aacute;ceas, ovaladas-lanceoladas y dentadas en los m&aacute;rgenes. Se disponen en verticilos, normalmente con cinco o m&aacute;s hojas que irradian de un solo nudo. Las peque&ntilde;as flores tienen cinco p&eacute;talos y son de color verde p&aacute;lido amarillento, de unos 5-7 mm de di&aacute;metro, dispuestas en la parte superior de largos tallos. El periodo de <a href=\"https:\/\/greencoolschools.eu\/es\/glossary\/flora\/\" target=\"_self\" title=\"La flora, tambi&eacute;n llamada &ldquo;mundo vegetal&rdquo;, incluye todas las plantas y su h&aacute;bitat.\" class=\"encyclopedia\">flora<\/a>ci&oacute;n dura de abril a junio. Las flores hermafroditas son polinizadas por insectos (entomolog&iacute;a). Los frutos son bayas carnosas de color verde, negras al madurar, de unos 5 mm de di&aacute;metro.<\/p>\n\n\n\n<p>Adem&aacute;s de ser una planta muy com&uacute;n en el encinar cant&aacute;brico, se encuentra en la regi&oacute;n mediterr&aacute;nea, en el Valle del Ebro, Andaluc&iacute;a, Valencia, y pr&aacute;cticamente en cualquier regi&oacute;n donde crezca en matorrales, zarzales, muros y zonas forestales. Fuera de Espa&ntilde;a se encuentra en el sur y el oeste de Europa y Asia, en el norte de &Aacute;frica y en las islas de la Macaronesia.<\/p>\n\n\n\n<p>Algunos ejemplos de otras plantas trepadoras aut&oacute;ctonas del Pa&iacute;s Vasco y Espa&ntilde;a:<\/p>\n\n\n\n<ul class=\"wp-block-list\">\n<li><em>Hedera helix:<\/em> hiedra com&uacute;n<\/li>\n\n\n\n<li><em>Smilax aspera:<\/em> smilax com&uacute;n, correhuela, zarzaparrilla<\/li>\n<\/ul>\n\n\n\n<p>Fuentes:<br><a href=\"https:\/\/floresdeordesa.files.wordpress.com\/2016\/04\/flora_ornamental_06_baja.pdf\">https:\/\/floresdeordesa.files.wordpress.com\/2016\/04\/flora_ornamental_06_baja.pdf<\/a><br><a href=\"https:\/\/www.wikiwand.com\/es\/Rubia_peregrina\">https:\/\/www.wikiwand.com\/es\/Rubia_peregrina<\/a><\/p>\n<\/div>\n<\/div>\n<\/div><\/div>\n\n<h2 class=\"wp-block-heading\">Informaci&oacute;n espec&iacute;fica del pa&iacute;s<\/h2>\n\n<div class=\"inherit-container-width wp-block-group content-box-outer is-layout-constrained wp-block-group-is-layout-constrained\"><div class=\"wp-block-group__inner-container\">\n<div class=\"wp-block-columns content-box-header content-box-header-related is-layout-flex wp-container-core-columns-is-layout-28f84493 wp-block-columns-is-layout-flex\">\n<div class=\"wp-block-column content-box-header-cols content-box-header-text content-box-header-text-related is-layout-flow wp-block-column-is-layout-flow\" style=\"flex-basis:95%\">\n<p>INFORMACI&Oacute;N REGIONAL<\/p>\n<\/div>\n\n\n\n<div class=\"wp-block-column content-box-header-cols is-layout-flow wp-block-column-is-layout-flow\" style=\"flex-basis:5%\"><\/div>\n<\/div>\n\n\n\n<div class=\"wp-block-columns content-box-body content-box-body-related is-layout-flex wp-container-core-columns-is-layout-28f84493 wp-block-columns-is-layout-flex\">\n<div class=\"wp-block-column content-box-body-cols content-box-body-image is-layout-flow wp-block-column-is-layout-flow\" style=\"flex-basis:25%\">\n<figure class=\"wp-block-image size-full\"><img loading=\"lazy\" decoding=\"async\" width=\"133\" height=\"133\" src=\"https:\/\/greencoolschools.eu\/wp-content\/uploads\/2022\/08\/img_info.png\" alt=\"\" class=\"wp-image-437\"><\/figure>\n<\/div>\n\n\n\n<div class=\"wp-block-column content-box-body-cols content-box-body-text content-box-body-text-related is-layout-flow wp-block-column-is-layout-flow\" style=\"flex-basis:66.66%\"><div class=\"ultp-post-grid-block wp-block-ultimate-post-post-list-3 ultp-block-ecb1f6 regional-information-post-list\"><div class=\"ultp-block-wrapper\"><div class=\"ultp-loading\"><div class=\"ultp-loading-blocks\" style=\"width:100%;height:100%;\"><div style=\"left: 0;top: 0;animation-delay:0s;\"><\/div><div style=\"left: 21px;top: 0;animation-delay:0.125s;\"><\/div><div style=\"left: 42px;top: 0;animation-delay:0.25s;\"><\/div><div style=\"left: 0;top: 21px;animation-delay:0.875s;\"><\/div><div style=\"left: 42px;top: 21px;animation-delay:0.375s;\"><\/div><div style=\"left: 0;top: 42px;animation-delay:0.75s;\"><\/div><div style=\"left: 42px;top: 42px;animation-delay:0.625s;\"><\/div><div style=\"left: 21px;top: 42px;animation-delay:0.5s;\"><\/div><\/div><\/div><div class=\"ultp-block-items-wrap ultp-block-row ultp-block-column-1 ultp-block-content-middle ultp-layout1\"><section class=\"ultp-block-item ultp-block-media post-id-6642\"><div class=\"ultp-block-content-wrap\"><div class=\"ultp-block-content\"><h3 class=\"ultp-block-title \"><a href=\"https:\/\/greencoolschools.eu\/es\/jardin-vertical-en-karmelo-ikastetxea\/\">Jardin vertical en Karmelo Ikastetxea<\/a><\/h3><div class=\"ultp-block-excerpt\"><p>Jard&iacute;n vertical natural exterior en el Scientia Karmelo Ikastetxea de San Sebasti&aacute;n Fuente: Diego Jardineria<\/p>\n<\/div><\/div><\/div><\/section><section class=\"ultp-block-item ultp-block-media post-id-6639\"><div class=\"ultp-block-content-wrap\"><div class=\"ultp-block-content\"><h3 class=\"ultp-block-title \"><a href=\"https:\/\/greencoolschools.eu\/es\/jardin-vertical-en-bentades-ikastetxea\/\">Jardin vertical en Bentades Ikastetxea<\/a><\/h3><div class=\"ultp-block-excerpt\"><p>https:\/\/www.euskadi.eus\/web01-a2inghez\/es\/contenidos\/informacion\/ihitza45\/es_def\/gurasoak.html Un jard&iacute;n vertical realizado con material reciclado decora el patio de Bentades Ikastetxea de Mungia. Fuente: Ihitza<\/p>\n<\/div><\/div><\/div><\/section><section class=\"ultp-block-item ultp-block-media post-id-6607\"><div class=\"ultp-block-content-wrap\"><div class=\"ultp-block-content\"><h3 class=\"ultp-block-title \"><a href=\"https:\/\/greencoolschools.eu\/es\/jardin-vertical-colegio-san-francisco-javier-santurtzi\/\">Jard&iacute;n vertical Colegio San Francisco Javier Santurtzi<\/a><\/h3><div class=\"ultp-block-excerpt\"><p>Creaci&oacute;n de un jard&iacute;n vertical con materiales reciclados por parte de los alumnos de 2&ordm; ESO del colegio San Francisco&hellip;<\/p>\n<\/div><\/div><\/div><\/section><section class=\"ultp-block-item ultp-block-media post-id-6604\"><div class=\"ultp-block-content-wrap\"><div class=\"ultp-block-content\"><h3 class=\"ultp-block-title \"><a href=\"https:\/\/greencoolschools.eu\/es\/jardin-vertical-del-colegio-de-guamasa\/\">Jard&iacute;n vertical del Colegio de Guamasa<\/a><\/h3><div class=\"ultp-block-excerpt\"><p>Proyecto &laquo;Jard&iacute;n vertical&raquo; del alumnado de 6&ordm; del Colegio de Guamasa Fuente: Andrea M&ordf; Su&aacute;rez Paz<\/p>\n<\/div><\/div><\/div><\/section><section class=\"ultp-block-item ultp-block-media post-id-6601\"><div class=\"ultp-block-content-wrap\"><div class=\"ultp-block-content\"><h3 class=\"ultp-block-title \"><a href=\"https:\/\/greencoolschools.eu\/es\/jardin-vertical-del-colegio-e-i-el-faro-algeciras\/\">Jardin Vertical del colegio E.I. El Faro (Algeciras)<\/a><\/h3><div class=\"ultp-block-excerpt\"><p>El colegio de Educaci&oacute;n Infantil crea su Rinc&oacute;n Verde, con la construcci&oacute;n de un Jard&iacute;n Vertical, con la participaci&oacute;n de&hellip;<\/p>\n<\/div><\/div><\/div><\/section><section class=\"ultp-block-item ultp-block-media post-id-6598\"><div class=\"ultp-block-content-wrap\"><div class=\"ultp-block-content\"><h3 class=\"ultp-block-title \"><a href=\"https:\/\/greencoolschools.eu\/es\/jardin-vertical-colegio-leopoldo-calvo-sotelo\/\">Jardin Vertical Colegio Leopoldo Calvo Sotelo<\/a><\/h3><div class=\"ultp-block-excerpt\"><p>Jard&iacute;n vertical realizado con alumnos y profesoras de 3&ordm; de primaria, como ejercicio de Educaci&oacute;n ambiental Fuente: Arte y Jardiner&iacute;a<\/p>\n<\/div><\/div><\/div><\/section><\/div><\/div><div class=\"pagination-block-html\" aria-hidden=\"true\" style=\"display: none;\"><\/div><\/div><\/div>\n<\/div>\n<\/div><\/div>\n","protected":false},"excerpt":{"rendered":"<p>Informaci\u00f3n regional: Reverdecimiento vertical Asuntos relacionados en otros pa\u00edses Plantas trepadoras aut\u00f3ctonas El uso de plantas aut\u00f3ctonas tiene muchas ventajas. Por su evoluci\u00f3n ligada al lugar, se adaptan muy bien a las condiciones clim\u00e1ticas locales y a las caracter\u00edsticas del suelo. Como resultado, suelen ser m\u00e1s robustas, m\u00e1s f\u00e1ciles de cuidar y m\u00e1s resistentes a [&hellip;]<\/p>\n","protected":false},"author":1,"featured_media":0,"parent":2701,"menu_order":990,"comment_status":"closed","ping_status":"closed","template":"","meta":{"site-sidebar-layout":"default","site-content-layout":"","ast-site-content-layout":"default","site-content-style":"default","site-sidebar-style":"default","ast-global-header-display":"","ast-banner-title-visibility":"","ast-main-header-display":"","ast-hfb-above-header-display":"","ast-hfb-below-header-display":"","ast-hfb-mobile-header-display":"","site-post-title":"","ast-breadcrumbs-content":"","ast-featured-img":"","footer-sml-layout":"","ast-disable-related-posts":"","theme-transparent-header-meta":"","adv-header-id-meta":"","stick-header-meta":"","header-above-stick-meta":"","header-main-stick-meta":"","header-below-stick-meta":"","astra-migrate-meta-layouts":"default","ast-page-background-enabled":"default","ast-page-background-meta":{"desktop":{"background-color":"var(--ast-global-color-4)","background-image":"","background-repeat":"repeat","background-position":"center center","background-size":"auto","background-attachment":"scroll","background-type":"","background-media":"","overlay-type":"","overlay-color":"","overlay-opacity":"","overlay-gradient":""},"tablet":{"background-color":"","background-image":"","background-repeat":"repeat","background-position":"center center","background-size":"auto","background-attachment":"scroll","background-type":"","background-media":"","overlay-type":"","overlay-color":"","overlay-opacity":"","overlay-gradient":""},"mobile":{"background-color":"","background-image":"","background-repeat":"repeat","background-position":"center center","background-size":"auto","background-attachment":"scroll","background-type":"","background-media":"","overlay-type":"","overlay-color":"","overlay-opacity":"","overlay-gradient":""}},"ast-content-background-meta":{"desktop":{"background-color":"var(--ast-global-color-5)","background-image":"","background-repeat":"repeat","background-position":"center center","background-size":"auto","background-attachment":"scroll","background-type":"","background-media":"","overlay-type":"","overlay-color":"","overlay-opacity":"","overlay-gradient":""},"tablet":{"background-color":"var(--ast-global-color-5)","background-image":"","background-repeat":"repeat","background-position":"center center","background-size":"auto","background-attachment":"scroll","background-type":"","background-media":"","overlay-type":"","overlay-color":"","overlay-opacity":"","overlay-gradient":""},"mobile":{"background-color":"var(--ast-global-color-5)","background-image":"","background-repeat":"repeat","background-position":"center center","background-size":"auto","background-attachment":"scroll","background-type":"","background-media":"","overlay-type":"","overlay-color":"","overlay-opacity":"","overlay-gradient":""}},"footnotes":""},"categories":[113],"tags":[71],"language":[64],"agegroup":[],"material":[],"topic":[],"folder":[57],"class_list":["post-3881","page","type-page","status-publish","hentry","category-regional-information-es-2","tag-vertical-greening","language-english"],"_links":{"self":[{"href":"https:\/\/greencoolschools.eu\/es\/wp-json\/wp\/v2\/pages\/3881","targetHints":{"allow":["GET"]}}],"collection":[{"href":"https:\/\/greencoolschools.eu\/es\/wp-json\/wp\/v2\/pages"}],"about":[{"href":"https:\/\/greencoolschools.eu\/es\/wp-json\/wp\/v2\/types\/page"}],"author":[{"embeddable":true,"href":"https:\/\/greencoolschools.eu\/es\/wp-json\/wp\/v2\/users\/1"}],"replies":[{"embeddable":true,"href":"https:\/\/greencoolschools.eu\/es\/wp-json\/wp\/v2\/comments?post=3881"}],"version-history":[{"count":0,"href":"https:\/\/greencoolschools.eu\/es\/wp-json\/wp\/v2\/pages\/3881\/revisions"}],"up":[{"embeddable":true,"href":"https:\/\/greencoolschools.eu\/es\/wp-json\/wp\/v2\/pages\/2701"}],"wp:attachment":[{"href":"https:\/\/greencoolschools.eu\/es\/wp-json\/wp\/v2\/media?parent=3881"}],"wp:term":[{"taxonomy":"category","embeddable":true,"href":"https:\/\/greencoolschools.eu\/es\/wp-json\/wp\/v2\/categories?post=3881"},{"taxonomy":"post_tag","embeddable":true,"href":"https:\/\/greencoolschools.eu\/es\/wp-json\/wp\/v2\/tags?post=3881"},{"taxonomy":"language","embeddable":true,"href":"https:\/\/greencoolschools.eu\/es\/wp-json\/wp\/v2\/language?post=3881"},{"taxonomy":"agegroup","embeddable":true,"href":"https:\/\/greencoolschools.eu\/es\/wp-json\/wp\/v2\/agegroup?post=3881"},{"taxonomy":"material","embeddable":true,"href":"https:\/\/greencoolschools.eu\/es\/wp-json\/wp\/v2\/material?post=3881"},{"taxonomy":"topic","embeddable":true,"href":"https:\/\/greencoolschools.eu\/es\/wp-json\/wp\/v2\/topic?post=3881"},{"taxonomy":"folder","embeddable":true,"href":"https:\/\/greencoolschools.eu\/es\/wp-json\/wp\/v2\/folder?post=3881"}],"curies":[{"name":"wp","href":"https:\/\/api.w.org\/{rel}","templated":true}]}}