{"id":3879,"date":"2022-10-04T06:01:46","date_gmt":"2022-10-04T04:01:46","guid":{"rendered":"https:\/\/greencoolschools.eu\/temas\/efectos-positivos-de-las-plantas\/informacion-regional-efectos-positivos-de-las-plantas\/"},"modified":"2026-01-19T12:40:04","modified_gmt":"2026-01-19T11:40:04","slug":"informacion-regional-efectos-positivos-de-las-plantas","status":"publish","type":"page","link":"https:\/\/greencoolschools.eu\/es\/temas\/efectos-positivos-de-las-plantas\/informacion-regional-efectos-positivos-de-las-plantas\/","title":{"rendered":"Informaci\u00f3n regional: Efectos positivos de las plantas"},"content":{"rendered":"\n<div class=\"inherit-container-width wp-block-group content-box-intro-outer content-type-regional is-layout-constrained wp-block-group-is-layout-constrained\"><div class=\"wp-block-group__inner-container\">\n<h1 class=\"wp-block-heading\">Informaci&oacute;n regional: Efectos positivos de las plantas<\/h1>\n<\/div><\/div>\n\n<h2 class=\"wp-block-heading\">Asuntos relacionados en otros pa&iacute;ses<\/h2>\n\n<div class=\"inherit-container-width wp-block-group content-box-outer is-layout-constrained wp-block-group-is-layout-constrained\"><div class=\"wp-block-group__inner-container\">\n<div class=\"wp-block-columns content-box-header content-box-header-austria is-layout-flex wp-container-core-columns-is-layout-28f84493 wp-block-columns-is-layout-flex\">\n<div class=\"wp-block-column content-box-header-cols content-box-header-text content-box-header-text-austria is-layout-flow wp-block-column-is-layout-flow\" style=\"flex-basis:75%\">\n<p>AUSTRIA<\/p>\n<\/div>\n\n\n\n<div class=\"wp-block-column content-box-header-cols is-layout-flow wp-block-column-is-layout-flow\" style=\"flex-basis:66.66%\"><\/div>\n<\/div>\n\n\n\n<div class=\"wp-block-columns content-box-body content-box-body-spain is-layout-flex wp-container-core-columns-is-layout-28f84493 wp-block-columns-is-layout-flex\">\n<div class=\"wp-block-column content-box-body-cols content-box-body-image country-box-body-image is-layout-flow wp-block-column-is-layout-flow\" style=\"flex-basis:15%\">\n<figure class=\"wp-block-image size-full\"><img loading=\"lazy\" decoding=\"async\" width=\"1000\" height=\"1000\" src=\"https:\/\/greencoolschools.eu\/wp-content\/uploads\/2022\/10\/flag_round_austria.png\" alt=\"\" class=\"wp-image-2381\" srcset=\"https:\/\/greencoolschools.eu\/wp-content\/uploads\/2022\/10\/flag_round_austria.png 1000w, https:\/\/greencoolschools.eu\/wp-content\/uploads\/2022\/10\/flag_round_austria-300x300.png 300w, https:\/\/greencoolschools.eu\/wp-content\/uploads\/2022\/10\/flag_round_austria-150x150.png 150w, https:\/\/greencoolschools.eu\/wp-content\/uploads\/2022\/10\/flag_round_austria-768x768.png 768w\" sizes=\"auto, (max-width: 1000px) 100vw, 1000px\" \/><\/figure>\n<\/div>\n\n\n\n<div class=\"wp-block-column content-box-body-cols content-box-body-text content-box-body-text-austria is-layout-flow wp-block-column-is-layout-flow\" style=\"flex-basis:80%\">\n<p>Se han implantado con &eacute;xito diversos planes de ecologizaci&oacute;n de escuelas, tanto en el interior como en el exterior, en el marco de proyectos como <a href=\"https:\/\/www.b-nk.at\/gruenezukunftschulen\/\">GR&Uuml;NEzukunftSCHULEN<\/a> en Austria. Adem&aacute;s, se han elaborado directrices para el mantenimiento de zonas verdes en las escuelas, modelos de financiaci&oacute;n, material did&aacute;ctico y manuales de construcci&oacute;n.<\/p>\n\n\n\n<p>El objetivo es mejorar la calidad de la estancia en los edificios escolares, donde los ni&ntilde;os y j&oacute;venes pasan la mayor parte de sus d&iacute;as, as&iacute; como la usabilidad de los espacios abiertos de las escuelas, con el fin de crear un buen ambiente de ense&ntilde;anza y aprendizaje. Los diferentes tipos de vegetaci&oacute;n van desde camas elevadas y jardines de hortalizas y aperitivos, hasta <a href=\"https:\/\/greencoolschools.eu\/es\/glossary\/pergola\/\" target=\"_self\" title='Originalmente, una \"p&eacute;rgola\" era una protecci&oacute;n solar apoyada sobre columnas o pilares, que adornaban el camino de la casa a la terraza. Hoy en d&iacute;a, estas marquesinas se colocan en todas las variantes posibles en diferentes lugares como protecci&oacute;n solar. Por lo general, est&aacute;n cubiertos de plantas trepadoras.' class=\"encyclopedia\">p&eacute;rgola<\/a>s verdes y muros verdes verticales en interiores y exteriores. Consulta las im&aacute;genes para ver un ejemplo.<\/p>\n\n\n\n<p>La planificaci&oacute;n conjunta, la realizaci&oacute;n y el mantenimiento de zonas verdes en las escuelas permite tender un puente con las materias te&oacute;ricas impartidas y conectarlas en el sentido de un conocimiento activo y comprensible.<\/p>\n\n\n\n<p>La experiencia demuestra que el compromiso de la direcci&oacute;n del centro y de los profesores es esencial para el &eacute;xito y la sostenibilidad de la ecologizaci&oacute;n de los centros escolares y, por tanto, para una &laquo;ecologizaci&oacute;n&raquo; duradera. Los alumnos tambi&eacute;n desempe&ntilde;an un papel fundamental. Implicarles ya en la fase de planificaci&oacute;n y ejecuci&oacute;n les motiva a apoyar el mantenimiento y a llevarse los efectos y experiencias positivas a su entorno personal.<\/p>\n<\/div>\n<\/div>\n<\/div><\/div>\n\n<div class=\"inherit-container-width wp-block-group content-box-outer is-layout-constrained wp-block-group-is-layout-constrained\"><div class=\"wp-block-group__inner-container\">\n<div class=\"wp-block-columns content-box-header content-box-header-spain is-layout-flex wp-container-core-columns-is-layout-28f84493 wp-block-columns-is-layout-flex\">\n<div class=\"wp-block-column content-box-header-cols content-box-header-text content-box-header-text-germany is-layout-flow wp-block-column-is-layout-flow\" style=\"flex-basis:75%\">\n<p>ALEMANIA<\/p>\n<\/div>\n\n\n\n<div class=\"wp-block-column content-box-header-cols is-layout-flow wp-block-column-is-layout-flow\" style=\"flex-basis:66.66%\"><\/div>\n<\/div>\n\n\n\n<div class=\"wp-block-columns content-box-body content-box-body-germany is-layout-flex wp-container-core-columns-is-layout-28f84493 wp-block-columns-is-layout-flex\">\n<div class=\"wp-block-column content-box-body-cols content-box-body-image country-box-body-image is-layout-flow wp-block-column-is-layout-flow\" style=\"flex-basis:15%\">\n<figure class=\"wp-block-image aligncenter size-full\"><img loading=\"lazy\" decoding=\"async\" width=\"1000\" height=\"1000\" src=\"https:\/\/greencoolschools.eu\/wp-content\/uploads\/2022\/10\/flag_round_germany.png\" alt=\"\" class=\"wp-image-2391\" srcset=\"https:\/\/greencoolschools.eu\/wp-content\/uploads\/2022\/10\/flag_round_germany.png 1000w, https:\/\/greencoolschools.eu\/wp-content\/uploads\/2022\/10\/flag_round_germany-300x300.png 300w, https:\/\/greencoolschools.eu\/wp-content\/uploads\/2022\/10\/flag_round_germany-150x150.png 150w, https:\/\/greencoolschools.eu\/wp-content\/uploads\/2022\/10\/flag_round_germany-768x768.png 768w\" sizes=\"auto, (max-width: 1000px) 100vw, 1000px\" \/><\/figure>\n<\/div>\n\n\n\n<div class=\"wp-block-column content-box-body-cols content-box-body-text content-box-body-text-germany is-layout-flow wp-block-column-is-layout-flow\" style=\"flex-basis:80%\">\n<p>Texto aqu&iacute;<\/p>\n<\/div>\n<\/div>\n<\/div><\/div>\n\n<div class=\"inherit-container-width wp-block-group content-box-outer is-layout-constrained wp-block-group-is-layout-constrained\"><div class=\"wp-block-group__inner-container\">\n<div class=\"wp-block-columns content-box-header content-box-header-spain is-layout-flex wp-container-core-columns-is-layout-28f84493 wp-block-columns-is-layout-flex\">\n<div class=\"wp-block-column content-box-header-cols content-box-header-text content-box-header-text-spain is-layout-flow wp-block-column-is-layout-flow\" style=\"flex-basis:75%\">\n<p>ESPA&Ntilde;A<\/p>\n<\/div>\n\n\n\n<div class=\"wp-block-column content-box-header-cols is-layout-flow wp-block-column-is-layout-flow\" style=\"flex-basis:66.66%\"><\/div>\n<\/div>\n\n\n\n<div class=\"wp-block-columns content-box-body content-box-body-spain is-layout-flex wp-container-core-columns-is-layout-28f84493 wp-block-columns-is-layout-flex\">\n<div class=\"wp-block-column content-box-body-cols content-box-body-image country-box-body-image is-layout-flow wp-block-column-is-layout-flow\" style=\"flex-basis:15%\">\n<figure class=\"wp-block-image aligncenter size-full\"><img loading=\"lazy\" decoding=\"async\" width=\"1000\" height=\"1000\" src=\"https:\/\/greencoolschools.eu\/wp-content\/uploads\/2022\/10\/flag_round_spain.png\" alt=\"\" class=\"wp-image-2396\" srcset=\"https:\/\/greencoolschools.eu\/wp-content\/uploads\/2022\/10\/flag_round_spain.png 1000w, https:\/\/greencoolschools.eu\/wp-content\/uploads\/2022\/10\/flag_round_spain-300x300.png 300w, https:\/\/greencoolschools.eu\/wp-content\/uploads\/2022\/10\/flag_round_spain-150x150.png 150w, https:\/\/greencoolschools.eu\/wp-content\/uploads\/2022\/10\/flag_round_spain-768x768.png 768w\" sizes=\"auto, (max-width: 1000px) 100vw, 1000px\" \/><\/figure>\n<\/div>\n\n\n\n<div class=\"wp-block-column content-box-body-cols content-box-body-text content-box-body-text-spain is-layout-flow wp-block-column-is-layout-flow\" style=\"flex-basis:80%\">\n<p>En Espa&ntilde;a, cada vez m&aacute;s escuelas est&aacute;n transformando sus patios.<br>A menudo, las escuelas son lugares hostiles, sin apenas naturaleza. En estos entornos, cualquier peque&ntilde;a intervenci&oacute;n, como plantar un &aacute;rbol o crear un peque&ntilde;o huerto, puede aportar un toque de naturaleza cumpliendo funciones esenciales, como producir ox&iacute;geno, absorber part&iacute;culas contaminantes, mejorar el drenaje del agua o mejorar el paisaje.<br>El CSIC ha publicado una gu&iacute;a para el reverdecimiento escolar a trav&eacute;s de un proyecto educativo que pretende contribuir a la mejora de los centros escolares mediante la creaci&oacute;n de un huerto sostenible y educativo que implique la participaci&oacute;n de los alumnos y del resto de la comunidad educativa.<br>Este proyecto se lleva a cabo a trav&eacute;s de las sesiones did&aacute;cticas descritas en la gu&iacute;a. Cada sesi&oacute;n incluye contenidos y actividades te&oacute;rico-pr&aacute;cticas para desarrollar junto con los alumnos.<br>El orden cronol&oacute;gico de las sesiones es el mismo que el utilizado para la creaci&oacute;n de un huerto. El primer paso es planificar. Esto implica observar el espacio de forma cr&iacute;tica y hacer una reflexi&oacute;n conjunta sobre &eacute;l. Tras este paso, podemos decidir qu&eacute; zonas queremos reverdecer. Es hora de trabajar sobre los elementos fundamentales para la vida de las plantas: el suelo y el agua. Posteriormente, es el momento de la selecci&oacute;n de especies adaptadas a nuestro clima (en general, mediterr&aacute;neo) y de su plantaci&oacute;n. Por &uacute;ltimo, trabajaremos sobre la vida animal que aparece tras la creaci&oacute;n de un jard&iacute;n sostenible, la biodiversidad de insectos y aves que aparecen en el nuevo espacio. Por &uacute;ltimo, se proponen una serie de actividades educativas que ayudar&aacute;n no s&oacute;lo al mantenimiento del jard&iacute;n, sino tambi&eacute;n a reforzar el v&iacute;nculo de los alumnos hacia el nuevo espacio creado.<br>Todas las sesiones did&aacute;cticas pueden integrarse en el curr&iacute;culo de Primaria y Secundaria, respectivamente.<\/p>\n\n\n\n<p>Fuente: <a href=\"http:\/\/libros.csic.es\/product_info.php?products_id=1637%20\">http: <\/a>\/\/libros.csic.es\/product_info.php?products_id=1637 <\/p>\n<\/div>\n<\/div>\n<\/div><\/div>\n\n<h2 class=\"wp-block-heading\">Informaci&oacute;n espec&iacute;fica del pa&iacute;s<\/h2>\n\n<div class=\"inherit-container-width wp-block-group content-box-outer is-layout-constrained wp-block-group-is-layout-constrained\"><div class=\"wp-block-group__inner-container\">\n<div class=\"wp-block-columns content-box-header content-box-header-related is-layout-flex wp-container-core-columns-is-layout-28f84493 wp-block-columns-is-layout-flex\">\n<div class=\"wp-block-column content-box-header-cols content-box-header-text content-box-header-text-related is-layout-flow wp-block-column-is-layout-flow\" style=\"flex-basis:95%\">\n<p>INFORMACI&Oacute;N REGIONAL<\/p>\n<\/div>\n\n\n\n<div class=\"wp-block-column content-box-header-cols is-layout-flow wp-block-column-is-layout-flow\" style=\"flex-basis:5%\"><\/div>\n<\/div>\n\n\n\n<div class=\"wp-block-columns content-box-body content-box-body-related is-layout-flex wp-container-core-columns-is-layout-28f84493 wp-block-columns-is-layout-flex\">\n<div class=\"wp-block-column content-box-body-cols content-box-body-image is-layout-flow wp-block-column-is-layout-flow\" style=\"flex-basis:25%\">\n<figure class=\"wp-block-image size-full\"><img loading=\"lazy\" decoding=\"async\" width=\"133\" height=\"133\" src=\"https:\/\/greencoolschools.eu\/wp-content\/uploads\/2022\/08\/img_info.png\" alt=\"\" class=\"wp-image-437\"><\/figure>\n<\/div>\n\n\n\n<div class=\"wp-block-column content-box-body-cols content-box-body-text content-box-body-text-related is-layout-flow wp-block-column-is-layout-flow\" style=\"flex-basis:66.66%\"><div class=\"ultp-post-grid-block wp-block-ultimate-post-post-list-3 ultp-block-5b002c regional-information-post-list\"><div class=\"ultp-block-wrapper\"><div class=\"ultp-loading\"><div class=\"ultp-loading-blocks\" style=\"width:100%;height:100%;\"><div style=\"left: 0;top: 0;animation-delay:0s;\"><\/div><div style=\"left: 21px;top: 0;animation-delay:0.125s;\"><\/div><div style=\"left: 42px;top: 0;animation-delay:0.25s;\"><\/div><div style=\"left: 0;top: 21px;animation-delay:0.875s;\"><\/div><div style=\"left: 42px;top: 21px;animation-delay:0.375s;\"><\/div><div style=\"left: 0;top: 42px;animation-delay:0.75s;\"><\/div><div style=\"left: 42px;top: 42px;animation-delay:0.625s;\"><\/div><div style=\"left: 21px;top: 42px;animation-delay:0.5s;\"><\/div><\/div><\/div><div class=\"ultp-block-items-wrap ultp-block-row ultp-block-column-1 ultp-block-content-middle ultp-layout1\"><section class=\"ultp-block-item ultp-block-media post-id-6591\"><div class=\"ultp-block-content-wrap\"><div class=\"ultp-block-content\"><h3 class=\"ultp-block-title \"><a href=\"https:\/\/greencoolschools.eu\/es\/video-sobre-reverdecer-la-escuela\/\">Video sobre Reverdecer la escuela<\/a><\/h3><div class=\"ultp-block-excerpt\"><p>Reverdecer, re-naturalizar, tener un rinc&oacute;n de naturaleza en el centro educativo es fundamental para mejorar la (re)conexi&oacute;n con la naturaleza&hellip;<\/p>\n<\/div><\/div><\/div><\/section><\/div><\/div><div class=\"pagination-block-html\" aria-hidden=\"true\" style=\"display: none;\"><\/div><\/div><\/div>\n<\/div>\n<\/div><\/div>\n","protected":false},"excerpt":{"rendered":"<p>Informaci\u00f3n regional: Efectos positivos de las plantas Asuntos relacionados en otros pa\u00edses AUSTRIA Se han implantado con \u00e9xito diversos planes de ecologizaci\u00f3n de escuelas, tanto en el interior como en el exterior, en el marco de proyectos como GR\u00dcNEzukunftSCHULEN en Austria. Adem\u00e1s, se han elaborado directrices para el mantenimiento de zonas verdes en las escuelas, [&hellip;]<\/p>\n","protected":false},"author":1,"featured_media":0,"parent":3005,"menu_order":990,"comment_status":"closed","ping_status":"closed","template":"","meta":{"site-sidebar-layout":"default","site-content-layout":"","ast-site-content-layout":"default","site-content-style":"default","site-sidebar-style":"default","ast-global-header-display":"","ast-banner-title-visibility":"","ast-main-header-display":"","ast-hfb-above-header-display":"","ast-hfb-below-header-display":"","ast-hfb-mobile-header-display":"","site-post-title":"","ast-breadcrumbs-content":"","ast-featured-img":"","footer-sml-layout":"","ast-disable-related-posts":"","theme-transparent-header-meta":"","adv-header-id-meta":"","stick-header-meta":"","header-above-stick-meta":"","header-main-stick-meta":"","header-below-stick-meta":"","astra-migrate-meta-layouts":"default","ast-page-background-enabled":"default","ast-page-background-meta":{"desktop":{"background-color":"var(--ast-global-color-4)","background-image":"","background-repeat":"repeat","background-position":"center center","background-size":"auto","background-attachment":"scroll","background-type":"","background-media":"","overlay-type":"","overlay-color":"","overlay-opacity":"","overlay-gradient":""},"tablet":{"background-color":"","background-image":"","background-repeat":"repeat","background-position":"center center","background-size":"auto","background-attachment":"scroll","background-type":"","background-media":"","overlay-type":"","overlay-color":"","overlay-opacity":"","overlay-gradient":""},"mobile":{"background-color":"","background-image":"","background-repeat":"repeat","background-position":"center center","background-size":"auto","background-attachment":"scroll","background-type":"","background-media":"","overlay-type":"","overlay-color":"","overlay-opacity":"","overlay-gradient":""}},"ast-content-background-meta":{"desktop":{"background-color":"var(--ast-global-color-5)","background-image":"","background-repeat":"repeat","background-position":"center center","background-size":"auto","background-attachment":"scroll","background-type":"","background-media":"","overlay-type":"","overlay-color":"","overlay-opacity":"","overlay-gradient":""},"tablet":{"background-color":"var(--ast-global-color-5)","background-image":"","background-repeat":"repeat","background-position":"center center","background-size":"auto","background-attachment":"scroll","background-type":"","background-media":"","overlay-type":"","overlay-color":"","overlay-opacity":"","overlay-gradient":""},"mobile":{"background-color":"var(--ast-global-color-5)","background-image":"","background-repeat":"repeat","background-position":"center center","background-size":"auto","background-attachment":"scroll","background-type":"","background-media":"","overlay-type":"","overlay-color":"","overlay-opacity":"","overlay-gradient":""}},"footnotes":""},"categories":[113],"tags":[70],"language":[64],"agegroup":[],"material":[],"topic":[],"folder":[60],"class_list":["post-3879","page","type-page","status-publish","hentry","category-regional-information-es-2","tag-positive-effects-of-plants","language-english"],"_links":{"self":[{"href":"https:\/\/greencoolschools.eu\/es\/wp-json\/wp\/v2\/pages\/3879","targetHints":{"allow":["GET"]}}],"collection":[{"href":"https:\/\/greencoolschools.eu\/es\/wp-json\/wp\/v2\/pages"}],"about":[{"href":"https:\/\/greencoolschools.eu\/es\/wp-json\/wp\/v2\/types\/page"}],"author":[{"embeddable":true,"href":"https:\/\/greencoolschools.eu\/es\/wp-json\/wp\/v2\/users\/1"}],"replies":[{"embeddable":true,"href":"https:\/\/greencoolschools.eu\/es\/wp-json\/wp\/v2\/comments?post=3879"}],"version-history":[{"count":0,"href":"https:\/\/greencoolschools.eu\/es\/wp-json\/wp\/v2\/pages\/3879\/revisions"}],"up":[{"embeddable":true,"href":"https:\/\/greencoolschools.eu\/es\/wp-json\/wp\/v2\/pages\/3005"}],"wp:attachment":[{"href":"https:\/\/greencoolschools.eu\/es\/wp-json\/wp\/v2\/media?parent=3879"}],"wp:term":[{"taxonomy":"category","embeddable":true,"href":"https:\/\/greencoolschools.eu\/es\/wp-json\/wp\/v2\/categories?post=3879"},{"taxonomy":"post_tag","embeddable":true,"href":"https:\/\/greencoolschools.eu\/es\/wp-json\/wp\/v2\/tags?post=3879"},{"taxonomy":"language","embeddable":true,"href":"https:\/\/greencoolschools.eu\/es\/wp-json\/wp\/v2\/language?post=3879"},{"taxonomy":"agegroup","embeddable":true,"href":"https:\/\/greencoolschools.eu\/es\/wp-json\/wp\/v2\/agegroup?post=3879"},{"taxonomy":"material","embeddable":true,"href":"https:\/\/greencoolschools.eu\/es\/wp-json\/wp\/v2\/material?post=3879"},{"taxonomy":"topic","embeddable":true,"href":"https:\/\/greencoolschools.eu\/es\/wp-json\/wp\/v2\/topic?post=3879"},{"taxonomy":"folder","embeddable":true,"href":"https:\/\/greencoolschools.eu\/es\/wp-json\/wp\/v2\/folder?post=3879"}],"curies":[{"name":"wp","href":"https:\/\/api.w.org\/{rel}","templated":true}]}}