{"id":3873,"date":"2022-10-04T05:57:22","date_gmt":"2022-10-04T03:57:22","guid":{"rendered":"https:\/\/greencoolschools.eu\/temas\/islas-de-calor\/informacion-regional-islas-de-calor\/"},"modified":"2026-01-19T12:35:43","modified_gmt":"2026-01-19T11:35:43","slug":"informacion-regional-islas-de-calor","status":"publish","type":"page","link":"https:\/\/greencoolschools.eu\/es\/temas\/islas-de-calor\/informacion-regional-islas-de-calor\/","title":{"rendered":"Informaci\u00f3n regional: Islas de calor"},"content":{"rendered":"\n<div class=\"inherit-container-width wp-block-group content-box-intro-outer content-type-regional is-layout-constrained wp-block-group-is-layout-constrained\"><div class=\"wp-block-group__inner-container\">\n<h1 class=\"wp-block-heading\">Informaci&oacute;n regional: Islas de calor<\/h1>\n<\/div><\/div>\n\n<h2 class=\"wp-block-heading\">Asuntos relacionados en otros pa&iacute;ses<\/h2>\n\n<h3 class=\"wp-block-heading\">Islas de calor urbanas &ndash; una comparaci&oacute;n<\/h3>\n\n<p>El efecto de isla de calor urbana se refiere a las temperaturas m&aacute;s altas en la ciudad con un enfriamiento comparativamente menor por la noche. Esto se debe a la elevada proporci&oacute;n de superficies selladas, al denso desarrollo de los edificios y a la limitaci&oacute;n de los espacios verdes y la vegetaci&oacute;n. Por lo tanto, las olas de calor son un problema importante, especialmente para las ciudades (v&eacute;ase tambi&eacute;n: islas de calor).<br>&iquest;D&oacute;nde podemos encontrar las regiones m&aacute;s c&aacute;lidas y las islas de calor urbanas en diferentes pa&iacute;ses? Aqu&iacute; presentamos los focos de calor de algunos pa&iacute;ses.<br>Consejo: Compara los ejemplos de la lista con tus alumnos y deja que establezcan una conexi&oacute;n con su propia regi&oacute;n y las ciudades de la regi&oacute;n. &iquest;Han cambiado las temperaturas de su ciudad o regi&oacute;n en las &uacute;ltimas d&eacute;cadas? Haz que los alumnos investiguen un poco.<\/p>\n\n<div class=\"inherit-container-width wp-block-group content-box-outer is-layout-constrained wp-block-group-is-layout-constrained\"><div class=\"wp-block-group__inner-container\">\n<div class=\"wp-block-columns content-box-header content-box-header-austria is-layout-flex wp-container-core-columns-is-layout-28f84493 wp-block-columns-is-layout-flex\">\n<div class=\"wp-block-column content-box-header-cols content-box-header-text content-box-header-text-austria is-layout-flow wp-block-column-is-layout-flow\" style=\"flex-basis:75%\">\n<p>AUSTRIA<\/p>\n<\/div>\n\n\n\n<div class=\"wp-block-column content-box-header-cols is-layout-flow wp-block-column-is-layout-flow\" style=\"flex-basis:66.66%\"><\/div>\n<\/div>\n\n\n\n<div class=\"wp-block-columns content-box-body content-box-body-spain is-layout-flex wp-container-core-columns-is-layout-28f84493 wp-block-columns-is-layout-flex\">\n<div class=\"wp-block-column content-box-body-cols content-box-body-image country-box-body-image is-layout-flow wp-block-column-is-layout-flow\" style=\"flex-basis:15%\">\n<figure class=\"wp-block-image aligncenter size-full\"><img loading=\"lazy\" decoding=\"async\" width=\"1000\" height=\"1000\" src=\"https:\/\/greencoolschools.eu\/wp-content\/uploads\/2022\/10\/flag_round_austria.png\" alt=\"\" class=\"wp-image-2381\" srcset=\"https:\/\/greencoolschools.eu\/wp-content\/uploads\/2022\/10\/flag_round_austria.png 1000w, https:\/\/greencoolschools.eu\/wp-content\/uploads\/2022\/10\/flag_round_austria-300x300.png 300w, https:\/\/greencoolschools.eu\/wp-content\/uploads\/2022\/10\/flag_round_austria-150x150.png 150w, https:\/\/greencoolschools.eu\/wp-content\/uploads\/2022\/10\/flag_round_austria-768x768.png 768w\" sizes=\"auto, (max-width: 1000px) 100vw, 1000px\" \/><\/figure>\n<\/div>\n\n\n\n<div class=\"wp-block-column content-box-body-cols content-box-body-text content-box-body-text-austria is-layout-flow wp-block-column-is-layout-flow\" style=\"flex-basis:80%\">\n<p>En Austria, las temperaturas m&aacute;s c&aacute;lidas suelen medirse en la parte oriental, hacia la frontera con Hungr&iacute;a y la Llanura Pan&oacute;nica. Las ciudades m&aacute;s c&aacute;lidas de Austria son Eisenstadt y Viena. Junto con Graz, estas ciudades tambi&eacute;n registran el mayor n&uacute;mero de d&iacute;as de verano y de d&iacute;as tropicales. Los d&iacute;as de verano son aquellos en los que la temperatura m&aacute;xima es de al menos 25 grados cent&iacute;grados, y a partir de al menos 30 grados cent&iacute;grados se consideran d&iacute;as tropicales. As&iacute;, en 2021 se registraron m&aacute;s de 80 d&iacute;as de verano y 24 d&iacute;as tropicales en las ciudades de Eisenstadt, Viena y Graz. La media anual, que es la temperatura media de todo el a&ntilde;o, fue de 11,2 grados en Eisenstadt y de 11,1 grados en Viena, con m&aacute;s de 12 grados en el centro de Viena en 2021. As&iacute;, estas dos ciudades fueron las m&aacute;s c&aacute;lidas de Austria. Por cierto, la anterior temperatura m&aacute;s alta en Austria se registr&oacute; en 2013, con 40,5 &deg;C, en la parte oriental de la Baja Austria (Bad Deutsch-Altenburg).<\/p>\n<\/div>\n<\/div>\n<\/div><\/div>\n\n<div class=\"inherit-container-width wp-block-group content-box-outer is-layout-constrained wp-block-group-is-layout-constrained\"><div class=\"wp-block-group__inner-container\">\n<div class=\"wp-block-columns content-box-header content-box-header-spain is-layout-flex wp-container-core-columns-is-layout-28f84493 wp-block-columns-is-layout-flex\">\n<div class=\"wp-block-column content-box-header-cols content-box-header-text content-box-header-text-germany is-layout-flow wp-block-column-is-layout-flow\" style=\"flex-basis:75%\">\n<p>ALEMANIA<\/p>\n<\/div>\n\n\n\n<div class=\"wp-block-column content-box-header-cols is-layout-flow wp-block-column-is-layout-flow\" style=\"flex-basis:66.66%\"><\/div>\n<\/div>\n\n\n\n<div class=\"wp-block-columns content-box-body content-box-body-germany is-layout-flex wp-container-core-columns-is-layout-28f84493 wp-block-columns-is-layout-flex\">\n<div class=\"wp-block-column content-box-body-cols content-box-body-image country-box-body-image is-layout-flow wp-block-column-is-layout-flow\" style=\"flex-basis:15%\">\n<figure class=\"wp-block-image aligncenter size-full\"><img loading=\"lazy\" decoding=\"async\" width=\"1000\" height=\"1000\" src=\"https:\/\/greencoolschools.eu\/wp-content\/uploads\/2022\/10\/flag_round_germany.png\" alt=\"\" class=\"wp-image-2391\" srcset=\"https:\/\/greencoolschools.eu\/wp-content\/uploads\/2022\/10\/flag_round_germany.png 1000w, https:\/\/greencoolschools.eu\/wp-content\/uploads\/2022\/10\/flag_round_germany-300x300.png 300w, https:\/\/greencoolschools.eu\/wp-content\/uploads\/2022\/10\/flag_round_germany-150x150.png 150w, https:\/\/greencoolschools.eu\/wp-content\/uploads\/2022\/10\/flag_round_germany-768x768.png 768w\" sizes=\"auto, (max-width: 1000px) 100vw, 1000px\" \/><\/figure>\n<\/div>\n\n\n\n<div class=\"wp-block-column content-box-body-cols content-box-body-text content-box-body-text-germany is-layout-flow wp-block-column-is-layout-flow\" style=\"flex-basis:80%\">\n<p>La cuesti&oacute;n del lugar m&aacute;s caluroso puede entenderse -y responderse- de varias maneras.<br>Por un lado, pueden observarse extremos de calor a corto plazo. Desde este punto de vista, ya se han medido temperaturas superiores a los 40&deg;C en Karlsruhe, Friburgo, Kitzingen, Geilenkirchen, Duisburg-Baerl, Colonia-Stammheim, Kleve y Lingen\/Ems. Con cada verano caluroso, pueden a&ntilde;adirse nuevos lugares.<br>Por otra parte, pueden considerarse las temperaturas medias de un a&ntilde;o -o de varios a&ntilde;os-. La temperatura media m&aacute;s alta en 2021 se determin&oacute; en 11,4&deg;C en Colonia-Stammheim, es decir, 2,3&deg;C m&aacute;s que la media nacional en el mismo a&ntilde;o.<br><strong>Otras fuentes<\/strong><\/p>\n\n\n\n<ul class=\"wp-block-list\">\n<li><a rel=\"noreferrer noopener\" href=\"https:\/\/home.meinestadt.de\/deutschland\/magazin\/wissenswertes-ueber-deutschland\/rankings\/hitzerekorde-in-deutschland\" target=\"_blank\">https:\/\/home.meinestadt.de\/deutschland\/magazin\/wissenswertes-ueber-deutschland\/rankings\/hitzerekorde-in-deutschland<\/a><\/li>\n\n\n\n<li><a rel=\"noreferrer noopener\" href=\"https:\/\/www.morgenpost.de\/vermischtes\/article235869213\/hitze-rekorde-sommer-heisseste-orte-deutschland.html\" target=\"_blank\">https:\/\/www.morgenpost.de\/vermischtes\/article235869213\/hitze-rekorde-sommer-heisseste-orte-deutschland.html<\/a><\/li>\n\n\n\n<li><a href=\"https:\/\/de.statista.com\/statistik\/daten\/studie\/1070875\/umfrage\/waermste-orte-in-deutschland-nach-durchschnittstemperatur\/\">https:\/\/de.statista.com\/statistik\/daten\/studie\/1070875\/umfrage\/waermste-orte-in-deutschland-nach-durchschnittstemperatur\/<\/a><\/li>\n<\/ul>\n<\/div>\n<\/div>\n<\/div><\/div>\n\n<div class=\"inherit-container-width wp-block-group content-box-outer is-layout-constrained wp-block-group-is-layout-constrained\"><div class=\"wp-block-group__inner-container\">\n<div class=\"wp-block-columns content-box-header content-box-header-spain is-layout-flex wp-container-core-columns-is-layout-28f84493 wp-block-columns-is-layout-flex\">\n<div class=\"wp-block-column content-box-header-cols content-box-header-text content-box-header-text-spain is-layout-flow wp-block-column-is-layout-flow\" style=\"flex-basis:75%\">\n<p>ESPA&Ntilde;A<\/p>\n<\/div>\n\n\n\n<div class=\"wp-block-column content-box-header-cols is-layout-flow wp-block-column-is-layout-flow\" style=\"flex-basis:66.66%\"><\/div>\n<\/div>\n\n\n\n<div class=\"wp-block-columns content-box-body content-box-body-spain is-layout-flex wp-container-core-columns-is-layout-28f84493 wp-block-columns-is-layout-flex\">\n<div class=\"wp-block-column content-box-body-cols content-box-body-image country-box-body-image is-layout-flow wp-block-column-is-layout-flow\" style=\"flex-basis:15%\">\n<figure class=\"wp-block-image aligncenter size-full\"><img loading=\"lazy\" decoding=\"async\" width=\"1000\" height=\"1000\" src=\"https:\/\/greencoolschools.eu\/wp-content\/uploads\/2022\/10\/flag_round_spain.png\" alt=\"\" class=\"wp-image-2396\" srcset=\"https:\/\/greencoolschools.eu\/wp-content\/uploads\/2022\/10\/flag_round_spain.png 1000w, https:\/\/greencoolschools.eu\/wp-content\/uploads\/2022\/10\/flag_round_spain-300x300.png 300w, https:\/\/greencoolschools.eu\/wp-content\/uploads\/2022\/10\/flag_round_spain-150x150.png 150w, https:\/\/greencoolschools.eu\/wp-content\/uploads\/2022\/10\/flag_round_spain-768x768.png 768w\" sizes=\"auto, (max-width: 1000px) 100vw, 1000px\" \/><\/figure>\n<\/div>\n\n\n\n<div class=\"wp-block-column content-box-body-cols content-box-body-text content-box-body-text-spain is-layout-flow wp-block-column-is-layout-flow\" style=\"flex-basis:80%\">\n<p>La distribuci&oacute;n de la temperatura en Espa&ntilde;a es muy irregular, debido a su variada topograf&iacute;a y situaci&oacute;n geogr&aacute;fica. La temperatura media en Espa&ntilde;a en 2021 fue de 14,2&ordm;C, con fluctuaciones entre 0&ordm;C y 22&ordm;C. La primera se registra en los Pirineos, las cordilleras Cant&aacute;brica e Ib&eacute;rica y en Sierra Nevada, mientras que la segunda se da en el extremo sur del pa&iacute;s, en las costas de las Islas Canarias orientales.<\/p>\n\n\n\n<p>Julio y agosto son los meses m&aacute;s c&aacute;lidos del a&ntilde;o, mientras que enero es el m&aacute;s fr&iacute;o. Las temperaturas medias en julio superan los 25&ordm;C en todo el territorio, excepto en la cornisa cant&aacute;brica, que son m&aacute;s bajas, como consecuencia de la influencia moderadora del mar y las brisas, y en las mayores altitudes de las principales cordilleras.<\/p>\n\n\n\n<p>El municipio de Montoro (C&oacute;rdoba) ostenta el r&eacute;cord de temperatura en Espa&ntilde;a, con 47,4 &deg;C el 14 de agosto de 2021 (fuente: Aemet). Sin embargo, la ciudad con mayor temperatura media anual es Sevilla con 19,2 &deg;C, as&iacute; como la media m&aacute;s alta en verano, 28,2 &deg;C en julio. A su vez, destaca que Euskadi registr&oacute; en junio de 2022 el r&eacute;cord de temperatura m&aacute;xima en Hondarribia (Gipuzkoa), con 42,7 grados.<\/p>\n\n\n\n<p>Fuentes:<\/p>\n\n\n\n<p><a href=\"http:\/\/atlasnacional.ign.es\/wane\/Clima\">http:\/\/atlasnacional.ign.es\/wane\/Clima<\/a><\/p>\n\n\n\n<p><a href=\"https:\/\/www.aemet.es\/en\/noticias\/2022\/01\/2021_resumen_climatico\">https:\/\/www.aemet.es\/en\/noticias\/2022\/01\/2021_resumen_climatico<\/a><\/p>\n\n\n\n<p><a href=\"https:\/\/es.wikipedia.org\/wiki\/Clima_de_Espa%C3%B1a#:~:text=La%20temperatura%20media%20anual%20ronda,y%20los%2018%20%C2%B0C\">https:\/\/es.wikipedia.org\/wiki\/Clima_de_Espa%C3%B1a#:~:text=La%20temperatura%20media%20anual%20ronda,y%20los%2018%20%C2%B0C<\/a><\/p>\n<\/div>\n<\/div>\n<\/div><\/div>\n\n<h2 class=\"wp-block-heading\">Informaci&oacute;n espec&iacute;fica del pa&iacute;s<\/h2>\n\n<div class=\"inherit-container-width wp-block-group content-box-outer is-layout-constrained wp-block-group-is-layout-constrained\"><div class=\"wp-block-group__inner-container\">\n<div class=\"wp-block-columns content-box-header content-box-header-related is-layout-flex wp-container-core-columns-is-layout-28f84493 wp-block-columns-is-layout-flex\">\n<div class=\"wp-block-column content-box-header-cols content-box-header-text content-box-header-text-related is-layout-flow wp-block-column-is-layout-flow\" style=\"flex-basis:95%\">\n<p>INFORMACI&Oacute;N REGIONAL<\/p>\n<\/div>\n\n\n\n<div class=\"wp-block-column content-box-header-cols is-layout-flow wp-block-column-is-layout-flow\" style=\"flex-basis:5%\"><\/div>\n<\/div>\n\n\n\n<div class=\"wp-block-columns content-box-body content-box-body-related is-layout-flex wp-container-core-columns-is-layout-28f84493 wp-block-columns-is-layout-flex\">\n<div class=\"wp-block-column content-box-body-cols content-box-body-image is-layout-flow wp-block-column-is-layout-flow\" style=\"flex-basis:25%\">\n<figure class=\"wp-block-image size-full\"><img loading=\"lazy\" decoding=\"async\" width=\"133\" height=\"133\" src=\"https:\/\/greencoolschools.eu\/wp-content\/uploads\/2022\/08\/img_info.png\" alt=\"\" class=\"wp-image-437\"><\/figure>\n<\/div>\n\n\n\n<div class=\"wp-block-column content-box-body-cols content-box-body-text content-box-body-text-related is-layout-flow wp-block-column-is-layout-flow\" style=\"flex-basis:66.66%\"><div class=\"ultp-post-grid-block wp-block-ultimate-post-post-list-3 ultp-block-44da02 regional-information-post-list\"><div class=\"ultp-block-wrapper\"><div class=\"ultp-loading\"><div class=\"ultp-loading-blocks\" style=\"width:100%;height:100%;\"><div style=\"left: 0;top: 0;animation-delay:0s;\"><\/div><div style=\"left: 21px;top: 0;animation-delay:0.125s;\"><\/div><div style=\"left: 42px;top: 0;animation-delay:0.25s;\"><\/div><div style=\"left: 0;top: 21px;animation-delay:0.875s;\"><\/div><div style=\"left: 42px;top: 21px;animation-delay:0.375s;\"><\/div><div style=\"left: 0;top: 42px;animation-delay:0.75s;\"><\/div><div style=\"left: 42px;top: 42px;animation-delay:0.625s;\"><\/div><div style=\"left: 21px;top: 42px;animation-delay:0.5s;\"><\/div><\/div><\/div><div class=\"ultp-block-items-wrap ultp-block-row ultp-block-column-1 ultp-block-content-middle ultp-layout1\"><section class=\"ultp-block-item ultp-block-media post-id-7385\"><div class=\"ultp-block-content-wrap\"><div class=\"ultp-block-content\"><h3 class=\"ultp-block-title \"><a href=\"https:\/\/greencoolschools.eu\/es\/paquete-de-recursos-educativos-islas-de-calor-urbanas\/\">Paquete de recursos educativos, Islas de calor urbanas<\/a><\/h3><div class=\"ultp-block-excerpt\"><p>https:\/\/climate.esa.int\/media\/documents\/ESA_CCI_paquete_de_recursos_educativos_Isla_De_Calor_Urbanas.pdf Fuente: ESA European Space Agency<\/p>\n<\/div><\/div><\/div><\/section><section class=\"ultp-block-item ultp-block-media post-id-6616\"><div class=\"ultp-block-content-wrap\"><div class=\"ultp-block-content\"><h3 class=\"ultp-block-title \"><a href=\"https:\/\/greencoolschools.eu\/es\/video-agenda-2030-ods\/\">Video Agenda 2030 ODS<\/a><\/h3><div class=\"ultp-block-excerpt\"><p>Fuente: UN Etxea-Asociaci&oacute;n del Pa&iacute;s Vasco para la UNESCO<\/p>\n<\/div><\/div><\/div><\/section><section class=\"ultp-block-item ultp-block-media post-id-6613\"><div class=\"ultp-block-content-wrap\"><div class=\"ultp-block-content\"><h3 class=\"ultp-block-title \"><a href=\"https:\/\/greencoolschools.eu\/es\/unidad-didactica-ods\/\">Unidad did&aacute;ctica ODS<\/a><\/h3><div class=\"ultp-block-excerpt\"><p>https:\/\/www.unescoetxea.org\/dokumentuak\/Unidad-didactica-ODS-completo.pdf Mediante esta unidad did&aacute;ctica se pretende hacer un acercamiento a los 17 Objetivos de Desarrollo Sostenible (ODS) que definen&hellip;<\/p>\n<\/div><\/div><\/div><\/section><section class=\"ultp-block-item ultp-block-media post-id-6610\"><div class=\"ultp-block-content-wrap\"><div class=\"ultp-block-content\"><h3 class=\"ultp-block-title \"><a href=\"https:\/\/greencoolschools.eu\/es\/juego-2030-challenge-retos-para-el-alumnado-de-secundaria\/\">Juego 2030 Challenge. Retos para el alumnado de secundaria<\/a><\/h3><div class=\"ultp-block-excerpt\"><p>https:\/\/recursoseducativos.ongdeuskadi.org\/recurso.php?id=256 Mediante este juego se dan a conocer los 17 Objetivos de Desarrollo Sostenible (ODS) definidos en la Agenda 2030&hellip;<\/p>\n<\/div><\/div><\/div><\/section><\/div><\/div><div class=\"pagination-block-html\" aria-hidden=\"true\" style=\"display: none;\"><\/div><\/div><\/div>\n<\/div>\n<\/div><\/div>\n","protected":false},"excerpt":{"rendered":"<p>Informaci\u00f3n regional: Islas de calor Asuntos relacionados en otros pa\u00edses Islas de calor urbanas &#8211; una comparaci\u00f3n El efecto de isla de calor urbana se refiere a las temperaturas m\u00e1s altas en la ciudad con un enfriamiento comparativamente menor por la noche. Esto se debe a la elevada proporci\u00f3n de superficies selladas, al denso desarrollo [&hellip;]<\/p>\n","protected":false},"author":1,"featured_media":0,"parent":2612,"menu_order":990,"comment_status":"closed","ping_status":"closed","template":"","meta":{"site-sidebar-layout":"default","site-content-layout":"","ast-site-content-layout":"default","site-content-style":"default","site-sidebar-style":"default","ast-global-header-display":"","ast-banner-title-visibility":"","ast-main-header-display":"","ast-hfb-above-header-display":"","ast-hfb-below-header-display":"","ast-hfb-mobile-header-display":"","site-post-title":"","ast-breadcrumbs-content":"","ast-featured-img":"","footer-sml-layout":"","ast-disable-related-posts":"","theme-transparent-header-meta":"","adv-header-id-meta":"","stick-header-meta":"","header-above-stick-meta":"","header-main-stick-meta":"","header-below-stick-meta":"","astra-migrate-meta-layouts":"default","ast-page-background-enabled":"default","ast-page-background-meta":{"desktop":{"background-color":"var(--ast-global-color-4)","background-image":"","background-repeat":"repeat","background-position":"center center","background-size":"auto","background-attachment":"scroll","background-type":"","background-media":"","overlay-type":"","overlay-color":"","overlay-opacity":"","overlay-gradient":""},"tablet":{"background-color":"","background-image":"","background-repeat":"repeat","background-position":"center center","background-size":"auto","background-attachment":"scroll","background-type":"","background-media":"","overlay-type":"","overlay-color":"","overlay-opacity":"","overlay-gradient":""},"mobile":{"background-color":"","background-image":"","background-repeat":"repeat","background-position":"center center","background-size":"auto","background-attachment":"scroll","background-type":"","background-media":"","overlay-type":"","overlay-color":"","overlay-opacity":"","overlay-gradient":""}},"ast-content-background-meta":{"desktop":{"background-color":"var(--ast-global-color-5)","background-image":"","background-repeat":"repeat","background-position":"center center","background-size":"auto","background-attachment":"scroll","background-type":"","background-media":"","overlay-type":"","overlay-color":"","overlay-opacity":"","overlay-gradient":""},"tablet":{"background-color":"var(--ast-global-color-5)","background-image":"","background-repeat":"repeat","background-position":"center center","background-size":"auto","background-attachment":"scroll","background-type":"","background-media":"","overlay-type":"","overlay-color":"","overlay-opacity":"","overlay-gradient":""},"mobile":{"background-color":"var(--ast-global-color-5)","background-image":"","background-repeat":"repeat","background-position":"center center","background-size":"auto","background-attachment":"scroll","background-type":"","background-media":"","overlay-type":"","overlay-color":"","overlay-opacity":"","overlay-gradient":""}},"footnotes":""},"categories":[113],"tags":[69],"language":[64],"agegroup":[],"material":[],"topic":[],"folder":[37],"class_list":["post-3873","page","type-page","status-publish","hentry","category-regional-information-es-2","tag-heat-islands","language-english"],"_links":{"self":[{"href":"https:\/\/greencoolschools.eu\/es\/wp-json\/wp\/v2\/pages\/3873","targetHints":{"allow":["GET"]}}],"collection":[{"href":"https:\/\/greencoolschools.eu\/es\/wp-json\/wp\/v2\/pages"}],"about":[{"href":"https:\/\/greencoolschools.eu\/es\/wp-json\/wp\/v2\/types\/page"}],"author":[{"embeddable":true,"href":"https:\/\/greencoolschools.eu\/es\/wp-json\/wp\/v2\/users\/1"}],"replies":[{"embeddable":true,"href":"https:\/\/greencoolschools.eu\/es\/wp-json\/wp\/v2\/comments?post=3873"}],"version-history":[{"count":0,"href":"https:\/\/greencoolschools.eu\/es\/wp-json\/wp\/v2\/pages\/3873\/revisions"}],"up":[{"embeddable":true,"href":"https:\/\/greencoolschools.eu\/es\/wp-json\/wp\/v2\/pages\/2612"}],"wp:attachment":[{"href":"https:\/\/greencoolschools.eu\/es\/wp-json\/wp\/v2\/media?parent=3873"}],"wp:term":[{"taxonomy":"category","embeddable":true,"href":"https:\/\/greencoolschools.eu\/es\/wp-json\/wp\/v2\/categories?post=3873"},{"taxonomy":"post_tag","embeddable":true,"href":"https:\/\/greencoolschools.eu\/es\/wp-json\/wp\/v2\/tags?post=3873"},{"taxonomy":"language","embeddable":true,"href":"https:\/\/greencoolschools.eu\/es\/wp-json\/wp\/v2\/language?post=3873"},{"taxonomy":"agegroup","embeddable":true,"href":"https:\/\/greencoolschools.eu\/es\/wp-json\/wp\/v2\/agegroup?post=3873"},{"taxonomy":"material","embeddable":true,"href":"https:\/\/greencoolschools.eu\/es\/wp-json\/wp\/v2\/material?post=3873"},{"taxonomy":"topic","embeddable":true,"href":"https:\/\/greencoolschools.eu\/es\/wp-json\/wp\/v2\/topic?post=3873"},{"taxonomy":"folder","embeddable":true,"href":"https:\/\/greencoolschools.eu\/es\/wp-json\/wp\/v2\/folder?post=3873"}],"curies":[{"name":"wp","href":"https:\/\/api.w.org\/{rel}","templated":true}]}}