{"id":3867,"date":"2022-10-01T18:28:09","date_gmt":"2022-10-01T16:28:09","guid":{"rendered":"https:\/\/greencoolschools.eu\/temas\/tipos-de-suelo\/informacion-regional-tipos-de-suelo\/"},"modified":"2026-01-19T12:44:29","modified_gmt":"2026-01-19T11:44:29","slug":"informacion-regional-tipos-de-suelo","status":"publish","type":"page","link":"https:\/\/greencoolschools.eu\/es\/temas\/tipos-de-suelo\/informacion-regional-tipos-de-suelo\/","title":{"rendered":"Informaci\u00f3n regional: Tipos de suelo"},"content":{"rendered":"\n<div class=\"inherit-container-width wp-block-group content-box-intro-outer content-type-regional is-layout-constrained wp-block-group-is-layout-constrained\"><div class=\"wp-block-group__inner-container\">\n<h1 class=\"wp-block-heading\">Informaci&oacute;n regional: Tipos de suelo<\/h1>\n<\/div><\/div>\n\n<h2 class=\"wp-block-heading\">Asuntos relacionados en otros pa&iacute;ses<\/h2>\n\n<h3 class=\"wp-block-heading\">Tipos de suelo t&iacute;picos<\/h3>\n\n<p>Hay una gran variedad de suelos diferentes. Tanto el material parental, como las rocas y los dep&oacute;sitos de los r&iacute;os, como el clima son responsables de su formaci&oacute;n. La interacci&oacute;n de muchas influencias ambientales y un largo per&iacute;odo de tiempo da lugar a diferentes suelos, que pueden diferenciarse en tipos de suelo con propiedades caracter&iacute;sticas similares. A continuaci&oacute;n se presentan algunos tipos de suelo de diferentes pa&iacute;ses y sus caracter&iacute;sticas. La clasificaci&oacute;n de los suelos se maneja de forma diferente en cada pa&iacute;s, lo que dificulta una comparaci&oacute;n directa.<\/p>\n\n<div class=\"inherit-container-width wp-block-group content-box-outer is-layout-constrained wp-block-group-is-layout-constrained\"><div class=\"wp-block-group__inner-container\">\n<div class=\"wp-block-columns content-box-header content-box-header-austria is-layout-flex wp-container-core-columns-is-layout-28f84493 wp-block-columns-is-layout-flex\">\n<div class=\"wp-block-column content-box-header-cols content-box-header-text content-box-header-text-austria is-layout-flow wp-block-column-is-layout-flow\" style=\"flex-basis:75%\">\n<p>AUSTRIA<\/p>\n<\/div>\n\n\n\n<div class=\"wp-block-column content-box-header-cols is-layout-flow wp-block-column-is-layout-flow\" style=\"flex-basis:66.66%\"><\/div>\n<\/div>\n\n\n\n<div class=\"wp-block-columns content-box-body content-box-body-austria is-layout-flex wp-container-core-columns-is-layout-28f84493 wp-block-columns-is-layout-flex\">\n<div class=\"wp-block-column content-box-body-cols content-box-body-image country-box-body-image is-layout-flow wp-block-column-is-layout-flow\" style=\"flex-basis:15%\">\n<figure class=\"wp-block-image aligncenter size-full\"><img loading=\"lazy\" decoding=\"async\" width=\"1000\" height=\"1000\" src=\"https:\/\/greencoolschools.eu\/wp-content\/uploads\/2022\/10\/flag_round_austria.png\" alt=\"\" class=\"wp-image-2381\" srcset=\"https:\/\/greencoolschools.eu\/wp-content\/uploads\/2022\/10\/flag_round_austria.png 1000w, https:\/\/greencoolschools.eu\/wp-content\/uploads\/2022\/10\/flag_round_austria-300x300.png 300w, https:\/\/greencoolschools.eu\/wp-content\/uploads\/2022\/10\/flag_round_austria-150x150.png 150w, https:\/\/greencoolschools.eu\/wp-content\/uploads\/2022\/10\/flag_round_austria-768x768.png 768w\" sizes=\"auto, (max-width: 1000px) 100vw, 1000px\" \/><\/figure>\n<\/div>\n\n\n\n<div class=\"wp-block-column content-box-body-cols content-box-body-text content-box-body-text-austria is-layout-flow wp-block-column-is-layout-flow\" style=\"flex-basis:80%\">\n<p>Los suelos oscuros y profundos de tierra negra (Chernozem) son los m&aacute;s f&eacute;rtiles de Austria. Son ricos en nutrientes, est&aacute;n bien aireados y tienen una excelente capacidad de almacenamiento de agua y una gruesa capa de humus. Son muy adecuadas para el uso agr&iacute;cola, como los cultivos herb&aacute;ceos. Se encuentran principalmente en la Baja Austria, en zonas m&aacute;s bien secas como el Weinviertel, Marchfeld y la Cuenca de Viena. Los suelos de tierra negra suelen formarse sobre un subsuelo arenoso como el loess. El loess, por cierto, es un polvo de combusti&oacute;n especialmente f&eacute;rtil de la Edad de Hielo.<\/p>\n\n\n\n<p>Con el cultivo humano prolongado y la erosi&oacute;n se pierde el humus, por lo que los suelos de tierra negra a menudo se convierten en suelos cultivados. Son muy adecuadas para la viticultura, as&iacute; como para los cultivos herb&aacute;ceos y las hortalizas.<\/p>\n\n\n\n<p>Con mucho, el <a href=\"https:\/\/greencoolschools.eu\/es\/glossary\/tipo-de-suelo\/\" target=\"_self\" title=\"Para clasificar los diferentes suelos, se hace una distinci&oacute;n entre tipos de suelo como suelo pardo, podsol, gley, etc. Los tipos de suelo se clasifican sistem&aacute;ticamente con caracter&iacute;sticas y propiedades de diagn&oacute;stico. Los horizontes caracter&iacute;sticos y las secuencias de horizontes juegan un papel importante para la clasificaci&oacute;n.\" class=\"encyclopedia\">tipo de suelo<\/a> m&aacute;s com&uacute;n en Austria es la tierra parda, &laquo;Braunerde&raquo;. La coloraci&oacute;n marr&oacute;n procede de la <a href=\"https:\/\/greencoolschools.eu\/es\/glossary\/meteorizacion\/\" target=\"_self\" title='Las influencias f&iacute;sicas, como el viento, el agua, el calor y el fr&iacute;o, o los procesos qu&iacute;micos, como la lixiviaci&oacute;n de tiza de las monta&ntilde;as de piedra caliza, provocan grietas en la roca. Cuando llueve sobre piedra caliza, se forma &aacute;cido carb&oacute;nico (H2CO3) a partir de H2O y CO2 y disuelve la cal. Los organismos del suelo tambi&eacute;n pueden alterar qu&iacute;micamente el suelo y las ra&iacute;ces pueden remodelar mec&aacute;nicamente el suelo. Esto se conoce como \"meteorizaci&oacute;n biol&oacute;gica\".' class=\"encyclopedia\">meteorizaci&oacute;n<\/a> de los compuestos de hierro. La gama de propiedades de las tierras marrones es muy amplia. En general, las tierras pardas son el <a href=\"https:\/\/greencoolschools.eu\/es\/glossary\/tipo-de-suelo\/\" target=\"_self\" title=\"Para clasificar los diferentes suelos, se hace una distinci&oacute;n entre tipos de suelo como suelo pardo, podsol, gley, etc. Los tipos de suelo se clasifican sistem&aacute;ticamente con caracter&iacute;sticas y propiedades de diagn&oacute;stico. Los horizontes caracter&iacute;sticos y las secuencias de horizontes juegan un papel importante para la clasificaci&oacute;n.\" class=\"encyclopedia\">tipo de suelo<\/a> predominante en la franja clim&aacute;tica templada de Europa Central. Las tierras marrones se utilizan habitualmente para la agricultura y la silvicultura.<\/p>\n<\/div>\n<\/div>\n<\/div><\/div>\n\n<div class=\"inherit-container-width wp-block-group content-box-outer is-layout-constrained wp-block-group-is-layout-constrained\"><div class=\"wp-block-group__inner-container\">\n<div class=\"wp-block-columns content-box-header content-box-header-spain is-layout-flex wp-container-core-columns-is-layout-28f84493 wp-block-columns-is-layout-flex\">\n<div class=\"wp-block-column content-box-header-cols content-box-header-text content-box-header-text-germany is-layout-flow wp-block-column-is-layout-flow\" style=\"flex-basis:75%\">\n<p>ALEMANIA<\/p>\n<\/div>\n\n\n\n<div class=\"wp-block-column content-box-header-cols is-layout-flow wp-block-column-is-layout-flow\" style=\"flex-basis:66.66%\"><\/div>\n<\/div>\n\n\n\n<div class=\"wp-block-columns content-box-body content-box-body-germany is-layout-flex wp-container-core-columns-is-layout-28f84493 wp-block-columns-is-layout-flex\">\n<div class=\"wp-block-column content-box-body-cols content-box-body-image country-box-body-image is-layout-flow wp-block-column-is-layout-flow\" style=\"flex-basis:15%\">\n<figure class=\"wp-block-image aligncenter size-full\"><img loading=\"lazy\" decoding=\"async\" width=\"1000\" height=\"1000\" src=\"https:\/\/greencoolschools.eu\/wp-content\/uploads\/2022\/10\/flag_round_germany.png\" alt=\"\" class=\"wp-image-2391\" srcset=\"https:\/\/greencoolschools.eu\/wp-content\/uploads\/2022\/10\/flag_round_germany.png 1000w, https:\/\/greencoolschools.eu\/wp-content\/uploads\/2022\/10\/flag_round_germany-300x300.png 300w, https:\/\/greencoolschools.eu\/wp-content\/uploads\/2022\/10\/flag_round_germany-150x150.png 150w, https:\/\/greencoolschools.eu\/wp-content\/uploads\/2022\/10\/flag_round_germany-768x768.png 768w\" sizes=\"auto, (max-width: 1000px) 100vw, 1000px\" \/><\/figure>\n<\/div>\n\n\n\n<div class=\"wp-block-column content-box-body-cols content-box-body-text content-box-body-text-germany is-layout-flow wp-block-column-is-layout-flow\" style=\"flex-basis:80%\">\n<p>Aproximadamente la mitad de la superficie de Alemania se destina a la agricultura, principalmente a los cultivos herb&aacute;ceos. Los suelos negros y marrones son las estrellas: son especialmente f&eacute;rtiles. Pero otros tipos de suelo tambi&eacute;n tienen su importancia.<br>Turberas bajas y elevadas: Las turberas se forman cuando las aguas subterr&aacute;neas a<a href=\"https:\/\/greencoolschools.eu\/es\/glossary\/flora\/\" target=\"_self\" title=\"La flora, tambi&eacute;n llamada &ldquo;mundo vegetal&rdquo;, incluye todas las plantas y su h&aacute;bitat.\" class=\"encyclopedia\">flora<\/a>n a la superficie o las masas de agua se sedimentan. Si las plantas mueren aqu&iacute;, no pueden descomponerse completamente bajo el agua, sino que se forma la <a href=\"https:\/\/greencoolschools.eu\/es\/glossary\/turba\/\" target=\"_self\" title=\"La turba es un sustrato de las ci&eacute;nagas* que contiene m&aacute;s del 30 por ciento de materia org&aacute;nica en materia seca. La turba se forma por la actividad de bacterias y hongos en suelos con alto contenido de agua a partir de la acumulaci&oacute;n de materia vegetal descompuesta de forma incompleta en ausencia de ox&iacute;geno.\" class=\"encyclopedia\">turba<\/a>, y por lo tanto inicialmente un pantano. Cuando llueve lo suficiente, el cuerpo de la turbera crece cada vez m&aacute;s, form&aacute;ndose una turbera elevada. Muchas turberas han sido destruidas para extraer <a href=\"https:\/\/greencoolschools.eu\/es\/glossary\/turba\/\" target=\"_self\" title=\"La turba es un sustrato de las ci&eacute;nagas* que contiene m&aacute;s del 30 por ciento de materia org&aacute;nica en materia seca. La turba se forma por la actividad de bacterias y hongos en suelos con alto contenido de agua a partir de la acumulaci&oacute;n de materia vegetal descompuesta de forma incompleta en ausencia de ox&iacute;geno.\" class=\"encyclopedia\">turba<\/a> o utilizar la tierra para la agricultura. Las ci&eacute;nagas intactas son muy importantes. Ahorran agua. Fijan el di&oacute;xido de carbono y contribuyen as&iacute; a la protecci&oacute;n del clima. Y proporcionan un h&aacute;bitat para especies animales y vegetales raras.<br>Los pelosoles (suelos arcillosos) pueden almacenar bien el agua, pero se vuelven duros como rocas cuando se secan. Aglutinan los nutrientes y los contaminantes y contribuyen as&iacute; a mantener limpias las aguas subterr&aacute;neas. Son inadecuados para la agricultura, pero buenos para praderas permanentes o bosques.<br>El suelo marr&oacute;n se desarrolla cuando el subsuelo no contiene cal. Los compuestos de hierro pueden disolverse all&iacute;; el color marr&oacute;n procede del contacto con el aire y el agua. Los suelos pardos pueden ser m&aacute;s o menos f&eacute;rtiles.<br>Fuentes:<\/p>\n\n\n\n<ul class=\"wp-block-list\">\n<li><a href=\"http:\/\/www.lfu.bayern.de\/boden\/erdausstellung\/bodentypen\/index.htm\">Oficina Regional de Medio Ambiente de Bayrisches<\/a>: Bodentypen<\/li>\n<\/ul>\n<\/div>\n<\/div>\n<\/div><\/div>\n\n<div class=\"inherit-container-width wp-block-group content-box-outer is-layout-constrained wp-block-group-is-layout-constrained\"><div class=\"wp-block-group__inner-container\">\n<div class=\"wp-block-columns content-box-header content-box-header-spain is-layout-flex wp-container-core-columns-is-layout-28f84493 wp-block-columns-is-layout-flex\">\n<div class=\"wp-block-column content-box-header-cols content-box-header-text content-box-header-text-spain is-layout-flow wp-block-column-is-layout-flow\" style=\"flex-basis:75%\">\n<p>ESPA&Ntilde;A<\/p>\n<\/div>\n\n\n\n<div class=\"wp-block-column content-box-header-cols is-layout-flow wp-block-column-is-layout-flow\" style=\"flex-basis:66.66%\"><\/div>\n<\/div>\n\n\n\n<div class=\"wp-block-columns content-box-body content-box-body-spain is-layout-flex wp-container-core-columns-is-layout-28f84493 wp-block-columns-is-layout-flex\">\n<div class=\"wp-block-column content-box-body-cols content-box-body-image country-box-body-image is-layout-flow wp-block-column-is-layout-flow\" style=\"flex-basis:15%\">\n<figure class=\"wp-block-image aligncenter size-full\"><img loading=\"lazy\" decoding=\"async\" width=\"1000\" height=\"1000\" src=\"https:\/\/greencoolschools.eu\/wp-content\/uploads\/2022\/10\/flag_round_spain.png\" alt=\"\" class=\"wp-image-2396\" srcset=\"https:\/\/greencoolschools.eu\/wp-content\/uploads\/2022\/10\/flag_round_spain.png 1000w, https:\/\/greencoolschools.eu\/wp-content\/uploads\/2022\/10\/flag_round_spain-300x300.png 300w, https:\/\/greencoolschools.eu\/wp-content\/uploads\/2022\/10\/flag_round_spain-150x150.png 150w, https:\/\/greencoolschools.eu\/wp-content\/uploads\/2022\/10\/flag_round_spain-768x768.png 768w\" sizes=\"auto, (max-width: 1000px) 100vw, 1000px\" \/><\/figure>\n<\/div>\n\n\n\n<div class=\"wp-block-column content-box-body-cols content-box-body-text content-box-body-text-spain is-layout-flow wp-block-column-is-layout-flow\" style=\"flex-basis:80%\">\n<p>Espa&ntilde;a, en general, tiene un suelo muy diferente al resto de Europa.<\/p>\n\n\n\n<ul class=\"wp-block-list\">\n<li>Los calcisoles son los suelos m&aacute;s comunes en Espa&ntilde;a. Estos suelos tienen un alto contenido de calcio y son altamente alcalinos y se forman en lugares con estaciones secas claramente diferenciadas. A menudo se encuentran en &aacute;reas donde el agua subterr&aacute;nea rica en cal sube a la superficie, dejando dep&oacute;sitos minerales.<\/li>\n\n\n\n<li>Los regosoles son muy comunes en Espa&ntilde;a, especialmente en Occidente. Estos suelos son j&oacute;venes y subdesarrollados, y se encuentran principalmente en &aacute;reas monta&ntilde;osas, &aacute;ridas o que se erosionan r&aacute;pidamente.<\/li>\n\n\n\n<li>Los umbrisoles son ricos en materia org&aacute;nica y normalmente se forman debajo de los bosques. Se dan en climas h&uacute;medos y frescos, y abundan en Espa&ntilde;a.<\/li>\n\n\n\n<li>Los fluvisoles est&aacute;n presentes en zonas con inundaciones frecuentes y est&aacute;n muy dispersos por toda Espa&ntilde;a, pero se concentran sobre todo en la zona centro-norte del pa&iacute;s.<\/li>\n\n\n\n<li>Los leptosoles son dominantes en muchas zonas de las fronteras norte y este de Espa&ntilde;a. Se pueden encontrar en monta&ntilde;as y en &aacute;reas donde las rocas est&aacute;n cerca de la superficie.<\/li>\n\n\n\n<li>Los luvisoles se encuentran dispersos por toda Espa&ntilde;a, presentan altas cantidades de arcilla en el subsuelo y bajas cantidades en el suelo superficial.<\/li>\n<\/ul>\n\n\n\n<p>Existen numerosas regiones con tierra f&eacute;rtil en Espa&ntilde;a. De hecho, Espa&ntilde;a cuenta con la mayor superficie agraria &uacute;til en la UE. Aproximadamente 17 millones de hect&aacute;reas constituyen tierras de cultivo en Espa&ntilde;a, casi el 34% de su extensi&oacute;n geogr&aacute;fica. Entre las regiones m&aacute;s destacadas est&aacute;n Castilla-La Mancha, Andaluc&iacute;a, Castilla y Le&oacute;n, Catalu&ntilde;a, Arag&oacute;n y Extremadura.<\/p>\n\n\n\n<p>En el Pa&iacute;s Vasco, la actividad del sector agrario en su conjunto (agr&iacute;cola, ganadero y forestal) utiliza el 85,21% de la superficie total.<\/p>\n\n\n\n<p>La diversidad de tipos de suelo en el Pa&iacute;s Vasco es muy amplia. La Clave de Clasificaci&oacute;n adoptada por la FAO-UNESCO establece la existencia de un total de 26 unidades de suelo y 103 subunidades. Hay que se&ntilde;alar que pr&aacute;cticamente la mitad de estas unidades de suelo est&aacute;n representadas, en grado muy diferente, en el Pa&iacute;s Vasco.<\/p>\n\n\n\n<p>Fuentes:<\/p>\n\n\n\n<p><a href=\"https:\/\/www.gardenguides.com\/129371-mountain-soil-types.html\">https:\/\/www.gardenguides.com\/129371-mountain-soil-types.html<\/a><\/p>\n\n\n\n<p><a href=\"https:\/\/terrenos.es\/blog\/tierra-fertil-espana\">https:\/\/terrenos.es\/blog\/tierra-fertil-espana<\/a><\/p>\n\n\n\n<p><a href=\"https:\/\/www.euskadi.eus\/informacion\/suelo\/web01-s2ing\/es\/\">https:\/\/www.euskadi.eus\/informacion\/suelo\/web01-s2ing\/es\/<\/a><\/p>\n<\/div>\n<\/div>\n<\/div><\/div>\n\n<h2 class=\"wp-block-heading\">Informaci&oacute;n espec&iacute;fica del pa&iacute;s<\/h2>\n\n<div class=\"inherit-container-width wp-block-group content-box-outer is-layout-constrained wp-block-group-is-layout-constrained\"><div class=\"wp-block-group__inner-container\">\n<div class=\"wp-block-columns content-box-header content-box-header-related is-layout-flex wp-container-core-columns-is-layout-28f84493 wp-block-columns-is-layout-flex\">\n<div class=\"wp-block-column content-box-header-cols content-box-header-text content-box-header-text-related is-layout-flow wp-block-column-is-layout-flow\" style=\"flex-basis:95%\">\n<p>INFORMACI&Oacute;N REGIONAL<\/p>\n<\/div>\n\n\n\n<div class=\"wp-block-column content-box-header-cols is-layout-flow wp-block-column-is-layout-flow\" style=\"flex-basis:5%\"><\/div>\n<\/div>\n\n\n\n<div class=\"wp-block-columns content-box-body content-box-body-related is-layout-flex wp-container-core-columns-is-layout-28f84493 wp-block-columns-is-layout-flex\">\n<div class=\"wp-block-column content-box-body-cols content-box-body-image is-layout-flow wp-block-column-is-layout-flow\" style=\"flex-basis:25%\">\n<figure class=\"wp-block-image size-full\"><img loading=\"lazy\" decoding=\"async\" width=\"133\" height=\"133\" src=\"https:\/\/greencoolschools.eu\/wp-content\/uploads\/2022\/08\/img_info.png\" alt=\"\" class=\"wp-image-437\"><\/figure>\n<\/div>\n\n\n\n<div class=\"wp-block-column content-box-body-cols content-box-body-text content-box-body-text-related is-layout-flow wp-block-column-is-layout-flow\" style=\"flex-basis:66.66%\"><div class=\"ultp-post-grid-block wp-block-ultimate-post-post-list-3 ultp-block-b366ab regional-information-post-list\"><div class=\"ultp-block-wrapper\"><div class=\"ultp-loading\"><div class=\"ultp-loading-blocks\" style=\"width:100%;height:100%;\"><div style=\"left: 0;top: 0;animation-delay:0s;\"><\/div><div style=\"left: 21px;top: 0;animation-delay:0.125s;\"><\/div><div style=\"left: 42px;top: 0;animation-delay:0.25s;\"><\/div><div style=\"left: 0;top: 21px;animation-delay:0.875s;\"><\/div><div style=\"left: 42px;top: 21px;animation-delay:0.375s;\"><\/div><div style=\"left: 0;top: 42px;animation-delay:0.75s;\"><\/div><div style=\"left: 42px;top: 42px;animation-delay:0.625s;\"><\/div><div style=\"left: 21px;top: 42px;animation-delay:0.5s;\"><\/div><\/div><\/div><div class=\"ultp-block-items-wrap ultp-block-row ultp-block-column-1 ultp-block-content-middle ultp-layout1\"><section class=\"ultp-block-item ultp-block-media post-id-7376\"><div class=\"ultp-block-content-wrap\"><div class=\"ultp-block-content\"><h3 class=\"ultp-block-title \"><a href=\"https:\/\/greencoolschools.eu\/es\/amarauna-una-web-que-recopila-documentos-y-recursos-educativos\/\">Amarauna, una web que recopila documentos y recursos educativos<\/a><\/h3><div class=\"ultp-block-excerpt\"><p>https:\/\/www.amarauna.euskadi.eus\/es\/recurso\/la-tierra-2\/244b916e-df5b-4aa1-a482-2c364bcca82a<\/p>\n<\/div><\/div><\/div><\/section><section class=\"ultp-block-item ultp-block-media post-id-6627\"><div class=\"ultp-block-content-wrap\"><div class=\"ultp-block-content\"><h3 class=\"ultp-block-title \"><a href=\"https:\/\/greencoolschools.eu\/es\/programa-interactivo-para-el-conocimiento-del-suelo\/\">Programa interactivo para el conocimiento del suelo<\/a><\/h3><div class=\"ultp-block-excerpt\"><p>https:\/\/cienciadelsuelo.es\/index.html El suelo, epidermis viva de la tierra Fuente: Edafos<\/p>\n<\/div><\/div><\/div><\/section><section class=\"ultp-block-item ultp-block-media post-id-6624\"><div class=\"ultp-block-content-wrap\"><div class=\"ultp-block-content\"><h3 class=\"ultp-block-title \"><a href=\"https:\/\/greencoolschools.eu\/es\/material-didactico-los-secretos-del-suelo\/\">Material did&aacute;ctico Los Secretos del Suelo<\/a><\/h3><div class=\"ultp-block-excerpt\"><p>https:\/\/www.fao.org\/soils-2015\/resources\/educational\/es\/ Aprenda m&aacute;s sobre los suelos a trav&eacute;s de nuestros folletos did&aacute;cticos dirigidos a ni&ntilde;os de 5 a 14 a&ntilde;os.&hellip;<\/p>\n<\/div><\/div><\/div><\/section><\/div><\/div><div class=\"pagination-block-html\" aria-hidden=\"true\" style=\"display: none;\"><\/div><\/div><\/div>\n<\/div>\n<\/div><\/div>\n","protected":false},"excerpt":{"rendered":"<p>Informaci\u00f3n regional: Tipos de suelo Asuntos relacionados en otros pa\u00edses Tipos de suelo t\u00edpicos Hay una gran variedad de suelos diferentes. Tanto el material parental, como las rocas y los dep\u00f3sitos de los r\u00edos, como el clima son responsables de su formaci\u00f3n. La interacci\u00f3n de muchas influencias ambientales y un largo per\u00edodo de tiempo da [&hellip;]<\/p>\n","protected":false},"author":1,"featured_media":0,"parent":3865,"menu_order":990,"comment_status":"closed","ping_status":"closed","template":"","meta":{"site-sidebar-layout":"default","site-content-layout":"","ast-site-content-layout":"default","site-content-style":"default","site-sidebar-style":"default","ast-global-header-display":"","ast-banner-title-visibility":"","ast-main-header-display":"","ast-hfb-above-header-display":"","ast-hfb-below-header-display":"","ast-hfb-mobile-header-display":"","site-post-title":"","ast-breadcrumbs-content":"","ast-featured-img":"","footer-sml-layout":"","ast-disable-related-posts":"","theme-transparent-header-meta":"","adv-header-id-meta":"","stick-header-meta":"","header-above-stick-meta":"","header-main-stick-meta":"","header-below-stick-meta":"","astra-migrate-meta-layouts":"default","ast-page-background-enabled":"default","ast-page-background-meta":{"desktop":{"background-color":"var(--ast-global-color-4)","background-image":"","background-repeat":"repeat","background-position":"center center","background-size":"auto","background-attachment":"scroll","background-type":"","background-media":"","overlay-type":"","overlay-color":"","overlay-opacity":"","overlay-gradient":""},"tablet":{"background-color":"","background-image":"","background-repeat":"repeat","background-position":"center center","background-size":"auto","background-attachment":"scroll","background-type":"","background-media":"","overlay-type":"","overlay-color":"","overlay-opacity":"","overlay-gradient":""},"mobile":{"background-color":"","background-image":"","background-repeat":"repeat","background-position":"center center","background-size":"auto","background-attachment":"scroll","background-type":"","background-media":"","overlay-type":"","overlay-color":"","overlay-opacity":"","overlay-gradient":""}},"ast-content-background-meta":{"desktop":{"background-color":"var(--ast-global-color-5)","background-image":"","background-repeat":"repeat","background-position":"center center","background-size":"auto","background-attachment":"scroll","background-type":"","background-media":"","overlay-type":"","overlay-color":"","overlay-opacity":"","overlay-gradient":""},"tablet":{"background-color":"var(--ast-global-color-5)","background-image":"","background-repeat":"repeat","background-position":"center center","background-size":"auto","background-attachment":"scroll","background-type":"","background-media":"","overlay-type":"","overlay-color":"","overlay-opacity":"","overlay-gradient":""},"mobile":{"background-color":"var(--ast-global-color-5)","background-image":"","background-repeat":"repeat","background-position":"center center","background-size":"auto","background-attachment":"scroll","background-type":"","background-media":"","overlay-type":"","overlay-color":"","overlay-opacity":"","overlay-gradient":""}},"footnotes":""},"categories":[113],"tags":[63],"language":[64],"agegroup":[],"material":[],"topic":[],"folder":[38],"class_list":["post-3867","page","type-page","status-publish","hentry","category-regional-information-es-2","tag-soil-types","language-english"],"_links":{"self":[{"href":"https:\/\/greencoolschools.eu\/es\/wp-json\/wp\/v2\/pages\/3867","targetHints":{"allow":["GET"]}}],"collection":[{"href":"https:\/\/greencoolschools.eu\/es\/wp-json\/wp\/v2\/pages"}],"about":[{"href":"https:\/\/greencoolschools.eu\/es\/wp-json\/wp\/v2\/types\/page"}],"author":[{"embeddable":true,"href":"https:\/\/greencoolschools.eu\/es\/wp-json\/wp\/v2\/users\/1"}],"replies":[{"embeddable":true,"href":"https:\/\/greencoolschools.eu\/es\/wp-json\/wp\/v2\/comments?post=3867"}],"version-history":[{"count":0,"href":"https:\/\/greencoolschools.eu\/es\/wp-json\/wp\/v2\/pages\/3867\/revisions"}],"up":[{"embeddable":true,"href":"https:\/\/greencoolschools.eu\/es\/wp-json\/wp\/v2\/pages\/3865"}],"wp:attachment":[{"href":"https:\/\/greencoolschools.eu\/es\/wp-json\/wp\/v2\/media?parent=3867"}],"wp:term":[{"taxonomy":"category","embeddable":true,"href":"https:\/\/greencoolschools.eu\/es\/wp-json\/wp\/v2\/categories?post=3867"},{"taxonomy":"post_tag","embeddable":true,"href":"https:\/\/greencoolschools.eu\/es\/wp-json\/wp\/v2\/tags?post=3867"},{"taxonomy":"language","embeddable":true,"href":"https:\/\/greencoolschools.eu\/es\/wp-json\/wp\/v2\/language?post=3867"},{"taxonomy":"agegroup","embeddable":true,"href":"https:\/\/greencoolschools.eu\/es\/wp-json\/wp\/v2\/agegroup?post=3867"},{"taxonomy":"material","embeddable":true,"href":"https:\/\/greencoolschools.eu\/es\/wp-json\/wp\/v2\/material?post=3867"},{"taxonomy":"topic","embeddable":true,"href":"https:\/\/greencoolschools.eu\/es\/wp-json\/wp\/v2\/topic?post=3867"},{"taxonomy":"folder","embeddable":true,"href":"https:\/\/greencoolschools.eu\/es\/wp-json\/wp\/v2\/folder?post=3867"}],"curies":[{"name":"wp","href":"https:\/\/api.w.org\/{rel}","templated":true}]}}