{"id":3863,"date":"2022-10-01T18:32:19","date_gmt":"2022-10-01T16:32:19","guid":{"rendered":"https:\/\/greencoolschools.eu\/temas\/suelo\/informacion-regional-suelo\/"},"modified":"2026-01-19T12:42:20","modified_gmt":"2026-01-19T11:42:20","slug":"informacion-regional-suelo","status":"publish","type":"page","link":"https:\/\/greencoolschools.eu\/es\/temas\/suelo\/informacion-regional-suelo\/","title":{"rendered":"Informaci\u00f3n regional: Suelo"},"content":{"rendered":"\n<div class=\"inherit-container-width wp-block-group content-box-intro-outer content-type-regional is-layout-constrained wp-block-group-is-layout-constrained\"><div class=\"wp-block-group__inner-container\">\n<h1 class=\"wp-block-heading\">Informaci&oacute;n regional: Suelo<\/h1>\n<\/div><\/div>\n\n<h2 class=\"wp-block-heading\">Asuntos relacionados en otros pa&iacute;ses<\/h2>\n\n<h3 class=\"wp-block-heading\">&laquo;Historias del suelo&raquo;<\/h3>\n\n<p>El desarrollo del suelo es un proceso largo. La formaci&oacute;n de muchos de nuestros suelos se remonta a la &uacute;ltima edad de hielo, hace m&aacute;s de 10.000 a&ntilde;os. En la secci&oacute;n siguiente, contamos diferentes historias de distintos pa&iacute;ses sobre la formaci&oacute;n de los suelos. Sin embargo, esto es s&oacute;lo un extracto. Puedes encontrar m&aacute;s informaci&oacute;n sobre el suelo y su formaci&oacute;n en el tema &laquo;Suelo&raquo;.<\/p>\n\n<div class=\"inherit-container-width wp-block-group content-box-outer is-layout-constrained wp-block-group-is-layout-constrained\"><div class=\"wp-block-group__inner-container\">\n<div class=\"wp-block-columns content-box-header content-box-header-austria is-layout-flex wp-container-core-columns-is-layout-28f84493 wp-block-columns-is-layout-flex\">\n<div class=\"wp-block-column content-box-header-cols content-box-header-text content-box-header-text-austria is-layout-flow wp-block-column-is-layout-flow\" style=\"flex-basis:75%\">\n<p>AUSTRIA<\/p>\n<\/div>\n\n\n\n<div class=\"wp-block-column content-box-header-cols is-layout-flow wp-block-column-is-layout-flow\" style=\"flex-basis:66.66%\"><\/div>\n<\/div>\n\n\n\n<div class=\"wp-block-columns content-box-body content-box-body-austria is-layout-flex wp-container-core-columns-is-layout-28f84493 wp-block-columns-is-layout-flex\">\n<div class=\"wp-block-column content-box-body-cols content-box-body-image country-box-body-image is-layout-flow wp-block-column-is-layout-flow\" style=\"flex-basis:15%\">\n<figure class=\"wp-block-image aligncenter size-full\"><img loading=\"lazy\" decoding=\"async\" width=\"1000\" height=\"1000\" src=\"https:\/\/greencoolschools.eu\/wp-content\/uploads\/2022\/10\/flag_round_austria.png\" alt=\"\" class=\"wp-image-2381\" srcset=\"https:\/\/greencoolschools.eu\/wp-content\/uploads\/2022\/10\/flag_round_austria.png 1000w, https:\/\/greencoolschools.eu\/wp-content\/uploads\/2022\/10\/flag_round_austria-300x300.png 300w, https:\/\/greencoolschools.eu\/wp-content\/uploads\/2022\/10\/flag_round_austria-150x150.png 150w, https:\/\/greencoolschools.eu\/wp-content\/uploads\/2022\/10\/flag_round_austria-768x768.png 768w\" sizes=\"auto, (max-width: 1000px) 100vw, 1000px\" \/><\/figure>\n<\/div>\n\n\n\n<div class=\"wp-block-column content-box-body-cols content-box-body-text content-box-body-text-austria is-layout-flow wp-block-column-is-layout-flow\" style=\"flex-basis:80%\">\n<p>Los suelos aluviales son suelos comparativamente j&oacute;venes. Los paisajes a lo largo de los r&iacute;os y arroyos que se caracterizan por las inundaciones recurrentes y las fuertes fluctuaciones del nivel de las aguas subterr&aacute;neas se denominan llanuras de inundaci&oacute;n (humedales). Las inundaciones y las fluctuaciones del nivel del agua de los r&iacute;os o arroyos dan lugar a dep&oacute;sitos s&oacute;lidos y aluviales. As&iacute; pues, los materiales parentales de los suelos de las llanuras aluviales son sedimentos, es decir, dep&oacute;sitos (en su mayor&iacute;a estratificados y ordenados) formados por aguas corrientes y material aluvial joven. Por lo tanto, los suelos aluviales suelen tener una estructura en capas, que es el resultado de los dep&oacute;sitos de varias inundaciones. Debido a su juventud, los suelos aluviales suelen estar bien abastecidos de nutrientes.<br>Al principio del desarrollo del suelo en las zonas aluviales, se forma el llamado suelo aluvial bruto. En esta fase inicial, la profundidad del suelo suele ser escasa y el horizonte de humus es todav&iacute;a d&eacute;bil. Dependiendo de las caracter&iacute;sticas, pueden desarrollarse posteriormente diferentes tipos de suelos aluviales. En los r&iacute;os fuertemente fluctuantes, como los de monta&ntilde;a, suelen quedar suelos aluviales en bruto. Son biotopos raros de gran valor para la conservaci&oacute;n de la naturaleza.<\/p>\n<\/div>\n<\/div>\n<\/div><\/div>\n\n<div class=\"inherit-container-width wp-block-group content-box-outer is-layout-constrained wp-block-group-is-layout-constrained\"><div class=\"wp-block-group__inner-container\">\n<div class=\"wp-block-columns content-box-header content-box-header-spain is-layout-flex wp-container-core-columns-is-layout-28f84493 wp-block-columns-is-layout-flex\">\n<div class=\"wp-block-column content-box-header-cols content-box-header-text content-box-header-text-germany is-layout-flow wp-block-column-is-layout-flow\" style=\"flex-basis:75%\">\n<p>ALEMANIA<\/p>\n<\/div>\n\n\n\n<div class=\"wp-block-column content-box-header-cols is-layout-flow wp-block-column-is-layout-flow\" style=\"flex-basis:66.66%\"><\/div>\n<\/div>\n\n\n\n<div class=\"wp-block-columns content-box-body content-box-body-germany is-layout-flex wp-container-core-columns-is-layout-28f84493 wp-block-columns-is-layout-flex\">\n<div class=\"wp-block-column content-box-body-cols content-box-body-image country-box-body-image is-layout-flow wp-block-column-is-layout-flow\" style=\"flex-basis:15%\">\n<figure class=\"wp-block-image aligncenter size-full\"><img loading=\"lazy\" decoding=\"async\" width=\"1000\" height=\"1000\" src=\"https:\/\/greencoolschools.eu\/wp-content\/uploads\/2022\/10\/flag_round_germany.png\" alt=\"\" class=\"wp-image-2391\" srcset=\"https:\/\/greencoolschools.eu\/wp-content\/uploads\/2022\/10\/flag_round_germany.png 1000w, https:\/\/greencoolschools.eu\/wp-content\/uploads\/2022\/10\/flag_round_germany-300x300.png 300w, https:\/\/greencoolschools.eu\/wp-content\/uploads\/2022\/10\/flag_round_germany-150x150.png 150w, https:\/\/greencoolschools.eu\/wp-content\/uploads\/2022\/10\/flag_round_germany-768x768.png 768w\" sizes=\"auto, (max-width: 1000px) 100vw, 1000px\" \/><\/figure>\n<\/div>\n\n\n\n<div class=\"wp-block-column content-box-body-cols content-box-body-text content-box-body-text-germany is-layout-flow wp-block-column-is-layout-flow\" style=\"flex-basis:80%\">\n<p>La tierra cultivable m&aacute;s f&eacute;rtil de Alemania se encuentra en la B&ouml;rde de Magdeburgo. Pero tambi&eacute;n hay suelos muy buenos y f&eacute;rtiles en los alrededores de Halle, en la cuenca de Turingia y en la bah&iacute;a de Colonia. Se conocen como suelo negro y, en parte, tambi&eacute;n suelo pardo.<\/p>\n\n\n\n<p>La &laquo;tierra negra&raquo; (o Chernozem) se form&oacute; donde hab&iacute;a un subsuelo suelto y calc&aacute;reo (principalmente loess) y un clima continental, es decir, veranos muy calurosos y secos e inviernos fr&iacute;os. Aqu&iacute; se formaron estepas con hierbas de fuerte crecimiento, hierbas y grupos individuales de &aacute;rboles. Debido a la sequ&iacute;a en verano y al fr&iacute;o en invierno, las plantas muertas no pudieron ser completamente descompuestas por los organismos del suelo, por lo que se acumul&oacute; una capa de humus cada vez m&aacute;s gruesa. Estas condiciones prevalec&iacute;an en Europa Central hace entre 10.000 y 6.000 a&ntilde;os. Despu&eacute;s, el clima se volvi&oacute; m&aacute;s h&uacute;medo y el bosque se impuso. Bajo la influencia de la vegetaci&oacute;n forestal, parte del suelo negro se convirti&oacute; en suelo pardo. Los suelos negros que quedan en Alemania son, por tanto, reliquias de la era posterior al hielo y si se destruyen (sellado, erosi&oacute;n&hellip;) no pueden restaurarse.<\/p>\n\n\n\n<p>Una tierra negra especial es la Terra Preta. Se cre&oacute; bajo la influencia del hombre, que introdujo en el suelo grandes cantidades de carb&oacute;n vegetal y residuos vegetales. Esto ocurri&oacute; en la regi&oacute;n amaz&oacute;nica, entre otros lugares, pero tambi&eacute;n en partes de Asia, &Aacute;frica y Europa. Hoy en d&iacute;a, Terra Preta se considera una forma de mejorar el suelo y secuestrar carbono.<\/p>\n\n\n\n<p>Fuentes:<\/p>\n\n\n\n<ul class=\"wp-block-list\">\n<li><a href=\"http:\/\/www.lfu.bayern.de\/boden\/erdausstellung\/bodentypen\/index.htm\">Bayrisches Landesamt f&uuml;r Umwelt<\/a> (www.lfu.bayern.de\/boden\/erdausstellung\/bodentypen\/index.htm)<\/li>\n\n\n\n<li><a href=\"https:\/\/www.klett.de\/alias\/1012433\">Klett Verlag<\/a>: Infoblatt Schwarzerde<\/li>\n\n\n\n<li><a href=\"https:\/\/terra-preta.de\/terra-preta-schwarzerde\/entstehung-von-terra-preta\/\">Terra Preta<\/a><\/li>\n<\/ul>\n<\/div>\n<\/div>\n<\/div><\/div>\n\n<div class=\"inherit-container-width wp-block-group content-box-outer is-layout-constrained wp-block-group-is-layout-constrained\"><div class=\"wp-block-group__inner-container\">\n<div class=\"wp-block-columns content-box-header content-box-header-spain is-layout-flex wp-container-core-columns-is-layout-28f84493 wp-block-columns-is-layout-flex\">\n<div class=\"wp-block-column content-box-header-cols content-box-header-text content-box-header-text-spain is-layout-flow wp-block-column-is-layout-flow\" style=\"flex-basis:75%\">\n<p>ESPA&Ntilde;A<\/p>\n<\/div>\n\n\n\n<div class=\"wp-block-column content-box-header-cols is-layout-flow wp-block-column-is-layout-flow\" style=\"flex-basis:66.66%\"><\/div>\n<\/div>\n\n\n\n<div class=\"wp-block-columns content-box-body content-box-body-spain is-layout-flex wp-container-core-columns-is-layout-28f84493 wp-block-columns-is-layout-flex\">\n<div class=\"wp-block-column content-box-body-cols content-box-body-image country-box-body-image is-layout-flow wp-block-column-is-layout-flow\" style=\"flex-basis:15%\">\n<figure class=\"wp-block-image size-full\"><img loading=\"lazy\" decoding=\"async\" width=\"1000\" height=\"1000\" src=\"https:\/\/greencoolschools.eu\/wp-content\/uploads\/2022\/10\/flag_round_spain.png\" alt=\"\" class=\"wp-image-2396\" srcset=\"https:\/\/greencoolschools.eu\/wp-content\/uploads\/2022\/10\/flag_round_spain.png 1000w, https:\/\/greencoolschools.eu\/wp-content\/uploads\/2022\/10\/flag_round_spain-300x300.png 300w, https:\/\/greencoolschools.eu\/wp-content\/uploads\/2022\/10\/flag_round_spain-150x150.png 150w, https:\/\/greencoolschools.eu\/wp-content\/uploads\/2022\/10\/flag_round_spain-768x768.png 768w\" sizes=\"auto, (max-width: 1000px) 100vw, 1000px\" \/><\/figure>\n<\/div>\n\n\n\n<div class=\"wp-block-column content-box-body-cols content-box-body-text content-box-body-text-spain is-layout-flow wp-block-column-is-layout-flow\" style=\"flex-basis:80%\">\n<p>La diversidad de suelos en Espa&ntilde;a es una de las m&aacute;s importantes de Europa y del mundo. La mayor parte de cada una de las subdivisiones de la clasificaci&oacute;n de suelos est&aacute; representada. En Espa&ntilde;a, los suelos zonales se caracterizan por ser suelos maduros y se diferencian por el clima y la litolog&iacute;a de cada zona. No s&oacute;lo hay tipos de suelo representativos de las zonas clim&aacute;ticas actuales, desde los climas fr&iacute;os (alta monta&ntilde;a) hasta los &aacute;ridos y semi&aacute;ridos del sur y este de la pen&iacute;nsula, entre otros, sino que tambi&eacute;n hay tipolog&iacute;as de aridez extrema junto con otras heredadas de climas tropicales del pasado. Desde los suelos de nivel macroclim&aacute;tico atl&aacute;ntico, continental y mediterr&aacute;neo de la Pen&iacute;nsula Ib&eacute;rica, hasta los suelos de origen volc&aacute;nico de las Islas Canarias.<br>Teniendo en cuenta el grado de evoluci&oacute;n de los suelos, en Espa&ntilde;a est&aacute;n representados desde los m&aacute;s j&oacute;venes (Entisoles) y los poco evolucionados (Inceptisoles), hasta los que han alcanzado las &uacute;ltimas etapas de <a href=\"https:\/\/greencoolschools.eu\/es\/glossary\/meteorizacion\/\" target=\"_self\" title='Las influencias f&iacute;sicas, como el viento, el agua, el calor y el fr&iacute;o, o los procesos qu&iacute;micos, como la lixiviaci&oacute;n de tiza de las monta&ntilde;as de piedra caliza, provocan grietas en la roca. Cuando llueve sobre piedra caliza, se forma &aacute;cido carb&oacute;nico (H2CO3) a partir de H2O y CO2 y disuelve la cal. Los organismos del suelo tambi&eacute;n pueden alterar qu&iacute;micamente el suelo y las ra&iacute;ces pueden remodelar mec&aacute;nicamente el suelo. Esto se conoce como \"meteorizaci&oacute;n biol&oacute;gica\".' class=\"encyclopedia\">meteorizaci&oacute;n<\/a> y evoluci&oacute;n (Ultisoles).<\/p>\n\n\n\n<p>Actualmente, el Pa&iacute;s Vasco es la Comunidad Aut&oacute;noma de Espa&ntilde;a con mayor porcentaje de superficie arbolada, representando el 54% de su territorio. Las tierras de cultivo representan el 20% de la superficie total, alcanzando una mayor importancia en la provincia de Araba con el 45%.<\/p>\n\n\n\n<p>Fuentes:<br><a href=\"https:\/\/www.consumer.es\/medio-ambiente\/suelos-en-espana-una-gran-diversidad-en-peligro.html\">https:\/\/www.consumer.es\/medio-ambiente\/suelos-en-espana-una-gran-diversidad-en-peligro.html<\/a><br><a href=\"https:\/\/www.euskadi.eus\/informacion\/suelo\/web01-s2ing\/es\/\">https:\/\/www.euskadi.eus\/informacion\/suelo\/web01-s2ing\/es\/<\/a><\/p>\n<\/div>\n<\/div>\n<\/div><\/div>\n\n<h2 class=\"wp-block-heading\">Informaci&oacute;n espec&iacute;fica del pa&iacute;s<\/h2>\n\n<div class=\"inherit-container-width wp-block-group content-box-outer is-layout-constrained wp-block-group-is-layout-constrained\"><div class=\"wp-block-group__inner-container\">\n<div class=\"wp-block-columns content-box-header content-box-header-related is-layout-flex wp-container-core-columns-is-layout-28f84493 wp-block-columns-is-layout-flex\">\n<div class=\"wp-block-column content-box-header-cols content-box-header-text content-box-header-text-related is-layout-flow wp-block-column-is-layout-flow\" style=\"flex-basis:95%\">\n<p>INFORMACI&Oacute;N REGIONAL<\/p>\n<\/div>\n\n\n\n<div class=\"wp-block-column content-box-header-cols is-layout-flow wp-block-column-is-layout-flow\" style=\"flex-basis:5%\"><\/div>\n<\/div>\n\n\n\n<div class=\"wp-block-columns content-box-body content-box-body-related is-layout-flex wp-container-core-columns-is-layout-28f84493 wp-block-columns-is-layout-flex\">\n<div class=\"wp-block-column content-box-body-cols content-box-body-image is-layout-flow wp-block-column-is-layout-flow\" style=\"flex-basis:25%\">\n<figure class=\"wp-block-image size-full\"><img loading=\"lazy\" decoding=\"async\" width=\"133\" height=\"133\" src=\"https:\/\/greencoolschools.eu\/wp-content\/uploads\/2022\/08\/img_info.png\" alt=\"\" class=\"wp-image-437\"><\/figure>\n<\/div>\n\n\n\n<div class=\"wp-block-column content-box-body-cols content-box-body-text content-box-body-text-related is-layout-flow wp-block-column-is-layout-flow\" style=\"flex-basis:66.66%\"><div class=\"ultp-post-grid-block wp-block-ultimate-post-post-list-3 ultp-block-ff7f2b regional-information-post-list\"><div class=\"ultp-block-wrapper\"><div class=\"ultp-loading\"><div class=\"ultp-loading-blocks\" style=\"width:100%;height:100%;\"><div style=\"left: 0;top: 0;animation-delay:0s;\"><\/div><div style=\"left: 21px;top: 0;animation-delay:0.125s;\"><\/div><div style=\"left: 42px;top: 0;animation-delay:0.25s;\"><\/div><div style=\"left: 0;top: 21px;animation-delay:0.875s;\"><\/div><div style=\"left: 42px;top: 21px;animation-delay:0.375s;\"><\/div><div style=\"left: 0;top: 42px;animation-delay:0.75s;\"><\/div><div style=\"left: 42px;top: 42px;animation-delay:0.625s;\"><\/div><div style=\"left: 21px;top: 42px;animation-delay:0.5s;\"><\/div><\/div><\/div><div class=\"ultp-block-items-wrap ultp-block-row ultp-block-column-1 ultp-block-content-middle ultp-layout1\"><section class=\"ultp-block-item ultp-block-media post-id-8703\"><div class=\"ultp-block-content-wrap\"><div class=\"ultp-block-content\"><h3 class=\"ultp-block-title \"><a href=\"https:\/\/greencoolschools.eu\/es\/dia-mundial-del-suelo-5-de-diciembre\/\">D&iacute;a Mundial del Suelo &ndash; 5 de diciembre<\/a><\/h3><div class=\"ultp-block-excerpt\"><p>https:\/\/www.un.org\/es\/observances\/world-soil-day<\/p>\n<\/div><\/div><\/div><\/section><section class=\"ultp-block-item ultp-block-media post-id-7388\"><div class=\"ultp-block-content-wrap\"><div class=\"ultp-block-content\"><h3 class=\"ultp-block-title \"><a href=\"https:\/\/greencoolschools.eu\/es\/ensenanza-en-la-ciencia-del-suelo\/\">Ense&ntilde;anza en la Ciencia del Suelo<\/a><\/h3><div class=\"ultp-block-excerpt\"><p>http:\/\/edafoeduca.es\/ Fuente: Sociedad Espa&ntilde;ola de la ciencia del suelo<\/p>\n<\/div><\/div><\/div><\/section><section class=\"ultp-block-item ultp-block-media post-id-7382\"><div class=\"ultp-block-content-wrap\"><div class=\"ultp-block-content\"><h3 class=\"ultp-block-title \"><a href=\"https:\/\/greencoolschools.eu\/es\/querida-tierra\/\">Querida Tierra<\/a><\/h3><div class=\"ultp-block-excerpt\"><p>Proyecto para Educaci&oacute;n Infantil de Segundo Ciclo basado en ABP de Ana Guill&eacute;n Fuente: Editorial Casals, V&iacute;deos de materiales educativos&hellip;<\/p>\n<\/div><\/div><\/div><\/section><section class=\"ultp-block-item ultp-block-media post-id-7379\"><div class=\"ultp-block-content-wrap\"><div class=\"ultp-block-content\"><h3 class=\"ultp-block-title \"><a href=\"https:\/\/greencoolschools.eu\/es\/experiencia-educativa-inspiradora-guardians-del-planeta-tierra\/\">Experiencia Educativa Inspiradora &ldquo;Guardian@s del planeta Tierra&rdquo;<\/a><\/h3><div class=\"ultp-block-excerpt\"><p>https:\/\/intef.es\/Noticias\/experiencia-educativa-inspiradora-guardians-del-planeta-tierra\/ Fuente: Instituto Nacional de Tecnolog&iacute;as Educativas y de Formaci&oacute;n del Profesorado (INTEF)<\/p>\n<\/div><\/div><\/div><\/section><section class=\"ultp-block-item ultp-block-media post-id-7376\"><div class=\"ultp-block-content-wrap\"><div class=\"ultp-block-content\"><h3 class=\"ultp-block-title \"><a href=\"https:\/\/greencoolschools.eu\/es\/amarauna-una-web-que-recopila-documentos-y-recursos-educativos\/\">Amarauna, una web que recopila documentos y recursos educativos<\/a><\/h3><div class=\"ultp-block-excerpt\"><p>https:\/\/www.amarauna.euskadi.eus\/es\/recurso\/la-tierra-2\/244b916e-df5b-4aa1-a482-2c364bcca82a<\/p>\n<\/div><\/div><\/div><\/section><section class=\"ultp-block-item ultp-block-media post-id-6636\"><div class=\"ultp-block-content-wrap\"><div class=\"ultp-block-content\"><h3 class=\"ultp-block-title \"><a href=\"https:\/\/greencoolschools.eu\/es\/el-juego-del-suelo\/\">El juego del suelo<\/a><\/h3><div class=\"ultp-block-excerpt\"><p>http:\/\/www.suelos2015.es\/materiales\/juego\/juego-del-suelo Material did&aacute;ctico dirigido al p&uacute;blico general y que, siguiendo una din&aacute;mica similar al Juego de la Oca, busca transmitir&hellip;<\/p>\n<\/div><\/div><\/div><\/section><section class=\"ultp-block-item ultp-block-media post-id-6627\"><div class=\"ultp-block-content-wrap\"><div class=\"ultp-block-content\"><h3 class=\"ultp-block-title \"><a href=\"https:\/\/greencoolschools.eu\/es\/programa-interactivo-para-el-conocimiento-del-suelo\/\">Programa interactivo para el conocimiento del suelo<\/a><\/h3><div class=\"ultp-block-excerpt\"><p>https:\/\/cienciadelsuelo.es\/index.html El suelo, epidermis viva de la tierra Fuente: Edafos<\/p>\n<\/div><\/div><\/div><\/section><section class=\"ultp-block-item ultp-block-media post-id-6624\"><div class=\"ultp-block-content-wrap\"><div class=\"ultp-block-content\"><h3 class=\"ultp-block-title \"><a href=\"https:\/\/greencoolschools.eu\/es\/material-didactico-los-secretos-del-suelo\/\">Material did&aacute;ctico Los Secretos del Suelo<\/a><\/h3><div class=\"ultp-block-excerpt\"><p>https:\/\/www.fao.org\/soils-2015\/resources\/educational\/es\/ Aprenda m&aacute;s sobre los suelos a trav&eacute;s de nuestros folletos did&aacute;cticos dirigidos a ni&ntilde;os de 5 a 14 a&ntilde;os.&hellip;<\/p>\n<\/div><\/div><\/div><\/section><\/div><\/div><div class=\"pagination-block-html\" aria-hidden=\"true\" style=\"display: none;\"><\/div><\/div><\/div>\n<\/div>\n<\/div><\/div>\n","protected":false},"excerpt":{"rendered":"<p>Informaci\u00f3n regional: Suelo Asuntos relacionados en otros pa\u00edses \u00abHistorias del suelo\u00bb El desarrollo del suelo es un proceso largo. La formaci\u00f3n de muchos de nuestros suelos se remonta a la \u00faltima edad de hielo, hace m\u00e1s de 10.000 a\u00f1os. En la secci\u00f3n siguiente, contamos diferentes historias de distintos pa\u00edses sobre la formaci\u00f3n de los suelos. [&hellip;]<\/p>\n","protected":false},"author":1,"featured_media":0,"parent":3851,"menu_order":990,"comment_status":"closed","ping_status":"closed","template":"","meta":{"site-sidebar-layout":"default","site-content-layout":"","ast-site-content-layout":"default","site-content-style":"default","site-sidebar-style":"default","ast-global-header-display":"","ast-banner-title-visibility":"","ast-main-header-display":"","ast-hfb-above-header-display":"","ast-hfb-below-header-display":"","ast-hfb-mobile-header-display":"","site-post-title":"","ast-breadcrumbs-content":"","ast-featured-img":"","footer-sml-layout":"","ast-disable-related-posts":"","theme-transparent-header-meta":"","adv-header-id-meta":"","stick-header-meta":"","header-above-stick-meta":"","header-main-stick-meta":"","header-below-stick-meta":"","astra-migrate-meta-layouts":"default","ast-page-background-enabled":"default","ast-page-background-meta":{"desktop":{"background-color":"var(--ast-global-color-4)","background-image":"","background-repeat":"repeat","background-position":"center center","background-size":"auto","background-attachment":"scroll","background-type":"","background-media":"","overlay-type":"","overlay-color":"","overlay-opacity":"","overlay-gradient":""},"tablet":{"background-color":"","background-image":"","background-repeat":"repeat","background-position":"center center","background-size":"auto","background-attachment":"scroll","background-type":"","background-media":"","overlay-type":"","overlay-color":"","overlay-opacity":"","overlay-gradient":""},"mobile":{"background-color":"","background-image":"","background-repeat":"repeat","background-position":"center center","background-size":"auto","background-attachment":"scroll","background-type":"","background-media":"","overlay-type":"","overlay-color":"","overlay-opacity":"","overlay-gradient":""}},"ast-content-background-meta":{"desktop":{"background-color":"var(--ast-global-color-5)","background-image":"","background-repeat":"repeat","background-position":"center center","background-size":"auto","background-attachment":"scroll","background-type":"","background-media":"","overlay-type":"","overlay-color":"","overlay-opacity":"","overlay-gradient":""},"tablet":{"background-color":"var(--ast-global-color-5)","background-image":"","background-repeat":"repeat","background-position":"center center","background-size":"auto","background-attachment":"scroll","background-type":"","background-media":"","overlay-type":"","overlay-color":"","overlay-opacity":"","overlay-gradient":""},"mobile":{"background-color":"var(--ast-global-color-5)","background-image":"","background-repeat":"repeat","background-position":"center center","background-size":"auto","background-attachment":"scroll","background-type":"","background-media":"","overlay-type":"","overlay-color":"","overlay-opacity":"","overlay-gradient":""}},"footnotes":""},"categories":[113],"tags":[65],"language":[64],"agegroup":[],"material":[],"topic":[],"folder":[58],"class_list":["post-3863","page","type-page","status-publish","hentry","category-regional-information-es-2","tag-soil","language-english"],"_links":{"self":[{"href":"https:\/\/greencoolschools.eu\/es\/wp-json\/wp\/v2\/pages\/3863","targetHints":{"allow":["GET"]}}],"collection":[{"href":"https:\/\/greencoolschools.eu\/es\/wp-json\/wp\/v2\/pages"}],"about":[{"href":"https:\/\/greencoolschools.eu\/es\/wp-json\/wp\/v2\/types\/page"}],"author":[{"embeddable":true,"href":"https:\/\/greencoolschools.eu\/es\/wp-json\/wp\/v2\/users\/1"}],"replies":[{"embeddable":true,"href":"https:\/\/greencoolschools.eu\/es\/wp-json\/wp\/v2\/comments?post=3863"}],"version-history":[{"count":0,"href":"https:\/\/greencoolschools.eu\/es\/wp-json\/wp\/v2\/pages\/3863\/revisions"}],"up":[{"embeddable":true,"href":"https:\/\/greencoolschools.eu\/es\/wp-json\/wp\/v2\/pages\/3851"}],"wp:attachment":[{"href":"https:\/\/greencoolschools.eu\/es\/wp-json\/wp\/v2\/media?parent=3863"}],"wp:term":[{"taxonomy":"category","embeddable":true,"href":"https:\/\/greencoolschools.eu\/es\/wp-json\/wp\/v2\/categories?post=3863"},{"taxonomy":"post_tag","embeddable":true,"href":"https:\/\/greencoolschools.eu\/es\/wp-json\/wp\/v2\/tags?post=3863"},{"taxonomy":"language","embeddable":true,"href":"https:\/\/greencoolschools.eu\/es\/wp-json\/wp\/v2\/language?post=3863"},{"taxonomy":"agegroup","embeddable":true,"href":"https:\/\/greencoolschools.eu\/es\/wp-json\/wp\/v2\/agegroup?post=3863"},{"taxonomy":"material","embeddable":true,"href":"https:\/\/greencoolschools.eu\/es\/wp-json\/wp\/v2\/material?post=3863"},{"taxonomy":"topic","embeddable":true,"href":"https:\/\/greencoolschools.eu\/es\/wp-json\/wp\/v2\/topic?post=3863"},{"taxonomy":"folder","embeddable":true,"href":"https:\/\/greencoolschools.eu\/es\/wp-json\/wp\/v2\/folder?post=3863"}],"curies":[{"name":"wp","href":"https:\/\/api.w.org\/{rel}","templated":true}]}}