{"id":3861,"date":"2022-10-04T05:59:31","date_gmt":"2022-10-04T03:59:31","guid":{"rendered":"https:\/\/greencoolschools.eu\/temas\/cuidado-de-las-plantas\/informacion-regional-cuidado-de-plantas\/"},"modified":"2026-01-19T12:40:26","modified_gmt":"2026-01-19T11:40:26","slug":"informacion-regional-cuidado-de-plantas","status":"publish","type":"page","link":"https:\/\/greencoolschools.eu\/es\/temas\/cuidado-de-las-plantas\/informacion-regional-cuidado-de-plantas\/","title":{"rendered":"Informaci\u00f3n regional: Cuidado de plantas"},"content":{"rendered":"\n<div class=\"inherit-container-width wp-block-group content-box-intro-outer content-type-regional is-layout-constrained wp-block-group-is-layout-constrained\"><div class=\"wp-block-group__inner-container\">\n<h1 class=\"wp-block-heading\">Informaci&oacute;n regional: Cuidado de plantas<\/h1>\n<\/div><\/div>\n\n<h2 class=\"wp-block-heading\">Asuntos relacionados en otros pa&iacute;ses<\/h2>\n\n<h3 class=\"wp-block-heading\"><strong>Plantas, factores de crecimiento y clima<\/strong><\/h3>\n\n<p>El agua es uno de los factores de crecimiento m&aacute;s importantes para las plantas (v&eacute;ase: cuidado de plantas). La cantidad de agua disponible para la planta influye, entre otras cosas, en qu&eacute; plantas pueden prosperar en un lugar y c&oacute;mo se desarrollan. Tanto las precipitaciones como el <a href=\"https:\/\/greencoolschools.eu\/es\/glossary\/tipo-de-suelo\/\" target=\"_self\" title=\"Para clasificar los diferentes suelos, se hace una distinci&oacute;n entre tipos de suelo como suelo pardo, podsol, gley, etc. Los tipos de suelo se clasifican sistem&aacute;ticamente con caracter&iacute;sticas y propiedades de diagn&oacute;stico. Los horizontes caracter&iacute;sticos y las secuencias de horizontes juegan un papel importante para la clasificaci&oacute;n.\" class=\"encyclopedia\">tipo de suelo<\/a> (ver: tipos de suelo) influyen en la disponibilidad de agua para las plantas.<br>Desde el punto de vista del agua como factor de crecimiento, las precipitaciones y la sequ&iacute;a, se presentan aqu&iacute; los pa&iacute;ses del proyecto y sus regiones con las precipitaciones m&aacute;s bajas.<\/p>\n\n<div class=\"inherit-container-width wp-block-group content-box-outer is-layout-constrained wp-block-group-is-layout-constrained\"><div class=\"wp-block-group__inner-container\">\n<div class=\"wp-block-columns content-box-header content-box-header-austria is-layout-flex wp-container-core-columns-is-layout-28f84493 wp-block-columns-is-layout-flex\">\n<div class=\"wp-block-column content-box-header-cols content-box-header-text content-box-header-text-austria is-layout-flow wp-block-column-is-layout-flow\" style=\"flex-basis:75%\">\n<p>AUSTRIA<\/p>\n<\/div>\n\n\n\n<div class=\"wp-block-column content-box-header-cols is-layout-flow wp-block-column-is-layout-flow\" style=\"flex-basis:66.66%\"><\/div>\n<\/div>\n\n\n\n<div class=\"wp-block-columns content-box-body content-box-body-spain is-layout-flex wp-container-core-columns-is-layout-28f84493 wp-block-columns-is-layout-flex\">\n<div class=\"wp-block-column content-box-body-cols content-box-body-image country-box-body-image is-layout-flow wp-block-column-is-layout-flow\" style=\"flex-basis:15%\">\n<figure class=\"wp-block-image size-full\"><img loading=\"lazy\" decoding=\"async\" width=\"1000\" height=\"1000\" src=\"https:\/\/greencoolschools.eu\/wp-content\/uploads\/2022\/10\/flag_round_austria.png\" alt=\"\" class=\"wp-image-2381\" srcset=\"https:\/\/greencoolschools.eu\/wp-content\/uploads\/2022\/10\/flag_round_austria.png 1000w, https:\/\/greencoolschools.eu\/wp-content\/uploads\/2022\/10\/flag_round_austria-300x300.png 300w, https:\/\/greencoolschools.eu\/wp-content\/uploads\/2022\/10\/flag_round_austria-150x150.png 150w, https:\/\/greencoolschools.eu\/wp-content\/uploads\/2022\/10\/flag_round_austria-768x768.png 768w\" sizes=\"auto, (max-width: 1000px) 100vw, 1000px\" \/><\/figure>\n<\/div>\n\n\n\n<div class=\"wp-block-column content-box-body-cols content-box-body-text content-box-body-text-austria is-layout-flow wp-block-column-is-layout-flow\" style=\"flex-basis:80%\">\n<p>La <strong>madreselva europea (<\/strong><strong><em>Lonicera periclymenum<\/em><\/strong><strong>)<\/strong> es una planta trepadora decorativa, arom&aacute;tica y de f&aacute;cil cuidado. Es especialmente adecuada para trepar por vallas y muros, as&iacute; como para reverdecer fachadas. Esta planta trepadora parecida a la liana se conoce como &laquo;madreselva&raquo;. Crece hasta 1,5 m por a&ntilde;o y alcanza una altura de 3 a 6 m. La madreselva com&uacute;n florece durante todo el verano, de junio a agosto, y es intensamente arom&aacute;tica, sobre todo en las horas de la tarde. Por eso la planta trepadora es visitada por muchas polillas, pero tambi&eacute;n por abejorros y abejas de lengua larga. A partir de agosto, la planta se adorna con brillantes bayas rojas que son un importante alimento para las aves. Sin embargo, las bayas son ligeramente venenosas para los humanos. Esta especie de madreselva no s&oacute;lo es originaria de Austria, sino que se encuentra en muchos pa&iacute;ses europeos, desde el centro hasta el sur de Europa, pero tambi&eacute;n en el norte, como Suecia, Noruega e Inglaterra.<\/p>\n\n\n\n<p>Algunos ejemplos de otras plantas trepadoras aut&oacute;ctonas de Austria:<br><em>Clematis vitalba:<\/em> barba de viejo \/ alegr&iacute;a del viajero<br>Hedera<em>helix:<\/em> hiedra com&uacute;n<br><em>Rosa canina:<\/em> rosa canina \/ zarza silvestre<\/p>\n<\/div>\n<\/div>\n<\/div><\/div>\n\n<div class=\"inherit-container-width wp-block-group content-box-outer is-layout-constrained wp-block-group-is-layout-constrained\"><div class=\"wp-block-group__inner-container\">\n<div class=\"wp-block-columns content-box-header content-box-header-spain is-layout-flex wp-container-core-columns-is-layout-28f84493 wp-block-columns-is-layout-flex\">\n<div class=\"wp-block-column content-box-header-cols content-box-header-text content-box-header-text-germany is-layout-flow wp-block-column-is-layout-flow\" style=\"flex-basis:75%\">\n<p>ALEMANIA<\/p>\n<\/div>\n\n\n\n<div class=\"wp-block-column content-box-header-cols is-layout-flow wp-block-column-is-layout-flow\" style=\"flex-basis:66.66%\"><\/div>\n<\/div>\n\n\n\n<div class=\"wp-block-columns content-box-body content-box-body-germany is-layout-flex wp-container-core-columns-is-layout-28f84493 wp-block-columns-is-layout-flex\">\n<div class=\"wp-block-column content-box-body-cols content-box-body-image country-box-body-image is-layout-flow wp-block-column-is-layout-flow\" style=\"flex-basis:15%\">\n<figure class=\"wp-block-image aligncenter size-full\"><img loading=\"lazy\" decoding=\"async\" width=\"1000\" height=\"1000\" src=\"https:\/\/greencoolschools.eu\/wp-content\/uploads\/2022\/10\/flag_round_germany.png\" alt=\"\" class=\"wp-image-2391\" srcset=\"https:\/\/greencoolschools.eu\/wp-content\/uploads\/2022\/10\/flag_round_germany.png 1000w, https:\/\/greencoolschools.eu\/wp-content\/uploads\/2022\/10\/flag_round_germany-300x300.png 300w, https:\/\/greencoolschools.eu\/wp-content\/uploads\/2022\/10\/flag_round_germany-150x150.png 150w, https:\/\/greencoolschools.eu\/wp-content\/uploads\/2022\/10\/flag_round_germany-768x768.png 768w\" sizes=\"auto, (max-width: 1000px) 100vw, 1000px\" \/><\/figure>\n<\/div>\n\n\n\n<div class=\"wp-block-column content-box-body-cols content-box-body-text content-box-body-text-germany is-layout-flow wp-block-column-is-layout-flow\" style=\"flex-basis:80%\">\n<p>Gran parte de las precipitaciones en Alemania llegan a trav&eacute;s de zonas de bajas presiones procedentes del oeste. De ello se deduce que las precipitaciones disminuyen de oeste a este. Adem&aacute;s, las monta&ntilde;as act&uacute;an como frenos de la lluvia, es decir, la precipitaci&oacute;n cae principalmente en el lado meteorol&oacute;gico de las monta&ntilde;as (oeste), en cambio es m&aacute;s seca en el lado opuesto al viento.<\/p>\n\n\n\n<p>Esto hace que la cuenca baja y las zonas de sotavento del este sean las regiones m&aacute;s secas de Alemania, con menos de 500 mil&iacute;metros de precipitaciones al a&ntilde;o en algunos casos. Al este de los montes Harz y de Turingia (&laquo;Zona seca de Alemania Central&raquo;) y en el Oderbruch, s&oacute;lo se alcanzan unos 450 mil&iacute;metros al a&ntilde;o. En cambio, las grandes altitudes de los Alpes son especialmente h&uacute;medas, al igual que las cordilleras bajas como los Vosgos, la Selva Negra, el Harz, la Selva de Turingia, la Selva de Bohemia y los Montes Met&aacute;licos. A menudo llueven m&aacute;s de 1800 mil&iacute;metros al a&ntilde;o.<\/p>\n\n\n\n<p><strong>Fuentes:<\/strong><\/p>\n\n\n\n<ul class=\"wp-block-list\">\n<li><a rel=\"noreferrer noopener\" href=\"https:\/\/diercke.westermann.de\/content\/deutschland-niederschl%C3%A4ge-im-jahr-978-3-14-100800-5-55-3-1\" target=\"_blank\">https:\/\/diercke.westermann.de\/content\/deutschland-niederschlC3A4ge-im-jahr-978-3-14-100800-5-55-3-1<\/a> <a rel=\"noreferrer noopener\" href=\"https:\/\/www.wetter.com\/wetterlexikon\/n\/niederschlagsmenge_aid_57c02502cebfc0635a8b456a.html\" target=\"_blank\">1<\/a><\/li>\n\n\n\n<li><a href=\"https:\/\/www.wetter.com\/wetterlexikon\/n\/niederschlagsmenge_aid_57c02502cebfc0635a8b456a.html\">https:\/\/www.wetter.com\/wetterlexikon\/n\/niederschlagsmenge_aid_57c02502cebfc0635a8b456a.html<\/a><\/li>\n<\/ul>\n<\/div>\n<\/div>\n<\/div><\/div>\n\n<div class=\"inherit-container-width wp-block-group content-box-outer is-layout-constrained wp-block-group-is-layout-constrained\"><div class=\"wp-block-group__inner-container\">\n<div class=\"wp-block-columns content-box-header content-box-header-spain is-layout-flex wp-container-core-columns-is-layout-28f84493 wp-block-columns-is-layout-flex\">\n<div class=\"wp-block-column content-box-header-cols content-box-header-text content-box-header-text-spain is-layout-flow wp-block-column-is-layout-flow\" style=\"flex-basis:75%\">\n<p>ESPA&Ntilde;A<\/p>\n<\/div>\n\n\n\n<div class=\"wp-block-column content-box-header-cols is-layout-flow wp-block-column-is-layout-flow\" style=\"flex-basis:66.66%\"><\/div>\n<\/div>\n\n\n\n<div class=\"wp-block-columns content-box-body content-box-body-spain is-layout-flex wp-container-core-columns-is-layout-28f84493 wp-block-columns-is-layout-flex\">\n<div class=\"wp-block-column content-box-body-cols content-box-body-image country-box-body-image is-layout-flow wp-block-column-is-layout-flow\" style=\"flex-basis:15%\">\n<figure class=\"wp-block-image aligncenter size-full\"><img loading=\"lazy\" decoding=\"async\" width=\"1000\" height=\"1000\" src=\"https:\/\/greencoolschools.eu\/wp-content\/uploads\/2022\/10\/flag_round_spain.png\" alt=\"\" class=\"wp-image-2396\" srcset=\"https:\/\/greencoolschools.eu\/wp-content\/uploads\/2022\/10\/flag_round_spain.png 1000w, https:\/\/greencoolschools.eu\/wp-content\/uploads\/2022\/10\/flag_round_spain-300x300.png 300w, https:\/\/greencoolschools.eu\/wp-content\/uploads\/2022\/10\/flag_round_spain-150x150.png 150w, https:\/\/greencoolschools.eu\/wp-content\/uploads\/2022\/10\/flag_round_spain-768x768.png 768w\" sizes=\"auto, (max-width: 1000px) 100vw, 1000px\" \/><\/figure>\n<\/div>\n\n\n\n<div class=\"wp-block-column content-box-body-cols content-box-body-text content-box-body-text-spain is-layout-flow wp-block-column-is-layout-flow\" style=\"flex-basis:80%\">\n<p>Las precipitaciones registradas en Espa&ntilde;a var&iacute;an mucho seg&uacute;n la zona geogr&aacute;fica de que se trate. Las precipitaciones disminuyen de norte a sur y las de la vertiente atl&aacute;ntica son mayores que las de la vertiente mediterr&aacute;nea. El valor medio de precipitaci&oacute;n en la Espa&ntilde;a peninsular fue de 569 mm en 2021.<br>Las ciudades con m&aacute;s d&iacute;as de lluvia al a&ntilde;o, seg&uacute;n datos de la AEMET, son las del norte. Donostia destaca con 141,1 d&iacute;as de lluvia, Santiago de <a href=\"https:\/\/greencoolschools.eu\/es\/glossary\/compost\/\" target=\"_self\" title=\"El compost es un fertilizante y acondicionador del suelo rico en humus y nutrientes que es el producto final del compostaje de material org&aacute;nico.\" class=\"encyclopedia\">Compost<\/a>ela 139,5 d&iacute;as y Pontevedra 131,3 d&iacute;as. <\/p>\n\n\n\n<p>Sin embargo, en t&eacute;rminos de acumulaci&oacute;n, la mayor precipitaci&oacute;n media mensual se da en Vigo, donde se acumula una media de 1791 l\/m&sup2; al a&ntilde;o (1507 en Donostia).<\/p>\n\n\n\n<p>Las localidades m&aacute;s secas de Espa&ntilde;a, en cambio, son la isla de Fuerteventura (Canarias), donde las precipitaciones apenas alcanzan los 98 litros por metro cuadrado de media al a&ntilde;o, y Cabo de Gata (Almer&iacute;a), con precipitaciones de 120 litros por metro cuadrado al a&ntilde;o. Por provincias, Murcia es la regi&oacute;n espa&ntilde;ola m&aacute;s seca, con un 32% de territorio &aacute;rido.<\/p>\n\n\n\n<p>Fuentes:<br><a href=\"http:\/\/atlasnacional.ign.es\/wane\/Clima\">http:\/\/atlasnacional.ign.es\/wane\/Clima<\/a><br><a href=\"https:\/\/www.ign.es\/espmap\/mapas_clima_bach\/Mapa_clima_05.htm\">https:\/\/www.ign.es\/espmap\/mapas_clima_bach\/Mapa_clima_05.htm<\/a><br><a href=\"https:\/\/www.enterat.com\/servicios\/ciudades-mas-lluviosas-espana.php\">https:\/\/www.enterat.com\/servicios\/ciudades-mas-lluviosas-espana.php<\/a><br><a href=\"https:\/\/www.radiocable.com\/localidades-frias-calidas-lluviosas-secaespa428.html\">https:\/\/www.radiocable.com\/localidades-frias-calidas-lluviosas-secaespa428.html<\/a><br><a href=\"https:\/\/www.eltiempo.es\/noticias\/las-ciudades-mas-lluviosas-de-espana\">https:\/\/www.eltiempo.es\/noticias\/las-ciudades-mas-lluviosas-de-espana<\/a><\/p>\n<\/div>\n<\/div>\n<\/div><\/div>\n\n<h2 class=\"wp-block-heading\">Informaci&oacute;n espec&iacute;fica del pa&iacute;s<\/h2>\n\n<div class=\"inherit-container-width wp-block-group content-box-outer is-layout-constrained wp-block-group-is-layout-constrained\"><div class=\"wp-block-group__inner-container\">\n<div class=\"wp-block-columns content-box-header content-box-header-related is-layout-flex wp-container-core-columns-is-layout-28f84493 wp-block-columns-is-layout-flex\">\n<div class=\"wp-block-column content-box-header-cols content-box-header-text content-box-header-text-related is-layout-flow wp-block-column-is-layout-flow\" style=\"flex-basis:95%\">\n<p>INFORMACI&Oacute;N REGIONAL<\/p>\n<\/div>\n\n\n\n<div class=\"wp-block-column content-box-header-cols is-layout-flow wp-block-column-is-layout-flow\" style=\"flex-basis:5%\"><\/div>\n<\/div>\n\n\n\n<div class=\"wp-block-columns content-box-body content-box-body-related is-layout-flex wp-container-core-columns-is-layout-28f84493 wp-block-columns-is-layout-flex\">\n<div class=\"wp-block-column content-box-body-cols content-box-body-image is-layout-flow wp-block-column-is-layout-flow\" style=\"flex-basis:25%\">\n<figure class=\"wp-block-image size-full\"><img loading=\"lazy\" decoding=\"async\" width=\"133\" height=\"133\" src=\"https:\/\/greencoolschools.eu\/wp-content\/uploads\/2022\/08\/img_info.png\" alt=\"\" class=\"wp-image-437\"><\/figure>\n<\/div>\n\n\n\n<div class=\"wp-block-column content-box-body-cols content-box-body-text content-box-body-text-related is-layout-flow wp-block-column-is-layout-flow\" style=\"flex-basis:66.66%\"><div class=\"ultp-post-grid-block wp-block-ultimate-post-post-list-3 ultp-block-50df7c regional-information-post-list\"><div class=\"ultp-block-wrapper\"><div class=\"ultp-loading\"><div class=\"ultp-loading-blocks\" style=\"width:100%;height:100%;\"><div style=\"left: 0;top: 0;animation-delay:0s;\"><\/div><div style=\"left: 21px;top: 0;animation-delay:0.125s;\"><\/div><div style=\"left: 42px;top: 0;animation-delay:0.25s;\"><\/div><div style=\"left: 0;top: 21px;animation-delay:0.875s;\"><\/div><div style=\"left: 42px;top: 21px;animation-delay:0.375s;\"><\/div><div style=\"left: 0;top: 42px;animation-delay:0.75s;\"><\/div><div style=\"left: 42px;top: 42px;animation-delay:0.625s;\"><\/div><div style=\"left: 21px;top: 42px;animation-delay:0.5s;\"><\/div><\/div><\/div><div class=\"ultp-block-items-wrap ultp-block-row ultp-block-column-1 ultp-block-content-middle ultp-layout1\"><section class=\"ultp-block-item ultp-block-media post-id-6645\"><div class=\"ultp-block-content-wrap\"><div class=\"ultp-block-content\"><h3 class=\"ultp-block-title \"><a href=\"https:\/\/greencoolschools.eu\/es\/unidad-didactica-de-las-plantas-cuaderno-de-trabajo\/\">Unidad did&aacute;ctica de las Plantas &ndash; Cuaderno de trabajo<\/a><\/h3><div class=\"ultp-block-excerpt\"><p>https:\/\/www3.gobiernodecanarias.org\/medusa\/proyecto\/38011546-0002\/wp-content\/uploads\/sites\/299\/2017\/11\/cuadernillo-sobre-plantas.pdf Fichas para hacer actividades. El Proyecto Medusa es un macroproyecto de innovaci&oacute;n educativa Fuente: Gobierno de Canarias<\/p>\n<\/div><\/div><\/div><\/section><section class=\"ultp-block-item ultp-block-media post-id-6591\"><div class=\"ultp-block-content-wrap\"><div class=\"ultp-block-content\"><h3 class=\"ultp-block-title \"><a href=\"https:\/\/greencoolschools.eu\/es\/video-sobre-reverdecer-la-escuela\/\">Video sobre Reverdecer la escuela<\/a><\/h3><div class=\"ultp-block-excerpt\"><p>Reverdecer, re-naturalizar, tener un rinc&oacute;n de naturaleza en el centro educativo es fundamental para mejorar la (re)conexi&oacute;n con la naturaleza&hellip;<\/p>\n<\/div><\/div><\/div><\/section><\/div><\/div><div class=\"pagination-block-html\" aria-hidden=\"true\" style=\"display: none;\"><\/div><\/div><\/div>\n<\/div>\n<\/div><\/div>\n","protected":false},"excerpt":{"rendered":"<p>Informaci\u00f3n regional: Cuidado de plantas Asuntos relacionados en otros pa\u00edses Plantas, factores de crecimiento y clima El agua es uno de los factores de crecimiento m\u00e1s importantes para las plantas (v\u00e9ase: cuidado de plantas). La cantidad de agua disponible para la planta influye, entre otras cosas, en qu\u00e9 plantas pueden prosperar en un lugar y [&hellip;]<\/p>\n","protected":false},"author":1,"featured_media":0,"parent":2616,"menu_order":990,"comment_status":"closed","ping_status":"closed","template":"","meta":{"site-sidebar-layout":"default","site-content-layout":"","ast-site-content-layout":"default","site-content-style":"default","site-sidebar-style":"default","ast-global-header-display":"","ast-banner-title-visibility":"","ast-main-header-display":"","ast-hfb-above-header-display":"","ast-hfb-below-header-display":"","ast-hfb-mobile-header-display":"","site-post-title":"","ast-breadcrumbs-content":"","ast-featured-img":"","footer-sml-layout":"","ast-disable-related-posts":"","theme-transparent-header-meta":"","adv-header-id-meta":"","stick-header-meta":"","header-above-stick-meta":"","header-main-stick-meta":"","header-below-stick-meta":"","astra-migrate-meta-layouts":"default","ast-page-background-enabled":"default","ast-page-background-meta":{"desktop":{"background-color":"var(--ast-global-color-4)","background-image":"","background-repeat":"repeat","background-position":"center center","background-size":"auto","background-attachment":"scroll","background-type":"","background-media":"","overlay-type":"","overlay-color":"","overlay-opacity":"","overlay-gradient":""},"tablet":{"background-color":"","background-image":"","background-repeat":"repeat","background-position":"center center","background-size":"auto","background-attachment":"scroll","background-type":"","background-media":"","overlay-type":"","overlay-color":"","overlay-opacity":"","overlay-gradient":""},"mobile":{"background-color":"","background-image":"","background-repeat":"repeat","background-position":"center center","background-size":"auto","background-attachment":"scroll","background-type":"","background-media":"","overlay-type":"","overlay-color":"","overlay-opacity":"","overlay-gradient":""}},"ast-content-background-meta":{"desktop":{"background-color":"var(--ast-global-color-5)","background-image":"","background-repeat":"repeat","background-position":"center center","background-size":"auto","background-attachment":"scroll","background-type":"","background-media":"","overlay-type":"","overlay-color":"","overlay-opacity":"","overlay-gradient":""},"tablet":{"background-color":"var(--ast-global-color-5)","background-image":"","background-repeat":"repeat","background-position":"center center","background-size":"auto","background-attachment":"scroll","background-type":"","background-media":"","overlay-type":"","overlay-color":"","overlay-opacity":"","overlay-gradient":""},"mobile":{"background-color":"var(--ast-global-color-5)","background-image":"","background-repeat":"repeat","background-position":"center center","background-size":"auto","background-attachment":"scroll","background-type":"","background-media":"","overlay-type":"","overlay-color":"","overlay-opacity":"","overlay-gradient":""}},"footnotes":""},"categories":[113],"tags":[68],"language":[64],"agegroup":[],"material":[],"topic":[],"folder":[61],"class_list":["post-3861","page","type-page","status-publish","hentry","category-regional-information-es-2","tag-plant-care","language-english"],"_links":{"self":[{"href":"https:\/\/greencoolschools.eu\/es\/wp-json\/wp\/v2\/pages\/3861","targetHints":{"allow":["GET"]}}],"collection":[{"href":"https:\/\/greencoolschools.eu\/es\/wp-json\/wp\/v2\/pages"}],"about":[{"href":"https:\/\/greencoolschools.eu\/es\/wp-json\/wp\/v2\/types\/page"}],"author":[{"embeddable":true,"href":"https:\/\/greencoolschools.eu\/es\/wp-json\/wp\/v2\/users\/1"}],"replies":[{"embeddable":true,"href":"https:\/\/greencoolschools.eu\/es\/wp-json\/wp\/v2\/comments?post=3861"}],"version-history":[{"count":0,"href":"https:\/\/greencoolschools.eu\/es\/wp-json\/wp\/v2\/pages\/3861\/revisions"}],"up":[{"embeddable":true,"href":"https:\/\/greencoolschools.eu\/es\/wp-json\/wp\/v2\/pages\/2616"}],"wp:attachment":[{"href":"https:\/\/greencoolschools.eu\/es\/wp-json\/wp\/v2\/media?parent=3861"}],"wp:term":[{"taxonomy":"category","embeddable":true,"href":"https:\/\/greencoolschools.eu\/es\/wp-json\/wp\/v2\/categories?post=3861"},{"taxonomy":"post_tag","embeddable":true,"href":"https:\/\/greencoolschools.eu\/es\/wp-json\/wp\/v2\/tags?post=3861"},{"taxonomy":"language","embeddable":true,"href":"https:\/\/greencoolschools.eu\/es\/wp-json\/wp\/v2\/language?post=3861"},{"taxonomy":"agegroup","embeddable":true,"href":"https:\/\/greencoolschools.eu\/es\/wp-json\/wp\/v2\/agegroup?post=3861"},{"taxonomy":"material","embeddable":true,"href":"https:\/\/greencoolschools.eu\/es\/wp-json\/wp\/v2\/material?post=3861"},{"taxonomy":"topic","embeddable":true,"href":"https:\/\/greencoolschools.eu\/es\/wp-json\/wp\/v2\/topic?post=3861"},{"taxonomy":"folder","embeddable":true,"href":"https:\/\/greencoolschools.eu\/es\/wp-json\/wp\/v2\/folder?post=3861"}],"curies":[{"name":"wp","href":"https:\/\/api.w.org\/{rel}","templated":true}]}}