{"id":3807,"date":"2022-11-17T11:33:22","date_gmt":"2022-11-17T10:33:22","guid":{"rendered":"https:\/\/greencoolschools.eu\/sobre-el-proyecto-y-el-equipo\/sobre-el-equipo\/"},"modified":"2026-01-19T10:34:52","modified_gmt":"2026-01-19T09:34:52","slug":"sobre-el-equipo","status":"publish","type":"page","link":"https:\/\/greencoolschools.eu\/es\/sobre-este-sitio-web\/sobre-el-equipo\/","title":{"rendered":"Acerca del sitio web &#8211; equipo"},"content":{"rendered":"\n<h1 class=\"wp-block-heading\">Acerca del sitio web &ndash; equipo<\/h1>\n\n<p>El equipo internacional del proyecto comparte una amplia experiencia de trabajo con escuelas sobre los temas de ecologizaci&oacute;n, sostenibilidad y clima, incluida la puesta en pr&aacute;ctica de la ecologizaci&oacute;n en las escuelas y el desarrollo de materiales did&aacute;cticos. El proyecto se bas&oacute; en los muchos a&ntilde;os de implicaci&oacute;n del director del proyecto (la PYME austriaca B-NK) en la arquitectura ecol&oacute;gica de escuelas, as&iacute; como en la ecologizaci&oacute;n de fachadas verticales, que dio lugar a una educaci&oacute;n inclusiva sobre sostenibilidad.<\/p>\n\n<div class=\"wp-block-columns is-layout-flex wp-container-core-columns-is-layout-28f84493 wp-block-columns-is-layout-flex\">\n<div class=\"wp-block-column is-layout-flow wp-block-column-is-layout-flow\" style=\"flex-basis:30%\">\n<figure class=\"wp-block-image aligncenter size-large\"><img loading=\"lazy\" decoding=\"async\" width=\"1024\" height=\"724\" src=\"https:\/\/greencoolschools.eu\/wp-content\/uploads\/2024\/08\/Logo_B-NK_mit-Text-2zeilig_transparent-1024x724.png\" alt=\"\" class=\"wp-image-9813\"><\/figure>\n<\/div>\n\n\n\n<div class=\"wp-block-column is-layout-flow wp-block-column-is-layout-flow\" style=\"flex-basis:70%\">\n<p><strong>B-NK GmbH:<\/strong> El verde es el resultado del crecimiento. Por este motivo, la B-NK B&uuml;ro f&uuml;r nachhaltige Kompetenz (Oficina para la Competencia Sostenible) lleva desde 2004 acompa&ntilde;ando y asesorando en procesos de planificaci&oacute;n paisaj&iacute;stica, ecologizaci&oacute;n (especialmente conocimientos sobre clima, suelo y plantas), as&iacute; como planificaci&oacute;n y mantenimiento de edificios y espacios abiertos verdes. B-NK est&aacute; especializada en aplicar una visi&oacute;n orientada al g&eacute;nero a campos aparentemente neutros en cuanto al g&eacute;nero, como la planificaci&oacute;n urbana, del paisaje y del tr&aacute;fico, la investigaci&oacute;n sobre movilidad, la tecnolog&iacute;a y la ingenier&iacute;a, la investigaci&oacute;n sobre medio ambiente y sostenibilidad, as&iacute; como los procesos de planificaci&oacute;n y comunicaci&oacute;n, y los proyectos de investigaci&oacute;n y desarrollo orientados a la tecnolog&iacute;a. La empresa promueve el di&aacute;logo, refuerza la concienciaci&oacute;n y la sostenibilidad social, y proporciona conocimientos t&eacute;cnicos en municipios, ciudades, comunidades y organizaciones, entre ellas tambi&eacute;n instituciones educativas, antes, durante y despu&eacute;s de la ecologizaci&oacute;n.<\/p>\n<\/div>\n<\/div>\n\n<div class=\"wp-block-columns is-layout-flex wp-container-core-columns-is-layout-28f84493 wp-block-columns-is-layout-flex\">\n<div class=\"wp-block-column is-layout-flow wp-block-column-is-layout-flow\" style=\"flex-basis:30%\">\n<figure class=\"wp-block-image aligncenter size-full\"><img loading=\"lazy\" decoding=\"async\" width=\"720\" height=\"468\" src=\"https:\/\/greencoolschools.eu\/wp-content\/uploads\/2022\/04\/prospektiker_logo.png\" alt=\"\" class=\"wp-image-58\" srcset=\"https:\/\/greencoolschools.eu\/wp-content\/uploads\/2022\/04\/prospektiker_logo.png 720w, https:\/\/greencoolschools.eu\/wp-content\/uploads\/2022\/04\/prospektiker_logo-300x195.png 300w\" sizes=\"auto, (max-width: 720px) 100vw, 720px\" \/><\/figure>\n<\/div>\n\n\n\n<div class=\"wp-block-column is-layout-flow wp-block-column-is-layout-flow\" style=\"flex-basis:70%\">\n<p><strong>Prospektiker <\/strong>es una empresa privada espa&ntilde;ola, especializada en prospectiva y estudios prospectivo &ndash; estrat&eacute;gicos para el sector p&uacute;blico y privado. Su principal objetivo es apoyar a las organizaciones en la exploraci&oacute;n de futuros posibles y en el examen de las estrategias que pueden adoptarse en respuesta a los numerosos factores econ&oacute;micos, medioambientales, tecnol&oacute;gicos, sociales y culturales que afectan al mundo. Prospektiker cuenta con un equipo profesional especializado en distintas disciplinas. Este equipo de expertos tiene una amplia experiencia en la realizaci&oacute;n de proyectos de consultor&iacute;a, tanto para &aacute;reas de planificaci&oacute;n estrat&eacute;gica y prospectiva, como para otro tipo de proyectos de asesoramiento a empresas\/organizaciones. Energ&iacute;a, medio ambiente y urbanismo es uno de los campos empresariales en los que se centra.<\/p>\n<\/div>\n<\/div>\n\n<div class=\"wp-block-columns is-layout-flex wp-container-core-columns-is-layout-28f84493 wp-block-columns-is-layout-flex\">\n<div class=\"wp-block-column is-layout-flow wp-block-column-is-layout-flow\" style=\"flex-basis:30%\">\n<figure class=\"wp-block-image aligncenter size-full\"><img loading=\"lazy\" decoding=\"async\" width=\"600\" height=\"528\" src=\"https:\/\/greencoolschools.eu\/wp-content\/uploads\/2024\/08\/Neu-Logo-UBN_041_kl_transparent.png\" alt=\"\" class=\"wp-image-9818\" srcset=\"https:\/\/greencoolschools.eu\/wp-content\/uploads\/2024\/08\/Neu-Logo-UBN_041_kl_transparent.png 600w, https:\/\/greencoolschools.eu\/wp-content\/uploads\/2024\/08\/Neu-Logo-UBN_041_kl_transparent-300x264.png 300w\" sizes=\"auto, (max-width: 600px) 100vw, 600px\" \/><\/figure>\n<\/div>\n\n\n\n<div class=\"wp-block-column is-layout-flow wp-block-column-is-layout-flow\" style=\"flex-basis:70%\">\n<p><strong>Umweltbuero Nord e.V.<\/strong> (Oficina Medioambiental del Norte, asociaci&oacute;n registrada) es una peque&ntilde;a organizaci&oacute;n ben&eacute;fica alemana fundada en la ciudad hanse&aacute;tica de Stralsund en 1997. La organizaci&oacute;n se dedica principalmente a la informaci&oacute;n y educaci&oacute;n medioambientales, trabaja a escala regional y nacional y est&aacute; interesada en el intercambio y la cooperaci&oacute;n internacionales. El socio Umweltbuero est&aacute; especializado en educaci&oacute;n sobre el clima en las escuelas mediante su programa &laquo;Klima Detektive&raquo; (Detectives del clima).<\/p>\n<\/div>\n<\/div>\n\n<div class=\"inherit-container-width wp-block-group footer-eu-disclaimer-outer is-layout-constrained wp-block-group-is-layout-constrained\"><div class=\"wp-block-group__inner-container\">\n<div class=\"wp-block-columns footer-eu-disclaimer-columns is-layout-flex wp-container-core-columns-is-layout-28f84493 wp-block-columns-is-layout-flex\">\n<div class=\"wp-block-column footer-eu-disclaimer-col-image is-layout-flow wp-block-column-is-layout-flow\" style=\"flex-basis:20%\">\n<figure class=\"wp-block-image size-full\"><img loading=\"lazy\" decoding=\"async\" width=\"400\" height=\"268\" src=\"https:\/\/greencoolschools.eu\/wp-content\/uploads\/2022\/08\/eu-flag.png\" alt=\"\" class=\"wp-image-1154\" srcset=\"https:\/\/greencoolschools.eu\/wp-content\/uploads\/2022\/08\/eu-flag.png 400w, https:\/\/greencoolschools.eu\/wp-content\/uploads\/2022\/08\/eu-flag-300x201.png 300w\" sizes=\"auto, (max-width: 400px) 100vw, 400px\" \/><\/figure>\n<\/div>\n\n\n\n<div class=\"wp-block-column footer-eu-disclaimer-col-text is-layout-flow wp-block-column-is-layout-flow\" style=\"flex-basis:80%\">\n<p class=\"footer-eu-disclaimer-text\"><em>El apoyo de la Comisi&oacute;n Europea para la producci&oacute;n de esta publicaci&oacute;n no constituye una aprobaci&oacute;n del contenido, el cual refleja &uacute;nicamente las opiniones de los autores, y la Comisi&oacute;n no se hace responsable del uso que pueda hacerse de la informaci&oacute;n contenida en la misma.<\/em><\/p>\n<\/div>\n<\/div>\n<\/div><\/div>\n","protected":false},"excerpt":{"rendered":"<p>El equipo internacional del proyecto comparte una amplia experiencia de trabajo con escuelas sobre los temas de ecologizaci\u00f3n, sostenibilidad y clima, incluida la puesta en pr\u00e1ctica de la ecologizaci\u00f3n en las escuelas y el desarrollo de materiales did\u00e1cticos.<\/p>\n","protected":false},"author":1,"featured_media":0,"parent":3788,"menu_order":950,"comment_status":"closed","ping_status":"closed","template":"","meta":{"site-sidebar-layout":"default","site-content-layout":"","ast-site-content-layout":"default","site-content-style":"default","site-sidebar-style":"default","ast-global-header-display":"","ast-banner-title-visibility":"","ast-main-header-display":"","ast-hfb-above-header-display":"","ast-hfb-below-header-display":"","ast-hfb-mobile-header-display":"","site-post-title":"","ast-breadcrumbs-content":"","ast-featured-img":"","footer-sml-layout":"","ast-disable-related-posts":"","theme-transparent-header-meta":"","adv-header-id-meta":"","stick-header-meta":"","header-above-stick-meta":"","header-main-stick-meta":"","header-below-stick-meta":"","astra-migrate-meta-layouts":"default","ast-page-background-enabled":"default","ast-page-background-meta":{"desktop":{"background-color":"var(--ast-global-color-4)","background-image":"","background-repeat":"repeat","background-position":"center center","background-size":"auto","background-attachment":"scroll","background-type":"","background-media":"","overlay-type":"","overlay-color":"","overlay-opacity":"","overlay-gradient":""},"tablet":{"background-color":"","background-image":"","background-repeat":"repeat","background-position":"center center","background-size":"auto","background-attachment":"scroll","background-type":"","background-media":"","overlay-type":"","overlay-color":"","overlay-opacity":"","overlay-gradient":""},"mobile":{"background-color":"","background-image":"","background-repeat":"repeat","background-position":"center center","background-size":"auto","background-attachment":"scroll","background-type":"","background-media":"","overlay-type":"","overlay-color":"","overlay-opacity":"","overlay-gradient":""}},"ast-content-background-meta":{"desktop":{"background-color":"var(--ast-global-color-5)","background-image":"","background-repeat":"repeat","background-position":"center center","background-size":"auto","background-attachment":"scroll","background-type":"","background-media":"","overlay-type":"","overlay-color":"","overlay-opacity":"","overlay-gradient":""},"tablet":{"background-color":"var(--ast-global-color-5)","background-image":"","background-repeat":"repeat","background-position":"center center","background-size":"auto","background-attachment":"scroll","background-type":"","background-media":"","overlay-type":"","overlay-color":"","overlay-opacity":"","overlay-gradient":""},"mobile":{"background-color":"var(--ast-global-color-5)","background-image":"","background-repeat":"repeat","background-position":"center center","background-size":"auto","background-attachment":"scroll","background-type":"","background-media":"","overlay-type":"","overlay-color":"","overlay-opacity":"","overlay-gradient":""}},"footnotes":""},"categories":[143],"tags":[],"language":[64],"agegroup":[],"material":[],"topic":[],"folder":[40],"class_list":["post-3807","page","type-page","status-publish","hentry","category-about-es","language-english"],"_links":{"self":[{"href":"https:\/\/greencoolschools.eu\/es\/wp-json\/wp\/v2\/pages\/3807","targetHints":{"allow":["GET"]}}],"collection":[{"href":"https:\/\/greencoolschools.eu\/es\/wp-json\/wp\/v2\/pages"}],"about":[{"href":"https:\/\/greencoolschools.eu\/es\/wp-json\/wp\/v2\/types\/page"}],"author":[{"embeddable":true,"href":"https:\/\/greencoolschools.eu\/es\/wp-json\/wp\/v2\/users\/1"}],"replies":[{"embeddable":true,"href":"https:\/\/greencoolschools.eu\/es\/wp-json\/wp\/v2\/comments?post=3807"}],"version-history":[{"count":0,"href":"https:\/\/greencoolschools.eu\/es\/wp-json\/wp\/v2\/pages\/3807\/revisions"}],"up":[{"embeddable":true,"href":"https:\/\/greencoolschools.eu\/es\/wp-json\/wp\/v2\/pages\/3788"}],"wp:attachment":[{"href":"https:\/\/greencoolschools.eu\/es\/wp-json\/wp\/v2\/media?parent=3807"}],"wp:term":[{"taxonomy":"category","embeddable":true,"href":"https:\/\/greencoolschools.eu\/es\/wp-json\/wp\/v2\/categories?post=3807"},{"taxonomy":"post_tag","embeddable":true,"href":"https:\/\/greencoolschools.eu\/es\/wp-json\/wp\/v2\/tags?post=3807"},{"taxonomy":"language","embeddable":true,"href":"https:\/\/greencoolschools.eu\/es\/wp-json\/wp\/v2\/language?post=3807"},{"taxonomy":"agegroup","embeddable":true,"href":"https:\/\/greencoolschools.eu\/es\/wp-json\/wp\/v2\/agegroup?post=3807"},{"taxonomy":"material","embeddable":true,"href":"https:\/\/greencoolschools.eu\/es\/wp-json\/wp\/v2\/material?post=3807"},{"taxonomy":"topic","embeddable":true,"href":"https:\/\/greencoolschools.eu\/es\/wp-json\/wp\/v2\/topic?post=3807"},{"taxonomy":"folder","embeddable":true,"href":"https:\/\/greencoolschools.eu\/es\/wp-json\/wp\/v2\/folder?post=3807"}],"curies":[{"name":"wp","href":"https:\/\/api.w.org\/{rel}","templated":true}]}}