{"id":3788,"date":"2022-10-06T15:16:54","date_gmt":"2022-10-06T13:16:54","guid":{"rendered":"https:\/\/greencoolschools.eu\/sobre-este-sitio-web\/"},"modified":"2026-01-19T10:34:57","modified_gmt":"2026-01-19T09:34:57","slug":"sobre-este-sitio-web","status":"publish","type":"page","link":"https:\/\/greencoolschools.eu\/es\/sobre-este-sitio-web\/","title":{"rendered":"Sobre este sitio web"},"content":{"rendered":"\n<h1 class=\"wp-block-heading\">Sobre este sitio web<\/h1>\n\n\n<div class=\"ultp-post-grid-block wp-block-ultimate-post-post-list-3 ultp-block-97a989\"><div class=\"ultp-block-wrapper\"><div class=\"ultp-loading\"><div class=\"ultp-loading-blocks\" style=\"width:100%;height:100%;\"><div style=\"left: 0;top: 0;animation-delay:0s;\"><\/div><div style=\"left: 21px;top: 0;animation-delay:0.125s;\"><\/div><div style=\"left: 42px;top: 0;animation-delay:0.25s;\"><\/div><div style=\"left: 0;top: 21px;animation-delay:0.875s;\"><\/div><div style=\"left: 42px;top: 21px;animation-delay:0.375s;\"><\/div><div style=\"left: 0;top: 42px;animation-delay:0.75s;\"><\/div><div style=\"left: 42px;top: 42px;animation-delay:0.625s;\"><\/div><div style=\"left: 21px;top: 42px;animation-delay:0.5s;\"><\/div><\/div><\/div><div class=\"ultp-block-items-wrap ultp-block-row ultp-block-column-1 ultp-block-content-middle ultp-layout1\"><div class=\"ultp-block-item ultp-block-media post-id-3792\"><div class=\"ultp-block-content-wrap\"><div class=\"ultp-block-content\"><h2 class=\"ultp-block-title \"><a href=\"https:\/\/greencoolschools.eu\/es\/sobre-este-sitio-web\/objetivo-del-sitio-web-green-cool-schools\/\">Objetivo del sitio web Green Cool Schools<\/a><\/h2><div class=\"ultp-block-excerpt\">El sitio web &laquo;Green Cool Schools&raquo; proporciona a los profesores de secundaria de nivel 1 un material de ense&ntilde;anza y aprendizaje pr&aacute;ctico de &laquo;autoservicio&raquo; bien fundamentado como base de conocimientos para la ecologizaci&oacute;n de las escuelas.<\/div><\/div><\/div><\/div><div class=\"ultp-block-item ultp-block-media post-id-10002\"><div class=\"ultp-block-content-wrap\"><div class=\"ultp-block-content\"><h2 class=\"ultp-block-title \"><a href=\"https:\/\/greencoolschools.eu\/es\/sobre-este-sitio-web\/sobre-el-proyecto\/red-green-cool-schools\/\">Red de Escuelas Verdes y Fr&iacute;as<\/a><\/h2><div class=\"ultp-block-excerpt\">Red de Escuelas Verdes y Fr&iacute;as La &laquo;Red de Escuelas Verdes y Fr&iacute;as&raquo; pretende establecer una red global de &laquo;Escuelas Verdes y Fr&iacute;as&raquo;. Partiendo de la base del anterior proyecto Erasmus+ &laquo;L4GS&raquo; (Learning4Greens@Schools, Learning and Teaching Materials for Greenings at Schools), esta red pretende mejorar la colaboraci&oacute;n internacional entre centros escolares que participan en proyectos [&hellip;]<\/div><\/div><\/div><\/div><div class=\"ultp-block-item ultp-block-media post-id-7271\"><div class=\"ultp-block-content-wrap\"><div class=\"ultp-block-content\"><h2 class=\"ultp-block-title \"><a href=\"https:\/\/greencoolschools.eu\/es\/sobre-este-sitio-web\/educacion-para-el-desarrollo-sostenible\/\">Educaci&oacute;n para el desarrollo sostenible<\/a><\/h2><div class=\"ultp-block-excerpt\">Por un lado, permitir una educaci&oacute;n de alta calidad para todas las personas es un objetivo clave de las Naciones Unidas (Objetivo 4 de la Agenda 2030 para el Desarrollo Sostenible).<\/div><\/div><\/div><\/div><div class=\"ultp-block-item ultp-block-media post-id-9947\"><div class=\"ultp-block-content-wrap\"><div class=\"ultp-block-content\"><h2 class=\"ultp-block-title \"><a href=\"https:\/\/greencoolschools.eu\/es\/sobre-este-sitio-web\/sobre-el-proyecto\/learning4greensschools\/\">Learning4Greens@Escuelas<\/a><\/h2><div class=\"ultp-block-excerpt\">Learning4Greens@Schools(L4GS): Materiales de Aprendizaje y Ense&ntilde;anza para Reverdecer en las Escuelas El objetivo del proyecto era compartir el &laquo;conocimiento verde&raquo; con los centros escolares de todo el mundo mediante el desarrollo de materiales did&aacute;cticos que incluyeran experimentos pr&aacute;cticos para las Green Cool Schools de toda Europa: materiales de ense&ntilde;anza y aprendizaje pr&aacute;cticos, bien preparados y [&hellip;]<\/div><\/div><\/div><\/div><div class=\"ultp-block-item ultp-block-media post-id-3796\"><div class=\"ultp-block-content-wrap\"><div class=\"ultp-block-content\"><h2 class=\"ultp-block-title \"><a href=\"https:\/\/greencoolschools.eu\/es\/sobre-este-sitio-web\/como-utilizar-el-sitio-web-de-green-cool-schools\/\">C&oacute;mo utilizar el sitio web de Green Cool Schools<\/a><\/h2><div class=\"ultp-block-excerpt\">El sitio web incluye material de ense&ntilde;anza y aprendizaje para el primer ciclo de educaci&oacute;n secundaria como base de conocimientos para el reverdecimiento de las escuelas, que puede ser utilizado por el profesorado para las diferentes unidades de ense&ntilde;anza.<\/div><\/div><\/div><\/div><div class=\"ultp-block-item ultp-block-media post-id-7289\"><div class=\"ultp-block-content-wrap\"><div class=\"ultp-block-content\"><h2 class=\"ultp-block-title \"><a href=\"https:\/\/greencoolschools.eu\/es\/sobre-este-sitio-web\/guia-para-integrar-el-material-green-cool-schools\/\">Gu&iacute;a para integrar el material Green Cool Schools<\/a><\/h2><div class=\"ultp-block-excerpt\">Esta directriz contribuir&aacute; a que el contenido del sitio web &laquo;Green Cool Schools&raquo; se integre en la pr&aacute;ctica docente del nivel 1 de secundaria.<\/div><\/div><\/div><\/div><div class=\"ultp-block-item ultp-block-media post-id-8803\"><div class=\"ultp-block-content-wrap\"><div class=\"ultp-block-content\"><h2 class=\"ultp-block-title \"><a href=\"https:\/\/greencoolschools.eu\/es\/sobre-este-sitio-web\/sobre-el-proyecto\/\">Proyectos financiados que apoyan el sitio web<\/a><\/h2><div class=\"ultp-block-excerpt\">El objetivo del proyecto era compartir el &laquo;conocimiento verde&raquo; con las escuelas a nivel internacional mediante el desarrollo de materiales did&aacute;cticos que incluyeran experimentos pr&aacute;cticos para las escuelas de toda Europa.<\/div><\/div><\/div><\/div><div class=\"ultp-block-item ultp-block-media post-id-3807\"><div class=\"ultp-block-content-wrap\"><div class=\"ultp-block-content\"><h2 class=\"ultp-block-title \"><a href=\"https:\/\/greencoolschools.eu\/es\/sobre-este-sitio-web\/sobre-el-equipo\/\">Acerca del sitio web &ndash; equipo<\/a><\/h2><div class=\"ultp-block-excerpt\">El equipo internacional del proyecto comparte una amplia experiencia de trabajo con escuelas sobre los temas de ecologizaci&oacute;n, sostenibilidad y clima, incluida la puesta en pr&aacute;ctica de la ecologizaci&oacute;n en las escuelas y el desarrollo de materiales did&aacute;cticos.<\/div><\/div><\/div><\/div><\/div><\/div><div class=\"pagination-block-html\" aria-hidden=\"true\" style=\"display: none;\"><\/div><\/div>\n\n\n<div class=\"inherit-container-width wp-block-group footer-eu-disclaimer-outer is-layout-constrained wp-block-group-is-layout-constrained\"><div class=\"wp-block-group__inner-container\">\n<div class=\"wp-block-columns footer-eu-disclaimer-columns is-layout-flex wp-container-core-columns-is-layout-28f84493 wp-block-columns-is-layout-flex\">\n<div class=\"wp-block-column footer-eu-disclaimer-col-image is-layout-flow wp-block-column-is-layout-flow\" style=\"flex-basis:20%\">\n<figure class=\"wp-block-image size-full\"><img loading=\"lazy\" decoding=\"async\" width=\"400\" height=\"268\" src=\"https:\/\/greencoolschools.eu\/wp-content\/uploads\/2022\/08\/eu-flag.png\" alt=\"\" class=\"wp-image-1154\" srcset=\"https:\/\/greencoolschools.eu\/wp-content\/uploads\/2022\/08\/eu-flag.png 400w, https:\/\/greencoolschools.eu\/wp-content\/uploads\/2022\/08\/eu-flag-300x201.png 300w\" sizes=\"auto, (max-width: 400px) 100vw, 400px\" \/><\/figure>\n<\/div>\n\n\n\n<div class=\"wp-block-column footer-eu-disclaimer-col-text is-layout-flow wp-block-column-is-layout-flow\" style=\"flex-basis:80%\">\n<p class=\"footer-eu-disclaimer-text\"><em>El apoyo de la Comisi&oacute;n Europea para la producci&oacute;n de esta publicaci&oacute;n no constituye una aprobaci&oacute;n del contenido, el cual refleja &uacute;nicamente las opiniones de los autores, y la Comisi&oacute;n no se hace responsable del uso que pueda hacerse de la informaci&oacute;n contenida en la misma.<\/em><\/p>\n<\/div>\n<\/div>\n<\/div><\/div>\n","protected":false},"excerpt":{"rendered":"<p>Sobre este sitio web El apoyo de la Comisi\u00f3n Europea para la producci\u00f3n de esta publicaci\u00f3n no constituye una aprobaci\u00f3n del contenido, el cual refleja \u00fanicamente las opiniones de los autores, y la Comisi\u00f3n no se hace responsable del uso que pueda hacerse de la informaci\u00f3n contenida en la misma.<\/p>\n","protected":false},"author":4,"featured_media":0,"parent":0,"menu_order":90,"comment_status":"closed","ping_status":"closed","template":"","meta":{"site-sidebar-layout":"default","site-content-layout":"","ast-site-content-layout":"default","site-content-style":"default","site-sidebar-style":"default","ast-global-header-display":"","ast-banner-title-visibility":"","ast-main-header-display":"","ast-hfb-above-header-display":"","ast-hfb-below-header-display":"","ast-hfb-mobile-header-display":"","site-post-title":"disabled","ast-breadcrumbs-content":"","ast-featured-img":"","footer-sml-layout":"","ast-disable-related-posts":"","theme-transparent-header-meta":"","adv-header-id-meta":"","stick-header-meta":"","header-above-stick-meta":"","header-main-stick-meta":"","header-below-stick-meta":"","astra-migrate-meta-layouts":"default","ast-page-background-enabled":"default","ast-page-background-meta":{"desktop":{"background-color":"var(--ast-global-color-4)","background-image":"","background-repeat":"repeat","background-position":"center center","background-size":"auto","background-attachment":"scroll","background-type":"","background-media":"","overlay-type":"","overlay-color":"","overlay-opacity":"","overlay-gradient":""},"tablet":{"background-color":"","background-image":"","background-repeat":"repeat","background-position":"center center","background-size":"auto","background-attachment":"scroll","background-type":"","background-media":"","overlay-type":"","overlay-color":"","overlay-opacity":"","overlay-gradient":""},"mobile":{"background-color":"","background-image":"","background-repeat":"repeat","background-position":"center center","background-size":"auto","background-attachment":"scroll","background-type":"","background-media":"","overlay-type":"","overlay-color":"","overlay-opacity":"","overlay-gradient":""}},"ast-content-background-meta":{"desktop":{"background-color":"var(--ast-global-color-5)","background-image":"","background-repeat":"repeat","background-position":"center center","background-size":"auto","background-attachment":"scroll","background-type":"","background-media":"","overlay-type":"","overlay-color":"","overlay-opacity":"","overlay-gradient":""},"tablet":{"background-color":"var(--ast-global-color-5)","background-image":"","background-repeat":"repeat","background-position":"center center","background-size":"auto","background-attachment":"scroll","background-type":"","background-media":"","overlay-type":"","overlay-color":"","overlay-opacity":"","overlay-gradient":""},"mobile":{"background-color":"var(--ast-global-color-5)","background-image":"","background-repeat":"repeat","background-position":"center center","background-size":"auto","background-attachment":"scroll","background-type":"","background-media":"","overlay-type":"","overlay-color":"","overlay-opacity":"","overlay-gradient":""}},"footnotes":""},"categories":[144],"tags":[],"language":[],"agegroup":[],"material":[],"topic":[],"folder":[],"class_list":["post-3788","page","type-page","status-publish","hentry","category-about-main-es"],"_links":{"self":[{"href":"https:\/\/greencoolschools.eu\/es\/wp-json\/wp\/v2\/pages\/3788","targetHints":{"allow":["GET"]}}],"collection":[{"href":"https:\/\/greencoolschools.eu\/es\/wp-json\/wp\/v2\/pages"}],"about":[{"href":"https:\/\/greencoolschools.eu\/es\/wp-json\/wp\/v2\/types\/page"}],"author":[{"embeddable":true,"href":"https:\/\/greencoolschools.eu\/es\/wp-json\/wp\/v2\/users\/4"}],"replies":[{"embeddable":true,"href":"https:\/\/greencoolschools.eu\/es\/wp-json\/wp\/v2\/comments?post=3788"}],"version-history":[{"count":0,"href":"https:\/\/greencoolschools.eu\/es\/wp-json\/wp\/v2\/pages\/3788\/revisions"}],"wp:attachment":[{"href":"https:\/\/greencoolschools.eu\/es\/wp-json\/wp\/v2\/media?parent=3788"}],"wp:term":[{"taxonomy":"category","embeddable":true,"href":"https:\/\/greencoolschools.eu\/es\/wp-json\/wp\/v2\/categories?post=3788"},{"taxonomy":"post_tag","embeddable":true,"href":"https:\/\/greencoolschools.eu\/es\/wp-json\/wp\/v2\/tags?post=3788"},{"taxonomy":"language","embeddable":true,"href":"https:\/\/greencoolschools.eu\/es\/wp-json\/wp\/v2\/language?post=3788"},{"taxonomy":"agegroup","embeddable":true,"href":"https:\/\/greencoolschools.eu\/es\/wp-json\/wp\/v2\/agegroup?post=3788"},{"taxonomy":"material","embeddable":true,"href":"https:\/\/greencoolschools.eu\/es\/wp-json\/wp\/v2\/material?post=3788"},{"taxonomy":"topic","embeddable":true,"href":"https:\/\/greencoolschools.eu\/es\/wp-json\/wp\/v2\/topic?post=3788"},{"taxonomy":"folder","embeddable":true,"href":"https:\/\/greencoolschools.eu\/es\/wp-json\/wp\/v2\/folder?post=3788"}],"curies":[{"name":"wp","href":"https:\/\/api.w.org\/{rel}","templated":true}]}}