{"id":2746,"date":"2022-09-09T11:11:05","date_gmt":"2022-09-09T09:11:05","guid":{"rendered":"https:\/\/greencoolschools.eu\/experimento-como-se-forma-el-suelo\/"},"modified":"2026-01-19T10:47:38","modified_gmt":"2026-01-19T09:47:38","slug":"experimento-como-se-forma-el-suelo","status":"publish","type":"page","link":"https:\/\/greencoolschools.eu\/es\/temas\/suelo\/experimento-como-se-forma-el-suelo\/","title":{"rendered":"Experimento: C\u00f3mo se forma el suelo"},"content":{"rendered":"\n<div class=\"inherit-container-width wp-block-group content-box-intro-outer content-type-experiments is-layout-constrained wp-block-group-is-layout-constrained\"><div class=\"wp-block-group__inner-container\">\n<h1 class=\"wp-block-heading\">C&oacute;mo se forma el suelo<\/h1>\n\n\n\n<div class=\"wp-block-columns content-box-intro content-box-intro-background is-layout-flex wp-container-core-columns-is-layout-28f84493 wp-block-columns-is-layout-flex\">\n<div class=\"wp-block-column is-vertically-aligned-center content-box-intro-cols content-box-intro-image is-layout-flow wp-block-column-is-layout-flow\" style=\"flex-basis:30%\">\n<figure class=\"wp-block-image size-full\"><img loading=\"lazy\" decoding=\"async\" width=\"280\" height=\"280\" src=\"https:\/\/greencoolschools.eu\/wp-content\/uploads\/2022\/08\/img_theme_01b.png\" alt=\"\" class=\"wp-image-1184\" srcset=\"https:\/\/greencoolschools.eu\/wp-content\/uploads\/2022\/08\/img_theme_01b.png 280w, https:\/\/greencoolschools.eu\/wp-content\/uploads\/2022\/08\/img_theme_01b-150x150.png 150w\" sizes=\"auto, (max-width: 280px) 100vw, 280px\" \/><\/figure>\n<\/div>\n\n\n\n<div class=\"wp-block-column is-vertically-aligned-center content-box-intro-cols content-box-intro-text is-layout-flow wp-block-column-is-layout-flow\" style=\"flex-basis:70%\">\n<p>La naturaleza no conoce desperdicios. Con este experimento, los alumnos y alumnas aprenden c&oacute;mo los residuos org&aacute;nicos son valiosas materias primas y los principios b&aacute;sicos de la econom&iacute;a circular. Los residuos vegetales sirven de alimento a los organismos del suelo, que realizan una valiosa contribuci&oacute;n a un suelo vivo y rico en nutrientes.<\/p>\n<\/div>\n<\/div>\n<\/div><\/div>\n\n\n\n<div class=\"inherit-container-width wp-block-group content-box-outer is-layout-constrained wp-block-group-is-layout-constrained\"><div class=\"wp-block-group__inner-container\">\n<div class=\"wp-block-columns content-box-header content-box-header-goals is-layout-flex wp-container-core-columns-is-layout-28f84493 wp-block-columns-is-layout-flex\">\n<div class=\"wp-block-column content-box-header-cols content-box-header-text content-box-header-text-goals is-layout-flow wp-block-column-is-layout-flow\" style=\"flex-basis:75%\">\n<p>OBJETIVOS DE APRENDIZAJE<\/p>\n<\/div>\n\n\n\n<div class=\"wp-block-column is-layout-flow wp-block-column-is-layout-flow\" style=\"flex-basis:66.66%\"><\/div>\n<\/div>\n\n\n\n<div class=\"wp-block-columns content-box-body content-box-body-goals is-layout-flex wp-container-core-columns-is-layout-28f84493 wp-block-columns-is-layout-flex\">\n<div class=\"wp-block-column content-box-body-cols content-box-body-image is-layout-flow wp-block-column-is-layout-flow\" style=\"flex-basis:25%\">\n<figure class=\"wp-block-image size-full\"><img loading=\"lazy\" decoding=\"async\" width=\"133\" height=\"132\" src=\"https:\/\/greencoolschools.eu\/wp-content\/uploads\/2022\/08\/img_goals.png\" alt=\"\" class=\"wp-image-429\"><\/figure>\n<\/div>\n\n\n\n<div class=\"wp-block-column content-box-body-text content-box-body-text-goals is-layout-flow wp-block-column-is-layout-flow\" style=\"flex-basis:66.66%\">\n<p>Los alumnos y alumnas pueden:<\/p>\n\n\n\n<ul class=\"wp-block-list\">\n<li>nombrar los factores y procesos importantes de la formaci&oacute;n del suelo<\/li>\n\n\n\n<li>realizar el ejercicio de <a href=\"https:\/\/greencoolschools.eu\/es\/glossary\/compost\/\" target=\"_self\" title=\"El compost es un fertilizante y acondicionador del suelo rico en humus y nutrientes que es el producto final del compostaje de material org&aacute;nico.\" class=\"encyclopedia\">compost<\/a>aje seg&uacute;n las instrucciones del profesor y documentarlo de manera significativa<\/li>\n\n\n\n<li>evaluar el experimento y explicar el proceso de <a href=\"https:\/\/greencoolschools.eu\/es\/glossary\/compost\/\" target=\"_self\" title=\"El compost es un fertilizante y acondicionador del suelo rico en humus y nutrientes que es el producto final del compostaje de material org&aacute;nico.\" class=\"encyclopedia\">compost<\/a>aje<\/li>\n\n\n\n<li>nombrar los residuos org&aacute;nicos adecuados para el <a href=\"https:\/\/greencoolschools.eu\/es\/glossary\/compost\/\" target=\"_self\" title=\"El compost es un fertilizante y acondicionador del suelo rico en humus y nutrientes que es el producto final del compostaje de material org&aacute;nico.\" class=\"encyclopedia\">compost<\/a>aje y determinar visualmente el grado de madurez de un <a href=\"https:\/\/greencoolschools.eu\/es\/glossary\/compost\/\" target=\"_self\" title=\"El compost es un fertilizante y acondicionador del suelo rico en humus y nutrientes que es el producto final del compostaje de material org&aacute;nico.\" class=\"encyclopedia\">compost<\/a>, as&iacute; como comparar el <a href=\"https:\/\/greencoolschools.eu\/es\/glossary\/compost\/\" target=\"_self\" title=\"El compost es un fertilizante y acondicionador del suelo rico en humus y nutrientes que es el producto final del compostaje de material org&aacute;nico.\" class=\"encyclopedia\">compost<\/a> y la tierra<\/li>\n\n\n\n<li>resumir los conocimientos adquiridos en relaci&oacute;n con la pregunta inicial<\/li>\n<\/ul>\n<\/div>\n<\/div>\n<\/div><\/div>\n\n\n\n<h2 class=\"wp-block-heading\"><strong>Informaci&oacute;n de fondo<\/strong><\/h2>\n\n\n\n<p><strong>Asignaturas:<\/strong> Biolog&iacute;a y Estudios Ambientales, Geograf&iacute;a y Econom&iacute;a<\/p>\n\n\n\n<p><strong>Materiales necesarios<\/strong>: Caja de madera, residuos de cocina de frutas y verduras frescas, residuos de cultivos, recortes de <a href=\"https:\/\/greencoolschools.eu\/es\/glossary\/cesped\/\" target=\"_self\" title=\"Los tepes de c&eacute;sped son peque&ntilde;as piezas cuadradas de c&eacute;sped, que se utilizan principalmente para reverdecer campos deportivos y jardines.\" class=\"encyclopedia\">c&eacute;sped<\/a>, recortes verdes del jard&iacute;n, hierbas silvestres (&laquo;malas hierbas&raquo;), un poco de <a href=\"https:\/\/greencoolschools.eu\/es\/glossary\/compost\/\" target=\"_self\" title=\"El compost es un fertilizante y acondicionador del suelo rico en humus y nutrientes que es el producto final del compostaje de material org&aacute;nico.\" class=\"encyclopedia\">compost<\/a> maduro, pala peque&ntilde;a, varios cubos peque&ntilde;os de tama&ntilde;os similares<\/p>\n\n\n\n<p><strong>Locales\/equipos necesarios de las aulas:<\/strong> jard&iacute;n escolar o espacio abierto de la escuela<\/p>\n\n\n\n<p><strong>Ideal para:<\/strong> peque&ntilde;os grupos<\/p>\n\n\n\n<p><strong>Tiempo necesario:<\/strong> aproximadamente una unidad did&aacute;ctica 1 unidad did&aacute;ctica<\/p>\n\n\n\n<h2 class=\"wp-block-heading\"><strong>Preparaci&oacute;n<\/strong><\/h2>\n\n\n\n<ul class=\"wp-block-list\">\n<li>Buscar con antelaci&oacute;n un lugar adecuado en el recinto escolar donde pueda colocarse la caja de madera durante unas cuatro o cinco semanas. El lugar debe estar a media sombra y protegido del viento. Las condiciones de calor y humedad favorecen la actividad de los organismos del suelo.<\/li>\n\n\n\n<li>Aclarar qu&eacute; material org&aacute;nico adecuado del jard&iacute;n o de los residuos de la cocina est&aacute; disponible en la escuela. Discuta con los alumnos qu&eacute; material org&aacute;nico es adecuado para el ejercicio previsto. Se pide a los alumnos que traigan material org&aacute;nico adecuado de casa, de la cocina o del jard&iacute;n.<\/li>\n\n\n\n<li>Para evitar que el material vegetal est&eacute; demasiado mojado y h&uacute;medo, los recortes de <a href=\"https:\/\/greencoolschools.eu\/es\/glossary\/cesped\/\" target=\"_self\" title=\"Los tepes de c&eacute;sped son peque&ntilde;as piezas cuadradas de c&eacute;sped, que se utilizan principalmente para reverdecer campos deportivos y jardines.\" class=\"encyclopedia\">c&eacute;sped<\/a> y las &laquo;malas hierbas&raquo; deben extenderse sobre una superficie y secarse previamente al sol.<\/li>\n<\/ul>\n\n\n\n<div class=\"inherit-container-width wp-block-group content-box-outer is-layout-constrained wp-block-group-is-layout-constrained\"><div class=\"wp-block-group__inner-container\">\n<div class=\"wp-block-columns content-box-header content-box-header-hint is-layout-flex wp-container-core-columns-is-layout-28f84493 wp-block-columns-is-layout-flex\">\n<div class=\"wp-block-column content-box-header-cols content-box-header-text content-box-header-text-hint is-layout-flow wp-block-column-is-layout-flow\" style=\"flex-basis:75%\">\n<p class=\"content-box-header-text content-box-header-text-hint\">&iquest;SAB&Iacute;AS QU&Eacute;?<\/p>\n<\/div>\n\n\n\n<div class=\"wp-block-column content-box-header-cols is-layout-flow wp-block-column-is-layout-flow\" style=\"flex-basis:66.66%\"><\/div>\n<\/div>\n\n\n\n<div class=\"wp-block-columns content-box-body content-box-body-hint is-layout-flex wp-container-core-columns-is-layout-28f84493 wp-block-columns-is-layout-flex\">\n<div class=\"wp-block-column content-box-body-cols content-box-body-image is-layout-flow wp-block-column-is-layout-flow\" style=\"flex-basis:25%\">\n<figure class=\"wp-block-image aligncenter size-full\"><img loading=\"lazy\" decoding=\"async\" width=\"133\" height=\"133\" src=\"https:\/\/greencoolschools.eu\/wp-content\/uploads\/2022\/08\/img_hint.png\" alt=\"\" class=\"wp-image-433\"><\/figure>\n<\/div>\n\n\n\n<div class=\"wp-block-column content-box-body-cols content-box-body-text content-box-body-text-hint is-layout-flow wp-block-column-is-layout-flow\" style=\"flex-basis:66.66%\">\n<p>No se deben utilizar c&iacute;tricos ni c&aacute;scaras de pl&aacute;tano ya que suelen estar tratadas con productos fitosanitarios.<\/p>\n<\/div>\n<\/div>\n<\/div><\/div>\n\n\n\n<h2 class=\"wp-block-heading\"><strong>Pasos a seguir en clase<\/strong><\/h2>\n\n\n\n<ol class=\"wp-block-list\" type=\"1\">\n<li>A modo de introducci&oacute;n, se pueden discutir conjuntamente las siguientes preguntas iniciales: Queremos reciclar los residuos vegetales y hacer un buen <a href=\"https:\/\/greencoolschools.eu\/es\/glossary\/compost\/\" target=\"_self\" title=\"El compost es un fertilizante y acondicionador del suelo rico en humus y nutrientes que es el producto final del compostaje de material org&aacute;nico.\" class=\"encyclopedia\">compost<\/a> con ellos; &iquest;C&oacute;mo &laquo;funciona&raquo; el <a href=\"https:\/\/greencoolschools.eu\/es\/glossary\/compost\/\" target=\"_self\" title=\"El compost es un fertilizante y acondicionador del suelo rico en humus y nutrientes que es el producto final del compostaje de material org&aacute;nico.\" class=\"encyclopedia\">compost<\/a>aje? &iquest;C&oacute;mo podemos conseguir un buen <a href=\"https:\/\/greencoolschools.eu\/es\/glossary\/compost\/\" target=\"_self\" title=\"El compost es un fertilizante y acondicionador del suelo rico en humus y nutrientes que es el producto final del compostaje de material org&aacute;nico.\" class=\"encyclopedia\">compost<\/a>aje? &iquest;Para qu&eacute; podemos utilizar el <a href=\"https:\/\/greencoolschools.eu\/es\/glossary\/compost\/\" target=\"_self\" title=\"El compost es un fertilizante y acondicionador del suelo rico en humus y nutrientes que es el producto final del compostaje de material org&aacute;nico.\" class=\"encyclopedia\">compost<\/a>? Las alumnas y alumnos hacen suposiciones o exponen los conocimientos y experiencias que ya tienen.<\/li>\n\n\n\n<li>Elige un lugar adecuado en el recinto escolar para colocar la caja de madera en un lugar semi- sombreado y protegido. Si la caja toca el suelo, por ejemplo, pueden entrar lombrices de tierra, lo que beneficia al proceso.<\/li>\n\n\n\n<li>En la caja de madera se introducen, en capas finas, los distintos residuos de la cocina, los restos de la cosecha, los residuos verdes, etc. Entre las capas finas con diferentes residuos vegetales, se introduce repetidamente un poco de <a href=\"https:\/\/greencoolschools.eu\/es\/glossary\/compost\/\" target=\"_self\" title=\"El compost es un fertilizante y acondicionador del suelo rico en humus y nutrientes que es el producto final del compostaje de material org&aacute;nico.\" class=\"encyclopedia\">compost<\/a> maduro* para su &laquo;inoculaci&oacute;n&raquo;. Los alumnos registran y documentan los materiales aportados y sus cantidades, por ejemplo, en una tabla sencilla. Las cantidades pueden registrarse sensiblemente en t&eacute;rminos de volumen. Para ello, los materiales se colocan en cubos del mismo tama&ntilde;o antes de introducirlos en el <a href=\"https:\/\/greencoolschools.eu\/es\/glossary\/compost\/\" target=\"_self\" title=\"El compost es un fertilizante y acondicionador del suelo rico en humus y nutrientes que es el producto final del compostaje de material org&aacute;nico.\" class=\"encyclopedia\">compost<\/a> y se registra el n&uacute;mero de cubos llenos.<\/li>\n\n\n\n<li>Adem&aacute;s, las alumnas y alumnos observan y anotan si hay o no animales en la caja de <a href=\"https:\/\/greencoolschools.eu\/es\/glossary\/compost\/\" target=\"_self\" title=\"El compost es un fertilizante y acondicionador del suelo rico en humus y nutrientes que es el producto final del compostaje de material org&aacute;nico.\" class=\"encyclopedia\">compost<\/a> reci&eacute;n creada.<\/li>\n\n\n\n<li>Una vez que la caja de madera se ha llenado, permanece en ese lugar durante cuatro o cinco semanas.<\/li>\n\n\n\n<li>Despu&eacute;s de unas cuatro semanas, los alumnos examinan el relleno de la caja de madera. Para ello, los alumnos se remiten a sus protocolos del inicio del <a href=\"https:\/\/greencoolschools.eu\/es\/glossary\/compost\/\" target=\"_self\" title=\"El compost es un fertilizante y acondicionador del suelo rico en humus y nutrientes que es el producto final del compostaje de material org&aacute;nico.\" class=\"encyclopedia\">compost<\/a>aje y comparan los materiales presentes y los animales encontrados.\n<ul class=\"wp-block-list\">\n<li>&iquest;Qu&eacute; materiales se han descompuesto \/ cu&aacute;les est&aacute;n todav&iacute;a presentes? <\/li>\n\n\n\n<li>&iquest;Qu&eacute; organismos del suelo est&aacute;n presentes y cu&aacute;les ya no?<\/li>\n\n\n\n<li>Se puede practicar el uso del microscopio.<\/li>\n\n\n\n<li>&iquest;Qu&eacute; animales del suelo podr&iacute;an haber participado en la descomposici&oacute;n de los restos vegetales? Explica que los materiales org&aacute;nicos son descompuestos por los organismos del suelo. &iquest;Qu&eacute; les &laquo;gusta&raquo; a los organismos del suelo?<\/li>\n\n\n\n<li>Los alumnos y alumnas comparan su <a href=\"https:\/\/greencoolschools.eu\/es\/glossary\/compost\/\" target=\"_self\" title=\"El compost es un fertilizante y acondicionador del suelo rico en humus y nutrientes que es el producto final del compostaje de material org&aacute;nico.\" class=\"encyclopedia\">compost<\/a> (a medio terminar) con la tierra\/sustrato del recinto escolar.\n<\/li>\n<\/ul>\n<\/li>\n\n\n\n<li>Vuelve a hacer las preguntas iniciales. Las alumnas y los alumnos resumen sus conclusiones. &iquest;Para qu&eacute; puede servir un <a href=\"https:\/\/greencoolschools.eu\/es\/glossary\/compost\/\" target=\"_self\" title=\"El compost es un fertilizante y acondicionador del suelo rico en humus y nutrientes que es el producto final del compostaje de material org&aacute;nico.\" class=\"encyclopedia\">compost<\/a> maduro? Adem&aacute;s, se puede discutir el concepto de econom&iacute;a circular natural.<\/li>\n<\/ol>\n\n\n\n<div class=\"inherit-container-width wp-block-group content-box-outer is-layout-constrained wp-block-group-is-layout-constrained\"><div class=\"wp-block-group__inner-container\">\n<div class=\"wp-block-columns content-box-header content-box-header-aha is-layout-flex wp-container-core-columns-is-layout-28f84493 wp-block-columns-is-layout-flex\">\n<div class=\"wp-block-column content-box-header-text content-box-header-text-aha is-layout-flow wp-block-column-is-layout-flow\" style=\"flex-basis:75%\">\n<p>&iquest;SAB&Iacute;AS QU&Eacute;?<\/p>\n<\/div>\n\n\n\n<div class=\"wp-block-column content-box-header-cols is-layout-flow wp-block-column-is-layout-flow\" style=\"flex-basis:66.66%\"><\/div>\n<\/div>\n\n\n\n<div class=\"wp-block-columns content-box-body content-box-body-aha is-layout-flex wp-container-core-columns-is-layout-28f84493 wp-block-columns-is-layout-flex\">\n<div class=\"wp-block-column content-box-body-cols content-box-body-image is-layout-flow wp-block-column-is-layout-flow\" style=\"flex-basis:25%\">\n<figure class=\"wp-block-image size-full\"><img loading=\"lazy\" decoding=\"async\" width=\"133\" height=\"133\" src=\"https:\/\/greencoolschools.eu\/wp-content\/uploads\/2022\/08\/img_aha.png\" alt=\"\" class=\"wp-image-421\"><\/figure>\n<\/div>\n\n\n\n<div class=\"wp-block-column content-box-body-cols content-box-body-text content-box-body-text-aha is-layout-flow wp-block-column-is-layout-flow\" style=\"flex-basis:66.66%\">\n<h4 class=\"wp-block-heading\"><strong>&iquest;Cu&aacute;nto calor puede hacer en un mont&oacute;n de compost o en una peque&ntilde;a caja de compostaje?<\/strong><\/h4>\n\n\n\n<p>Un mont&oacute;n de <a href=\"https:\/\/greencoolschools.eu\/es\/glossary\/compost\/\" target=\"_self\" title=\"El compost es un fertilizante y acondicionador del suelo rico en humus y nutrientes que es el producto final del compostaje de material org&aacute;nico.\" class=\"encyclopedia\">compost<\/a> puede tener una temperatura de hasta 70&deg;C e incluso m&aacute;s.<\/p>\n<\/div>\n<\/div>\n<\/div><\/div>\n\n\n\n<div class=\"inherit-container-width wp-block-group footer-eu-disclaimer-outer is-layout-constrained wp-block-group-is-layout-constrained\"><div class=\"wp-block-group__inner-container\">\n<div class=\"wp-block-columns footer-eu-disclaimer-columns is-layout-flex wp-container-core-columns-is-layout-28f84493 wp-block-columns-is-layout-flex\">\n<div class=\"wp-block-column footer-eu-disclaimer-col-image is-layout-flow wp-block-column-is-layout-flow\" style=\"flex-basis:20%\">\n<figure class=\"wp-block-image size-full\"><img loading=\"lazy\" decoding=\"async\" width=\"400\" height=\"268\" src=\"https:\/\/greencoolschools.eu\/wp-content\/uploads\/2022\/08\/eu-flag.png\" alt=\"\" class=\"wp-image-1154\" srcset=\"https:\/\/greencoolschools.eu\/wp-content\/uploads\/2022\/08\/eu-flag.png 400w, https:\/\/greencoolschools.eu\/wp-content\/uploads\/2022\/08\/eu-flag-300x201.png 300w\" sizes=\"auto, (max-width: 400px) 100vw, 400px\" \/><\/figure>\n<\/div>\n\n\n\n<div class=\"wp-block-column footer-eu-disclaimer-col-text is-layout-flow wp-block-column-is-layout-flow\" style=\"flex-basis:80%\">\n<p><em>El apoyo de la Comisi&oacute;n Europea para la producci&oacute;n de esta publicaci&oacute;n no constituye una aprobaci&oacute;n del contenido, el cual refleja &uacute;nicamente las opiniones de los autores, y la Comisi&oacute;n no se hace responsable del uso que pueda hacerse de la informaci&oacute;n contenida en la misma.<\/em><\/p>\n<\/div>\n<\/div>\n<\/div><\/div>\n","protected":false},"excerpt":{"rendered":"<p>La naturaleza no conoce desperdicios. Con este experimento, los alumnos y alumnas aprenden c\u00f3mo los residuos org\u00e1nicos son valiosas materias primas y los principios b\u00e1sicos de la econom\u00eda circular. <\/p>\n","protected":false},"author":4,"featured_media":0,"parent":3851,"menu_order":10,"comment_status":"closed","ping_status":"closed","template":"","meta":{"site-sidebar-layout":"default","site-content-layout":"","ast-site-content-layout":"default","site-content-style":"default","site-sidebar-style":"default","ast-global-header-display":"","ast-banner-title-visibility":"","ast-main-header-display":"","ast-hfb-above-header-display":"","ast-hfb-below-header-display":"","ast-hfb-mobile-header-display":"","site-post-title":"","ast-breadcrumbs-content":"","ast-featured-img":"","footer-sml-layout":"","ast-disable-related-posts":"","theme-transparent-header-meta":"","adv-header-id-meta":"","stick-header-meta":"","header-above-stick-meta":"","header-main-stick-meta":"","header-below-stick-meta":"","astra-migrate-meta-layouts":"default","ast-page-background-enabled":"default","ast-page-background-meta":{"desktop":{"background-color":"var(--ast-global-color-4)","background-image":"","background-repeat":"repeat","background-position":"center center","background-size":"auto","background-attachment":"scroll","background-type":"","background-media":"","overlay-type":"","overlay-color":"","overlay-opacity":"","overlay-gradient":""},"tablet":{"background-color":"","background-image":"","background-repeat":"repeat","background-position":"center center","background-size":"auto","background-attachment":"scroll","background-type":"","background-media":"","overlay-type":"","overlay-color":"","overlay-opacity":"","overlay-gradient":""},"mobile":{"background-color":"","background-image":"","background-repeat":"repeat","background-position":"center center","background-size":"auto","background-attachment":"scroll","background-type":"","background-media":"","overlay-type":"","overlay-color":"","overlay-opacity":"","overlay-gradient":""}},"ast-content-background-meta":{"desktop":{"background-color":"var(--ast-global-color-5)","background-image":"","background-repeat":"repeat","background-position":"center center","background-size":"auto","background-attachment":"scroll","background-type":"","background-media":"","overlay-type":"","overlay-color":"","overlay-opacity":"","overlay-gradient":""},"tablet":{"background-color":"var(--ast-global-color-5)","background-image":"","background-repeat":"repeat","background-position":"center center","background-size":"auto","background-attachment":"scroll","background-type":"","background-media":"","overlay-type":"","overlay-color":"","overlay-opacity":"","overlay-gradient":""},"mobile":{"background-color":"var(--ast-global-color-5)","background-image":"","background-repeat":"repeat","background-position":"center center","background-size":"auto","background-attachment":"scroll","background-type":"","background-media":"","overlay-type":"","overlay-color":"","overlay-opacity":"","overlay-gradient":""}},"footnotes":""},"categories":[98,416],"tags":[308,65],"language":[64],"agegroup":[373,374,372],"material":[409],"topic":[392,394],"folder":[58],"class_list":["post-2746","page","type-page","status-publish","hentry","category-experiments-es-2","category-resource","tag-resource","tag-soil","language-english","agegroup-10-14-anos","agegroup-15-19-anos","agegroup-5-9-anos","material-experimentos","topic-compostaje","topic-suelo"],"_links":{"self":[{"href":"https:\/\/greencoolschools.eu\/es\/wp-json\/wp\/v2\/pages\/2746","targetHints":{"allow":["GET"]}}],"collection":[{"href":"https:\/\/greencoolschools.eu\/es\/wp-json\/wp\/v2\/pages"}],"about":[{"href":"https:\/\/greencoolschools.eu\/es\/wp-json\/wp\/v2\/types\/page"}],"author":[{"embeddable":true,"href":"https:\/\/greencoolschools.eu\/es\/wp-json\/wp\/v2\/users\/4"}],"replies":[{"embeddable":true,"href":"https:\/\/greencoolschools.eu\/es\/wp-json\/wp\/v2\/comments?post=2746"}],"version-history":[{"count":0,"href":"https:\/\/greencoolschools.eu\/es\/wp-json\/wp\/v2\/pages\/2746\/revisions"}],"up":[{"embeddable":true,"href":"https:\/\/greencoolschools.eu\/es\/wp-json\/wp\/v2\/pages\/3851"}],"wp:attachment":[{"href":"https:\/\/greencoolschools.eu\/es\/wp-json\/wp\/v2\/media?parent=2746"}],"wp:term":[{"taxonomy":"category","embeddable":true,"href":"https:\/\/greencoolschools.eu\/es\/wp-json\/wp\/v2\/categories?post=2746"},{"taxonomy":"post_tag","embeddable":true,"href":"https:\/\/greencoolschools.eu\/es\/wp-json\/wp\/v2\/tags?post=2746"},{"taxonomy":"language","embeddable":true,"href":"https:\/\/greencoolschools.eu\/es\/wp-json\/wp\/v2\/language?post=2746"},{"taxonomy":"agegroup","embeddable":true,"href":"https:\/\/greencoolschools.eu\/es\/wp-json\/wp\/v2\/agegroup?post=2746"},{"taxonomy":"material","embeddable":true,"href":"https:\/\/greencoolschools.eu\/es\/wp-json\/wp\/v2\/material?post=2746"},{"taxonomy":"topic","embeddable":true,"href":"https:\/\/greencoolschools.eu\/es\/wp-json\/wp\/v2\/topic?post=2746"},{"taxonomy":"folder","embeddable":true,"href":"https:\/\/greencoolschools.eu\/es\/wp-json\/wp\/v2\/folder?post=2746"}],"curies":[{"name":"wp","href":"https:\/\/api.w.org\/{rel}","templated":true}]}}