{"id":13099,"date":"2025-10-28T09:18:22","date_gmt":"2025-10-28T08:18:22","guid":{"rendered":"https:\/\/greencoolschools.eu\/recursos-para-docentes\/"},"modified":"2026-01-19T12:59:24","modified_gmt":"2026-01-19T11:59:24","slug":"recursos-para-docentes","status":"publish","type":"page","link":"https:\/\/greencoolschools.eu\/es\/recursos-para-docentes\/","title":{"rendered":"Recursos para docentes"},"content":{"rendered":"\n<h2 class=\"wp-block-heading\">Explora nuestros materiales de aprendizaje<\/h2>\n\n<p>Descubre una amplia variedad de recursos atractivos sobre Suelo, Plantas, <a href=\"https:\/\/greencoolschools.eu\/es\/glossary\/compost\/\" target=\"_self\" title=\"El compost es un fertilizante y acondicionador del suelo rico en humus y nutrientes que es el producto final del compostaje de material org&aacute;nico.\" class=\"encyclopedia\">Compost<\/a>aje y Cambio Clim&aacute;tico. Ya sea que est&eacute; buscando experimentos pr&aacute;cticos o materiales informativos, nuestros recursos hacen que los temas ambientales sean tangibles e inspiradores.<br>Usa los filtros para explorar por tema, tipo o grupo de edad recomendado, y encuentra exactamente lo que mejor se adapte a tu clase o proyecto. <\/p>\n<div class=\"wp-block-search-filter-reusable-field search-filter-base search-filter-field search-filter-field--id-6 search-filter-field--type-choice search-filter-field--input-type-button search-filter-style--id-2 search-filter-style--choice-button teachers_resources_search\" data-search-filter-id=\"6\"><\/div>\n<div style=\"height:25px\" aria-hidden=\"true\" class=\"wp-block-spacer\"><\/div>\n<div class=\"wp-block-search-filter-reusable-field search-filter-base search-filter-field search-filter-field--id-7 search-filter-field--type-choice search-filter-field--input-type-button search-filter-style--id-2 search-filter-style--choice-button teachers_resources_search\" data-search-filter-id=\"7\"><\/div>\n<div style=\"height:25px\" aria-hidden=\"true\" class=\"wp-block-spacer\"><\/div>\n<div class=\"wp-block-search-filter-reusable-field search-filter-base search-filter-field search-filter-field--id-5 search-filter-field--type-choice search-filter-field--input-type-button search-filter-style--id-2 search-filter-style--choice-button teachers_resources_search\" data-search-filter-id=\"5\"><\/div>\n<div style=\"height:25px\" aria-hidden=\"true\" class=\"wp-block-spacer\"><\/div>\n\n<div class=\"wp-block-query is-layout-flow wp-block-query-is-layout-flow search-filter-query search-filter-query--id-1\"><ul class=\"columns-3 wp-block-post-template is-layout-grid wp-container-core-post-template-is-layout-6d3fbd8f wp-block-post-template-is-layout-grid\"><li class=\"wp-block-post post-3865 page type-page status-publish has-post-thumbnail hentry category-resource category-tema-es tag-resource tag-soil-types language-english agegroup-10-14-anos agegroup-15-19-anos agegroup-5-9-anos material-informacion topic-suelo\">\n\n<div class=\"wp-block-group is-layout-flow wp-block-group-is-layout-flow\" style=\"padding-top:30px;padding-right:30px;padding-bottom:30px;padding-left:30px\"><div class=\"wp-block-group__inner-container\"><h2 class=\"wp-block-post-title\"><a href=\"https:\/\/greencoolschools.eu\/es\/temas\/tipos-de-suelo\/\" target=\"_self\">Tipos de suelo<\/a><\/h2>\n\n<div class=\"wp-block-post-excerpt\"><p class=\"wp-block-post-excerpt__excerpt\">La composici&oacute;n de los suelos se define por la composici&oacute;n granulom&eacute;trica de la sustancia mineral del suelo y las propiedades t&aacute;ctiles asociadas. En funci&oacute;n de la composici&oacute;n granulom&eacute;trica, los suelos pueden almacenar distintas cantidades de agua, tener un contenido de nutrientes diferente, ser dif&iacute;ciles o f&aacute;ciles de trabajar y ser enraizados de forma diferente por&hellip; <\/p><\/div>\n\n<div class=\"wp-block-post-date\"><time datetime=\"2022-08-10T22:46:06+02:00\"><\/time><\/div><\/div><\/div>\n\n<\/li><li class=\"wp-block-post post-3851 page type-page status-publish has-post-thumbnail hentry category-resource category-tema-es tag-resource tag-soil language-english agegroup-10-14-anos agegroup-15-19-anos agegroup-5-9-anos material-informacion topic-suelo\">\n\n<div class=\"wp-block-group is-layout-flow wp-block-group-is-layout-flow\" style=\"padding-top:30px;padding-right:30px;padding-bottom:30px;padding-left:30px\"><div class=\"wp-block-group__inner-container\"><h2 class=\"wp-block-post-title\"><a href=\"https:\/\/greencoolschools.eu\/es\/temas\/suelo\/\" target=\"_self\">Suelo<\/a><\/h2>\n\n<div class=\"wp-block-post-excerpt\"><p class=\"wp-block-post-excerpt__excerpt\">El t&eacute;rmino suelo se refiere a la capa exterior animada de la corteza terrestre. Es una parte importante de nuestro entorno y la base de la vida en la Tierra. <\/p><\/div>\n\n<div class=\"wp-block-post-date\"><time datetime=\"2022-09-09T11:13:42+02:00\"><\/time><\/div><\/div><\/div>\n\n<\/li><li class=\"wp-block-post post-2701 page type-page status-publish has-post-thumbnail hentry category-resource category-tema-es tag-resource tag-vertical-greening language-english agegroup-10-14-anos agegroup-15-19-anos agegroup-5-9-anos material-informacion topic-cambio-climatico topic-plantas\">\n\n<div class=\"wp-block-group is-layout-flow wp-block-group-is-layout-flow\" style=\"padding-top:30px;padding-right:30px;padding-bottom:30px;padding-left:30px\"><div class=\"wp-block-group__inner-container\"><h2 class=\"wp-block-post-title\"><a href=\"https:\/\/greencoolschools.eu\/es\/temas\/reverdecimiento-vertical\/\" target=\"_self\">Reverdecimiento vertical<\/a><\/h2>\n\n<div class=\"wp-block-post-excerpt\"><p class=\"wp-block-post-excerpt__excerpt\">El reverdecimiento vertical puede aplicarse tanto en el interior como en el exterior ahorrando espacio. Las fachadas verdes son una forma alternativa de reverdecimiento para las ciudades densamente edificadas. <\/p><\/div>\n\n<div class=\"wp-block-post-date\"><time datetime=\"2022-09-09T09:18:02+02:00\"><\/time><\/div><\/div><\/div>\n\n<\/li><li class=\"wp-block-post post-2740 page type-page status-publish has-post-thumbnail hentry category-resource category-tema-es tag-indoor-greening tag-resource language-english agegroup-10-14-anos agegroup-15-19-anos agegroup-5-9-anos material-informacion topic-plantas\">\n\n<div class=\"wp-block-group is-layout-flow wp-block-group-is-layout-flow\" style=\"padding-top:30px;padding-right:30px;padding-bottom:30px;padding-left:30px\"><div class=\"wp-block-group__inner-container\"><h2 class=\"wp-block-post-title\"><a href=\"https:\/\/greencoolschools.eu\/es\/temas\/reverdecimiento-de-interior\/\" target=\"_self\">Reverdecimiento de interior<\/a><\/h2>\n\n<div class=\"wp-block-post-excerpt\"><p class=\"wp-block-post-excerpt__excerpt\">El reverdecimiento de los espacios interiores es importante, ya que los alumnos pasan all&iacute; la mayor parte de su jornada escolar. Especialmente en edificios escolares nuevos, el aire suele ser bastante seco debido a las paredes bien aisladas, y los ni&ntilde;os, j&oacute;venes y profesores se quejan de que se les resecan las mucosas. <\/p><\/div>\n\n<div class=\"wp-block-post-date\"><time datetime=\"2022-09-09T11:21:05+02:00\"><\/time><\/div><\/div><\/div>\n\n<\/li><li class=\"wp-block-post post-2612 page type-page status-publish has-post-thumbnail hentry category-resource category-tema-es tag-heat-islands tag-resource language-english agegroup-10-14-anos agegroup-15-19-anos agegroup-5-9-anos material-informacion topic-cambio-climatico\">\n\n<div class=\"wp-block-group is-layout-flow wp-block-group-is-layout-flow\" style=\"padding-top:30px;padding-right:30px;padding-bottom:30px;padding-left:30px\"><div class=\"wp-block-group__inner-container\"><h2 class=\"wp-block-post-title\"><a href=\"https:\/\/greencoolschools.eu\/es\/temas\/islas-de-calor\/\" target=\"_self\">Islas de calor<\/a><\/h2>\n\n<div class=\"wp-block-post-excerpt\"><p class=\"wp-block-post-excerpt__excerpt\">Las ciudades se est&aacute;n calentando con especial intensidad a causa de, entre otras cosas, el cambio clim&aacute;tico. Debido a las grandes superficies selladas y al denso desarrollo de los edificios, las ciudades se ven m&aacute;s afectadas por el aumento de las temperaturas en verano. <\/p><\/div>\n\n<div class=\"wp-block-post-date\"><time datetime=\"2022-08-10T22:32:25+02:00\"><\/time><\/div><\/div><\/div>\n\n<\/li><li class=\"wp-block-post post-2606 page type-page status-publish has-post-thumbnail hentry category-resource category-tema-es tag-resource tag-soil-functions language-english agegroup-10-14-anos agegroup-15-19-anos agegroup-5-9-anos material-informacion topic-suelo\">\n\n<div class=\"wp-block-group is-layout-flow wp-block-group-is-layout-flow\" style=\"padding-top:30px;padding-right:30px;padding-bottom:30px;padding-left:30px\"><div class=\"wp-block-group__inner-container\"><h2 class=\"wp-block-post-title\"><a href=\"https:\/\/greencoolschools.eu\/es\/temas\/funciones-del-suelo\/\" target=\"_self\">Funciones del suelo<\/a><\/h2>\n\n<div class=\"wp-block-post-excerpt\"><p class=\"wp-block-post-excerpt__excerpt\">El suelo es una de las bases m&aacute;s importantes de la vida para los humanos, los animales y las plantas. Sin el suelo, la vida en la Tierra tal y como la conocemos no podr&iacute;a existir. El suelo tiene una gran variedad de funciones, como la de h&aacute;bitat y emplazamiento, la de regulaci&oacute;n del equilibrio&hellip; <\/p><\/div>\n\n<div class=\"wp-block-post-date\"><time datetime=\"2022-08-24T11:29:54+02:00\"><\/time><\/div><\/div><\/div>\n\n<\/li><li class=\"wp-block-post post-2764 page type-page status-publish hentry category-experiments-es-2 category-resource tag-indoor-greening tag-resource language-english agegroup-10-14-anos agegroup-15-19-anos agegroup-5-9-anos material-experimentos topic-plantas\">\n\n<div class=\"wp-block-group is-layout-flow wp-block-group-is-layout-flow\" style=\"padding-top:30px;padding-right:30px;padding-bottom:30px;padding-left:30px\"><div class=\"wp-block-group__inner-container\"><h2 class=\"wp-block-post-title\"><a href=\"https:\/\/greencoolschools.eu\/es\/temas\/reverdecimiento-de-interior\/experimento-reverdecer-el-aula\/\" target=\"_self\">Experimento: Reverdecer el aula<\/a><\/h2>\n\n<div class=\"wp-block-post-excerpt\"><p class=\"wp-block-post-excerpt__excerpt\">Este ejercicio trata de reverdecer el aula con numerosas plantas. Las plantas se eligen entre todos, se colocan en la clase, se plantan y se cuidan. <\/p><\/div>\n\n<div class=\"wp-block-post-date\"><time datetime=\"2022-09-09T11:37:27+02:00\"><\/time><\/div><\/div><\/div>\n\n<\/li><li class=\"wp-block-post post-2759 page type-page status-publish hentry category-experiments-es-2 category-resource tag-resource tag-vertical-greening language-english agegroup-10-14-anos agegroup-15-19-anos agegroup-5-9-anos material-experimentos topic-cambio-climatico topic-plantas\">\n\n<div class=\"wp-block-group is-layout-flow wp-block-group-is-layout-flow\" style=\"padding-top:30px;padding-right:30px;padding-bottom:30px;padding-left:30px\"><div class=\"wp-block-group__inner-container\"><h2 class=\"wp-block-post-title\"><a href=\"https:\/\/greencoolschools.eu\/es\/temas\/reverdecimiento-vertical\/experimento-plantas-trepadoras-en-la-escuela\/\" target=\"_self\">Experimento: Plantas trepadoras en la escuela<\/a><\/h2>\n\n<div class=\"wp-block-post-excerpt\"><p class=\"wp-block-post-excerpt__excerpt\">Con la ayuda de este ejercicio, los alumnos y alumnas pueden observar de cerca y aprender sobre el crecimiento de las plantas y tambi&eacute;n sobre los &oacute;rganos trepadores de las plantas trepadoras. Para ello, pueden cultivar sus propias plantas trepadoras. <\/p><\/div>\n\n<div class=\"wp-block-post-date\"><time datetime=\"2022-09-09T09:55:39+02:00\"><\/time><\/div><\/div><\/div>\n\n<\/li><li class=\"wp-block-post post-2752 page type-page status-publish hentry category-experiments-es-2 category-resource tag-heat-islands tag-resource language-english agegroup-10-14-anos agegroup-15-19-anos agegroup-5-9-anos material-experimentos topic-cambio-climatico\">\n\n<div class=\"wp-block-group is-layout-flow wp-block-group-is-layout-flow\" style=\"padding-top:30px;padding-right:30px;padding-bottom:30px;padding-left:30px\"><div class=\"wp-block-group__inner-container\"><h2 class=\"wp-block-post-title\"><a href=\"https:\/\/greencoolschools.eu\/es\/temas\/islas-de-calor\/experimento-medicion-de-temperaturas-y-de-temperaturas-superficiales\/\" target=\"_self\">Experimento: Medici&oacute;n de temperaturas y de temperaturas superficiales<\/a><\/h2>\n\n<div class=\"wp-block-post-excerpt\"><p class=\"wp-block-post-excerpt__excerpt\">En este ejemplo pr&aacute;ctico, los alumnos miden las temperaturas en diferentes lugares. De este modo, observan de cerca qu&eacute; influencia tienen los materiales, los espacios verdes, las plantas y el agua en nuestro <a href=\"https:\/\/greencoolschools.eu\/es\/glossary\/microclima\/\" target=\"_self\" title=\"Un microclima denota condiciones atmosf&eacute;ricas locales que difieren de las de las &aacute;reas circundantes. A menudo difiere solo un poco, pero a veces hay una diferencia significativa. El t&eacute;rmino puede referirse a &aacute;reas tan peque&ntilde;as como unos pocos metros cuadrados (por ejemplo, una cama de jard&iacute;n o una guarida) o muchos kil&oacute;metros cuadrados.\" class=\"encyclopedia\">microclima<\/a>. <\/p><\/div>\n\n<div class=\"wp-block-post-date\"><time datetime=\"2022-09-09T12:25:42+02:00\"><\/time><\/div><\/div><\/div>\n\n<\/li><li class=\"wp-block-post post-2756 page type-page status-publish hentry category-experiments-es-2 category-resource tag-positive-effects-of-plants tag-resource language-english agegroup-10-14-anos agegroup-15-19-anos agegroup-5-9-anos material-experimentos topic-cambio-climatico topic-plantas\">\n\n<div class=\"wp-block-group is-layout-flow wp-block-group-is-layout-flow\" style=\"padding-top:30px;padding-right:30px;padding-bottom:30px;padding-left:30px\"><div class=\"wp-block-group__inner-container\"><h2 class=\"wp-block-post-title\"><a href=\"https:\/\/greencoolschools.eu\/es\/temas\/efectos-positivos-de-las-plantas\/experimento-medicion-de-la-capacidad-de-almacenamiento-de-agua\/\" target=\"_self\">Experimento: Medici&oacute;n de la capacidad de almacenamiento de agua<\/a><\/h2>\n\n<div class=\"wp-block-post-excerpt\"><p class=\"wp-block-post-excerpt__excerpt\">El montaje experimental se utiliza para simular un evento de lluvia en un suelo con vegetaci&oacute;n, abierto y sellado. De este modo, se ilustra <a href=\"https:\/\/greencoolschools.eu\/es\/glossary\/la-erosion-del-suelo\/\" target=\"_self\" title=\"La erosi&oacute;n del suelo describe la remoci&oacute;n o desplazamiento del suelo debido a influencias externas. Las principales causas de la erosi&oacute;n del suelo son la lluvia (debido a la escorrent&iacute;a) y el viento.\" class=\"encyclopedia\">la erosi&oacute;n del suelo<\/a> y el efecto de las plantas. Adem&aacute;s, se ponen de manifiesto los diferentes efectos de la lluvia sobre el suelo en relaci&oacute;n con el grado de sellado&hellip; <\/p><\/div>\n\n<div class=\"wp-block-post-date\"><time datetime=\"2022-09-09T12:18:41+02:00\"><\/time><\/div><\/div><\/div>\n\n<\/li><li class=\"wp-block-post post-2754 page type-page status-publish hentry category-experiments-es-2 category-resource tag-plant-care tag-resource language-english agegroup-10-14-anos agegroup-15-19-anos agegroup-5-9-anos material-experimentos topic-plantas\">\n\n<div class=\"wp-block-group is-layout-flow wp-block-group-is-layout-flow\" style=\"padding-top:30px;padding-right:30px;padding-bottom:30px;padding-left:30px\"><div class=\"wp-block-group__inner-container\"><h2 class=\"wp-block-post-title\"><a href=\"https:\/\/greencoolschools.eu\/es\/temas\/cuidado-de-las-plantas\/experimento-cultiva-tus-propias-plantas-de-semillero\/\" target=\"_self\">Experimento: Cultiva tus propias plantas de semillero<\/a><\/h2>\n\n<div class=\"wp-block-post-excerpt\"><p class=\"wp-block-post-excerpt__excerpt\">Algunas plantas deben ser cultivadas previamente antes de ser plantadas. Una opci&oacute;n pr&aacute;ctica y que ahorra costes es la de cultivar uno mismo las plantas a partir de las semillas. De este modo, a diferencia de las plantas de invernadero, se adaptan inmediatamente a las condiciones ambientales y son, por tanto, m&aacute;s robustas. <\/p><\/div>\n\n<div class=\"wp-block-post-date\"><time datetime=\"2022-09-09T12:56:07+02:00\"><\/time><\/div><\/div><\/div>\n\n<\/li><li class=\"wp-block-post post-2746 page type-page status-publish hentry category-experiments-es-2 category-resource tag-resource tag-soil language-english agegroup-10-14-anos agegroup-15-19-anos agegroup-5-9-anos material-experimentos topic-compostaje topic-suelo\">\n\n<div class=\"wp-block-group is-layout-flow wp-block-group-is-layout-flow\" style=\"padding-top:30px;padding-right:30px;padding-bottom:30px;padding-left:30px\"><div class=\"wp-block-group__inner-container\"><h2 class=\"wp-block-post-title\"><a href=\"https:\/\/greencoolschools.eu\/es\/temas\/suelo\/experimento-como-se-forma-el-suelo\/\" target=\"_self\">Experimento: C&oacute;mo se forma el suelo<\/a><\/h2>\n\n<div class=\"wp-block-post-excerpt\"><p class=\"wp-block-post-excerpt__excerpt\">La naturaleza no conoce desperdicios. Con este experimento, los alumnos y alumnas aprenden c&oacute;mo los residuos org&aacute;nicos son valiosas materias primas y los principios b&aacute;sicos de la econom&iacute;a circular. <\/p><\/div>\n\n<div class=\"wp-block-post-date\"><time datetime=\"2022-09-09T11:11:05+02:00\"><\/time><\/div><\/div><\/div>\n\n<\/li><li class=\"wp-block-post post-2748 page type-page status-publish hentry category-experiments-es-2 category-resource tag-resource tag-soil-types language-english agegroup-10-14-anos agegroup-15-19-anos agegroup-5-9-anos material-experimentos topic-compostaje topic-suelo\">\n\n<div class=\"wp-block-group is-layout-flow wp-block-group-is-layout-flow\" style=\"padding-top:30px;padding-right:30px;padding-bottom:30px;padding-left:30px\"><div class=\"wp-block-group__inner-container\"><h2 class=\"wp-block-post-title\"><a href=\"https:\/\/greencoolschools.eu\/es\/temas\/tipos-de-suelo\/experimento-analisis-del-suelo\/\" target=\"_self\">Experimento: An&aacute;lisis del suelo<\/a><\/h2>\n\n<div class=\"wp-block-post-excerpt\"><p class=\"wp-block-post-excerpt__excerpt\">Los alumnos aprenden a conocer los diferentes tipos de suelo y su composici&oacute;n mediante la prueba del rodillo. <\/p><\/div>\n\n<div class=\"wp-block-post-date\"><time datetime=\"2022-09-09T12:05:34+02:00\"><\/time><\/div><\/div><\/div>\n\n<\/li><li class=\"wp-block-post post-2750 page type-page status-publish hentry category-experiments-es-2 category-resource tag-resource tag-soil-functions language-english agegroup-10-14-anos agegroup-15-19-anos material-experimentos topic-suelo\">\n\n<div class=\"wp-block-group is-layout-flow wp-block-group-is-layout-flow\" style=\"padding-top:30px;padding-right:30px;padding-bottom:30px;padding-left:30px\"><div class=\"wp-block-group__inner-container\"><h2 class=\"wp-block-post-title\"><a href=\"https:\/\/greencoolschools.eu\/es\/temas\/funciones-del-suelo\/experiment-mapeo\/\" target=\"_self\">Experiment: Mapeo<\/a><\/h2>\n\n<div class=\"wp-block-post-excerpt\"><p class=\"wp-block-post-excerpt__excerpt\">Las alumnas y alumnos documentan las diferentes zonas de la escuela y sus usos. Debaten sobre las diferentes funciones que cumple el suelo en estas zonas y los usos que se dan o podr&iacute;an darse. <\/p><\/div>\n\n<div class=\"wp-block-post-date\"><time datetime=\"2022-09-06T22:08:33+02:00\"><\/time><\/div><\/div><\/div>\n\n<\/li><li class=\"wp-block-post post-3005 page type-page status-publish has-post-thumbnail hentry category-resource category-tema-es tag-positive-effects-of-plants tag-resource language-english agegroup-10-14-anos agegroup-15-19-anos agegroup-5-9-anos material-informacion topic-cambio-climatico topic-plantas\">\n\n<div class=\"wp-block-group is-layout-flow wp-block-group-is-layout-flow\" style=\"padding-top:30px;padding-right:30px;padding-bottom:30px;padding-left:30px\"><div class=\"wp-block-group__inner-container\"><h2 class=\"wp-block-post-title\"><a href=\"https:\/\/greencoolschools.eu\/es\/temas\/efectos-positivos-de-las-plantas\/\" target=\"_self\">Efectos positivos de las plantas<\/a><\/h2>\n\n<div class=\"wp-block-post-excerpt\"><p class=\"wp-block-post-excerpt__excerpt\">Las plantas tienen muchas cualidades positivas. Mediante la fotos&iacute;ntesis, producen el ox&iacute;geno que es vital para los seres humanos y los animales, y tambi&eacute;n purifican el aire. Para muchos animales, las plantas constituyen un espacio para vivir: desde los peque&ntilde;os animales que retozan en el musgo hasta los grandes animales que viven en el bosque. <\/p><\/div>\n\n<div class=\"wp-block-post-date\"><time datetime=\"2022-09-09T11:58:51+02:00\"><\/time><\/div><\/div><\/div>\n\n<\/li><li class=\"wp-block-post post-2616 page type-page status-publish has-post-thumbnail hentry category-resource category-tema-es tag-plant-care tag-resource language-english agegroup-10-14-anos agegroup-15-19-anos agegroup-5-9-anos material-informacion topic-plantas\">\n\n<div class=\"wp-block-group is-layout-flow wp-block-group-is-layout-flow\" style=\"padding-top:30px;padding-right:30px;padding-bottom:30px;padding-left:30px\"><div class=\"wp-block-group__inner-container\"><h2 class=\"wp-block-post-title\"><a href=\"https:\/\/greencoolschools.eu\/es\/temas\/cuidado-de-las-plantas\/\" target=\"_self\">Cuidado de las plantas<\/a><\/h2>\n\n<div class=\"wp-block-post-excerpt\"><p class=\"wp-block-post-excerpt__excerpt\">Para desarrollarse y crecer de forma &oacute;ptima, varios factores son indispensables para las plantas. Los factores de crecimiento de las plantas son la luz, el aire, la temperatura, el agua y los nutrientes. Si todos los factores est&aacute;n suficientemente presentes, la planta puede desarrollarse bien. <\/p><\/div>\n\n<div class=\"wp-block-post-date\"><time datetime=\"2022-09-09T12:36:18+02:00\"><\/time><\/div><\/div><\/div>\n\n<\/li><\/ul><\/div>\n","protected":false},"excerpt":{"rendered":"<p>Explora nuestros materiales de aprendizaje Descubre una amplia variedad de recursos atractivos sobre Suelo, Plantas, Compostaje y Cambio Clim\u00e1tico. Ya sea que est\u00e9 buscando experimentos pr\u00e1cticos o materiales informativos, nuestros recursos hacen que los temas ambientales sean tangibles e inspiradores.Usa los filtros para explorar por tema, tipo o grupo de edad recomendado, y encuentra exactamente [&hellip;]<\/p>\n","protected":false},"author":1,"featured_media":0,"parent":0,"menu_order":0,"comment_status":"closed","ping_status":"closed","template":"","meta":{"site-sidebar-layout":"default","site-content-layout":"","ast-site-content-layout":"default","site-content-style":"default","site-sidebar-style":"default","ast-global-header-display":"","ast-banner-title-visibility":"","ast-main-header-display":"","ast-hfb-above-header-display":"","ast-hfb-below-header-display":"","ast-hfb-mobile-header-display":"","site-post-title":"","ast-breadcrumbs-content":"","ast-featured-img":"","footer-sml-layout":"","ast-disable-related-posts":"","theme-transparent-header-meta":"","adv-header-id-meta":"","stick-header-meta":"","header-above-stick-meta":"","header-main-stick-meta":"","header-below-stick-meta":"","astra-migrate-meta-layouts":"default","ast-page-background-enabled":"default","ast-page-background-meta":{"desktop":{"background-color":"var(--ast-global-color-4)","background-image":"","background-repeat":"repeat","background-position":"center center","background-size":"auto","background-attachment":"scroll","background-type":"","background-media":"","overlay-type":"","overlay-color":"","overlay-opacity":"","overlay-gradient":""},"tablet":{"background-color":"","background-image":"","background-repeat":"repeat","background-position":"center center","background-size":"auto","background-attachment":"scroll","background-type":"","background-media":"","overlay-type":"","overlay-color":"","overlay-opacity":"","overlay-gradient":""},"mobile":{"background-color":"","background-image":"","background-repeat":"repeat","background-position":"center center","background-size":"auto","background-attachment":"scroll","background-type":"","background-media":"","overlay-type":"","overlay-color":"","overlay-opacity":"","overlay-gradient":""}},"ast-content-background-meta":{"desktop":{"background-color":"var(--ast-global-color-5)","background-image":"","background-repeat":"repeat","background-position":"center center","background-size":"auto","background-attachment":"scroll","background-type":"","background-media":"","overlay-type":"","overlay-color":"","overlay-opacity":"","overlay-gradient":""},"tablet":{"background-color":"var(--ast-global-color-5)","background-image":"","background-repeat":"repeat","background-position":"center center","background-size":"auto","background-attachment":"scroll","background-type":"","background-media":"","overlay-type":"","overlay-color":"","overlay-opacity":"","overlay-gradient":""},"mobile":{"background-color":"var(--ast-global-color-5)","background-image":"","background-repeat":"repeat","background-position":"center center","background-size":"auto","background-attachment":"scroll","background-type":"","background-media":"","overlay-type":"","overlay-color":"","overlay-opacity":"","overlay-gradient":""}},"footnotes":""},"categories":[],"tags":[],"language":[],"agegroup":[],"material":[],"topic":[],"folder":[],"class_list":["post-13099","page","type-page","status-publish","hentry"],"_links":{"self":[{"href":"https:\/\/greencoolschools.eu\/es\/wp-json\/wp\/v2\/pages\/13099","targetHints":{"allow":["GET"]}}],"collection":[{"href":"https:\/\/greencoolschools.eu\/es\/wp-json\/wp\/v2\/pages"}],"about":[{"href":"https:\/\/greencoolschools.eu\/es\/wp-json\/wp\/v2\/types\/page"}],"author":[{"embeddable":true,"href":"https:\/\/greencoolschools.eu\/es\/wp-json\/wp\/v2\/users\/1"}],"replies":[{"embeddable":true,"href":"https:\/\/greencoolschools.eu\/es\/wp-json\/wp\/v2\/comments?post=13099"}],"version-history":[{"count":0,"href":"https:\/\/greencoolschools.eu\/es\/wp-json\/wp\/v2\/pages\/13099\/revisions"}],"wp:attachment":[{"href":"https:\/\/greencoolschools.eu\/es\/wp-json\/wp\/v2\/media?parent=13099"}],"wp:term":[{"taxonomy":"category","embeddable":true,"href":"https:\/\/greencoolschools.eu\/es\/wp-json\/wp\/v2\/categories?post=13099"},{"taxonomy":"post_tag","embeddable":true,"href":"https:\/\/greencoolschools.eu\/es\/wp-json\/wp\/v2\/tags?post=13099"},{"taxonomy":"language","embeddable":true,"href":"https:\/\/greencoolschools.eu\/es\/wp-json\/wp\/v2\/language?post=13099"},{"taxonomy":"agegroup","embeddable":true,"href":"https:\/\/greencoolschools.eu\/es\/wp-json\/wp\/v2\/agegroup?post=13099"},{"taxonomy":"material","embeddable":true,"href":"https:\/\/greencoolschools.eu\/es\/wp-json\/wp\/v2\/material?post=13099"},{"taxonomy":"topic","embeddable":true,"href":"https:\/\/greencoolschools.eu\/es\/wp-json\/wp\/v2\/topic?post=13099"},{"taxonomy":"folder","embeddable":true,"href":"https:\/\/greencoolschools.eu\/es\/wp-json\/wp\/v2\/folder?post=13099"}],"curies":[{"name":"wp","href":"https:\/\/api.w.org\/{rel}","templated":true}]}}