{"id":13071,"date":"2025-08-26T13:06:28","date_gmt":"2025-08-26T11:06:28","guid":{"rendered":"https:\/\/greencoolschools.eu\/add-listing\/"},"modified":"2026-01-19T10:35:15","modified_gmt":"2026-01-19T09:35:15","slug":"add-listing","status":"publish","type":"page","link":"https:\/\/greencoolschools.eu\/es\/add-listing\/","title":{"rendered":"A\u00f1adir proyecto"},"content":{"rendered":"\n<h3 class=\"wp-block-heading\">&iexcl;Bienvenido a nuestra Red de Green Cool Schools!<\/h3>\n\n<p>Invitamos cordialmente a su escuela a unirse a la <strong>red Green Cool Schools<\/strong>, una comunidad de escuelas que transforman sus terrenos escolares en espacios de aprendizaje verdes y vibrantes. A trav&eacute;s de este cuestionario podr&aacute;s <strong>presentar tu proyecto de ecologizaci&oacute;n<\/strong> y <strong>optar al premio Green Cool Schools Award<\/strong>. <\/p>\n\n<p>El cuestionario le brinda la oportunidad de compartir sus ideas, experiencias y logros con otras escuelas de la red.<\/p>\n\n<p>Las escuelas que cumplan determinados criterios ser&aacute;n reconocidas con el t&iacute;tulo de &ldquo;<strong>Green Cool School<\/strong>&rdquo;, un signo visible de protecci&oacute;n activa del medio ambiente y del clima en su propio campus.<\/p>\n\n<p>Un proyecto de ecologizaci&oacute;n escolar es una iniciativa que hace que la escuela sea m&aacute;s respetuosa con el medio ambiente y promueve la sostenibilidad entre el alumnado y el personal. Algunos ejemplos incluyen: la plantaci&oacute;n de &aacute;rboles para mejorar la calidad del aire y proporcionar sombra, un huerto escolar o un huerto de flores para el aprendizaje pr&aacute;ctico, y estaciones de <a href=\"https:\/\/greencoolschools.eu\/es\/glossary\/reciclaje\/\" target=\"_self\" title=\"Reciclaje significa el tratamiento y reutilizaci&oacute;n de residuos para nuevos productos.\" class=\"encyclopedia\">reciclaje<\/a> y <a href=\"https:\/\/greencoolschools.eu\/es\/glossary\/compost\/\" target=\"_self\" title=\"El compost es un fertilizante y acondicionador del suelo rico en humus y nutrientes que es el producto final del compostaje de material org&aacute;nico.\" class=\"encyclopedia\">compost<\/a>aje para reducir los residuos. <\/p>\n\n<p>Nota: toda la informaci&oacute;n introducida ser&aacute; visible para otros usuarios registrados en nuestra p&aacute;gina web. Por lo tanto, rellene el formulario <strong>en ingl&eacute;s<\/strong> para que todo el mundo pueda entenderlo. Se necesitan unos <strong>15 minutos<\/strong> para completarlo.  <\/p>\n\n<p>Estamos deseando conocer tu proyecto y darte pronto la bienvenida a la <strong>comunidad Green Cool Schools! <\/strong>&#128154;<\/p>\n\n<div class=\"wp-block-geodirectory-geodir-widget-add-listing\"><\/div>\n<div class=\"geodir-add-listing bsui sdel-cf580c89\"><div class=\"alert alert-info \" role=\"alert\"><i class=\"fas fa-info-circle\"><\/i> Debes iniciar sesi&oacute;n para dejar un comentario.<\/div><br><div class=\"gd-login-links\"><a class=\"login-link uwp-login-link btn btn-primary\" href=\"https:\/\/greencoolschools.eu\/es\/wp-login.php?redirect_to=https%3A%2F%2Fgreencoolschools.eu%2Fes%2Fwp-json%2Fwp%2Fv2%2Fpages%2F13071\" title=\"Conectate\" rel=\"nofollow\">Conectate<\/a><a class=\"register-link uwp-register-link btn btn-outline-primary ms-2 ms-2\" href=\"https:\/\/greencoolschools.eu\/es\/wp-login.php?action=register\" title=\"Darse de alta\" rel=\"nofollow\">Darse de alta<\/a><\/div><\/div>","protected":false},"excerpt":{"rendered":"<p>\u00a1Bienvenido a nuestra Red de Green Cool Schools! Invitamos cordialmente a su escuela a unirse a la red Green Cool Schools, una comunidad de escuelas que transforman sus terrenos escolares en espacios de aprendizaje verdes y vibrantes. A trav\u00e9s de este cuestionario podr\u00e1s presentar tu proyecto de ecologizaci\u00f3n y optar al premio Green Cool Schools [&hellip;]<\/p>\n","protected":false},"author":1,"featured_media":0,"parent":0,"menu_order":0,"comment_status":"closed","ping_status":"closed","template":"","meta":{"site-sidebar-layout":"default","site-content-layout":"","ast-site-content-layout":"default","site-content-style":"default","site-sidebar-style":"default","ast-global-header-display":"","ast-banner-title-visibility":"","ast-main-header-display":"","ast-hfb-above-header-display":"","ast-hfb-below-header-display":"","ast-hfb-mobile-header-display":"","site-post-title":"","ast-breadcrumbs-content":"","ast-featured-img":"","footer-sml-layout":"","ast-disable-related-posts":"","theme-transparent-header-meta":"","adv-header-id-meta":"","stick-header-meta":"","header-above-stick-meta":"","header-main-stick-meta":"","header-below-stick-meta":"","astra-migrate-meta-layouts":"default","ast-page-background-enabled":"default","ast-page-background-meta":{"desktop":{"background-color":"var(--ast-global-color-4)","background-image":"","background-repeat":"repeat","background-position":"center center","background-size":"auto","background-attachment":"scroll","background-type":"","background-media":"","overlay-type":"","overlay-color":"","overlay-opacity":"","overlay-gradient":""},"tablet":{"background-color":"","background-image":"","background-repeat":"repeat","background-position":"center center","background-size":"auto","background-attachment":"scroll","background-type":"","background-media":"","overlay-type":"","overlay-color":"","overlay-opacity":"","overlay-gradient":""},"mobile":{"background-color":"","background-image":"","background-repeat":"repeat","background-position":"center center","background-size":"auto","background-attachment":"scroll","background-type":"","background-media":"","overlay-type":"","overlay-color":"","overlay-opacity":"","overlay-gradient":""}},"ast-content-background-meta":{"desktop":{"background-color":"var(--ast-global-color-5)","background-image":"","background-repeat":"repeat","background-position":"center center","background-size":"auto","background-attachment":"scroll","background-type":"","background-media":"","overlay-type":"","overlay-color":"","overlay-opacity":"","overlay-gradient":""},"tablet":{"background-color":"var(--ast-global-color-5)","background-image":"","background-repeat":"repeat","background-position":"center center","background-size":"auto","background-attachment":"scroll","background-type":"","background-media":"","overlay-type":"","overlay-color":"","overlay-opacity":"","overlay-gradient":""},"mobile":{"background-color":"var(--ast-global-color-5)","background-image":"","background-repeat":"repeat","background-position":"center center","background-size":"auto","background-attachment":"scroll","background-type":"","background-media":"","overlay-type":"","overlay-color":"","overlay-opacity":"","overlay-gradient":""}},"footnotes":""},"categories":[],"tags":[],"language":[],"agegroup":[],"material":[],"topic":[],"folder":[],"class_list":["post-13071","page","type-page","status-publish","hentry"],"_links":{"self":[{"href":"https:\/\/greencoolschools.eu\/es\/wp-json\/wp\/v2\/pages\/13071","targetHints":{"allow":["GET"]}}],"collection":[{"href":"https:\/\/greencoolschools.eu\/es\/wp-json\/wp\/v2\/pages"}],"about":[{"href":"https:\/\/greencoolschools.eu\/es\/wp-json\/wp\/v2\/types\/page"}],"author":[{"embeddable":true,"href":"https:\/\/greencoolschools.eu\/es\/wp-json\/wp\/v2\/users\/1"}],"replies":[{"embeddable":true,"href":"https:\/\/greencoolschools.eu\/es\/wp-json\/wp\/v2\/comments?post=13071"}],"version-history":[{"count":0,"href":"https:\/\/greencoolschools.eu\/es\/wp-json\/wp\/v2\/pages\/13071\/revisions"}],"wp:attachment":[{"href":"https:\/\/greencoolschools.eu\/es\/wp-json\/wp\/v2\/media?parent=13071"}],"wp:term":[{"taxonomy":"category","embeddable":true,"href":"https:\/\/greencoolschools.eu\/es\/wp-json\/wp\/v2\/categories?post=13071"},{"taxonomy":"post_tag","embeddable":true,"href":"https:\/\/greencoolschools.eu\/es\/wp-json\/wp\/v2\/tags?post=13071"},{"taxonomy":"language","embeddable":true,"href":"https:\/\/greencoolschools.eu\/es\/wp-json\/wp\/v2\/language?post=13071"},{"taxonomy":"agegroup","embeddable":true,"href":"https:\/\/greencoolschools.eu\/es\/wp-json\/wp\/v2\/agegroup?post=13071"},{"taxonomy":"material","embeddable":true,"href":"https:\/\/greencoolschools.eu\/es\/wp-json\/wp\/v2\/material?post=13071"},{"taxonomy":"topic","embeddable":true,"href":"https:\/\/greencoolschools.eu\/es\/wp-json\/wp\/v2\/topic?post=13071"},{"taxonomy":"folder","embeddable":true,"href":"https:\/\/greencoolschools.eu\/es\/wp-json\/wp\/v2\/folder?post=13071"}],"curies":[{"name":"wp","href":"https:\/\/api.w.org\/{rel}","templated":true}]}}