{"id":11878,"date":"2025-01-30T09:28:37","date_gmt":"2025-01-30T08:28:37","guid":{"rendered":"https:\/\/greencoolschools.eu\/iniciativas\/iniciativas-ganadoras-2024\/"},"modified":"2026-03-12T16:00:20","modified_gmt":"2026-03-12T15:00:20","slug":"iniciativas-ganadoras-2024","status":"publish","type":"page","link":"https:\/\/greencoolschools.eu\/es\/good-practices\/iniciativas-ganadoras-2024\/","title":{"rendered":"Green Cool Schools &#8211; Premio 2024"},"content":{"rendered":"\n<h2 class=\"wp-block-heading\">Iniciativas ganadoras &ndash; 2024<\/h2>\n\n<p>Nos complace presentarte las <strong>iniciativas ganadoras de 2024 <\/strong>. Estas iniciativas muestran la creatividad, la dedicaci&oacute;n y la visi&oacute;n de los centros escolares que trabajan por un futuro m&aacute;s ecol&oacute;gico. &iexcl;Deja que estos proyectos te inspiren para llevar m&aacute;s innovaci&oacute;n ecol&oacute;gica a tu centro escolar!  <\/p>\n\n<div style=\"height:100px\" aria-hidden=\"true\" class=\"wp-block-spacer\"><\/div>\n\n<div class=\"wp-block-columns is-layout-flex wp-container-core-columns-is-layout-28f84493 wp-block-columns-is-layout-flex\">\n<div class=\"wp-block-column is-layout-flow wp-block-column-is-layout-flow\" style=\"flex-basis:33.33%\">\n<figure class=\"wp-block-image has-custom-border\"><img loading=\"lazy\" decoding=\"async\" width=\"864\" height=\"1110\" src=\"https:\/\/greencoolschools.eu\/wp-content\/uploads\/2025\/01\/DE_zeichnung.jpg\" alt=\"\" class=\"wp-image-11818\" style=\"border-radius:8px\" srcset=\"https:\/\/greencoolschools.eu\/wp-content\/uploads\/2025\/01\/DE_zeichnung.jpg 864w, https:\/\/greencoolschools.eu\/wp-content\/uploads\/2025\/01\/DE_zeichnung-234x300.jpg 234w, https:\/\/greencoolschools.eu\/wp-content\/uploads\/2025\/01\/DE_zeichnung-797x1024.jpg 797w, https:\/\/greencoolschools.eu\/wp-content\/uploads\/2025\/01\/DE_zeichnung-768x987.jpg 768w\" sizes=\"auto, (max-width: 864px) 100vw, 864px\" \/><figcaption class=\"wp-element-caption\">Cr&eacute;ditos: Jari Hoven, 4. Aachener Gesamtschule <\/figcaption><\/figure>\n<\/div>\n\n\n\n<div class=\"wp-block-column is-layout-flow wp-block-column-is-layout-flow\" style=\"flex-basis:66.66%\">\n<h2 class=\"wp-block-heading has-text-align-left has-black-color has-text-color has-link-color wp-elements-c7e097fcce0a438aa04f0f0461eb36d3\" id=\"germany\"><strong><strong><strong><strong>Escuelas, &iexcl;lev&aacute;ntense con los &aacute;rboles!<\/strong><\/strong><\/strong><\/strong><\/h2>\n\n\n\n<p><strong>Escuela:<\/strong> <a href=\"https:\/\/www.aachener-gesamt.schule\/\" data-type=\"link\" data-id=\"https:\/\/www.aachener-gesamt.schule\/\" target=\"_blank\" rel=\"noreferrer noopener\">Aachener Gesamtschule<\/a><br><strong>Ubicaci&oacute;n:<\/strong> Alemania, Aachen<\/p>\n\n\n\n<p>Ya durante la <strong>&laquo;Marcha de los Objetivos Mundiales de las Escuelas de Aquisgr&aacute;n&raquo;<\/strong> en 2024, los alumnos del 4&ordm; Ac GE exigieron, entre otras cosas, <strong>&iexcl;m&aacute;s zonas verdes para las escuelas<\/strong>! Dado que, en general, la ciudad de Aquisgr&aacute;n est&aacute; abierta a esta idea (como se ve en el <strong>Acuerdo de la Ciudad del Clima 2030<\/strong>), pero los recursos financieros son limitados, nuestra escuela est&aacute; creando el apoyo necesario a trav&eacute;s de <strong>redes regionales y nacionales<\/strong>. Esto incluye la colaboraci&oacute;n con universidades, padres, empresas locales, fundaciones, patrocinadores y otras organizaciones asociadas. <\/p>\n\n\n\n<p>Paso a paso, ya se est&aacute;n produciendo cambios. Este curso escolar se han puesto en marcha varios proyectos, como la plantaci&oacute;n de un <strong>&aacute;rbol m&oacute;vil sobre ruedas<\/strong> (&laquo;Wanderbaum&raquo;), que puede desplazarse con flexibilidad por el recinto escolar. Adem&aacute;s, se <strong>han reparado parterres elevados<\/strong>, se <strong>han rescatado plantas en macetas<\/strong> y, lo que es m&aacute;s importante, se ha creado un <strong>&laquo;Consejo de Ecologizaci&oacute;n<\/strong> &laquo;. Este consejo permite que todos los miembros de la comunidad escolar aporten ideas, especialmente los alumnos, para que puedan dar forma activamente al dise&ntilde;o de su patio escolar.<br>Ya hemos desarrollado un formato de ense&ntilde;anza y estamos trabajando en conceptos de proyectos abiertos en los que se forma a <strong>&laquo;profesionales del podcast&raquo;<\/strong> y a <strong>&laquo;reporteros del clima&raquo;<\/strong>, porque <strong>&laquo;&iexcl;Hay que contar buenas historias!&raquo;.<\/strong>   <\/p>\n\n\n\n<p>En el futuro, el patio de la escuela seguir&aacute; transform&aacute;ndose con elementos sostenibles. Los proyectos previstos incluyen <strong>el reverdecimiento de la fachada<\/strong>, <strong>setos<\/strong>, <strong>&aacute;rboles<\/strong>, <strong>zonas para sentarse<\/strong>, <strong>terrazas verdes<\/strong>, posiblemente un <strong>aula al aire libre<\/strong> y una <strong>fuente de agua potable<\/strong>. Paralelamente, la escuela pretende utilizar <strong>materiales did&aacute;cticos de Green Cool Schools<\/strong>, que a&uacute;n est&aacute; en fase conceptual. Sin embargo, como <strong>escuela de los Objetivos Mundiales<\/strong>, ya existe un importante apoyo interno a esta iniciativa.<br>A medio plazo, el plan consiste en <strong>compartir conocimientos y conexiones<\/strong> con otras escuelas (simbolizadas por el <strong>&laquo;Wanderbaum<\/strong>&laquo;); en otras palabras: <strong>&laquo;&iexcl;Se anima a copiar!&raquo;.<\/strong>   <\/p>\n\n\n\n<p>Ya se ha producido un hermoso resultado del proyecto de reverdecimiento. Los <strong>servicios municipales<\/strong> locales se dirigieron a nosotros preguntando: <strong>&laquo;&iquest;No sois la escuela que hace proyectos de reverdecimiento? Queremos que nuestros alumnos lleven a cabo un proyecto de desbroce. &iquest;Podr&iacute;a hacerse en vuestra escuela?&raquo;<\/strong> <\/p>\n\n\n\n<p>En resumen, tanto internamente como en la comunidad regional, la iniciativa <strong>&laquo;Escuelas, &iexcl;lev&aacute;ntate con los &aacute;rboles!&raquo;<\/strong> est&aacute; cobrando un verdadero impulso. &iquest;No es maravilloso? <\/p>\n<\/div>\n<\/div>\n\n<hr class=\"wp-block-separator has-alpha-channel-opacity is-style-dots\" style=\"margin-top:var(--wp--preset--spacing--70);margin-bottom:var(--wp--preset--spacing--70)\">\n\n<div class=\"wp-block-columns is-layout-flex wp-container-core-columns-is-layout-28f84493 wp-block-columns-is-layout-flex\">\n<div class=\"wp-block-column is-layout-flow wp-block-column-is-layout-flow\" style=\"flex-basis:33.33%\">\n<figure class=\"wp-block-image size-full has-custom-border\" style=\"margin-top:var(--wp--preset--spacing--20);margin-right:0;margin-bottom:var(--wp--preset--spacing--20);margin-left:0\"><img decoding=\"async\" src=\"https:\/\/greencoolschools.eu\/wp-content\/uploads\/2025\/01\/AT.jpg\" alt=\"\" class=\"wp-image-11741\" style=\"border-style:none;border-width:0px;border-radius:8px\"><figcaption class=\"wp-element-caption\">Cr&eacute;ditos: PMS PH K&auml;rnten<\/figcaption><\/figure>\n<\/div>\n\n\n\n<div class=\"wp-block-column is-layout-flow wp-block-column-is-layout-flow\" style=\"flex-basis:66.66%\">\n<h2 class=\"wp-block-heading has-text-align-left has-black-color has-text-color has-link-color wp-elements-0ea9662edef5e094011aad65859a011b\" id=\"austria\"><strong><strong><strong>Jardineras m&oacute;viles para interior<\/strong><\/strong><\/strong><\/h2>\n\n\n\n<p><strong>Escuela:<\/strong> <a href=\"https:\/\/pms.ph-kaernten.ac.at\/index.php\" target=\"_blank\" rel=\"noreferrer noopener\">PMS PH K&auml;rnten<\/a><br><strong>Ubicaci&oacute;n:<\/strong> Austria, Klagenfurt<\/p>\n\n\n\n<p>Tras crear con &eacute;xito un <strong>patio verde<\/strong>, la comunidad escolar quiso llevar los beneficios de la naturaleza al interior del edificio. El objetivo era mejorar el <strong>ambiente de aprendizaje<\/strong> integrando las plantas en la vida escolar cotidiana. Con esto en mente, alumnos y profesores trabajaron juntos para construir y decorar <strong>jardineras<\/strong> interiores, creando un entorno m&aacute;s acogedor y estimulante. Ahora, un <strong>Equipo Verde<\/strong> se ocupa de las plantas, asegurando su crecimiento y bienestar continuos.   <\/p>\n\n\n\n<p>El proyecto pretend&iacute;a hacer <strong>m&aacute;s verde el entorno de aprendizaje<\/strong>, destacando al mismo tiempo los <strong>efectos positivos de las plantas<\/strong> sobre el bienestar y la concentraci&oacute;n. La financiaci&oacute;n corri&oacute; a cargo de la <strong>iniciativa &laquo;Cool Green School&raquo;<\/strong> y de la <strong>Asociaci&oacute;n de Padres<\/strong>, lo que hizo posible la transformaci&oacute;n. <\/p>\n\n\n\n<p>Como resultado, las <strong>islas de aprendizaje de los pasillos<\/strong> est&aacute;n ahora enmarcadas por exuberantes jardineras verdes, que hacen estos espacios m&aacute;s acogedores y agradables para todos. Los alumnos desempe&ntilde;aron un papel activo en la configuraci&oacute;n de la iniciativa: tuvieron libertad para decidir el <strong>dise&ntilde;o visual de los elementos y la selecci&oacute;n de las plantas<\/strong>. Sus ideas, deseos y necesidades se incorporaron directamente al proceso, garantizando que el proyecto reflejara su visi&oacute;n de un espacio de aprendizaje m&aacute;s verde e inspirador.  <\/p>\n<\/div>\n<\/div>\n\n<hr class=\"wp-block-separator has-alpha-channel-opacity is-style-dots\" style=\"margin-top:var(--wp--preset--spacing--70);margin-bottom:var(--wp--preset--spacing--70)\">\n\n<div class=\"wp-block-columns is-layout-flex wp-container-core-columns-is-layout-28f84493 wp-block-columns-is-layout-flex\">\n<div class=\"wp-block-column is-layout-flow wp-block-column-is-layout-flow\" style=\"flex-basis:33.33%\">\n<figure class=\"wp-block-image size-full is-resized has-custom-border\"><img decoding=\"async\" src=\"https:\/\/greencoolschools.eu\/wp-content\/uploads\/2025\/01\/ES_01.jpg\" alt=\"\" class=\"wp-image-11603\" style=\"border-radius:8px;width:295px;height:auto\"><figcaption class=\"wp-element-caption\">Cr&eacute;ditos: Escuela CEIP Emperador Carlos V<\/figcaption><\/figure>\n<\/div>\n\n\n\n<div class=\"wp-block-column is-layout-flow wp-block-column-is-layout-flow\" style=\"flex-basis:66.66%\">\n<h2 class=\"wp-block-heading has-text-align-left has-black-color has-text-color has-link-color wp-elements-adac900cd0a83c278e0428ba1e334c76\" id=\"spain\"><strong>Nuestro patio verde<\/strong><\/h2>\n\n\n\n<p><strong>Escuela:<\/strong> <a href=\"https:\/\/www.educa2.madrid.org\/web\/centro.cp.emperadorcarlosv.getafe\" target=\"_blank\" rel=\"noreferrer noopener\">CEIP Emperador Carlos V<\/a><br><strong>Ubicaci&oacute;n:<\/strong> Espa&ntilde;a, Getafe<\/p>\n\n\n\n<p>Hace dos a&ntilde;os se cre&oacute; un <strong>huerto<\/strong> escolar que ofrec&iacute;a a los alumnos experiencias pr&aacute;cticas de aprendizaje durante sus clases de ciencias. Con el tiempo, qued&oacute; claro que el huerto pod&iacute;a proporcionar algo m&aacute;s que lecciones acad&eacute;micas: pod&iacute;a servir como <strong>espacio de conexi&oacute;n, bienestar y concienciaci&oacute;n medioambiental<\/strong>. <\/p>\n\n\n\n<p>Algunos ni&ntilde;os prefieren un lugar tranquilo durante el recreo, y un grupo de profesores apasionados reconoci&oacute; el potencial de integrar el <strong>cuidado del jard&iacute;n en las horas de recreo<\/strong>. Ahora, los alumnos pueden relacionarse con la naturaleza, cuidar las plantas y encontrar un refugio de paz en el jard&iacute;n. El proyecto hace hincapi&eacute; en el uso de <strong>materiales respetuosos con el medio ambiente<\/strong> y de esquejes de plantas recogidos y cultivados por los propios alumnos.  <\/p>\n\n\n\n<p>M&aacute;s all&aacute; de la jardiner&iacute;a, la iniciativa fomenta <strong>la colaboraci&oacute;n y el sentido de pertenencia<\/strong>. Las actividades especiales, como las de <strong>la Semana del Medio Ambiente y la Salud<\/strong>, permiten a los alumnos mayores ense&ntilde;ar a los m&aacute;s peque&ntilde;os el cuidado de las plantas, reforzando los valores de trabajo en equipo y responsabilidad. <\/p>\n\n\n\n<p>Los estudiantes desempe&ntilde;an un papel clave en la configuraci&oacute;n del proyecto. Sus ideas y aportaciones influyen en las actividades, haciendo del huerto un <strong>espacio din&aacute;mico y en evoluci&oacute;n<\/strong> que se adapta a sus intereses cada a&ntilde;o. La iniciativa sigue creciendo, ampliando su impacto m&aacute;s all&aacute; de la sostenibilidad para crear una comunidad escolar m&aacute;s conectada y comprometida.  <\/p>\n<\/div>\n<\/div>\n\n<hr class=\"wp-block-separator has-alpha-channel-opacity is-style-dots\" style=\"margin-top:var(--wp--preset--spacing--70);margin-bottom:var(--wp--preset--spacing--70)\">\n\n<p><\/p>\n","protected":false},"excerpt":{"rendered":"<p>Iniciativas ganadoras &#8211; 2024 Nos complace presentarte las iniciativas ganadoras de 2024 . Estas iniciativas muestran la creatividad, la dedicaci\u00f3n y la visi\u00f3n de los centros escolares que trabajan por un futuro m\u00e1s ecol\u00f3gico. \u00a1Deja que estos proyectos te inspiren para llevar m\u00e1s innovaci\u00f3n ecol\u00f3gica a tu centro escolar! Escuelas, \u00a1lev\u00e1ntense con los \u00e1rboles! Escuela: [&hellip;]<\/p>\n","protected":false},"author":14,"featured_media":0,"parent":13369,"menu_order":0,"comment_status":"closed","ping_status":"closed","template":"","meta":{"site-sidebar-layout":null,"site-content-layout":null,"ast-site-content-layout":null,"site-content-style":null,"site-sidebar-style":null,"ast-global-header-display":"","ast-banner-title-visibility":"","ast-main-header-display":null,"ast-hfb-above-header-display":null,"ast-hfb-below-header-display":null,"ast-hfb-mobile-header-display":null,"site-post-title":null,"ast-breadcrumbs-content":null,"ast-featured-img":null,"footer-sml-layout":null,"ast-disable-related-posts":"","theme-transparent-header-meta":null,"adv-header-id-meta":null,"stick-header-meta":null,"header-above-stick-meta":null,"header-main-stick-meta":null,"header-below-stick-meta":null,"astra-migrate-meta-layouts":"set","ast-page-background-enabled":"default","ast-page-background-meta":{"desktop":{"background-color":"var(--ast-global-color-4)","background-image":"","background-repeat":"repeat","background-position":"center center","background-size":"auto","background-attachment":"scroll","background-type":"","background-media":"","overlay-type":"","overlay-color":"","overlay-opacity":"","overlay-gradient":""},"tablet":{"background-color":"","background-image":"","background-repeat":"repeat","background-position":"center center","background-size":"auto","background-attachment":"scroll","background-type":"","background-media":"","overlay-type":"","overlay-color":"","overlay-opacity":"","overlay-gradient":""},"mobile":{"background-color":"","background-image":"","background-repeat":"repeat","background-position":"center center","background-size":"auto","background-attachment":"scroll","background-type":"","background-media":"","overlay-type":"","overlay-color":"","overlay-opacity":"","overlay-gradient":""}},"ast-content-background-meta":{"desktop":{"background-color":"var(--ast-global-color-5)","background-image":"","background-repeat":"repeat","background-position":"center center","background-size":"auto","background-attachment":"scroll","background-type":"","background-media":"","overlay-type":"","overlay-color":"","overlay-opacity":"","overlay-gradient":""},"tablet":{"background-color":"var(--ast-global-color-5)","background-image":"","background-repeat":"repeat","background-position":"center center","background-size":"auto","background-attachment":"scroll","background-type":"","background-media":"","overlay-type":"","overlay-color":"","overlay-opacity":"","overlay-gradient":""},"mobile":{"background-color":"var(--ast-global-color-5)","background-image":"","background-repeat":"repeat","background-position":"center center","background-size":"auto","background-attachment":"scroll","background-type":"","background-media":"","overlay-type":"","overlay-color":"","overlay-opacity":"","overlay-gradient":""}},"footnotes":""},"categories":[],"tags":[],"language":[],"agegroup":[],"material":[],"topic":[],"folder":[],"class_list":["post-11878","page","type-page","status-publish","hentry"],"_links":{"self":[{"href":"https:\/\/greencoolschools.eu\/es\/wp-json\/wp\/v2\/pages\/11878","targetHints":{"allow":["GET"]}}],"collection":[{"href":"https:\/\/greencoolschools.eu\/es\/wp-json\/wp\/v2\/pages"}],"about":[{"href":"https:\/\/greencoolschools.eu\/es\/wp-json\/wp\/v2\/types\/page"}],"author":[{"embeddable":true,"href":"https:\/\/greencoolschools.eu\/es\/wp-json\/wp\/v2\/users\/14"}],"replies":[{"embeddable":true,"href":"https:\/\/greencoolschools.eu\/es\/wp-json\/wp\/v2\/comments?post=11878"}],"version-history":[{"count":0,"href":"https:\/\/greencoolschools.eu\/es\/wp-json\/wp\/v2\/pages\/11878\/revisions"}],"up":[{"embeddable":true,"href":"https:\/\/greencoolschools.eu\/es\/wp-json\/wp\/v2\/pages\/13369"}],"wp:attachment":[{"href":"https:\/\/greencoolschools.eu\/es\/wp-json\/wp\/v2\/media?parent=11878"}],"wp:term":[{"taxonomy":"category","embeddable":true,"href":"https:\/\/greencoolschools.eu\/es\/wp-json\/wp\/v2\/categories?post=11878"},{"taxonomy":"post_tag","embeddable":true,"href":"https:\/\/greencoolschools.eu\/es\/wp-json\/wp\/v2\/tags?post=11878"},{"taxonomy":"language","embeddable":true,"href":"https:\/\/greencoolschools.eu\/es\/wp-json\/wp\/v2\/language?post=11878"},{"taxonomy":"agegroup","embeddable":true,"href":"https:\/\/greencoolschools.eu\/es\/wp-json\/wp\/v2\/agegroup?post=11878"},{"taxonomy":"material","embeddable":true,"href":"https:\/\/greencoolschools.eu\/es\/wp-json\/wp\/v2\/material?post=11878"},{"taxonomy":"topic","embeddable":true,"href":"https:\/\/greencoolschools.eu\/es\/wp-json\/wp\/v2\/topic?post=11878"},{"taxonomy":"folder","embeddable":true,"href":"https:\/\/greencoolschools.eu\/es\/wp-json\/wp\/v2\/folder?post=11878"}],"curies":[{"name":"wp","href":"https:\/\/api.w.org\/{rel}","templated":true}]}}