{"id":11706,"date":"2025-01-30T08:45:47","date_gmt":"2025-01-30T07:45:47","guid":{"rendered":"https:\/\/greencoolschools.eu\/criterios-para-green-cool-schools\/"},"modified":"2026-01-19T11:21:24","modified_gmt":"2026-01-19T10:21:24","slug":"criterios-para-green-cool-schools","status":"publish","type":"page","link":"https:\/\/greencoolschools.eu\/es\/iniciativas\/criterios-para-green-cool-schools\/","title":{"rendered":"Criterios para Green Cool Schools"},"content":{"rendered":"\n<h2 class=\"wp-block-heading\">Criterios para Green Cool Schools<\/h2>\n\n<p>Imagina una escuela donde los espacios verdes inspiran el aprendizaje, donde la biodiversidad prospera y donde los alumnos contribuyen activamente a construir un futuro m&aacute;s sostenible. Green Cool Schools es una red europea dedicada a hacer que las escuelas sean m&aacute;s ecol&oacute;gicas, m&aacute;s respetuosas con el clima y lugares vivos para la educaci&oacute;n.<\/p>\n\n<p>Al unirse a la red, las escuelas se comprometen con objetivos de desarrollo a largo plazo, la implementaci&oacute;n de iniciativas ecol&oacute;gicas y el fomento de la educaci&oacute;n para el desarrollo sostenible. Desde la creaci&oacute;n de espacios verdes pr&oacute;speros hasta la integraci&oacute;n de temas medioambientales en el plan de estudios, Green Cool Schools empodera tanto a los estudiantes como a los educadores.<\/p>\n\n<div style=\"height:30px\" aria-hidden=\"true\" class=\"wp-block-spacer\"><\/div>\n\n<div class=\"wp-block-columns is-layout-flex wp-container-core-columns-is-layout-28f84493 wp-block-columns-is-layout-flex\">\n<div class=\"wp-block-column is-layout-flow wp-block-column-is-layout-flow\" style=\"flex-basis:50px\">\n<h1 class=\"wp-block-heading alignfull\">1.<\/h1>\n<\/div>\n\n\n\n<div class=\"wp-block-column is-layout-flow wp-block-column-is-layout-flow\" style=\"flex-basis:700px\">\n<p>La escuela ha declarado su pertenencia a la Red y, al mismo tiempo, se ha comprometido con el objetivo de desarrollo de una Green Cool School.<\/p>\n<\/div>\n\n\n\n<div class=\"wp-block-column is-layout-flow wp-block-column-is-layout-flow\">\n<figure class=\"wp-block-image aligncenter size-full is-resized\"><img decoding=\"async\" src=\"https:\/\/greencoolschools.eu\/wp-content\/uploads\/2025\/01\/Icon_GCSchools_01.png\" alt=\"\" class=\"wp-image-11623\" style=\"width:auto;height:50px\"><\/figure>\n<\/div>\n<\/div>\n\n<div style=\"height:30px\" aria-hidden=\"true\" class=\"wp-block-spacer\"><\/div>\n\n<div class=\"wp-block-columns is-layout-flex wp-container-core-columns-is-layout-28f84493 wp-block-columns-is-layout-flex\">\n<div class=\"wp-block-column is-layout-flow wp-block-column-is-layout-flow\" style=\"flex-basis:50px\">\n<h1 class=\"wp-block-heading alignfull\">2.<\/h1>\n<\/div>\n\n\n\n<div class=\"wp-block-column is-layout-flow wp-block-column-is-layout-flow\" style=\"flex-basis:700px\">\n<p>La escuela ha tomado una decisi&oacute;n formal en la que establece sus propios objetivos para convertirse en una Green Cool School.<\/p>\n<\/div>\n\n\n\n<div class=\"wp-block-column is-layout-flow wp-block-column-is-layout-flow\">\n<figure class=\"wp-block-image aligncenter size-full is-resized\"><img loading=\"lazy\" decoding=\"async\" width=\"800\" height=\"1167\" src=\"https:\/\/greencoolschools.eu\/wp-content\/uploads\/2025\/01\/Icon_GCSchools_02.png\" alt=\"\" class=\"wp-image-11579\" style=\"width:auto;height:50px\" srcset=\"https:\/\/greencoolschools.eu\/wp-content\/uploads\/2025\/01\/Icon_GCSchools_02.png 800w, https:\/\/greencoolschools.eu\/wp-content\/uploads\/2025\/01\/Icon_GCSchools_02-206x300.png 206w, https:\/\/greencoolschools.eu\/wp-content\/uploads\/2025\/01\/Icon_GCSchools_02-702x1024.png 702w, https:\/\/greencoolschools.eu\/wp-content\/uploads\/2025\/01\/Icon_GCSchools_02-768x1120.png 768w\" sizes=\"auto, (max-width: 800px) 100vw, 800px\" \/><\/figure>\n<\/div>\n<\/div>\n\n<div style=\"height:30px\" aria-hidden=\"true\" class=\"wp-block-spacer\"><\/div>\n\n<div class=\"wp-block-columns is-layout-flex wp-container-core-columns-is-layout-28f84493 wp-block-columns-is-layout-flex\">\n<div class=\"wp-block-column is-layout-flow wp-block-column-is-layout-flow\" style=\"flex-basis:50px\">\n<h1 class=\"wp-block-heading alignfull\">3.<\/h1>\n<\/div>\n\n\n\n<div class=\"wp-block-column is-layout-flow wp-block-column-is-layout-flow\" style=\"flex-basis:700px\">\n<p>La escuela ha creado un Equipo Ecol&oacute;gico que coordina el proceso de desarrollo para convertirse en una Green Cool School y, si es necesario, tambi&eacute;n supervisa iniciativas individuales.<\/p>\n<\/div>\n\n\n\n<div class=\"wp-block-column is-layout-flow wp-block-column-is-layout-flow\">\n<figure class=\"wp-block-image aligncenter size-full is-resized\"><img decoding=\"async\" src=\"https:\/\/greencoolschools.eu\/wp-content\/uploads\/2025\/01\/Icon_GCSchools_03.png\" alt=\"\" class=\"wp-image-11630\" style=\"width:auto;height:50px\"><\/figure>\n<\/div>\n<\/div>\n\n<div style=\"height:30px\" aria-hidden=\"true\" class=\"wp-block-spacer\"><\/div>\n\n<div class=\"wp-block-columns is-layout-flex wp-container-core-columns-is-layout-28f84493 wp-block-columns-is-layout-flex\">\n<div class=\"wp-block-column is-layout-flow wp-block-column-is-layout-flow\" style=\"flex-basis:50px\">\n<h1 class=\"wp-block-heading alignfull\">4.<\/h1>\n<\/div>\n\n\n\n<div class=\"wp-block-column is-layout-flow wp-block-column-is-layout-flow\" style=\"flex-basis:700px\">\n<p>La escuela ha realizado un inventario de cuestiones &laquo;ecol&oacute;gicas&raquo;, en particular los terrenos escolares, su uso, as&iacute; como las especies animales y vegetales y los biotopos.<\/p>\n<\/div>\n\n\n\n<div class=\"wp-block-column is-layout-flow wp-block-column-is-layout-flow\">\n<figure class=\"wp-block-image aligncenter size-full is-resized\"><img decoding=\"async\" src=\"https:\/\/greencoolschools.eu\/wp-content\/uploads\/2025\/01\/Icon_GCSchools_04.png\" alt=\"\" class=\"wp-image-11641\" style=\"width:auto;height:50px\"><\/figure>\n<\/div>\n<\/div>\n\n<div style=\"height:30px\" aria-hidden=\"true\" class=\"wp-block-spacer\"><\/div>\n\n<div class=\"wp-block-columns is-layout-flex wp-container-core-columns-is-layout-28f84493 wp-block-columns-is-layout-flex\">\n<div class=\"wp-block-column is-layout-flow wp-block-column-is-layout-flow\" style=\"flex-basis:50px\">\n<h1 class=\"wp-block-heading alignfull\">5.<\/h1>\n<\/div>\n\n\n\n<div class=\"wp-block-column is-layout-flow wp-block-column-is-layout-flow\" style=\"flex-basis:700px\">\n<p>La escuela ha implementado medidas para mantener o ampliar las zonas verdes, tanto en el &aacute;rea exterior como en el interior del edificio escolar. Con ello, las escuelas han<\/p>\n\n\n\n<ul class=\"wp-block-list\">\n<li>incorporado las ideas, deseos y demandas de los y las estudiantes, tambi&eacute;n en funci&oacute;n de su edad y g&eacute;nero,<\/li>\n\n\n\n<li>promovido la naturaleza y la biodiversidad,<\/li>\n\n\n\n<li>aplicado los principios pertinentes de las compras sostenibles.<\/li>\n<\/ul>\n<\/div>\n\n\n\n<div class=\"wp-block-column is-layout-flow wp-block-column-is-layout-flow\">\n<figure class=\"wp-block-image aligncenter size-full is-resized\"><img decoding=\"async\" src=\"https:\/\/greencoolschools.eu\/wp-content\/uploads\/2025\/01\/Icon_GCSchools_05.png\" alt=\"\" class=\"wp-image-11634\" style=\"width:auto;height:50px\"><\/figure>\n<\/div>\n<\/div>\n\n<div style=\"height:30px\" aria-hidden=\"true\" class=\"wp-block-spacer\"><\/div>\n\n<div class=\"wp-block-columns is-layout-flex wp-container-core-columns-is-layout-28f84493 wp-block-columns-is-layout-flex\">\n<div class=\"wp-block-column is-layout-flow wp-block-column-is-layout-flow\" style=\"flex-basis:50px\">\n<h1 class=\"wp-block-heading alignfull\">6.<\/h1>\n<\/div>\n\n\n\n<div class=\"wp-block-column is-layout-flow wp-block-column-is-layout-flow\" style=\"flex-basis:700px\">\n<p>El verde de la escuela se utiliza con fines did&aacute;cticos. Con &eacute;l, la escuela incluye:<\/p>\n\n\n\n<ul class=\"wp-block-list\">\n<li>perspectivas t&eacute;cnicas e interdisciplinarias,<\/li>\n\n\n\n<li>aspectos de sostenibilidad (ODS, etc.).<\/li>\n<\/ul>\n<\/div>\n\n\n\n<div class=\"wp-block-column is-layout-flow wp-block-column-is-layout-flow\">\n<figure class=\"wp-block-image aligncenter size-full is-resized\"><img decoding=\"async\" src=\"https:\/\/greencoolschools.eu\/wp-content\/uploads\/2025\/01\/Icon_GCSchools_06.png\" alt=\"\" class=\"wp-image-11635\" style=\"width:auto;height:50px\"><\/figure>\n<\/div>\n<\/div>\n\n<div style=\"height:30px\" aria-hidden=\"true\" class=\"wp-block-spacer\"><\/div>\n\n<div class=\"wp-block-columns is-layout-flex wp-container-core-columns-is-layout-28f84493 wp-block-columns-is-layout-flex\">\n<div class=\"wp-block-column is-layout-flow wp-block-column-is-layout-flow\" style=\"flex-basis:50px\">\n<h1 class=\"wp-block-heading alignfull\">7.<\/h1>\n<\/div>\n\n\n\n<div class=\"wp-block-column is-layout-flow wp-block-column-is-layout-flow\" style=\"flex-basis:700px\">\n<p>La escuela mantiene una red de contactos e intercambios con otras escuelas sobre temas relacionados con Green Cool Schools.<\/p>\n<\/div>\n\n\n\n<div class=\"wp-block-column is-layout-flow wp-block-column-is-layout-flow\">\n<figure class=\"wp-block-image aligncenter size-full is-resized\"><img loading=\"lazy\" decoding=\"async\" width=\"1024\" height=\"1059\" src=\"https:\/\/greencoolschools.eu\/wp-content\/uploads\/2025\/01\/Icon_GCSchools_07.png\" alt=\"\" class=\"wp-image-11614\" style=\"width:auto;height:50px\" srcset=\"https:\/\/greencoolschools.eu\/wp-content\/uploads\/2025\/01\/Icon_GCSchools_07.png 1024w, https:\/\/greencoolschools.eu\/wp-content\/uploads\/2025\/01\/Icon_GCSchools_07-290x300.png 290w, https:\/\/greencoolschools.eu\/wp-content\/uploads\/2025\/01\/Icon_GCSchools_07-990x1024.png 990w, https:\/\/greencoolschools.eu\/wp-content\/uploads\/2025\/01\/Icon_GCSchools_07-768x794.png 768w\" sizes=\"auto, (max-width: 1024px) 100vw, 1024px\" \/><\/figure>\n<\/div>\n<\/div>\n\n<div style=\"height:30px\" aria-hidden=\"true\" class=\"wp-block-spacer\"><\/div>\n\n<div class=\"wp-block-columns is-layout-flex wp-container-core-columns-is-layout-28f84493 wp-block-columns-is-layout-flex\">\n<div class=\"wp-block-column is-layout-flow wp-block-column-is-layout-flow\" style=\"flex-basis:50px\">\n<h1 class=\"wp-block-heading alignfull\">8.<\/h1>\n<\/div>\n\n\n\n<div class=\"wp-block-column is-layout-flow wp-block-column-is-layout-flow\" style=\"flex-basis:700px\">\n<p>La escuela lleva a cabo labores de relaciones p&uacute;blicas para su desarrollo como Green Cool School.<\/p>\n<\/div>\n\n\n\n<div class=\"wp-block-column is-layout-flow wp-block-column-is-layout-flow\">\n<figure class=\"wp-block-image aligncenter size-full is-resized\"><img decoding=\"async\" src=\"https:\/\/greencoolschools.eu\/wp-content\/uploads\/2025\/01\/Icon_GCSchools_08.png\" alt=\"\" class=\"wp-image-11637\" style=\"width:auto;height:50px\"><\/figure>\n<\/div>\n<\/div>\n\n<div style=\"height:30px\" aria-hidden=\"true\" class=\"wp-block-spacer\"><\/div>\n\n<div class=\"wp-block-columns is-layout-flex wp-container-core-columns-is-layout-28f84493 wp-block-columns-is-layout-flex\">\n<div class=\"wp-block-column is-layout-flow wp-block-column-is-layout-flow\" style=\"flex-basis:50px\">\n<h1 class=\"wp-block-heading alignfull\">9.<\/h1>\n<\/div>\n\n\n\n<div class=\"wp-block-column is-layout-flow wp-block-column-is-layout-flow\" style=\"flex-basis:700px\">\n<p>La escuela, las autoridades escolares, el sistema educativo u otros colaboradores proporcionan los recursos adecuados para el desarrollo de una Green Cool School.<\/p>\n<\/div>\n\n\n\n<div class=\"wp-block-column is-layout-flow wp-block-column-is-layout-flow\">\n<figure class=\"wp-block-image size-full is-resized\"><img decoding=\"async\" src=\"https:\/\/greencoolschools.eu\/wp-content\/uploads\/2025\/01\/Icon_GCSchools_09.png\" alt=\"\" class=\"wp-image-11636\" style=\"width:auto;height:50px\"><\/figure>\n<\/div>\n<\/div>\n\n<div style=\"height:30px\" aria-hidden=\"true\" class=\"wp-block-spacer\"><\/div>\n\n<div class=\"wp-block-columns is-layout-flex wp-container-core-columns-is-layout-28f84493 wp-block-columns-is-layout-flex\">\n<div class=\"wp-block-column is-layout-flow wp-block-column-is-layout-flow\" style=\"flex-basis:50px\">\n<h1 class=\"wp-block-heading alignfull\">10.<\/h1>\n<\/div>\n\n\n\n<div class=\"wp-block-column is-layout-flow wp-block-column-is-layout-flow\" style=\"flex-basis:700px\">\n<p>Se garantiza un desarrollo a largo plazo con una mejora continua de manera significativa.<\/p>\n<\/div>\n\n\n\n<div class=\"wp-block-column is-layout-flow wp-block-column-is-layout-flow\">\n<figure class=\"wp-block-image aligncenter size-full is-resized\"><img decoding=\"async\" src=\"https:\/\/greencoolschools.eu\/wp-content\/uploads\/2025\/01\/Icon_GCSchools_10.png\" alt=\"\" class=\"wp-image-11642\" style=\"width:auto;height:50px\"><\/figure>\n<\/div>\n<\/div>\n\n<div style=\"height:30px\" aria-hidden=\"true\" class=\"wp-block-spacer\"><\/div>\n\n<p>&iquest;Tienes curiosidad por saber cu&aacute;les son los <strong>criterios para convertirse en una Green Cool School<\/strong>?<\/p>\n\n<p> <a href=\"https:\/\/greencoolschools.eu\/wp-content\/uploads\/2025\/04\/Green_Cool_Schools_Criteria_EN.pdf\" target=\"_blank\" rel=\"noreferrer noopener\">Descargue el documento completo<\/a> y d&eacute; el primer paso hacia un futuro m&aacute;s ecol&oacute;gico.<\/p>\n\n<p><\/p>\n","protected":false},"excerpt":{"rendered":"<p>Criterios para Green Cool Schools Imagina una escuela donde los espacios verdes inspiran el aprendizaje, donde la biodiversidad prospera y donde los alumnos contribuyen activamente a construir un futuro m\u00e1s sostenible. Green Cool Schools es una red europea dedicada a hacer que las escuelas sean m\u00e1s ecol\u00f3gicas, m\u00e1s respetuosas con el clima y lugares vivos [&hellip;]<\/p>\n","protected":false},"author":14,"featured_media":0,"parent":9984,"menu_order":0,"comment_status":"closed","ping_status":"closed","template":"","meta":{"site-sidebar-layout":null,"site-content-layout":"","ast-site-content-layout":null,"site-content-style":null,"site-sidebar-style":null,"ast-global-header-display":"","ast-banner-title-visibility":"","ast-main-header-display":"","ast-hfb-above-header-display":"","ast-hfb-below-header-display":"","ast-hfb-mobile-header-display":"","site-post-title":null,"ast-breadcrumbs-content":"","ast-featured-img":"","footer-sml-layout":"","ast-disable-related-posts":"","theme-transparent-header-meta":"","adv-header-id-meta":"","stick-header-meta":"","header-above-stick-meta":"","header-main-stick-meta":"","header-below-stick-meta":"","astra-migrate-meta-layouts":"set","ast-page-background-enabled":"default","ast-page-background-meta":{"desktop":{"background-color":"var(--ast-global-color-4)","background-image":"","background-repeat":"repeat","background-position":"center center","background-size":"auto","background-attachment":"scroll","background-type":"","background-media":"","overlay-type":"","overlay-color":"","overlay-opacity":"","overlay-gradient":""},"tablet":{"background-color":"","background-image":"","background-repeat":"repeat","background-position":"center center","background-size":"auto","background-attachment":"scroll","background-type":"","background-media":"","overlay-type":"","overlay-color":"","overlay-opacity":"","overlay-gradient":""},"mobile":{"background-color":"","background-image":"","background-repeat":"repeat","background-position":"center center","background-size":"auto","background-attachment":"scroll","background-type":"","background-media":"","overlay-type":"","overlay-color":"","overlay-opacity":"","overlay-gradient":""}},"ast-content-background-meta":{"desktop":{"background-color":"var(--ast-global-color-5)","background-image":"","background-repeat":"repeat","background-position":"center center","background-size":"auto","background-attachment":"scroll","background-type":"","background-media":"","overlay-type":"","overlay-color":"","overlay-opacity":"","overlay-gradient":""},"tablet":{"background-color":"var(--ast-global-color-5)","background-image":"","background-repeat":"repeat","background-position":"center center","background-size":"auto","background-attachment":"scroll","background-type":"","background-media":"","overlay-type":"","overlay-color":"","overlay-opacity":"","overlay-gradient":""},"mobile":{"background-color":"var(--ast-global-color-5)","background-image":"","background-repeat":"repeat","background-position":"center center","background-size":"auto","background-attachment":"scroll","background-type":"","background-media":"","overlay-type":"","overlay-color":"","overlay-opacity":"","overlay-gradient":""}},"footnotes":""},"categories":[],"tags":[],"language":[],"agegroup":[],"material":[],"topic":[],"folder":[],"class_list":["post-11706","page","type-page","status-publish","hentry"],"_links":{"self":[{"href":"https:\/\/greencoolschools.eu\/es\/wp-json\/wp\/v2\/pages\/11706","targetHints":{"allow":["GET"]}}],"collection":[{"href":"https:\/\/greencoolschools.eu\/es\/wp-json\/wp\/v2\/pages"}],"about":[{"href":"https:\/\/greencoolschools.eu\/es\/wp-json\/wp\/v2\/types\/page"}],"author":[{"embeddable":true,"href":"https:\/\/greencoolschools.eu\/es\/wp-json\/wp\/v2\/users\/14"}],"replies":[{"embeddable":true,"href":"https:\/\/greencoolschools.eu\/es\/wp-json\/wp\/v2\/comments?post=11706"}],"version-history":[{"count":0,"href":"https:\/\/greencoolschools.eu\/es\/wp-json\/wp\/v2\/pages\/11706\/revisions"}],"up":[{"embeddable":true,"href":"https:\/\/greencoolschools.eu\/es\/wp-json\/wp\/v2\/pages\/9984"}],"wp:attachment":[{"href":"https:\/\/greencoolschools.eu\/es\/wp-json\/wp\/v2\/media?parent=11706"}],"wp:term":[{"taxonomy":"category","embeddable":true,"href":"https:\/\/greencoolschools.eu\/es\/wp-json\/wp\/v2\/categories?post=11706"},{"taxonomy":"post_tag","embeddable":true,"href":"https:\/\/greencoolschools.eu\/es\/wp-json\/wp\/v2\/tags?post=11706"},{"taxonomy":"language","embeddable":true,"href":"https:\/\/greencoolschools.eu\/es\/wp-json\/wp\/v2\/language?post=11706"},{"taxonomy":"agegroup","embeddable":true,"href":"https:\/\/greencoolschools.eu\/es\/wp-json\/wp\/v2\/agegroup?post=11706"},{"taxonomy":"material","embeddable":true,"href":"https:\/\/greencoolschools.eu\/es\/wp-json\/wp\/v2\/material?post=11706"},{"taxonomy":"topic","embeddable":true,"href":"https:\/\/greencoolschools.eu\/es\/wp-json\/wp\/v2\/topic?post=11706"},{"taxonomy":"folder","embeddable":true,"href":"https:\/\/greencoolschools.eu\/es\/wp-json\/wp\/v2\/folder?post=11706"}],"curies":[{"name":"wp","href":"https:\/\/api.w.org\/{rel}","templated":true}]}}