{"id":11524,"date":"2025-01-09T10:35:23","date_gmt":"2025-01-09T09:35:23","guid":{"rendered":"https:\/\/greencoolschools.eu\/sobre-este-sitio-web\/sobre-el-proyecto\/green-cool-schools-grow-europe\/"},"modified":"2026-01-19T11:30:55","modified_gmt":"2026-01-19T10:30:55","slug":"green-cool-schools-grow-europe","status":"publish","type":"page","link":"https:\/\/greencoolschools.eu\/es\/sobre-este-sitio-web\/sobre-el-proyecto\/green-cool-schools-grow-europe\/","title":{"rendered":"Green Cool Schools GROW Europe"},"content":{"rendered":"\n<h2 class=\"wp-block-heading\">Green Cool Schools GROW Europe<\/h2>\n\n<p class=\"has-text-align-left\">El proyecto <strong>Green Cool Schools GROW Europe<\/strong> es el siguiente paso en nuestro camino hacia unas escuelas m&aacute;s sostenibles y ecol&oacute;gicas en Europa. Financiado por <a href=\"https:\/\/erasmus-plus.ec.europa.eu\">Erasmus+<\/a>, este emocionante proyecto de seguimiento se basa en los &eacute;xitos de <a href=\"https:\/\/greencoolschools.eu\/es\/sobre-este-sitio-web\/sobre-el-proyecto\/learning4greensschools\/\">Learning4Greens@Schools<\/a> y <a href=\"https:\/\/greencoolschools.eu\/es\/sobre-este-sitio-web\/sobre-el-proyecto\/red-green-cool-schools\/\">Green Cool Schools Network<\/a>, y presenta nuevas iniciativas para hacer que la ecologizaci&oacute;n de las escuelas sea a&uacute;n m&aacute;s accesible.<\/p>\n\n<p>Nuestro objetivo es capacitar a las escuelas para que puedan implementar proyectos ecol&oacute;gicos de manera f&aacute;cil y eficaz. Para conseguirlo, estamos elaborando <strong>15 instrucciones de construcci&oacute;n<\/strong> para la ecologizaci&oacute;n de interiores y exteriores, que pondr&aacute;n en pr&aacute;ctica las escuelas asociadas participantes. Adem&aacute;s, estamos proporcionando <strong>material did&aacute;ctico de alta calidad<\/strong> e informaci&oacute;n detallada en nuestro sitio web, que estar&aacute; disponible en <strong>seis idiomas<\/strong>: alem&aacute;n, ingl&eacute;s, espa&ntilde;ol, euskera, h&uacute;ngaro e irland&eacute;s. Todos los materiales estar&aacute;n disponibles gratuitamente en nuestro sitio web.<\/p>\n\n<p>Un aspecto central del proyecto es la ampliaci&oacute;n de nuestra <strong>Red de Green Cool Schools<\/strong>, donde profesores de toda Europa pueden compartir sus experiencias e ideas. Los seminarios web, los seminarios y los formatos de intercambio internacional en los idiomas del proyecto facilitar&aacute;n la creaci&oacute;n de redes y la colaboraci&oacute;n.<\/p>\n\n<p>Estamos recopilando y mostrando las <strong>mejores pr&aacute;cticas<\/strong> de diferentes pa&iacute;ses para inspirar a otras escuelas. Invitamos cordialmente a los profesores y centros educativos a participar en nuestras encuestas y presentar sus propias iniciativas. Huertos escolares, aulas verdes, bancales elevados o talleres creativos: cada idea cuenta y enriquece nuestro objetivo com&uacute;n.<\/p>\n\n<p>Green Cool Schools GROW Europe es m&aacute;s que un simple proyecto: es un movimiento que conecta la educaci&oacute;n y la sostenibilidad para hacer que nuestras escuelas sean m&aacute;s ecol&oacute;gicas y est&eacute;n preparadas para el futuro. &iexcl;&Uacute;nete a nosotros y forma parte de esta transformaci&oacute;n!<\/p>\n\n<hr class=\"wp-block-separator has-alpha-channel-opacity\">\n\n<p style=\"border-style:none;border-width:0px\"><strong>Consorcio del proyecto:<\/strong><br><a href=\"https:\/\/www.b-nk.at\/\" target=\"_blank\" rel=\"noreferrer noopener\">B&uuml;ro f&uuml;r nachhaltige Kompetenz B-NK GmbH<\/a> (Austria)<br><a href=\"https:\/\/prospektiker.es\/\">Prospektiker<\/a> (Espa&ntilde;a)<br><a href=\"https:\/\/umweltprojekte-nord.de\/\">Umweltprojekte Nord e.V.<\/a> (Alemania)<br><a href=\"https:\/\/www.uni-koeln.de\/\">Universit&auml;t zu K&ouml;ln<\/a> (Alemania)<br><a href=\"https:\/\/www.mtu.ie\/\">Munster Technology University<\/a> (Irlanda)<br><a href=\"https:\/\/reflexegyesulet.hu\/\">Reflex K&ouml;rnyezetv&eacute;d&#337; Egyes&uuml;let<\/a> (Hungr&iacute;a)<br><strong>Escuelas asociadas:<\/strong><br><a href=\"https:\/\/www.emsstrasshof.at\/\">Europamittelschule Strasshof<\/a> (Austria)<br><a href=\"https:\/\/www.marchettigasse.at\/de\/home\/\" target=\"_blank\" rel=\"noreferrer noopener\">BRG6 Marchettigasse 3<\/a> (Austria)<br><a href=\"https:\/\/www.fwg-koeln.de\/\" target=\"_blank\" rel=\"noreferrer noopener\">Friedrich-Wilhelm-Gymnasium K&ouml;ln<\/a> (Alemania)<br><a href=\"https:\/\/www.ge-langerwehe.de\/\">Europaschule Langerwehe<\/a> (Alemania)<br>Colegio Basari Sdad. Cooperativa de Ense&ntilde;anza (Espa&ntilde;a) <br><a href=\"https:\/\/algorta.trinitarias.net\/\">Colegio Sant&iacute;sima Trinidad Ikastetxea<\/a> (Espa&ntilde;a)<br>Carriganima National School (Irlanda)<br>Gaelscoil na Duglaise (Irlanda)<br>Szentpeterfai Horvat-Magyar Ketnyelvu Altalanos Iskola (Hungr&iacute;a)<br>Kunszigeti K&eacute;t Tan&iacute;t&aacute;si Nyelv&#369; &Aacute;ltal&aacute;nos Iskola &eacute;s Alapfok&uacute; M&#369;v&eacute;szeti Iskola (Hungr&iacute;a)<br><strong>Financiaci&oacute;n:<\/strong><br><a href=\"https:\/\/erasmusplus.at\/de\/\">Erasmus+<\/a> KA220-SCH-90422269<\/p>\n\n<div style=\"height:25px\" aria-hidden=\"true\" class=\"wp-block-spacer\"><\/div>\n\n<figure class=\"wp-block-image size-large is-resized\"><img decoding=\"async\" src=\"https:\/\/greencoolschools.eu\/wp-content\/uploads\/2025\/01\/EN-Co-funded-by-the-EU-1024x215.jpg\" alt=\"Cofinanciado por la Uni&oacute;n Europea\" class=\"wp-image-11323\" style=\"width:343px;height:auto\"><\/figure>\n\n<div style=\"height:50px\" aria-hidden=\"true\" class=\"wp-block-spacer\"><\/div>\n<div class=\"ultp-post-grid-block wp-block-ultimate-post-post-list-3 ultp-block-c17a8a\"><div class=\"ultp-block-wrapper\"><div class=\"ultp-loading\"><div class=\"ultp-loading-blocks\" style=\"width:100%;height:100%;\"><div style=\"left: 0;top: 0;animation-delay:0s;\"><\/div><div style=\"left: 21px;top: 0;animation-delay:0.125s;\"><\/div><div style=\"left: 42px;top: 0;animation-delay:0.25s;\"><\/div><div style=\"left: 0;top: 21px;animation-delay:0.875s;\"><\/div><div style=\"left: 42px;top: 21px;animation-delay:0.375s;\"><\/div><div style=\"left: 0;top: 42px;animation-delay:0.75s;\"><\/div><div style=\"left: 42px;top: 42px;animation-delay:0.625s;\"><\/div><div style=\"left: 21px;top: 42px;animation-delay:0.5s;\"><\/div><\/div><\/div><div class=\"ultp-heading-filter\"><div class=\"ultp-heading-filter-in\"><div class=\"ultp-heading-wrap ultp-heading-style21 ultp-heading-left\"><h1 class=\"ultp-heading-inner\"><span>News<\/span><\/h1><\/div><\/div><\/div><div class=\"ultp-block-items-wrap ultp-block-row ultp-block-column-2 ultp-block-content-middle ultp-block-content-true ultp-layout1\"><div class=\"ultp-block-item ultp-block-media post-id-11508\"><div class=\"ultp-block-content-wrap\"><div class=\"ultp-block-image ultp-block-image-opacity\"><a href=\"https:\/\/greencoolschools.eu\/es\/kick-off-meetings-december-2024\/\"><img decoding=\"async\" alt=\"Kick-off meetings, December 2024\" src=\"https:\/\/greencoolschools.eu\/wp-content\/uploads\/2025\/01\/2024_12_11_GCS-grow_Kick-off_teachers_Groupphoto4-300x147.png\"><\/a><\/div><div class=\"ultp-block-content\"><h3 class=\"ultp-block-title \"><a href=\"https:\/\/greencoolschools.eu\/es\/kick-off-meetings-december-2024\/\">Kick-off meetings, December 2024<\/a><\/h3><div class=\"ultp-block-readmore\"><a aria-label=\"Kick-off meetings, December 2024\" href=\"https:\/\/greencoolschools.eu\/es\/kick-off-meetings-december-2024\/\">Leer m&aacute;s<\/a><\/div><\/div><\/div><\/div><\/div><\/div><div class=\"pagination-block-html\" aria-hidden=\"true\" style=\"display: none;\"><\/div><\/div>\n<div style=\"height:50px\" aria-hidden=\"true\" class=\"wp-block-spacer\"><\/div>\n\n<div class=\"wp-block-buttons is-content-justification-center is-layout-flex wp-container-core-buttons-is-layout-a89b3969 wp-block-buttons-is-layout-flex\">\n<div class=\"wp-block-button is-style-fill\"><a class=\"wp-block-button__link has-text-align-center wp-element-button\" href=\"https:\/\/greencoolschools.eu\/es\/newsletter\/\" style=\"border-radius:10px\">Para estar al d&iacute;a, &iexcl;suscr&iacute;bete al bolet&iacute;n!<\/a><\/div>\n<\/div>\n\n<p><\/p>\n","protected":false},"excerpt":{"rendered":"<p>Green Cool Schools GROW Europe El proyecto Green Cool Schools GROW Europe es el siguiente paso en nuestro camino hacia unas escuelas m\u00e1s sostenibles y ecol\u00f3gicas en Europa. Financiado por Erasmus+, este emocionante proyecto de seguimiento se basa en los \u00e9xitos de Learning4Greens@Schools y Green Cool Schools Network, y presenta nuevas iniciativas para hacer que [&hellip;]<\/p>\n","protected":false},"author":14,"featured_media":0,"parent":8803,"menu_order":0,"comment_status":"closed","ping_status":"closed","template":"","meta":{"site-sidebar-layout":null,"site-content-layout":null,"ast-site-content-layout":null,"site-content-style":null,"site-sidebar-style":null,"ast-global-header-display":"","ast-banner-title-visibility":"","ast-main-header-display":null,"ast-hfb-above-header-display":null,"ast-hfb-below-header-display":null,"ast-hfb-mobile-header-display":null,"site-post-title":null,"ast-breadcrumbs-content":null,"ast-featured-img":null,"footer-sml-layout":null,"ast-disable-related-posts":"","theme-transparent-header-meta":null,"adv-header-id-meta":null,"stick-header-meta":null,"header-above-stick-meta":null,"header-main-stick-meta":null,"header-below-stick-meta":null,"astra-migrate-meta-layouts":"default","ast-page-background-enabled":"default","ast-page-background-meta":{"desktop":{"background-color":"var(--ast-global-color-4)","background-image":"","background-repeat":"repeat","background-position":"center center","background-size":"auto","background-attachment":"scroll","background-type":"","background-media":"","overlay-type":"","overlay-color":"","overlay-opacity":"","overlay-gradient":""},"tablet":{"background-color":"","background-image":"","background-repeat":"repeat","background-position":"center center","background-size":"auto","background-attachment":"scroll","background-type":"","background-media":"","overlay-type":"","overlay-color":"","overlay-opacity":"","overlay-gradient":""},"mobile":{"background-color":"","background-image":"","background-repeat":"repeat","background-position":"center center","background-size":"auto","background-attachment":"scroll","background-type":"","background-media":"","overlay-type":"","overlay-color":"","overlay-opacity":"","overlay-gradient":""}},"ast-content-background-meta":{"desktop":{"background-color":"var(--ast-global-color-5)","background-image":"","background-repeat":"repeat","background-position":"center center","background-size":"auto","background-attachment":"scroll","background-type":"","background-media":"","overlay-type":"","overlay-color":"","overlay-opacity":"","overlay-gradient":""},"tablet":{"background-color":"var(--ast-global-color-5)","background-image":"","background-repeat":"repeat","background-position":"center center","background-size":"auto","background-attachment":"scroll","background-type":"","background-media":"","overlay-type":"","overlay-color":"","overlay-opacity":"","overlay-gradient":""},"mobile":{"background-color":"var(--ast-global-color-5)","background-image":"","background-repeat":"repeat","background-position":"center center","background-size":"auto","background-attachment":"scroll","background-type":"","background-media":"","overlay-type":"","overlay-color":"","overlay-opacity":"","overlay-gradient":""}},"footnotes":""},"categories":[],"tags":[],"language":[],"agegroup":[],"material":[],"topic":[],"folder":[],"class_list":["post-11524","page","type-page","status-publish","hentry"],"_links":{"self":[{"href":"https:\/\/greencoolschools.eu\/es\/wp-json\/wp\/v2\/pages\/11524","targetHints":{"allow":["GET"]}}],"collection":[{"href":"https:\/\/greencoolschools.eu\/es\/wp-json\/wp\/v2\/pages"}],"about":[{"href":"https:\/\/greencoolschools.eu\/es\/wp-json\/wp\/v2\/types\/page"}],"author":[{"embeddable":true,"href":"https:\/\/greencoolschools.eu\/es\/wp-json\/wp\/v2\/users\/14"}],"replies":[{"embeddable":true,"href":"https:\/\/greencoolschools.eu\/es\/wp-json\/wp\/v2\/comments?post=11524"}],"version-history":[{"count":0,"href":"https:\/\/greencoolschools.eu\/es\/wp-json\/wp\/v2\/pages\/11524\/revisions"}],"up":[{"embeddable":true,"href":"https:\/\/greencoolschools.eu\/es\/wp-json\/wp\/v2\/pages\/8803"}],"wp:attachment":[{"href":"https:\/\/greencoolschools.eu\/es\/wp-json\/wp\/v2\/media?parent=11524"}],"wp:term":[{"taxonomy":"category","embeddable":true,"href":"https:\/\/greencoolschools.eu\/es\/wp-json\/wp\/v2\/categories?post=11524"},{"taxonomy":"post_tag","embeddable":true,"href":"https:\/\/greencoolschools.eu\/es\/wp-json\/wp\/v2\/tags?post=11524"},{"taxonomy":"language","embeddable":true,"href":"https:\/\/greencoolschools.eu\/es\/wp-json\/wp\/v2\/language?post=11524"},{"taxonomy":"agegroup","embeddable":true,"href":"https:\/\/greencoolschools.eu\/es\/wp-json\/wp\/v2\/agegroup?post=11524"},{"taxonomy":"material","embeddable":true,"href":"https:\/\/greencoolschools.eu\/es\/wp-json\/wp\/v2\/material?post=11524"},{"taxonomy":"topic","embeddable":true,"href":"https:\/\/greencoolschools.eu\/es\/wp-json\/wp\/v2\/topic?post=11524"},{"taxonomy":"folder","embeddable":true,"href":"https:\/\/greencoolschools.eu\/es\/wp-json\/wp\/v2\/folder?post=11524"}],"curies":[{"name":"wp","href":"https:\/\/api.w.org\/{rel}","templated":true}]}}