{"id":9932,"date":"2024-09-10T13:44:20","date_gmt":"2024-09-10T11:44:20","guid":{"rendered":"https:\/\/greencoolschools.eu\/green-cool-school-network\/"},"modified":"2025-09-23T13:31:02","modified_gmt":"2025-09-23T11:31:02","slug":"green-cool-school-network","status":"publish","type":"page","link":"https:\/\/greencoolschools.eu\/de\/ueber-diese-website\/ueber-das-projekt-2\/green-cool-school-network\/","title":{"rendered":"Green Cool Schools Network"},"content":{"rendered":"\n<h2 class=\"wp-block-heading\">Green Cool Schools Network<\/h2>\n\n<p>Das &bdquo;GreenCoolSchools Network&ldquo; zielt darauf ab, ein umfassendes Netzwerk f&uuml;r &bdquo;Green Cool Schools&ldquo; aufzubauen. Aufbauend auf den Ergebnissen des vorangegangenen Erasmus+ Projekts &bdquo;L4GS&ldquo; (Learning4Greens@Schools, Lern- und Unterrichtsmaterialien f&uuml;r Begr&uuml;nung an Schulen) soll dieses Netzwerk die internationale Zusammenarbeit zwischen Schulen, die Begr&uuml;nungsprojekte durchf&uuml;hren oder planen, verbessern.<\/p>\n\n<p>Das <strong>Netzwerk<\/strong> wird zun&auml;chst zwischen&nbsp; Partnerschulen in &Ouml;sterreich, Deutschland und Spanien aufgebaut &ndash; und ab 2025 schrittweise erweitert. Das Hauptziel besteht darin, den Erfahrungsaustausch zu f&ouml;rdern, indem die teilnehmenden Lehrkr&auml;fte miteinander vernetzt werden, so dass sie voneinander lernen und ihre Erfahrungen, Bed&uuml;rfnisse und Erkenntnisse teilen k&ouml;nnen.\r\n\r\nDurch den Aufbau eines Netzwerks erleichtert das Projekt den Austausch von Wissen und neuen Erkenntnissen zwischen Lehrern mit unterschiedlichem Hintergrund. Der internationale Aspekt bringt verschiedenste klimatische Bedingungen, Perspektiven und Erfahrungen in die Praxis ein und bietet eine breitere Perspektive f&uuml;r Lehrkr&auml;fte und Sch&uuml;ler:innen.<\/p>\n\n<p>Im Rahmen unseres Projekts sammeln wir verschiedene <strong>Beispiele f&uuml;r Begr&uuml;nungsprojekte<\/strong> in Schulen aus unterschiedlichen L&auml;ndern. Wir laden alle Lehrkr&auml;fte und Schulen ein, unsere beiden Frageb&ouml;gen auszuf&uuml;llen und ihre Initiativen vorzustellen. Wir sind auf der Suche nach einem breiten Angebot an Begr&uuml;nungsprojekten, darunter Schulg&auml;rten, gr&uuml;ne Klassenzimmer, Innen- und Au&szlig;enbegr&uuml;nung, Hochbeete und mehr. Nicht nur Begr&uuml;nungsma&szlig;nahmen, sondern auch damit verbundene Aktivit&auml;ten wie Workshops oder Exkursionen sind willkommen. Diese Projekte sollen als Vorzeigebeispiele dienen, um andere zu inspirieren und den Ideenaustausch zwischen Schulen weltweit zu f&ouml;rdern. Alle eingereichten Projekte werden von unserer Fachjury gepr&uuml;ft und haben die M&ouml;glichkeit, als Beispiele f&uuml;r gelungene Konzepte ausgew&auml;hlt zu werden, die dann auf unserer Website vorgestellt werden, um andere Schulen weltweit zu inspirieren.<\/p>\n\n<p><\/p>\n\n<figure class=\"wp-block-image size-full is-resized\"><img loading=\"lazy\" decoding=\"async\" width=\"622\" height=\"131\" src=\"https:\/\/greencoolschools.eu\/wp-content\/uploads\/2022\/04\/funded_by_eu.png\" alt=\"\" class=\"wp-image-54\" style=\"width:350px\" srcset=\"https:\/\/greencoolschools.eu\/wp-content\/uploads\/2022\/04\/funded_by_eu.png 622w, https:\/\/greencoolschools.eu\/wp-content\/uploads\/2022\/04\/funded_by_eu-300x63.png 300w\" sizes=\"auto, (max-width: 622px) 100vw, 622px\" \/><\/figure>\n<div class=\"ultp-post-grid-block wp-block-ultimate-post-post-list-3 ultp-block-e29d29\"><div class=\"ultp-block-wrapper\"><div class=\"ultp-loading\"><div class=\"ultp-loading-blocks\" style=\"width:100%;height:100%;\"><div style=\"left: 0;top: 0;animation-delay:0s;\"><\/div><div style=\"left: 21px;top: 0;animation-delay:0.125s;\"><\/div><div style=\"left: 42px;top: 0;animation-delay:0.25s;\"><\/div><div style=\"left: 0;top: 21px;animation-delay:0.875s;\"><\/div><div style=\"left: 42px;top: 21px;animation-delay:0.375s;\"><\/div><div style=\"left: 0;top: 42px;animation-delay:0.75s;\"><\/div><div style=\"left: 42px;top: 42px;animation-delay:0.625s;\"><\/div><div style=\"left: 21px;top: 42px;animation-delay:0.5s;\"><\/div><\/div><\/div><div class=\"ultp-heading-filter\"><div class=\"ultp-heading-filter-in\"><div class=\"ultp-heading-wrap ultp-heading-style21 ultp-heading-left\"><h1 class=\"ultp-heading-inner\"><span>News<\/span><\/h1><\/div><\/div><\/div><div class=\"ultp-block-items-wrap ultp-block-row ultp-block-column-2 ultp-block-content-middle ultp-block-content-true ultp-layout1\"><div class=\"ultp-block-item ultp-block-media post-id-11474\"><div class=\"ultp-block-content-wrap\"><div class=\"ultp-block-image ultp-block-image-none\"><a href=\"https:\/\/greencoolschools.eu\/de\/webinar-what-defines-green-cool-schools\/\"><img decoding=\"async\" alt=\"Webinar &bdquo;Was macht eine Green Cool School aus?&ldquo;\" src=\"https:\/\/greencoolschools.eu\/wp-content\/uploads\/2025\/01\/Icon_GCSchools_01-300x256.png\"><\/a><\/div><div class=\"ultp-block-content\"><h3 class=\"ultp-block-title \"><a href=\"https:\/\/greencoolschools.eu\/de\/webinar-what-defines-green-cool-schools\/\">Webinar &bdquo;Was macht eine Green Cool School aus?&ldquo;<\/a><\/h3><div class=\"ultp-block-readmore\"><a aria-label=\"Webinar &bdquo;Was macht eine Green Cool School aus?&ldquo;\" href=\"https:\/\/greencoolschools.eu\/de\/webinar-what-defines-green-cool-schools\/\">Read More<\/a><\/div><\/div><\/div><\/div><div class=\"ultp-block-item ultp-block-media post-id-10165\"><div class=\"ultp-block-content-wrap\"><div class=\"ultp-block-image ultp-block-image-none\"><a href=\"https:\/\/greencoolschools.eu\/de\/exkursion-nach-wien\/\"><img decoding=\"async\" alt=\"Das Team auf einem begr&uuml;nten Schuldach\" src=\"https:\/\/greencoolschools.eu\/wp-content\/uploads\/2024\/10\/2024_10_02_Field-Trip_Gruppenfoto-300x225.jpg\"><\/a><\/div><div class=\"ultp-block-content\"><h3 class=\"ultp-block-title \"><a href=\"https:\/\/greencoolschools.eu\/de\/exkursion-nach-wien\/\">Exkursion nach Wien<\/a><\/h3><div class=\"ultp-block-readmore\"><a aria-label=\"Exkursion nach Wien\" href=\"https:\/\/greencoolschools.eu\/de\/exkursion-nach-wien\/\">Read More<\/a><\/div><\/div><\/div><\/div><\/div><\/div><div class=\"pagination-block-html\" aria-hidden=\"true\" style=\"display: none;\"><\/div><\/div>\n<p><\/p>\n","protected":false},"excerpt":{"rendered":"<p>Green Cool Schools Network Das \u201eGreenCoolSchools Network\u201c zielt darauf ab, ein umfassendes Netzwerk f\u00fcr \u201eGreen Cool Schools\u201c aufzubauen. Aufbauend auf den Ergebnissen des vorangegangenen Erasmus+ Projekts \u201eL4GS\u201c (Learning4Greens@Schools, Lern- und Unterrichtsmaterialien f\u00fcr Begr\u00fcnung an Schulen) soll dieses Netzwerk die internationale Zusammenarbeit zwischen Schulen, die Begr\u00fcnungsprojekte durchf\u00fchren oder planen, verbessern. Das Netzwerk wird zun\u00e4chst zwischen\u00a0 Partnerschulen [&hellip;]<\/p>\n","protected":false},"author":14,"featured_media":0,"parent":8797,"menu_order":10,"comment_status":"closed","ping_status":"closed","template":"","meta":{"site-sidebar-layout":null,"site-content-layout":null,"ast-site-content-layout":null,"site-content-style":null,"site-sidebar-style":null,"ast-global-header-display":"","ast-banner-title-visibility":"","ast-main-header-display":null,"ast-hfb-above-header-display":null,"ast-hfb-below-header-display":null,"ast-hfb-mobile-header-display":null,"site-post-title":null,"ast-breadcrumbs-content":null,"ast-featured-img":null,"footer-sml-layout":null,"ast-disable-related-posts":"","theme-transparent-header-meta":null,"adv-header-id-meta":null,"stick-header-meta":null,"header-above-stick-meta":null,"header-main-stick-meta":null,"header-below-stick-meta":null,"astra-migrate-meta-layouts":"default","ast-page-background-enabled":"default","ast-page-background-meta":{"desktop":{"background-color":"var(--ast-global-color-4)","background-image":"","background-repeat":"repeat","background-position":"center center","background-size":"auto","background-attachment":"scroll","background-type":"","background-media":"","overlay-type":"","overlay-color":"","overlay-opacity":"","overlay-gradient":""},"tablet":{"background-color":"","background-image":"","background-repeat":"repeat","background-position":"center center","background-size":"auto","background-attachment":"scroll","background-type":"","background-media":"","overlay-type":"","overlay-color":"","overlay-opacity":"","overlay-gradient":""},"mobile":{"background-color":"","background-image":"","background-repeat":"repeat","background-position":"center center","background-size":"auto","background-attachment":"scroll","background-type":"","background-media":"","overlay-type":"","overlay-color":"","overlay-opacity":"","overlay-gradient":""}},"ast-content-background-meta":{"desktop":{"background-color":"var(--ast-global-color-5)","background-image":"","background-repeat":"repeat","background-position":"center center","background-size":"auto","background-attachment":"scroll","background-type":"","background-media":"","overlay-type":"","overlay-color":"","overlay-opacity":"","overlay-gradient":""},"tablet":{"background-color":"var(--ast-global-color-5)","background-image":"","background-repeat":"repeat","background-position":"center center","background-size":"auto","background-attachment":"scroll","background-type":"","background-media":"","overlay-type":"","overlay-color":"","overlay-opacity":"","overlay-gradient":""},"mobile":{"background-color":"var(--ast-global-color-5)","background-image":"","background-repeat":"repeat","background-position":"center center","background-size":"auto","background-attachment":"scroll","background-type":"","background-media":"","overlay-type":"","overlay-color":"","overlay-opacity":"","overlay-gradient":""}},"footnotes":""},"categories":[136],"tags":[],"language":[],"agegroup":[],"material":[],"topic":[],"folder":[],"class_list":["post-9932","page","type-page","status-publish","hentry","category-about-de"],"_links":{"self":[{"href":"https:\/\/greencoolschools.eu\/de\/wp-json\/wp\/v2\/pages\/9932","targetHints":{"allow":["GET"]}}],"collection":[{"href":"https:\/\/greencoolschools.eu\/de\/wp-json\/wp\/v2\/pages"}],"about":[{"href":"https:\/\/greencoolschools.eu\/de\/wp-json\/wp\/v2\/types\/page"}],"author":[{"embeddable":true,"href":"https:\/\/greencoolschools.eu\/de\/wp-json\/wp\/v2\/users\/14"}],"replies":[{"embeddable":true,"href":"https:\/\/greencoolschools.eu\/de\/wp-json\/wp\/v2\/comments?post=9932"}],"version-history":[{"count":0,"href":"https:\/\/greencoolschools.eu\/de\/wp-json\/wp\/v2\/pages\/9932\/revisions"}],"up":[{"embeddable":true,"href":"https:\/\/greencoolschools.eu\/de\/wp-json\/wp\/v2\/pages\/8797"}],"wp:attachment":[{"href":"https:\/\/greencoolschools.eu\/de\/wp-json\/wp\/v2\/media?parent=9932"}],"wp:term":[{"taxonomy":"category","embeddable":true,"href":"https:\/\/greencoolschools.eu\/de\/wp-json\/wp\/v2\/categories?post=9932"},{"taxonomy":"post_tag","embeddable":true,"href":"https:\/\/greencoolschools.eu\/de\/wp-json\/wp\/v2\/tags?post=9932"},{"taxonomy":"language","embeddable":true,"href":"https:\/\/greencoolschools.eu\/de\/wp-json\/wp\/v2\/language?post=9932"},{"taxonomy":"agegroup","embeddable":true,"href":"https:\/\/greencoolschools.eu\/de\/wp-json\/wp\/v2\/agegroup?post=9932"},{"taxonomy":"material","embeddable":true,"href":"https:\/\/greencoolschools.eu\/de\/wp-json\/wp\/v2\/material?post=9932"},{"taxonomy":"topic","embeddable":true,"href":"https:\/\/greencoolschools.eu\/de\/wp-json\/wp\/v2\/topic?post=9932"},{"taxonomy":"folder","embeddable":true,"href":"https:\/\/greencoolschools.eu\/de\/wp-json\/wp\/v2\/folder?post=9932"}],"curies":[{"name":"wp","href":"https:\/\/api.w.org\/{rel}","templated":true}]}}