{"id":3722,"date":"2022-10-04T05:59:31","date_gmt":"2022-10-04T03:59:31","guid":{"rendered":"https:\/\/greencoolschools.eu\/themen\/pflanzenpflege\/regionale-informationen-pflanzenpflege\/"},"modified":"2023-03-21T10:51:56","modified_gmt":"2023-03-21T09:51:56","slug":"regionale-informationen-pflanzenpflege","status":"publish","type":"page","link":"https:\/\/greencoolschools.eu\/de\/themen\/pflanzenpflege\/regionale-informationen-pflanzenpflege\/","title":{"rendered":"Regionale Informationen: Pflanzenpflege"},"content":{"rendered":"\n<div class=\"inherit-container-width wp-block-group content-box-intro-outer content-type-regional is-layout-constrained wp-block-group-is-layout-constrained\"><div class=\"wp-block-group__inner-container\">\n<h1 class=\"wp-block-heading\">Regionale Informationen: Pflanzenpflege<\/h1>\n<\/div><\/div>\n\n\n\n<h2 class=\"wp-block-heading\">Verwandte Aspekte in anderen L&auml;ndern<\/h2>\n\n\n\n<h3 class=\"wp-block-heading\"><strong>Pflanzen, Wachstumsfaktoren und Klima<\/strong><\/h3>\n\n\n\n<p>Wasser ist einer der wichtigen Wachstumsfaktoren f&uuml;r Pflanzen (siehe: Pflanzenpflege). Die Menge des verf&uuml;gbaren Wassers beeinflusst unter anderem, welche Pflanzen an einem Standort gedeihen k&ouml;nnen und wie sie sich entwickeln. Die Niederschlagsmengen sowie auch die Bodenart (siehe Bodenarten) haben Einfluss auf das pflanzenverf&uuml;gbare Wasser.\r\nUnter dem Gesichtspunkt Wasser als Wachstumsfaktor, Niederschlag und Trockenheit werden hier besondere Regionen der Projektl&auml;nder vorgestellt.<\/p>\n\n\n\n<div class=\"inherit-container-width wp-block-group content-box-outer is-layout-constrained wp-block-group-is-layout-constrained\"><div class=\"wp-block-group__inner-container\">\n<div class=\"wp-block-columns content-box-header content-box-header-austria is-layout-flex wp-container-core-columns-is-layout-28f84493 wp-block-columns-is-layout-flex\">\n<div class=\"wp-block-column content-box-header-cols content-box-header-text content-box-header-text-austria is-layout-flow wp-block-column-is-layout-flow\" style=\"flex-basis:75%\">\n<p>&Ouml;STERREICH<\/p>\n<\/div>\n\n\n\n<div class=\"wp-block-column content-box-header-cols is-layout-flow wp-block-column-is-layout-flow\" style=\"flex-basis:66.66%\"><\/div>\n<\/div>\n\n\n\n<div class=\"wp-block-columns content-box-body content-box-body-spain is-layout-flex wp-container-core-columns-is-layout-28f84493 wp-block-columns-is-layout-flex\">\n<div class=\"wp-block-column content-box-body-cols content-box-body-image country-box-body-image is-layout-flow wp-block-column-is-layout-flow\" style=\"flex-basis:15%\">\n<figure class=\"wp-block-image size-full\"><img loading=\"lazy\" decoding=\"async\" width=\"1000\" height=\"1000\" src=\"https:\/\/greencoolschools.eu\/wp-content\/uploads\/2022\/10\/flag_round_austria.png\" alt=\"\" class=\"wp-image-2381\" srcset=\"https:\/\/greencoolschools.eu\/wp-content\/uploads\/2022\/10\/flag_round_austria.png 1000w, https:\/\/greencoolschools.eu\/wp-content\/uploads\/2022\/10\/flag_round_austria-300x300.png 300w, https:\/\/greencoolschools.eu\/wp-content\/uploads\/2022\/10\/flag_round_austria-150x150.png 150w, https:\/\/greencoolschools.eu\/wp-content\/uploads\/2022\/10\/flag_round_austria-768x768.png 768w\" sizes=\"auto, (max-width: 1000px) 100vw, 1000px\" \/><\/figure>\n<\/div>\n\n\n\n<div class=\"wp-block-column content-box-body-cols content-box-body-text content-box-body-text-austria is-layout-flow wp-block-column-is-layout-flow\" style=\"flex-basis:80%\">\n<p>Das <strong>Europ&auml;ische Waldgei&szlig;blatt (<\/strong><strong><em>Lonicera periclymenum<\/em><\/strong><strong>)<\/strong> ist eine dekorative, duftende und pflegeleichte Kletterpflanze. Sie eignet sich besonders gut zur Berankung von Z&auml;unen und Mauern, sowie auch f&uuml;r Fassadenbegr&uuml;nung. Die lianenartige Schlingpflanze ist auch unter dem Namen Waldheckenkirsche bekannt. Sie w&auml;chst bis zu 1,5 m pro Jahr und erreicht eine H&ouml;he von 3 &ndash; 6 m. Das Wald-Gei&szlig;blatt bl&uuml;ht den ganzen Sommer &uuml;ber von Juni bis August und duftet besonders in den Abendstunden intensiv. Daher erh&auml;lt die Kletterpflanze von vielen Nachtfaltern Besuch, aber auch Hummeln m&ouml;gen sie. Ab August schm&uuml;cken rot leuchtende Beeren die Pflanze, die eine wichtige Vogelnahrung darstellen. F&uuml;r Menschen sind die Beeren jedoch schwach giftig. Das Wald-Gei&szlig;blatt ist nicht nur in &Ouml;sterreich heimisch, sondern in vielen L&auml;ndern Europas von Mittel bis S&uuml;deuropa, aber auch im Norden wie Schweden, Norwegen und England ist es zu finden.<\/p>\n\n\n\n<p>Beispiele weiterer heimische Kletterpflanzen:\r\n<em>Clematis vitalba<\/em>: Gew&ouml;hnliche Waldrebe\r\n<em>Hedera helix<\/em>: Gemeiner Efeu\r\n<em>Rosa canina<\/em>: Heckenrose \/ Rosa arvensis: Kletterrose<\/p>\n<\/div>\n<\/div>\n<\/div><\/div>\n\n\n\n<div class=\"inherit-container-width wp-block-group content-box-outer is-layout-constrained wp-block-group-is-layout-constrained\"><div class=\"wp-block-group__inner-container\">\n<div class=\"wp-block-columns content-box-header content-box-header-spain is-layout-flex wp-container-core-columns-is-layout-28f84493 wp-block-columns-is-layout-flex\">\n<div class=\"wp-block-column content-box-header-cols content-box-header-text content-box-header-text-germany is-layout-flow wp-block-column-is-layout-flow\" style=\"flex-basis:75%\">\n<p>DEUTSCHLAND<\/p>\n<\/div>\n\n\n\n<div class=\"wp-block-column content-box-header-cols is-layout-flow wp-block-column-is-layout-flow\" style=\"flex-basis:66.66%\"><\/div>\n<\/div>\n\n\n\n<div class=\"wp-block-columns content-box-body content-box-body-germany is-layout-flex wp-container-core-columns-is-layout-28f84493 wp-block-columns-is-layout-flex\">\n<div class=\"wp-block-column content-box-body-cols content-box-body-image country-box-body-image is-layout-flow wp-block-column-is-layout-flow\" style=\"flex-basis:15%\">\n<figure class=\"wp-block-image aligncenter size-full\"><img loading=\"lazy\" decoding=\"async\" width=\"1000\" height=\"1000\" src=\"https:\/\/greencoolschools.eu\/wp-content\/uploads\/2022\/10\/flag_round_germany.png\" alt=\"\" class=\"wp-image-2391\" srcset=\"https:\/\/greencoolschools.eu\/wp-content\/uploads\/2022\/10\/flag_round_germany.png 1000w, https:\/\/greencoolschools.eu\/wp-content\/uploads\/2022\/10\/flag_round_germany-300x300.png 300w, https:\/\/greencoolschools.eu\/wp-content\/uploads\/2022\/10\/flag_round_germany-150x150.png 150w, https:\/\/greencoolschools.eu\/wp-content\/uploads\/2022\/10\/flag_round_germany-768x768.png 768w\" sizes=\"auto, (max-width: 1000px) 100vw, 1000px\" \/><\/figure>\n<\/div>\n\n\n\n<div class=\"wp-block-column content-box-body-cols content-box-body-text content-box-body-text-germany is-layout-flow wp-block-column-is-layout-flow\" style=\"flex-basis:80%\">\n<p>Ein gro&szlig;er Teil der Niederschl&auml;ge in Deutschland wird mit Tiefdruckgebieten aus westlicher Richtung eingetragen. Daraus folgt, dass die Niederschl&auml;ge von West nach Ost abnehmen. Zudem wirken Gebirge als Regenbremse, d. h. der Niederschlag f&auml;llt &uuml;berwiegend auf der Wetterseite der Gebirge (Westen), auf der dem Wind abgewandten Seite ist es hingegen trockener.<\/p>\n\n\n\n<p>Damit sind die tieferen Becken- und Leelagen im Osten die trockensten Regionen Deutschlands, hier f&auml;llt teilweise weniger als 500 mm Niederschlag pro Jahr. &Ouml;stlich vom Harz und den Th&uuml;ringer Bergen (&bdquo;Mitteldeutsches Trockengebiet&ldquo;) und im Oderbruch sind es sogar nur ca. 450 mm pro Jahr. Besonders nass sind hingegen die H&ouml;henlagen der Alpen, aber auch der Mittelgebirge wie z. B. Vogesen, Schwarzwald, Harz, Th&uuml;ringer Wald, B&ouml;hmerwald und Erzgebirge. Dort gibt es oft Niederschl&auml;ge von &uuml;ber 1800 mm pro Jahr.<\/p>\n\n\n\n<p><strong>Quellen:<\/strong><\/p>\n\n\n\n<ul class=\"wp-block-list\">\n<li><a href=\"https:\/\/diercke.westermann.de\/content\/deutschland-niederschl%C3%A4ge-im-jahr-978-3-14-100800-5-55-3-1\" target=\"_blank\" rel=\"noreferrer noopener\">https:\/\/diercke.westermann.de\/content\/deutschland-niederschl%C3%A4ge-im-jahr-978-3-14-100800-5-55<\/a>-3-<a href=\"https:\/\/www.wetter.com\/wetterlexikon\/n\/niederschlagsmenge_aid_57c02502cebfc0635a8b456a.html\" target=\"_blank\" rel=\"noreferrer noopener\">1<\/a><\/li>\n\n\n\n<li><a href=\"https:\/\/www.wetter.com\/wetterlexikon\/n\/niederschlagsmenge_aid_57c02502cebfc0635a8b456a.html\">https:\/\/www.wetter.com\/wetterlexikon\/n\/niederschlagsmenge_aid_57c02502cebfc0635a8b456a.html<\/a><\/li>\n<\/ul>\n<\/div>\n<\/div>\n<\/div><\/div>\n\n\n\n<div class=\"inherit-container-width wp-block-group content-box-outer is-layout-constrained wp-block-group-is-layout-constrained\"><div class=\"wp-block-group__inner-container\">\n<div class=\"wp-block-columns content-box-header content-box-header-spain is-layout-flex wp-container-core-columns-is-layout-28f84493 wp-block-columns-is-layout-flex\">\n<div class=\"wp-block-column content-box-header-cols content-box-header-text content-box-header-text-spain is-layout-flow wp-block-column-is-layout-flow\" style=\"flex-basis:75%\">\n<p>SPANIEN<\/p>\n<\/div>\n\n\n\n<div class=\"wp-block-column content-box-header-cols is-layout-flow wp-block-column-is-layout-flow\" style=\"flex-basis:66.66%\"><\/div>\n<\/div>\n\n\n\n<div class=\"wp-block-columns content-box-body content-box-body-spain is-layout-flex wp-container-core-columns-is-layout-28f84493 wp-block-columns-is-layout-flex\">\n<div class=\"wp-block-column content-box-body-cols content-box-body-image country-box-body-image is-layout-flow wp-block-column-is-layout-flow\" style=\"flex-basis:15%\">\n<figure class=\"wp-block-image aligncenter size-full\"><img loading=\"lazy\" decoding=\"async\" width=\"1000\" height=\"1000\" src=\"https:\/\/greencoolschools.eu\/wp-content\/uploads\/2022\/10\/flag_round_spain.png\" alt=\"\" class=\"wp-image-2396\" srcset=\"https:\/\/greencoolschools.eu\/wp-content\/uploads\/2022\/10\/flag_round_spain.png 1000w, https:\/\/greencoolschools.eu\/wp-content\/uploads\/2022\/10\/flag_round_spain-300x300.png 300w, https:\/\/greencoolschools.eu\/wp-content\/uploads\/2022\/10\/flag_round_spain-150x150.png 150w, https:\/\/greencoolschools.eu\/wp-content\/uploads\/2022\/10\/flag_round_spain-768x768.png 768w\" sizes=\"auto, (max-width: 1000px) 100vw, 1000px\" \/><\/figure>\n<\/div>\n\n\n\n<div class=\"wp-block-column content-box-body-cols content-box-body-text content-box-body-text-spain is-layout-flow wp-block-column-is-layout-flow\" style=\"flex-basis:80%\">\n<p>Die in Spanien gemessenen Niederschl&auml;ge sind je nach geografischem Gebiet sehr unterschiedlich. Die Niederschlagsmenge nimmt von Norden nach S&uuml;den ab und die Niederschl&auml;ge am Atlantikhang sind h&ouml;her als am Mittelmeerhang. Der durchschnittliche Niederschlagswert auf dem spanischen Festland betrug im Jahr 2021 569 mm.\r\nDie St&auml;dte mit den meisten Regentagen pro Jahr sind laut AEMET-Daten die im Norden. Donostia sticht mit 141,1 Regentagen hervor, Santiago de Compostela mit 139,5 Tagen und Pontevedra mit 131,3 Tagen.<\/p>\n\n\n\n<p>Der meiste Niederschlag f&auml;llt jedoch in Vigo, wo sich durchschnittlich 1791 mm pro Jahr ansammeln (1507 mm in Donostia).<\/p>\n\n\n\n<p>Die trockensten St&auml;dte Spaniens sind hingegen die Insel Fuerteventura (Kanarische Inseln), auf der im Jahresdurchschnitt kaum 98 mm Niederschlag erreicht werden, und Cabo de Gata (Almer&iacute;a) mit 120 mm Niederschlag pro Jahr. Nach Provinzen ist Murcia mit 32 % Trockenfl&auml;che die trockenste spanische Region.<\/p>\n\n\n\n<p><strong>Quellen<\/strong>:<br><a href=\"http:\/\/atlasnacional.ign.es\/wane\/Clima\">http:\/\/atlasnacional.ign.es\/wane\/Clima<\/a><br><a href=\"https:\/\/www.ign.es\/espmap\/mapas_clima_bach\/Mapa_clima_05.htm\">https:\/\/www.ign.es\/espmap\/mapas_clima_bach\/Mapa_clima_05.htm<\/a><br><a href=\"https:\/\/www.enterat.com\/servicios\/ciudades-mas-lluviosas-espana.php\">https:\/\/www.enterat.com\/servicios\/ciudades-mas-lluviosas-espana.php<\/a><br><a href=\"https:\/\/www.radiocable.com\/localidades-frias-calidas-lluviosas-secaespa428.html\">https:\/\/www.radiocable.com\/localidades-frias-calidas-lluviosas-secaespa428.html<\/a><br><a href=\"https:\/\/www.eltiempo.es\/noticias\/las-ciudades-mas-lluviosas-de-espana\">https:\/\/www.eltiempo.es\/noticias\/las-ciudades-mas-lluviosas-de-espana<\/a><\/p>\n<\/div>\n<\/div>\n<\/div><\/div>\n\n\n\n<h2 class=\"wp-block-heading\">Landesspezifische informationen<\/h2>\n\n\n\n<div class=\"inherit-container-width wp-block-group content-box-outer is-layout-constrained wp-block-group-is-layout-constrained\"><div class=\"wp-block-group__inner-container\">\n<div class=\"wp-block-columns content-box-header content-box-header-related is-layout-flex wp-container-core-columns-is-layout-28f84493 wp-block-columns-is-layout-flex\">\n<div class=\"wp-block-column content-box-header-cols content-box-header-text content-box-header-text-related is-layout-flow wp-block-column-is-layout-flow\" style=\"flex-basis:95%\">\n<p>REGIONALE INFORMATIONEN<\/p>\n<\/div>\n\n\n\n<div class=\"wp-block-column content-box-header-cols is-layout-flow wp-block-column-is-layout-flow\" style=\"flex-basis:5%\"><\/div>\n<\/div>\n\n\n\n<div class=\"wp-block-columns content-box-body content-box-body-related is-layout-flex wp-container-core-columns-is-layout-28f84493 wp-block-columns-is-layout-flex\">\n<div class=\"wp-block-column content-box-body-cols content-box-body-image is-layout-flow wp-block-column-is-layout-flow\" style=\"flex-basis:25%\">\n<figure class=\"wp-block-image size-full\"><img loading=\"lazy\" decoding=\"async\" width=\"133\" height=\"133\" src=\"https:\/\/greencoolschools.eu\/wp-content\/uploads\/2022\/08\/img_info.png\" alt=\"\" class=\"wp-image-437\"><\/figure>\n<\/div>\n\n\n\n<div class=\"wp-block-column content-box-body-cols content-box-body-text content-box-body-text-related is-layout-flow wp-block-column-is-layout-flow\" style=\"flex-basis:66.66%\"><div class=\"ultp-post-grid-block wp-block-ultimate-post-post-list-3 ultp-block-65479f regional-information-post-list\"><div class=\"ultp-block-wrapper\"><div class=\"ultp-loading\"><div class=\"ultp-loading-blocks\" style=\"width:100%;height:100%;\"><div style=\"left: 0;top: 0;animation-delay:0s;\"><\/div><div style=\"left: 21px;top: 0;animation-delay:0.125s;\"><\/div><div style=\"left: 42px;top: 0;animation-delay:0.25s;\"><\/div><div style=\"left: 0;top: 21px;animation-delay:0.875s;\"><\/div><div style=\"left: 42px;top: 21px;animation-delay:0.375s;\"><\/div><div style=\"left: 0;top: 42px;animation-delay:0.75s;\"><\/div><div style=\"left: 42px;top: 42px;animation-delay:0.625s;\"><\/div><div style=\"left: 21px;top: 42px;animation-delay:0.5s;\"><\/div><\/div><\/div><div class=\"ultp-block-items-wrap ultp-block-row ultp-block-column-1 ultp-block-content-middle ultp-layout1\"><section class=\"ultp-block-item ultp-block-media post-id-3727\"><div class=\"ultp-block-content-wrap\"><div class=\"ultp-block-content\"><h3 class=\"ultp-block-title \"><a href=\"https:\/\/greencoolschools.eu\/de\/klimaausblicke-deutschland\/\">Klimaausblicke Deutschland<\/a><\/h3><div class=\"ultp-block-excerpt\"><p>Das Climate Service Center Germany des Helmholtz-Zentrums Hereon hat eine interaktive Landkarte herausgegeben, auf der f&uuml;r jeden der gut 400&hellip;<\/p>\n<\/div><\/div><\/div><\/section><section class=\"ultp-block-item ultp-block-media post-id-3714\"><div class=\"ultp-block-content-wrap\"><div class=\"ultp-block-content\"><h3 class=\"ultp-block-title \"><a href=\"https:\/\/greencoolschools.eu\/de\/klimakarten-deutschland\/\">Klimakarten Deutschland<\/a><\/h3><div class=\"ultp-block-excerpt\"><p>Der Deutsche Wetterdienst bietet eine anschauliche und leicht bedienbare interaktive Karte an. Lehrpersonen oder auch Sch&uuml;lerinnen* und Sch&uuml;ler* k&ouml;nnen hier&hellip;<\/p>\n<\/div><\/div><\/div><\/section><section class=\"ultp-block-item ultp-block-media post-id-3704\"><div class=\"ultp-block-content-wrap\"><div class=\"ultp-block-content\"><h3 class=\"ultp-block-title \"><a href=\"https:\/\/greencoolschools.eu\/de\/klimaveraenderungen-in-deutschland\/\">Klimaver&auml;nderungen in Deutschland<\/a><\/h3><div class=\"ultp-block-excerpt\"><p>Das Magazin &bdquo;Quarks&ldquo; bietet eine recht einfache &Uuml;bersichtskarte zu den in Deutschland k&uuml;nftig erwartbaren Klimaver&auml;nderungen an. Sehr anschaulich, kurz &amp;&hellip;<\/p>\n<\/div><\/div><\/div><\/section><\/div><\/div><div class=\"pagination-block-html\" aria-hidden=\"true\" style=\"display: none;\"><\/div><\/div><\/div>\n<\/div>\n<\/div><\/div>\n","protected":false},"excerpt":{"rendered":"<p>Regionale Informationen: Pflanzenpflege Verwandte Aspekte in anderen L\u00e4ndern Pflanzen, Wachstumsfaktoren und Klima Wasser ist einer der wichtigen Wachstumsfaktoren f\u00fcr Pflanzen (siehe: Pflanzenpflege). Die Menge des verf\u00fcgbaren Wassers beeinflusst unter anderem, welche Pflanzen an einem Standort gedeihen k\u00f6nnen und wie sie sich entwickeln. Die Niederschlagsmengen sowie auch die Bodenart (siehe Bodenarten) haben Einfluss auf das pflanzenverf\u00fcgbare [&hellip;]<\/p>\n","protected":false},"author":1,"featured_media":0,"parent":2521,"menu_order":990,"comment_status":"closed","ping_status":"closed","template":"","meta":{"site-sidebar-layout":"default","site-content-layout":"","ast-site-content-layout":"default","site-content-style":"default","site-sidebar-style":"default","ast-global-header-display":"","ast-banner-title-visibility":"","ast-main-header-display":"","ast-hfb-above-header-display":"","ast-hfb-below-header-display":"","ast-hfb-mobile-header-display":"","site-post-title":"","ast-breadcrumbs-content":"","ast-featured-img":"","footer-sml-layout":"","ast-disable-related-posts":"","theme-transparent-header-meta":"","adv-header-id-meta":"","stick-header-meta":"","header-above-stick-meta":"","header-main-stick-meta":"","header-below-stick-meta":"","astra-migrate-meta-layouts":"default","ast-page-background-enabled":"default","ast-page-background-meta":{"desktop":{"background-color":"var(--ast-global-color-4)","background-image":"","background-repeat":"repeat","background-position":"center center","background-size":"auto","background-attachment":"scroll","background-type":"","background-media":"","overlay-type":"","overlay-color":"","overlay-opacity":"","overlay-gradient":""},"tablet":{"background-color":"","background-image":"","background-repeat":"repeat","background-position":"center center","background-size":"auto","background-attachment":"scroll","background-type":"","background-media":"","overlay-type":"","overlay-color":"","overlay-opacity":"","overlay-gradient":""},"mobile":{"background-color":"","background-image":"","background-repeat":"repeat","background-position":"center center","background-size":"auto","background-attachment":"scroll","background-type":"","background-media":"","overlay-type":"","overlay-color":"","overlay-opacity":"","overlay-gradient":""}},"ast-content-background-meta":{"desktop":{"background-color":"var(--ast-global-color-5)","background-image":"","background-repeat":"repeat","background-position":"center center","background-size":"auto","background-attachment":"scroll","background-type":"","background-media":"","overlay-type":"","overlay-color":"","overlay-opacity":"","overlay-gradient":""},"tablet":{"background-color":"var(--ast-global-color-5)","background-image":"","background-repeat":"repeat","background-position":"center center","background-size":"auto","background-attachment":"scroll","background-type":"","background-media":"","overlay-type":"","overlay-color":"","overlay-opacity":"","overlay-gradient":""},"mobile":{"background-color":"var(--ast-global-color-5)","background-image":"","background-repeat":"repeat","background-position":"center center","background-size":"auto","background-attachment":"scroll","background-type":"","background-media":"","overlay-type":"","overlay-color":"","overlay-opacity":"","overlay-gradient":""}},"footnotes":""},"categories":[93],"tags":[68],"language":[107],"agegroup":[],"material":[],"topic":[],"folder":[61],"class_list":["post-3722","page","type-page","status-publish","hentry","category-regional-information-de-2","tag-plant-care","language-german"],"_links":{"self":[{"href":"https:\/\/greencoolschools.eu\/de\/wp-json\/wp\/v2\/pages\/3722","targetHints":{"allow":["GET"]}}],"collection":[{"href":"https:\/\/greencoolschools.eu\/de\/wp-json\/wp\/v2\/pages"}],"about":[{"href":"https:\/\/greencoolschools.eu\/de\/wp-json\/wp\/v2\/types\/page"}],"author":[{"embeddable":true,"href":"https:\/\/greencoolschools.eu\/de\/wp-json\/wp\/v2\/users\/1"}],"replies":[{"embeddable":true,"href":"https:\/\/greencoolschools.eu\/de\/wp-json\/wp\/v2\/comments?post=3722"}],"version-history":[{"count":0,"href":"https:\/\/greencoolschools.eu\/de\/wp-json\/wp\/v2\/pages\/3722\/revisions"}],"up":[{"embeddable":true,"href":"https:\/\/greencoolschools.eu\/de\/wp-json\/wp\/v2\/pages\/2521"}],"wp:attachment":[{"href":"https:\/\/greencoolschools.eu\/de\/wp-json\/wp\/v2\/media?parent=3722"}],"wp:term":[{"taxonomy":"category","embeddable":true,"href":"https:\/\/greencoolschools.eu\/de\/wp-json\/wp\/v2\/categories?post=3722"},{"taxonomy":"post_tag","embeddable":true,"href":"https:\/\/greencoolschools.eu\/de\/wp-json\/wp\/v2\/tags?post=3722"},{"taxonomy":"language","embeddable":true,"href":"https:\/\/greencoolschools.eu\/de\/wp-json\/wp\/v2\/language?post=3722"},{"taxonomy":"agegroup","embeddable":true,"href":"https:\/\/greencoolschools.eu\/de\/wp-json\/wp\/v2\/agegroup?post=3722"},{"taxonomy":"material","embeddable":true,"href":"https:\/\/greencoolschools.eu\/de\/wp-json\/wp\/v2\/material?post=3722"},{"taxonomy":"topic","embeddable":true,"href":"https:\/\/greencoolschools.eu\/de\/wp-json\/wp\/v2\/topic?post=3722"},{"taxonomy":"folder","embeddable":true,"href":"https:\/\/greencoolschools.eu\/de\/wp-json\/wp\/v2\/folder?post=3722"}],"curies":[{"name":"wp","href":"https:\/\/api.w.org\/{rel}","templated":true}]}}