{"id":3017,"date":"2022-10-02T07:25:29","date_gmt":"2022-10-02T05:25:29","guid":{"rendered":"https:\/\/greencoolschools.eu\/themen\/der-boden-und-seine-funktionen\/regionale-informationen-bodenfunktionen\/"},"modified":"2023-04-02T11:05:48","modified_gmt":"2023-04-02T09:05:48","slug":"regionale-informationen-bodenfunktionen","status":"publish","type":"page","link":"https:\/\/greencoolschools.eu\/de\/themen\/der-boden-und-seine-funktionen\/regionale-informationen-bodenfunktionen\/","title":{"rendered":"Regionale Informationen: Bodenfunktionen"},"content":{"rendered":"\n<div class=\"inherit-container-width wp-block-group content-box-intro-outer content-type-regional is-layout-constrained wp-block-group-is-layout-constrained\"><div class=\"wp-block-group__inner-container\">\n<h1 class=\"wp-block-heading\">Regionale Informationen: Bodenfunktionen<\/h1>\n<\/div><\/div>\n\n<h2 class=\"wp-block-heading\">Verwandte Aspekte in anderen L&auml;ndern<\/h2>\n\n<p>Bodenversiegelung bedeutet, dass B&ouml;den mit einem Material bedeckt werden, welches vollkommen oder teilweise undurchl&auml;ssig ist. Wird der Boden mit einer wasser- und luftundurchl&auml;ssigen Schicht bedeckt, stirbt das Bodenleben ab. Versiegelte B&ouml;den gelten vom heutigen Stand des Wissens als irreversibel zerst&ouml;rt. Durch Versiegelung geht Lebensraum f&uuml;r Tiere und Pflanzen sowie die Bodenfruchtbarkeit und Produktionsfunktion verloren, die Luftfeuchtigkeit nimmt durch die geringere Verdunstung ab und f&uuml;hrt zu st&auml;rkerer Erw&auml;rmung. Das Fehlen von Versickerungsfl&auml;chen erh&ouml;ht auch die Hochwassergefahr. Fl&auml;chen k&ouml;nnen einen unterschiedlichen Versiegelungsgrad aufweisen. So ist zum Beispiel ein asphaltierter Parkplatz zu 100 % versiegelt, ein Boden mit Pflastersteinen mit breiten Fugen zu ca. 80 %. Die Fl&auml;cheninanspruchnahme f&uuml;r zum Beispiel Bauland, Verkehrsfl&auml;chen oder gewerbliche Nutzung und damit die Versiegelung des Bodens steigen in Europa st&auml;ndig. Ein Schutz des Bodens bedeutet somit eine <a href=\"https:\/\/greencoolschools.eu\/de\/glossary\/reduktion\/\" target=\"_self\" title=\"Die Reduktion ist eine chemische Reaktion, bei der ein Stoff Elektronen aufnimmt. Im Gegenzug gibt der andere Stoff die Elektronen ab und wird dabei oxidiert. Die Reduktion ist also eine Teilreaktion einer Redoxreaktion.\" class=\"encyclopedia\">Reduktion<\/a> der Fl&auml;cheninanspruchnahme.<\/p>\n\n<div class=\"inherit-container-width wp-block-group content-box-outer is-layout-constrained wp-block-group-is-layout-constrained\"><div class=\"wp-block-group__inner-container\">\n<div class=\"wp-block-columns content-box-header content-box-header-austria is-layout-flex wp-container-core-columns-is-layout-28f84493 wp-block-columns-is-layout-flex\">\n<div class=\"wp-block-column content-box-header-cols content-box-header-text content-box-header-text-austria is-layout-flow wp-block-column-is-layout-flow\" style=\"flex-basis:75%\">\n<p>&Ouml;STERREICH<\/p>\n<\/div>\n\n\n\n<div class=\"wp-block-column content-box-header-cols is-layout-flow wp-block-column-is-layout-flow\" style=\"flex-basis:66.66%\"><\/div>\n<\/div>\n\n\n\n<div class=\"wp-block-columns content-box-body content-box-body-spain is-layout-flex wp-container-core-columns-is-layout-28f84493 wp-block-columns-is-layout-flex\">\n<div class=\"wp-block-column content-box-body-cols content-box-body-image country-box-body-image is-layout-flow wp-block-column-is-layout-flow\" style=\"flex-basis:15%\">\n<figure class=\"wp-block-image aligncenter size-full\"><img loading=\"lazy\" decoding=\"async\" width=\"1000\" height=\"1000\" src=\"https:\/\/greencoolschools.eu\/wp-content\/uploads\/2022\/10\/flag_round_austria.png\" alt=\"\" class=\"wp-image-2381\" srcset=\"https:\/\/greencoolschools.eu\/wp-content\/uploads\/2022\/10\/flag_round_austria.png 1000w, https:\/\/greencoolschools.eu\/wp-content\/uploads\/2022\/10\/flag_round_austria-300x300.png 300w, https:\/\/greencoolschools.eu\/wp-content\/uploads\/2022\/10\/flag_round_austria-150x150.png 150w, https:\/\/greencoolschools.eu\/wp-content\/uploads\/2022\/10\/flag_round_austria-768x768.png 768w\" sizes=\"auto, (max-width: 1000px) 100vw, 1000px\" \/><\/figure><\/div>\n\n\n\n<div class=\"wp-block-column content-box-body-cols content-box-body-text content-box-body-text-austria is-layout-flow wp-block-column-is-layout-flow\" style=\"flex-basis:80%\">\n<p>Im Durchschnitt der letzten drei Jahre wurden in &Ouml;sterreich 11,5 ha an Fl&auml;chen pro Tag versiegelt. Das entspricht ungef&auml;hr der Gr&ouml;&szlig;e von 16 Fu&szlig;ballfeldern. Der Drei-Jahres-Mittelwert der Fl&auml;cheninanspruchnahme in &Ouml;sterreich lag im Jahr 2020 bei 42 km&sup2;. Das entspricht der Gr&ouml;&szlig;e von Eisenstadt. Um dies einzud&auml;mmen wurde im Regierungsprogramm 2020 &ndash; 2024 festgehalten, dass die Fl&auml;cheninanspruchnahme bis 2030 auf einen j&auml;hrlichen Zuwachs von 2,5 ha pro Tag bzw. 9 km&sup2; pro Jahr reduziert werden soll. Betriebsfl&auml;chen, Wohn- und Gesch&auml;ftsgebiete bilden aktuellen den gr&ouml;&szlig;ten Anteil an der Fl&auml;cheninsanspruchnahme in &Ouml;sterreich.<\/p>\n<\/div>\n<\/div>\n<\/div><\/div>\n\n<div class=\"inherit-container-width wp-block-group content-box-outer is-layout-constrained wp-block-group-is-layout-constrained\"><div class=\"wp-block-group__inner-container\">\n<div class=\"wp-block-columns content-box-header content-box-header-spain is-layout-flex wp-container-core-columns-is-layout-28f84493 wp-block-columns-is-layout-flex\">\n<div class=\"wp-block-column content-box-header-cols content-box-header-text content-box-header-text-germany is-layout-flow wp-block-column-is-layout-flow\" style=\"flex-basis:75%\">\n<p>DEUTSCHLAND<\/p>\n<\/div>\n\n\n\n<div class=\"wp-block-column content-box-header-cols is-layout-flow wp-block-column-is-layout-flow\" style=\"flex-basis:66.66%\"><\/div>\n<\/div>\n\n\n\n<div class=\"wp-block-columns content-box-body content-box-body-germany is-layout-flex wp-container-core-columns-is-layout-28f84493 wp-block-columns-is-layout-flex\">\n<div class=\"wp-block-column content-box-body-cols content-box-body-image country-box-body-image is-layout-flow wp-block-column-is-layout-flow\" style=\"flex-basis:15%\">\n<figure class=\"wp-block-image aligncenter size-full\"><img loading=\"lazy\" decoding=\"async\" width=\"1000\" height=\"1000\" src=\"https:\/\/greencoolschools.eu\/wp-content\/uploads\/2022\/10\/flag_round_germany.png\" alt=\"\" class=\"wp-image-2391\" srcset=\"https:\/\/greencoolschools.eu\/wp-content\/uploads\/2022\/10\/flag_round_germany.png 1000w, https:\/\/greencoolschools.eu\/wp-content\/uploads\/2022\/10\/flag_round_germany-300x300.png 300w, https:\/\/greencoolschools.eu\/wp-content\/uploads\/2022\/10\/flag_round_germany-150x150.png 150w, https:\/\/greencoolschools.eu\/wp-content\/uploads\/2022\/10\/flag_round_germany-768x768.png 768w\" sizes=\"auto, (max-width: 1000px) 100vw, 1000px\" \/><\/figure><\/div>\n\n\n\n<div class=\"wp-block-column content-box-body-cols content-box-body-text content-box-body-text-germany is-layout-flow wp-block-column-is-layout-flow\" style=\"flex-basis:80%\">\n<p>In Deutschland wurden im Jahr 1992 40.305 km&sup2; f&uuml;r Siedlung und Verkehr genutzt; im Jahr 2020 waren es bereits 51.692 km&sup2;. Das ist ein Anstieg um 28,3 % innerhalb von 28 Jahren.\r\nVon dieser Siedlungs- und Verkehrsfl&auml;che ist im bundesweiten Durchschnitt knapp die H&auml;lfte (43,7 %) versiegelt. Selbst in den gro&szlig;en St&auml;dten gibt es ja neben versiegelten Fl&auml;chen u.a. auch &ouml;ffentliche und private Gr&uuml;nanlagen oder G&auml;rten, und in l&auml;ndlichen Regionen ist deren Anteil noch gr&ouml;&szlig;er. In den Jahren 2016&ndash;2019 ist die Siedlungs- und Verkehrsfl&auml;che um durchschnittlich 52 Hektar pro Tag gewachsen.\r\nDie Bundesregierung will diesen Wert deutlich verringern &ndash; auf maximal 30 Hektar pro Tag im Jahr 2030. Im Jahr 2050 soll &bdquo;netto&ldquo; &uuml;berhaupt keine neue Fl&auml;che mehr f&uuml;r Siedlung und Verkehr beansprucht werden.\r\nQuellen:<\/p>\n\n\n\n<ul class=\"wp-block-list\">\n<li><a href=\"https:\/\/www.umweltbundesamt.de\/daten\/flaeche-boden-land-oekosysteme\/flaeche\/siedlungs-verkehrsflaeche\">Umweltbundesamt<\/a> (unter Verwendung von Daten aus dem Statistischen Bundesamt)<\/li>\n\n\n\n<li><a href=\"https:\/\/www.destatis.de\/DE\/Presse\/Pressemitteilungen\/2021\/04\/PD21_209_412.html\">destatis.de<\/a><\/li>\n\n\n\n<li><a href=\"https:\/\/sustainabledevelopment-deutschland.github.io\/11-1-a\/\">Sustainable development Deutschland<\/a><\/li>\n<\/ul>\n<\/div>\n<\/div>\n<\/div><\/div>\n\n<div class=\"inherit-container-width wp-block-group content-box-outer is-layout-constrained wp-block-group-is-layout-constrained\"><div class=\"wp-block-group__inner-container\">\n<div class=\"wp-block-columns content-box-header content-box-header-spain is-layout-flex wp-container-core-columns-is-layout-28f84493 wp-block-columns-is-layout-flex\">\n<div class=\"wp-block-column content-box-header-cols content-box-header-text content-box-header-text-spain is-layout-flow wp-block-column-is-layout-flow\" style=\"flex-basis:75%\">\n<p>SPANIEN<\/p>\n<\/div>\n\n\n\n<div class=\"wp-block-column content-box-header-cols is-layout-flow wp-block-column-is-layout-flow\" style=\"flex-basis:66.66%\"><\/div>\n<\/div>\n\n\n\n<div class=\"wp-block-columns content-box-body content-box-body-spain is-layout-flex wp-container-core-columns-is-layout-28f84493 wp-block-columns-is-layout-flex\">\n<div class=\"wp-block-column content-box-body-cols content-box-body-image country-box-body-image is-layout-flow wp-block-column-is-layout-flow\" style=\"flex-basis:15%\">\n<figure class=\"wp-block-image aligncenter size-full\"><img loading=\"lazy\" decoding=\"async\" width=\"1000\" height=\"1000\" src=\"https:\/\/greencoolschools.eu\/wp-content\/uploads\/2022\/10\/flag_round_spain.png\" alt=\"\" class=\"wp-image-2396\" srcset=\"https:\/\/greencoolschools.eu\/wp-content\/uploads\/2022\/10\/flag_round_spain.png 1000w, https:\/\/greencoolschools.eu\/wp-content\/uploads\/2022\/10\/flag_round_spain-300x300.png 300w, https:\/\/greencoolschools.eu\/wp-content\/uploads\/2022\/10\/flag_round_spain-150x150.png 150w, https:\/\/greencoolschools.eu\/wp-content\/uploads\/2022\/10\/flag_round_spain-768x768.png 768w\" sizes=\"auto, (max-width: 1000px) 100vw, 1000px\" \/><\/figure><\/div>\n\n\n\n<div class=\"wp-block-column content-box-body-cols content-box-body-text content-box-body-text-spain is-layout-flow wp-block-column-is-layout-flow\" style=\"flex-basis:80%\">\n<p>In Spanien gab es von 2006 bis 2015 eine Zunahme der versiegelten Bodenfl&auml;che. Im Jahr 2015 betrug die versiegelte Bodenfl&auml;che in Spanien 6.225 km&sup2; (622.500 Hektar), das entspricht 7,19 % der Landesfl&auml;che. <\/p>\n\n\n\n<p>Als das Entwicklungstempo im Baskenland von 2006 bis 2011 zunahm, erreichte die <a href=\"https:\/\/greencoolschools.eu\/de\/glossary\/versiegelte-flache\/\" target=\"_self\" title=\"Versiegelte Fl&auml;chen sind B&ouml;den, die durch harte Oberfl&auml;chenbel&auml;ge mit praktisch undurchl&auml;ssigen Materialien (Asphalt, Beton etc.) oder durch die unmittelbare &Uuml;berbauung mit Geb&auml;uden von der Atmosph&auml;re getrennt sind.\" class=\"encyclopedia\">versiegelte Fl&auml;che<\/a> einen Prozentsatz von 6,68 % der Gesamtfl&auml;che. Dieser Anteil hat sich in den Folgejahren nur leicht erh&ouml;ht. Vergleicht man diese Daten mit dem Anteil der versiegelten B&ouml;den in anderen L&auml;ndern, so liegt das Baskenland &uuml;ber dem europ&auml;ischen Durchschnitt von 1,81 % &ndash; und auf einem &auml;hnlichen Niveau wie die Niederlande (7,33 %) und Belgien (7,37 %).<\/p>\n\n\n\n<p>Im Jahr 2020 betrug das k&uuml;nstliche Land des Baskenlandes 49.106 Hektar (491 km&sup2;) (49.070 Hektar im Jahr 2015). So ist in den letzten f&uuml;nf Jahren der Anteil der k&uuml;nstlichen Landfl&auml;che f&uuml;r Wohnnutzungen, Wirtschaftst&auml;tigkeiten und allgemeine Systeme (Infrastrukturen, Einrichtungen und Freir&auml;ume) stabil geblieben.<\/p>\n\n\n\n<p>Weil das Baskische Territorium zerkl&uuml;ftet ist, konzentriert sich dort der Gro&szlig;teil der Bev&ouml;lkerung in wenigen st&auml;dtischen Zentren mit hoher Bev&ouml;lkerungsdichte.<\/p>\n\n\n\n<p>Industrieanlagen haben traditionell einen gro&szlig;en Teil des Territoriums besetzt. In vielen F&auml;llen befanden sie sich in den St&auml;dten selbst, oder vielleicht w&auml;re es richtiger zu sagen, dass St&auml;dte um gro&szlig;e Industrien herum gewachsen sind. Die intensive industrielle T&auml;tigkeit im Baskenland hat jahrzehntelang eine bemerkenswerte Umweltbelastung der B&ouml;den verursacht, die etwa 16 % des Territoriums betraf. Aus diesem Grund wurde es in den 90er Jahren als notwendig erachtet, die Wiederherstellung von zuvor industriell genutzten B&ouml;den zu f&ouml;rdern.<\/p>\n\n\n\n<p>Quellen:\r\n<a href=\"https:\/\/www.ingurumena.ejgv.euskadi.eus\/r49-aa33a\/es\/aa33aIndicadoresWAR\/indicadoresJSP\/index.jsp\">https:\/\/www.ingurumena.ejgv.euskadi.eus\/r49-aa33a\/es\/aa33aIndicadoresWAR\/indicadoresJSP\/index.jsp<\/a>\r\n<a href=\"https:\/\/www.irekia.euskadi.eus\/es\/debates\/1273?stage=conclusions\">https:\/\/www.irekia.euskadi.eus\/es\/debates\/1273?stage=conclusions<\/a>\r\n<a href=\"https:\/\/www.eea.europa.eu\/data-and-maps\/dashboards\/imperviousness-in-europe\">https:\/\/www.eea.europa.eu\/data-and-maps\/dashboards\/imperviousness-in-europe<\/a>\r\n<a href=\"https:\/\/www.euskadi.eus\/informacion\/suelo\/web01-s2ing\/es\/\">https:\/\/www.euskadi.eus\/informacion\/suelo\/web01-s2ing\/es\/<\/a><\/p>\n\n\n\n<p><a href=\"https:\/\/www.ihobe.eus\/suelos\">https:\/\/www.ihobe.eus\/suelos<\/a><\/p>\n<\/div>\n<\/div>\n<\/div><\/div>\n\n<h2 class=\"wp-block-heading\">Landesspezifische informationen<\/h2>\n\n<div class=\"inherit-container-width wp-block-group content-box-outer is-layout-constrained wp-block-group-is-layout-constrained\"><div class=\"wp-block-group__inner-container\">\n<div class=\"wp-block-columns content-box-header content-box-header-related is-layout-flex wp-container-core-columns-is-layout-28f84493 wp-block-columns-is-layout-flex\">\n<div class=\"wp-block-column content-box-header-cols content-box-header-text content-box-header-text-related is-layout-flow wp-block-column-is-layout-flow\" style=\"flex-basis:95%\">\n<p>REGIONALE INFORMATIONEN<\/p>\n<\/div>\n\n\n\n<div class=\"wp-block-column content-box-header-cols is-layout-flow wp-block-column-is-layout-flow\" style=\"flex-basis:5%\"><\/div>\n<\/div>\n\n\n\n<div class=\"wp-block-columns content-box-body content-box-body-related is-layout-flex wp-container-core-columns-is-layout-28f84493 wp-block-columns-is-layout-flex\">\n<div class=\"wp-block-column content-box-body-cols content-box-body-image is-layout-flow wp-block-column-is-layout-flow\" style=\"flex-basis:25%\">\n<figure class=\"wp-block-image size-full\"><img loading=\"lazy\" decoding=\"async\" width=\"133\" height=\"133\" src=\"https:\/\/greencoolschools.eu\/wp-content\/uploads\/2022\/08\/img_info.png\" alt=\"\" class=\"wp-image-437\"><\/figure><\/div>\n\n\n\n<div class=\"wp-block-column content-box-body-cols content-box-body-text content-box-body-text-related is-layout-flow wp-block-column-is-layout-flow\" style=\"flex-basis:66.66%\"><div class=\"ultp-post-grid-block wp-block-ultimate-post-post-list-3 ultp-block-a8b8e9 regional-information-post-list\"><div class=\"ultp-block-wrapper\"><div class=\"ultp-loading\"><div class=\"ultp-loading-blocks\" style=\"width:100%;height:100%;\"><div style=\"left: 0;top: 0;animation-delay:0s;\"><\/div><div style=\"left: 21px;top: 0;animation-delay:0.125s;\"><\/div><div style=\"left: 42px;top: 0;animation-delay:0.25s;\"><\/div><div style=\"left: 0;top: 21px;animation-delay:0.875s;\"><\/div><div style=\"left: 42px;top: 21px;animation-delay:0.375s;\"><\/div><div style=\"left: 0;top: 42px;animation-delay:0.75s;\"><\/div><div style=\"left: 42px;top: 42px;animation-delay:0.625s;\"><\/div><div style=\"left: 21px;top: 42px;animation-delay:0.5s;\"><\/div><\/div><\/div><div class=\"ultp-block-items-wrap ultp-block-row ultp-block-column-1 ultp-block-content-middle ultp-layout1\"><section class=\"ultp-block-item ultp-block-media post-id-8650\"><div class=\"ultp-block-content-wrap\"><div class=\"ultp-block-content\"><h3 class=\"ultp-block-title \"><a href=\"https:\/\/greencoolschools.eu\/de\/kartierung-der-schulumgebung\/\">Kartierung der Schulumgebung<\/a><\/h3><div class=\"ultp-block-excerpt\"><p>Das kurz gefasste Material des Klett Verlages zeigt ein Beispiel einer <a href=\"https:\/\/greencoolschools.eu\/de\/glossary\/kartierung\/\" target=\"_self\" title=\"Unter &bdquo;Kartierung&ldquo; versteht man die grafische Darstellung von Objekten und Sachverhalten der Erdoberfl&auml;che auf Landkarten oder in Pl&auml;nen.\" class=\"encyclopedia\">Kartierung<\/a> der Schulumgebung. https:\/\/www2.klett.de\/sixcms\/media.php\/82\/25313_012_013.pdf<\/p>\n<\/div><\/div><\/div><\/section><section class=\"ultp-block-item ultp-block-media post-id-3701\"><div class=\"ultp-block-content-wrap\"><div class=\"ultp-block-content\"><h3 class=\"ultp-block-title \"><a href=\"https:\/\/greencoolschools.eu\/de\/flaechennutzung-in-deutschland\/\">Fl&auml;chennutzung in Deutschland<\/a><\/h3><div class=\"ultp-block-excerpt\"><p>Das Umweltbundesamt informiert &uuml;ber die Fl&auml;chennutzung in Deutschland. Das Material eignet sich zur Orientierung f&uuml;r die Lehrperson; es enth&auml;lt Diagramme,&hellip;<\/p>\n<\/div><\/div><\/div><\/section><section class=\"ultp-block-item ultp-block-media post-id-3686\"><div class=\"ultp-block-content-wrap\"><div class=\"ultp-block-content\"><h3 class=\"ultp-block-title \"><a href=\"https:\/\/greencoolschools.eu\/de\/umweltbildungs-partner\/\">Bildungspartner Boden<\/a><\/h3><div class=\"ultp-block-excerpt\"><p>Die Website der ANU e.V. enth&auml;lt auch eine bundesweite Datenbank der &bdquo;Umweltzentren und Referent*innen&ldquo;. Darin sind &uuml;ber 400 Akteure gelistet,&hellip;<\/p>\n<\/div><\/div><\/div><\/section><\/div><\/div><div class=\"pagination-block-html\" aria-hidden=\"true\" style=\"display: none;\"><\/div><\/div><\/div>\n<\/div>\n<\/div><\/div>\n","protected":false},"excerpt":{"rendered":"<p>Regionale Informationen: Bodenfunktionen Verwandte Aspekte in anderen L\u00e4ndern Bodenversiegelung bedeutet, dass B\u00f6den mit einem Material bedeckt werden, welches vollkommen oder teilweise undurchl\u00e4ssig ist. Wird der Boden mit einer wasser- und luftundurchl\u00e4ssigen Schicht bedeckt, stirbt das Bodenleben ab. Versiegelte B\u00f6den gelten vom heutigen Stand des Wissens als irreversibel zerst\u00f6rt. Durch Versiegelung geht Lebensraum f\u00fcr Tiere und [&hellip;]<\/p>\n","protected":false},"author":1,"featured_media":1210,"parent":2730,"menu_order":990,"comment_status":"closed","ping_status":"closed","template":"","meta":{"site-sidebar-layout":"default","site-content-layout":"","ast-site-content-layout":"default","site-content-style":"default","site-sidebar-style":"default","ast-global-header-display":"","ast-banner-title-visibility":"","ast-main-header-display":"","ast-hfb-above-header-display":"","ast-hfb-below-header-display":"","ast-hfb-mobile-header-display":"","site-post-title":"disabled","ast-breadcrumbs-content":"","ast-featured-img":"disabled","footer-sml-layout":"","ast-disable-related-posts":"","theme-transparent-header-meta":"","adv-header-id-meta":"","stick-header-meta":"","header-above-stick-meta":"","header-main-stick-meta":"","header-below-stick-meta":"","astra-migrate-meta-layouts":"default","ast-page-background-enabled":"default","ast-page-background-meta":{"desktop":{"background-color":"var(--ast-global-color-4)","background-image":"","background-repeat":"repeat","background-position":"center center","background-size":"auto","background-attachment":"scroll","background-type":"","background-media":"","overlay-type":"","overlay-color":"","overlay-opacity":"","overlay-gradient":""},"tablet":{"background-color":"","background-image":"","background-repeat":"repeat","background-position":"center center","background-size":"auto","background-attachment":"scroll","background-type":"","background-media":"","overlay-type":"","overlay-color":"","overlay-opacity":"","overlay-gradient":""},"mobile":{"background-color":"","background-image":"","background-repeat":"repeat","background-position":"center center","background-size":"auto","background-attachment":"scroll","background-type":"","background-media":"","overlay-type":"","overlay-color":"","overlay-opacity":"","overlay-gradient":""}},"ast-content-background-meta":{"desktop":{"background-color":"var(--ast-global-color-5)","background-image":"","background-repeat":"repeat","background-position":"center center","background-size":"auto","background-attachment":"scroll","background-type":"","background-media":"","overlay-type":"","overlay-color":"","overlay-opacity":"","overlay-gradient":""},"tablet":{"background-color":"var(--ast-global-color-5)","background-image":"","background-repeat":"repeat","background-position":"center center","background-size":"auto","background-attachment":"scroll","background-type":"","background-media":"","overlay-type":"","overlay-color":"","overlay-opacity":"","overlay-gradient":""},"mobile":{"background-color":"var(--ast-global-color-5)","background-image":"","background-repeat":"repeat","background-position":"center center","background-size":"auto","background-attachment":"scroll","background-type":"","background-media":"","overlay-type":"","overlay-color":"","overlay-opacity":"","overlay-gradient":""}},"footnotes":""},"categories":[93],"tags":[52],"language":[64],"agegroup":[],"material":[],"topic":[],"folder":[41],"class_list":["post-3017","page","type-page","status-publish","has-post-thumbnail","hentry","category-regional-information-de-2","tag-soil-functions","language-english"],"_links":{"self":[{"href":"https:\/\/greencoolschools.eu\/de\/wp-json\/wp\/v2\/pages\/3017","targetHints":{"allow":["GET"]}}],"collection":[{"href":"https:\/\/greencoolschools.eu\/de\/wp-json\/wp\/v2\/pages"}],"about":[{"href":"https:\/\/greencoolschools.eu\/de\/wp-json\/wp\/v2\/types\/page"}],"author":[{"embeddable":true,"href":"https:\/\/greencoolschools.eu\/de\/wp-json\/wp\/v2\/users\/1"}],"replies":[{"embeddable":true,"href":"https:\/\/greencoolschools.eu\/de\/wp-json\/wp\/v2\/comments?post=3017"}],"version-history":[{"count":0,"href":"https:\/\/greencoolschools.eu\/de\/wp-json\/wp\/v2\/pages\/3017\/revisions"}],"up":[{"embeddable":true,"href":"https:\/\/greencoolschools.eu\/de\/wp-json\/wp\/v2\/pages\/2730"}],"wp:featuredmedia":[{"embeddable":true,"href":"https:\/\/greencoolschools.eu\/de\/wp-json\/wp\/v2\/media\/1210"}],"wp:attachment":[{"href":"https:\/\/greencoolschools.eu\/de\/wp-json\/wp\/v2\/media?parent=3017"}],"wp:term":[{"taxonomy":"category","embeddable":true,"href":"https:\/\/greencoolschools.eu\/de\/wp-json\/wp\/v2\/categories?post=3017"},{"taxonomy":"post_tag","embeddable":true,"href":"https:\/\/greencoolschools.eu\/de\/wp-json\/wp\/v2\/tags?post=3017"},{"taxonomy":"language","embeddable":true,"href":"https:\/\/greencoolschools.eu\/de\/wp-json\/wp\/v2\/language?post=3017"},{"taxonomy":"agegroup","embeddable":true,"href":"https:\/\/greencoolschools.eu\/de\/wp-json\/wp\/v2\/agegroup?post=3017"},{"taxonomy":"material","embeddable":true,"href":"https:\/\/greencoolschools.eu\/de\/wp-json\/wp\/v2\/material?post=3017"},{"taxonomy":"topic","embeddable":true,"href":"https:\/\/greencoolschools.eu\/de\/wp-json\/wp\/v2\/topic?post=3017"},{"taxonomy":"folder","embeddable":true,"href":"https:\/\/greencoolschools.eu\/de\/wp-json\/wp\/v2\/folder?post=3017"}],"curies":[{"name":"wp","href":"https:\/\/api.w.org\/{rel}","templated":true}]}}