{"id":2715,"date":"2022-10-01T18:32:19","date_gmt":"2022-10-01T16:32:19","guid":{"rendered":"https:\/\/greencoolschools.eu\/boden\/regionale-informationen-boden\/"},"modified":"2023-04-02T10:47:15","modified_gmt":"2023-04-02T08:47:15","slug":"regionale-informationen-boden","status":"publish","type":"page","link":"https:\/\/greencoolschools.eu\/de\/themen\/boden\/regionale-informationen-boden\/","title":{"rendered":"Regionale Informationen: Boden"},"content":{"rendered":"\n<div class=\"inherit-container-width wp-block-group content-box-intro-outer content-type-regional is-layout-constrained wp-block-group-is-layout-constrained\"><div class=\"wp-block-group__inner-container\">\n<h1 class=\"wp-block-heading\">Regionale Informationen: Boden<\/h1>\n<\/div><\/div>\n\n<h2 class=\"wp-block-heading\">Verwandte Aspekte in anderen L&auml;ndern<\/h2>\n\n<h3 class=\"wp-block-heading\">&bdquo;Bodengeschichten&ldquo;<\/h3>\n\n<p>Die Entwicklung von Boden ist ein langer Prozess. Die Entstehung vieler unserer B&ouml;den reicht bis zur letzten Eiszeit, mehr als 10.000 Jahre, zur&uuml;ck. Im Folgenden erz&auml;hlen wir unterschiedliche Geschichten aus verschiedenen L&auml;ndern zur Entstehung von B&ouml;den. Diese bilden jedoch nur einen Auszug. Mehr zum Thema Boden und dessen Entstehung ist im Thema &bdquo;Boden&ldquo; zu finden.<\/p>\n\n<div class=\"inherit-container-width wp-block-group content-box-outer is-layout-constrained wp-block-group-is-layout-constrained\"><div class=\"wp-block-group__inner-container\">\n<div class=\"wp-block-columns content-box-header content-box-header-austria is-layout-flex wp-container-core-columns-is-layout-28f84493 wp-block-columns-is-layout-flex\">\n<div class=\"wp-block-column content-box-header-cols content-box-header-text content-box-header-text-austria is-layout-flow wp-block-column-is-layout-flow\" style=\"flex-basis:75%\">\n<p>&Ouml;STERREICH<\/p>\n<\/div>\n\n\n\n<div class=\"wp-block-column content-box-header-cols is-layout-flow wp-block-column-is-layout-flow\" style=\"flex-basis:66.66%\"><\/div>\n<\/div>\n\n\n\n<div class=\"wp-block-columns content-box-body content-box-body-austria is-layout-flex wp-container-core-columns-is-layout-28f84493 wp-block-columns-is-layout-flex\">\n<div class=\"wp-block-column content-box-body-cols content-box-body-image country-box-body-image is-layout-flow wp-block-column-is-layout-flow\" style=\"flex-basis:15%\">\n<figure class=\"wp-block-image aligncenter size-full\"><img loading=\"lazy\" decoding=\"async\" width=\"1000\" height=\"1000\" src=\"https:\/\/greencoolschools.eu\/wp-content\/uploads\/2022\/10\/flag_round_austria.png\" alt=\"\" class=\"wp-image-2381\" srcset=\"https:\/\/greencoolschools.eu\/wp-content\/uploads\/2022\/10\/flag_round_austria.png 1000w, https:\/\/greencoolschools.eu\/wp-content\/uploads\/2022\/10\/flag_round_austria-300x300.png 300w, https:\/\/greencoolschools.eu\/wp-content\/uploads\/2022\/10\/flag_round_austria-150x150.png 150w, https:\/\/greencoolschools.eu\/wp-content\/uploads\/2022\/10\/flag_round_austria-768x768.png 768w\" sizes=\"auto, (max-width: 1000px) 100vw, 1000px\" \/><\/figure><\/div>\n\n\n\n<div class=\"wp-block-column content-box-body-cols content-box-body-text content-box-body-text-austria is-layout-flow wp-block-column-is-layout-flow\" style=\"flex-basis:80%\">\n<p>Aub&ouml;den sind vergleichsweise junge B&ouml;den. Landschaften entlang von Fl&uuml;ssen und B&auml;chen, die durch wiederkehrende &Uuml;berschwemmungen und stark schwankende Grundwasserst&auml;nde charakterisiert sind, werden Auland genannt. Durch die &Uuml;berschwemmungen und Schwankungen des Wasserspiegels der Fl&uuml;sse oder B&auml;che entstehen Fest- und Schwemmablagerungen. Die Ausgangsmaterialien von Auenb&ouml;den sind somit Sedimente, d. h. Ablagerungen aus Flie&szlig;gew&auml;ssern und jungem Schwemmmaterial. Diese Sedimente kommen meist in sortenreinen Schichten vor. Daher ist f&uuml;r Aub&ouml;den ein schichtweiser Aufbau typisch, der durch die Ablagerungen von mehreren &Uuml;berschwemmungen entsteht. Aufgrund ihres jungen Alters sind Schwemmb&ouml;den meist gut mit N&auml;hrstoffen versorgt.\r\nZu Beginn der Bodenentwicklung in Augebieten entsteht der sogenannte Rohauboden. In diesem fr&uuml;hen Stadium ist die Bodenschicht noch nicht sehr dick und der Humushorizont auch noch schwach ausgebildet. Je nach Eigenheiten k&ouml;nnen sich im Weiteren verschiedene Typen an Aub&ouml;den entwickeln. An stark schwankenden Fl&uuml;ssen wie zum Beispiel Gebirgsfl&uuml;ssen bleibt es h&auml;ufig bei Rohaub&ouml;den. Sie sind naturschutzfachlich wertvolle, seltengewordene Biotope.<\/p>\n<\/div>\n<\/div>\n<\/div><\/div>\n\n<div class=\"inherit-container-width wp-block-group content-box-outer is-layout-constrained wp-block-group-is-layout-constrained\"><div class=\"wp-block-group__inner-container\">\n<div class=\"wp-block-columns content-box-header content-box-header-spain is-layout-flex wp-container-core-columns-is-layout-28f84493 wp-block-columns-is-layout-flex\">\n<div class=\"wp-block-column content-box-header-cols content-box-header-text content-box-header-text-germany is-layout-flow wp-block-column-is-layout-flow\" style=\"flex-basis:75%\">\n<p>DEUTSCHLAND<\/p>\n<\/div>\n\n\n\n<div class=\"wp-block-column content-box-header-cols is-layout-flow wp-block-column-is-layout-flow\" style=\"flex-basis:66.66%\"><\/div>\n<\/div>\n\n\n\n<div class=\"wp-block-columns content-box-body content-box-body-germany is-layout-flex wp-container-core-columns-is-layout-28f84493 wp-block-columns-is-layout-flex\">\n<div class=\"wp-block-column content-box-body-cols content-box-body-image country-box-body-image is-layout-flow wp-block-column-is-layout-flow\" style=\"flex-basis:15%\">\n<figure class=\"wp-block-image aligncenter size-full\"><img loading=\"lazy\" decoding=\"async\" width=\"1000\" height=\"1000\" src=\"https:\/\/greencoolschools.eu\/wp-content\/uploads\/2022\/10\/flag_round_germany.png\" alt=\"\" class=\"wp-image-2391\" srcset=\"https:\/\/greencoolschools.eu\/wp-content\/uploads\/2022\/10\/flag_round_germany.png 1000w, https:\/\/greencoolschools.eu\/wp-content\/uploads\/2022\/10\/flag_round_germany-300x300.png 300w, https:\/\/greencoolschools.eu\/wp-content\/uploads\/2022\/10\/flag_round_germany-150x150.png 150w, https:\/\/greencoolschools.eu\/wp-content\/uploads\/2022\/10\/flag_round_germany-768x768.png 768w\" sizes=\"auto, (max-width: 1000px) 100vw, 1000px\" \/><\/figure><\/div>\n\n\n\n<div class=\"wp-block-column content-box-body-cols content-box-body-text content-box-body-text-germany is-layout-flow wp-block-column-is-layout-flow\" style=\"flex-basis:80%\">\n<p>Die fruchtbarsten Ackerb&ouml;den in Deutschland finden sich in der Magdeburger B&ouml;rde. Aber auch rund um Halle, im Th&uuml;ringer Becken und in der K&ouml;lner Bucht gibt es sehr gute und fruchtbare B&ouml;den. Es handelt sich um Schwarzerden und teilweise auch Parabraunerden.<\/p>\n\n\n\n<p>Schwarzerden (Tschernosem) sind dort entstanden, wo es lockere, kalkreiche Untergr&uuml;nde (vor allem L&ouml;ss) und kontinentales Klima &ndash; also sehr hei&szlig;e, trockene Sommer und kalte Winter &ndash; gab. Hier bildeten sich Steppen mit stark wachsenden Gr&auml;sern, Kr&auml;utern und einzelnen Baumgruppen. Wegen der Trockenheit im Sommer und der K&auml;lte im Winter konnten abgestorbene Pflanzen von den <a href=\"https:\/\/greencoolschools.eu\/de\/glossary\/bodenlebewesen\/\" target=\"_self\" title=\"Als &bdquo;Bodenlebewesen&ldquo; (Edaphon) bezeichnet man die Gesamtheit der im Boden lebenden Organismen.\" class=\"encyclopedia\">Bodenlebewesen<\/a> nicht komplett abgebaut werden &ndash; in der Folge sammelte sich eine immer m&auml;chtiger werdende Humusschicht an. Diese Bedingungen herrschten in Mitteleuropa vor 10.000 bis 6.000 Jahren. Danach wurde das Klima feuchter &ndash; und Wald setzte sich durch. Unter dem Einfluss des Waldes entwickelte sich Schwarzerde teilweise zu Braunerde weiter. Die verbliebenen Schwarzerden in Deutschland sind somit Relikte der Nach-Eiszeit, und wenn sie zerst&ouml;rt werden (Versiegelung, Erosion&hellip;), sind sie nicht wiederherstellbar.<\/p>\n\n\n\n<p>Eine besondere Schwarzerde ist Terra Preta. Sie ist unter dem Einfluss des Menschen entstanden, dort wo gro&szlig;e Mengen an Holzkohle und Pflanzenresten in den Boden eingetragen wurden. Das geschah u. a. im Amazonasgebiet, aber auch in Teilen von Asien, Afrika und Europa. Heute wird Terra Preta als eine M&ouml;glichkeit zur Bodenverbesserung und Kohlenstoffbindung angesehen.<\/p>\n\n\n\n<p>Quellen:<\/p>\n\n\n\n<ul class=\"wp-block-list\">\n<li><a href=\"http:\/\/www.lfu.bayern.de\/boden\/erdausstellung\/bodentypen\/index.htm\">Bayrisches Landesamt f&uuml;r Umwelt<\/a> (www.lfu.bayern.de\/boden\/erdausstellung\/<a href=\"https:\/\/greencoolschools.eu\/de\/glossary\/bodentyp\/\" target=\"_self\" title=\"Zur Klassifizierung verschiedener B&ouml;den wird zwischen Bodentypen, wie Braunerde, Podsol, Gley etc., unterschieden. Die Bodentypen werden mit diagnostischen Merkmalen und Eigenschaften systematisch gegliedert. Hierbei spielen die charakteristischen Horizonte und Horizontfolgen eine Hauptrolle.\" class=\"encyclopedia\">bodentyp<\/a>en\/index.htm)<\/li>\n\n\n\n<li><a href=\"https:\/\/www.klett.de\/alias\/1012433\">Klett Verlag<\/a>: Infoblatt Schwarzerde<\/li>\n\n\n\n<li><a href=\"https:\/\/terra-preta.de\/terra-preta-schwarzerde\/entstehung-von-terra-preta\/\">Terra Preta<\/a><\/li>\n<\/ul>\n<\/div>\n<\/div>\n<\/div><\/div>\n\n<div class=\"inherit-container-width wp-block-group content-box-outer is-layout-constrained wp-block-group-is-layout-constrained\"><div class=\"wp-block-group__inner-container\">\n<div class=\"wp-block-columns content-box-header content-box-header-spain is-layout-flex wp-container-core-columns-is-layout-28f84493 wp-block-columns-is-layout-flex\">\n<div class=\"wp-block-column content-box-header-cols content-box-header-text content-box-header-text-spain is-layout-flow wp-block-column-is-layout-flow\" style=\"flex-basis:75%\">\n<p>SPANIEN<\/p>\n<\/div>\n\n\n\n<div class=\"wp-block-column content-box-header-cols is-layout-flow wp-block-column-is-layout-flow\" style=\"flex-basis:66.66%\"><\/div>\n<\/div>\n\n\n\n<div class=\"wp-block-columns content-box-body content-box-body-spain is-layout-flex wp-container-core-columns-is-layout-28f84493 wp-block-columns-is-layout-flex\">\n<div class=\"wp-block-column content-box-body-cols content-box-body-image country-box-body-image is-layout-flow wp-block-column-is-layout-flow\" style=\"flex-basis:15%\">\n<figure class=\"wp-block-image size-full\"><img loading=\"lazy\" decoding=\"async\" width=\"1000\" height=\"1000\" src=\"https:\/\/greencoolschools.eu\/wp-content\/uploads\/2022\/10\/flag_round_spain.png\" alt=\"\" class=\"wp-image-2396\" srcset=\"https:\/\/greencoolschools.eu\/wp-content\/uploads\/2022\/10\/flag_round_spain.png 1000w, https:\/\/greencoolschools.eu\/wp-content\/uploads\/2022\/10\/flag_round_spain-300x300.png 300w, https:\/\/greencoolschools.eu\/wp-content\/uploads\/2022\/10\/flag_round_spain-150x150.png 150w, https:\/\/greencoolschools.eu\/wp-content\/uploads\/2022\/10\/flag_round_spain-768x768.png 768w\" sizes=\"auto, (max-width: 1000px) 100vw, 1000px\" \/><\/figure><\/div>\n\n\n\n<div class=\"wp-block-column content-box-body-cols content-box-body-text content-box-body-text-spain is-layout-flow wp-block-column-is-layout-flow\" style=\"flex-basis:80%\">\n<p>Spanien hat eine f&uuml;r Europa und die ganze Welt herausragende Vielfalt an B&ouml;den. Die meisten der Bodengruppen der Bodenklassifikation sind vertreten. In Spanien sind zonale B&ouml;den dadurch gekennzeichnet, dass sie reife B&ouml;den sind und sich durch das Klima und die Lithologie jedes Gebiets unterscheiden. Es gibt zum einen <a href=\"https:\/\/greencoolschools.eu\/de\/glossary\/bodentyp\/\" target=\"_self\" title=\"Zur Klassifizierung verschiedener B&ouml;den wird zwischen Bodentypen, wie Braunerde, Podsol, Gley etc., unterschieden. Die Bodentypen werden mit diagnostischen Merkmalen und Eigenschaften systematisch gegliedert. Hierbei spielen die charakteristischen Horizonte und Horizontfolgen eine Hauptrolle.\" class=\"encyclopedia\">Bodentyp<\/a>en, die f&uuml;r die aktuellen Klimazonen repr&auml;sentativ sind, unter anderem von kalten Klimazonen (Hochgebirge) bis zu den trockenen und halbtrockenen Klimazonen im S&uuml;den und Osten der Halbinsel. Zum anderen gibt es auch <a href=\"https:\/\/greencoolschools.eu\/de\/glossary\/bodentyp\/\" target=\"_self\" title=\"Zur Klassifizierung verschiedener B&ouml;den wird zwischen Bodentypen, wie Braunerde, Podsol, Gley etc., unterschieden. Die Bodentypen werden mit diagnostischen Merkmalen und Eigenschaften systematisch gegliedert. Hierbei spielen die charakteristischen Horizonte und Horizontfolgen eine Hauptrolle.\" class=\"encyclopedia\">Bodentyp<\/a>en, die f&uuml;r extreme Trockenheit stehen und die sich im fr&uuml;heren tropischen Klima gebildet haben &ndash; von den B&ouml;den auf der atlantischen, kontinentalen und mediterranen makroklimatischen Ebene der Halbinsel bis zu den B&ouml;den vulkanischen Ursprungs der Kanarischen Inseln.\nUnter Ber&uuml;cksichtigung des Entwicklungsstadiums der B&ouml;den sind in Spanien B&ouml;den von den j&uuml;ngsten (Entisols) und den schlecht entwickelten (Inceptisols) bis hin zu denjenigen zu finden, die die letzten Stadien der <a href=\"https:\/\/greencoolschools.eu\/de\/glossary\/verwitterung\/\" target=\"_self\" title=\"Durch physikalische Einfl&uuml;sse, wie Wind, Wasser, Hitze und K&auml;lte, oder chemische Prozesse, wie Kreideauswaschung aus Kalkgebirgen, entstehen Risse im Gestein. Wenn es auf Kalkstein regnet, bildet sich aus H2O und CO2 Kohlens&auml;ure (H2CO3) und diese l&ouml;st Kalk. Auch Bodenorganismen k&ouml;nnen den Boden chemisch ver&auml;ndern und Wurzeln k&ouml;nnen den Boden mechanisch umformen. Das bezeichnet man als &bdquo;biologische Verwitterung&ldquo;.\" class=\"encyclopedia\">Verwitterung<\/a> und Evolution erreicht haben (Ultisols).<\/p>\n\n\n\n<p>Derzeit ist das Baskenland die Autonome Region Spaniens mit dem h&ouml;chsten Anteil an Waldfl&auml;chen, die 54 % ihres Territoriums ausmachen. Ackerland macht 20 % der Gesamtfl&auml;che aus und erreicht in der Provinz Araba mit 45 % eine gr&ouml;&szlig;ere Bedeutung.<\/p>\n\n\n\n<p>Sources:<br><a href=\"https:\/\/www.consumer.es\/medio-ambiente\/suelos-en-espana-una-gran-diversidad-en-peligro.html\">https:\/\/www.consumer.es\/medio-ambiente\/suelos-en-espana-una-gran-diversidad-en-peligro.html<\/a><br><a href=\"https:\/\/www.euskadi.eus\/informacion\/suelo\/web01-s2ing\/es\/\">https:\/\/www.euskadi.eus\/informacion\/suelo\/web01-s2ing\/es\/<\/a><\/p>\n<\/div>\n<\/div>\n<\/div><\/div>\n\n<h2 class=\"wp-block-heading\">Landesspezifische Informationen<\/h2>\n\n<div class=\"inherit-container-width wp-block-group content-box-outer is-layout-constrained wp-block-group-is-layout-constrained\"><div class=\"wp-block-group__inner-container\">\n<div class=\"wp-block-columns content-box-header content-box-header-related is-layout-flex wp-container-core-columns-is-layout-28f84493 wp-block-columns-is-layout-flex\">\n<div class=\"wp-block-column content-box-header-cols content-box-header-text content-box-header-text-related is-layout-flow wp-block-column-is-layout-flow\" style=\"flex-basis:95%\">\n<p>REGIONALE INFORMATIONEN<\/p>\n<\/div>\n\n\n\n<div class=\"wp-block-column content-box-header-cols is-layout-flow wp-block-column-is-layout-flow\" style=\"flex-basis:5%\"><\/div>\n<\/div>\n\n\n\n<div class=\"wp-block-columns content-box-body content-box-body-related is-layout-flex wp-container-core-columns-is-layout-28f84493 wp-block-columns-is-layout-flex\">\n<div class=\"wp-block-column content-box-body-cols content-box-body-image is-layout-flow wp-block-column-is-layout-flow\" style=\"flex-basis:25%\">\n<figure class=\"wp-block-image size-full\"><img loading=\"lazy\" decoding=\"async\" width=\"133\" height=\"133\" src=\"https:\/\/greencoolschools.eu\/wp-content\/uploads\/2022\/08\/img_info.png\" alt=\"\" class=\"wp-image-437\"><\/figure><\/div>\n\n\n\n<div class=\"wp-block-column content-box-body-cols content-box-body-text content-box-body-text-related is-layout-flow wp-block-column-is-layout-flow\" style=\"flex-basis:66.66%\"><div class=\"ultp-post-grid-block wp-block-ultimate-post-post-list-3 ultp-block-ff7f2b regional-information-post-list\"><div class=\"ultp-block-wrapper\"><div class=\"ultp-loading\"><div class=\"ultp-loading-blocks\" style=\"width:100%;height:100%;\"><div style=\"left: 0;top: 0;animation-delay:0s;\"><\/div><div style=\"left: 21px;top: 0;animation-delay:0.125s;\"><\/div><div style=\"left: 42px;top: 0;animation-delay:0.25s;\"><\/div><div style=\"left: 0;top: 21px;animation-delay:0.875s;\"><\/div><div style=\"left: 42px;top: 21px;animation-delay:0.375s;\"><\/div><div style=\"left: 0;top: 42px;animation-delay:0.75s;\"><\/div><div style=\"left: 42px;top: 42px;animation-delay:0.625s;\"><\/div><div style=\"left: 21px;top: 42px;animation-delay:0.5s;\"><\/div><\/div><\/div><div class=\"ultp-block-items-wrap ultp-block-row ultp-block-column-1 ultp-block-content-middle ultp-layout1\"><section class=\"ultp-block-item ultp-block-media post-id-8631\"><div class=\"ultp-block-content-wrap\"><div class=\"ultp-block-content\"><h3 class=\"ultp-block-title \"><a href=\"https:\/\/greencoolschools.eu\/de\/video-zu-regenwurmexperiment\/\">Video zu Regenwurmexperiment<\/a><\/h3><div class=\"ultp-block-excerpt\"><p>Ein Video von ca. sieben Minuten L&auml;nge stellt ein Experiment zur Kompostherstellung mit Regenw&uuml;rmern vor. Aus der Sendung mit der&hellip;<\/p>\n<\/div><\/div><\/div><\/section><section class=\"ultp-block-item ultp-block-media post-id-3686\"><div class=\"ultp-block-content-wrap\"><div class=\"ultp-block-content\"><h3 class=\"ultp-block-title \"><a href=\"https:\/\/greencoolschools.eu\/de\/umweltbildungs-partner\/\">Bildungspartner Boden<\/a><\/h3><div class=\"ultp-block-excerpt\"><p>Die Website der ANU e.V. enth&auml;lt auch eine bundesweite Datenbank der &bdquo;Umweltzentren und Referent*innen&ldquo;. Darin sind &uuml;ber 400 Akteure gelistet,&hellip;<\/p>\n<\/div><\/div><\/div><\/section><section class=\"ultp-block-item ultp-block-media post-id-3683\"><div class=\"ultp-block-content-wrap\"><div class=\"ultp-block-content\"><h3 class=\"ultp-block-title \"><a href=\"https:\/\/greencoolschools.eu\/de\/boden-informationen\/\">Boden-Informationen<\/a><\/h3><div class=\"ultp-block-excerpt\"><p>Das Bayerische Landesamt f&uuml;r Umweltschutz hat ein umfangreiches Informationsangebot zum Thema Boden erstellt. Es enth&auml;lt Fachinformationen und auch p&auml;dagogische Materialien.&hellip;<\/p>\n<\/div><\/div><\/div><\/section><section class=\"ultp-block-item ultp-block-media post-id-3679\"><div class=\"ultp-block-content-wrap\"><div class=\"ultp-block-content\"><h3 class=\"ultp-block-title \"><a href=\"https:\/\/greencoolschools.eu\/de\/bodenwelten\/\">Bodenwelten<\/a><\/h3><div class=\"ultp-block-excerpt\"><p>Die vom Bodennetzwerk und dem Bundesverband Boden e.V. herausgegebene Website ist p&auml;dagogisch ausgerichtet, sie informiert und sensibilisiert. Zu den Themen&hellip;<\/p>\n<\/div><\/div><\/div><\/section><\/div><\/div><div class=\"pagination-block-html\" aria-hidden=\"true\" style=\"display: none;\"><\/div><\/div><\/div>\n<\/div>\n<\/div><\/div>\n","protected":false},"excerpt":{"rendered":"<p>Regionale Informationen: Boden Verwandte Aspekte in anderen L\u00e4ndern &#8222;Bodengeschichten&#8220; Die Entwicklung von Boden ist ein langer Prozess. Die Entstehung vieler unserer B\u00f6den reicht bis zur letzten Eiszeit, mehr als 10.000 Jahre, zur\u00fcck. Im Folgenden erz\u00e4hlen wir unterschiedliche Geschichten aus verschiedenen L\u00e4ndern zur Entstehung von B\u00f6den. Diese bilden jedoch nur einen Auszug. Mehr zum Thema Boden [&hellip;]<\/p>\n","protected":false},"author":1,"featured_media":0,"parent":2582,"menu_order":990,"comment_status":"closed","ping_status":"closed","template":"","meta":{"site-sidebar-layout":"default","site-content-layout":"","ast-site-content-layout":"default","site-content-style":"default","site-sidebar-style":"default","ast-global-header-display":"","ast-banner-title-visibility":"","ast-main-header-display":"","ast-hfb-above-header-display":"","ast-hfb-below-header-display":"","ast-hfb-mobile-header-display":"","site-post-title":"","ast-breadcrumbs-content":"","ast-featured-img":"","footer-sml-layout":"","ast-disable-related-posts":"","theme-transparent-header-meta":"","adv-header-id-meta":"","stick-header-meta":"","header-above-stick-meta":"","header-main-stick-meta":"","header-below-stick-meta":"","astra-migrate-meta-layouts":"default","ast-page-background-enabled":"default","ast-page-background-meta":{"desktop":{"background-color":"var(--ast-global-color-4)","background-image":"","background-repeat":"repeat","background-position":"center center","background-size":"auto","background-attachment":"scroll","background-type":"","background-media":"","overlay-type":"","overlay-color":"","overlay-opacity":"","overlay-gradient":""},"tablet":{"background-color":"","background-image":"","background-repeat":"repeat","background-position":"center center","background-size":"auto","background-attachment":"scroll","background-type":"","background-media":"","overlay-type":"","overlay-color":"","overlay-opacity":"","overlay-gradient":""},"mobile":{"background-color":"","background-image":"","background-repeat":"repeat","background-position":"center center","background-size":"auto","background-attachment":"scroll","background-type":"","background-media":"","overlay-type":"","overlay-color":"","overlay-opacity":"","overlay-gradient":""}},"ast-content-background-meta":{"desktop":{"background-color":"var(--ast-global-color-5)","background-image":"","background-repeat":"repeat","background-position":"center center","background-size":"auto","background-attachment":"scroll","background-type":"","background-media":"","overlay-type":"","overlay-color":"","overlay-opacity":"","overlay-gradient":""},"tablet":{"background-color":"var(--ast-global-color-5)","background-image":"","background-repeat":"repeat","background-position":"center center","background-size":"auto","background-attachment":"scroll","background-type":"","background-media":"","overlay-type":"","overlay-color":"","overlay-opacity":"","overlay-gradient":""},"mobile":{"background-color":"var(--ast-global-color-5)","background-image":"","background-repeat":"repeat","background-position":"center center","background-size":"auto","background-attachment":"scroll","background-type":"","background-media":"","overlay-type":"","overlay-color":"","overlay-opacity":"","overlay-gradient":""}},"footnotes":""},"categories":[93],"tags":[65],"language":[64],"agegroup":[],"material":[],"topic":[],"folder":[58],"class_list":["post-2715","page","type-page","status-publish","hentry","category-regional-information-de-2","tag-soil","language-english"],"_links":{"self":[{"href":"https:\/\/greencoolschools.eu\/de\/wp-json\/wp\/v2\/pages\/2715","targetHints":{"allow":["GET"]}}],"collection":[{"href":"https:\/\/greencoolschools.eu\/de\/wp-json\/wp\/v2\/pages"}],"about":[{"href":"https:\/\/greencoolschools.eu\/de\/wp-json\/wp\/v2\/types\/page"}],"author":[{"embeddable":true,"href":"https:\/\/greencoolschools.eu\/de\/wp-json\/wp\/v2\/users\/1"}],"replies":[{"embeddable":true,"href":"https:\/\/greencoolschools.eu\/de\/wp-json\/wp\/v2\/comments?post=2715"}],"version-history":[{"count":0,"href":"https:\/\/greencoolschools.eu\/de\/wp-json\/wp\/v2\/pages\/2715\/revisions"}],"up":[{"embeddable":true,"href":"https:\/\/greencoolschools.eu\/de\/wp-json\/wp\/v2\/pages\/2582"}],"wp:attachment":[{"href":"https:\/\/greencoolschools.eu\/de\/wp-json\/wp\/v2\/media?parent=2715"}],"wp:term":[{"taxonomy":"category","embeddable":true,"href":"https:\/\/greencoolschools.eu\/de\/wp-json\/wp\/v2\/categories?post=2715"},{"taxonomy":"post_tag","embeddable":true,"href":"https:\/\/greencoolschools.eu\/de\/wp-json\/wp\/v2\/tags?post=2715"},{"taxonomy":"language","embeddable":true,"href":"https:\/\/greencoolschools.eu\/de\/wp-json\/wp\/v2\/language?post=2715"},{"taxonomy":"agegroup","embeddable":true,"href":"https:\/\/greencoolschools.eu\/de\/wp-json\/wp\/v2\/agegroup?post=2715"},{"taxonomy":"material","embeddable":true,"href":"https:\/\/greencoolschools.eu\/de\/wp-json\/wp\/v2\/material?post=2715"},{"taxonomy":"topic","embeddable":true,"href":"https:\/\/greencoolschools.eu\/de\/wp-json\/wp\/v2\/topic?post=2715"},{"taxonomy":"folder","embeddable":true,"href":"https:\/\/greencoolschools.eu\/de\/wp-json\/wp\/v2\/folder?post=2715"}],"curies":[{"name":"wp","href":"https:\/\/api.w.org\/{rel}","templated":true}]}}