{"id":2610,"date":"2022-09-09T09:55:39","date_gmt":"2022-09-09T07:55:39","guid":{"rendered":"https:\/\/greencoolschools.eu\/vertikale-begruenung\/uebung-kletterpflanzen-in-der-schule\/"},"modified":"2023-03-21T10:56:06","modified_gmt":"2023-03-21T09:56:06","slug":"uebung-kletterpflanzen-in-der-schule","status":"publish","type":"page","link":"https:\/\/greencoolschools.eu\/de\/themen\/vertikale-begruenung\/uebung-kletterpflanzen-in-der-schule\/","title":{"rendered":"Experiment: Kletterpflanzen in der Schule"},"content":{"rendered":"\n<div class=\"inherit-container-width wp-block-group content-box-intro-outer content-type-experiments is-layout-constrained wp-block-group-is-layout-constrained\"><div class=\"wp-block-group__inner-container\">\n<h1 class=\"wp-block-heading\">Kletterpflanzen in der Schule<\/h1>\n\n\n\n<div class=\"wp-block-columns content-box-intro content-box-intro-background is-layout-flex wp-container-core-columns-is-layout-28f84493 wp-block-columns-is-layout-flex\">\n<div class=\"wp-block-column is-vertically-aligned-center content-box-intro-cols content-box-intro-image is-layout-flow wp-block-column-is-layout-flow\" style=\"flex-basis:30%\">\n<figure class=\"wp-block-image size-full\"><img loading=\"lazy\" decoding=\"async\" width=\"280\" height=\"280\" src=\"https:\/\/greencoolschools.eu\/wp-content\/uploads\/2022\/08\/img_theme_07a.png\" alt=\"\" class=\"wp-image-1216\" srcset=\"https:\/\/greencoolschools.eu\/wp-content\/uploads\/2022\/08\/img_theme_07a.png 280w, https:\/\/greencoolschools.eu\/wp-content\/uploads\/2022\/08\/img_theme_07a-150x150.png 150w\" sizes=\"auto, (max-width: 280px) 100vw, 280px\" \/><\/figure>\n<\/div>\n\n\n\n<div class=\"wp-block-column is-vertically-aligned-center content-box-intro-cols content-box-intro-text is-layout-flow wp-block-column-is-layout-flow\" style=\"flex-basis:70%\">\n<p>Mit Hilfe dieser &Uuml;bung k&ouml;nnen die Sch&uuml;lerinnen* und Sch&uuml;ler* aus n&auml;chster N&auml;he das Pflanzenwachstum und die Kletterorgane von Kletterpflanzen beobachten und kennenlernen. Hierf&uuml;r werden selbst Kletterpflanzen gezogen.<\/p>\n<\/div>\n<\/div>\n<\/div><\/div>\n\n\n\n<div class=\"inherit-container-width wp-block-group content-box-outer is-layout-constrained wp-block-group-is-layout-constrained\"><div class=\"wp-block-group__inner-container\">\n<div class=\"wp-block-columns content-box-header content-box-header-goals is-layout-flex wp-container-core-columns-is-layout-28f84493 wp-block-columns-is-layout-flex\">\n<div class=\"wp-block-column content-box-header-cols content-box-header-text content-box-header-text-goals is-layout-flow wp-block-column-is-layout-flow\" style=\"flex-basis:100%\">\n<p>LERNZIELE<\/p>\n<\/div>\n<\/div>\n\n\n\n<div class=\"wp-block-columns content-box-body content-box-body-goals is-layout-flex wp-container-core-columns-is-layout-28f84493 wp-block-columns-is-layout-flex\">\n<div class=\"wp-block-column content-box-body-cols content-box-body-image is-layout-flow wp-block-column-is-layout-flow\" style=\"flex-basis:25%\">\n<figure class=\"wp-block-image aligncenter size-full\"><img loading=\"lazy\" decoding=\"async\" width=\"133\" height=\"132\" src=\"https:\/\/greencoolschools.eu\/wp-content\/uploads\/2022\/08\/img_goals.png\" alt=\"\" class=\"wp-image-429\"><\/figure>\n<\/div>\n\n\n\n<div class=\"wp-block-column content-box-body-text content-box-body-text-goals is-layout-flow wp-block-column-is-layout-flow\" style=\"flex-basis:66.66%\">\n<p>Die Sch&uuml;lerinnen* und Sch&uuml;ler* k&ouml;nnen:<\/p>\n\n\n\n<ul class=\"wp-block-list\">\n<li>geeignete Pflanzen f&uuml;r die Schulbegr&uuml;nung unter vorgegebenen Standortbedingungen ermitteln<\/li>\n\n\n\n<li>ein Experiment zur Pflanzenanzucht entsprechend der Anleitung ausf&uuml;hren<\/li>\n\n\n\n<li>die Entwicklung von Kletterpflanzen beobachten, dokumentieren und vergleichen<\/li>\n\n\n\n<li>eigene Ideen f&uuml;r die Gestaltung ihrer Schule einbringen und umsetzen<\/li>\n\n\n\n<li>&uuml;ber einen Zeitraum von mehreren Wochen Verantwortung f&uuml;r ein eigenes Projekt &uuml;bernehmen.<\/li>\n<\/ul>\n<\/div>\n<\/div>\n<\/div><\/div>\n\n\n\n<h2 class=\"wp-block-heading\"><strong>Hintergrundinformationen<\/strong><\/h2>\n\n\n\n<p><strong>Unterrichtsf&auml;cher:<\/strong> Biologie und Umweltkunde, Technisches Werken, Kunst<\/p>\n\n\n\n<p><strong>Ben&ouml;tigte Materialien:<\/strong> T&ouml;pfe, Blumenerde, Spaliere f&uuml;r die Topfpflanzen, Handschuhe oder kleine Schaufeln zum Pflanzen, Pflanzen, Samen oder Stecklinge und Ableger von vorhandenen Pflanzen. F&uuml;r die Beobachtung: Digitalkamera, Ma&szlig;band, Filzschreiber<\/p>\n\n\n\n<p><strong>R&auml;umlichkeiten\/<\/strong><strong>Ausstattung der R&auml;ume:<\/strong> Schulhof oder Klassenzimmer<\/p>\n\n\n\n<p><strong>Ideal f&uuml;r:<\/strong> gro&szlig;e Gruppe<\/p>\n\n\n\n<p><strong>Zeitbedarf:<\/strong> ca. 2 Unterrichtseinheiten und Beobachtung &uuml;ber gesamte Wachstumsperiode der Pflanzen<\/p>\n\n\n\n<h2 class=\"wp-block-heading\"><strong>Vorbereitung<\/strong><\/h2>\n\n\n\n<p>Sie k&ouml;nnen verschiedene Formen von Kletterpflanzen in T&ouml;pfen auf dem Schulhof oder auch im Klassenzimmer anpflanzen. Dazu k&ouml;nnen Sie entweder Pflanzen kaufen oder Stecklinge von vorhandenen Pflanzen nutzen bzw. Samen in die Erde pflanzen und eigene Kletterpflanzen ziehen.<\/p>\n\n\n\n<ul class=\"wp-block-list\">\n<li>Suchen Sie vorab einen oder mehrere geeignete Standorte f&uuml;r die Pflanzen aus.<\/li>\n\n\n\n<li>Kl&auml;ren Sie das Vorhaben mit der entsprechenden Stelle an der Schule ab.<\/li>\n\n\n\n<li>Bedenken Sie die Pflege der Pflanzen w&auml;hrend des gesamten Zeitraums.<\/li>\n\n\n\n<li>Besorgen Sie Samen, Stecklinge und die ben&ouml;tigten Materialien.<\/li>\n\n\n\n<li>Die T&ouml;pfe k&ouml;nnen vorab im Unterricht gestaltet werden. Einfache Rankhilfen k&ouml;nnen im Werkunterricht gebaut und gestaltet werden.<\/li>\n<\/ul>\n\n\n\n<div class=\"inherit-container-width wp-block-group content-box-outer is-layout-constrained wp-block-group-is-layout-constrained\"><div class=\"wp-block-group__inner-container\">\n<div class=\"wp-block-columns content-box-header content-box-header-hint is-layout-flex wp-container-core-columns-is-layout-28f84493 wp-block-columns-is-layout-flex\">\n<div class=\"wp-block-column content-box-header-cols content-box-header-text content-box-header-text-hint is-layout-flow wp-block-column-is-layout-flow\" style=\"flex-basis:100%\">\n<p>TIPP<\/p>\n<\/div>\n<\/div>\n\n\n\n<div class=\"wp-block-columns content-box-body content-box-body-hint is-layout-flex wp-container-core-columns-is-layout-28f84493 wp-block-columns-is-layout-flex\">\n<div class=\"wp-block-column is-layout-flow wp-block-column-is-layout-flow\" style=\"flex-basis:25%\">\n<figure class=\"wp-block-image aligncenter size-full\"><img loading=\"lazy\" decoding=\"async\" width=\"133\" height=\"133\" src=\"https:\/\/greencoolschools.eu\/wp-content\/uploads\/2022\/08\/img_hint.png\" alt=\"\" class=\"wp-image-433\"><\/figure>\n<\/div>\n\n\n\n<div class=\"wp-block-column content-box-body-cols content-box-body-text content-box-body-text-hint is-layout-flow wp-block-column-is-layout-flow\" style=\"flex-basis:66.66%\">\n<p>Finden Sie einen geeigneten Zeitraum f&uuml;r diese Unterrichtseinheit! Wenn Sie mit einj&auml;hrigen Pflanzen arbeiten m&ouml;chten, sollten Sie bereits im M&auml;rz (im Klassenraum) beginnen, damit die Pflanzen bis zu den Sommerferien ausgewachsen sind. Wenn Sie ausdauernde Pflanzen vermehren und einsetzen wollen, m&uuml;ssen Sie eine Pflege w&auml;hrend der Sommerferien absichern. Auch in diesem Fall ist es sinnvoll, bereits im zeitigen Fr&uuml;hjahr zu starten, damit die Pflanzen bis zum Sommer ausreichend Wurzeln entwickelt haben.<\/p>\n<\/div>\n<\/div>\n<\/div><\/div>\n\n\n\n<div class=\"inherit-container-width wp-block-group content-box-outer is-layout-constrained wp-block-group-is-layout-constrained\"><div class=\"wp-block-group__inner-container\">\n<div class=\"wp-block-columns content-box-header content-box-header-hint is-layout-flex wp-container-core-columns-is-layout-28f84493 wp-block-columns-is-layout-flex\">\n<div class=\"wp-block-column content-box-header-cols content-box-header-text content-box-header-text-hint is-layout-flow wp-block-column-is-layout-flow\" style=\"flex-basis:100%\">\n<p>TIPP<\/p>\n<\/div>\n<\/div>\n\n\n\n<div class=\"wp-block-columns content-box-body content-box-body-hint is-layout-flex wp-container-core-columns-is-layout-28f84493 wp-block-columns-is-layout-flex\">\n<div class=\"wp-block-column is-layout-flow wp-block-column-is-layout-flow\" style=\"flex-basis:25%\">\n<figure class=\"wp-block-image aligncenter size-full\"><img loading=\"lazy\" decoding=\"async\" width=\"133\" height=\"133\" src=\"https:\/\/greencoolschools.eu\/wp-content\/uploads\/2022\/08\/img_hint.png\" alt=\"\" class=\"wp-image-433\"><\/figure>\n<\/div>\n\n\n\n<div class=\"wp-block-column content-box-body-cols content-box-body-text content-box-body-text-hint is-layout-flow wp-block-column-is-layout-flow\" style=\"flex-basis:66.66%\">\n<ul class=\"wp-block-list\">\n<li>F&uuml;r Stecklinge eignen sich mindestens 15 cm lange Triebe einer Clematis (<em>Clematis spp.<\/em>) oder Pfeifenwinde (<em>Aristolochia macrophylla<\/em>) oder ein einj&auml;hriger Trieb mit mindestens 4 Knospen des Wilden Weins (<em>Vitis vinifera spp. sylvestris<\/em>). H&auml;ufig ist dieses Pflanzenmaterial &bdquo;Abfallprodukt&ldquo; beim Pflanzenschnitt. Fragen Sie im Kollegium, der Klasse oder bei G&auml;rtnereien, ob dies kostenlos zur Verf&uuml;gung gestellt werden kann.<\/li>\n\n\n\n<li>Die Clematis und der Wilde Wein k&ouml;nnen auch mit der Absenkmethode vermehrt werden. Hier wird der Ableger erst von der Mutterpflanze getrennt, wenn dieser ausreichend eigene Wurzeln gebildet hat.<\/li>\n\n\n\n<li>Auch Gurken, Erbsen und Bohnen (z. B. Feuerbohnen) k&ouml;nnen als Blattranker verwendet und von Samen gezogen werden.<\/li>\n<\/ul>\n<\/div>\n<\/div>\n<\/div><\/div>\n\n\n\n<h2 class=\"wp-block-heading\"><strong>Arbeitsschritte im Unterricht<\/strong><\/h2>\n\n\n\n<ol class=\"wp-block-list\" type=\"1\">\n<li>Besichtigen Sie mit der Klasse den Standort. Sofern es mehrere m&ouml;gliche Standorte gibt, k&ouml;nnen Sie gemeinsam den idealen Standort ausw&auml;hlen, an dem die Pflanzen auch regelm&auml;&szlig;ig beobachtet werden k&ouml;nnen.<\/li>\n\n\n\n<li>Besprechen Sie mit der Klasse die Standortbedingungen (Lichtverh&auml;ltnisse, Boden, Kletterm&ouml;glichkeiten, angestrebte Wuchsh&ouml;he) und geeignete Pflanzen f&uuml;r diesen Standort.<\/li>\n\n\n\n<li><em>Optional:<\/em> Lassen Sie die Klasse Wissen zu Kletterpflanzen erarbeiten, Pflanzensteckbriefe erstellen und diese vorstellen. Legen Sie ein Augenmerk auf die verschiedenen Kletterorgane. Entscheiden Sie sich dann gemeinsam, welche der Pflanzen geeignet sind und gew&auml;hlt werden.<\/li>\n\n\n\n<li>Bei Pflanzensamen: F&uuml;llen Sie die T&ouml;pfe mit Erde und geben Sie die Samen ca. 2 cm in die Erde. Halten Sie die Erde so lange feucht, bis die Samen gekeimt sind. Nach der Keimung k&ouml;nnen Sie das Spalier bzw. die Rankhilfe in den Topf geben.\r\nBei Pflanzen: Topfen Sie gemeinsam die Pflanzen in gr&ouml;&szlig;ere T&ouml;pfe um und stecken Sie das Spalier hinter der Pflanze in die Erde.<\/li>\n\n\n\n<li>Nun k&ouml;nnen die Pflanzen an ihren gew&auml;hlten Standorten im Innen- oder Au&szlig;enbereich platziert werden und das Beobachten kann beginnen.<\/li>\n\n\n\n<li>Um das Wachstum der Pflanze zu beobachten, k&ouml;nnen w&ouml;chentliche Aufnahmen durchgef&uuml;hrt werden. Dabei sollte die Pflanze fotografiert und deren L&auml;nge gemessen werden. Um zu beobachten, um wie viel die Pflanze innerhalb einer Woche w&auml;chst, kann der h&ouml;chste Punkt der Pflanze an der Rankhilfe gekennzeichnet werden (mit Filzschreiber oder einem farbigen Klebeband, dabei immer auch das Datum notieren). Jede Woche wird festgehalten, um wie viele Zentimeter die Pflanze gewachsen ist (bei einer gro&szlig;en Pflanze, die schon &auml;lter ist, k&ouml;nnen auch nur einzelne Triebe betrachtet werden). Schauen Sie sich die neu ausgebildeten Bl&auml;tter und Kletterorgane genauer an und fotografieren Sie diese.<\/li>\n\n\n\n<li><em>Optional:<\/em> Nachdem die Pflanze Kletterorgane ausgebildet hat, lassen Sie diese von den Sch&uuml;lerinnen* und Sch&uuml;lern* zeichnen und gehen Sie gemeinsam die verschiedenen Formen von Kletterpflanzen durch. Inwiefern unterscheiden sich diese?<\/li>\n\n\n\n<li>Diskutieren Sie gegen Ende des Schuljahres &uuml;ber die Beobachtungen. Im Mittelpunkt stehen dabei die Eingangsfragen: Welche Pflanzen eignen sich f&uuml;r die Begr&uuml;nung unserer Schule? Wie k&ouml;nnen diese selbst gezogen werden? Welche Vermehrungstechniken wurden gew&auml;hlt? Wie und wo k&ouml;nnen die gezogenen Kletterpflanzen sinnvoll verwendet werden? Um wie viel sind die Pflanzen im Beobachtungszeitraum gewachsen? Wie halten sich die Pflanzen fest? Wie haben sich die Bl&auml;tter ver&auml;ndert? (Drehen sie sich zum Beispiel zur Sonne?) In welche Richtung w&auml;chst die Pflanze?<\/li>\n<\/ol>\n\n\n\n<div class=\"inherit-container-width wp-block-group content-box-outer is-layout-constrained wp-block-group-is-layout-constrained\"><div class=\"wp-block-group__inner-container\">\n<div class=\"wp-block-columns content-box-header content-box-header-hint is-layout-flex wp-container-core-columns-is-layout-28f84493 wp-block-columns-is-layout-flex\">\n<div class=\"wp-block-column content-box-header-cols content-box-header-text content-box-header-text-hint is-layout-flow wp-block-column-is-layout-flow\" style=\"flex-basis:100%\">\n<p>TIPP<\/p>\n<\/div>\n<\/div>\n\n\n\n<div class=\"wp-block-columns content-box-body content-box-body-hint is-layout-flex wp-container-core-columns-is-layout-28f84493 wp-block-columns-is-layout-flex\">\n<div class=\"wp-block-column is-layout-flow wp-block-column-is-layout-flow\" style=\"flex-basis:25%\">\n<figure class=\"wp-block-image aligncenter size-full\"><img loading=\"lazy\" decoding=\"async\" width=\"133\" height=\"133\" src=\"https:\/\/greencoolschools.eu\/wp-content\/uploads\/2022\/08\/img_hint.png\" alt=\"\" class=\"wp-image-433\"><\/figure>\n<\/div>\n\n\n\n<div class=\"wp-block-column content-box-body-cols content-box-body-text content-box-body-text-hint is-layout-flow wp-block-column-is-layout-flow\" style=\"flex-basis:66.66%\">\n<ul class=\"wp-block-list\">\n<li>Verwenden Sie ausreichend gro&szlig;e T&ouml;pfe mit L&ouml;chern und Untertassen oder &Uuml;bert&ouml;pfen.<\/li>\n\n\n\n<li>Erstellen Sie gemeinsam mit Ihren Sch&uuml;lerinnen* und Sch&uuml;lern* ein Zeitraffervideo oder eine Fotocollage &uuml;ber das Pflanzenwachstum. F&uuml;r Zeitraffervideos gibt es einfache Apps f&uuml;r Smartphones.<\/li>\n\n\n\n<li>Auch Diagramme zur Wuchsh&ouml;he der Pflanzen in Abh&auml;ngigkeit der Zeit k&ouml;nnen erstellt werden.<\/li>\n<\/ul>\n<\/div>\n<\/div>\n<\/div><\/div>\n\n\n\n<div class=\"inherit-container-width wp-block-group content-box-outer is-layout-constrained wp-block-group-is-layout-constrained\"><div class=\"wp-block-group__inner-container\">\n<div class=\"wp-block-columns content-box-header content-box-header-aha is-layout-flex wp-container-core-columns-is-layout-28f84493 wp-block-columns-is-layout-flex\">\n<div class=\"wp-block-column content-box-header-cols content-box-header-text content-box-header-text-aha is-layout-flow wp-block-column-is-layout-flow\" style=\"flex-basis:100%\">\n<p>WUSSTEST DU SCHON?<\/p>\n<\/div>\n<\/div>\n\n\n\n<div class=\"wp-block-columns content-box-body content-box-body-aha is-layout-flex wp-container-core-columns-is-layout-28f84493 wp-block-columns-is-layout-flex\">\n<div class=\"wp-block-column content-box-body-cols content-box-body-image is-layout-flow wp-block-column-is-layout-flow\" style=\"flex-basis:25%\">\n<figure class=\"wp-block-image aligncenter size-full\"><img loading=\"lazy\" decoding=\"async\" width=\"133\" height=\"133\" src=\"https:\/\/greencoolschools.eu\/wp-content\/uploads\/2022\/08\/img_aha.png\" alt=\"\" class=\"wp-image-421\"><\/figure>\n<\/div>\n\n\n\n<div class=\"wp-block-column content-box-body-cols content-box-body-text content-box-body-text-aha is-layout-flow wp-block-column-is-layout-flow\" style=\"flex-basis:66.66%\">\n<p><strong>Eine vertikale Begr&uuml;nung in der Schule kann als sehr kleines bis gro&szlig;es Projekt umgesetzt werden. Die folgenden Beispiele sollen das illustrieren.<\/strong><\/p>\n\n\n\n<ul class=\"wp-block-list\">\n<li>Kleines Projekt: Verwendung von einfachen, wieder r&uuml;ckbaubaren Kletterhilfen wie z. B. St&auml;ben. Aufstellen von Pflanzgef&auml;&szlig;en f&uuml;r einj&auml;hrige Kletterpflanzen wie bspw. Edelwicken, Stangenbohnen oder Gurken (aus Samen gezogen) oder f&uuml;r ausdauernde Klettergeh&ouml;lze (Stecklingsvermehrung). Mehrj&auml;hrige Kletterpflanzen k&ouml;nnen im Folgejahr f&uuml;r ein mittleres oder gro&szlig;es Projekt genutzt werden.<\/li>\n\n\n\n<li>Mittleres Projekt: Begr&uuml;nung von kleinen Objekten wie z. B. einem Zaun, Lichtmast oder <a href=\"https:\/\/greencoolschools.eu\/de\/glossary\/pergola\/\" target=\"_self\" title=\"Urspr&uuml;nglich wurde als &bdquo;Pergola&ldquo; ein auf S&auml;ulen oder Pfeilern stehender Sonnenschutz bezeichnet, der den Weg vom Haus bis zur Terrasse schm&uuml;ckte. Heute werden diese &Uuml;berdachungen in allen m&ouml;glichen Varianten an unterschiedlichsten Stellen als Sonnenschutz platziert. Bewachsen sind sie meist mit Kletterpflanzen.\" class=\"encyclopedia\">Pergola<\/a> mit einj&auml;hrigen oder mehrj&auml;hrigen Pflanzen wie z. B. Clematis oder Kletterrosen. Wuchsh&ouml;he beachten!<\/li>\n\n\n\n<li>Gro&szlig;es Projekt: Begr&uuml;nung eines Geb&auml;udes mit ausdauernden Kletterpflanzen oder unter Nutzung von Pflanzenmatten oder Wannen (<a href=\"https:\/\/greencoolschools.eu\/de\/themen\/vertikale-begruenung\/\" target=\"_blank\" rel=\"noreferrer noopener\" data-type=\"page\" data-id=\"1793\">siehe Vertikale Begr&uuml;nung<\/a>). Ein gro&szlig;es Projekt erfordert Planungsvorlauf, die Abkl&auml;rung mit der Schulleitung und Schultr&auml;ger sowie Fachleute zur Umsetzung.<\/li>\n<\/ul>\n<\/div>\n<\/div>\n<\/div><\/div>\n\n\n\n<div class=\"inherit-container-width wp-block-group footer-eu-disclaimer-outer is-layout-constrained wp-block-group-is-layout-constrained\"><div class=\"wp-block-group__inner-container\">\n<div class=\"wp-block-columns footer-eu-disclaimer-columns is-layout-flex wp-container-core-columns-is-layout-28f84493 wp-block-columns-is-layout-flex\">\n<div class=\"wp-block-column footer-eu-disclaimer-col-image is-layout-flow wp-block-column-is-layout-flow\" style=\"flex-basis:20%\">\n<figure class=\"wp-block-image size-full\"><img loading=\"lazy\" decoding=\"async\" width=\"400\" height=\"268\" src=\"https:\/\/greencoolschools.eu\/wp-content\/uploads\/2022\/08\/eu-flag.png\" alt=\"\" class=\"wp-image-1154\" srcset=\"https:\/\/greencoolschools.eu\/wp-content\/uploads\/2022\/08\/eu-flag.png 400w, https:\/\/greencoolschools.eu\/wp-content\/uploads\/2022\/08\/eu-flag-300x201.png 300w\" sizes=\"auto, (max-width: 400px) 100vw, 400px\" \/><\/figure>\n<\/div>\n\n\n\n<div class=\"wp-block-column footer-eu-disclaimer-col-text is-layout-flow wp-block-column-is-layout-flow\" style=\"flex-basis:80%\">\n<p class=\"footer-eu-disclaimer-text\"><em>Dieses Projekt wurde mit Unterst&uuml;tzung der Europ&auml;ischen Kommission finanziert. Die Verantwortung f&uuml;r den Inhalt dieser Ver&ouml;ffentlichung tr&auml;gt allein der Verfasser; die Kommission haftet nicht f&uuml;r die weitere Verwendung der darin enthaltenen Angaben.<\/em><\/p>\n<\/div>\n<\/div>\n<\/div><\/div>\n","protected":false},"excerpt":{"rendered":"<p>Mit Hilfe dieser \u00dcbung k\u00f6nnen die Sch\u00fclerinnen* und Sch\u00fcler* aus n\u00e4chster N\u00e4he das Pflanzenwachstum und die Kletterorgane von Kletterpflanzen beobachten und kennenlernen. Hierf\u00fcr werden selbst Kletterpflanzen gezogen.<\/p>\n","protected":false},"author":1,"featured_media":0,"parent":2554,"menu_order":16,"comment_status":"closed","ping_status":"closed","template":"","meta":{"site-sidebar-layout":"default","site-content-layout":"","ast-site-content-layout":"default","site-content-style":"default","site-sidebar-style":"default","ast-global-header-display":"","ast-banner-title-visibility":"","ast-main-header-display":"","ast-hfb-above-header-display":"","ast-hfb-below-header-display":"","ast-hfb-mobile-header-display":"","site-post-title":"","ast-breadcrumbs-content":"","ast-featured-img":"","footer-sml-layout":"","ast-disable-related-posts":"","theme-transparent-header-meta":"","adv-header-id-meta":"","stick-header-meta":"","header-above-stick-meta":"","header-main-stick-meta":"","header-below-stick-meta":"","astra-migrate-meta-layouts":"default","ast-page-background-enabled":"default","ast-page-background-meta":{"desktop":{"background-color":"var(--ast-global-color-4)","background-image":"","background-repeat":"repeat","background-position":"center center","background-size":"auto","background-attachment":"scroll","background-type":"","background-media":"","overlay-type":"","overlay-color":"","overlay-opacity":"","overlay-gradient":""},"tablet":{"background-color":"","background-image":"","background-repeat":"repeat","background-position":"center center","background-size":"auto","background-attachment":"scroll","background-type":"","background-media":"","overlay-type":"","overlay-color":"","overlay-opacity":"","overlay-gradient":""},"mobile":{"background-color":"","background-image":"","background-repeat":"repeat","background-position":"center center","background-size":"auto","background-attachment":"scroll","background-type":"","background-media":"","overlay-type":"","overlay-color":"","overlay-opacity":"","overlay-gradient":""}},"ast-content-background-meta":{"desktop":{"background-color":"var(--ast-global-color-5)","background-image":"","background-repeat":"repeat","background-position":"center center","background-size":"auto","background-attachment":"scroll","background-type":"","background-media":"","overlay-type":"","overlay-color":"","overlay-opacity":"","overlay-gradient":""},"tablet":{"background-color":"var(--ast-global-color-5)","background-image":"","background-repeat":"repeat","background-position":"center center","background-size":"auto","background-attachment":"scroll","background-type":"","background-media":"","overlay-type":"","overlay-color":"","overlay-opacity":"","overlay-gradient":""},"mobile":{"background-color":"var(--ast-global-color-5)","background-image":"","background-repeat":"repeat","background-position":"center center","background-size":"auto","background-attachment":"scroll","background-type":"","background-media":"","overlay-type":"","overlay-color":"","overlay-opacity":"","overlay-gradient":""}},"footnotes":""},"categories":[86,35,414],"tags":[71],"language":[64],"agegroup":[346,348,350],"material":[361],"topic":[352],"folder":[57],"class_list":["post-2610","page","type-page","status-publish","hentry","category-experiments-de-2","category-experiments","category-resource","tag-vertical-greening","language-english","agegroup-0509jahre","agegroup-1014jahre","agegroup-1419jahre","material-experimente","topic-plants"],"_links":{"self":[{"href":"https:\/\/greencoolschools.eu\/de\/wp-json\/wp\/v2\/pages\/2610","targetHints":{"allow":["GET"]}}],"collection":[{"href":"https:\/\/greencoolschools.eu\/de\/wp-json\/wp\/v2\/pages"}],"about":[{"href":"https:\/\/greencoolschools.eu\/de\/wp-json\/wp\/v2\/types\/page"}],"author":[{"embeddable":true,"href":"https:\/\/greencoolschools.eu\/de\/wp-json\/wp\/v2\/users\/1"}],"replies":[{"embeddable":true,"href":"https:\/\/greencoolschools.eu\/de\/wp-json\/wp\/v2\/comments?post=2610"}],"version-history":[{"count":0,"href":"https:\/\/greencoolschools.eu\/de\/wp-json\/wp\/v2\/pages\/2610\/revisions"}],"up":[{"embeddable":true,"href":"https:\/\/greencoolschools.eu\/de\/wp-json\/wp\/v2\/pages\/2554"}],"wp:attachment":[{"href":"https:\/\/greencoolschools.eu\/de\/wp-json\/wp\/v2\/media?parent=2610"}],"wp:term":[{"taxonomy":"category","embeddable":true,"href":"https:\/\/greencoolschools.eu\/de\/wp-json\/wp\/v2\/categories?post=2610"},{"taxonomy":"post_tag","embeddable":true,"href":"https:\/\/greencoolschools.eu\/de\/wp-json\/wp\/v2\/tags?post=2610"},{"taxonomy":"language","embeddable":true,"href":"https:\/\/greencoolschools.eu\/de\/wp-json\/wp\/v2\/language?post=2610"},{"taxonomy":"agegroup","embeddable":true,"href":"https:\/\/greencoolschools.eu\/de\/wp-json\/wp\/v2\/agegroup?post=2610"},{"taxonomy":"material","embeddable":true,"href":"https:\/\/greencoolschools.eu\/de\/wp-json\/wp\/v2\/material?post=2610"},{"taxonomy":"topic","embeddable":true,"href":"https:\/\/greencoolschools.eu\/de\/wp-json\/wp\/v2\/topic?post=2610"},{"taxonomy":"folder","embeddable":true,"href":"https:\/\/greencoolschools.eu\/de\/wp-json\/wp\/v2\/folder?post=2610"}],"curies":[{"name":"wp","href":"https:\/\/api.w.org\/{rel}","templated":true}]}}