{"id":13067,"date":"2025-08-26T13:06:28","date_gmt":"2025-08-26T11:06:28","guid":{"rendered":"https:\/\/greencoolschools.eu\/add-listing\/"},"modified":"2025-11-06T16:42:08","modified_gmt":"2025-11-06T15:42:08","slug":"add-listing","status":"publish","type":"page","link":"https:\/\/greencoolschools.eu\/de\/add-listing\/","title":{"rendered":"Auflistung hinzuf\u00fcgen"},"content":{"rendered":"\n<h3 class=\"wp-block-heading\">Willkommen bei unserem Green Cool Schools Network!<\/h3>\n\n<p>Wir laden Ihre Schule herzlich ein, dem <strong>Green Cool Schools Network<\/strong> beizutreten &ndash; einer Gemeinschaft von Schulen, die ihr Schulgel&auml;nde in gr&uuml;ne und lebendige Lernr&auml;ume verwandeln. Mit diesem Fragebogen k&ouml;nnen Sie <strong>Ihr Begr&uuml;nungsprojekt vorstellen<\/strong> und <strong>sich f&uuml;r den Green Cool Schools Award bewerben<\/strong>. <\/p>\n\n<p>Der Fragebogen gibt Ihnen die M&ouml;glichkeit, Ihre Ideen, Erfahrungen und Erfolge mit anderen Schulen des Netzwerks zu teilen.<\/p>\n\n<p>Schulen, die bestimmte Kriterien erf&uuml;llen, werden mit dem Titel <strong>&bdquo;Green Cool School<\/strong> &ldquo; ausgezeichnet &ndash; ein sichtbares Zeichen f&uuml;r aktiven Umwelt- und Klimaschutz auf dem eigenen Campus.<\/p>\n\n<p>Ein Schulbegr&uuml;nungsprojekt ist eine Initiative, die die Schule umweltfreundlicher macht und die Nachhaltigkeit unter Sch&uuml;lern und Mitarbeitern f&ouml;rdert. Beispiele hierf&uuml;r sind: Das Pflanzen von B&auml;umen, um die Luftqualit&auml;t zu verbessern und Schatten zu spenden, ein Schulgem&uuml;se- oder Blumengarten f&uuml;r praktisches Lernen, <a href=\"https:\/\/greencoolschools.eu\/de\/glossary\/recycling\/\" target=\"_self\" title=\"&bdquo;Recycling&ldquo; bezeichnet die Aufbereitung und Wiederverwendung von Abf&auml;llen f&uuml;r neue Produkte.\" class=\"encyclopedia\">Recycling<\/a>- und Kompostierungsstationen, um Abfall zu reduzieren. <\/p>\n\n<p>Bitte beachten Sie: Alle eingegebenen Informationen sind f&uuml;r andere registrierte Benutzer auf unserer Website sichtbar. F&uuml;llen Sie das Formular daher bitte <g id=\"gid_0\">auf Englisch<\/g> aus, damit es jeder verstehen kann. Das Ausf&uuml;llen dauert etwa <strong>15 Minuten<\/strong>.  <\/p>\n\n<p>Wir freuen uns darauf, Ihr Projekt zu entdecken &ndash; und Sie bald in der <strong>Green Cool Schools Community<\/strong> begr&uuml;&szlig;en zu d&uuml;rfen <strong>!<\/strong> &#128154;<\/p>\n\n<div class=\"wp-block-geodirectory-geodir-widget-add-listing\"><div class=\"geodir-add-listing bsui sdel-cf580c89\"><div class=\"alert alert-info \" role=\"alert\"><i class=\"fas fa-info-circle\"><\/i> Du musst angemeldet sein, um zu ver&ouml;ffentlichen.<\/div><br><div class=\"gd-login-links\"><a class=\"login-link uwp-login-link btn btn-primary\" href=\"https:\/\/greencoolschools.eu\/de\/wp-login.php?redirect_to=https%3A%2F%2Fgreencoolschools.eu%2Fde%2Fwp-json%2Fwp%2Fv2%2Fpages%2F13067\" title=\"Anmeldung\" rel=\"nofollow\">Anmeldung<\/a><a class=\"register-link uwp-register-link btn btn-outline-primary ms-2 ms-2\" href=\"https:\/\/greencoolschools.eu\/de\/wp-login.php?action=register\" title=\"Registrieren\" rel=\"nofollow\">Registrieren<\/a><\/div><\/div><\/div>\n","protected":false},"excerpt":{"rendered":"<p>Willkommen bei unserem Green Cool Schools Network! Wir laden Ihre Schule herzlich ein, dem Green Cool Schools Network beizutreten &#8211; einer Gemeinschaft von Schulen, die ihr Schulgel\u00e4nde in gr\u00fcne und lebendige Lernr\u00e4ume verwandeln. Mit diesem Fragebogen k\u00f6nnen Sie Ihr Begr\u00fcnungsprojekt vorstellen und sich f\u00fcr den Green Cool Schools Award bewerben. Der Fragebogen gibt Ihnen die [&hellip;]<\/p>\n","protected":false},"author":1,"featured_media":0,"parent":0,"menu_order":0,"comment_status":"closed","ping_status":"closed","template":"","meta":{"site-sidebar-layout":"default","site-content-layout":"","ast-site-content-layout":"default","site-content-style":"default","site-sidebar-style":"default","ast-global-header-display":"","ast-banner-title-visibility":"","ast-main-header-display":"","ast-hfb-above-header-display":"","ast-hfb-below-header-display":"","ast-hfb-mobile-header-display":"","site-post-title":"","ast-breadcrumbs-content":"","ast-featured-img":"","footer-sml-layout":"","ast-disable-related-posts":"","theme-transparent-header-meta":"","adv-header-id-meta":"","stick-header-meta":"","header-above-stick-meta":"","header-main-stick-meta":"","header-below-stick-meta":"","astra-migrate-meta-layouts":"default","ast-page-background-enabled":"default","ast-page-background-meta":{"desktop":{"background-color":"var(--ast-global-color-4)","background-image":"","background-repeat":"repeat","background-position":"center center","background-size":"auto","background-attachment":"scroll","background-type":"","background-media":"","overlay-type":"","overlay-color":"","overlay-opacity":"","overlay-gradient":""},"tablet":{"background-color":"","background-image":"","background-repeat":"repeat","background-position":"center center","background-size":"auto","background-attachment":"scroll","background-type":"","background-media":"","overlay-type":"","overlay-color":"","overlay-opacity":"","overlay-gradient":""},"mobile":{"background-color":"","background-image":"","background-repeat":"repeat","background-position":"center center","background-size":"auto","background-attachment":"scroll","background-type":"","background-media":"","overlay-type":"","overlay-color":"","overlay-opacity":"","overlay-gradient":""}},"ast-content-background-meta":{"desktop":{"background-color":"var(--ast-global-color-5)","background-image":"","background-repeat":"repeat","background-position":"center center","background-size":"auto","background-attachment":"scroll","background-type":"","background-media":"","overlay-type":"","overlay-color":"","overlay-opacity":"","overlay-gradient":""},"tablet":{"background-color":"var(--ast-global-color-5)","background-image":"","background-repeat":"repeat","background-position":"center center","background-size":"auto","background-attachment":"scroll","background-type":"","background-media":"","overlay-type":"","overlay-color":"","overlay-opacity":"","overlay-gradient":""},"mobile":{"background-color":"var(--ast-global-color-5)","background-image":"","background-repeat":"repeat","background-position":"center center","background-size":"auto","background-attachment":"scroll","background-type":"","background-media":"","overlay-type":"","overlay-color":"","overlay-opacity":"","overlay-gradient":""}},"footnotes":""},"categories":[],"tags":[],"language":[],"agegroup":[],"material":[],"topic":[],"folder":[],"class_list":["post-13067","page","type-page","status-publish","hentry"],"_links":{"self":[{"href":"https:\/\/greencoolschools.eu\/de\/wp-json\/wp\/v2\/pages\/13067","targetHints":{"allow":["GET"]}}],"collection":[{"href":"https:\/\/greencoolschools.eu\/de\/wp-json\/wp\/v2\/pages"}],"about":[{"href":"https:\/\/greencoolschools.eu\/de\/wp-json\/wp\/v2\/types\/page"}],"author":[{"embeddable":true,"href":"https:\/\/greencoolschools.eu\/de\/wp-json\/wp\/v2\/users\/1"}],"replies":[{"embeddable":true,"href":"https:\/\/greencoolschools.eu\/de\/wp-json\/wp\/v2\/comments?post=13067"}],"version-history":[{"count":0,"href":"https:\/\/greencoolschools.eu\/de\/wp-json\/wp\/v2\/pages\/13067\/revisions"}],"wp:attachment":[{"href":"https:\/\/greencoolschools.eu\/de\/wp-json\/wp\/v2\/media?parent=13067"}],"wp:term":[{"taxonomy":"category","embeddable":true,"href":"https:\/\/greencoolschools.eu\/de\/wp-json\/wp\/v2\/categories?post=13067"},{"taxonomy":"post_tag","embeddable":true,"href":"https:\/\/greencoolschools.eu\/de\/wp-json\/wp\/v2\/tags?post=13067"},{"taxonomy":"language","embeddable":true,"href":"https:\/\/greencoolschools.eu\/de\/wp-json\/wp\/v2\/language?post=13067"},{"taxonomy":"agegroup","embeddable":true,"href":"https:\/\/greencoolschools.eu\/de\/wp-json\/wp\/v2\/agegroup?post=13067"},{"taxonomy":"material","embeddable":true,"href":"https:\/\/greencoolschools.eu\/de\/wp-json\/wp\/v2\/material?post=13067"},{"taxonomy":"topic","embeddable":true,"href":"https:\/\/greencoolschools.eu\/de\/wp-json\/wp\/v2\/topic?post=13067"},{"taxonomy":"folder","embeddable":true,"href":"https:\/\/greencoolschools.eu\/de\/wp-json\/wp\/v2\/folder?post=13067"}],"curies":[{"name":"wp","href":"https:\/\/api.w.org\/{rel}","templated":true}]}}