{"id":11708,"date":"2025-01-30T08:45:47","date_gmt":"2025-01-30T07:45:47","guid":{"rendered":"https:\/\/greencoolschools.eu\/kriterien-fuer-gruene-coole-schulen\/"},"modified":"2025-04-14T11:22:44","modified_gmt":"2025-04-14T09:22:44","slug":"kriterien-fuer-gruene-coole-schulen","status":"publish","type":"page","link":"https:\/\/greencoolschools.eu\/de\/initiativen-2\/kriterien-fuer-gruene-coole-schulen\/","title":{"rendered":"Kriterien f\u00fcr Gr\u00fcne Coole Schulen"},"content":{"rendered":"\n<h2 class=\"wp-block-heading\">Kriterien f&uuml;r Gr&uuml;ne Coole Schulen<\/h2>\n\n<p>Stellen Sie sich eine Schule vor, in der Gr&uuml;nfl&auml;chen das Lernen inspirieren, in der die biologische Vielfalt gedeiht und in der Sch&uuml;ler aktiv eine nachhaltigere Zukunft gestalten.<\/p>\n\n<p>&bdquo;Green Cool Schools&ldquo; ist ein europ&auml;isches Netzwerk. Gemeinsam machen wir Schulen gr&uuml;ner<br>und engagieren uns f&uuml;r Bildung f&uuml;r nachhaltige Entwicklung. Das ist unser Beitrag, um Zukunft<br>mitzugestalten, den Klimawandel einzud&auml;mmen bzw. die Anpassung daran voranzubringen<br>und die biologische Vielfalt zu f&ouml;rdern.<\/p>\n\n<div style=\"height:30px\" aria-hidden=\"true\" class=\"wp-block-spacer\"><\/div>\n\n<div class=\"wp-block-columns is-layout-flex wp-container-core-columns-is-layout-28f84493 wp-block-columns-is-layout-flex\">\n<div class=\"wp-block-column is-layout-flow wp-block-column-is-layout-flow\" style=\"flex-basis:50px\">\n<h1 class=\"wp-block-heading alignfull\">1.<\/h1>\n<\/div>\n\n\n\n<div class=\"wp-block-column is-layout-flow wp-block-column-is-layout-flow\" style=\"flex-basis:700px\">\n<p>Die Schule hat ihren Beitritt zum Netzwerk erkl&auml;rt und sich damit zugleich zum<br>Entwicklungsziel einer &bdquo;Gr&uuml;nen Coolen Schule&ldquo; bekannt.<\/p>\n<\/div>\n\n\n\n<div class=\"wp-block-column is-layout-flow wp-block-column-is-layout-flow\">\n<figure class=\"wp-block-image aligncenter size-full is-resized\"><img decoding=\"async\" src=\"https:\/\/greencoolschools.eu\/wp-content\/uploads\/2025\/01\/Icon_GCSchools_01.png\" alt=\"\" class=\"wp-image-11623\" style=\"width:auto;height:50px\"><\/figure><\/div>\n<\/div>\n\n<div style=\"height:30px\" aria-hidden=\"true\" class=\"wp-block-spacer\"><\/div>\n\n<div class=\"wp-block-columns is-layout-flex wp-container-core-columns-is-layout-28f84493 wp-block-columns-is-layout-flex\">\n<div class=\"wp-block-column is-layout-flow wp-block-column-is-layout-flow\" style=\"flex-basis:50px\">\n<h1 class=\"wp-block-heading alignfull\">2.<\/h1>\n<\/div>\n\n\n\n<div class=\"wp-block-column is-layout-flow wp-block-column-is-layout-flow\" style=\"flex-basis:700px\">\n<p>Die Schule hat einen formellen Beschluss gefasst, in dem sie ihre eigenen<br>Zielvorstellungen f&uuml;r eine Gr&uuml;ne Coole Schule festschreibt.<\/p>\n<\/div>\n\n\n\n<div class=\"wp-block-column is-layout-flow wp-block-column-is-layout-flow\">\n<figure class=\"wp-block-image aligncenter size-full is-resized\"><img loading=\"lazy\" decoding=\"async\" width=\"800\" height=\"1167\" src=\"https:\/\/greencoolschools.eu\/wp-content\/uploads\/2025\/01\/Icon_GCSchools_02.png\" alt=\"\" class=\"wp-image-11579\" style=\"width:auto;height:50px\" srcset=\"https:\/\/greencoolschools.eu\/wp-content\/uploads\/2025\/01\/Icon_GCSchools_02.png 800w, https:\/\/greencoolschools.eu\/wp-content\/uploads\/2025\/01\/Icon_GCSchools_02-206x300.png 206w, https:\/\/greencoolschools.eu\/wp-content\/uploads\/2025\/01\/Icon_GCSchools_02-702x1024.png 702w, https:\/\/greencoolschools.eu\/wp-content\/uploads\/2025\/01\/Icon_GCSchools_02-768x1120.png 768w\" sizes=\"auto, (max-width: 800px) 100vw, 800px\" \/><\/figure><\/div>\n<\/div>\n\n<div style=\"height:30px\" aria-hidden=\"true\" class=\"wp-block-spacer\"><\/div>\n\n<div class=\"wp-block-columns is-layout-flex wp-container-core-columns-is-layout-28f84493 wp-block-columns-is-layout-flex\">\n<div class=\"wp-block-column is-layout-flow wp-block-column-is-layout-flow\" style=\"flex-basis:50px\">\n<h1 class=\"wp-block-heading alignfull\">3.<\/h1>\n<\/div>\n\n\n\n<div class=\"wp-block-column is-layout-flow wp-block-column-is-layout-flow\" style=\"flex-basis:700px\">\n<p>Die Schule hat ein &bdquo;Green Team&ldquo; aufgestellt, das den Entwicklungsprozess zu<br>einer Gr&uuml;nen Coolen Schule koordiniert und ggf. auch einzelne Initiativen<br>betreut.<\/p>\n<\/div>\n\n\n\n<div class=\"wp-block-column is-layout-flow wp-block-column-is-layout-flow\">\n<figure class=\"wp-block-image aligncenter size-full is-resized\"><img decoding=\"async\" src=\"https:\/\/greencoolschools.eu\/wp-content\/uploads\/2025\/01\/Icon_GCSchools_03.png\" alt=\"\" class=\"wp-image-11630\" style=\"width:auto;height:50px\"><\/figure><\/div>\n<\/div>\n\n<div style=\"height:30px\" aria-hidden=\"true\" class=\"wp-block-spacer\"><\/div>\n\n<div class=\"wp-block-columns is-layout-flex wp-container-core-columns-is-layout-28f84493 wp-block-columns-is-layout-flex\">\n<div class=\"wp-block-column is-layout-flow wp-block-column-is-layout-flow\" style=\"flex-basis:50px\">\n<h1 class=\"wp-block-heading alignfull\">4.<\/h1>\n<\/div>\n\n\n\n<div class=\"wp-block-column is-layout-flow wp-block-column-is-layout-flow\" style=\"flex-basis:700px\">\n<p>Die Schule hat eine Bestandsaufnahme zu &bdquo;gr&uuml;nen&ldquo; Sachverhalten<br>durchgef&uuml;hrt &ndash; insbesondere zum Schulgel&auml;nde, seiner Nutzung sowie Tier- und Pflanzenarten und Biotopen.<\/p>\n<\/div>\n\n\n\n<div class=\"wp-block-column is-layout-flow wp-block-column-is-layout-flow\">\n<figure class=\"wp-block-image aligncenter size-full is-resized\"><img decoding=\"async\" src=\"https:\/\/greencoolschools.eu\/wp-content\/uploads\/2025\/01\/Icon_GCSchools_04.png\" alt=\"\" class=\"wp-image-11641\" style=\"width:auto;height:50px\"><\/figure><\/div>\n<\/div>\n\n<div style=\"height:30px\" aria-hidden=\"true\" class=\"wp-block-spacer\"><\/div>\n\n<div class=\"wp-block-columns is-layout-flex wp-container-core-columns-is-layout-28f84493 wp-block-columns-is-layout-flex\">\n<div class=\"wp-block-column is-layout-flow wp-block-column-is-layout-flow\" style=\"flex-basis:50px\">\n<h1 class=\"wp-block-heading alignfull\">5.<\/h1>\n<\/div>\n\n\n\n<div class=\"wp-block-column is-layout-flow wp-block-column-is-layout-flow\" style=\"flex-basis:700px\">\n<p>Die Schule hat Ma&szlig;nahmen zum Erhalt bzw. zur Erweiterung von Begr&uuml;nungen<br>umgesetzt &ndash; im Au&szlig;engel&auml;nde, am oder auf dem Schulgeb&auml;ude bzw. im<br>Schulgeb&auml;ude. Dabei hat sie<\/p>\n\n\n\n<ul class=\"wp-block-list\">\n<li>Ideen, W&uuml;nsche, Anspr&uuml;che von Sch&uuml;ler*innen &ndash; auch alters- und geschlechterspezifisch &ndash; einbezogen,<\/li>\n\n\n\n<li>Natur und Biodiversit&auml;t gef&ouml;rdert,<\/li>\n\n\n\n<li>einschl&auml;gige Grunds&auml;tze einer nachhaltigen Beschaffung angewendet.<\/li>\n<\/ul>\n<\/div>\n\n\n\n<div class=\"wp-block-column is-layout-flow wp-block-column-is-layout-flow\">\n<figure class=\"wp-block-image aligncenter size-full is-resized\"><img decoding=\"async\" src=\"https:\/\/greencoolschools.eu\/wp-content\/uploads\/2025\/01\/Icon_GCSchools_05.png\" alt=\"\" class=\"wp-image-11634\" style=\"width:auto;height:50px\"><\/figure><\/div>\n<\/div>\n\n<div style=\"height:30px\" aria-hidden=\"true\" class=\"wp-block-spacer\"><\/div>\n\n<div class=\"wp-block-columns is-layout-flex wp-container-core-columns-is-layout-28f84493 wp-block-columns-is-layout-flex\">\n<div class=\"wp-block-column is-layout-flow wp-block-column-is-layout-flow\" style=\"flex-basis:50px\">\n<h1 class=\"wp-block-heading alignfull\">6.<\/h1>\n<\/div>\n\n\n\n<div class=\"wp-block-column is-layout-flow wp-block-column-is-layout-flow\" style=\"flex-basis:700px\">\n<p>Die Schulbegr&uuml;nung wird unterrichtlich genutzt. Dabei bezieht die Schule Folgendes mit ein:<\/p>\n\n\n\n<ul class=\"wp-block-list\">\n<li>fachliche und f&auml;cher&uuml;bergreifende Perspektiven<\/li>\n\n\n\n<li>Nachhaltigkeitsaspekte (SDGs etc.).<\/li>\n<\/ul>\n<\/div>\n\n\n\n<div class=\"wp-block-column is-layout-flow wp-block-column-is-layout-flow\">\n<figure class=\"wp-block-image aligncenter size-full is-resized\"><img decoding=\"async\" src=\"https:\/\/greencoolschools.eu\/wp-content\/uploads\/2025\/01\/Icon_GCSchools_06.png\" alt=\"\" class=\"wp-image-11635\" style=\"width:auto;height:50px\"><\/figure><\/div>\n<\/div>\n\n<div style=\"height:30px\" aria-hidden=\"true\" class=\"wp-block-spacer\"><\/div>\n\n<div class=\"wp-block-columns is-layout-flex wp-container-core-columns-is-layout-28f84493 wp-block-columns-is-layout-flex\">\n<div class=\"wp-block-column is-layout-flow wp-block-column-is-layout-flow\" style=\"flex-basis:50px\">\n<h1 class=\"wp-block-heading alignfull\">7.<\/h1>\n<\/div>\n\n\n\n<div class=\"wp-block-column is-layout-flow wp-block-column-is-layout-flow\" style=\"flex-basis:700px\">\n<p>Die Schule pflegt Vernetzung und Austausch mit anderen Schulen zu Themen<br>einer Gr&uuml;nen Coolen Schule.<\/p>\n<\/div>\n\n\n\n<div class=\"wp-block-column is-layout-flow wp-block-column-is-layout-flow\">\n<figure class=\"wp-block-image aligncenter size-full is-resized\"><img loading=\"lazy\" decoding=\"async\" width=\"1024\" height=\"1059\" src=\"https:\/\/greencoolschools.eu\/wp-content\/uploads\/2025\/01\/Icon_GCSchools_07.png\" alt=\"\" class=\"wp-image-11614\" style=\"width:auto;height:50px\" srcset=\"https:\/\/greencoolschools.eu\/wp-content\/uploads\/2025\/01\/Icon_GCSchools_07.png 1024w, https:\/\/greencoolschools.eu\/wp-content\/uploads\/2025\/01\/Icon_GCSchools_07-290x300.png 290w, https:\/\/greencoolschools.eu\/wp-content\/uploads\/2025\/01\/Icon_GCSchools_07-990x1024.png 990w, https:\/\/greencoolschools.eu\/wp-content\/uploads\/2025\/01\/Icon_GCSchools_07-768x794.png 768w\" sizes=\"auto, (max-width: 1024px) 100vw, 1024px\" \/><\/figure><\/div>\n<\/div>\n\n<div style=\"height:30px\" aria-hidden=\"true\" class=\"wp-block-spacer\"><\/div>\n\n<div class=\"wp-block-columns is-layout-flex wp-container-core-columns-is-layout-28f84493 wp-block-columns-is-layout-flex\">\n<div class=\"wp-block-column is-layout-flow wp-block-column-is-layout-flow\" style=\"flex-basis:50px\">\n<h1 class=\"wp-block-heading alignfull\">8.<\/h1>\n<\/div>\n\n\n\n<div class=\"wp-block-column is-layout-flow wp-block-column-is-layout-flow\" style=\"flex-basis:700px\">\n<p>Die Schule betreibt &Ouml;ffentlichkeitsarbeit f&uuml;r ihre Entwicklung zu einer Gr&uuml;nen<br>Coolen Schule.<\/p>\n<\/div>\n\n\n\n<div class=\"wp-block-column is-layout-flow wp-block-column-is-layout-flow\">\n<figure class=\"wp-block-image aligncenter size-full is-resized\"><img decoding=\"async\" src=\"https:\/\/greencoolschools.eu\/wp-content\/uploads\/2025\/01\/Icon_GCSchools_08.png\" alt=\"\" class=\"wp-image-11637\" style=\"width:auto;height:50px\"><\/figure><\/div>\n<\/div>\n\n<div style=\"height:30px\" aria-hidden=\"true\" class=\"wp-block-spacer\"><\/div>\n\n<div class=\"wp-block-columns is-layout-flex wp-container-core-columns-is-layout-28f84493 wp-block-columns-is-layout-flex\">\n<div class=\"wp-block-column is-layout-flow wp-block-column-is-layout-flow\" style=\"flex-basis:50px\">\n<h1 class=\"wp-block-heading alignfull\">9.<\/h1>\n<\/div>\n\n\n\n<div class=\"wp-block-column is-layout-flow wp-block-column-is-layout-flow\" style=\"flex-basis:700px\">\n<p>Die Schule, der Schultr&auml;ger, das Bildungssystem oder andere Unterst&uuml;tzer stellen in passendem Umfang Ressourcen f&uuml;r die Entwicklung zu einer Gr&uuml;nen Coolen Schule zur Verf&uuml;gung.<\/p>\n<\/div>\n\n\n\n<div class=\"wp-block-column is-layout-flow wp-block-column-is-layout-flow\">\n<figure class=\"wp-block-image size-full is-resized\"><img decoding=\"async\" src=\"https:\/\/greencoolschools.eu\/wp-content\/uploads\/2025\/01\/Icon_GCSchools_09.png\" alt=\"\" class=\"wp-image-11636\" style=\"width:auto;height:50px\"><\/figure><\/div>\n<\/div>\n\n<div style=\"height:30px\" aria-hidden=\"true\" class=\"wp-block-spacer\"><\/div>\n\n<div class=\"wp-block-columns is-layout-flex wp-container-core-columns-is-layout-28f84493 wp-block-columns-is-layout-flex\">\n<div class=\"wp-block-column is-layout-flow wp-block-column-is-layout-flow\" style=\"flex-basis:50px\">\n<h1 class=\"wp-block-heading alignfull\">10.<\/h1>\n<\/div>\n\n\n\n<div class=\"wp-block-column is-layout-flow wp-block-column-is-layout-flow\" style=\"flex-basis:700px\">\n<p>Eine langfristige Weiterentwicklung mit kontinuierlicher Verbesserung wird auf<br>eine sinnvolle Weise sichergestellt.<\/p>\n<\/div>\n\n\n\n<div class=\"wp-block-column is-layout-flow wp-block-column-is-layout-flow\">\n<figure class=\"wp-block-image aligncenter size-full is-resized\"><img decoding=\"async\" src=\"https:\/\/greencoolschools.eu\/wp-content\/uploads\/2025\/01\/Icon_GCSchools_10.png\" alt=\"\" class=\"wp-image-11642\" style=\"width:auto;height:50px\"><\/figure><\/div>\n<\/div>\n\n<div style=\"height:30px\" aria-hidden=\"true\" class=\"wp-block-spacer\"><\/div>\n\n<p>Wollen Sie eine <strong>Green Cool School<\/strong> werden?<\/p>\n\n<p><a href=\"https:\/\/greencoolschools.eu\/wp-content\/uploads\/2025\/04\/Green_Cool_Schools_Criteria_DE.pdf\">Laden Sie das vollst&auml;ndige Dokument mit allen Details<\/a> herunter und machen Sie den ersten Schritt in eine gr&uuml;nere Zukunft!<\/p>\n\n<p><\/p>\n","protected":false},"excerpt":{"rendered":"<p>Kriterien f\u00fcr Gr\u00fcne Coole Schulen Stellen Sie sich eine Schule vor, in der Gr\u00fcnfl\u00e4chen das Lernen inspirieren, in der die biologische Vielfalt gedeiht und in der Sch\u00fcler aktiv eine nachhaltigere Zukunft gestalten. \u201eGreen Cool Schools\u201c ist ein europ\u00e4isches Netzwerk. Gemeinsam machen wir Schulen gr\u00fcnerund engagieren uns f\u00fcr Bildung f\u00fcr nachhaltige Entwicklung. Das ist unser Beitrag, [&hellip;]<\/p>\n","protected":false},"author":14,"featured_media":0,"parent":9943,"menu_order":0,"comment_status":"closed","ping_status":"closed","template":"","meta":{"site-sidebar-layout":null,"site-content-layout":"","ast-site-content-layout":null,"site-content-style":null,"site-sidebar-style":null,"ast-global-header-display":"","ast-banner-title-visibility":"","ast-main-header-display":"","ast-hfb-above-header-display":"","ast-hfb-below-header-display":"","ast-hfb-mobile-header-display":"","site-post-title":null,"ast-breadcrumbs-content":"","ast-featured-img":"","footer-sml-layout":"","ast-disable-related-posts":"","theme-transparent-header-meta":"","adv-header-id-meta":"","stick-header-meta":"","header-above-stick-meta":"","header-main-stick-meta":"","header-below-stick-meta":"","astra-migrate-meta-layouts":"set","ast-page-background-enabled":"default","ast-page-background-meta":{"desktop":{"background-color":"var(--ast-global-color-4)","background-image":"","background-repeat":"repeat","background-position":"center center","background-size":"auto","background-attachment":"scroll","background-type":"","background-media":"","overlay-type":"","overlay-color":"","overlay-opacity":"","overlay-gradient":""},"tablet":{"background-color":"","background-image":"","background-repeat":"repeat","background-position":"center center","background-size":"auto","background-attachment":"scroll","background-type":"","background-media":"","overlay-type":"","overlay-color":"","overlay-opacity":"","overlay-gradient":""},"mobile":{"background-color":"","background-image":"","background-repeat":"repeat","background-position":"center center","background-size":"auto","background-attachment":"scroll","background-type":"","background-media":"","overlay-type":"","overlay-color":"","overlay-opacity":"","overlay-gradient":""}},"ast-content-background-meta":{"desktop":{"background-color":"var(--ast-global-color-5)","background-image":"","background-repeat":"repeat","background-position":"center center","background-size":"auto","background-attachment":"scroll","background-type":"","background-media":"","overlay-type":"","overlay-color":"","overlay-opacity":"","overlay-gradient":""},"tablet":{"background-color":"var(--ast-global-color-5)","background-image":"","background-repeat":"repeat","background-position":"center center","background-size":"auto","background-attachment":"scroll","background-type":"","background-media":"","overlay-type":"","overlay-color":"","overlay-opacity":"","overlay-gradient":""},"mobile":{"background-color":"var(--ast-global-color-5)","background-image":"","background-repeat":"repeat","background-position":"center center","background-size":"auto","background-attachment":"scroll","background-type":"","background-media":"","overlay-type":"","overlay-color":"","overlay-opacity":"","overlay-gradient":""}},"footnotes":""},"categories":[],"tags":[],"language":[],"agegroup":[],"material":[],"topic":[],"folder":[],"class_list":["post-11708","page","type-page","status-publish","hentry"],"_links":{"self":[{"href":"https:\/\/greencoolschools.eu\/de\/wp-json\/wp\/v2\/pages\/11708","targetHints":{"allow":["GET"]}}],"collection":[{"href":"https:\/\/greencoolschools.eu\/de\/wp-json\/wp\/v2\/pages"}],"about":[{"href":"https:\/\/greencoolschools.eu\/de\/wp-json\/wp\/v2\/types\/page"}],"author":[{"embeddable":true,"href":"https:\/\/greencoolschools.eu\/de\/wp-json\/wp\/v2\/users\/14"}],"replies":[{"embeddable":true,"href":"https:\/\/greencoolschools.eu\/de\/wp-json\/wp\/v2\/comments?post=11708"}],"version-history":[{"count":0,"href":"https:\/\/greencoolschools.eu\/de\/wp-json\/wp\/v2\/pages\/11708\/revisions"}],"up":[{"embeddable":true,"href":"https:\/\/greencoolschools.eu\/de\/wp-json\/wp\/v2\/pages\/9943"}],"wp:attachment":[{"href":"https:\/\/greencoolschools.eu\/de\/wp-json\/wp\/v2\/media?parent=11708"}],"wp:term":[{"taxonomy":"category","embeddable":true,"href":"https:\/\/greencoolschools.eu\/de\/wp-json\/wp\/v2\/categories?post=11708"},{"taxonomy":"post_tag","embeddable":true,"href":"https:\/\/greencoolschools.eu\/de\/wp-json\/wp\/v2\/tags?post=11708"},{"taxonomy":"language","embeddable":true,"href":"https:\/\/greencoolschools.eu\/de\/wp-json\/wp\/v2\/language?post=11708"},{"taxonomy":"agegroup","embeddable":true,"href":"https:\/\/greencoolschools.eu\/de\/wp-json\/wp\/v2\/agegroup?post=11708"},{"taxonomy":"material","embeddable":true,"href":"https:\/\/greencoolschools.eu\/de\/wp-json\/wp\/v2\/material?post=11708"},{"taxonomy":"topic","embeddable":true,"href":"https:\/\/greencoolschools.eu\/de\/wp-json\/wp\/v2\/topic?post=11708"},{"taxonomy":"folder","embeddable":true,"href":"https:\/\/greencoolschools.eu\/de\/wp-json\/wp\/v2\/folder?post=11708"}],"curies":[{"name":"wp","href":"https:\/\/api.w.org\/{rel}","templated":true}]}}