{"id":11348,"date":"2025-01-09T10:35:23","date_gmt":"2025-01-09T09:35:23","guid":{"rendered":"https:\/\/greencoolschools.eu\/ueber-diese-website\/ueber-das-projekt-2\/green-cool-schools-grow-europe\/"},"modified":"2025-09-23T13:40:53","modified_gmt":"2025-09-23T11:40:53","slug":"green-cool-schools-grow-europe","status":"publish","type":"page","link":"https:\/\/greencoolschools.eu\/de\/ueber-diese-website\/ueber-das-projekt-2\/green-cool-schools-grow-europe\/","title":{"rendered":"Green Cool Schools GROW Europe"},"content":{"rendered":"\n<h2 class=\"wp-block-heading\">Green Cool Schools GROW Europe<\/h2>\n\n\n\n<p class=\"has-text-align-left\">Das&nbsp;<strong>Green Cool Schools GROW Europe<\/strong>&nbsp;Projekt ist der n&auml;chste Schritt auf unserer Reise zu nachhaltigeren und gr&uuml;neren Schulen in Europa. Gef&ouml;rdert durch&nbsp;<a href=\"https:\/\/erasmus-plus.ec.europa.eu\/\">Erasmus+<\/a>, baut dieses spannende Folgeprojekt auf den Erfolgen von&nbsp;<a href=\"https:\/\/greencoolschools.eu\/de\/ueber-diese-website\/ueber-das-projekt-2\/learning4greensschools\/\">Learning4Greens@Schools<\/a>&nbsp;und&nbsp;<a href=\"https:\/\/greencoolschools.eu\/de\/ueber-diese-website\/ueber-das-projekt-2\/green-cool-school-network\/\">Green Cool Schools Network<\/a>&nbsp;auf und setzt neue Schwerpunkte, um Begr&uuml;nung an Schulen noch zug&auml;nglicher zu machen.<\/p>\n\n\n\n<p>Wir m&ouml;chten Schulen dabei unterst&uuml;tzen, Begr&uuml;nungsprojekte einfach und effektiv umzusetzen. Daf&uuml;r entwickeln wir&nbsp;<strong>15 Bauanleitungen<\/strong>&nbsp;f&uuml;r Innen- und Au&szlig;enbegr&uuml;nungen, die von teilnehmenden Partnerschulen direkt umgesetzt werden. Zus&auml;tzlich stellen wir&nbsp;<strong>hochwertige Unterrichtsmaterialien<\/strong>&nbsp;und fundierte Informationen auf unserer Website bereit, die in&nbsp;<strong>6 Sprachen<\/strong>&nbsp;&ndash; Deutsch, Englisch, Spanisch, Baskisch, Ungarisch und Irisch &ndash; zug&auml;nglich sein werden. Alle Materialen werden auf unserer Website kostenlos zur Verf&uuml;gung stehen.<\/p>\n\n\n\n<p>Ein zentraler Aspekt des Projekts ist die Erweiterung unseres&nbsp;<strong>Green Cool Schools Netzwerks<\/strong>, in dem Lehrkr&auml;fte aus ganz Europa ihre Erfahrungen und Ideen teilen k&ouml;nnen. Webinare, Seminare und internationale Austauschformate in den Projektsprache erleichtern die Vernetzung und f&ouml;rdern die Zusammenarbeit.<\/p>\n\n\n\n<p>Wir sammeln und pr&auml;sentieren&nbsp;<strong>Best Practices<\/strong>&nbsp;aus verschiedenen L&auml;ndern, um andere Schulen zu inspirieren. Lehrkr&auml;fte und Schulen sind herzlich eingeladen, an unseren Umfragen teilzunehmen und ihre eigenen Initiativen vorzustellen. Schulg&auml;rten, gr&uuml;ne Klassenzimmer, Hochbeete oder kreative Workshops &ndash; jede Idee z&auml;hlt und bereichert unser gemeinsames Ziel.<\/p>\n\n\n\n<p><strong>Green Cool Schools GROW Europe<\/strong>&nbsp;ist mehr als ein Projekt &ndash; es ist eine Bewegung, die Bildung und Nachhaltigkeit verbindet, um unsere Schulen gr&uuml;ner und zukunftsf&auml;higer zu machen. Machen Sie mit und werden Sie Teil dieser Transformation!<\/p>\n\n\n\n<div class=\"wp-block-buttons is-content-justification-center is-layout-flex wp-container-core-buttons-is-layout-a89b3969 wp-block-buttons-is-layout-flex\">\n<div class=\"wp-block-button is-style-fill\"><a class=\"wp-block-button__link has-text-align-center wp-element-button\" href=\"https:\/\/greencoolschools.eu\/de\/newsletter\/\">Bleiben Sie auf dem Laufenden und melden Sie sich f&uuml;r den Newsletter an!<\/a><\/div>\n<\/div>\n\n\n\n<div style=\"height:25px\" aria-hidden=\"true\" class=\"wp-block-spacer\"><\/div>\n\n\n\n<figure class=\"wp-block-image size-large is-resized\"><img decoding=\"async\" src=\"https:\/\/greencoolschools.eu\/wp-content\/uploads\/2025\/01\/EN-Co-funded-by-the-EU-1024x215.jpg\" alt=\"\" class=\"wp-image-11323\" style=\"width:343px;height:auto\"><\/figure>\n\n\n\n<div style=\"height:50px\" aria-hidden=\"true\" class=\"wp-block-spacer\"><\/div>\n\n\n<div class=\"ultp-post-grid-block wp-block-ultimate-post-post-list-3 ultp-block-23b180\"><div class=\"ultp-block-wrapper\"><div class=\"ultp-loading\"><div class=\"ultp-loading-blocks\" style=\"width:100%;height:100%;\"><div style=\"left: 0;top: 0;animation-delay:0s;\"><\/div><div style=\"left: 21px;top: 0;animation-delay:0.125s;\"><\/div><div style=\"left: 42px;top: 0;animation-delay:0.25s;\"><\/div><div style=\"left: 0;top: 21px;animation-delay:0.875s;\"><\/div><div style=\"left: 42px;top: 21px;animation-delay:0.375s;\"><\/div><div style=\"left: 0;top: 42px;animation-delay:0.75s;\"><\/div><div style=\"left: 42px;top: 42px;animation-delay:0.625s;\"><\/div><div style=\"left: 21px;top: 42px;animation-delay:0.5s;\"><\/div><\/div><\/div><div class=\"ultp-heading-filter\"><div class=\"ultp-heading-filter-in\"><div class=\"ultp-heading-wrap ultp-heading-style21 ultp-heading-left\"><h1 class=\"ultp-heading-inner\"><span>News<\/span><\/h1><\/div><\/div><\/div><div class=\"ultp-block-items-wrap ultp-block-row ultp-block-column-2 ultp-block-content-middle ultp-block-content-true ultp-layout1\"><div class=\"ultp-block-item ultp-block-media post-id-13772\"><div class=\"ultp-block-content-wrap\"><div class=\"ultp-block-image ultp-block-image-opacity\"><a href=\"https:\/\/greencoolschools.eu\/de\/unsere-gruene-coole-schule-erich-kaestner-gymnasium\/\"><img decoding=\"async\" alt=\"Unsere Gr&uuml;ne Coole Schule &ndash; Erich-K&auml;stner-Gymnasium\" src=\"https:\/\/greencoolschools.eu\/wp-content\/uploads\/2026\/03\/image-2-225x300.png\"><\/a><\/div><div class=\"ultp-block-content\"><h3 class=\"ultp-block-title \"><a href=\"https:\/\/greencoolschools.eu\/de\/unsere-gruene-coole-schule-erich-kaestner-gymnasium\/\">Unsere Gr&uuml;ne Coole Schule &ndash; Erich-K&auml;stner-Gymnasium<\/a><\/h3><div class=\"ultp-block-meta ultp-block-meta-dot ultp-block-meta-icon\"><span class=\"ultp-block-date ultp-block-meta-element\"><svg xmlns=\"http:\/\/www.w3.org\/2000\/svg\" fill=\"none\" viewbox=\"0 0 24 24\">\n  <path stroke=\"currentColor\" stroke-linecap=\"round\" stroke-linejoin=\"round\" stroke-width=\"1.5\" d=\"M3 5.5a2 2 0 0 1 2-2h14a2 2 0 0 1 2 2v14a2 2 0 0 1-2 2H5a2 2 0 0 1-2-2v-14ZM8 2v3m8-3v3M3 9h18\"><\/path>\n<\/svg>\nM&auml;rz 31, 2026<\/span><span class=\"ultp-post-read ultp-block-meta-element\"><svg xmlns=\"http:\/\/www.w3.org\/2000\/svg\" fill=\"none\" viewbox=\"0 0 24 24\">\n  <path stroke=\"currentColor\" stroke-linecap=\"round\" stroke-linejoin=\"round\" stroke-width=\"1.5\" d=\"M4 5v14a3 3 0 0 0 3 3h13V8H7a3 3 0 0 1-3-3Zm0 0a3 3 0 0 1 3-3h13M7 5h10\"><\/path>\n  <path stroke=\"currentColor\" stroke-linecap=\"round\" stroke-linejoin=\"round\" stroke-width=\"1.5\" d=\"M9.5 18.5v-3.092a3 3 0 0 1 .504-1.664l1.219-1.828a.934.934 0 0 1 1.554 0l1.22 1.828a3 3 0 0 1 .503 1.664V18.5m-5-2.5h5\"><\/path>\n<\/svg>\n3 min read<\/span><\/div><div class=\"ultp-block-readmore\"><a aria-label=\"Unsere Gr&uuml;ne Coole Schule &ndash; Erich-K&auml;stner-Gymnasium\" href=\"https:\/\/greencoolschools.eu\/de\/unsere-gruene-coole-schule-erich-kaestner-gymnasium\/\">Read More<\/a><\/div><\/div><\/div><\/div><div class=\"ultp-block-item ultp-block-media post-id-13777\"><div class=\"ultp-block-content-wrap\"><div class=\"ultp-block-image ultp-block-image-opacity\"><a href=\"https:\/\/greencoolschools.eu\/de\/unsere-gruene-coole-schule-friedrich-wilhelm-gymnasium\/\"><img decoding=\"async\" alt=\"Unsere Gr&uuml;ne Coole Schule &ndash; Friedrich-Wilhelm Gymnasium\" src=\"https:\/\/greencoolschools.eu\/wp-content\/uploads\/2026\/03\/image-1-300x200.png\"><\/a><\/div><div class=\"ultp-block-content\"><h3 class=\"ultp-block-title \"><a href=\"https:\/\/greencoolschools.eu\/de\/unsere-gruene-coole-schule-friedrich-wilhelm-gymnasium\/\">Unsere Gr&uuml;ne Coole Schule &ndash; Friedrich-Wilhelm Gymnasium<\/a><\/h3><div class=\"ultp-block-meta ultp-block-meta-dot ultp-block-meta-icon\"><span class=\"ultp-block-date ultp-block-meta-element\"><svg xmlns=\"http:\/\/www.w3.org\/2000\/svg\" fill=\"none\" viewbox=\"0 0 24 24\">\n  <path stroke=\"currentColor\" stroke-linecap=\"round\" stroke-linejoin=\"round\" stroke-width=\"1.5\" d=\"M3 5.5a2 2 0 0 1 2-2h14a2 2 0 0 1 2 2v14a2 2 0 0 1-2 2H5a2 2 0 0 1-2-2v-14ZM8 2v3m8-3v3M3 9h18\"><\/path>\n<\/svg>\nM&auml;rz 31, 2026<\/span><span class=\"ultp-post-read ultp-block-meta-element\"><svg xmlns=\"http:\/\/www.w3.org\/2000\/svg\" fill=\"none\" viewbox=\"0 0 24 24\">\n  <path stroke=\"currentColor\" stroke-linecap=\"round\" stroke-linejoin=\"round\" stroke-width=\"1.5\" d=\"M4 5v14a3 3 0 0 0 3 3h13V8H7a3 3 0 0 1-3-3Zm0 0a3 3 0 0 1 3-3h13M7 5h10\"><\/path>\n  <path stroke=\"currentColor\" stroke-linecap=\"round\" stroke-linejoin=\"round\" stroke-width=\"1.5\" d=\"M9.5 18.5v-3.092a3 3 0 0 1 .504-1.664l1.219-1.828a.934.934 0 0 1 1.554 0l1.22 1.828a3 3 0 0 1 .503 1.664V18.5m-5-2.5h5\"><\/path>\n<\/svg>\n3 min read<\/span><\/div><div class=\"ultp-block-readmore\"><a aria-label=\"Unsere Gr&uuml;ne Coole Schule &ndash; Friedrich-Wilhelm Gymnasium\" href=\"https:\/\/greencoolschools.eu\/de\/unsere-gruene-coole-schule-friedrich-wilhelm-gymnasium\/\">Read More<\/a><\/div><\/div><\/div><\/div><div class=\"ultp-block-item ultp-block-media post-id-13154\"><div class=\"ultp-block-content-wrap\"><div class=\"ultp-block-image ultp-block-image-opacity\"><a href=\"https:\/\/greencoolschools.eu\/de\/einladung-zu-unseren-nationalen-webinaren-2025\/\"><img decoding=\"async\" alt=\"Einladung zu unseren nationalen Webinaren 2025\" src=\"https:\/\/greencoolschools.eu\/wp-content\/uploads\/2025\/11\/gcs_grow_web_1125-300x300.png\"><\/a><\/div><div class=\"ultp-block-content\"><h3 class=\"ultp-block-title \"><a href=\"https:\/\/greencoolschools.eu\/de\/einladung-zu-unseren-nationalen-webinaren-2025\/\">Einladung zu unseren nationalen Webinaren 2025<\/a><\/h3><div class=\"ultp-block-meta ultp-block-meta-dot ultp-block-meta-icon\"><span class=\"ultp-block-date ultp-block-meta-element\"><svg xmlns=\"http:\/\/www.w3.org\/2000\/svg\" fill=\"none\" viewbox=\"0 0 24 24\">\n  <path stroke=\"currentColor\" stroke-linecap=\"round\" stroke-linejoin=\"round\" stroke-width=\"1.5\" d=\"M3 5.5a2 2 0 0 1 2-2h14a2 2 0 0 1 2 2v14a2 2 0 0 1-2 2H5a2 2 0 0 1-2-2v-14ZM8 2v3m8-3v3M3 9h18\"><\/path>\n<\/svg>\nNov. 11, 2025<\/span><span class=\"ultp-post-read ultp-block-meta-element\"><svg xmlns=\"http:\/\/www.w3.org\/2000\/svg\" fill=\"none\" viewbox=\"0 0 24 24\">\n  <path stroke=\"currentColor\" stroke-linecap=\"round\" stroke-linejoin=\"round\" stroke-width=\"1.5\" d=\"M4 5v14a3 3 0 0 0 3 3h13V8H7a3 3 0 0 1-3-3Zm0 0a3 3 0 0 1 3-3h13M7 5h10\"><\/path>\n  <path stroke=\"currentColor\" stroke-linecap=\"round\" stroke-linejoin=\"round\" stroke-width=\"1.5\" d=\"M9.5 18.5v-3.092a3 3 0 0 1 .504-1.664l1.219-1.828a.934.934 0 0 1 1.554 0l1.22 1.828a3 3 0 0 1 .503 1.664V18.5m-5-2.5h5\"><\/path>\n<\/svg>\n3 min read<\/span><\/div><div class=\"ultp-block-readmore\"><a aria-label=\"Einladung zu unseren nationalen Webinaren 2025\" href=\"https:\/\/greencoolschools.eu\/de\/einladung-zu-unseren-nationalen-webinaren-2025\/\">Read More<\/a><\/div><\/div><\/div><\/div><div class=\"ultp-block-item ultp-block-media post-id-12936\"><div class=\"ultp-block-content-wrap\"><div class=\"ultp-block-image ultp-block-image-opacity\"><a href=\"https:\/\/greencoolschools.eu\/de\/ein-gruener-cooler-schulhof-an-der-europaschule-langerwehe-in-deutschland\/\"><img decoding=\"async\" alt=\"Ein gr&uuml;ner cooler Schulhof an der Europaschule Langerwehe in Deutschland\" src=\"https:\/\/greencoolschools.eu\/wp-content\/uploads\/2025\/10\/Workshop-Langerwehe_IMG_4845-300x228.jpeg\"><\/a><\/div><div class=\"ultp-block-content\"><h3 class=\"ultp-block-title \"><a href=\"https:\/\/greencoolschools.eu\/de\/ein-gruener-cooler-schulhof-an-der-europaschule-langerwehe-in-deutschland\/\">Ein gr&uuml;ner cooler Schulhof an der Europaschule Langerwehe in Deutschland<\/a><\/h3><div class=\"ultp-block-meta ultp-block-meta-dot ultp-block-meta-icon\"><span class=\"ultp-block-date ultp-block-meta-element\"><svg xmlns=\"http:\/\/www.w3.org\/2000\/svg\" fill=\"none\" viewbox=\"0 0 24 24\">\n  <path stroke=\"currentColor\" stroke-linecap=\"round\" stroke-linejoin=\"round\" stroke-width=\"1.5\" d=\"M3 5.5a2 2 0 0 1 2-2h14a2 2 0 0 1 2 2v14a2 2 0 0 1-2 2H5a2 2 0 0 1-2-2v-14ZM8 2v3m8-3v3M3 9h18\"><\/path>\n<\/svg>\nOkt. 8, 2025<\/span><span class=\"ultp-post-read ultp-block-meta-element\"><svg xmlns=\"http:\/\/www.w3.org\/2000\/svg\" fill=\"none\" viewbox=\"0 0 24 24\">\n  <path stroke=\"currentColor\" stroke-linecap=\"round\" stroke-linejoin=\"round\" stroke-width=\"1.5\" d=\"M4 5v14a3 3 0 0 0 3 3h13V8H7a3 3 0 0 1-3-3Zm0 0a3 3 0 0 1 3-3h13M7 5h10\"><\/path>\n  <path stroke=\"currentColor\" stroke-linecap=\"round\" stroke-linejoin=\"round\" stroke-width=\"1.5\" d=\"M9.5 18.5v-3.092a3 3 0 0 1 .504-1.664l1.219-1.828a.934.934 0 0 1 1.554 0l1.22 1.828a3 3 0 0 1 .503 1.664V18.5m-5-2.5h5\"><\/path>\n<\/svg>\n2 min read<\/span><\/div><div class=\"ultp-block-readmore\"><a aria-label=\"Ein gr&uuml;ner cooler Schulhof an der Europaschule Langerwehe in Deutschland\" href=\"https:\/\/greencoolschools.eu\/de\/ein-gruener-cooler-schulhof-an-der-europaschule-langerwehe-in-deutschland\/\">Read More<\/a><\/div><\/div><\/div><\/div><\/div><\/div><div class=\"pagination-block-html\" aria-hidden=\"true\" style=\"display: none;\"><\/div><\/div>\n\n\n<p><\/p>\n","protected":false},"excerpt":{"rendered":"<p>Green Cool Schools GROW Europe Das&nbsp;Green Cool Schools GROW Europe&nbsp;Projekt ist der n\u00e4chste Schritt auf unserer Reise zu nachhaltigeren und gr\u00fcneren Schulen in Europa. Gef\u00f6rdert durch&nbsp;Erasmus+, baut dieses spannende Folgeprojekt auf den Erfolgen von&nbsp;Learning4Greens@Schools&nbsp;und&nbsp;Green Cool Schools Network&nbsp;auf und setzt neue Schwerpunkte, um Begr\u00fcnung an Schulen noch zug\u00e4nglicher zu machen. Wir m\u00f6chten Schulen dabei unterst\u00fctzen, Begr\u00fcnungsprojekte [&hellip;]<\/p>\n","protected":false},"author":14,"featured_media":0,"parent":8797,"menu_order":0,"comment_status":"closed","ping_status":"closed","template":"","meta":{"site-sidebar-layout":null,"site-content-layout":null,"ast-site-content-layout":null,"site-content-style":null,"site-sidebar-style":null,"ast-global-header-display":"","ast-banner-title-visibility":"","ast-main-header-display":null,"ast-hfb-above-header-display":null,"ast-hfb-below-header-display":null,"ast-hfb-mobile-header-display":null,"site-post-title":null,"ast-breadcrumbs-content":null,"ast-featured-img":null,"footer-sml-layout":null,"ast-disable-related-posts":"","theme-transparent-header-meta":null,"adv-header-id-meta":null,"stick-header-meta":null,"header-above-stick-meta":null,"header-main-stick-meta":null,"header-below-stick-meta":null,"astra-migrate-meta-layouts":"set","ast-page-background-enabled":"default","ast-page-background-meta":{"desktop":{"background-color":"var(--ast-global-color-4)","background-image":"","background-repeat":"repeat","background-position":"center center","background-size":"auto","background-attachment":"scroll","background-type":"","background-media":"","overlay-type":"","overlay-color":"","overlay-opacity":"","overlay-gradient":""},"tablet":{"background-color":"","background-image":"","background-repeat":"repeat","background-position":"center center","background-size":"auto","background-attachment":"scroll","background-type":"","background-media":"","overlay-type":"","overlay-color":"","overlay-opacity":"","overlay-gradient":""},"mobile":{"background-color":"","background-image":"","background-repeat":"repeat","background-position":"center center","background-size":"auto","background-attachment":"scroll","background-type":"","background-media":"","overlay-type":"","overlay-color":"","overlay-opacity":"","overlay-gradient":""}},"ast-content-background-meta":{"desktop":{"background-color":"var(--ast-global-color-5)","background-image":"","background-repeat":"repeat","background-position":"center center","background-size":"auto","background-attachment":"scroll","background-type":"","background-media":"","overlay-type":"","overlay-color":"","overlay-opacity":"","overlay-gradient":""},"tablet":{"background-color":"var(--ast-global-color-5)","background-image":"","background-repeat":"repeat","background-position":"center center","background-size":"auto","background-attachment":"scroll","background-type":"","background-media":"","overlay-type":"","overlay-color":"","overlay-opacity":"","overlay-gradient":""},"mobile":{"background-color":"var(--ast-global-color-5)","background-image":"","background-repeat":"repeat","background-position":"center center","background-size":"auto","background-attachment":"scroll","background-type":"","background-media":"","overlay-type":"","overlay-color":"","overlay-opacity":"","overlay-gradient":""}},"footnotes":""},"categories":[],"tags":[],"language":[],"agegroup":[],"material":[],"topic":[],"folder":[],"class_list":["post-11348","page","type-page","status-publish","hentry"],"_links":{"self":[{"href":"https:\/\/greencoolschools.eu\/de\/wp-json\/wp\/v2\/pages\/11348","targetHints":{"allow":["GET"]}}],"collection":[{"href":"https:\/\/greencoolschools.eu\/de\/wp-json\/wp\/v2\/pages"}],"about":[{"href":"https:\/\/greencoolschools.eu\/de\/wp-json\/wp\/v2\/types\/page"}],"author":[{"embeddable":true,"href":"https:\/\/greencoolschools.eu\/de\/wp-json\/wp\/v2\/users\/14"}],"replies":[{"embeddable":true,"href":"https:\/\/greencoolschools.eu\/de\/wp-json\/wp\/v2\/comments?post=11348"}],"version-history":[{"count":0,"href":"https:\/\/greencoolschools.eu\/de\/wp-json\/wp\/v2\/pages\/11348\/revisions"}],"up":[{"embeddable":true,"href":"https:\/\/greencoolschools.eu\/de\/wp-json\/wp\/v2\/pages\/8797"}],"wp:attachment":[{"href":"https:\/\/greencoolschools.eu\/de\/wp-json\/wp\/v2\/media?parent=11348"}],"wp:term":[{"taxonomy":"category","embeddable":true,"href":"https:\/\/greencoolschools.eu\/de\/wp-json\/wp\/v2\/categories?post=11348"},{"taxonomy":"post_tag","embeddable":true,"href":"https:\/\/greencoolschools.eu\/de\/wp-json\/wp\/v2\/tags?post=11348"},{"taxonomy":"language","embeddable":true,"href":"https:\/\/greencoolschools.eu\/de\/wp-json\/wp\/v2\/language?post=11348"},{"taxonomy":"agegroup","embeddable":true,"href":"https:\/\/greencoolschools.eu\/de\/wp-json\/wp\/v2\/agegroup?post=11348"},{"taxonomy":"material","embeddable":true,"href":"https:\/\/greencoolschools.eu\/de\/wp-json\/wp\/v2\/material?post=11348"},{"taxonomy":"topic","embeddable":true,"href":"https:\/\/greencoolschools.eu\/de\/wp-json\/wp\/v2\/topic?post=11348"},{"taxonomy":"folder","embeddable":true,"href":"https:\/\/greencoolschools.eu\/de\/wp-json\/wp\/v2\/folder?post=11348"}],"curies":[{"name":"wp","href":"https:\/\/api.w.org\/{rel}","templated":true}]}}